{"id":2031,"date":"2020-09-08T16:09:39","date_gmt":"2020-09-08T13:09:39","guid":{"rendered":"https:\/\/www.hostragons.com\/?page_id=2031"},"modified":"2024-09-26T17:52:04","modified_gmt":"2024-09-26T14:52:04","slug":"%e9%9a%90%e7%a7%81%e6%94%bf%e7%ad%96","status":"publish","type":"page","link":"https:\/\/www.hostragons.com\/zh\/%e9%9a%90%e7%a7%81%e6%94%bf%e7%ad%96\/","title":{"rendered":"\u9690\u79c1\u653f\u7b56"},"content":{"rendered":"<div data-elementor-type=\"wp-page\" data-elementor-id=\"2031\" class=\"elementor elementor-2031\" data-elementor-post-type=\"page\">\n\t\t\t\t\t\t<section class=\"elementor-section elementor-top-section elementor-element elementor-element-91e4b54 elementor-section-boxed elementor-section-height-default elementor-section-height-default\" data-id=\"91e4b54\" data-element_type=\"section\" data-e-type=\"section\">\n\t\t\t\t\t\t<div class=\"elementor-container elementor-column-gap-default\">\n\t\t\t\t\t<div class=\"elementor-column elementor-col-100 elementor-top-column elementor-element elementor-element-0774a31\" data-id=\"0774a31\" data-element_type=\"column\" data-e-type=\"column\">\n\t\t\t<div class=\"elementor-widget-wrap elementor-element-populated\">\n\t\t\t\t\t\t<div class=\"elementor-element elementor-element-830efa2 elementor-widget elementor-widget-text-editor\" data-id=\"830efa2\" data-element_type=\"widget\" data-e-type=\"widget\" data-widget_type=\"text-editor.default\">\n\t\t\t\t<div class=\"elementor-widget-container\">\n\t\t\t\t\t\t\t\t\t<p><strong>\u751f\u6548\/\u66f4\u65b0\u65e5\u671f\uff1a 05.08.2024<\/strong><\/p><p><strong>1. \u767b\u5f55<\/strong><\/p><p>Hostragons Global Limited\uff08\u4ee5\u4e0b\u7b80\u79f0\u201cHostragons\u201d\uff09\u975e\u5e38\u91cd\u89c6\u7528\u6237\u9690\u79c1\u548c\u4e2a\u4eba\u6570\u636e\u7684\u4fdd\u62a4\u3002\u672c\u9690\u79c1\u548cGDPR\u5408\u89c4\u653f\u7b56\u89e3\u91ca\u4e86\u5982\u4f55\u5728GDPR\u6846\u67b6\u4e0b\u6536\u96c6\u3001\u4f7f\u7528\u3001\u4fdd\u62a4\u548c\u7ba1\u7406\u4e2a\u4eba\u6570\u636e\u3002\u4f7f\u7528\u6211\u4eec\u7684\u7f51\u7ad9\u548c\u670d\u52a1\u5373\u8868\u793a\u60a8\u63a5\u53d7\u6b64\u653f\u7b56\u3002<\/p><p><strong>2. \u6570\u636e\u63a7\u5236\u8005\u548c\u4ee3\u8868<\/strong><\/p><p>Hostragons \u662f\u8d1f\u8d23\u4fdd\u62a4\u60a8\u4e2a\u4eba\u6570\u636e\u7684\u6570\u636e\u63a7\u5236\u8005\u3002\u6211\u4eec\u5728\u6b27\u76df\u7684\u4ee3\u8868\uff1a<\/p><ul><li><strong>\u6570\u636e\u4fdd\u62a4\u5b98\uff1a<\/strong> \u9b41\u5317\u514b\u9690\u79c1\u6cd5\u3002<\/li><\/ul><p><strong>3. \u6570\u636e\u5904\u7406\u7684\u57fa\u672c\u539f\u5219<\/strong><\/p><p>\u4f5c\u4e3a Hostragons\uff0c\u6211\u4eec\u9075\u5b88 GDPR \u8981\u6c42\u7684\u4ee5\u4e0b\u57fa\u672c\u539f\u5219\uff1a<\/p><ul><li class=\"translation-block\"><strong>\u900f\u660e\u5ea6\uff1a<\/strong> \u6211\u4eec\u4f1a\u660e\u786e\u8bf4\u660e\u5982\u4f55\u6536\u96c6\u548c\u5904\u7406\u60a8\u7684\u4e2a\u4eba\u6570\u636e\u3002<\/li><li class=\"translation-block\"><strong>\u51c6\u786e\u6027\uff1a<\/strong> \u6211\u4eec\u786e\u4fdd\u60a8\u7684\u6570\u636e\u51c6\u786e\u4e14\u4fdd\u6301\u6700\u65b0\u3002<\/li><li class=\"translation-block\"><strong>\u6700\u5c0f\u5316\uff1a<\/strong> \u6211\u4eec\u4ec5\u6536\u96c6\u548c\u5904\u7406\u5fc5\u8981\u7684\u6570\u636e\u3002<\/li><li class=\"translation-block\"><strong>\u5b58\u50a8\u9650\u5236\uff1a<\/strong> \u6211\u4eec\u4ec5\u5728\u5fc5\u8981\u7684\u65f6\u95f4\u5185\u4fdd\u5b58\u60a8\u7684\u6570\u636e\u3002<\/li><\/ul><p><strong>4. \u6536\u96c6\u5230\u7684\u4fe1\u606f<\/strong><\/p><p>Hostragons \u6536\u96c6\u4ee5\u4e0b\u4e2a\u4eba\u4fe1\u606f\uff1a<\/p><ul><li class=\"translation-block\"><strong>\u8eab\u4efd\u4fe1\u606f\uff1a<\/strong> \u59d3\u540d\u3001\u59d3\u6c0f\u3001\u5730\u5740\u3001\u7535\u8bdd\u53f7\u7801\u3001\u7535\u5b50\u90ae\u4ef6\u5730\u5740\u3002<\/li><li class=\"translation-block\"><strong>\u652f\u6255\u3044\u60c5\u5831:<\/strong> \u30af\u30ec\u30b8\u30c3\u30c8\u30ab\u30fc\u30c9\u60c5\u5831\u304a\u3088\u3073\u652f\u6255\u3044\u60c5\u5831\u3002<\/li><li class=\"translation-block\"><strong>\u6280\u672f\u6570\u636e\uff1a<\/strong> IP\u5730\u5740\u3001\u6d4f\u89c8\u5668\u7c7b\u578b\u3001\u64cd\u4f5c\u7cfb\u7edf\u3002<\/li><li class=\"translation-block\"><strong>\u7528\u6237\u884c\u4e3a\uff1a<\/strong> \u7528\u6237\u504f\u597d\u3001\u7f51\u7ad9\u4e0a\u7684\u6d3b\u52a8\u3002<\/li><\/ul><p><strong>5. \u4e2a\u4eba\u6570\u636e\u7684\u4f7f\u7528<\/strong><\/p><p>\u6536\u96c6\u7684\u4e2a\u4eba\u4fe1\u606f\u7528\u4e8e\u4ee5\u4e0b\u76ee\u7684\uff1a<\/p><ul><li>\u670d\u52a1\u7684\u63d0\u4f9b\u4e0e\u7ba1\u7406\u3002<\/li><li>\u5ba2\u6237\u652f\u6301\u670d\u52a1\u548c\u6c9f\u901a\u3002<\/li><li>\u8d26\u5355\u5904\u7406\u548c\u6cd5\u5f8b\u6587\u4ef6\u7684\u51c6\u5907\u3002<\/li><li>\u63d0\u5347\u6211\u4eec\u7f51\u7ad9\u7684\u6027\u80fd\u5e76\u6539\u5584\u7528\u6237\u4f53\u9a8c\u3002<\/li><li>\u786e\u4fdd\u9075\u5b88\u6cd5\u5f8b\u4e49\u52a1\u5e76\u634d\u536b\u6743\u5229\u3002<\/li><li>\u8425\u9500\u548c\u4fc3\u9500\u6d3b\u52a8\u3002<\/li><\/ul><p><strong>6. \u4e2a\u4eba\u6570\u636e\u7684\u4fdd\u5b58\u671f\u9650<\/strong><\/p><p>\u0939\u092e \u0906\u092a\u0915\u0947 \u0935\u094d\u092f\u0915\u094d\u0924\u093f\u0917\u0924 \u0921\u0947\u091f\u093e \u0915\u094b \u0915\u0947\u0935\u0932 \u0909\u0924\u0928\u0947 \u0938\u092e\u092f \u0924\u0915 \u0938\u0902\u0917\u094d\u0930\u0939\u0940\u0924 \u0915\u0930\u0924\u0947 \u0939\u0948\u0902 \u091c\u093f\u0924\u0928\u093e \u0915\u093f \u0939\u092e\u093e\u0930\u0947 \u092a\u094d\u0930\u0938\u0902\u0938\u094d\u0915\u0930\u0923 \u0909\u0926\u094d\u0926\u0947\u0936\u094d\u092f\u094b\u0902 \u0915\u0947 \u0932\u093f\u090f \u0906\u0935\u0936\u094d\u092f\u0915 \u0939\u0948\u0964 \u0906\u092a\u0915\u0947 \u0921\u0947\u091f\u093e \u0915\u094b \u0915\u093f\u0924\u0928\u0947 \u0938\u092e\u092f \u0924\u0915 \u0938\u0902\u0917\u094d\u0930\u0939\u0940\u0924 \u0915\u093f\u092f\u093e \u091c\u093e\u0924\u093e \u0939\u0948 \u0914\u0930 \u0907\u0938 \u0905\u0935\u0927\u093f \u0915\u094b \u0915\u0948\u0938\u0947 \u0928\u093f\u0930\u094d\u0927\u093e\u0930\u093f\u0924 \u0915\u093f\u092f\u093e \u091c\u093e\u0924\u093e \u0939\u0948, \u0907\u0938\u0915\u0947 \u092c\u093e\u0930\u0947 \u092e\u0947\u0902 \u0905\u0927\u093f\u0915 \u091c\u093e\u0928\u0928\u0947 \u0915\u0947 \u0932\u093f\u090f \u0906\u092a \u0939\u092e\u0938\u0947 \u0938\u0902\u092a\u0930\u094d\u0915 \u0915\u0930 \u0938\u0915\u0924\u0947 \u0939\u0948\u0902\u0964<\/p><p><strong>7. \u652f\u4ed8\u4fe1\u606f\u548c\u5b89\u5168<\/strong><\/p><ul><li>\u0906\u092a\u0915\u0947 \u0915\u094d\u0930\u0947\u0921\u093f\u091f \u0915\u093e\u0930\u094d\u0921 \u0914\u0930 \u092d\u0941\u0917\u0924\u093e\u0928 \u091c\u093e\u0928\u0915\u093e\u0930\u0940 256-\u092c\u093f\u091f SSL \u092a\u094d\u0930\u092e\u093e\u0923\u092a\u0924\u094d\u0930 \u091c\u0948\u0938\u0940 \u0938\u0941\u0930\u0915\u094d\u0937\u093e \u0909\u092a\u093e\u092f\u094b\u0902 \u0938\u0947 \u0938\u0941\u0930\u0915\u094d\u0937\u093f\u0924 \u0939\u0948\u0902\u0964<\/li><li>\u0906\u092a\u0915\u0940 \u0915\u093e\u0930\u094d\u0921 \u091c\u093e\u0928\u0915\u093e\u0930\u0940 \u090f\u0928\u094d\u0915\u094d\u0930\u093f\u092a\u094d\u091f\u0947\u0921 \u0930\u0942\u092a \u092e\u0947\u0902 \u092a\u094d\u0930\u0947\u0937\u093f\u0924 \u0915\u0940 \u091c\u093e\u0924\u0940 \u0939\u0948 \u0914\u0930 Hostragons \u0926\u094d\u0935\u093e\u0930\u093e \u0938\u0902\u0917\u094d\u0930\u0939\u0940\u0924 \u0928\u0939\u0940\u0902 \u0915\u0940 \u091c\u093e\u0924\u0940 \u0939\u0948\u0964<\/li><li>\u4f7f\u7528\u989d\u5916\u7684\u5b89\u5168\u5de5\u5177\u9632\u8303\u6f5c\u5728\u7684\u6076\u610f\u8f6f\u4ef6\u3002<\/li><\/ul><p><strong>8. Cookies \u548c\u8ddf\u8e2a\u6280\u672f<\/strong><\/p><p class=\"translation-block\">\u6211\u4eec\u5728\u7f51\u7ad9\u4e0a\u4f7f\u7528Cookies\u548c\u8ddf\u8e2a\u6280\u672f\uff0c\u4ee5\u6539\u5584\u7528\u6237\u4f53\u9a8c\u5e76\u4e86\u89e3\u6211\u4eec\u7684\u7f51\u7ad9\u5982\u4f55\u88ab\u4f7f\u7528\u3002\u6709\u5173Cookies\u4ee5\u53ca\u5982\u4f55\u7ba1\u7406\u7684\u66f4\u591a\u4fe1\u606f\uff0c\u8bf7\u8bbf\u95ee\u6211\u4eec\u7684<a href=\"https:\/\/www.hostragons.com\/zh\/cookie%e6%94%bf%e7%ad%96\/\" target=\"_new\" rel=\"noreferrer\">Cookies\u653f\u7b56<\/a>\u9875\u9762\u3002<\/p><p><strong>9. \u4e2a\u4eba\u6570\u636e\u7684\u5171\u4eab<\/strong><\/p><ul><li>\u60a8\u7684\u4e2a\u4eba\u6570\u636e\u4ec5\u4e0e\u63d0\u4f9b\u6211\u4eec\u670d\u52a1\u6240\u9700\u7684\u7b2c\u4e09\u65b9\u5171\u4eab\u3002<\/li><li>\u6211\u4eec<\/li><li>\u0924\u0940\u0938\u0930\u0947 \u092a\u0915\u094d\u0937\u094b\u0902 \u0915\u0947 \u0938\u093e\u0925 \u0921\u0947\u091f\u093e \u0938\u093e\u091d\u093e \u0915\u0930\u0928\u093e \u0915\u0947\u0935\u0932 \u0906\u092a\u0915\u0940 \u0938\u0939\u092e\u0924\u093f \u0938\u0947 \u0915\u093f\u092f\u093e \u091c\u093e\u090f\u0917\u093e\u0964<\/li><\/ul><p><strong>10. \u7528\u6237\u6743\u5229<\/strong><\/p><p>\u6839\u636e\u300a\u901a\u7528\u6570\u636e\u4fdd\u62a4\u6761\u4f8b\u300b\uff08GDPR\uff09\uff0c\u7528\u6237\u4eab\u6709\u4ee5\u4e0b\u6743\u5229\uff1a<\/p><ul><li>\u8bbf\u95ee\u3001\u66f4\u6b63\u6216\u5220\u9664\u4e2a\u4eba\u6570\u636e\u7684\u6743\u5229\u3002<\/li><li>\u53cd\u5bf9\u6570\u636e\u5904\u7406\u7684\u6743\u5229\u548c\u6570\u636e\u53ef\u643a\u5e26\u6743\u3002<\/li><li>\u968f\u65f6\u64a4\u56de\u540c\u610f\u7684\u6743\u5229\u3002<\/li><\/ul><p><strong>11. \u6570\u636e\u4fdd\u62a4\u5f71\u54cd\u8bc4\u4f30 (DPIA)<\/strong><\/p><p>\u5bf9\u4e8e\u9ad8\u98ce\u9669\u7684\u6570\u636e\u5904\u7406\u6d3b\u52a8\uff0c\u4f1a\u8fdb\u884c\u6570\u636e\u4fdd\u62a4\u5f71\u54cd\u8bc4\u4f30 (DPIA)\u3002\u60a8\u53ef\u4ee5\u8054\u7cfb\u6211\u4eec\u4e86\u89e3\u6709\u5173 DPIA \u6d41\u7a0b\u7684\u66f4\u591a\u4fe1\u606f\u3002<\/p><p><strong>12. \u56fd\u9645\u6570\u636e\u4f20\u8f93<\/strong><\/p><p>\u5728\u5c06\u60a8\u7684\u4e2a\u4eba\u6570\u636e\u8f6c\u79fb\u5230\u6b27\u76df\u4ee5\u5916\u65f6\uff0c\u6211\u4eec\u91c7\u53d6\u5fc5\u8981\u7684\u4fdd\u62a4\u63aa\u65bd\u3002\u5982\u9700\u4e86\u89e3\u66f4\u591a\u5173\u4e8e\u56fd\u9645\u6570\u636e\u4f20\u8f93\u7684\u4fe1\u606f\uff0c\u8bf7\u4e0e\u6211\u4eec\u8054\u7cfb\u3002<\/p><p><strong>13. \u6570\u636e\u6cc4\u9732\u901a\u77e5<\/strong><\/p><p>\u5728\u53d1\u751f\u6570\u636e\u6cc4\u9732\u7684\u60c5\u51b5\u4e0b\uff0c\u6211\u4eec\u4f1a\u7acb\u5373\u901a\u77e5\u4e3b\u7ba1\u90e8\u95e8\u548c\u53d7\u5f71\u54cd\u7684\u4e2a\u4eba\u3002\u5982\u9700\u4e86\u89e3\u6709\u5173\u6211\u4eec\u6570\u636e\u6cc4\u9732\u7a0b\u5e8f\u7684\u66f4\u591a\u4fe1\u606f\uff0c\u8bf7\u4e0e\u6211\u4eec\u8054\u7cfb\u3002<\/p><p><strong>14. \u5408\u540c\u53d8\u66f4<\/strong><\/p><p>\u672c\u653f\u7b56\u53ef\u80fd\u4f1a\u4e0d\u65f6\u66f4\u65b0\u3002\u4efb\u4f55\u53d8\u66f4\u5c06\u5728\u6b64\u9875\u9762\u4e0a\u53d1\u5e03\uff0c\u5e76\u6807\u660e\u751f\u6548\u65e5\u671f\u3002\u5efa\u8bae\u7528\u6237\u5b9a\u671f\u67e5\u770b\u6b64\u9875\u9762\uff0c\u4ee5\u4e86\u89e3\u4efb\u4f55\u53d8\u66f4\u3002<\/p>\t\t\t\t\t\t\t\t<\/div>\n\t\t\t\t<\/div>\n\t\t\t\t\t<\/div>\n\t\t<\/div>\n\t\t\t\t\t<\/div>\n\t\t<\/section>\n\t\t\t\t<\/div>","protected":false},"excerpt":{"rendered":"<p>Y\u00fcr\u00fcrl\u00fck\/G\u00fcncelleme Tarihi: 05.08.2024 1. Giri\u015f Hostragons Global Limited (&#8220;Hostragons&#8221; olarak an\u0131lacakt\u0131r), kullan\u0131c\u0131lar\u0131m\u0131z\u0131n gizlili\u011fini ve ki\u015fisel verilerinin korunmas\u0131n\u0131 ciddiye al\u0131r. Bu Gizlilik ve GDPR Uyum Politikas\u0131, ki\u015fisel verilerin nas\u0131l topland\u0131\u011f\u0131n\u0131, kullan\u0131ld\u0131\u011f\u0131n\u0131, korundu\u011funu ve GDPR kapsam\u0131nda nas\u0131l y\u00f6netildi\u011fini a\u00e7\u0131klar. Web sitemizi ve hizmetlerimizi kullanarak, bu politikay\u0131 kabul etmi\u015f say\u0131l\u0131rs\u0131n\u0131z. 2. Veri Sorumlusu ve Temsilcisi Hostragons, ki\u015fisel verilerinizi [&hellip;]<\/p>\n","protected":false},"author":94,"featured_media":7854,"parent":0,"menu_order":0,"comment_status":"closed","ping_status":"closed","template":"","meta":{"googlesitekit_rrm_CAow5YvFDA:productID":"","footnotes":""},"class_list":["post-2031","page","type-page","status-publish","has-post-thumbnail","hentry"],"_links":{"self":[{"href":"https:\/\/www.hostragons.com\/zh\/wp-json\/wp\/v2\/pages\/2031","targetHints":{"allow":["GET"]}}],"collection":[{"href":"https:\/\/www.hostragons.com\/zh\/wp-json\/wp\/v2\/pages"}],"about":[{"href":"https:\/\/www.hostragons.com\/zh\/wp-json\/wp\/v2\/types\/page"}],"author":[{"embeddable":true,"href":"https:\/\/www.hostragons.com\/zh\/wp-json\/wp\/v2\/users\/94"}],"replies":[{"embeddable":true,"href":"https:\/\/www.hostragons.com\/zh\/wp-json\/wp\/v2\/comments?post=2031"}],"version-history":[{"count":0,"href":"https:\/\/www.hostragons.com\/zh\/wp-json\/wp\/v2\/pages\/2031\/revisions"}],"wp:featuredmedia":[{"embeddable":true,"href":"https:\/\/www.hostragons.com\/zh\/wp-json\/wp\/v2\/media\/7854"}],"wp:attachment":[{"href":"https:\/\/www.hostragons.com\/zh\/wp-json\/wp\/v2\/media?parent=2031"}],"curies":[{"name":"\u53ef\u6e7f\u6027\u7c89\u5242","href":"https:\/\/api.w.org\/{rel}","templated":true}]}}