{"id":2585,"date":"2020-10-28T23:34:02","date_gmt":"2020-10-28T20:34:02","guid":{"rendered":"https:\/\/www.hostragons.com\/?page_id=2585"},"modified":"2025-12-21T13:54:57","modified_gmt":"2025-12-21T13:54:57","slug":"luu-tru-mien-phi","status":"publish","type":"page","link":"https:\/\/www.hostragons.com\/vi\/luu-tru-mien-phi\/","title":{"rendered":"L\u01b0u tr\u1eef Mi\u1ec5n ph\u00ed"},"content":{"rendered":"\t\t<div data-elementor-type=\"wp-page\" data-elementor-id=\"2585\" class=\"elementor elementor-2585\" data-elementor-post-type=\"page\">\n\t\t\t\t\t\t<section class=\"elementor-section elementor-top-section elementor-element elementor-element-d35cc6d elementor-section-height-min-height elementor-section-boxed elementor-section-height-default elementor-section-items-middle\" data-id=\"d35cc6d\" data-element_type=\"section\" data-e-type=\"section\">\n\t\t\t\t\t\t<div class=\"elementor-container elementor-column-gap-default\">\n\t\t\t\t\t<div class=\"elementor-column elementor-col-50 elementor-top-column elementor-element elementor-element-46fa351\" data-id=\"46fa351\" data-element_type=\"column\" data-e-type=\"column\">\n\t\t\t<div class=\"elementor-widget-wrap elementor-element-populated\">\n\t\t\t\t\t\t<div class=\"elementor-element elementor-element-17b93b0 elementor-widget elementor-widget-wdes-section-header-widget\" data-id=\"17b93b0\" data-element_type=\"widget\" data-e-type=\"widget\" data-widget_type=\"wdes-section-header-widget.default\">\n\t\t\t\t<div class=\"elementor-widget-container\">\n\t\t\t\t\t<section class=\"widget-content wdes-widget-section-header\"><div class=\"wdes-widget-inner wdes-text-align-left \"><h1 class=\"wdes-section-header-primary\">\u00dccretsiz Alan Ad\u0131 ve Hosting<\/h1><div class=\"wdes-section-header-description\"><p>Hostragons olarak sizlere \u00fccretsiz hosting servisimizi sunuyoruz. Bunun yan\u0131 s\u0131ra \u00fccretsiz alan adlar\u0131n\u0131da sahip olabiliyorsunuz.<\/p><\/div><\/div><\/section>\t\t\t\t<\/div>\n\t\t\t\t<\/div>\n\t\t\t\t<div class=\"elementor-element elementor-element-601b486 wdes-domain-classy elementor-widget__width-initial elementor-widget elementor-widget-wdes-forms-widget\" data-id=\"601b486\" data-element_type=\"widget\" data-e-type=\"widget\" data-widget_type=\"wdes-forms-widget.default\">\n\t\t\t\t<div class=\"elementor-widget-container\">\n\t\t\t\t\t        <div class=\"domain-element-wdes\">\n            <div id=\"wdes-domain-search\">\n\n                <!-- Domain Tabs Controllers -->\n                \n\n                <!-- Tab Content -->\n                <div class=\"tab-content\" id=\"nav-tabContent\">\n                    <!-- Domain Search -->\n                    <div class=\"tab-pane fade show active\" id=\"domain-search\" role=\"tabpanel\" aria-labelledby=\"list-domain-search\">\n                        <form id=\"wdes-domain-form\" class=\"domain-search-area-main\" method=\"post\" action=\"https:\/\/my.hostragons.com\/domainchecker.php\" data-setting=\"{&quot;spinnerIcon&quot;:&quot;fas fa-circle-notch&quot;,&quot;suggestionsSpinnerIcon&quot;:&quot;fas fa-circle-notch&quot;,&quot;whois_button&quot;:&quot;yes&quot;,&quot;transfer_button&quot;:&quot;&quot;,&quot;nameProperty&quot;:&quot;domain&quot;}\">\n                            <div class=\"domain-form-wrapper\">\n                                <div class=\"wdes-domain-input-wrapper\">\n                                                                        <input type=\"hidden\" name=\"token\" value=\"0811bf819565bf8142cc613d099e85a27ec1204c\"\/>\n                                    <input id=\"wdes-domain\" class=\"sea-dom\" type=\"search\" name=\"domain\" placeholder=\"hostragons.tk\"\/>\n\n                                    \n                                    <input type=\"hidden\" id=\"wdes_lup\" name=\"wdes_lup\" value=\"lup-1\"\/>\n                                <\/div>\n                                                                    <input id=\"wdes-search\" class=\"reg-dom\" type=\"submit\" value=\"Sorgula\"\/>\n                                \n                                \n                            <\/div>\n                            <div id=\"dc-error-message-invalid\" class=\"wdes-domain-invalid-message d-none\">\n                                <i class=\"fas fa-exclamation-circle\"><\/i>\n                                <p class=\"text-h-warning\">Invalid domain name<\/p>\n                            <\/div>\n\n                            <div id=\"dc-error-message-unsupported\" class=\"d-none\">\n                                <i class=\"fas fa-exclamation-circle\"><\/i>\n                                <p class=\"text-h-warning\">We are not support this extension<\/p>\n                            <\/div>\n\n                            <div class=\"extensions-block\">\n                                \n                                                                                                                                                                <a href=\"#\" class=\"block elementor-repeater-item-2e07f4a \">\n                                                \n                                                                                                                                                                        <span class=\"domain-ext-name\">.tk<\/span>\n                                                                                                                                                                                                                    <div class=\"price-extention-domain-wdes\">\n                                                                                                                    <span class=\"dollar-sign-wdes \">&#036;<\/span>\n                                                            <span class=\"direct-price-extention-domain-wdes \">0<\/span>\n                                                                                                            <\/div>\n                                                                                            <\/a>\n                                                                                                                                                    \n                                                                                                                                                                <a href=\"#\" class=\"block elementor-repeater-item-8f3c65e \">\n                                                \n                                                                                                                                                                        <span class=\"domain-ext-name\">.cf<\/span>\n                                                                                                                                                                                                                    <div class=\"price-extention-domain-wdes\">\n                                                                                                                    <span class=\"dollar-sign-wdes \">&#036;<\/span>\n                                                            <span class=\"direct-price-extention-domain-wdes \">0<\/span>\n                                                                                                            <\/div>\n                                                                                            <\/a>\n                                                                                                                                                    \n                                                                                                                                                                <a href=\"#\" class=\"block elementor-repeater-item-61ab818 \">\n                                                \n                                                                                                                                                                        <span class=\"domain-ext-name\">.ml<\/span>\n                                                                                                                                                                                                                    <div class=\"price-extention-domain-wdes\">\n                                                                                                                    <span class=\"dollar-sign-wdes \">&#036;<\/span>\n                                                            <span class=\"direct-price-extention-domain-wdes \">0<\/span>\n                                                                                                            <\/div>\n                                                                                            <\/a>\n                                                                                                                                                    \n                                                                                                                                                                <a href=\"#\" class=\"block elementor-repeater-item-0b0d9bc \">\n                                                \n                                                                                                                                                                        <span class=\"domain-ext-name\">.ga<\/span>\n                                                                                                                                                                                                                    <div class=\"price-extention-domain-wdes\">\n                                                                                                                    <span class=\"dollar-sign-wdes \">&#036;<\/span>\n                                                            <span class=\"direct-price-extention-domain-wdes \">0<\/span>\n                                                                                                            <\/div>\n                                                                                            <\/a>\n                                                                                                                                                    \n                                                                                                                                                                <a href=\"#\" class=\"block elementor-repeater-item-228f681 \">\n                                                \n                                                                                                                                                                        <span class=\"domain-ext-name\">.cq<\/span>\n                                                                                                                                                                                                                    <div class=\"price-extention-domain-wdes\">\n                                                                                                                    <span class=\"dollar-sign-wdes \">&#036;<\/span>\n                                                            <span class=\"direct-price-extention-domain-wdes \">0<\/span>\n                                                                                                            <\/div>\n                                                                                            <\/a>\n                                                                                                                                                                                <\/div>\n\n                            \n                            <div id=\"preloader-resource\" data-priority-tlds='[{\"tld\":\"domain-tk\",\"price\":\"&#36;0\"},{\"tld\":\"domain-cf\",\"price\":\"&#36;0\"},{\"tld\":\"domain-ml\",\"price\":\"&#36;0\"},{\"tld\":\"domain-ga\",\"price\":\"&#36;0\"},{\"tld\":\"domain-cq\",\"price\":\"&#36;0\"}]' data-priority-local-tlds='[]'><\/div>\n                            <!-- Result section-->\n                            <div id=\"wdes-domain-results\" class=\"domain-results-box\">\n                                <!-- Modal -->\n                                <div id=\"wdesDomainWhois\" class=\"modal micromodal-slide\" aria-hidden=\"true\">\n                                    <div class=\"modal__overlay\" tabindex=\"-1\" data-micromodal-close>\n                                        <div class=\"modal__container\" role=\"dialog\" aria-modal=\"true\" aria-labelledby=\"wdesDomainWhois-title\">\n                                            <header class=\"modal__header\">\n                                                <h2 class=\"modal__title\" id=\"wdesDomainWhoisLabel\">Domain Whois Lookup<\/h2>\n                                                <button class=\"modal__close\" data-micromodal-close aria-label=\"Close this dialog window\"><\/button>\n                                            <\/header>\n                                            <main class=\"modal__content\" id=\"wdesDomainWhois-content\"><\/main>\n                                        <\/div>\n                                    <\/div>\n                                <\/div>\n                            <\/div>\n\n                            <\/form><\/div><\/div><\/div><\/div><\/div><\/div><\/div><\/div><\/div><\/section><\/div> <a href=\"https:\/\/www.hostragons.com\/vi\/luu-tru-mien-phi\/#more-2585\" class=\"more-link elementor-more-link\"><span aria-label=\"Ti\u1ebfp t\u1ee5c \u0111\u1ecdc \u00dccretsiz Hosting\">option section<\/span><\/a>","protected":false},"excerpt":{"rendered":"<p>T\u00ean mi\u1ec1n v\u00e0 d\u1ecbch v\u1ee5 l\u01b0u tr\u1eef mi\u1ec5n ph\u00ed L\u00e0 Hostragons, ch\u00fang t\u00f4i cung c\u1ea5p cho b\u1ea1n d\u1ecbch v\u1ee5 l\u01b0u tr\u1eef mi\u1ec5n ph\u00ed. Ngo\u00e0i ra, b\u1ea1n c\u0169ng c\u00f3 th\u1ec3 c\u00f3 t\u00ean mi\u1ec1n mi\u1ec5n ph\u00ed. T\u00ean mi\u1ec1n kh\u00f4ng h\u1ee3p l\u1ec7 Ch\u00fang t\u00f4i kh\u00f4ng h\u1ed7 tr\u1ee3 ti\u1ec7n \u00edch m\u1edf r\u1ed9ng n\u00e0y .tk $ 0 .cf $ 0 .ml $ 0 .ga $ 0 .cq $ 0 Tra c\u1ee9u t\u00ean mi\u1ec1n Whois<\/p>","protected":false},"author":94,"featured_media":7867,"parent":0,"menu_order":0,"comment_status":"closed","ping_status":"closed","template":"","meta":{"googlesitekit_rrm_CAow5YvFDA:productID":"","footnotes":""},"class_list":["post-2585","page","type-page","status-publish","has-post-thumbnail","hentry"],"_links":{"self":[{"href":"https:\/\/www.hostragons.com\/vi\/wp-json\/wp\/v2\/pages\/2585","targetHints":{"allow":["GET"]}}],"collection":[{"href":"https:\/\/www.hostragons.com\/vi\/wp-json\/wp\/v2\/pages"}],"about":[{"href":"https:\/\/www.hostragons.com\/vi\/wp-json\/wp\/v2\/types\/page"}],"author":[{"embeddable":true,"href":"https:\/\/www.hostragons.com\/vi\/wp-json\/wp\/v2\/users\/94"}],"replies":[{"embeddable":true,"href":"https:\/\/www.hostragons.com\/vi\/wp-json\/wp\/v2\/comments?post=2585"}],"version-history":[{"count":1,"href":"https:\/\/www.hostragons.com\/vi\/wp-json\/wp\/v2\/pages\/2585\/revisions"}],"predecessor-version":[{"id":21562,"href":"https:\/\/www.hostragons.com\/vi\/wp-json\/wp\/v2\/pages\/2585\/revisions\/21562"}],"wp:featuredmedia":[{"embeddable":true,"href":"https:\/\/www.hostragons.com\/vi\/wp-json\/wp\/v2\/media\/7867"}],"wp:attachment":[{"href":"https:\/\/www.hostragons.com\/vi\/wp-json\/wp\/v2\/media?parent=2585"}],"curies":[{"name":"wp","href":"https:\/\/api.w.org\/{rel}","templated":true}]}}