{"id":2358,"date":"2020-10-02T08:03:18","date_gmt":"2020-10-02T05:03:18","guid":{"rendered":"https:\/\/www.hostragons.com\/?page_id=2358"},"modified":"2025-03-25T09:07:38","modified_gmt":"2025-03-25T09:07:38","slug":"chinh-sach-cookie","status":"publish","type":"page","link":"https:\/\/www.hostragons.com\/vi\/chinh-sach-cookie\/","title":{"rendered":"Ch\u00ednh s\u00e1ch cookie"},"content":{"rendered":"<div data-elementor-type=\"wp-page\" data-elementor-id=\"2358\" class=\"elementor elementor-2358\" data-elementor-post-type=\"page\">\n\t\t\t\t\t\t<section class=\"elementor-section elementor-top-section elementor-element elementor-element-9da5eda elementor-section-boxed elementor-section-height-default elementor-section-height-default\" data-id=\"9da5eda\" data-element_type=\"section\" data-e-type=\"section\">\n\t\t\t\t\t\t<div class=\"elementor-container elementor-column-gap-default\">\n\t\t\t\t\t<div class=\"elementor-column elementor-col-100 elementor-top-column elementor-element elementor-element-a7228de\" data-id=\"a7228de\" data-element_type=\"column\" data-e-type=\"column\">\n\t\t\t<div class=\"elementor-widget-wrap elementor-element-populated\">\n\t\t\t\t\t\t<div class=\"elementor-element elementor-element-8bde4d6 elementor-widget elementor-widget-text-editor\" data-id=\"8bde4d6\" data-element_type=\"widget\" data-e-type=\"widget\" data-widget_type=\"text-editor.default\">\n\t\t\t\t<div class=\"elementor-widget-container\">\n\t\t\t\t\t\t\t\t\t<p><strong>Ng\u00e0y hi\u1ec7u l\u1ef1c\/C\u1eadp nh\u1eadt:<\/strong> 05.08.2024<\/p><p><strong>1. Cookie l\u00e0 g\u00ec?<\/strong><\/p><p>Cookie l\u00e0 c\u00e1c t\u1ec7p d\u1eef li\u1ec7u nh\u1ecf \u0111\u01b0\u1ee3c g\u1eedi \u0111\u1ebfn tr\u00ecnh duy\u1ec7t c\u1ee7a b\u1ea1n b\u1edfi c\u00e1c trang web v\u00e0 l\u01b0u tr\u1eef tr\u00ean thi\u1ebft b\u1ecb c\u1ee7a b\u1ea1n. C\u00e1c t\u1ec7p n\u00e0y cho ph\u00e9p tr\u00ecnh duy\u1ec7t c\u1ee7a b\u1ea1n nh\u1eadn ra trang web khi b\u1ea1n truy c\u1eadp l\u1ea1i v\u00e0 c\u00e1 nh\u00e2n h\u00f3a tr\u1ea3i nghi\u1ec7m ng\u01b0\u1eddi d\u00f9ng c\u1ee7a b\u1ea1n b\u1eb1ng c\u00e1ch nh\u1edb c\u00e1c s\u1edf th\u00edch t\u1eeb c\u00e1c l\u1ea7n truy c\u1eadp tr\u01b0\u1edbc \u0111\u00f3.<\/p><p><strong>Cookie \u0111\u01b0\u1ee3c s\u1eed d\u1ee5ng \u0111\u1ec3 c\u1ea3i thi\u1ec7n tr\u1ea3i nghi\u1ec7m ng\u01b0\u1eddi d\u00f9ng, ghi nh\u1edb c\u00e1c t\u00f9y ch\u1ecdn c\u1ee7a b\u1ea1n v\u00e0 theo d\u00f5i hi\u1ec7u su\u1ea5t trang web.<\/strong><\/p><p>Hostragons s\u1eed d\u1ee5ng cookies cho c\u00e1c m\u1ee5c \u0111\u00edch sau:<\/p><ul><li class=\"translation-block\"><strong>Cookie c\u1ea7n thi\u1ebft:<\/strong> \u0110\u00e2y l\u00e0 nh\u1eefng cookie thi\u1ebft y\u1ebfu \u0111\u1ec3 trang web ho\u1ea1t \u0111\u1ed9ng c\u01a1 b\u1ea3n.<\/li><li><strong>Cookie hi\u1ec7u su\u1ea5t:<\/strong> N\u00f3 \u0111\u01b0\u1ee3c s\u1eed d\u1ee5ng \u0111\u1ec3 theo d\u00f5i v\u00e0 c\u1ea3i thi\u1ec7n hi\u1ec7u su\u1ea5t c\u1ee7a trang web.<\/li><li class=\"translation-block\"><strong>Cookie ch\u1ee9c n\u0103ng:<\/strong> Nh\u1eefng cookie n\u00e0y nh\u1edb c\u00e1c t\u00f9y ch\u1ecdn c\u1ee7a ng\u01b0\u1eddi d\u00f9ng v\u00e0 cung c\u1ea5p tr\u1ea3i nghi\u1ec7m c\u00e1 nh\u00e2n h\u00f3a.<\/li><li class=\"translation-block\"><strong>Cookie Qu\u1ea3ng c\u00e1o v\u00e0 Ti\u1ebfp th\u1ecb:<\/strong> \u0110\u01b0\u1ee3c s\u1eed d\u1ee5ng \u0111\u1ec3 cung c\u1ea5p n\u1ed9i dung v\u00e0 qu\u1ea3ng c\u00e1o li\u00ean quan \u0111\u1ebfn s\u1edf th\u00edch c\u1ee7a b\u1ea1n.<\/li><\/ul><p><strong>Cookie cho ph\u00e9p c\u00e1c trang web l\u01b0u c\u00e1c t\u1ec7p d\u1eef li\u1ec7u nh\u1ecf tr\u00ean thi\u1ebft b\u1ecb c\u1ee7a b\u1ea1n.<\/strong><\/p><p>M\u1ed9t s\u1ed1 cookie tr\u00ean trang web c\u1ee7a ch\u00fang t\u00f4i \u0111\u01b0\u1ee3c qu\u1ea3n l\u00fd b\u1edfi c\u00e1c nh\u00e0 cung c\u1ea5p d\u1ecbch v\u1ee5 b\u00ean th\u1ee9 ba. Nh\u1eefng cookie n\u00e0y \u0111\u01b0\u1ee3c s\u1eed d\u1ee5ng cho c\u00e1c d\u1ecbch v\u1ee5 qu\u1ea3ng c\u00e1o v\u00e0 ph\u00e2n t\u00edch v\u00e0 tu\u00e2n theo c\u00e1c ch\u00ednh s\u00e1ch quy\u1ec1n ri\u00eang t\u01b0 c\u1ee7a c\u00e1c b\u00ean th\u1ee9 ba n\u00e0y. \u0110\u1ec3 bi\u1ebft th\u00eam th\u00f4ng tin v\u1ec1 vi\u1ec7c s\u1eed d\u1ee5ng cookie c\u1ee7a b\u00ean th\u1ee9 ba, ch\u00fang t\u00f4i khuy\u1ebfn ngh\u1ecb b\u1ea1n xem l\u1ea1i c\u00e1c ch\u00ednh s\u00e1ch quy\u1ec1n ri\u00eang t\u01b0 c\u1ee7a c\u00e1c nh\u00e0 cung c\u1ea5p d\u1ecbch v\u1ee5 n\u00e0y.<\/p><p><strong>B\u1ea1n c\u00f3 th\u1ec3 qu\u1ea3n l\u00fd ho\u1eb7c x\u00f3a cookie c\u1ee7a m\u00ecnh th\u00f4ng qua c\u00e0i \u0111\u1eb7t tr\u00ecnh duy\u1ec7t.<\/strong><\/p><p>B\u1ea1n c\u00f3 th\u1ec3 qu\u1ea3n l\u00fd, ch\u1ea5p nh\u1eadn ho\u1eb7c t\u1eeb ch\u1ed1i cookie t\u1eeb c\u00e0i \u0111\u1eb7t tr\u00ecnh duy\u1ec7t c\u1ee7a m\u00ecnh. Ngo\u00e0i ra, b\u1ea1n c\u00f3 th\u1ec3 x\u00f3a c\u00e1c cookie \u0111\u00e3 \u0111\u01b0\u1ee3c l\u01b0u tr\u1eef tr\u01b0\u1edbc \u0111\u00f3 tr\u00ean tr\u00ecnh duy\u1ec7t c\u1ee7a m\u00ecnh. \u0110\u1ec3 bi\u1ebft th\u00eam th\u00f4ng tin v\u1ec1 c\u00e1ch qu\u1ea3n l\u00fd cookie, vui l\u00f2ng tham kh\u1ea3o h\u01b0\u1edbng d\u1eabn c\u1ee5 th\u1ec3 cho tr\u00ecnh duy\u1ec7t c\u1ee7a b\u1ea1n:<\/p><ul><li><a target=\"_new\" rel=\"noreferrer\">Google Chrome<\/a><\/li><li><a href=\"https:\/\/support.mozilla.org\/tr\/kb\/cerezleri-silme\" target=\"_new\" rel=\"noreferrer noopener\">Mozilla Firefox<\/a><\/li><li><a href=\"https:\/\/support.apple.com\/tr-tr\/guide\/safari\/sfri11471\/mac\" target=\"_new\" rel=\"noreferrer noopener\">Safari<\/a><\/li><li><a href=\"https:\/\/support.microsoft.com\/tr-tr\/help\/4027947\/microsoft-edge-delete-cookies\" target=\"_new\" rel=\"noreferrer noopener\">Microsoft Edge<\/a><\/li><\/ul><p><strong>Nh\u1eefng thay \u0111\u1ed5i trong ch\u00ednh s\u00e1ch cookie c\u1ee7a ch\u00fang t\u00f4i s\u1ebd \u0111\u01b0\u1ee3c c\u00f4ng b\u1ed1 tr\u00ean trang n\u00e0y.<\/strong><\/p><p>Hostragons c\u00f3 quy\u1ec1n thay \u0111\u1ed5i ch\u00ednh s\u00e1ch cookie c\u1ee7a m\u00ecnh. C\u00e1c thay \u0111\u1ed5i trong ch\u00ednh s\u00e1ch c\u1ee7a ch\u00fang t\u00f4i s\u1ebd \u0111\u01b0\u1ee3c c\u1eadp nh\u1eadt v\u00e0 c\u00f3 hi\u1ec7u l\u1ef1c tr\u00ean trang n\u00e0y. Ch\u00fang t\u00f4i khuy\u00ean ng\u01b0\u1eddi d\u00f9ng th\u01b0\u1eddng xuy\u00ean ki\u1ec3m tra trang n\u00e0y \u0111\u1ec3 c\u1eadp nh\u1eadt th\u00f4ng tin v\u1ec1 b\u1ea5t k\u1ef3 thay \u0111\u1ed5i n\u00e0o.<\/p><p><strong>Li\u00ean h\u1ec7<\/strong><\/p><p>N\u1ebfu b\u1ea1n c\u00f3 b\u1ea5t k\u1ef3 c\u00e2u h\u1ecfi n\u00e0o v\u1ec1 ch\u00ednh s\u00e1ch cookie n\u00e0y, b\u1ea1n c\u00f3 th\u1ec3 li\u00ean h\u1ec7 v\u1edbi ch\u00fang t\u00f4i. <a rel=\"noreferrer\">hello@hostragons.com<\/a> B\u1ea1n c\u00f3 th\u1ec3 li\u00ean h\u1ec7 v\u1edbi ch\u00fang t\u00f4i t\u1ea1i.<\/p>\t\t\t\t\t\t\t\t<\/div>\n\t\t\t\t<\/div>\n\t\t\t\t\t<\/div>\n\t\t<\/div>\n\t\t\t\t\t<\/div>\n\t\t<\/section>\n\t\t\t\t<\/div>","protected":false},"excerpt":{"rendered":"<p>Y\u00fcr\u00fcrl\u00fck\/G\u00fcncelleme Tarihi: 05.08.2024 1. \u00c7erez (Cookie) Nedir? \u00c7erezler, web siteleri taraf\u0131ndan taray\u0131c\u0131n\u0131za g\u00f6nderilen ve cihaz\u0131n\u0131zda depolanan k\u00fc\u00e7\u00fck veri dosyalar\u0131d\u0131r. Bu dosyalar, siteyi tekrar ziyaret etti\u011finizde taray\u0131c\u0131n\u0131z\u0131n web sitesini tan\u0131mas\u0131n\u0131 sa\u011flar ve \u00f6nceki ziyaretlerinizdeki tercihlerinizi hat\u0131rlayarak kullan\u0131c\u0131 deneyiminizi ki\u015fiselle\u015ftirir. 2. \u00c7erezlerin Kullan\u0131m Ama\u00e7lar\u0131 Hostragons, a\u015fa\u011f\u0131daki ama\u00e7lar do\u011frultusunda \u00e7erezleri kullan\u0131r: Zorunlu \u00c7erezler: Sitenin temel i\u015flevlerini yerine getirebilmesi [&hellip;]<\/p>\n","protected":false},"author":94,"featured_media":7852,"parent":0,"menu_order":0,"comment_status":"closed","ping_status":"closed","template":"","meta":{"googlesitekit_rrm_CAow5YvFDA:productID":"","footnotes":""},"class_list":["post-2358","page","type-page","status-publish","has-post-thumbnail","hentry"],"_links":{"self":[{"href":"https:\/\/www.hostragons.com\/vi\/wp-json\/wp\/v2\/pages\/2358","targetHints":{"allow":["GET"]}}],"collection":[{"href":"https:\/\/www.hostragons.com\/vi\/wp-json\/wp\/v2\/pages"}],"about":[{"href":"https:\/\/www.hostragons.com\/vi\/wp-json\/wp\/v2\/types\/page"}],"author":[{"embeddable":true,"href":"https:\/\/www.hostragons.com\/vi\/wp-json\/wp\/v2\/users\/94"}],"replies":[{"embeddable":true,"href":"https:\/\/www.hostragons.com\/vi\/wp-json\/wp\/v2\/comments?post=2358"}],"version-history":[{"count":0,"href":"https:\/\/www.hostragons.com\/vi\/wp-json\/wp\/v2\/pages\/2358\/revisions"}],"wp:featuredmedia":[{"embeddable":true,"href":"https:\/\/www.hostragons.com\/vi\/wp-json\/wp\/v2\/media\/7852"}],"wp:attachment":[{"href":"https:\/\/www.hostragons.com\/vi\/wp-json\/wp\/v2\/media?parent=2358"}],"curies":[{"name":"wp","href":"https:\/\/api.w.org\/{rel}","templated":true}]}}