{"id":2031,"date":"2020-09-08T16:09:39","date_gmt":"2020-09-08T13:09:39","guid":{"rendered":"https:\/\/www.hostragons.com\/?page_id=2031"},"modified":"2024-09-26T17:52:04","modified_gmt":"2024-09-26T14:52:04","slug":"chinh-sach-bao-mat","status":"publish","type":"page","link":"https:\/\/www.hostragons.com\/vi\/chinh-sach-bao-mat\/","title":{"rendered":"Ch\u00ednh s\u00e1ch b\u1ea3o m\u1eadt"},"content":{"rendered":"<div data-elementor-type=\"wp-page\" data-elementor-id=\"2031\" class=\"elementor elementor-2031\" data-elementor-post-type=\"page\">\n\t\t\t\t\t\t<section class=\"elementor-section elementor-top-section elementor-element elementor-element-91e4b54 elementor-section-boxed elementor-section-height-default elementor-section-height-default\" data-id=\"91e4b54\" data-element_type=\"section\" data-e-type=\"section\">\n\t\t\t\t\t\t<div class=\"elementor-container elementor-column-gap-default\">\n\t\t\t\t\t<div class=\"elementor-column elementor-col-100 elementor-top-column elementor-element elementor-element-0774a31\" data-id=\"0774a31\" data-element_type=\"column\" data-e-type=\"column\">\n\t\t\t<div class=\"elementor-widget-wrap elementor-element-populated\">\n\t\t\t\t\t\t<div class=\"elementor-element elementor-element-830efa2 elementor-widget elementor-widget-text-editor\" data-id=\"830efa2\" data-element_type=\"widget\" data-e-type=\"widget\" data-widget_type=\"text-editor.default\">\n\t\t\t\t<div class=\"elementor-widget-container\">\n\t\t\t\t\t\t\t\t\t<p><strong>Ng\u00e0y hi\u1ec7u l\u1ef1c\/C\u1eadp nh\u1eadt: 05.08.2024<\/strong><\/p><p><strong>1. \u0110\u0103ng nh\u1eadp<\/strong><\/p><p>C\u00f4ng ty Hostragons Global Limited (\u201cHostragons\u201d) coi tr\u1ecdng quy\u1ec1n ri\u00eang t\u01b0 v\u00e0 b\u1ea3o v\u1ec7 d\u1eef li\u1ec7u c\u00e1 nh\u00e2n c\u1ee7a ng\u01b0\u1eddi d\u00f9ng. Ch\u00ednh s\u00e1ch B\u1ea3o m\u1eadt v\u00e0 Tu\u00e2n th\u1ee7 GDPR n\u00e0y gi\u1ea3i th\u00edch c\u00e1ch d\u1eef li\u1ec7u c\u00e1 nh\u00e2n \u0111\u01b0\u1ee3c thu th\u1eadp, s\u1eed d\u1ee5ng, b\u1ea3o v\u1ec7 v\u00e0 qu\u1ea3n l\u00fd theo quy \u0111\u1ecbnh c\u1ee7a GDPR. Khi s\u1eed d\u1ee5ng trang web v\u00e0 d\u1ecbch v\u1ee5 c\u1ee7a ch\u00fang t\u00f4i, b\u1ea1n \u0111\u01b0\u1ee3c coi l\u00e0 \u0111\u00e3 ch\u1ea5p nh\u1eadn ch\u00ednh s\u00e1ch n\u00e0y.<\/p><p><strong>2. Ng\u01b0\u1eddi Qu\u1ea3n l\u00fd D\u1eef li\u1ec7u v\u00e0 \u0110\u1ea1i di\u1ec7n<\/strong><\/p><p>Hostragons l\u00e0 \u0111\u01a1n v\u1ecb qu\u1ea3n l\u00fd d\u1eef li\u1ec7u ch\u1ecbu tr\u00e1ch nhi\u1ec7m b\u1ea3o v\u1ec7 d\u1eef li\u1ec7u c\u00e1 nh\u00e2n c\u1ee7a b\u1ea1n. \u0110\u1ea1i di\u1ec7n c\u1ee7a ch\u00fang t\u00f4i t\u1ea1i Li\u00ean minh Ch\u00e2u \u00c2u:<\/p><ul><li><strong>Nh\u00e2n vi\u00ean b\u1ea3o v\u1ec7 d\u1eef li\u1ec7u:<\/strong> \u0110\u1ea1o lu\u1eadt quy\u1ec1n ri\u00eang t\u01b0 Quebec.<\/li><\/ul><p><strong>3. Nguy\u00ean t\u1eafc c\u01a1 b\u1ea3n c\u1ee7a x\u1eed l\u00fd d\u1eef li\u1ec7u<\/strong><\/p><p>L\u00e0 Hostragons, ch\u00fang t\u00f4i tu\u00e2n th\u1ee7 c\u00e1c nguy\u00ean t\u1eafc c\u01a1 b\u1ea3n sau theo y\u00eau c\u1ea7u c\u1ee7a GDPR:<\/p><ul><li class=\"translation-block\"><strong>Minh b\u1ea1ch:<\/strong> Ch\u00fang t\u00f4i n\u00eau r\u00f5 c\u00e1ch ch\u00fang t\u00f4i thu th\u1eadp v\u00e0 x\u1eed l\u00fd d\u1eef li\u1ec7u c\u00e1 nh\u00e2n c\u1ee7a b\u1ea1n.<\/li><li class=\"translation-block\"><strong>\u0110\u1ed9 ch\u00ednh x\u00e1c:<\/strong> Ch\u00fang t\u00f4i gi\u1eef d\u1eef li\u1ec7u c\u1ee7a b\u1ea1n ch\u00ednh x\u00e1c v\u00e0 c\u1eadp nh\u1eadt.<\/li><li class=\"translation-block\"><strong>T\u1ed1i gi\u1ea3n h\u00f3a:<\/strong> Ch\u00fang t\u00f4i ch\u1ec9 thu th\u1eadp v\u00e0 x\u1eed l\u00fd d\u1eef li\u1ec7u c\u1ea7n thi\u1ebft.<\/li><li class=\"translation-block\"><strong>Gi\u1edbi h\u1ea1n l\u01b0u tr\u1eef:<\/strong> Ch\u00fang t\u00f4i ch\u1ec9 l\u01b0u tr\u1eef d\u1eef li\u1ec7u c\u1ee7a b\u1ea1n trong th\u1eddi gian c\u1ea7n thi\u1ebft.<\/li><\/ul><p><strong>4. Th\u00f4ng Tin Thu Th\u1eadp<\/strong><\/p><p>Hostragons thu th\u1eadp th\u00f4ng tin c\u00e1 nh\u00e2n sau:<\/p><ul><li class=\"translation-block\"><strong>Th\u00f4ng Tin Nh\u1eadn D\u1ea1ng:<\/strong> T\u00ean, h\u1ecd, \u0111\u1ecba ch\u1ec9, s\u1ed1 \u0111i\u1ec7n tho\u1ea1i, \u0111\u1ecba ch\u1ec9 email.<\/li><li class=\"translation-block\"><strong>Th\u00f4ng Tin Thanh To\u00e1n:<\/strong> Th\u00f4ng tin th\u1ebb t\u00edn d\u1ee5ng v\u00e0 chi ti\u1ebft thanh to\u00e1n.<\/li><li class=\"translation-block\"><strong>D\u1eef Li\u1ec7u K\u1ef9 Thu\u1eadt:<\/strong> \u0110\u1ecba ch\u1ec9 IP, lo\u1ea1i tr\u00ecnh duy\u1ec7t, h\u1ec7 \u0111i\u1ec1u h\u00e0nh.<\/li><li class=\"translation-block\"><strong>H\u00e0nh Vi Ng\u01b0\u1eddi D\u00f9ng:<\/strong> S\u1edf th\u00edch c\u1ee7a ng\u01b0\u1eddi d\u00f9ng, ho\u1ea1t \u0111\u1ed9ng tr\u00ean trang web.<\/li><\/ul><p><strong>5. S\u1eed D\u1ee5ng D\u1eef Li\u1ec7u C\u00e1 Nh\u00e2n<\/strong><\/p><p>Th\u00f4ng tin c\u00e1 nh\u00e2n thu th\u1eadp \u0111\u01b0\u1ee3c s\u1eed d\u1ee5ng cho c\u00e1c m\u1ee5c \u0111\u00edch sau:<\/p><ul><li>Cung c\u1ea5p v\u00e0 qu\u1ea3n l\u00fd d\u1ecbch v\u1ee5.<\/li><li>D\u1ecbch v\u1ee5 h\u1ed7 tr\u1ee3 kh\u00e1ch h\u00e0ng v\u00e0 giao ti\u1ebfp.<\/li><li>Quy tr\u00ecnh l\u1eadp h\u00f3a \u0111\u01a1n v\u00e0 chu\u1ea9n b\u1ecb t\u00e0i li\u1ec7u ph\u00e1p l\u00fd.<\/li><li>C\u1ea3i thi\u1ec7n hi\u1ec7u su\u1ea5t trang web c\u1ee7a ch\u00fang t\u00f4i v\u00e0 n\u00e2ng cao tr\u1ea3i nghi\u1ec7m ng\u01b0\u1eddi d\u00f9ng.<\/li><li>\u0110\u1ea3m b\u1ea3o tu\u00e2n th\u1ee7 c\u00e1c ngh\u0129a v\u1ee5 ph\u00e1p l\u00fd v\u00e0 b\u1ea3o v\u1ec7 quy\u1ec1n l\u1ee3i.<\/li><li>Ho\u1ea1t \u0111\u1ed9ng ti\u1ebfp th\u1ecb v\u00e0 khuy\u1ebfn m\u00e3i.<\/li><\/ul><p><strong>6. Th\u1eddi Gian L\u01b0u Tr\u1eef D\u1eef Li\u1ec7u C\u00e1 Nh\u00e2n<\/strong><\/p><p>Ch\u00fang t\u00f4i ch\u1ec9 l\u01b0u gi\u1eef d\u1eef li\u1ec7u c\u00e1 nh\u00e2n c\u1ee7a b\u1ea1n trong th\u1eddi gian c\u1ea7n thi\u1ebft cho m\u1ee5c \u0111\u00edch x\u1eed l\u00fd c\u1ee7a ch\u00fang t\u00f4i. B\u1ea1n c\u00f3 th\u1ec3 li\u00ean h\u1ec7 v\u1edbi ch\u00fang t\u00f4i \u0111\u1ec3 t\u00ecm hi\u1ec3u th\u00eam v\u1ec1 th\u1eddi gian d\u1eef li\u1ec7u c\u1ee7a b\u1ea1n \u0111\u01b0\u1ee3c l\u01b0u tr\u1eef v\u00e0 c\u00e1ch x\u00e1c \u0111\u1ecbnh kho\u1ea3ng th\u1eddi gian n\u00e0y.<\/p><p><strong>7. Th\u00f4ng Tin Thanh To\u00e1n v\u00e0 B\u1ea3o M\u1eadt<\/strong><\/p><ul><li>Th\u00f4ng tin th\u1ebb t\u00edn d\u1ee5ng v\u00e0 thanh to\u00e1n c\u1ee7a b\u1ea1n \u0111\u01b0\u1ee3c b\u1ea3o v\u1ec7 b\u1eb1ng c\u00e1c bi\u1ec7n ph\u00e1p b\u1ea3o m\u1eadt nh\u01b0 ch\u1ee9ng nh\u1eadn SSL 256-bit.<\/li><li>Th\u00f4ng tin th\u1ebb c\u1ee7a b\u1ea1n \u0111\u01b0\u1ee3c truy\u1ec1n d\u01b0\u1edbi d\u1ea1ng m\u00e3 h\u00f3a v\u00e0 kh\u00f4ng \u0111\u01b0\u1ee3c l\u01b0u tr\u1eef b\u1edfi Hostragons.<\/li><li>C\u00e1c c\u00f4ng c\u1ee5 b\u1ea3o m\u1eadt b\u1ed5 sung \u0111\u01b0\u1ee3c s\u1eed d\u1ee5ng \u0111\u1ec3 \u0111\u1ec1 ph\u00f2ng ph\u1ea7n m\u1ec1m \u0111\u1ed9c h\u1ea1i ti\u1ec1m \u1ea9n.<\/li><\/ul><p><strong>8. Cookie v\u00e0 C\u00f4ng Ngh\u1ec7 Theo D\u00f5i<\/strong><\/p><p class=\"translation-block\">Ch\u00fang t\u00f4i s\u1eed d\u1ee5ng cookie v\u00e0 c\u00f4ng ngh\u1ec7 theo d\u00f5i tr\u00ean trang web c\u1ee7a m\u00ecnh \u0111\u1ec3 c\u1ea3i thi\u1ec7n tr\u1ea3i nghi\u1ec7m ng\u01b0\u1eddi d\u00f9ng v\u00e0 hi\u1ec3u c\u00e1ch trang web c\u1ee7a ch\u00fang t\u00f4i \u0111\u01b0\u1ee3c s\u1eed d\u1ee5ng. \u0110\u1ec3 bi\u1ebft th\u00eam th\u00f4ng tin v\u1ec1 cookie v\u00e0 c\u00e1ch qu\u1ea3n l\u00fd ch\u00fang, b\u1ea1n c\u00f3 th\u1ec3 truy c\u1eadp trang <a href=\"https:\/\/www.hostragons.com\/vi\/chinh-sach-cookie\/\" target=\"_new\" rel=\"noreferrer\">Ch\u00ednh S\u00e1ch Cookie<\/a> c\u1ee7a ch\u00fang t\u00f4i.<\/p><p><strong>9. Chia S\u1ebb D\u1eef Li\u1ec7u C\u00e1 Nh\u00e2n<\/strong><\/p><ul><li>D\u1eef li\u1ec7u c\u00e1 nh\u00e2n c\u1ee7a b\u1ea1n ch\u1ec9 \u0111\u01b0\u1ee3c chia s\u1ebb v\u1edbi b\u00ean th\u1ee9 ba c\u1ea7n thi\u1ebft \u0111\u1ec3 cung c\u1ea5p d\u1ecbch v\u1ee5 c\u1ee7a ch\u00fang t\u00f4i.<\/li><li>Ch\u00fang t\u00f4i c\u00f3 th\u1ec3 chia s\u1ebb d\u1eef li\u1ec7u c\u1ee7a b\u1ea1n theo ngh\u0129a v\u1ee5 ph\u00e1p l\u00fd ho\u1eb7c l\u1ec7nh c\u1ee7a t\u00f2a \u00e1n.<\/li><li>Vi\u1ec7c chia s\u1ebb d\u1eef li\u1ec7u v\u1edbi b\u00ean th\u1ee9 ba ch\u1ec9 \u0111\u01b0\u1ee3c th\u1ef1c hi\u1ec7n khi c\u00f3 s\u1ef1 \u0111\u1ed3ng \u00fd c\u1ee7a b\u1ea1n.<\/li><\/ul><p><strong>10. Quy\u1ec1n c\u1ee7a Ng\u01b0\u1eddi D\u00f9ng<\/strong><\/p><p>Theo GDPR, ng\u01b0\u1eddi d\u00f9ng c\u00f3 c\u00e1c quy\u1ec1n sau:<\/p><ul><li>Quy\u1ec1n truy c\u1eadp, ch\u1ec9nh s\u1eeda ho\u1eb7c x\u00f3a d\u1eef li\u1ec7u c\u00e1 nh\u00e2n.<\/li><li>Quy\u1ec1n ph\u1ea3n \u0111\u1ed1i x\u1eed l\u00fd d\u1eef li\u1ec7u v\u00e0 quy\u1ec1n chuy\u1ec3n giao d\u1eef li\u1ec7u.<\/li><li>Quy\u1ec1n r\u00fat l\u1ea1i s\u1ef1 \u0111\u1ed3ng \u00fd b\u1ea5t k\u1ef3 l\u00fac n\u00e0o.<\/li><\/ul><p><strong>11. \u0110\u00e1nh gi\u00e1 T\u00e1c \u0111\u1ed9ng B\u1ea3o v\u1ec7 D\u1eef li\u1ec7u (DPIA)<\/strong><\/p><p>\u0110\u00e1nh gi\u00e1 t\u00e1c \u0111\u1ed9ng b\u1ea3o v\u1ec7 d\u1eef li\u1ec7u (DPIA) \u0111\u01b0\u1ee3c th\u1ef1c hi\u1ec7n \u0111\u1ed1i v\u1edbi c\u00e1c ho\u1ea1t \u0111\u1ed9ng x\u1eed l\u00fd d\u1eef li\u1ec7u c\u00f3 r\u1ee7i ro cao. B\u1ea1n c\u00f3 th\u1ec3 li\u00ean h\u1ec7 v\u1edbi ch\u00fang t\u00f4i \u0111\u1ec3 bi\u1ebft th\u00eam th\u00f4ng tin v\u1ec1 quy tr\u00ecnh DPIA.<\/p><p><strong>12. Chuy\u1ec3n D\u1eef Li\u1ec7u Qu\u1ed1c T\u1ebf<\/strong><\/p><p>Ch\u00fang t\u00f4i th\u1ef1c hi\u1ec7n c\u00e1c bi\u1ec7n ph\u00e1p b\u1ea3o v\u1ec7 c\u1ea7n thi\u1ebft khi chuy\u1ec3n d\u1eef li\u1ec7u c\u00e1 nh\u00e2n c\u1ee7a b\u1ea1n ra ngo\u00e0i EU. \u0110\u1ec3 bi\u1ebft th\u00eam th\u00f4ng tin v\u1ec1 chuy\u1ec3n d\u1eef li\u1ec7u qu\u1ed1c t\u1ebf, b\u1ea1n c\u00f3 th\u1ec3 li\u00ean h\u1ec7 v\u1edbi ch\u00fang t\u00f4i.<\/p><p><strong>13. Th\u00f4ng B\u00e1o Vi Ph\u1ea1m D\u1eef Li\u1ec7u<\/strong><\/p><p>Trong tr\u01b0\u1eddng h\u1ee3p vi ph\u1ea1m d\u1eef li\u1ec7u, ch\u00fang t\u00f4i s\u1ebd nhanh ch\u00f3ng th\u00f4ng b\u00e1o cho c\u00e1c c\u01a1 quan c\u00f3 th\u1ea9m quy\u1ec1n v\u00e0 c\u00e1c c\u00e1 nh\u00e2n b\u1ecb \u1ea3nh h\u01b0\u1edfng. B\u1ea1n c\u00f3 th\u1ec3 li\u00ean h\u1ec7 v\u1edbi ch\u00fang t\u00f4i \u0111\u1ec3 bi\u1ebft th\u00eam th\u00f4ng tin v\u1ec1 quy tr\u00ecnh x\u1eed l\u00fd vi ph\u1ea1m d\u1eef li\u1ec7u c\u1ee7a ch\u00fang t\u00f4i.<\/p><p><strong>14. Thay \u0110\u1ed5i H\u1ee3p \u0110\u1ed3ng<\/strong><\/p><p>Ch\u00ednh s\u00e1ch n\u00e0y c\u00f3 th\u1ec3 \u0111\u01b0\u1ee3c c\u1eadp nh\u1eadt theo th\u1eddi gian. M\u1ecdi thay \u0111\u1ed5i s\u1ebd \u0111\u01b0\u1ee3c c\u00f4ng b\u1ed1 tr\u00ean trang n\u00e0y v\u00e0 \u0111\u01b0\u1ee3c ch\u1ec9 \u0111\u1ecbnh v\u1edbi ng\u00e0y hi\u1ec7u l\u1ef1c. Ng\u01b0\u1eddi d\u00f9ng \u0111\u01b0\u1ee3c khuy\u1ebfn ngh\u1ecb ki\u1ec3m tra trang n\u00e0y th\u01b0\u1eddng xuy\u00ean \u0111\u1ec3 c\u1eadp nh\u1eadt b\u1ea5t k\u1ef3 thay \u0111\u1ed5i n\u00e0o.<\/p>\t\t\t\t\t\t\t\t<\/div>\n\t\t\t\t<\/div>\n\t\t\t\t\t<\/div>\n\t\t<\/div>\n\t\t\t\t\t<\/div>\n\t\t<\/section>\n\t\t\t\t<\/div>","protected":false},"excerpt":{"rendered":"<p>Y\u00fcr\u00fcrl\u00fck\/G\u00fcncelleme Tarihi: 05.08.2024 1. Giri\u015f Hostragons Global Limited (&#8220;Hostragons&#8221; olarak an\u0131lacakt\u0131r), kullan\u0131c\u0131lar\u0131m\u0131z\u0131n gizlili\u011fini ve ki\u015fisel verilerinin korunmas\u0131n\u0131 ciddiye al\u0131r. Bu Gizlilik ve GDPR Uyum Politikas\u0131, ki\u015fisel verilerin nas\u0131l topland\u0131\u011f\u0131n\u0131, kullan\u0131ld\u0131\u011f\u0131n\u0131, korundu\u011funu ve GDPR kapsam\u0131nda nas\u0131l y\u00f6netildi\u011fini a\u00e7\u0131klar. Web sitemizi ve hizmetlerimizi kullanarak, bu politikay\u0131 kabul etmi\u015f say\u0131l\u0131rs\u0131n\u0131z. 2. Veri Sorumlusu ve Temsilcisi Hostragons, ki\u015fisel verilerinizi [&hellip;]<\/p>\n","protected":false},"author":94,"featured_media":7854,"parent":0,"menu_order":0,"comment_status":"closed","ping_status":"closed","template":"","meta":{"googlesitekit_rrm_CAow5YvFDA:productID":"","footnotes":""},"class_list":["post-2031","page","type-page","status-publish","has-post-thumbnail","hentry"],"_links":{"self":[{"href":"https:\/\/www.hostragons.com\/vi\/wp-json\/wp\/v2\/pages\/2031","targetHints":{"allow":["GET"]}}],"collection":[{"href":"https:\/\/www.hostragons.com\/vi\/wp-json\/wp\/v2\/pages"}],"about":[{"href":"https:\/\/www.hostragons.com\/vi\/wp-json\/wp\/v2\/types\/page"}],"author":[{"embeddable":true,"href":"https:\/\/www.hostragons.com\/vi\/wp-json\/wp\/v2\/users\/94"}],"replies":[{"embeddable":true,"href":"https:\/\/www.hostragons.com\/vi\/wp-json\/wp\/v2\/comments?post=2031"}],"version-history":[{"count":0,"href":"https:\/\/www.hostragons.com\/vi\/wp-json\/wp\/v2\/pages\/2031\/revisions"}],"wp:featuredmedia":[{"embeddable":true,"href":"https:\/\/www.hostragons.com\/vi\/wp-json\/wp\/v2\/media\/7854"}],"wp:attachment":[{"href":"https:\/\/www.hostragons.com\/vi\/wp-json\/wp\/v2\/media?parent=2031"}],"curies":[{"name":"wp","href":"https:\/\/api.w.org\/{rel}","templated":true}]}}