{"id":2358,"date":"2020-10-02T08:03:18","date_gmt":"2020-10-02T05:03:18","guid":{"rendered":"https:\/\/www.hostragons.com\/?page_id=2358"},"modified":"2025-03-25T09:07:38","modified_gmt":"2025-03-25T09:07:38","slug":"cookie-siyosati","status":"publish","type":"page","link":"https:\/\/www.hostragons.com\/uz\/cookie-siyosati\/","title":{"rendered":"Cookie siyosati"},"content":{"rendered":"<div data-elementor-type=\"wp-page\" data-elementor-id=\"2358\" class=\"elementor elementor-2358\" data-elementor-post-type=\"page\">\n\t\t\t\t\t\t<section class=\"elementor-section elementor-top-section elementor-element elementor-element-9da5eda elementor-section-boxed elementor-section-height-default elementor-section-height-default\" data-id=\"9da5eda\" data-element_type=\"section\" data-e-type=\"section\">\n\t\t\t\t\t\t<div class=\"elementor-container elementor-column-gap-default\">\n\t\t\t\t\t<div class=\"elementor-column elementor-col-100 elementor-top-column elementor-element elementor-element-a7228de\" data-id=\"a7228de\" data-element_type=\"column\" data-e-type=\"column\">\n\t\t\t<div class=\"elementor-widget-wrap elementor-element-populated\">\n\t\t\t\t\t\t<div class=\"elementor-element elementor-element-8bde4d6 elementor-widget elementor-widget-text-editor\" data-id=\"8bde4d6\" data-element_type=\"widget\" data-e-type=\"widget\" data-widget_type=\"text-editor.default\">\n\t\t\t\t<div class=\"elementor-widget-container\">\n\t\t\t\t\t\t\t\t\t<p><strong>Kuchga kirish\/yangilanish sanasi:<\/strong> 05.08.2024<\/p><p><strong>1. Cookie nima?<\/strong><\/p><p>Cookie fayllari veb-saytlar tomonidan brauzeringizga yuborilgan va qurilmangizda saqlanadigan kichik ma&#039;lumotlar fayllari. Ushbu fayllar brauzeringizga veb-saytga yana tashrif buyurganingizda uni tanib olish imkonini beradi va avvalgi tashriflaringizdagi afzalliklaringizni eslab, foydalanuvchi tajribangizni shaxsiylashtiradi.<\/p><p><strong>2. Cookie-fayllardan foydalanish maqsadlari<\/strong><\/p><p>Hostragons cookie-fayllardan quyidagi maqsadlarda foydalanadi:<\/p><ul><li class=\"translation-block\"><strong>Majburiy cookie-fayllar:<\/strong> Sayt o&#039;zining asosiy funktsiyalarini bajarishi uchun zarur.<\/li><li><strong>Ishlash kukilari:<\/strong> U saytning ishlashini kuzatish va yaxshilash uchun ishlatiladi.<\/li><li class=\"translation-block\"><strong>Funktsional cookie-fayllar:<\/strong> foydalanuvchi afzalliklarini eslab, shaxsiy tajribani taqdim eting.<\/li><li class=\"translation-block\"><strong>Reklama va marketing kukilari:<\/strong> Sizning qiziqishlaringizga moslashtirilgan kontent va reklamalarni yetkazib berish uchun foydalaniladi.<\/li><\/ul><p><strong>3. Uchinchi tomon cookie fayllari<\/strong><\/p><p>Saytimizdagi ba&#039;zi cookie fayllari uchinchi tomon xizmat ko&#039;rsatuvchi provayderlar tomonidan boshqariladi. Ushbu cookie-fayllar reklama va tahlil xizmatlari uchun ishlatiladi va uchinchi shaxslarning shaxsiy maxfiylik siyosatiga bo&#039;ysunadi. Uchinchi tomon cookie-fayllaridan foydalanishi haqida qo&#039;shimcha ma&#039;lumot olish uchun ushbu xizmat ko&#039;rsatuvchi provayderlarning maxfiylik siyosatlarini ko&#039;rib chiqishingizni tavsiya qilamiz.<\/p><p><strong>4. Cookie-fayllarni boshqarish va o&#039;chirish<\/strong><\/p><p>Siz brauzer sozlamalari orqali cookie-fayllarni boshqarishingiz, qabul qilishingiz yoki rad qilishingiz mumkin. Bundan tashqari, brauzeringizda avval saqlangan cookie-fayllarni o&#039;chirishingiz mumkin. Cookie-fayllarni boshqarish bo&#039;yicha qo&#039;shimcha ma&#039;lumot olish uchun siz foydalanayotgan brauzerga xos ko&#039;rsatmalarga murojaat qilishingiz mumkin:<\/p><ul><li><a target=\"_new\" rel=\"noreferrer\">Google Chrome<\/a><\/li><li><a href=\"https:\/\/support.mozilla.org\/tr\/kb\/cerezleri-silme\" target=\"_new\" rel=\"noreferrer noopener\">Mozilla Firefox<\/a><\/li><li><a href=\"https:\/\/support.apple.com\/tr-tr\/guide\/safari\/sfri11471\/mac\" target=\"_new\" rel=\"noreferrer noopener\">Safari<\/a><\/li><li><a href=\"https:\/\/support.microsoft.com\/tr-tr\/help\/4027947\/microsoft-edge-delete-cookies\" target=\"_new\" rel=\"noreferrer noopener\">Microsoft Edge<\/a><\/li><\/ul><p class=\"translation-block\">5. Cookie siyosatidagi o&#039;zgarishlar<\/p><p>Hostragons cookie-fayllar siyosatini o&#039;zgartirish huquqini o&#039;zida saqlab qoladi. Bizning siyosatimizdagi har qanday o&#039;zgarishlar ushbu sahifada yangilanadi va kuchga kiradi. Foydalanuvchilarga ushbu sahifani muntazam tekshirib turish orqali har qanday o&#039;zgarishlardan xabardor bo&#039;lishlarini tavsiya qilamiz.<\/p><p><strong>6. Aloqa<\/strong><\/p><p>Ushbu cookie siyosati haqidagi savollar uchun <a rel=\"noreferrer\">hello@hostragons.com<\/a> Biz bilan bog&#039;lanishingiz mumkin.<\/p>\t\t\t\t\t\t\t\t<\/div>\n\t\t\t\t<\/div>\n\t\t\t\t\t<\/div>\n\t\t<\/div>\n\t\t\t\t\t<\/div>\n\t\t<\/section>\n\t\t\t\t<\/div>","protected":false},"excerpt":{"rendered":"<p>Y\u00fcr\u00fcrl\u00fck\/G\u00fcncelleme Tarihi: 05.08.2024 1. \u00c7erez (Cookie) Nedir? \u00c7erezler, web siteleri taraf\u0131ndan taray\u0131c\u0131n\u0131za g\u00f6nderilen ve cihaz\u0131n\u0131zda depolanan k\u00fc\u00e7\u00fck veri dosyalar\u0131d\u0131r. Bu dosyalar, siteyi tekrar ziyaret etti\u011finizde taray\u0131c\u0131n\u0131z\u0131n web sitesini tan\u0131mas\u0131n\u0131 sa\u011flar ve \u00f6nceki ziyaretlerinizdeki tercihlerinizi hat\u0131rlayarak kullan\u0131c\u0131 deneyiminizi ki\u015fiselle\u015ftirir. 2. \u00c7erezlerin Kullan\u0131m Ama\u00e7lar\u0131 Hostragons, a\u015fa\u011f\u0131daki ama\u00e7lar do\u011frultusunda \u00e7erezleri kullan\u0131r: Zorunlu \u00c7erezler: Sitenin temel i\u015flevlerini yerine getirebilmesi [&hellip;]<\/p>\n","protected":false},"author":94,"featured_media":7852,"parent":0,"menu_order":0,"comment_status":"closed","ping_status":"closed","template":"","meta":{"googlesitekit_rrm_CAow5YvFDA:productID":"","footnotes":""},"class_list":["post-2358","page","type-page","status-publish","has-post-thumbnail","hentry"],"_links":{"self":[{"href":"https:\/\/www.hostragons.com\/uz\/wp-json\/wp\/v2\/pages\/2358","targetHints":{"allow":["GET"]}}],"collection":[{"href":"https:\/\/www.hostragons.com\/uz\/wp-json\/wp\/v2\/pages"}],"about":[{"href":"https:\/\/www.hostragons.com\/uz\/wp-json\/wp\/v2\/types\/page"}],"author":[{"embeddable":true,"href":"https:\/\/www.hostragons.com\/uz\/wp-json\/wp\/v2\/users\/94"}],"replies":[{"embeddable":true,"href":"https:\/\/www.hostragons.com\/uz\/wp-json\/wp\/v2\/comments?post=2358"}],"version-history":[{"count":0,"href":"https:\/\/www.hostragons.com\/uz\/wp-json\/wp\/v2\/pages\/2358\/revisions"}],"wp:featuredmedia":[{"embeddable":true,"href":"https:\/\/www.hostragons.com\/uz\/wp-json\/wp\/v2\/media\/7852"}],"wp:attachment":[{"href":"https:\/\/www.hostragons.com\/uz\/wp-json\/wp\/v2\/media?parent=2358"}],"curies":[{"name":"wp","href":"https:\/\/api.w.org\/{rel}","templated":true}]}}