{"id":2031,"date":"2020-09-08T16:09:39","date_gmt":"2020-09-08T13:09:39","guid":{"rendered":"https:\/\/www.hostragons.com\/?page_id=2031"},"modified":"2024-09-26T17:52:04","modified_gmt":"2024-09-26T14:52:04","slug":"maxfiylik-siyosati","status":"publish","type":"page","link":"https:\/\/www.hostragons.com\/uz\/maxfiylik-siyosati\/","title":{"rendered":"Maxfiylik siyosati"},"content":{"rendered":"<div data-elementor-type=\"wp-page\" data-elementor-id=\"2031\" class=\"elementor elementor-2031\" data-elementor-post-type=\"page\">\n\t\t\t\t\t\t<section class=\"elementor-section elementor-top-section elementor-element elementor-element-91e4b54 elementor-section-boxed elementor-section-height-default elementor-section-height-default\" data-id=\"91e4b54\" data-element_type=\"section\" data-e-type=\"section\">\n\t\t\t\t\t\t<div class=\"elementor-container elementor-column-gap-default\">\n\t\t\t\t\t<div class=\"elementor-column elementor-col-100 elementor-top-column elementor-element elementor-element-0774a31\" data-id=\"0774a31\" data-element_type=\"column\" data-e-type=\"column\">\n\t\t\t<div class=\"elementor-widget-wrap elementor-element-populated\">\n\t\t\t\t\t\t<div class=\"elementor-element elementor-element-830efa2 elementor-widget elementor-widget-text-editor\" data-id=\"830efa2\" data-element_type=\"widget\" data-e-type=\"widget\" data-widget_type=\"text-editor.default\">\n\t\t\t\t<div class=\"elementor-widget-container\">\n\t\t\t\t\t\t\t\t\t<p><strong>Kuchga kirish\/yangilanish sanasi: 05.08.2024 y<\/strong><\/p><p><strong>1. Kirish<\/strong><\/p><p>Hostragons Global Limited (\u201cHostragons\u201d) foydalanuvchilarimiz maxfiyligi va ularning shaxsiy ma\u2019lumotlarini himoya qilishga jiddiy yondashadi. Ushbu Maxfiylik va GDPRga muvofiqlik siyosati shaxsiy ma\u02bclumotlarning GDPR doirasida qanday to\u02bbplanishi, ishlatilishi, himoyalanishi va boshqarilishini tushuntiradi. Bizning veb-saytimiz va xizmatlarimizdan foydalanish orqali siz ushbu siyosatni qabul qilgan deb hisoblanasiz.<\/p><p><strong>2. Ma&#039;lumotlar nazoratchisi va vakili<\/strong><\/p><p>Hostragons shaxsiy ma&#039;lumotlaringizni himoya qilish uchun mas&#039;ul bo&#039;lgan ma&#039;lumotlar boshqaruvchisidir. Yevropa Ittifoqidagi vakilimiz:<\/p><ul><li><strong>Ma&#039;lumotlarni himoya qilish vakili:<\/strong> Kvebek Maxfiylik qonuni.<\/li><\/ul><p><strong>3. Ma&#039;lumotlarni qayta ishlashning asosiy tamoyillari<\/strong><\/p><p>Hostragons-da biz GDPR talablariga muvofiq quyidagi asosiy tamoyillarga amal qilamiz:<\/p><ul><li class=\"translation-block\"><strong>Shaffoflik:<\/strong> Biz sizning shaxsiy ma&#039;lumotlaringizni qanday yig&#039;ishimiz va qayta ishlashimizni aniq ko&#039;rsatamiz.<\/li><li class=\"translation-block\"><strong>Aniqlik:<\/strong> Biz sizning ma&#039;lumotlaringizni aniq va yangilab turamiz.<\/li><li class=\"translation-block\"><strong>Minimallashtirish:<\/strong> Biz faqat kerakli ma&#039;lumotlarni yig&#039;amiz va qayta ishlaymiz.<\/li><li class=\"translation-block\"><strong>Saqlash cheklovi:<\/strong> Biz ma&#039;lumotlaringizni faqat kerak bo&#039;lganda saqlaymiz.<\/li><\/ul><p><strong>4. Yig&#039;ilgan ma&#039;lumotlar<\/strong><\/p><p>Hostragons quyidagi shaxsiy ma&#039;lumotlarni to&#039;playdi:<\/p><ul><li class=\"translation-block\"><strong>Shaxsni tasdiqlovchi ma&#039;lumotlar:<\/strong> ism, familiya, manzil, telefon raqami, elektron pochta manzili.<\/li><li class=\"translation-block\"><strong>To&#039;lov ma&#039;lumotlari:<\/strong> Kredit karta ma&#039;lumotlari va to&#039;lov tafsilotlari.<\/li><li class=\"translation-block\"><strong>Texnik ma&#039;lumotlar:<\/strong> IP manzili, brauzer turi, operatsion tizim.<\/li><li class=\"translation-block\"><strong>Foydalanuvchining xatti-harakati:<\/strong> foydalanuvchining afzalliklari, saytdagi harakatlari.<\/li><\/ul><p><strong>5. Shaxsiy ma&#039;lumotlardan foydalanish<\/strong><\/p><p>Yig&#039;ilgan shaxsiy ma&#039;lumotlardan quyidagi maqsadlarda foydalaniladi:<\/p><ul><li>Xizmatlarni taqdim etish va boshqarish.<\/li><li>Mijozlarni qo&#039;llab-quvvatlash xizmatlari va aloqa.<\/li><li>Hisob-faktura operatsiyalari va huquqiy hujjatlarni tayyorlash.<\/li><li>Veb-saytimizning ishlashi va foydalanuvchi tajribasini yaxshilash.<\/li><li>Qonuniy majburiyatlarga rioya qilish va huquqlarni himoya qilish.<\/li><li>Marketing va reklama faoliyati.<\/li><\/ul><p><strong>6. Shaxsiy ma&#039;lumotlarni saqlash muddati<\/strong><\/p><p>Biz sizning shaxsiy ma&#039;lumotlaringizni faqat qayta ishlash maqsadlarimiz uchun zarur bo&#039;lgan vaqt davomida saqlaymiz. Ma\u02bclumotlaringizni qancha vaqt saqlayotganimiz va bu muddat qanday belgilanishi haqida ma\u02bclumot olish uchun biz bilan bog\u02bblanishingiz mumkin.<\/p><p><strong>7. To&#039;lov ma&#039;lumotlari va xavfsizligi<\/strong><\/p><ul><li>Sizning kredit kartangiz va to&#039;lov ma&#039;lumotlari 256 bitli SSL sertifikati kabi xavfsizlik choralari bilan himoyalangan.<\/li><li>Sizning kartangiz ma&#039;lumotlari shifrlangan holda uzatiladi va Hostragons tomonidan saqlanmaydi.<\/li><li>Qo&#039;shimcha xavfsizlik vositalari bilan mumkin bo&#039;lgan zararli dasturlardan ehtiyot choralari ko&#039;riladi.<\/li><\/ul><p><strong>8. Cookie fayllari va kuzatuv texnologiyalari<\/strong><\/p><p class=\"translation-block\">Bizning veb-saytimiz foydalanuvchi tajribasini yaxshilash va veb-saytimizdan qanday foydalanilishini tushunish uchun cookie-fayllar va kuzatuv texnologiyalaridan foydalanadi. Cookie-fayllar va ularni qanday boshqarish haqida ko\u02bbproq ma\u02bclumotni <a href=\"https:\/\/www.hostragons.com\/uz\/cookie-siyosati\/\" target=\"_new\" rel=\"noreferrer\">Cookie siyosati<\/a> sahifamizda topishingiz mumkin.<\/p><p><strong>9. Shaxsiy ma&#039;lumotlarni almashish<\/strong><\/p><ul><li>Sizning shaxsiy ma&#039;lumotlaringiz faqat bizning xizmatlarni taqdim etish uchun zarur bo&#039;lgan uchinchi shaxslar bilan baham ko&#039;riladi.<\/li><li>Biz ma\u02bclumotlaringizni qonuniy majburiyatlarga yoki sud qarorlariga muvofiq baham ko\u02bbrishimiz mumkin.<\/li><li>Uchinchi shaxslar bilan ma\u02bclumotlar almashish faqat sizning roziligingiz bilan amalga oshiriladi.<\/li><\/ul><p><strong>10. Foydalanuvchi huquqlari<\/strong><\/p><p>GDPRga muvofiq foydalanuvchilar quyidagi huquqlarga ega:<\/p><ul><li>Shaxsiy ma&#039;lumotlarga kirish, tuzatish yoki o&#039;chirish huquqi.<\/li><li>Ma&#039;lumotlarni qayta ishlash va ma&#039;lumotlarni ko&#039;chirishga e&#039;tiroz bildirish huquqi.<\/li><li>Istalgan vaqtda rozilikni qaytarib olish huquqi.<\/li><\/ul><p><strong>11. Ma&#039;lumotlarni himoya qilish ta&#039;sirini baholash (DPIA)<\/strong><\/p><p>Ma&#039;lumotlarni himoya qilish ta&#039;sirini baholash yuqori xavfli ma&#039;lumotlarni qayta ishlash faoliyati uchun amalga oshiriladi. DPIA jarayoni haqida ko&#039;proq ma&#039;lumot olish uchun biz bilan bog&#039;lanishingiz mumkin.<\/p><p><strong>12. Xalqaro ma\u2019lumotlarni uzatish<\/strong><\/p><p>Shaxsiy ma&#039;lumotlaringizni Yevropa Ittifoqidan tashqariga o&#039;tkazishda biz zarur himoya choralarini ko&#039;ramiz. Xalqaro ma&#039;lumotlarni uzatish haqida ko&#039;proq ma&#039;lumot olish uchun biz bilan bog&#039;lanishingiz mumkin.<\/p><p><strong>13. Ma&#039;lumotlarning buzilishi haqida bildirishnoma<\/strong><\/p><p>Ma&#039;lumotlar buzilgan taqdirda, biz darhol vakolatli organlarni va zarar ko&#039;rgan shaxslarni xabardor qilamiz. Ma\u02bclumotlarni buzish tartib-qoidalarimiz haqida ko\u02bbproq ma\u02bclumot olish uchun biz bilan bog\u02bblanishingiz mumkin.<\/p><p><strong>14. Shartnomaga o&#039;zgartirishlar kiritish<\/strong><\/p><p>Bu siyosat vaqti-vaqti bilan yangilanishi mumkin. Kiritilgan har qanday o&#039;zgartirishlar ushbu sahifada e&#039;lon qilinadi va kuchga kirish sanasi bilan ko&#039;rsatiladi. Foydalanuvchilar har qanday o&#039;zgarishlardan xabardor bo&#039;lish uchun ushbu sahifani muntazam tekshirib turishlari tavsiya etiladi.<\/p>\t\t\t\t\t\t\t\t<\/div>\n\t\t\t\t<\/div>\n\t\t\t\t\t<\/div>\n\t\t<\/div>\n\t\t\t\t\t<\/div>\n\t\t<\/section>\n\t\t\t\t<\/div>","protected":false},"excerpt":{"rendered":"<p>Y\u00fcr\u00fcrl\u00fck\/G\u00fcncelleme Tarihi: 05.08.2024 1. Giri\u015f Hostragons Global Limited (&#8220;Hostragons&#8221; olarak an\u0131lacakt\u0131r), kullan\u0131c\u0131lar\u0131m\u0131z\u0131n gizlili\u011fini ve ki\u015fisel verilerinin korunmas\u0131n\u0131 ciddiye al\u0131r. Bu Gizlilik ve GDPR Uyum Politikas\u0131, ki\u015fisel verilerin nas\u0131l topland\u0131\u011f\u0131n\u0131, kullan\u0131ld\u0131\u011f\u0131n\u0131, korundu\u011funu ve GDPR kapsam\u0131nda nas\u0131l y\u00f6netildi\u011fini a\u00e7\u0131klar. Web sitemizi ve hizmetlerimizi kullanarak, bu politikay\u0131 kabul etmi\u015f say\u0131l\u0131rs\u0131n\u0131z. 2. Veri Sorumlusu ve Temsilcisi Hostragons, ki\u015fisel verilerinizi [&hellip;]<\/p>\n","protected":false},"author":94,"featured_media":7854,"parent":0,"menu_order":0,"comment_status":"closed","ping_status":"closed","template":"","meta":{"googlesitekit_rrm_CAow5YvFDA:productID":"","footnotes":""},"class_list":["post-2031","page","type-page","status-publish","has-post-thumbnail","hentry"],"_links":{"self":[{"href":"https:\/\/www.hostragons.com\/uz\/wp-json\/wp\/v2\/pages\/2031","targetHints":{"allow":["GET"]}}],"collection":[{"href":"https:\/\/www.hostragons.com\/uz\/wp-json\/wp\/v2\/pages"}],"about":[{"href":"https:\/\/www.hostragons.com\/uz\/wp-json\/wp\/v2\/types\/page"}],"author":[{"embeddable":true,"href":"https:\/\/www.hostragons.com\/uz\/wp-json\/wp\/v2\/users\/94"}],"replies":[{"embeddable":true,"href":"https:\/\/www.hostragons.com\/uz\/wp-json\/wp\/v2\/comments?post=2031"}],"version-history":[{"count":0,"href":"https:\/\/www.hostragons.com\/uz\/wp-json\/wp\/v2\/pages\/2031\/revisions"}],"wp:featuredmedia":[{"embeddable":true,"href":"https:\/\/www.hostragons.com\/uz\/wp-json\/wp\/v2\/media\/7854"}],"wp:attachment":[{"href":"https:\/\/www.hostragons.com\/uz\/wp-json\/wp\/v2\/media?parent=2031"}],"curies":[{"name":"wp","href":"https:\/\/api.w.org\/{rel}","templated":true}]}}