{"id":2031,"date":"2020-09-08T16:09:39","date_gmt":"2020-09-08T13:09:39","guid":{"rendered":"https:\/\/www.hostragons.com\/?page_id=2031"},"modified":"2024-09-26T17:52:04","modified_gmt":"2024-09-26T14:52:04","slug":"%d8%b1%d8%a7%d8%b2%d8%af%d8%a7%d8%b1%db%8c-%d9%be%d8%a7%d9%84%db%8c%d8%b3%db%8c","status":"publish","type":"page","link":"https:\/\/www.hostragons.com\/ur\/%d8%b1%d8%a7%d8%b2%d8%af%d8%a7%d8%b1%db%8c-%d9%be%d8%a7%d9%84%db%8c%d8%b3%db%8c\/","title":{"rendered":"\u0631\u0627\u0632\u062f\u0627\u0631\u06cc \u06a9\u06cc \u067e\u0627\u0644\u06cc\u0633\u06cc"},"content":{"rendered":"<div data-elementor-type=\"wp-page\" data-elementor-id=\"2031\" class=\"elementor elementor-2031\" data-elementor-post-type=\"page\">\n\t\t\t\t\t\t<section class=\"elementor-section elementor-top-section elementor-element elementor-element-91e4b54 elementor-section-boxed elementor-section-height-default elementor-section-height-default\" data-id=\"91e4b54\" data-element_type=\"section\" data-e-type=\"section\">\n\t\t\t\t\t\t<div class=\"elementor-container elementor-column-gap-default\">\n\t\t\t\t\t<div class=\"elementor-column elementor-col-100 elementor-top-column elementor-element elementor-element-0774a31\" data-id=\"0774a31\" data-element_type=\"column\" data-e-type=\"column\">\n\t\t\t<div class=\"elementor-widget-wrap elementor-element-populated\">\n\t\t\t\t\t\t<div class=\"elementor-element elementor-element-830efa2 elementor-widget elementor-widget-text-editor\" data-id=\"830efa2\" data-element_type=\"widget\" data-e-type=\"widget\" data-widget_type=\"text-editor.default\">\n\t\t\t\t<div class=\"elementor-widget-container\">\n\t\t\t\t\t\t\t\t\t<p><strong>\u0645\u0624\u062b\u0631\/\u062a\u0627\u0632\u06c1 \u06a9\u0627\u0631\u06cc \u06a9\u06cc \u062a\u0627\u0631\u06cc\u062e: 05.08.2024<\/strong><\/p><p><strong>1. \u0644\u0627\u06af \u0627\u0646 \u06a9\u0631\u06cc\u06ba<\/strong><\/p><p>Hostragons Global Limited (\"Hostragons\") \u06c1\u0645\u0627\u0631\u06d2 \u0635\u0627\u0631\u0641\u06cc\u0646 \u06a9\u06cc \u0631\u0627\u0632\u062f\u0627\u0631\u06cc \u0627\u0648\u0631 \u0630\u0627\u062a\u06cc \u0688\u06cc\u0679\u0627 \u06a9\u06d2 \u062a\u062d\u0641\u0638 \u06a9\u0648 \u0633\u0646\u062c\u06cc\u062f\u06af\u06cc \u0633\u06d2 \u0644\u06cc\u062a\u06cc \u06c1\u06d2\u06d4 \u06cc\u06c1 \u067e\u0631\u0627\u0626\u06cc\u0648\u06cc\u0633\u06cc \u0627\u0648\u0631 \u062c\u06cc \u0688\u06cc \u067e\u06cc \u0622\u0631 \u062a\u0639\u0645\u06cc\u0644 \u067e\u0627\u0644\u06cc\u0633\u06cc \u0648\u0636\u0627\u062d\u062a \u06a9\u0631\u062a\u06cc \u06c1\u06d2 \u06a9\u06c1 \u0630\u0627\u062a\u06cc \u0688\u06cc\u0679\u0627 \u06a9\u0648 \u06a9\u0633 \u0637\u0631\u062d \u062c\u0645\u0639\u060c \u0627\u0633\u062a\u0639\u0645\u0627\u0644\u060c \u0645\u062d\u0641\u0648\u0638 \u0627\u0648\u0631 \u062c\u06cc \u0688\u06cc \u067e\u06cc \u0622\u0631 \u06a9\u06d2 \u062a\u062d\u062a \u0645\u0646\u0638\u0645 \u06a9\u06cc\u0627 \u062c\u0627\u062a\u0627 \u06c1\u06d2\u06d4 \u06c1\u0645\u0627\u0631\u06cc \u0648\u06cc\u0628 \u0633\u0627\u0626\u0679 \u0627\u0648\u0631 \u062e\u062f\u0645\u0627\u062a \u06a9\u0627 \u0627\u0633\u062a\u0639\u0645\u0627\u0644 \u06a9\u0631\u062a\u06d2 \u06c1\u0648\u0626\u06d2\u060c \u0622\u067e \u0627\u0633 \u067e\u0627\u0644\u06cc\u0633\u06cc \u06a9\u0648 \u0642\u0628\u0648\u0644 \u06a9\u0631\u062a\u06d2 \u06c1\u06cc\u06ba\u06d4<\/p><p><strong>2. \u0688\u06cc\u0679\u0627 \u06a9\u0646\u0679\u0631\u0648\u0644\u0631 \u0627\u0648\u0631 \u0646\u0645\u0627\u0626\u0646\u062f\u06c1<\/strong><\/p><p>Hostragons \u0622\u067e \u06a9\u06d2 \u0630\u0627\u062a\u06cc \u0688\u06cc\u0679\u0627 \u06a9\u06cc \u062d\u0641\u0627\u0638\u062a \u06a9\u06d2 \u0644\u06cc\u06d2 \u0630\u0645\u06c1 \u062f\u0627\u0631 \u0688\u06cc\u0679\u0627 \u06a9\u0646\u0679\u0631\u0648\u0644\u0631 \u06c1\u06d2\u06d4 \u06cc\u0648\u0631\u067e\u06cc \u06cc\u0648\u0646\u06cc\u0646 \u0645\u06cc\u06ba \u06c1\u0645\u0627\u0631\u0627 \u0646\u0645\u0627\u0626\u0646\u062f\u06c1:<\/p><ul><li><strong>\u0688\u06cc\u0679\u0627 \u067e\u0631\u0648\u0679\u06cc\u06a9\u0634\u0646 \u0622\u0641\u06cc\u0633\u0631:<\/strong> \u06a9\u06cc\u0648\u0628\u06cc\u06a9 \u067e\u0631\u0627\u0626\u06cc\u0648\u06cc\u0633\u06cc \u0627\u06cc\u06a9\u0679\u06d4<\/li><\/ul><p><strong>\u0663\u06d4 \u0688\u06cc\u0679\u0627 \u067e\u0631\u0648\u0633\u06cc\u0633\u0646\u06af \u06a9\u06d2 \u0628\u0646\u06cc\u0627\u062f\u06cc \u0627\u0635\u0648\u0644<\/strong><\/p><p>Hostragons \u06a9\u06d2 \u0637\u0648\u0631 \u067e\u0631\u060c \u06c1\u0645 GDPR \u06a9\u06cc \u0636\u0631\u0648\u0631\u06cc\u0627\u062a \u06a9\u06d2 \u0645\u0637\u0627\u0628\u0642 \u062f\u0631\u062c \u0630\u06cc\u0644 \u0628\u0646\u06cc\u0627\u062f\u06cc \u0627\u0635\u0648\u0644\u0648\u06ba \u06a9\u06cc \u067e\u0627\u0628\u0646\u062f\u06cc \u06a9\u0631\u062a\u06d2 \u06c1\u06cc\u06ba:<\/p><ul><li class=\"translation-block\"><strong>\u0634\u0641\u0627\u0641\u06cc\u062a:<\/strong> \u06c1\u0645 \u0648\u0627\u0636\u062d \u0637\u0648\u0631 \u067e\u0631 \u0628\u062a\u0627\u062a\u06d2 \u06c1\u06cc\u06ba \u06a9\u06c1 \u06c1\u0645 \u0622\u067e \u06a9\u06d2 \u0630\u0627\u062a\u06cc \u0688\u06cc\u0679\u0627 \u06a9\u0648 \u06a9\u06cc\u0633\u06d2 \u0627\u06a9\u0679\u06be\u0627 \u0627\u0648\u0631 \u067e\u0631\u0648\u0633\u06cc\u0633 \u06a9\u0631\u062a\u06d2 \u06c1\u06cc\u06ba\u06d4<\/li><li class=\"translation-block\"><strong>\u062f\u0631\u0633\u062a\u06af\u06cc:<\/strong> \u06c1\u0645 \u0622\u067e \u06a9\u06d2 \u0688\u06cc\u0679\u0627 \u06a9\u0648 \u062f\u0631\u0633\u062a \u0627\u0648\u0631 \u062a\u0627\u0632\u06c1 \u062a\u0631\u06cc\u0646 \u0631\u06a9\u06be\u062a\u06d2 \u06c1\u06cc\u06ba\u06d4<\/li><li class=\"translation-block\"><strong>\u06a9\u0645 \u0633\u06d2 \u06a9\u0645 \u06a9\u0631\u0646\u0627:<\/strong> \u06c1\u0645 \u0635\u0631\u0641 \u0636\u0631\u0648\u0631\u06cc \u0688\u06cc\u0679\u0627 \u062c\u0645\u0639 \u0627\u0648\u0631 \u067e\u0631\u0648\u0633\u06cc\u0633 \u06a9\u0631\u062a\u06d2 \u06c1\u06cc\u06ba\u06d4<\/li><li class=\"translation-block\"><strong>\u0627\u0633\u0679\u0648\u0631\u06cc\u062c \u06a9\u06cc \u062d\u062f:<\/strong> \u06c1\u0645 \u0622\u067e \u06a9\u06d2 \u0688\u06cc\u0679\u0627 \u06a9\u0648 \u0635\u0631\u0641 \u0627\u0633 \u0648\u0642\u062a \u062a\u06a9 \u0645\u062d\u0641\u0648\u0638 \u0631\u06a9\u06be\u062a\u06d2 \u06c1\u06cc\u06ba \u062c\u0628 \u062a\u06a9 \u06a9\u06c1 \u06cc\u06c1 \u0636\u0631\u0648\u0631\u06cc \u06c1\u0648\u06d4<\/li><\/ul><p><strong>\u0664\u06d4 \u062c\u0645\u0639 \u06a9\u06cc \u06af\u0626\u06cc \u0645\u0639\u0644\u0648\u0645\u0627\u062a<\/strong><\/p><p>Hostragons \u062f\u0631\u062c \u0630\u06cc\u0644 \u0630\u0627\u062a\u06cc \u0645\u0639\u0644\u0648\u0645\u0627\u062a \u062c\u0645\u0639 \u06a9\u0631\u062a\u0627 \u06c1\u06d2:<\/p><ul><li class=\"translation-block\"><strong>\u0634\u0646\u0627\u062e\u062a \u06a9\u06cc \u0645\u0639\u0644\u0648\u0645\u0627\u062a:<\/strong> \u0646\u0627\u0645\u060c \u06a9\u0646\u06cc\u062a\u060c \u067e\u062a\u06c1\u060c \u0641\u0648\u0646 \u0646\u0645\u0628\u0631\u060c \u0627\u06cc \u0645\u06cc\u0644 \u067e\u062a\u06c1\u06d4<\/li><li class=\"translation-block\"><strong>\u0627\u062f\u0627\u0626\u06cc\u06af\u06cc \u06a9\u06cc \u0645\u0639\u0644\u0648\u0645\u0627\u062a:<\/strong> \u06a9\u0631\u06cc\u0688\u0679 \u06a9\u0627\u0631\u0688 \u06a9\u06cc \u062a\u0641\u0635\u06cc\u0644\u0627\u062a \u0627\u0648\u0631 \u0627\u062f\u0627\u0626\u06cc\u06af\u06cc \u06a9\u06cc \u062a\u0641\u0635\u06cc\u0644\u0627\u062a\u06d4<\/li><li class=\"translation-block\"><strong>\u062a\u06a9\u0646\u06cc\u06a9\u06cc \u0688\u06cc\u0679\u0627:<\/strong> \u0622\u0626\u06cc \u067e\u06cc \u0627\u06cc\u0688\u0631\u06cc\u0633\u060c \u0628\u0631\u0627\u0624\u0632\u0631 \u06a9\u06cc \u0642\u0633\u0645\u060c \u0622\u067e\u0631\u06cc\u0679\u0646\u06af \u0633\u0633\u0679\u0645\u06d4<\/li><li class=\"translation-block\"><strong>\u0635\u0627\u0631\u0641 \u06a9\u06d2 \u0631\u0648\u06cc\u06d2:<\/strong> \u0635\u0627\u0631\u0641 \u06a9\u06cc \u062a\u0631\u062c\u06cc\u062d\u0627\u062a\u060c \u0633\u0627\u0626\u0679 \u067e\u0631 \u0633\u0631\u06af\u0631\u0645\u06cc\u0627\u06ba\u06d4<\/li><\/ul><p><strong>\u0665\u06d4 \u0630\u0627\u062a\u06cc \u0688\u06cc\u0679\u0627 \u06a9\u0627 \u0627\u0633\u062a\u0639\u0645\u0627\u0644<\/strong><\/p><p>\u0627\u06a9\u0679\u06be\u0627 \u06a9\u06cc\u0627 \u06af\u06cc\u0627 \u0630\u0627\u062a\u06cc \u0688\u06cc\u0679\u0627 \u062f\u0631\u062c \u0630\u06cc\u0644 \u0645\u0642\u0627\u0635\u062f \u06a9\u06d2 \u0644\u06cc\u06d2 \u0627\u0633\u062a\u0639\u0645\u0627\u0644 \u06c1\u0648\u062a\u0627 \u06c1\u06d2:<\/p><ul><li>\u062e\u062f\u0645\u0627\u062a \u06a9\u06cc \u0641\u0631\u0627\u06c1\u0645\u06cc \u0627\u0648\u0631 \u0627\u0646\u062a\u0638\u0627\u0645\u06d4<\/li><li>\u06a9\u0633\u0679\u0645\u0631 \u0633\u067e\u0648\u0631\u0679 \u062e\u062f\u0645\u0627\u062a \u0627\u0648\u0631 \u0645\u0648\u0627\u0635\u0644\u0627\u062a\u06d4<\/li><li>\u0628\u0644\u0646\u06af \u06a9\u06d2 \u0639\u0645\u0644 \u0627\u0648\u0631 \u0642\u0627\u0646\u0648\u0646\u06cc \u062f\u0633\u062a\u0627\u0648\u06cc\u0632\u0627\u062a \u06a9\u06cc \u062a\u06cc\u0627\u0631\u06cc\u06d4<\/li><li>\u06c1\u0645\u0627\u0631\u06cc \u0648\u06cc\u0628 \u0633\u0627\u0626\u0679 \u06a9\u06cc \u06a9\u0627\u0631\u06a9\u0631\u062f\u06af\u06cc \u0627\u0648\u0631 \u0635\u0627\u0631\u0641 \u06a9\u06d2 \u062a\u062c\u0631\u0628\u06d2 \u06a9\u0648 \u0628\u06c1\u062a\u0631 \u0628\u0646\u0627\u0646\u0627\u06d4<\/li><li>\u0642\u0627\u0646\u0648\u0646\u06cc \u0630\u0645\u06c1 \u062f\u0627\u0631\u06cc\u0648\u06ba \u06a9\u06cc \u062a\u0639\u0645\u06cc\u0644 \u06a9\u0648 \u06cc\u0642\u06cc\u0646\u06cc \u0628\u0646\u0627\u0646\u0627 \u0627\u0648\u0631 \u062d\u0642\u0648\u0642 \u06a9\u0627 \u062a\u062d\u0641\u0638 \u06a9\u0631\u0646\u0627\u06d4<\/li><li>\u0645\u0627\u0631\u06a9\u06cc\u0679\u0646\u06af \u0627\u0648\u0631 \u062a\u0634\u06c1\u06cc\u0631\u06cc \u0633\u0631\u06af\u0631\u0645\u06cc\u0627\u06ba\u06d4<\/li><\/ul><p><strong>\u0666\u06d4 \u0630\u0627\u062a\u06cc \u0688\u06cc\u0679\u0627 \u06a9\u06d2 \u0630\u062e\u06cc\u0631\u06c1 \u06a9\u0631\u0646\u06d2 \u06a9\u06cc \u0645\u062f\u062a<\/strong><\/p><p>\u06c1\u0645 \u0622\u067e \u06a9\u06d2 \u0630\u0627\u062a\u06cc \u0688\u06cc\u0679\u0627 \u06a9\u0648 \u0635\u0631\u0641 \u0627\u062a\u0646\u06cc \u0645\u062f\u062a \u06a9\u06d2 \u0644\u06cc\u06d2 \u0645\u062d\u0641\u0648\u0638 \u0631\u06a9\u06be\u062a\u06d2 \u06c1\u06cc\u06ba \u062c\u062a\u0646\u0627 \u06a9\u06c1 \u06c1\u0645\u0627\u0631\u06d2 \u067e\u0631\u0648\u0633\u06cc\u0633\u0646\u06af \u06a9\u06d2 \u0645\u0642\u0627\u0635\u062f \u06a9\u06d2 \u0644\u06cc\u06d2 \u0636\u0631\u0648\u0631\u06cc \u06c1\u0648\u06d4 \u0622\u067e \u06c1\u0645 \u0633\u06d2 \u0631\u0627\u0628\u0637\u06c1 \u06a9\u0631 \u0633\u06a9\u062a\u06d2 \u06c1\u06cc\u06ba \u062a\u0627\u06a9\u06c1 \u06cc\u06c1 \u062c\u0627\u0646 \u0633\u06a9\u06cc\u06ba \u06a9\u06c1 \u0622\u067e \u06a9\u0627 \u0688\u06cc\u0679\u0627 \u06a9\u062a\u0646\u06d2 \u0639\u0631\u0635\u06d2 \u062a\u06a9 \u0645\u062d\u0641\u0648\u0638 \u06a9\u06cc\u0627 \u062c\u0627\u062a\u0627 \u06c1\u06d2 \u0627\u0648\u0631 \u0627\u0633 \u0645\u062f\u062a \u06a9\u0627 \u062a\u0639\u06cc\u0646 \u06a9\u06cc\u0633\u06d2 \u06a9\u06cc\u0627 \u062c\u0627\u062a\u0627 \u06c1\u06d2\u06d4<\/p><p><strong>\u0667\u06d4 \u0627\u062f\u0627\u0626\u06cc\u06af\u06cc \u06a9\u06cc \u0645\u0639\u0644\u0648\u0645\u0627\u062a \u0627\u0648\u0631 \u0633\u06cc\u06a9\u06cc\u0648\u0631\u0679\u06cc<\/strong><\/p><ul><li>\u0622\u067e \u06a9\u06cc \u06a9\u0631\u06cc\u0688\u0679 \u06a9\u0627\u0631\u0688 \u0627\u0648\u0631 \u0627\u062f\u0627\u0626\u06cc\u06af\u06cc \u06a9\u06cc \u0645\u0639\u0644\u0648\u0645\u0627\u062a 256 \u0628\u0679 SSL \u0633\u0631\u0679\u06cc\u0641\u06a9\u06cc\u0679 \u062c\u06cc\u0633\u06d2 \u062d\u0641\u0627\u0638\u062a\u06cc \u0627\u0642\u062f\u0627\u0645\u0627\u062a \u06a9\u06d2 \u0630\u0631\u06cc\u0639\u06d2 \u0645\u062d\u0641\u0648\u0638 \u06c1\u06cc\u06ba\u06d4<\/li><li>\u0622\u067e \u06a9\u06cc \u06a9\u0627\u0631\u0688 \u06a9\u06cc \u0645\u0639\u0644\u0648\u0645\u0627\u062a \u06a9\u0648 \u0645\u0631\u0645\u0648\u0632 \u0634\u06a9\u0644 \u0645\u06cc\u06ba \u0645\u0646\u062a\u0642\u0644 \u06a9\u06cc\u0627 \u062c\u0627\u062a\u0627 \u06c1\u06d2 \u0627\u0648\u0631 Hostragons \u06a9\u06d2 \u0630\u0631\u06cc\u0639\u06c1 \u0645\u062d\u0641\u0648\u0638 \u0646\u06c1\u06cc\u06ba \u06a9\u06cc\u0627 \u062c\u0627\u062a\u0627 \u06c1\u06d2\u06d4<\/li><li>\u0645\u0645\u06a9\u0646\u06c1 \u0646\u0642\u0635\u0627\u0646 \u062f\u06c1 \u0633\u0627\u0641\u0679 \u0648\u06cc\u0626\u0631 \u06a9\u06d2 \u062e\u0644\u0627\u0641 \u0627\u062d\u062a\u06cc\u0627\u0637\u06cc \u062a\u062f\u0627\u0628\u06cc\u0631 \u0644\u06cc\u0646\u06d2 \u06a9\u06d2 \u0644\u06cc\u06d2 \u0627\u0636\u0627\u0641\u06cc \u062d\u0641\u0627\u0638\u062a\u06cc \u0679\u0648\u0644\u0632 \u0627\u0633\u062a\u0639\u0645\u0627\u0644 \u06a9\u06cc\u06d2 \u062c\u0627\u062a\u06d2 \u06c1\u06cc\u06ba\u06d4<\/li><\/ul><p><strong>\u0668\u06d4 \u06a9\u0648\u06a9\u06cc\u0632 \u0627\u0648\u0631 \u0679\u0631\u06cc\u06a9\u0646\u06af \u0679\u06cc\u06a9\u0646\u0627\u0644\u0648\u062c\u06cc\u0632<\/strong><\/p><p class=\"translation-block\">\u06c1\u0645 \u0627\u067e\u0646\u06cc \u0648\u06cc\u0628 \u0633\u0627\u0626\u0679 \u067e\u0631 \u0635\u0627\u0631\u0641 \u06a9\u06d2 \u062a\u062c\u0631\u0628\u06d2 \u06a9\u0648 \u0628\u06c1\u062a\u0631 \u0628\u0646\u0627\u0646\u06d2 \u0627\u0648\u0631 \u06cc\u06c1 \u0633\u0645\u062c\u06be\u0646\u06d2 \u06a9\u06d2 \u0644\u06cc\u06d2 \u06a9\u06c1 \u06c1\u0645\u0627\u0631\u06cc \u0648\u06cc\u0628 \u0633\u0627\u0626\u0679 \u06a9\u06cc\u0633\u06d2 \u0627\u0633\u062a\u0639\u0645\u0627\u0644 \u06c1\u0648\u062a\u06cc \u06c1\u06d2\u060c \u06a9\u0648\u06a9\u06cc\u0632 \u0627\u0648\u0631 \u0679\u0631\u06cc\u06a9\u0646\u06af \u0679\u06cc\u06a9\u0646\u0627\u0644\u0648\u062c\u06cc\u0632 \u06a9\u0627 \u0627\u0633\u062a\u0639\u0645\u0627\u0644 \u06a9\u0631\u062a\u06d2 \u06c1\u06cc\u06ba\u06d4 \u06a9\u0648\u06a9\u06cc\u0632 \u06a9\u06d2 \u0628\u0627\u0631\u06d2 \u0645\u06cc\u06ba \u0645\u0632\u06cc\u062f \u0645\u0639\u0644\u0648\u0645\u0627\u062a \u0627\u0648\u0631 \u0627\u0646\u06c1\u06cc\u06ba \u06a9\u0633 \u0637\u0631\u062d \u0645\u0646\u0638\u0645 \u06a9\u06cc\u0627 \u062c\u0627\u0626\u06d2\u060c \u06a9\u06d2 \u0644\u06cc\u06d2 \u0622\u067e \u06c1\u0645\u0627\u0631\u06cc <a href=\"https:\/\/www.hostragons.com\/ur\/%da%a9%d9%88%da%a9%db%8c-%d9%be%d8%a7%d9%84%db%8c%d8%b3%db%8c\/\" target=\"_new\" rel=\"noreferrer\">\u06a9\u0648\u06a9\u06cc \u067e\u0627\u0644\u06cc\u0633\u06cc<\/a> \u0635\u0641\u062d\u06c1 \u062f\u06cc\u06a9\u06be \u0633\u06a9\u062a\u06d2 \u06c1\u06cc\u06ba\u06d4<\/p><p><strong>\u0669\u06d4 \u0630\u0627\u062a\u06cc \u0688\u06cc\u0679\u0627 \u06a9\u06cc \u0634\u0631\u0627\u06a9\u062a<\/strong><\/p><ul><li>\u0622\u067e \u06a9\u0627 \u0630\u0627\u062a\u06cc \u0688\u06cc\u0679\u0627 \u0635\u0631\u0641 \u0627\u0646 \u062a\u06cc\u0633\u0631\u06d2 \u0641\u0631\u06cc\u0642\u0648\u06ba \u06a9\u06d2 \u0633\u0627\u062a\u06be \u0634\u06cc\u0626\u0631 \u06a9\u06cc\u0627 \u062c\u0627\u062a\u0627 \u06c1\u06d2 \u062c\u0648 \u06c1\u0645\u0627\u0631\u06cc \u062e\u062f\u0645\u0627\u062a \u0641\u0631\u0627\u06c1\u0645 \u06a9\u0631\u0646\u06d2 \u06a9\u06d2 \u0644\u06cc\u06d2 \u0636\u0631\u0648\u0631\u06cc \u06c1\u06cc\u06ba\u06d4<\/li><li>\u06c1\u0645 \u0622\u067e \u06a9\u0627 \u0688\u06cc\u0679\u0627 \u0642\u0627\u0646\u0648\u0646\u06cc \u0630\u0645\u06c1 \u062f\u0627\u0631\u06cc\u0648\u06ba \u06cc\u0627 \u0639\u062f\u0627\u0644\u062a\u06cc \u0627\u062d\u06a9\u0627\u0645\u0627\u062a \u06a9\u06d2 \u0645\u0637\u0627\u0628\u0642 \u0634\u06cc\u0626\u0631 \u06a9\u0631 \u0633\u06a9\u062a\u06d2 \u06c1\u06cc\u06ba\u06d4<\/li><li>\u062a\u06cc\u0633\u0631\u06d2 \u0641\u0631\u06cc\u0642 \u06a9\u06d2 \u0633\u0627\u062a\u06be \u0688\u06cc\u0679\u0627 \u06a9\u0627 \u0627\u0634\u062a\u0631\u0627\u06a9 \u0635\u0631\u0641 \u0622\u067e \u06a9\u06cc \u0627\u062c\u0627\u0632\u062a \u0633\u06d2 \u06a9\u06cc\u0627 \u062c\u0627\u0626\u06d2 \u06af\u0627\u06d4<\/li><\/ul><p><strong>\u0661\u0660\u06d4 \u0635\u0627\u0631\u0641 \u06a9\u06d2 \u062d\u0642\u0648\u0642<\/strong><\/p><p>\u062c\u06cc \u0688\u06cc \u067e\u06cc \u0622\u0631 \u06a9\u06d2 \u062a\u062d\u062a\u060c \u0635\u0627\u0631\u0641\u06cc\u0646 \u06a9\u0648 \u062f\u0631\u062c \u0630\u06cc\u0644 \u062d\u0642\u0648\u0642 \u062d\u0627\u0635\u0644 \u06c1\u06cc\u06ba:<\/p><ul><li>\u0630\u0627\u062a\u06cc \u0688\u06cc\u0679\u0627 \u062a\u06a9 \u0631\u0633\u0627\u0626\u06cc\u060c \u062f\u0631\u0633\u062a\u06af\u06cc \u06cc\u0627 \u062d\u0630\u0641 \u06a9\u0631\u0646\u06d2 \u06a9\u0627 \u062d\u0642\u06d4<\/li><li>\u0688\u06cc\u0679\u0627 \u06a9\u06cc \u067e\u0631\u0648\u0633\u06cc\u0633\u0646\u06af \u067e\u0631 \u0627\u0639\u062a\u0631\u0627\u0636 \u06a9\u0631\u0646\u06d2 \u0627\u0648\u0631 \u0688\u06cc\u0679\u0627 \u067e\u0648\u0631\u0679\u06cc\u0628\u0644\u0679\u06cc \u06a9\u06d2 \u062d\u0642 \u06a9\u0627 \u062d\u0642\u06d4<\/li><li>\u06a9\u0633\u06cc \u0628\u06be\u06cc \u0648\u0642\u062a \u0631\u0636\u0627\u0645\u0646\u062f\u06cc \u0648\u0627\u067e\u0633 \u0644\u06cc\u0646\u06d2 \u06a9\u0627 \u062d\u0642\u06d4<\/li><\/ul><p><strong>\u0661\u0661\u06d4 \u0688\u06cc\u0679\u0627 \u067e\u0631\u0648\u0679\u06cc\u06a9\u0634\u0646 \u0627\u0645\u067e\u06cc\u06a9\u0679 \u0627\u0633\u06cc\u0633\u0645\u0646\u0679 (DPIA)<\/strong><\/p><p>\u0627\u0639\u0644\u06cc \u062e\u0637\u0631\u06d2 \u0648\u0627\u0644\u06d2 \u0688\u06cc\u0679\u0627 \u067e\u0631\u0648\u0633\u06cc\u0633\u0646\u06af \u0633\u0631\u06af\u0631\u0645\u06cc\u0648\u06ba \u06a9\u06d2 \u0644\u06cc\u06d2 \u0688\u06cc\u0679\u0627 \u067e\u0631\u0648\u0679\u06cc\u06a9\u0634\u0646 \u0627\u0645\u067e\u06cc\u06a9\u0679 \u0627\u0633\u06cc\u0633\u0645\u0646\u0679 (DPIA) \u06a9\u06cc\u0627 \u062c\u0627\u062a\u0627 \u06c1\u06d2\u06d4 DPIA \u0639\u0645\u0644 \u06a9\u06d2 \u0628\u0627\u0631\u06d2 \u0645\u06cc\u06ba \u0645\u0632\u06cc\u062f \u0645\u0639\u0644\u0648\u0645\u0627\u062a \u06a9\u06d2 \u0644\u06cc\u06d2 \u0622\u067e \u06c1\u0645 \u0633\u06d2 \u0631\u0627\u0628\u0637\u06c1 \u06a9\u0631 \u0633\u06a9\u062a\u06d2 \u06c1\u06cc\u06ba\u06d4<\/p><p><strong>\u0661\u0662\u06d4 \u0628\u06cc\u0646 \u0627\u0644\u0627\u0642\u0648\u0627\u0645\u06cc \u0688\u06cc\u0679\u0627 \u0645\u0646\u062a\u0642\u0644\u06cc<\/strong><\/p><p>\u06c1\u0645 \u0622\u067e \u06a9\u06d2 \u0630\u0627\u062a\u06cc \u0688\u06cc\u0679\u0627 \u06a9\u0648 \u06cc\u0648\u0631\u067e\u06cc \u06cc\u0648\u0646\u06cc\u0646 \u0633\u06d2 \u0628\u0627\u06c1\u0631 \u0645\u0646\u062a\u0642\u0644 \u06a9\u0631\u062a\u06d2 \u0648\u0642\u062a \u0636\u0631\u0648\u0631\u06cc \u062d\u0641\u0627\u0638\u062a\u06cc \u0627\u0642\u062f\u0627\u0645\u0627\u062a \u06a9\u0631\u062a\u06d2 \u06c1\u06cc\u06ba\u06d4 \u0628\u06cc\u0646 \u0627\u0644\u0627\u0642\u0648\u0627\u0645\u06cc \u0688\u06cc\u0679\u0627 \u06a9\u06cc \u0645\u0646\u062a\u0642\u0644\u06cc \u06a9\u06d2 \u0628\u0627\u0631\u06d2 \u0645\u06cc\u06ba \u0645\u0632\u06cc\u062f \u0645\u0639\u0644\u0648\u0645\u0627\u062a \u06a9\u06d2 \u0644\u06cc\u06d2 \u0622\u067e \u06c1\u0645 \u0633\u06d2 \u0631\u0627\u0628\u0637\u06c1 \u06a9\u0631 \u0633\u06a9\u062a\u06d2 \u06c1\u06cc\u06ba\u06d4<\/p><p><strong>\u0661\u0663\u06d4 \u0688\u06cc\u0679\u0627 \u06a9\u06d2 \u0627\u0646\u062d\u0631\u0627\u0641 \u06a9\u06cc \u0627\u0637\u0644\u0627\u0639<\/strong><\/p><p>\u0688\u06cc\u0679\u0627 \u06a9\u06cc \u062e\u0644\u0627\u0641 \u0648\u0631\u0632\u06cc \u06a9\u06cc \u0635\u0648\u0631\u062a \u0645\u06cc\u06ba\u060c \u06c1\u0645 \u0645\u062a\u0639\u0644\u0642\u06c1 \u062d\u06a9\u0627\u0645 \u0627\u0648\u0631 \u0645\u062a\u0627\u062b\u0631\u06c1 \u0627\u0641\u0631\u0627\u062f \u06a9\u0648 \u0641\u0648\u0631\u06cc \u0637\u0648\u0631 \u067e\u0631 \u0645\u0637\u0644\u0639 \u06a9\u0631\u062a\u06d2 \u06c1\u06cc\u06ba\u06d4 \u0622\u067e \u06c1\u0645\u0627\u0631\u06d2 \u0688\u06cc\u0679\u0627 \u062e\u0644\u0627\u0641 \u0648\u0631\u0632\u06cc \u06a9\u06d2 \u0637\u0631\u06cc\u0642\u06c1 \u06a9\u0627\u0631 \u06a9\u06d2 \u0628\u0627\u0631\u06d2 \u0645\u06cc\u06ba \u0645\u0632\u06cc\u062f \u0645\u0639\u0644\u0648\u0645\u0627\u062a \u06a9\u06d2 \u0644\u06cc\u06d2 \u06c1\u0645 \u0633\u06d2 \u0631\u0627\u0628\u0637\u06c1 \u06a9\u0631 \u0633\u06a9\u062a\u06d2 \u06c1\u06cc\u06ba\u06d4<\/p><p><strong>\u0661\u0664\u06d4 \u0645\u0639\u0627\u06c1\u062f\u06d2 \u0645\u06cc\u06ba \u062a\u0628\u062f\u06cc\u0644\u06cc\u0627\u06ba<\/strong><\/p><p>\u06cc\u06c1 \u067e\u0627\u0644\u06cc\u0633\u06cc \u0648\u0642\u062a\u0627\u064b \u0641\u0648\u0642\u062a\u0627\u064b \u0627\u067e \u0688\u06cc\u0679 \u06a9\u06cc \u062c\u0627 \u0633\u06a9\u062a\u06cc \u06c1\u06d2\u06d4 \u06a9\u06cc \u062c\u0627\u0646\u06d2 \u0648\u0627\u0644\u06cc \u06a9\u0648\u0626\u06cc \u0628\u06be\u06cc \u062a\u0628\u062f\u06cc\u0644\u06cc \u0627\u0633 \u0635\u0641\u062d\u06c1 \u067e\u0631 \u0634\u0627\u0626\u0639 \u06a9\u06cc \u062c\u0627\u0626\u06d2 \u06af\u06cc \u0627\u0648\u0631 \u0645\u0624\u062b\u0631 \u062a\u0627\u0631\u06cc\u062e \u06a9\u06d2 \u0633\u0627\u062a\u06be \u0628\u06cc\u0627\u0646 \u06a9\u06cc \u062c\u0627\u0626\u06d2 \u06af\u06cc\u06d4 \u0635\u0627\u0631\u0641\u06cc\u0646 \u06a9\u0648 \u0645\u0634\u0648\u0631\u06c1 \u062f\u06cc\u0627 \u062c\u0627\u062a\u0627 \u06c1\u06d2 \u06a9\u06c1 \u0648\u06c1 \u06a9\u0633\u06cc \u0628\u06be\u06cc \u062a\u0628\u062f\u06cc\u0644\u06cc \u0633\u06d2 \u0628\u0627\u062e\u0628\u0631 \u0631\u06c1\u0646\u06d2 \u06a9\u06d2 \u0644\u06cc\u06d2 \u0627\u0633 \u0635\u0641\u062d\u06d2 \u06a9\u0648 \u0628\u0627\u0642\u0627\u0639\u062f\u06af\u06cc \u0633\u06d2 \u0686\u06cc\u06a9 \u06a9\u0631\u06cc\u06ba\u06d4<\/p>\t\t\t\t\t\t\t\t<\/div>\n\t\t\t\t<\/div>\n\t\t\t\t\t<\/div>\n\t\t<\/div>\n\t\t\t\t\t<\/div>\n\t\t<\/section>\n\t\t\t\t<\/div>","protected":false},"excerpt":{"rendered":"<p>Y\u00fcr\u00fcrl\u00fck\/G\u00fcncelleme Tarihi: 05.08.2024 1. Giri\u015f Hostragons Global Limited (&#8220;Hostragons&#8221; olarak an\u0131lacakt\u0131r), kullan\u0131c\u0131lar\u0131m\u0131z\u0131n gizlili\u011fini ve ki\u015fisel verilerinin korunmas\u0131n\u0131 ciddiye al\u0131r. Bu Gizlilik ve GDPR Uyum Politikas\u0131, ki\u015fisel verilerin nas\u0131l topland\u0131\u011f\u0131n\u0131, kullan\u0131ld\u0131\u011f\u0131n\u0131, korundu\u011funu ve GDPR kapsam\u0131nda nas\u0131l y\u00f6netildi\u011fini a\u00e7\u0131klar. Web sitemizi ve hizmetlerimizi kullanarak, bu politikay\u0131 kabul etmi\u015f say\u0131l\u0131rs\u0131n\u0131z. 2. Veri Sorumlusu ve Temsilcisi Hostragons, ki\u015fisel verilerinizi [&hellip;]<\/p>\n","protected":false},"author":94,"featured_media":7854,"parent":0,"menu_order":0,"comment_status":"closed","ping_status":"closed","template":"","meta":{"googlesitekit_rrm_CAow5YvFDA:productID":"","footnotes":""},"class_list":["post-2031","page","type-page","status-publish","has-post-thumbnail","hentry"],"_links":{"self":[{"href":"https:\/\/www.hostragons.com\/ur\/wp-json\/wp\/v2\/pages\/2031","targetHints":{"allow":["GET"]}}],"collection":[{"href":"https:\/\/www.hostragons.com\/ur\/wp-json\/wp\/v2\/pages"}],"about":[{"href":"https:\/\/www.hostragons.com\/ur\/wp-json\/wp\/v2\/types\/page"}],"author":[{"embeddable":true,"href":"https:\/\/www.hostragons.com\/ur\/wp-json\/wp\/v2\/users\/94"}],"replies":[{"embeddable":true,"href":"https:\/\/www.hostragons.com\/ur\/wp-json\/wp\/v2\/comments?post=2031"}],"version-history":[{"count":0,"href":"https:\/\/www.hostragons.com\/ur\/wp-json\/wp\/v2\/pages\/2031\/revisions"}],"wp:featuredmedia":[{"embeddable":true,"href":"https:\/\/www.hostragons.com\/ur\/wp-json\/wp\/v2\/media\/7854"}],"wp:attachment":[{"href":"https:\/\/www.hostragons.com\/ur\/wp-json\/wp\/v2\/media?parent=2031"}],"curies":[{"name":"wp","href":"https:\/\/api.w.org\/{rel}","templated":true}]}}