{"id":2358,"date":"2020-10-02T08:03:18","date_gmt":"2020-10-02T05:03:18","guid":{"rendered":"https:\/\/www.hostragons.com\/?page_id=2358"},"modified":"2025-03-25T09:07:38","modified_gmt":"2025-03-25T09:07:38","slug":"%d0%bf%d0%be%d0%bb%d1%96%d1%82%d0%b8%d0%ba%d0%b0-%d1%84%d0%b0%d0%b9%d0%bb%d1%96%d0%b2-cookie","status":"publish","type":"page","link":"https:\/\/www.hostragons.com\/uk\/%d0%bf%d0%be%d0%bb%d1%96%d1%82%d0%b8%d0%ba%d0%b0-%d1%84%d0%b0%d0%b9%d0%bb%d1%96%d0%b2-cookie\/","title":{"rendered":"\u041f\u043e\u043b\u0456\u0442\u0438\u043a\u0430 \u0432\u0438\u043a\u043e\u0440\u0438\u0441\u0442\u0430\u043d\u043d\u044f \u0444\u0430\u0439\u043b\u0456\u0432 cookie"},"content":{"rendered":"<div data-elementor-type=\"wp-page\" data-elementor-id=\"2358\" class=\"elementor elementor-2358\" data-elementor-post-type=\"page\">\n\t\t\t\t\t\t<section class=\"elementor-section elementor-top-section elementor-element elementor-element-9da5eda elementor-section-boxed elementor-section-height-default elementor-section-height-default\" data-id=\"9da5eda\" data-element_type=\"section\" data-e-type=\"section\">\n\t\t\t\t\t\t<div class=\"elementor-container elementor-column-gap-default\">\n\t\t\t\t\t<div class=\"elementor-column elementor-col-100 elementor-top-column elementor-element elementor-element-a7228de\" data-id=\"a7228de\" data-element_type=\"column\" data-e-type=\"column\">\n\t\t\t<div class=\"elementor-widget-wrap elementor-element-populated\">\n\t\t\t\t\t\t<div class=\"elementor-element elementor-element-8bde4d6 elementor-widget elementor-widget-text-editor\" data-id=\"8bde4d6\" data-element_type=\"widget\" data-e-type=\"widget\" data-widget_type=\"text-editor.default\">\n\t\t\t\t<div class=\"elementor-widget-container\">\n\t\t\t\t\t\t\t\t\t<p><strong>\u0414\u0430\u0442\u0430 \u043d\u0430\u0431\u0440\u0430\u043d\u043d\u044f \u0447\u0438\u043d\u043d\u043e\u0441\u0442\u0456\/\u043e\u043d\u043e\u0432\u043b\u0435\u043d\u043d\u044f:<\/strong> 05.08.2024<\/p><p><strong>1. \u0429\u043e \u0442\u0430\u043a\u0435 \u0444\u0430\u0439\u043b\u0438 cookie?<\/strong><\/p><p>\u0424\u0430\u0439\u043b\u0438 cookie \u2014 \u0446\u0435 \u043d\u0435\u0432\u0435\u043b\u0438\u043a\u0456 \u0444\u0430\u0439\u043b\u0438 \u0434\u0430\u043d\u0438\u0445, \u044f\u043a\u0456 \u0432\u0435\u0431-\u0441\u0430\u0439\u0442\u0438 \u043d\u0430\u0434\u0441\u0438\u043b\u0430\u044e\u0442\u044c \u0443 \u0432\u0430\u0448 \u0431\u0440\u0430\u0443\u0437\u0435\u0440 \u0456 \u0437\u0431\u0435\u0440\u0456\u0433\u0430\u044e\u0442\u044c \u043d\u0430 \u0432\u0430\u0448\u043e\u043c\u0443 \u043f\u0440\u0438\u0441\u0442\u0440\u043e\u0457. \u0426\u0456 \u0444\u0430\u0439\u043b\u0438 \u0434\u043e\u0437\u0432\u043e\u043b\u044f\u044e\u0442\u044c \u0432\u0430\u0448\u043e\u043c\u0443 \u0431\u0440\u0430\u0443\u0437\u0435\u0440\u0443 \u0440\u043e\u0437\u043f\u0456\u0437\u043d\u0430\u0432\u0430\u0442\u0438 \u0432\u0435\u0431-\u0441\u0430\u0439\u0442, \u043a\u043e\u043b\u0438 \u0432\u0438 \u0432\u0456\u0434\u0432\u0456\u0434\u0443\u0454\u0442\u0435 \u0439\u043e\u0433\u043e \u0437\u043d\u043e\u0432\u0443, \u0456 \u043f\u0435\u0440\u0441\u043e\u043d\u0430\u043b\u0456\u0437\u0443\u0432\u0430\u0442\u0438 \u0440\u043e\u0431\u043e\u0442\u0443 \u043a\u043e\u0440\u0438\u0441\u0442\u0443\u0432\u0430\u0447\u0430, \u0437\u0430\u043f\u0430\u043c\u2019\u044f\u0442\u043e\u0432\u0443\u044e\u0447\u0438 \u0432\u0430\u0448\u0456 \u0432\u043f\u043e\u0434\u043e\u0431\u0430\u043d\u043d\u044f \u0437 \u043f\u043e\u043f\u0435\u0440\u0435\u0434\u043d\u0456\u0445 \u0432\u0456\u0434\u0432\u0456\u0434\u0443\u0432\u0430\u043d\u044c.<\/p><p><strong>2. \u0426\u0456\u043b\u0456 \u0432\u0438\u043a\u043e\u0440\u0438\u0441\u0442\u0430\u043d\u043d\u044f \u0444\u0430\u0439\u043b\u0456\u0432 cookie<\/strong><\/p><p>Hostragons \u0432\u0438\u043a\u043e\u0440\u0438\u0441\u0442\u043e\u0432\u0443\u0454 \u0444\u0430\u0439\u043b\u0438 cookie \u0434\u043b\u044f \u043d\u0430\u0441\u0442\u0443\u043f\u043d\u0438\u0445 \u0446\u0456\u043b\u0435\u0439:<\/p><ul><li class=\"translation-block\"><strong>\u041e\u0431\u043e\u0432\u2019\u044f\u0437\u043a\u043e\u0432\u0456 \u0444\u0430\u0439\u043b\u0438 cookie:<\/strong> \u043d\u0435\u043e\u0431\u0445\u0456\u0434\u043d\u0456 \u0434\u043b\u044f \u0432\u0438\u043a\u043e\u043d\u0430\u043d\u043d\u044f \u043e\u0441\u043d\u043e\u0432\u043d\u0438\u043c\u0438 \u0444\u0443\u043d\u043a\u0446\u0456\u044f\u043c\u0438 \u0441\u0430\u0439\u0442\u0443.<\/li><li><strong>\u0424\u0430\u0439\u043b\u0438 cookie \u043f\u0440\u043e\u0434\u0443\u043a\u0442\u0438\u0432\u043d\u043e\u0441\u0442\u0456:<\/strong> \u0412\u0438\u043a\u043e\u0440\u0438\u0441\u0442\u043e\u0432\u0443\u0454\u0442\u044c\u0441\u044f \u0434\u043b\u044f \u043c\u043e\u043d\u0456\u0442\u043e\u0440\u0438\u043d\u0433\u0443 \u0442\u0430 \u043f\u043e\u043a\u0440\u0430\u0449\u0435\u043d\u043d\u044f \u043f\u0440\u043e\u0434\u0443\u043a\u0442\u0438\u0432\u043d\u043e\u0441\u0442\u0456 \u0441\u0430\u0439\u0442\u0443.<\/li><li class=\"translation-block\"><strong>\u0424\u0443\u043d\u043a\u0446\u0456\u043e\u043d\u0430\u043b\u044c\u043d\u0456 \u0444\u0430\u0439\u043b\u0438 cookie:<\/strong> \u0437\u0430\u0431\u0435\u0437\u043f\u0435\u0447\u0443\u044e\u0442\u044c \u043f\u0435\u0440\u0441\u043e\u043d\u0430\u043b\u0456\u0437\u043e\u0432\u0430\u043d\u0438\u0439 \u0434\u043e\u0441\u0432\u0456\u0434, \u0437\u0430\u043f\u0430\u043c\u2019\u044f\u0442\u043e\u0432\u0443\u044e\u0447\u0438 \u043d\u0430\u043b\u0430\u0448\u0442\u0443\u0432\u0430\u043d\u043d\u044f \u043a\u043e\u0440\u0438\u0441\u0442\u0443\u0432\u0430\u0447\u0430.<\/li><li class=\"translation-block\"><strong>\u0420\u0435\u043a\u043b\u0430\u043c\u043d\u0456 \u0442\u0430 \u043c\u0430\u0440\u043a\u0435\u0442\u0438\u043d\u0433\u043e\u0432\u0456 \u0444\u0430\u0439\u043b\u0438 cookie:<\/strong> \u0432\u0438\u043a\u043e\u0440\u0438\u0441\u0442\u043e\u0432\u0443\u044e\u0442\u044c\u0441\u044f \u0434\u043b\u044f \u043d\u0430\u0434\u0430\u043d\u043d\u044f \u0432\u043c\u0456\u0441\u0442\u0443 \u0442\u0430 \u0440\u0435\u043a\u043b\u0430\u043c\u0438, \u0449\u043e \u0432\u0456\u0434\u043f\u043e\u0432\u0456\u0434\u0430\u044e\u0442\u044c \u0432\u0430\u0448\u0438\u043c \u0456\u043d\u0442\u0435\u0440\u0435\u0441\u0430\u043c.<\/li><\/ul><p><strong>3. \u0421\u0442\u043e\u0440\u043e\u043d\u043d\u0456 \u0444\u0430\u0439\u043b\u0438 cookie<\/strong><\/p><p>\u0414\u0435\u044f\u043a\u0438\u043c\u0438 \u0444\u0430\u0439\u043b\u0430\u043c\u0438 cookie \u043d\u0430 \u043d\u0430\u0448\u043e\u043c\u0443 \u0441\u0430\u0439\u0442\u0456 \u043a\u0435\u0440\u0443\u044e\u0442\u044c \u0441\u0442\u043e\u0440\u043e\u043d\u043d\u0456 \u043f\u043e\u0441\u0442\u0430\u0447\u0430\u043b\u044c\u043d\u0438\u043a\u0438 \u043f\u043e\u0441\u043b\u0443\u0433. \u0426\u0456 \u0444\u0430\u0439\u043b\u0438 cookie \u0432\u0438\u043a\u043e\u0440\u0438\u0441\u0442\u043e\u0432\u0443\u044e\u0442\u044c\u0441\u044f \u0434\u043b\u044f \u0440\u0435\u043a\u043b\u0430\u043c\u043d\u0438\u0445 \u0456 \u0430\u043d\u0430\u043b\u0456\u0442\u0438\u0447\u043d\u0438\u0445 \u0441\u043b\u0443\u0436\u0431 \u0456 \u043f\u0456\u0434\u043f\u0430\u0434\u0430\u044e\u0442\u044c \u043f\u0456\u0434 \u0434\u0456\u044e \u043f\u043e\u043b\u0456\u0442\u0438\u043a\u0438 \u043a\u043e\u043d\u0444\u0456\u0434\u0435\u043d\u0446\u0456\u0439\u043d\u043e\u0441\u0442\u0456 \u0442\u0440\u0435\u0442\u0456\u0445 \u0441\u0442\u043e\u0440\u0456\u043d. \u041c\u0438 \u0440\u0435\u043a\u043e\u043c\u0435\u043d\u0434\u0443\u0454\u043c\u043e \u0432\u0430\u043c \u043f\u0435\u0440\u0435\u0433\u043b\u044f\u043d\u0443\u0442\u0438 \u043f\u043e\u043b\u0456\u0442\u0438\u043a\u0443 \u043a\u043e\u043d\u0444\u0456\u0434\u0435\u043d\u0446\u0456\u0439\u043d\u043e\u0441\u0442\u0456 \u0446\u0438\u0445 \u043f\u043e\u0441\u0442\u0430\u0447\u0430\u043b\u044c\u043d\u0438\u043a\u0456\u0432 \u043f\u043e\u0441\u043b\u0443\u0433, \u0449\u043e\u0431 \u0434\u0456\u0437\u043d\u0430\u0442\u0438\u0441\u044f \u0431\u0456\u043b\u044c\u0448\u0435 \u043f\u0440\u043e \u0432\u0438\u043a\u043e\u0440\u0438\u0441\u0442\u0430\u043d\u043d\u044f \u043d\u0438\u043c\u0438 \u0441\u0442\u043e\u0440\u043e\u043d\u043d\u0456\u0445 \u0444\u0430\u0439\u043b\u0456\u0432 cookie.<\/p><p><strong>4. \u041a\u043e\u043d\u0442\u0440\u043e\u043b\u044c \u0456 \u0432\u0438\u0434\u0430\u043b\u0435\u043d\u043d\u044f \u0444\u0430\u0439\u043b\u0456\u0432 cookie<\/strong><\/p><p>\u0412\u0438 \u043c\u043e\u0436\u0435\u0442\u0435 \u043a\u0435\u0440\u0443\u0432\u0430\u0442\u0438, \u043f\u0440\u0438\u0439\u043c\u0430\u0442\u0438 \u0430\u0431\u043e \u0432\u0456\u0434\u0445\u0438\u043b\u044f\u0442\u0438 \u0444\u0430\u0439\u043b\u0438 cookie \u0447\u0435\u0440\u0435\u0437 \u043d\u0430\u043b\u0430\u0448\u0442\u0443\u0432\u0430\u043d\u043d\u044f \u0441\u0432\u043e\u0433\u043e \u0431\u0440\u0430\u0443\u0437\u0435\u0440\u0430. \u0412\u0438 \u0442\u0430\u043a\u043e\u0436 \u043c\u043e\u0436\u0435\u0442\u0435 \u0432\u0438\u0434\u0430\u043b\u0438\u0442\u0438 \u0444\u0430\u0439\u043b\u0438 cookie, \u0440\u0430\u043d\u0456\u0448\u0435 \u0437\u0431\u0435\u0440\u0435\u0436\u0435\u043d\u0456 \u0443 \u0432\u0430\u0448\u043e\u043c\u0443 \u0431\u0440\u0430\u0443\u0437\u0435\u0440\u0456. \u0414\u043b\u044f \u043e\u0442\u0440\u0438\u043c\u0430\u043d\u043d\u044f \u0434\u043e\u0434\u0430\u0442\u043a\u043e\u0432\u043e\u0457 \u0456\u043d\u0444\u043e\u0440\u043c\u0430\u0446\u0456\u0457 \u043f\u0440\u043e \u0442\u0435, \u044f\u043a \u043a\u0435\u0440\u0443\u0432\u0430\u0442\u0438 \u0444\u0430\u0439\u043b\u0430\u043c\u0438 cookie, \u0432\u0438 \u043c\u043e\u0436\u0435\u0442\u0435 \u0437\u0432\u0435\u0440\u043d\u0443\u0442\u0438\u0441\u044f \u0434\u043e \u0456\u043d\u0441\u0442\u0440\u0443\u043a\u0446\u0456\u0439, \u0449\u043e \u0441\u0442\u043e\u0441\u0443\u044e\u0442\u044c\u0441\u044f \u0431\u0440\u0430\u0443\u0437\u0435\u0440\u0430, \u044f\u043a\u0438\u0439 \u0432\u0438 \u0432\u0438\u043a\u043e\u0440\u0438\u0441\u0442\u043e\u0432\u0443\u0454\u0442\u0435:<\/p><ul><li><a target=\"_new\" rel=\"noreferrer\">Google Chrome<\/a><\/li><li><a href=\"https:\/\/support.mozilla.org\/tr\/kb\/cerezleri-silme\" target=\"_new\" rel=\"noreferrer noopener\">Mozilla Firefox<\/a><\/li><li><a href=\"https:\/\/support.apple.com\/tr-tr\/guide\/safari\/sfri11471\/mac\" target=\"_new\" rel=\"noreferrer noopener\">\u0421\u0430\u0444\u0430\u0440\u0456<\/a><\/li><li><a href=\"https:\/\/support.microsoft.com\/tr-tr\/help\/4027947\/microsoft-edge-delete-cookies\" target=\"_new\" rel=\"noreferrer noopener\">Microsoft Edge<\/a><\/li><\/ul><p class=\"translation-block\">5. \u0417\u043c\u0456\u043d\u0438 \u043f\u043e\u043b\u0456\u0442\u0438\u043a\u0438 \u0449\u043e\u0434\u043e \u0444\u0430\u0439\u043b\u0456\u0432 cookie<\/p><p>Hostragons \u0437\u0430\u043b\u0438\u0448\u0430\u0454 \u0437\u0430 \u0441\u043e\u0431\u043e\u044e \u043f\u0440\u0430\u0432\u043e \u0437\u043c\u0456\u043d\u044e\u0432\u0430\u0442\u0438 \u0441\u0432\u043e\u044e \u043f\u043e\u043b\u0456\u0442\u0438\u043a\u0443 \u0432\u0438\u043a\u043e\u0440\u0438\u0441\u0442\u0430\u043d\u043d\u044f \u0444\u0430\u0439\u043b\u0456\u0432 cookie. \u0411\u0443\u0434\u044c-\u044f\u043a\u0456 \u0437\u043c\u0456\u043d\u0438 \u043d\u0430\u0448\u043e\u0457 \u043f\u043e\u043b\u0456\u0442\u0438\u043a\u0438 \u0431\u0443\u0434\u0443\u0442\u044c \u043e\u043d\u043e\u0432\u043b\u0435\u043d\u0456 \u043d\u0430 \u0446\u0456\u0439 \u0441\u0442\u043e\u0440\u0456\u043d\u0446\u0456 \u0442\u0430 \u043d\u0430\u0431\u0443\u0434\u0443\u0442\u044c \u0447\u0438\u043d\u043d\u043e\u0441\u0442\u0456. \u041c\u0438 \u0440\u0435\u043a\u043e\u043c\u0435\u043d\u0434\u0443\u0454\u043c\u043e \u043a\u043e\u0440\u0438\u0441\u0442\u0443\u0432\u0430\u0447\u0430\u043c \u0431\u0443\u0442\u0438 \u0432 \u043a\u0443\u0440\u0441\u0456 \u0431\u0443\u0434\u044c-\u044f\u043a\u0438\u0445 \u0437\u043c\u0456\u043d, \u0440\u0435\u0433\u0443\u043b\u044f\u0440\u043d\u043e \u043f\u0435\u0440\u0435\u0432\u0456\u0440\u044f\u044e\u0447\u0438 \u0446\u044e \u0441\u0442\u043e\u0440\u0456\u043d\u043a\u0443.<\/p><p><strong>6. \u0421\u043f\u0456\u043b\u043a\u0443\u0432\u0430\u043d\u043d\u044f<\/strong><\/p><p>\u042f\u043a\u0449\u043e \u0443 \u0412\u0430\u0441 \u0432\u0438\u043d\u0438\u043a\u043b\u0438 \u0437\u0430\u043f\u0438\u0442\u0430\u043d\u043d\u044f \u0449\u043e\u0434\u043e \u0446\u0456\u0454\u0457 \u043f\u043e\u043b\u0456\u0442\u0438\u043a\u0438 \u0441\u0442\u043e\u0441\u043e\u0432\u043d\u043e \u0444\u0430\u0439\u043b\u0456\u0432 cookie <a rel=\"noreferrer\">hello@hostragons.com<\/a> \u0412\u0438 \u043c\u043e\u0436\u0435\u0442\u0435 \u0437\u0432&#039;\u044f\u0437\u0430\u0442\u0438\u0441\u044f \u0437 \u043d\u0430\u043c\u0438 \u0437\u0430 \u0430\u0434\u0440\u0435\u0441\u043e\u044e.<\/p>\t\t\t\t\t\t\t\t<\/div>\n\t\t\t\t<\/div>\n\t\t\t\t\t<\/div>\n\t\t<\/div>\n\t\t\t\t\t<\/div>\n\t\t<\/section>\n\t\t\t\t<\/div>","protected":false},"excerpt":{"rendered":"<p>Y\u00fcr\u00fcrl\u00fck\/G\u00fcncelleme Tarihi: 05.08.2024 1. \u00c7erez (Cookie) Nedir? \u00c7erezler, web siteleri taraf\u0131ndan taray\u0131c\u0131n\u0131za g\u00f6nderilen ve cihaz\u0131n\u0131zda depolanan k\u00fc\u00e7\u00fck veri dosyalar\u0131d\u0131r. Bu dosyalar, siteyi tekrar ziyaret etti\u011finizde taray\u0131c\u0131n\u0131z\u0131n web sitesini tan\u0131mas\u0131n\u0131 sa\u011flar ve \u00f6nceki ziyaretlerinizdeki tercihlerinizi hat\u0131rlayarak kullan\u0131c\u0131 deneyiminizi ki\u015fiselle\u015ftirir. 2. \u00c7erezlerin Kullan\u0131m Ama\u00e7lar\u0131 Hostragons, a\u015fa\u011f\u0131daki ama\u00e7lar do\u011frultusunda \u00e7erezleri kullan\u0131r: Zorunlu \u00c7erezler: Sitenin temel i\u015flevlerini yerine getirebilmesi [&hellip;]<\/p>\n","protected":false},"author":94,"featured_media":7852,"parent":0,"menu_order":0,"comment_status":"closed","ping_status":"closed","template":"","meta":{"googlesitekit_rrm_CAow5YvFDA:productID":"","footnotes":""},"class_list":["post-2358","page","type-page","status-publish","has-post-thumbnail","hentry"],"_links":{"self":[{"href":"https:\/\/www.hostragons.com\/uk\/wp-json\/wp\/v2\/pages\/2358","targetHints":{"allow":["GET"]}}],"collection":[{"href":"https:\/\/www.hostragons.com\/uk\/wp-json\/wp\/v2\/pages"}],"about":[{"href":"https:\/\/www.hostragons.com\/uk\/wp-json\/wp\/v2\/types\/page"}],"author":[{"embeddable":true,"href":"https:\/\/www.hostragons.com\/uk\/wp-json\/wp\/v2\/users\/94"}],"replies":[{"embeddable":true,"href":"https:\/\/www.hostragons.com\/uk\/wp-json\/wp\/v2\/comments?post=2358"}],"version-history":[{"count":0,"href":"https:\/\/www.hostragons.com\/uk\/wp-json\/wp\/v2\/pages\/2358\/revisions"}],"wp:featuredmedia":[{"embeddable":true,"href":"https:\/\/www.hostragons.com\/uk\/wp-json\/wp\/v2\/media\/7852"}],"wp:attachment":[{"href":"https:\/\/www.hostragons.com\/uk\/wp-json\/wp\/v2\/media?parent=2358"}],"curies":[{"name":"\u0412\u041f","href":"https:\/\/api.w.org\/{rel}","templated":true}]}}