{"id":2358,"date":"2020-10-02T08:03:18","date_gmt":"2020-10-02T05:03:18","guid":{"rendered":"https:\/\/www.hostragons.com\/?page_id=2358"},"modified":"2025-03-25T09:07:38","modified_gmt":"2025-03-25T09:07:38","slug":"%e0%b8%99%e0%b9%82%e0%b8%a2%e0%b8%9a%e0%b8%b2%e0%b8%a2%e0%b8%84%e0%b8%b8%e0%b8%81%e0%b8%81%e0%b8%b5%e0%b9%89","status":"publish","type":"page","link":"https:\/\/www.hostragons.com\/th\/%e0%b8%99%e0%b9%82%e0%b8%a2%e0%b8%9a%e0%b8%b2%e0%b8%a2%e0%b8%84%e0%b8%b8%e0%b8%81%e0%b8%81%e0%b8%b5%e0%b9%89\/","title":{"rendered":"\u0e19\u0e42\u0e22\u0e1a\u0e32\u0e22\u0e04\u0e38\u0e01\u0e01\u0e35\u0e49"},"content":{"rendered":"<div data-elementor-type=\"wp-page\" data-elementor-id=\"2358\" class=\"elementor elementor-2358\" data-elementor-post-type=\"page\">\n\t\t\t\t\t\t<section class=\"elementor-section elementor-top-section elementor-element elementor-element-9da5eda elementor-section-boxed elementor-section-height-default elementor-section-height-default\" data-id=\"9da5eda\" data-element_type=\"section\" data-e-type=\"section\">\n\t\t\t\t\t\t<div class=\"elementor-container elementor-column-gap-default\">\n\t\t\t\t\t<div class=\"elementor-column elementor-col-100 elementor-top-column elementor-element elementor-element-a7228de\" data-id=\"a7228de\" data-element_type=\"column\" data-e-type=\"column\">\n\t\t\t<div class=\"elementor-widget-wrap elementor-element-populated\">\n\t\t\t\t\t\t<div class=\"elementor-element elementor-element-8bde4d6 elementor-widget elementor-widget-text-editor\" data-id=\"8bde4d6\" data-element_type=\"widget\" data-e-type=\"widget\" data-widget_type=\"text-editor.default\">\n\t\t\t\t<div class=\"elementor-widget-container\">\n\t\t\t\t\t\t\t\t\t<p><strong>\u0e27\u0e31\u0e19\u0e17\u0e35\u0e48\u0e21\u0e35\u0e1c\u0e25\u0e1a\u0e31\u0e07\u0e04\u0e31\u0e1a\u0e43\u0e0a\u0e49\/\u0e2d\u0e31\u0e1b\u0e40\u0e14\u0e15:<\/strong> 05.08.2024<\/p><p><strong>1. \u0e04\u0e38\u0e01\u0e01\u0e35\u0e49\u0e04\u0e37\u0e2d\u0e2d\u0e30\u0e44\u0e23?<\/strong><\/p><p>\u0e04\u0e38\u0e01\u0e01\u0e35\u0e49\u0e04\u0e37\u0e2d\u0e44\u0e1f\u0e25\u0e4c\u0e02\u0e49\u0e2d\u0e21\u0e39\u0e25\u0e02\u0e19\u0e32\u0e14\u0e40\u0e25\u0e47\u0e01\u0e17\u0e35\u0e48\u0e40\u0e27\u0e47\u0e1a\u0e44\u0e0b\u0e15\u0e4c\u0e2a\u0e48\u0e07\u0e44\u0e1b\u0e22\u0e31\u0e07\u0e40\u0e1a\u0e23\u0e32\u0e27\u0e4c\u0e40\u0e0b\u0e2d\u0e23\u0e4c\u0e02\u0e2d\u0e07\u0e04\u0e38\u0e13 \u0e41\u0e25\u0e30\u0e08\u0e31\u0e14\u0e40\u0e01\u0e47\u0e1a\u0e44\u0e27\u0e49\u0e43\u0e19\u0e2d\u0e38\u0e1b\u0e01\u0e23\u0e13\u0e4c\u0e02\u0e2d\u0e07\u0e04\u0e38\u0e13 \u0e44\u0e1f\u0e25\u0e4c\u0e40\u0e2b\u0e25\u0e48\u0e32\u0e19\u0e35\u0e49\u0e0a\u0e48\u0e27\u0e22\u0e43\u0e2b\u0e49\u0e40\u0e1a\u0e23\u0e32\u0e27\u0e4c\u0e40\u0e0b\u0e2d\u0e23\u0e4c\u0e02\u0e2d\u0e07\u0e04\u0e38\u0e13\u0e08\u0e14\u0e08\u0e33\u0e40\u0e27\u0e47\u0e1a\u0e44\u0e0b\u0e15\u0e4c\u0e40\u0e21\u0e37\u0e48\u0e2d\u0e04\u0e38\u0e13\u0e40\u0e22\u0e35\u0e48\u0e22\u0e21\u0e0a\u0e21\u0e40\u0e27\u0e47\u0e1a\u0e44\u0e0b\u0e15\u0e4c\u0e2d\u0e35\u0e01\u0e04\u0e23\u0e31\u0e49\u0e07 \u0e41\u0e25\u0e30\u0e1b\u0e23\u0e31\u0e1a\u0e41\u0e15\u0e48\u0e07\u0e1b\u0e23\u0e30\u0e2a\u0e1a\u0e01\u0e32\u0e23\u0e13\u0e4c\u0e1c\u0e39\u0e49\u0e43\u0e0a\u0e49\u0e02\u0e2d\u0e07\u0e04\u0e38\u0e13\u0e14\u0e49\u0e27\u0e22\u0e01\u0e32\u0e23\u0e08\u0e14\u0e08\u0e33\u0e01\u0e32\u0e23\u0e15\u0e31\u0e49\u0e07\u0e04\u0e48\u0e32\u0e02\u0e2d\u0e07\u0e04\u0e38\u0e13\u0e08\u0e32\u0e01\u0e01\u0e32\u0e23\u0e40\u0e02\u0e49\u0e32\u0e0a\u0e21\u0e04\u0e23\u0e31\u0e49\u0e07\u0e01\u0e48\u0e2d\u0e19<\/p><p><strong>2. \u0e27\u0e31\u0e15\u0e16\u0e38\u0e1b\u0e23\u0e30\u0e2a\u0e07\u0e04\u0e4c\u0e02\u0e2d\u0e07\u0e01\u0e32\u0e23\u0e43\u0e0a\u0e49\u0e04\u0e38\u0e01\u0e01\u0e35\u0e49<\/strong><\/p><p>Hostragons \u0e43\u0e0a\u0e49\u0e04\u0e38\u0e01\u0e01\u0e35\u0e49\u0e40\u0e1e\u0e37\u0e48\u0e2d\u0e27\u0e31\u0e15\u0e16\u0e38\u0e1b\u0e23\u0e30\u0e2a\u0e07\u0e04\u0e4c\u0e14\u0e31\u0e07\u0e15\u0e48\u0e2d\u0e44\u0e1b\u0e19\u0e35\u0e49:<\/p><ul><li class=\"translation-block\"><strong>\u0e04\u0e38\u0e01\u0e01\u0e35\u0e49\u0e1a\u0e31\u0e07\u0e04\u0e31\u0e1a:<\/strong> \u0e08\u0e33\u0e40\u0e1b\u0e47\u0e19\u0e2a\u0e33\u0e2b\u0e23\u0e31\u0e1a\u0e44\u0e0b\u0e15\u0e4c\u0e43\u0e19\u0e01\u0e32\u0e23\u0e17\u0e33\u0e2b\u0e19\u0e49\u0e32\u0e17\u0e35\u0e48\u0e1e\u0e37\u0e49\u0e19\u0e10\u0e32\u0e19<\/li><li><strong>\u0e04\u0e38\u0e01\u0e01\u0e35\u0e49\u0e1b\u0e23\u0e30\u0e2a\u0e34\u0e17\u0e18\u0e34\u0e20\u0e32\u0e1e:<\/strong> \u0e43\u0e0a\u0e49\u0e40\u0e1e\u0e37\u0e48\u0e2d\u0e15\u0e23\u0e27\u0e08\u0e2a\u0e2d\u0e1a\u0e41\u0e25\u0e30\u0e1b\u0e23\u0e31\u0e1a\u0e1b\u0e23\u0e38\u0e07\u0e1b\u0e23\u0e30\u0e2a\u0e34\u0e17\u0e18\u0e34\u0e20\u0e32\u0e1e\u0e02\u0e2d\u0e07\u0e40\u0e27\u0e47\u0e1a\u0e44\u0e0b\u0e15\u0e4c<\/li><li class=\"translation-block\"><strong>\u0e04\u0e38\u0e01\u0e01\u0e35\u0e49\u0e40\u0e0a\u0e34\u0e07\u0e1f\u0e31\u0e07\u0e01\u0e4c\u0e0a\u0e31\u0e19:<\/strong> \u0e21\u0e2d\u0e1a\u0e1b\u0e23\u0e30\u0e2a\u0e1a\u0e01\u0e32\u0e23\u0e13\u0e4c\u0e17\u0e35\u0e48\u0e40\u0e1b\u0e47\u0e19\u0e2a\u0e48\u0e27\u0e19\u0e15\u0e31\u0e27\u0e42\u0e14\u0e22\u0e01\u0e32\u0e23\u0e08\u0e14\u0e08\u0e33\u0e01\u0e32\u0e23\u0e15\u0e31\u0e49\u0e07\u0e04\u0e48\u0e32\u0e02\u0e2d\u0e07\u0e1c\u0e39\u0e49\u0e43\u0e0a\u0e49<\/li><li class=\"translation-block\"><strong>\u0e04\u0e38\u0e01\u0e01\u0e35\u0e49\u0e01\u0e32\u0e23\u0e42\u0e06\u0e29\u0e13\u0e32\u0e41\u0e25\u0e30\u0e01\u0e32\u0e23\u0e15\u0e25\u0e32\u0e14:<\/strong> \u0e43\u0e0a\u0e49\u0e40\u0e1e\u0e37\u0e48\u0e2d\u0e2a\u0e48\u0e07\u0e21\u0e2d\u0e1a\u0e40\u0e19\u0e37\u0e49\u0e2d\u0e2b\u0e32\u0e41\u0e25\u0e30\u0e42\u0e06\u0e29\u0e13\u0e32\u0e17\u0e35\u0e48\u0e40\u0e2b\u0e21\u0e32\u0e30\u0e01\u0e31\u0e1a\u0e04\u0e27\u0e32\u0e21\u0e2a\u0e19\u0e43\u0e08\u0e02\u0e2d\u0e07\u0e04\u0e38\u0e13<\/li><\/ul><p><strong>3. \u0e04\u0e38\u0e01\u0e01\u0e35\u0e49\u0e02\u0e2d\u0e07\u0e1a\u0e38\u0e04\u0e04\u0e25\u0e17\u0e35\u0e48\u0e2a\u0e32\u0e21<\/strong><\/p><p>\u0e04\u0e38\u0e01\u0e01\u0e35\u0e49\u0e1a\u0e32\u0e07\u0e15\u0e31\u0e27\u0e1a\u0e19\u0e40\u0e27\u0e47\u0e1a\u0e44\u0e0b\u0e15\u0e4c\u0e02\u0e2d\u0e07\u0e40\u0e23\u0e32\u0e44\u0e14\u0e49\u0e23\u0e31\u0e1a\u0e01\u0e32\u0e23\u0e08\u0e31\u0e14\u0e01\u0e32\u0e23\u0e42\u0e14\u0e22\u0e1c\u0e39\u0e49\u0e43\u0e2b\u0e49\u0e1a\u0e23\u0e34\u0e01\u0e32\u0e23\u0e1a\u0e38\u0e04\u0e04\u0e25\u0e17\u0e35\u0e48\u0e2a\u0e32\u0e21 \u0e04\u0e38\u0e01\u0e01\u0e35\u0e49\u0e40\u0e2b\u0e25\u0e48\u0e32\u0e19\u0e35\u0e49\u0e43\u0e0a\u0e49\u0e2a\u0e33\u0e2b\u0e23\u0e31\u0e1a\u0e1a\u0e23\u0e34\u0e01\u0e32\u0e23\u0e42\u0e06\u0e29\u0e13\u0e32\u0e41\u0e25\u0e30\u0e01\u0e32\u0e23\u0e27\u0e34\u0e40\u0e04\u0e23\u0e32\u0e30\u0e2b\u0e4c \u0e41\u0e25\u0e30\u0e2d\u0e22\u0e39\u0e48\u0e20\u0e32\u0e22\u0e43\u0e15\u0e49\u0e19\u0e42\u0e22\u0e1a\u0e32\u0e22\u0e04\u0e27\u0e32\u0e21\u0e40\u0e1b\u0e47\u0e19\u0e2a\u0e48\u0e27\u0e19\u0e15\u0e31\u0e27\u0e02\u0e2d\u0e07\u0e1a\u0e38\u0e04\u0e04\u0e25\u0e17\u0e35\u0e48\u0e2a\u0e32\u0e21 \u0e40\u0e23\u0e32\u0e02\u0e2d\u0e41\u0e19\u0e30\u0e19\u0e33\u0e43\u0e2b\u0e49\u0e04\u0e38\u0e13\u0e15\u0e23\u0e27\u0e08\u0e2a\u0e2d\u0e1a\u0e19\u0e42\u0e22\u0e1a\u0e32\u0e22\u0e04\u0e27\u0e32\u0e21\u0e40\u0e1b\u0e47\u0e19\u0e2a\u0e48\u0e27\u0e19\u0e15\u0e31\u0e27\u0e02\u0e2d\u0e07\u0e1c\u0e39\u0e49\u0e43\u0e2b\u0e49\u0e1a\u0e23\u0e34\u0e01\u0e32\u0e23\u0e40\u0e2b\u0e25\u0e48\u0e32\u0e19\u0e35\u0e49\u0e40\u0e1e\u0e37\u0e48\u0e2d\u0e14\u0e39\u0e02\u0e49\u0e2d\u0e21\u0e39\u0e25\u0e40\u0e1e\u0e34\u0e48\u0e21\u0e40\u0e15\u0e34\u0e21\u0e40\u0e01\u0e35\u0e48\u0e22\u0e27\u0e01\u0e31\u0e1a\u0e01\u0e32\u0e23\u0e43\u0e0a\u0e49\u0e04\u0e38\u0e01\u0e01\u0e35\u0e49\u0e02\u0e2d\u0e07\u0e1a\u0e38\u0e04\u0e04\u0e25\u0e17\u0e35\u0e48\u0e2a\u0e32\u0e21<\/p><p><strong>4. \u0e01\u0e32\u0e23\u0e04\u0e27\u0e1a\u0e04\u0e38\u0e21\u0e41\u0e25\u0e30\u0e01\u0e32\u0e23\u0e25\u0e1a\u0e04\u0e38\u0e01\u0e01\u0e35\u0e49<\/strong><\/p><p>\u0e04\u0e38\u0e13\u0e2a\u0e32\u0e21\u0e32\u0e23\u0e16\u0e08\u0e31\u0e14\u0e01\u0e32\u0e23 \u0e22\u0e2d\u0e21\u0e23\u0e31\u0e1a \u0e2b\u0e23\u0e37\u0e2d\u0e1b\u0e0f\u0e34\u0e40\u0e2a\u0e18\u0e04\u0e38\u0e01\u0e01\u0e35\u0e49\u0e1c\u0e48\u0e32\u0e19\u0e01\u0e32\u0e23\u0e15\u0e31\u0e49\u0e07\u0e04\u0e48\u0e32\u0e40\u0e1a\u0e23\u0e32\u0e27\u0e4c\u0e40\u0e0b\u0e2d\u0e23\u0e4c\u0e02\u0e2d\u0e07\u0e04\u0e38\u0e13 \u0e04\u0e38\u0e13\u0e22\u0e31\u0e07\u0e2a\u0e32\u0e21\u0e32\u0e23\u0e16\u0e25\u0e1a\u0e04\u0e38\u0e01\u0e01\u0e35\u0e49\u0e17\u0e35\u0e48\u0e1a\u0e31\u0e19\u0e17\u0e36\u0e01\u0e44\u0e27\u0e49\u0e01\u0e48\u0e2d\u0e19\u0e2b\u0e19\u0e49\u0e32\u0e19\u0e35\u0e49\u0e43\u0e19\u0e40\u0e1a\u0e23\u0e32\u0e27\u0e4c\u0e40\u0e0b\u0e2d\u0e23\u0e4c\u0e02\u0e2d\u0e07\u0e04\u0e38\u0e13\u0e44\u0e14\u0e49 \u0e2a\u0e33\u0e2b\u0e23\u0e31\u0e1a\u0e02\u0e49\u0e2d\u0e21\u0e39\u0e25\u0e40\u0e1e\u0e34\u0e48\u0e21\u0e40\u0e15\u0e34\u0e21\u0e40\u0e01\u0e35\u0e48\u0e22\u0e27\u0e01\u0e31\u0e1a\u0e27\u0e34\u0e18\u0e35\u0e08\u0e31\u0e14\u0e01\u0e32\u0e23\u0e04\u0e38\u0e01\u0e01\u0e35\u0e49 \u0e04\u0e38\u0e13\u0e2a\u0e32\u0e21\u0e32\u0e23\u0e16\u0e14\u0e39\u0e04\u0e33\u0e41\u0e19\u0e30\u0e19\u0e33\u0e40\u0e09\u0e1e\u0e32\u0e30\u0e2a\u0e33\u0e2b\u0e23\u0e31\u0e1a\u0e40\u0e1a\u0e23\u0e32\u0e27\u0e4c\u0e40\u0e0b\u0e2d\u0e23\u0e4c\u0e17\u0e35\u0e48\u0e04\u0e38\u0e13\u0e43\u0e0a\u0e49:<\/p><ul><li><a target=\"_new\" rel=\"noreferrer\">\u0e01\u0e39\u0e40\u0e01\u0e34\u0e25\u0e42\u0e04\u0e23\u0e21<\/a><\/li><li><a href=\"https:\/\/support.mozilla.org\/tr\/kb\/cerezleri-silme\" target=\"_new\" rel=\"noreferrer noopener\">\u0e21\u0e2d\u0e0b\u0e0b\u0e34\u0e25\u0e32 \u0e44\u0e1f\u0e23\u0e4c\u0e1f\u0e2d\u0e01\u0e0b\u0e4c<\/a><\/li><li><a href=\"https:\/\/support.apple.com\/tr-tr\/guide\/safari\/sfri11471\/mac\" target=\"_new\" rel=\"noreferrer noopener\">\u0e0b\u0e32\u0e1f\u0e32\u0e23\u0e35<\/a><\/li><li><a href=\"https:\/\/support.microsoft.com\/tr-tr\/help\/4027947\/microsoft-edge-delete-cookies\" target=\"_new\" rel=\"noreferrer noopener\">\u0e44\u0e21\u0e42\u0e04\u0e23\u0e0b\u0e2d\u0e1f\u0e15\u0e4c \u0e40\u0e2d\u0e14\u0e08\u0e4c<\/a><\/li><\/ul><p class=\"translation-block\">5. \u0e01\u0e32\u0e23\u0e40\u0e1b\u0e25\u0e35\u0e48\u0e22\u0e19\u0e41\u0e1b\u0e25\u0e07\u0e19\u0e42\u0e22\u0e1a\u0e32\u0e22\u0e04\u0e38\u0e01\u0e01\u0e35\u0e49<\/p><p>Hostragons \u0e02\u0e2d\u0e2a\u0e07\u0e27\u0e19\u0e2a\u0e34\u0e17\u0e18\u0e34\u0e4c\u0e43\u0e19\u0e01\u0e32\u0e23\u0e40\u0e1b\u0e25\u0e35\u0e48\u0e22\u0e19\u0e41\u0e1b\u0e25\u0e07\u0e19\u0e42\u0e22\u0e1a\u0e32\u0e22\u0e04\u0e38\u0e01\u0e01\u0e35\u0e49 \u0e01\u0e32\u0e23\u0e40\u0e1b\u0e25\u0e35\u0e48\u0e22\u0e19\u0e41\u0e1b\u0e25\u0e07\u0e19\u0e42\u0e22\u0e1a\u0e32\u0e22\u0e02\u0e2d\u0e07\u0e40\u0e23\u0e32\u0e08\u0e30\u0e44\u0e14\u0e49\u0e23\u0e31\u0e1a\u0e01\u0e32\u0e23\u0e2d\u0e31\u0e1b\u0e40\u0e14\u0e15\u0e43\u0e19\u0e2b\u0e19\u0e49\u0e32\u0e19\u0e35\u0e49\u0e41\u0e25\u0e30\u0e08\u0e30\u0e21\u0e35\u0e1c\u0e25\u0e43\u0e0a\u0e49\u0e1a\u0e31\u0e07\u0e04\u0e31\u0e1a \u0e40\u0e23\u0e32\u0e02\u0e2d\u0e41\u0e19\u0e30\u0e19\u0e33\u0e43\u0e2b\u0e49\u0e1c\u0e39\u0e49\u0e43\u0e0a\u0e49\u0e23\u0e31\u0e1a\u0e17\u0e23\u0e32\u0e1a\u0e16\u0e36\u0e07\u0e01\u0e32\u0e23\u0e40\u0e1b\u0e25\u0e35\u0e48\u0e22\u0e19\u0e41\u0e1b\u0e25\u0e07\u0e43\u0e14 \u0e46 \u0e42\u0e14\u0e22\u0e01\u0e32\u0e23\u0e15\u0e23\u0e27\u0e08\u0e2a\u0e2d\u0e1a\u0e2b\u0e19\u0e49\u0e32\u0e19\u0e35\u0e49\u0e40\u0e1b\u0e47\u0e19\u0e1b\u0e23\u0e30\u0e08\u0e33<\/p><p><strong>6. \u0e01\u0e32\u0e23\u0e2a\u0e37\u0e48\u0e2d\u0e2a\u0e32\u0e23<\/strong><\/p><p>\u0e2a\u0e33\u0e2b\u0e23\u0e31\u0e1a\u0e04\u0e33\u0e16\u0e32\u0e21\u0e40\u0e01\u0e35\u0e48\u0e22\u0e27\u0e01\u0e31\u0e1a\u0e19\u0e42\u0e22\u0e1a\u0e32\u0e22\u0e04\u0e38\u0e01\u0e01\u0e35\u0e49\u0e19\u0e35\u0e49 <a rel=\"noreferrer\">hello@hostragons.com<\/a> \u0e04\u0e38\u0e13\u0e2a\u0e32\u0e21\u0e32\u0e23\u0e16\u0e15\u0e34\u0e14\u0e15\u0e48\u0e2d\u0e40\u0e23\u0e32\u0e44\u0e14\u0e49\u0e17\u0e35\u0e48<\/p>\t\t\t\t\t\t\t\t<\/div>\n\t\t\t\t<\/div>\n\t\t\t\t\t<\/div>\n\t\t<\/div>\n\t\t\t\t\t<\/div>\n\t\t<\/section>\n\t\t\t\t<\/div>","protected":false},"excerpt":{"rendered":"<p>Y\u00fcr\u00fcrl\u00fck\/G\u00fcncelleme Tarihi: 05.08.2024 1. \u00c7erez (Cookie) Nedir? \u00c7erezler, web siteleri taraf\u0131ndan taray\u0131c\u0131n\u0131za g\u00f6nderilen ve cihaz\u0131n\u0131zda depolanan k\u00fc\u00e7\u00fck veri dosyalar\u0131d\u0131r. Bu dosyalar, siteyi tekrar ziyaret etti\u011finizde taray\u0131c\u0131n\u0131z\u0131n web sitesini tan\u0131mas\u0131n\u0131 sa\u011flar ve \u00f6nceki ziyaretlerinizdeki tercihlerinizi hat\u0131rlayarak kullan\u0131c\u0131 deneyiminizi ki\u015fiselle\u015ftirir. 2. \u00c7erezlerin Kullan\u0131m Ama\u00e7lar\u0131 Hostragons, a\u015fa\u011f\u0131daki ama\u00e7lar do\u011frultusunda \u00e7erezleri kullan\u0131r: Zorunlu \u00c7erezler: Sitenin temel i\u015flevlerini yerine getirebilmesi [&hellip;]<\/p>\n","protected":false},"author":94,"featured_media":7852,"parent":0,"menu_order":0,"comment_status":"closed","ping_status":"closed","template":"","meta":{"googlesitekit_rrm_CAow5YvFDA:productID":"","footnotes":""},"class_list":["post-2358","page","type-page","status-publish","has-post-thumbnail","hentry"],"_links":{"self":[{"href":"https:\/\/www.hostragons.com\/th\/wp-json\/wp\/v2\/pages\/2358","targetHints":{"allow":["GET"]}}],"collection":[{"href":"https:\/\/www.hostragons.com\/th\/wp-json\/wp\/v2\/pages"}],"about":[{"href":"https:\/\/www.hostragons.com\/th\/wp-json\/wp\/v2\/types\/page"}],"author":[{"embeddable":true,"href":"https:\/\/www.hostragons.com\/th\/wp-json\/wp\/v2\/users\/94"}],"replies":[{"embeddable":true,"href":"https:\/\/www.hostragons.com\/th\/wp-json\/wp\/v2\/comments?post=2358"}],"version-history":[{"count":0,"href":"https:\/\/www.hostragons.com\/th\/wp-json\/wp\/v2\/pages\/2358\/revisions"}],"wp:featuredmedia":[{"embeddable":true,"href":"https:\/\/www.hostragons.com\/th\/wp-json\/wp\/v2\/media\/7852"}],"wp:attachment":[{"href":"https:\/\/www.hostragons.com\/th\/wp-json\/wp\/v2\/media?parent=2358"}],"curies":[{"name":"wp","href":"https:\/\/api.w.org\/{rel}","templated":true}]}}