{"id":2031,"date":"2020-09-08T16:09:39","date_gmt":"2020-09-08T13:09:39","guid":{"rendered":"https:\/\/www.hostragons.com\/?page_id=2031"},"modified":"2024-09-26T17:52:04","modified_gmt":"2024-09-26T14:52:04","slug":"%e0%b8%99%e0%b9%82%e0%b8%a2%e0%b8%9a%e0%b8%b2%e0%b8%a2%e0%b8%84%e0%b8%a7%e0%b8%b2%e0%b8%a1%e0%b9%80%e0%b8%9b%e0%b9%87%e0%b8%99%e0%b8%aa%e0%b9%88%e0%b8%a7%e0%b8%99%e0%b8%95%e0%b8%b1%e0%b8%a7","status":"publish","type":"page","link":"https:\/\/www.hostragons.com\/th\/%e0%b8%99%e0%b9%82%e0%b8%a2%e0%b8%9a%e0%b8%b2%e0%b8%a2%e0%b8%84%e0%b8%a7%e0%b8%b2%e0%b8%a1%e0%b9%80%e0%b8%9b%e0%b9%87%e0%b8%99%e0%b8%aa%e0%b9%88%e0%b8%a7%e0%b8%99%e0%b8%95%e0%b8%b1%e0%b8%a7\/","title":{"rendered":"\u0e19\u0e42\u0e22\u0e1a\u0e32\u0e22\u0e04\u0e27\u0e32\u0e21\u0e40\u0e1b\u0e47\u0e19\u0e2a\u0e48\u0e27\u0e19\u0e15\u0e31\u0e27"},"content":{"rendered":"<div data-elementor-type=\"wp-page\" data-elementor-id=\"2031\" class=\"elementor elementor-2031\" data-elementor-post-type=\"page\">\n\t\t\t\t\t\t<section class=\"elementor-section elementor-top-section elementor-element elementor-element-91e4b54 elementor-section-boxed elementor-section-height-default elementor-section-height-default\" data-id=\"91e4b54\" data-element_type=\"section\" data-e-type=\"section\">\n\t\t\t\t\t\t<div class=\"elementor-container elementor-column-gap-default\">\n\t\t\t\t\t<div class=\"elementor-column elementor-col-100 elementor-top-column elementor-element elementor-element-0774a31\" data-id=\"0774a31\" data-element_type=\"column\" data-e-type=\"column\">\n\t\t\t<div class=\"elementor-widget-wrap elementor-element-populated\">\n\t\t\t\t\t\t<div class=\"elementor-element elementor-element-830efa2 elementor-widget elementor-widget-text-editor\" data-id=\"830efa2\" data-element_type=\"widget\" data-e-type=\"widget\" data-widget_type=\"text-editor.default\">\n\t\t\t\t<div class=\"elementor-widget-container\">\n\t\t\t\t\t\t\t\t\t<p><strong>\u0e27\u0e31\u0e19\u0e17\u0e35\u0e48\u0e21\u0e35\u0e1c\u0e25\u0e1a\u0e31\u0e07\u0e04\u0e31\u0e1a\u0e43\u0e0a\u0e49\/\u0e2d\u0e31\u0e1b\u0e40\u0e14\u0e15: 05.08.2024<\/strong><\/p><p><strong>1. \u0e1a\u0e17\u0e19\u0e33<\/strong><\/p><p>Hostragons Global Limited (\u201cHostragons\u201d) \u0e43\u0e2b\u0e49\u0e04\u0e27\u0e32\u0e21\u0e2a\u0e33\u0e04\u0e31\u0e0d\u0e01\u0e31\u0e1a\u0e04\u0e27\u0e32\u0e21\u0e40\u0e1b\u0e47\u0e19\u0e2a\u0e48\u0e27\u0e19\u0e15\u0e31\u0e27\u0e02\u0e2d\u0e07\u0e1c\u0e39\u0e49\u0e43\u0e0a\u0e49\u0e02\u0e2d\u0e07\u0e40\u0e23\u0e32\u0e41\u0e25\u0e30\u0e01\u0e32\u0e23\u0e1b\u0e01\u0e1b\u0e49\u0e2d\u0e07\u0e02\u0e49\u0e2d\u0e21\u0e39\u0e25\u0e2a\u0e48\u0e27\u0e19\u0e1a\u0e38\u0e04\u0e04\u0e25\u0e02\u0e2d\u0e07\u0e1e\u0e27\u0e01\u0e40\u0e02\u0e32\u0e2d\u0e22\u0e48\u0e32\u0e07\u0e08\u0e23\u0e34\u0e07\u0e08\u0e31\u0e07 \u0e19\u0e42\u0e22\u0e1a\u0e32\u0e22\u0e01\u0e32\u0e23\u0e1b\u0e0f\u0e34\u0e1a\u0e31\u0e15\u0e34\u0e15\u0e32\u0e21\u0e04\u0e27\u0e32\u0e21\u0e40\u0e1b\u0e47\u0e19\u0e2a\u0e48\u0e27\u0e19\u0e15\u0e31\u0e27\u0e41\u0e25\u0e30 GDPR \u0e19\u0e35\u0e49\u0e2d\u0e18\u0e34\u0e1a\u0e32\u0e22\u0e16\u0e36\u0e07\u0e27\u0e34\u0e18\u0e35\u0e01\u0e32\u0e23\u0e23\u0e27\u0e1a\u0e23\u0e27\u0e21 \u0e43\u0e0a\u0e49 \u0e1b\u0e49\u0e2d\u0e07\u0e01\u0e31\u0e19 \u0e41\u0e25\u0e30\u0e08\u0e31\u0e14\u0e01\u0e32\u0e23\u0e02\u0e49\u0e2d\u0e21\u0e39\u0e25\u0e2a\u0e48\u0e27\u0e19\u0e1a\u0e38\u0e04\u0e04\u0e25\u0e20\u0e32\u0e22\u0e43\u0e15\u0e49 GDPR \u0e01\u0e32\u0e23\u0e43\u0e0a\u0e49\u0e40\u0e27\u0e47\u0e1a\u0e44\u0e0b\u0e15\u0e4c\u0e41\u0e25\u0e30\u0e1a\u0e23\u0e34\u0e01\u0e32\u0e23\u0e02\u0e2d\u0e07\u0e40\u0e23\u0e32\u0e16\u0e37\u0e2d\u0e27\u0e48\u0e32\u0e04\u0e38\u0e13\u0e22\u0e2d\u0e21\u0e23\u0e31\u0e1a\u0e19\u0e42\u0e22\u0e1a\u0e32\u0e22\u0e19\u0e35\u0e49<\/p><p><strong>2. \u0e1c\u0e39\u0e49\u0e04\u0e27\u0e1a\u0e04\u0e38\u0e21\u0e02\u0e49\u0e2d\u0e21\u0e39\u0e25\u0e41\u0e25\u0e30\u0e15\u0e31\u0e27\u0e41\u0e17\u0e19<\/strong><\/p><p>Hostragons \u0e40\u0e1b\u0e47\u0e19\u0e1c\u0e39\u0e49\u0e04\u0e27\u0e1a\u0e04\u0e38\u0e21\u0e02\u0e49\u0e2d\u0e21\u0e39\u0e25\u0e17\u0e35\u0e48\u0e23\u0e31\u0e1a\u0e1c\u0e34\u0e14\u0e0a\u0e2d\u0e1a\u0e43\u0e19\u0e01\u0e32\u0e23\u0e1b\u0e01\u0e1b\u0e49\u0e2d\u0e07\u0e02\u0e49\u0e2d\u0e21\u0e39\u0e25\u0e2a\u0e48\u0e27\u0e19\u0e1a\u0e38\u0e04\u0e04\u0e25\u0e02\u0e2d\u0e07\u0e04\u0e38\u0e13 \u0e15\u0e31\u0e27\u0e41\u0e17\u0e19\u0e02\u0e2d\u0e07\u0e40\u0e23\u0e32\u0e43\u0e19\u0e2a\u0e2b\u0e20\u0e32\u0e1e\u0e22\u0e38\u0e42\u0e23\u0e1b:<\/p><ul><li><strong>\u0e15\u0e31\u0e27\u0e41\u0e17\u0e19\u0e1d\u0e48\u0e32\u0e22\u0e04\u0e38\u0e49\u0e21\u0e04\u0e23\u0e2d\u0e07\u0e02\u0e49\u0e2d\u0e21\u0e39\u0e25:<\/strong> \u0e1e\u0e23\u0e30\u0e23\u0e32\u0e0a\u0e1a\u0e31\u0e0d\u0e0d\u0e31\u0e15\u0e34\u0e04\u0e27\u0e32\u0e21\u0e40\u0e1b\u0e47\u0e19\u0e2a\u0e48\u0e27\u0e19\u0e15\u0e31\u0e27\u0e02\u0e2d\u0e07\u0e04\u0e27\u0e34\u0e40\u0e1a\u0e01<\/li><\/ul><p><strong>3. \u0e2b\u0e25\u0e31\u0e01\u0e01\u0e32\u0e23\u0e1e\u0e37\u0e49\u0e19\u0e10\u0e32\u0e19\u0e02\u0e2d\u0e07\u0e01\u0e32\u0e23\u0e1b\u0e23\u0e30\u0e21\u0e27\u0e25\u0e1c\u0e25\u0e02\u0e49\u0e2d\u0e21\u0e39\u0e25<\/strong><\/p><p>\u0e17\u0e35\u0e48 Hostragons \u0e40\u0e23\u0e32\u0e1b\u0e0f\u0e34\u0e1a\u0e31\u0e15\u0e34\u0e15\u0e32\u0e21\u0e2b\u0e25\u0e31\u0e01\u0e01\u0e32\u0e23\u0e1e\u0e37\u0e49\u0e19\u0e10\u0e32\u0e19\u0e15\u0e48\u0e2d\u0e44\u0e1b\u0e19\u0e35\u0e49\u0e15\u0e32\u0e21\u0e02\u0e49\u0e2d\u0e01\u0e33\u0e2b\u0e19\u0e14\u0e02\u0e2d\u0e07 GDPR:<\/p><ul><li class=\"translation-block\"><strong>\u0e04\u0e27\u0e32\u0e21\u0e42\u0e1b\u0e23\u0e48\u0e07\u0e43\u0e2a:<\/strong> \u0e40\u0e23\u0e32\u0e23\u0e30\u0e1a\u0e38\u0e2d\u0e22\u0e48\u0e32\u0e07\u0e0a\u0e31\u0e14\u0e40\u0e08\u0e19\u0e27\u0e48\u0e32\u0e40\u0e23\u0e32\u0e23\u0e27\u0e1a\u0e23\u0e27\u0e21\u0e41\u0e25\u0e30\u0e1b\u0e23\u0e30\u0e21\u0e27\u0e25\u0e1c\u0e25\u0e02\u0e49\u0e2d\u0e21\u0e39\u0e25\u0e2a\u0e48\u0e27\u0e19\u0e1a\u0e38\u0e04\u0e04\u0e25\u0e02\u0e2d\u0e07\u0e04\u0e38\u0e13\u0e2d\u0e22\u0e48\u0e32\u0e07\u0e44\u0e23<\/li><li class=\"translation-block\"><strong>\u0e04\u0e27\u0e32\u0e21\u0e16\u0e39\u0e01\u0e15\u0e49\u0e2d\u0e07:<\/strong> \u0e40\u0e23\u0e32\u0e23\u0e31\u0e01\u0e29\u0e32\u0e02\u0e49\u0e2d\u0e21\u0e39\u0e25\u0e02\u0e2d\u0e07\u0e04\u0e38\u0e13\u0e43\u0e2b\u0e49\u0e16\u0e39\u0e01\u0e15\u0e49\u0e2d\u0e07\u0e41\u0e25\u0e30\u0e40\u0e1b\u0e47\u0e19\u0e1b\u0e31\u0e08\u0e08\u0e38\u0e1a\u0e31\u0e19<\/li><li class=\"translation-block\"><strong>\u0e01\u0e32\u0e23\u0e22\u0e48\u0e2d\u0e43\u0e2b\u0e49\u0e40\u0e25\u0e47\u0e01\u0e2a\u0e38\u0e14:<\/strong> \u0e40\u0e23\u0e32\u0e23\u0e27\u0e1a\u0e23\u0e27\u0e21\u0e41\u0e25\u0e30\u0e1b\u0e23\u0e30\u0e21\u0e27\u0e25\u0e1c\u0e25\u0e40\u0e09\u0e1e\u0e32\u0e30\u0e02\u0e49\u0e2d\u0e21\u0e39\u0e25\u0e17\u0e35\u0e48\u0e08\u0e33\u0e40\u0e1b\u0e47\u0e19\u0e40\u0e17\u0e48\u0e32\u0e19\u0e31\u0e49\u0e19<\/li><li class=\"translation-block\"><strong>\u0e02\u0e49\u0e2d\u0e08\u0e33\u0e01\u0e31\u0e14\u0e43\u0e19\u0e01\u0e32\u0e23\u0e40\u0e01\u0e47\u0e1a\u0e23\u0e31\u0e01\u0e29\u0e32:<\/strong> \u0e40\u0e23\u0e32\u0e40\u0e01\u0e47\u0e1a\u0e23\u0e31\u0e01\u0e29\u0e32\u0e02\u0e49\u0e2d\u0e21\u0e39\u0e25\u0e02\u0e2d\u0e07\u0e04\u0e38\u0e13\u0e44\u0e27\u0e49\u0e19\u0e32\u0e19\u0e40\u0e17\u0e48\u0e32\u0e17\u0e35\u0e48\u0e08\u0e33\u0e40\u0e1b\u0e47\u0e19\u0e40\u0e17\u0e48\u0e32\u0e19\u0e31\u0e49\u0e19<\/li><\/ul><p><strong>4. \u0e02\u0e49\u0e2d\u0e21\u0e39\u0e25\u0e17\u0e35\u0e48\u0e23\u0e27\u0e1a\u0e23\u0e27\u0e21<\/strong><\/p><p>Hostragons \u0e40\u0e01\u0e47\u0e1a\u0e23\u0e27\u0e1a\u0e23\u0e27\u0e21\u0e02\u0e49\u0e2d\u0e21\u0e39\u0e25\u0e2a\u0e48\u0e27\u0e19\u0e1a\u0e38\u0e04\u0e04\u0e25\u0e14\u0e31\u0e07\u0e15\u0e48\u0e2d\u0e44\u0e1b\u0e19\u0e35\u0e49:<\/p><ul><li class=\"translation-block\"><strong>\u0e02\u0e49\u0e2d\u0e21\u0e39\u0e25\u0e1b\u0e23\u0e30\u0e08\u0e33\u0e15\u0e31\u0e27:<\/strong> \u0e0a\u0e37\u0e48\u0e2d \u0e19\u0e32\u0e21\u0e2a\u0e01\u0e38\u0e25 \u0e17\u0e35\u0e48\u0e2d\u0e22\u0e39\u0e48 \u0e2b\u0e21\u0e32\u0e22\u0e40\u0e25\u0e02\u0e42\u0e17\u0e23\u0e28\u0e31\u0e1e\u0e17\u0e4c \u0e17\u0e35\u0e48\u0e2d\u0e22\u0e39\u0e48\u0e2d\u0e35\u0e40\u0e21\u0e25<\/li><li class=\"translation-block\"><strong>\u0e02\u0e49\u0e2d\u0e21\u0e39\u0e25\u0e01\u0e32\u0e23\u0e0a\u0e33\u0e23\u0e30\u0e40\u0e07\u0e34\u0e19:<\/strong> \u0e02\u0e49\u0e2d\u0e21\u0e39\u0e25\u0e1a\u0e31\u0e15\u0e23\u0e40\u0e04\u0e23\u0e14\u0e34\u0e15\u0e41\u0e25\u0e30\u0e23\u0e32\u0e22\u0e25\u0e30\u0e40\u0e2d\u0e35\u0e22\u0e14\u0e01\u0e32\u0e23\u0e0a\u0e33\u0e23\u0e30\u0e40\u0e07\u0e34\u0e19<\/li><li class=\"translation-block\"><strong>\u0e02\u0e49\u0e2d\u0e21\u0e39\u0e25\u0e17\u0e32\u0e07\u0e40\u0e17\u0e04\u0e19\u0e34\u0e04:<\/strong> \u0e17\u0e35\u0e48\u0e2d\u0e22\u0e39\u0e48 IP, \u0e1b\u0e23\u0e30\u0e40\u0e20\u0e17\u0e40\u0e1a\u0e23\u0e32\u0e27\u0e4c\u0e40\u0e0b\u0e2d\u0e23\u0e4c, \u0e23\u0e30\u0e1a\u0e1a\u0e1b\u0e0f\u0e34\u0e1a\u0e31\u0e15\u0e34\u0e01\u0e32\u0e23<\/li><li class=\"translation-block\"><strong>\u0e1e\u0e24\u0e15\u0e34\u0e01\u0e23\u0e23\u0e21\u0e1c\u0e39\u0e49\u0e43\u0e0a\u0e49:<\/strong> \u0e01\u0e32\u0e23\u0e15\u0e31\u0e49\u0e07\u0e04\u0e48\u0e32\u0e02\u0e2d\u0e07\u0e1c\u0e39\u0e49\u0e43\u0e0a\u0e49, \u0e01\u0e32\u0e23\u0e40\u0e04\u0e25\u0e37\u0e48\u0e2d\u0e19\u0e44\u0e2b\u0e27\u0e1a\u0e19\u0e40\u0e27\u0e47\u0e1a\u0e44\u0e0b\u0e15\u0e4c<\/li><\/ul><p><strong>5. \u0e01\u0e32\u0e23\u0e43\u0e0a\u0e49\u0e02\u0e49\u0e2d\u0e21\u0e39\u0e25\u0e2a\u0e48\u0e27\u0e19\u0e1a\u0e38\u0e04\u0e04\u0e25<\/strong><\/p><p>\u0e02\u0e49\u0e2d\u0e21\u0e39\u0e25\u0e2a\u0e48\u0e27\u0e19\u0e1a\u0e38\u0e04\u0e04\u0e25\u0e17\u0e35\u0e48\u0e23\u0e27\u0e1a\u0e23\u0e27\u0e21\u0e08\u0e30\u0e16\u0e39\u0e01\u0e43\u0e0a\u0e49\u0e40\u0e1e\u0e37\u0e48\u0e2d\u0e27\u0e31\u0e15\u0e16\u0e38\u0e1b\u0e23\u0e30\u0e2a\u0e07\u0e04\u0e4c\u0e14\u0e31\u0e07\u0e15\u0e48\u0e2d\u0e44\u0e1b\u0e19\u0e35\u0e49:<\/p><ul><li>\u0e01\u0e32\u0e23\u0e43\u0e2b\u0e49\u0e1a\u0e23\u0e34\u0e01\u0e32\u0e23\u0e41\u0e25\u0e30\u0e01\u0e32\u0e23\u0e08\u0e31\u0e14\u0e01\u0e32\u0e23\u0e1a\u0e23\u0e34\u0e01\u0e32\u0e23<\/li><li>\u0e1a\u0e23\u0e34\u0e01\u0e32\u0e23\u0e2a\u0e19\u0e31\u0e1a\u0e2a\u0e19\u0e38\u0e19\u0e25\u0e39\u0e01\u0e04\u0e49\u0e32\u0e41\u0e25\u0e30\u0e01\u0e32\u0e23\u0e2a\u0e37\u0e48\u0e2d\u0e2a\u0e32\u0e23<\/li><li>\u0e17\u0e33\u0e18\u0e38\u0e23\u0e01\u0e23\u0e23\u0e21\u0e43\u0e1a\u0e41\u0e08\u0e49\u0e07\u0e2b\u0e19\u0e35\u0e49\u0e41\u0e25\u0e30\u0e08\u0e31\u0e14\u0e17\u0e33\u0e40\u0e2d\u0e01\u0e2a\u0e32\u0e23\u0e17\u0e32\u0e07\u0e01\u0e0e\u0e2b\u0e21\u0e32\u0e22<\/li><li>\u0e01\u0e32\u0e23\u0e1b\u0e23\u0e31\u0e1a\u0e1b\u0e23\u0e38\u0e07\u0e1b\u0e23\u0e30\u0e2a\u0e34\u0e17\u0e18\u0e34\u0e20\u0e32\u0e1e\u0e41\u0e25\u0e30\u0e1b\u0e23\u0e30\u0e2a\u0e1a\u0e01\u0e32\u0e23\u0e13\u0e4c\u0e1c\u0e39\u0e49\u0e43\u0e0a\u0e49\u0e40\u0e27\u0e47\u0e1a\u0e44\u0e0b\u0e15\u0e4c\u0e02\u0e2d\u0e07\u0e40\u0e23\u0e32<\/li><li>\u0e1b\u0e0f\u0e34\u0e1a\u0e31\u0e15\u0e34\u0e15\u0e32\u0e21\u0e20\u0e32\u0e23\u0e30\u0e1c\u0e39\u0e01\u0e1e\u0e31\u0e19\u0e17\u0e32\u0e07\u0e01\u0e0e\u0e2b\u0e21\u0e32\u0e22\u0e41\u0e25\u0e30\u0e01\u0e32\u0e23\u0e1b\u0e01\u0e1b\u0e49\u0e2d\u0e07\u0e2a\u0e34\u0e17\u0e18\u0e34<\/li><li>\u0e01\u0e34\u0e08\u0e01\u0e23\u0e23\u0e21\u0e01\u0e32\u0e23\u0e15\u0e25\u0e32\u0e14\u0e41\u0e25\u0e30\u0e01\u0e32\u0e23\u0e2a\u0e48\u0e07\u0e40\u0e2a\u0e23\u0e34\u0e21\u0e01\u0e32\u0e23\u0e02\u0e32\u0e22<\/li><\/ul><p><strong>6. \u0e23\u0e30\u0e22\u0e30\u0e40\u0e27\u0e25\u0e32\u0e01\u0e32\u0e23\u0e08\u0e31\u0e14\u0e40\u0e01\u0e47\u0e1a\u0e02\u0e49\u0e2d\u0e21\u0e39\u0e25\u0e2a\u0e48\u0e27\u0e19\u0e1a\u0e38\u0e04\u0e04\u0e25<\/strong><\/p><p>\u0e40\u0e23\u0e32\u0e40\u0e01\u0e47\u0e1a\u0e02\u0e49\u0e2d\u0e21\u0e39\u0e25\u0e2a\u0e48\u0e27\u0e19\u0e1a\u0e38\u0e04\u0e04\u0e25\u0e02\u0e2d\u0e07\u0e04\u0e38\u0e13\u0e44\u0e27\u0e49\u0e19\u0e32\u0e19\u0e40\u0e17\u0e48\u0e32\u0e17\u0e35\u0e48\u0e08\u0e33\u0e40\u0e1b\u0e47\u0e19\u0e40\u0e1e\u0e37\u0e48\u0e2d\u0e27\u0e31\u0e15\u0e16\u0e38\u0e1b\u0e23\u0e30\u0e2a\u0e07\u0e04\u0e4c\u0e43\u0e19\u0e01\u0e32\u0e23\u0e1b\u0e23\u0e30\u0e21\u0e27\u0e25\u0e1c\u0e25\u0e02\u0e2d\u0e07\u0e40\u0e23\u0e32\u0e40\u0e17\u0e48\u0e32\u0e19\u0e31\u0e49\u0e19 \u0e04\u0e38\u0e13\u0e2a\u0e32\u0e21\u0e32\u0e23\u0e16\u0e15\u0e34\u0e14\u0e15\u0e48\u0e2d\u0e40\u0e23\u0e32\u0e40\u0e1e\u0e37\u0e48\u0e2d\u0e23\u0e31\u0e1a\u0e02\u0e49\u0e2d\u0e21\u0e39\u0e25\u0e40\u0e01\u0e35\u0e48\u0e22\u0e27\u0e01\u0e31\u0e1a\u0e23\u0e30\u0e22\u0e30\u0e40\u0e27\u0e25\u0e32\u0e17\u0e35\u0e48\u0e40\u0e23\u0e32\u0e40\u0e01\u0e47\u0e1a\u0e02\u0e49\u0e2d\u0e21\u0e39\u0e25\u0e02\u0e2d\u0e07\u0e04\u0e38\u0e13\u0e41\u0e25\u0e30\u0e27\u0e34\u0e18\u0e35\u0e01\u0e32\u0e23\u0e01\u0e33\u0e2b\u0e19\u0e14\u0e0a\u0e48\u0e27\u0e07\u0e40\u0e27\u0e25\u0e32\u0e19\u0e35\u0e49<\/p><p><strong>7. \u0e02\u0e49\u0e2d\u0e21\u0e39\u0e25\u0e01\u0e32\u0e23\u0e0a\u0e33\u0e23\u0e30\u0e40\u0e07\u0e34\u0e19\u0e41\u0e25\u0e30\u0e04\u0e27\u0e32\u0e21\u0e1b\u0e25\u0e2d\u0e14\u0e20\u0e31\u0e22<\/strong><\/p><ul><li>\u0e02\u0e49\u0e2d\u0e21\u0e39\u0e25\u0e1a\u0e31\u0e15\u0e23\u0e40\u0e04\u0e23\u0e14\u0e34\u0e15\u0e41\u0e25\u0e30\u0e02\u0e49\u0e2d\u0e21\u0e39\u0e25\u0e01\u0e32\u0e23\u0e0a\u0e33\u0e23\u0e30\u0e40\u0e07\u0e34\u0e19\u0e02\u0e2d\u0e07\u0e04\u0e38\u0e13\u0e44\u0e14\u0e49\u0e23\u0e31\u0e1a\u0e01\u0e32\u0e23\u0e04\u0e38\u0e49\u0e21\u0e04\u0e23\u0e2d\u0e07\u0e42\u0e14\u0e22\u0e21\u0e32\u0e15\u0e23\u0e01\u0e32\u0e23\u0e23\u0e31\u0e01\u0e29\u0e32\u0e04\u0e27\u0e32\u0e21\u0e1b\u0e25\u0e2d\u0e14\u0e20\u0e31\u0e22 \u0e40\u0e0a\u0e48\u0e19 \u0e43\u0e1a\u0e23\u0e31\u0e1a\u0e23\u0e2d\u0e07 SSL 256 \u0e1a\u0e34\u0e15<\/li><li>\u0e02\u0e49\u0e2d\u0e21\u0e39\u0e25\u0e1a\u0e31\u0e15\u0e23\u0e02\u0e2d\u0e07\u0e04\u0e38\u0e13\u0e16\u0e39\u0e01\u0e2a\u0e48\u0e07\u0e1c\u0e48\u0e32\u0e19\u0e01\u0e32\u0e23\u0e40\u0e02\u0e49\u0e32\u0e23\u0e2b\u0e31\u0e2a\u0e41\u0e25\u0e30\u0e44\u0e21\u0e48\u0e44\u0e14\u0e49\u0e08\u0e31\u0e14\u0e40\u0e01\u0e47\u0e1a\u0e42\u0e14\u0e22 Hostragons<\/li><li>\u0e21\u0e35\u0e21\u0e32\u0e15\u0e23\u0e01\u0e32\u0e23\u0e1b\u0e49\u0e2d\u0e07\u0e01\u0e31\u0e19\u0e21\u0e31\u0e25\u0e41\u0e27\u0e23\u0e4c\u0e17\u0e35\u0e48\u0e40\u0e1b\u0e47\u0e19\u0e44\u0e1b\u0e44\u0e14\u0e49\u0e14\u0e49\u0e27\u0e22\u0e40\u0e04\u0e23\u0e37\u0e48\u0e2d\u0e07\u0e21\u0e37\u0e2d\u0e23\u0e31\u0e01\u0e29\u0e32\u0e04\u0e27\u0e32\u0e21\u0e1b\u0e25\u0e2d\u0e14\u0e20\u0e31\u0e22\u0e40\u0e1e\u0e34\u0e48\u0e21\u0e40\u0e15\u0e34\u0e21<\/li><\/ul><p><strong>8. \u0e04\u0e38\u0e01\u0e01\u0e35\u0e49\u0e41\u0e25\u0e30\u0e40\u0e17\u0e04\u0e42\u0e19\u0e42\u0e25\u0e22\u0e35\u0e01\u0e32\u0e23\u0e15\u0e34\u0e14\u0e15\u0e32\u0e21<\/strong><\/p><p class=\"translation-block\">\u0e40\u0e27\u0e47\u0e1a\u0e44\u0e0b\u0e15\u0e4c\u0e02\u0e2d\u0e07\u0e40\u0e23\u0e32\u0e43\u0e0a\u0e49\u0e04\u0e38\u0e01\u0e01\u0e35\u0e49\u0e41\u0e25\u0e30\u0e40\u0e17\u0e04\u0e42\u0e19\u0e42\u0e25\u0e22\u0e35\u0e01\u0e32\u0e23\u0e15\u0e34\u0e14\u0e15\u0e32\u0e21\u0e40\u0e1e\u0e37\u0e48\u0e2d\u0e1b\u0e23\u0e31\u0e1a\u0e1b\u0e23\u0e38\u0e07\u0e1b\u0e23\u0e30\u0e2a\u0e1a\u0e01\u0e32\u0e23\u0e13\u0e4c\u0e1c\u0e39\u0e49\u0e43\u0e0a\u0e49\u0e41\u0e25\u0e30\u0e17\u0e33\u0e04\u0e27\u0e32\u0e21\u0e40\u0e02\u0e49\u0e32\u0e43\u0e08\u0e27\u0e34\u0e18\u0e35\u0e01\u0e32\u0e23\u0e43\u0e0a\u0e49\u0e40\u0e27\u0e47\u0e1a\u0e44\u0e0b\u0e15\u0e4c\u0e02\u0e2d\u0e07\u0e40\u0e23\u0e32 \u0e04\u0e38\u0e13\u0e2a\u0e32\u0e21\u0e32\u0e23\u0e16\u0e04\u0e49\u0e19\u0e2b\u0e32\u0e02\u0e49\u0e2d\u0e21\u0e39\u0e25\u0e40\u0e1e\u0e34\u0e48\u0e21\u0e40\u0e15\u0e34\u0e21\u0e40\u0e01\u0e35\u0e48\u0e22\u0e27\u0e01\u0e31\u0e1a\u0e04\u0e38\u0e01\u0e01\u0e35\u0e49\u0e41\u0e25\u0e30\u0e27\u0e34\u0e18\u0e35\u0e08\u0e31\u0e14\u0e01\u0e32\u0e23\u0e44\u0e14\u0e49\u0e17\u0e35\u0e48\u0e2b\u0e19\u0e49\u0e32 <a href=\"https:\/\/www.hostragons.com\/th\/%e0%b8%99%e0%b9%82%e0%b8%a2%e0%b8%9a%e0%b8%b2%e0%b8%a2%e0%b8%84%e0%b8%b8%e0%b8%81%e0%b8%81%e0%b8%b5%e0%b9%89\/\" target=\"_new\" rel=\"noreferrer\">\u0e19\u0e42\u0e22\u0e1a\u0e32\u0e22\u0e04\u0e38\u0e01\u0e01\u0e35\u0e49\u0e02\u0e2d\u0e07\u0e40\u0e23\u0e32<\/a><\/p><p><strong>9. \u0e01\u0e32\u0e23\u0e41\u0e1a\u0e48\u0e07\u0e1b\u0e31\u0e19\u0e02\u0e49\u0e2d\u0e21\u0e39\u0e25\u0e2a\u0e48\u0e27\u0e19\u0e1a\u0e38\u0e04\u0e04\u0e25<\/strong><\/p><ul><li>\u0e02\u0e49\u0e2d\u0e21\u0e39\u0e25\u0e2a\u0e48\u0e27\u0e19\u0e1a\u0e38\u0e04\u0e04\u0e25\u0e02\u0e2d\u0e07\u0e04\u0e38\u0e13\u0e08\u0e30\u0e16\u0e39\u0e01\u0e41\u0e1a\u0e48\u0e07\u0e1b\u0e31\u0e19\u0e01\u0e31\u0e1a\u0e1a\u0e38\u0e04\u0e04\u0e25\u0e17\u0e35\u0e48\u0e2a\u0e32\u0e21\u0e40\u0e17\u0e48\u0e32\u0e19\u0e31\u0e49\u0e19\u0e17\u0e35\u0e48\u0e08\u0e33\u0e40\u0e1b\u0e47\u0e19\u0e15\u0e48\u0e2d\u0e01\u0e32\u0e23\u0e43\u0e2b\u0e49\u0e1a\u0e23\u0e34\u0e01\u0e32\u0e23\u0e02\u0e2d\u0e07\u0e40\u0e23\u0e32<\/li><li>\u0e40\u0e23\u0e32\u0e2d\u0e32\u0e08\u0e41\u0e1a\u0e48\u0e07\u0e1b\u0e31\u0e19\u0e02\u0e49\u0e2d\u0e21\u0e39\u0e25\u0e02\u0e2d\u0e07\u0e04\u0e38\u0e13\u0e15\u0e32\u0e21\u0e20\u0e32\u0e23\u0e30\u0e1c\u0e39\u0e01\u0e1e\u0e31\u0e19\u0e17\u0e32\u0e07\u0e01\u0e0e\u0e2b\u0e21\u0e32\u0e22\u0e2b\u0e23\u0e37\u0e2d\u0e04\u0e33\u0e2a\u0e31\u0e48\u0e07\u0e28\u0e32\u0e25<\/li><li>\u0e01\u0e32\u0e23\u0e41\u0e1a\u0e48\u0e07\u0e1b\u0e31\u0e19\u0e02\u0e49\u0e2d\u0e21\u0e39\u0e25\u0e01\u0e31\u0e1a\u0e1a\u0e38\u0e04\u0e04\u0e25\u0e17\u0e35\u0e48\u0e2a\u0e32\u0e21\u0e08\u0e30\u0e40\u0e01\u0e34\u0e14\u0e02\u0e36\u0e49\u0e19\u0e42\u0e14\u0e22\u0e44\u0e14\u0e49\u0e23\u0e31\u0e1a\u0e04\u0e27\u0e32\u0e21\u0e22\u0e34\u0e19\u0e22\u0e2d\u0e21\u0e08\u0e32\u0e01\u0e04\u0e38\u0e13\u0e40\u0e17\u0e48\u0e32\u0e19\u0e31\u0e49\u0e19<\/li><\/ul><p><strong>10. \u0e2a\u0e34\u0e17\u0e18\u0e34\u0e4c\u0e02\u0e2d\u0e07\u0e1c\u0e39\u0e49\u0e43\u0e0a\u0e49<\/strong><\/p><p>\u0e20\u0e32\u0e22\u0e43\u0e15\u0e49 GDPR \u0e1c\u0e39\u0e49\u0e43\u0e0a\u0e49\u0e21\u0e35\u0e2a\u0e34\u0e17\u0e18\u0e34\u0e4c\u0e14\u0e31\u0e07\u0e15\u0e48\u0e2d\u0e44\u0e1b\u0e19\u0e35\u0e49:<\/p><ul><li>\u0e2a\u0e34\u0e17\u0e18\u0e34\u0e43\u0e19\u0e01\u0e32\u0e23\u0e40\u0e02\u0e49\u0e32\u0e16\u0e36\u0e07 \u0e41\u0e01\u0e49\u0e44\u0e02 \u0e2b\u0e23\u0e37\u0e2d\u0e25\u0e1a\u0e02\u0e49\u0e2d\u0e21\u0e39\u0e25\u0e2a\u0e48\u0e27\u0e19\u0e1a\u0e38\u0e04\u0e04\u0e25<\/li><li>\u0e2a\u0e34\u0e17\u0e18\u0e34\u0e4c\u0e43\u0e19\u0e01\u0e32\u0e23\u0e04\u0e31\u0e14\u0e04\u0e49\u0e32\u0e19\u0e01\u0e32\u0e23\u0e1b\u0e23\u0e30\u0e21\u0e27\u0e25\u0e1c\u0e25\u0e02\u0e49\u0e2d\u0e21\u0e39\u0e25\u0e41\u0e25\u0e30\u0e01\u0e32\u0e23\u0e40\u0e04\u0e25\u0e37\u0e48\u0e2d\u0e19\u0e22\u0e49\u0e32\u0e22\u0e02\u0e49\u0e2d\u0e21\u0e39\u0e25<\/li><li>\u0e2a\u0e34\u0e17\u0e18\u0e34\u0e43\u0e19\u0e01\u0e32\u0e23\u0e40\u0e1e\u0e34\u0e01\u0e16\u0e2d\u0e19\u0e04\u0e27\u0e32\u0e21\u0e22\u0e34\u0e19\u0e22\u0e2d\u0e21\u0e44\u0e14\u0e49\u0e15\u0e25\u0e2d\u0e14\u0e40\u0e27\u0e25\u0e32<\/li><\/ul><p><strong>11. \u0e01\u0e32\u0e23\u0e1b\u0e23\u0e30\u0e40\u0e21\u0e34\u0e19\u0e1c\u0e25\u0e01\u0e23\u0e30\u0e17\u0e1a\u0e01\u0e32\u0e23\u0e1b\u0e01\u0e1b\u0e49\u0e2d\u0e07\u0e02\u0e49\u0e2d\u0e21\u0e39\u0e25 (DPIA)<\/strong><\/p><p>\u0e21\u0e35\u0e01\u0e32\u0e23\u0e1b\u0e23\u0e30\u0e40\u0e21\u0e34\u0e19\u0e1c\u0e25\u0e01\u0e23\u0e30\u0e17\u0e1a\u0e15\u0e48\u0e2d\u0e01\u0e32\u0e23\u0e1b\u0e01\u0e1b\u0e49\u0e2d\u0e07\u0e02\u0e49\u0e2d\u0e21\u0e39\u0e25\u0e2a\u0e33\u0e2b\u0e23\u0e31\u0e1a\u0e01\u0e34\u0e08\u0e01\u0e23\u0e23\u0e21\u0e01\u0e32\u0e23\u0e1b\u0e23\u0e30\u0e21\u0e27\u0e25\u0e1c\u0e25\u0e02\u0e49\u0e2d\u0e21\u0e39\u0e25\u0e17\u0e35\u0e48\u0e21\u0e35\u0e04\u0e27\u0e32\u0e21\u0e40\u0e2a\u0e35\u0e48\u0e22\u0e07\u0e2a\u0e39\u0e07 \u0e04\u0e38\u0e13\u0e2a\u0e32\u0e21\u0e32\u0e23\u0e16\u0e15\u0e34\u0e14\u0e15\u0e48\u0e2d\u0e40\u0e23\u0e32\u0e40\u0e1e\u0e37\u0e48\u0e2d\u0e23\u0e31\u0e1a\u0e02\u0e49\u0e2d\u0e21\u0e39\u0e25\u0e40\u0e1e\u0e34\u0e48\u0e21\u0e40\u0e15\u0e34\u0e21\u0e40\u0e01\u0e35\u0e48\u0e22\u0e27\u0e01\u0e31\u0e1a\u0e01\u0e23\u0e30\u0e1a\u0e27\u0e19\u0e01\u0e32\u0e23 DPIA<\/p><p><strong>12. \u0e01\u0e32\u0e23\u0e16\u0e48\u0e32\u0e22\u0e42\u0e2d\u0e19\u0e02\u0e49\u0e2d\u0e21\u0e39\u0e25\u0e23\u0e30\u0e2b\u0e27\u0e48\u0e32\u0e07\u0e1b\u0e23\u0e30\u0e40\u0e17\u0e28<\/strong><\/p><p>\u0e40\u0e23\u0e32\u0e43\u0e0a\u0e49\u0e21\u0e32\u0e15\u0e23\u0e01\u0e32\u0e23\u0e1b\u0e49\u0e2d\u0e07\u0e01\u0e31\u0e19\u0e17\u0e35\u0e48\u0e08\u0e33\u0e40\u0e1b\u0e47\u0e19\u0e40\u0e21\u0e37\u0e48\u0e2d\u0e16\u0e48\u0e32\u0e22\u0e42\u0e2d\u0e19\u0e02\u0e49\u0e2d\u0e21\u0e39\u0e25\u0e2a\u0e48\u0e27\u0e19\u0e1a\u0e38\u0e04\u0e04\u0e25\u0e02\u0e2d\u0e07\u0e04\u0e38\u0e13\u0e2d\u0e2d\u0e01\u0e19\u0e2d\u0e01\u0e2a\u0e2b\u0e20\u0e32\u0e1e\u0e22\u0e38\u0e42\u0e23\u0e1b \u0e04\u0e38\u0e13\u0e2a\u0e32\u0e21\u0e32\u0e23\u0e16\u0e15\u0e34\u0e14\u0e15\u0e48\u0e2d\u0e40\u0e23\u0e32\u0e40\u0e1e\u0e37\u0e48\u0e2d\u0e02\u0e2d\u0e02\u0e49\u0e2d\u0e21\u0e39\u0e25\u0e40\u0e1e\u0e34\u0e48\u0e21\u0e40\u0e15\u0e34\u0e21\u0e40\u0e01\u0e35\u0e48\u0e22\u0e27\u0e01\u0e31\u0e1a\u0e01\u0e32\u0e23\u0e16\u0e48\u0e32\u0e22\u0e42\u0e2d\u0e19\u0e02\u0e49\u0e2d\u0e21\u0e39\u0e25\u0e23\u0e30\u0e2b\u0e27\u0e48\u0e32\u0e07\u0e1b\u0e23\u0e30\u0e40\u0e17\u0e28<\/p><p><strong>13. \u0e01\u0e32\u0e23\u0e41\u0e08\u0e49\u0e07\u0e40\u0e15\u0e37\u0e2d\u0e19\u0e01\u0e32\u0e23\u0e25\u0e30\u0e40\u0e21\u0e34\u0e14\u0e02\u0e49\u0e2d\u0e21\u0e39\u0e25<\/strong><\/p><p>\u0e43\u0e19\u0e01\u0e23\u0e13\u0e35\u0e17\u0e35\u0e48\u0e21\u0e35\u0e01\u0e32\u0e23\u0e25\u0e30\u0e40\u0e21\u0e34\u0e14\u0e02\u0e49\u0e2d\u0e21\u0e39\u0e25 \u0e40\u0e23\u0e32\u0e08\u0e30\u0e41\u0e08\u0e49\u0e07\u0e40\u0e08\u0e49\u0e32\u0e2b\u0e19\u0e49\u0e32\u0e17\u0e35\u0e48\u0e1c\u0e39\u0e49\u0e21\u0e35\u0e2d\u0e33\u0e19\u0e32\u0e08\u0e41\u0e25\u0e30\u0e1a\u0e38\u0e04\u0e04\u0e25\u0e17\u0e35\u0e48\u0e44\u0e14\u0e49\u0e23\u0e31\u0e1a\u0e1c\u0e25\u0e01\u0e23\u0e30\u0e17\u0e1a\u0e17\u0e31\u0e19\u0e17\u0e35 \u0e04\u0e38\u0e13\u0e2a\u0e32\u0e21\u0e32\u0e23\u0e16\u0e15\u0e34\u0e14\u0e15\u0e48\u0e2d\u0e40\u0e23\u0e32\u0e40\u0e1e\u0e37\u0e48\u0e2d\u0e40\u0e23\u0e35\u0e22\u0e19\u0e23\u0e39\u0e49\u0e40\u0e1e\u0e34\u0e48\u0e21\u0e40\u0e15\u0e34\u0e21\u0e40\u0e01\u0e35\u0e48\u0e22\u0e27\u0e01\u0e31\u0e1a\u0e02\u0e31\u0e49\u0e19\u0e15\u0e2d\u0e19\u0e01\u0e32\u0e23\u0e25\u0e30\u0e40\u0e21\u0e34\u0e14\u0e02\u0e49\u0e2d\u0e21\u0e39\u0e25\u0e02\u0e2d\u0e07\u0e40\u0e23\u0e32<\/p><p><strong>14. \u0e01\u0e32\u0e23\u0e40\u0e1b\u0e25\u0e35\u0e48\u0e22\u0e19\u0e41\u0e1b\u0e25\u0e07\u0e2a\u0e31\u0e0d\u0e0d\u0e32<\/strong><\/p><p>\u0e19\u0e42\u0e22\u0e1a\u0e32\u0e22\u0e19\u0e35\u0e49\u0e2d\u0e32\u0e08\u0e44\u0e14\u0e49\u0e23\u0e31\u0e1a\u0e01\u0e32\u0e23\u0e1b\u0e23\u0e31\u0e1a\u0e1b\u0e23\u0e38\u0e07\u0e40\u0e1b\u0e47\u0e19\u0e04\u0e23\u0e31\u0e49\u0e07\u0e04\u0e23\u0e32\u0e27 \u0e01\u0e32\u0e23\u0e40\u0e1b\u0e25\u0e35\u0e48\u0e22\u0e19\u0e41\u0e1b\u0e25\u0e07\u0e43\u0e14 \u0e46 \u0e17\u0e35\u0e48\u0e08\u0e30\u0e40\u0e01\u0e34\u0e14\u0e02\u0e36\u0e49\u0e19\u0e08\u0e30\u0e16\u0e39\u0e01\u0e40\u0e1c\u0e22\u0e41\u0e1e\u0e23\u0e48\u0e43\u0e19\u0e2b\u0e19\u0e49\u0e32\u0e19\u0e35\u0e49\u0e41\u0e25\u0e30\u0e08\u0e30\u0e23\u0e30\u0e1a\u0e38\u0e1e\u0e23\u0e49\u0e2d\u0e21\u0e01\u0e31\u0e1a\u0e27\u0e31\u0e19\u0e17\u0e35\u0e48\u0e21\u0e35\u0e1c\u0e25\u0e1a\u0e31\u0e07\u0e04\u0e31\u0e1a\u0e43\u0e0a\u0e49 \u0e1c\u0e39\u0e49\u0e43\u0e0a\u0e49\u0e04\u0e27\u0e23\u0e15\u0e23\u0e27\u0e08\u0e2a\u0e2d\u0e1a\u0e2b\u0e19\u0e49\u0e32\u0e19\u0e35\u0e49\u0e40\u0e1b\u0e47\u0e19\u0e1b\u0e23\u0e30\u0e08\u0e33\u0e40\u0e1e\u0e37\u0e48\u0e2d\u0e23\u0e31\u0e1a\u0e17\u0e23\u0e32\u0e1a\u0e02\u0e49\u0e2d\u0e21\u0e39\u0e25\u0e01\u0e32\u0e23\u0e40\u0e1b\u0e25\u0e35\u0e48\u0e22\u0e19\u0e41\u0e1b\u0e25\u0e07\u0e43\u0e14\u0e46<\/p>\t\t\t\t\t\t\t\t<\/div>\n\t\t\t\t<\/div>\n\t\t\t\t\t<\/div>\n\t\t<\/div>\n\t\t\t\t\t<\/div>\n\t\t<\/section>\n\t\t\t\t<\/div>","protected":false},"excerpt":{"rendered":"<p>Y\u00fcr\u00fcrl\u00fck\/G\u00fcncelleme Tarihi: 05.08.2024 1. Giri\u015f Hostragons Global Limited (&#8220;Hostragons&#8221; olarak an\u0131lacakt\u0131r), kullan\u0131c\u0131lar\u0131m\u0131z\u0131n gizlili\u011fini ve ki\u015fisel verilerinin korunmas\u0131n\u0131 ciddiye al\u0131r. Bu Gizlilik ve GDPR Uyum Politikas\u0131, ki\u015fisel verilerin nas\u0131l topland\u0131\u011f\u0131n\u0131, kullan\u0131ld\u0131\u011f\u0131n\u0131, korundu\u011funu ve GDPR kapsam\u0131nda nas\u0131l y\u00f6netildi\u011fini a\u00e7\u0131klar. Web sitemizi ve hizmetlerimizi kullanarak, bu politikay\u0131 kabul etmi\u015f say\u0131l\u0131rs\u0131n\u0131z. 2. Veri Sorumlusu ve Temsilcisi Hostragons, ki\u015fisel verilerinizi [&hellip;]<\/p>\n","protected":false},"author":94,"featured_media":7854,"parent":0,"menu_order":0,"comment_status":"closed","ping_status":"closed","template":"","meta":{"googlesitekit_rrm_CAow5YvFDA:productID":"","footnotes":""},"class_list":["post-2031","page","type-page","status-publish","has-post-thumbnail","hentry"],"_links":{"self":[{"href":"https:\/\/www.hostragons.com\/th\/wp-json\/wp\/v2\/pages\/2031","targetHints":{"allow":["GET"]}}],"collection":[{"href":"https:\/\/www.hostragons.com\/th\/wp-json\/wp\/v2\/pages"}],"about":[{"href":"https:\/\/www.hostragons.com\/th\/wp-json\/wp\/v2\/types\/page"}],"author":[{"embeddable":true,"href":"https:\/\/www.hostragons.com\/th\/wp-json\/wp\/v2\/users\/94"}],"replies":[{"embeddable":true,"href":"https:\/\/www.hostragons.com\/th\/wp-json\/wp\/v2\/comments?post=2031"}],"version-history":[{"count":0,"href":"https:\/\/www.hostragons.com\/th\/wp-json\/wp\/v2\/pages\/2031\/revisions"}],"wp:featuredmedia":[{"embeddable":true,"href":"https:\/\/www.hostragons.com\/th\/wp-json\/wp\/v2\/media\/7854"}],"wp:attachment":[{"href":"https:\/\/www.hostragons.com\/th\/wp-json\/wp\/v2\/media?parent=2031"}],"curies":[{"name":"wp","href":"https:\/\/api.w.org\/{rel}","templated":true}]}}