{"id":2358,"date":"2020-10-02T08:03:18","date_gmt":"2020-10-02T05:03:18","guid":{"rendered":"https:\/\/www.hostragons.com\/?page_id=2358"},"modified":"2025-03-25T09:07:38","modified_gmt":"2025-03-25T09:07:38","slug":"%e0%b0%95%e0%b1%81%e0%b0%95%e0%b1%80-%e0%b0%b5%e0%b0%bf%e0%b0%a7%e0%b0%be%e0%b0%a8%e0%b0%82","status":"publish","type":"page","link":"https:\/\/www.hostragons.com\/te\/%e0%b0%95%e0%b1%81%e0%b0%95%e0%b1%80-%e0%b0%b5%e0%b0%bf%e0%b0%a7%e0%b0%be%e0%b0%a8%e0%b0%82\/","title":{"rendered":"\u0c15\u0c41\u0c15\u0c40 \u0c35\u0c3f\u0c27\u0c3e\u0c28\u0c02"},"content":{"rendered":"<div data-elementor-type=\"wp-page\" data-elementor-id=\"2358\" class=\"elementor elementor-2358\" data-elementor-post-type=\"page\">\n\t\t\t\t\t\t<section class=\"elementor-section elementor-top-section elementor-element elementor-element-9da5eda elementor-section-boxed elementor-section-height-default elementor-section-height-default\" data-id=\"9da5eda\" data-element_type=\"section\" data-e-type=\"section\">\n\t\t\t\t\t\t<div class=\"elementor-container elementor-column-gap-default\">\n\t\t\t\t\t<div class=\"elementor-column elementor-col-100 elementor-top-column elementor-element elementor-element-a7228de\" data-id=\"a7228de\" data-element_type=\"column\" data-e-type=\"column\">\n\t\t\t<div class=\"elementor-widget-wrap elementor-element-populated\">\n\t\t\t\t\t\t<div class=\"elementor-element elementor-element-8bde4d6 elementor-widget elementor-widget-text-editor\" data-id=\"8bde4d6\" data-element_type=\"widget\" data-e-type=\"widget\" data-widget_type=\"text-editor.default\">\n\t\t\t\t<div class=\"elementor-widget-container\">\n\t\t\t\t\t\t\t\t\t<p><strong>\u0c2a\u0c4d\u0c30\u0c2d\u0c3e\u0c35\u0c02\/\u0c28\u0c35\u0c40\u0c15\u0c30\u0c23 \u0c24\u0c47\u0c26\u0c40:<\/strong> 05.08.2024<\/p><p><strong>1. \u0c15\u0c41\u0c15\u0c40 \u0c05\u0c02\u0c1f\u0c47 \u0c0f\u0c2e\u0c3f\u0c1f\u0c3f?<\/strong><\/p><p>\u0c15\u0c41\u0c15\u0c4d\u0c15\u0c40\u0c32\u0c41 \u0c05\u0c28\u0c47\u0c35\u0c3f \u0c35\u0c46\u0c2c\u0c4d\u200c\u0c38\u0c48\u0c1f\u0c4d\u200c\u0c32 \u0c26\u0c4d\u0c35\u0c3e\u0c30\u0c3e \u0c2e\u0c40 \u0c2c\u0c4d\u0c30\u0c4c\u0c1c\u0c30\u0c4d\u200c\u0c15\u0c3f \u0c2a\u0c02\u0c2a\u0c2c\u0c21\u0c3f\u0c28 \u0c1a\u0c3f\u0c28\u0c4d\u0c28 \u0c21\u0c47\u0c1f\u0c3e \u0c2b\u0c48\u0c32\u0c4d\u200c\u0c32\u0c41 \u0c2e\u0c30\u0c3f\u0c2f\u0c41 \u0c2e\u0c40 \u0c2a\u0c30\u0c3f\u0c15\u0c30\u0c02\u0c32\u0c4b \u0c28\u0c3f\u0c32\u0c4d\u0c35 \u0c1a\u0c47\u0c2f\u0c2c\u0c21\u0c24\u0c3e\u0c2f\u0c3f. \u0c08 \u0c2b\u0c48\u0c32\u0c4d\u200c\u0c32\u0c41 \u0c2e\u0c40 \u0c2c\u0c4d\u0c30\u0c4c\u0c1c\u0c30\u0c4d\u200c\u0c28\u0c3f \u0c2e\u0c40\u0c30\u0c41 \u0c2e\u0c33\u0c4d\u0c32\u0c40 \u0c38\u0c02\u0c26\u0c30\u0c4d\u0c36\u0c3f\u0c02\u0c1a\u0c3f\u0c28\u0c2a\u0c4d\u0c2a\u0c41\u0c21\u0c41 \u0c35\u0c46\u0c2c\u0c4d\u200c\u0c38\u0c48\u0c1f\u0c4d\u200c\u0c28\u0c41 \u0c17\u0c41\u0c30\u0c4d\u0c24\u0c3f\u0c02\u0c1a\u0c21\u0c3e\u0c28\u0c3f\u0c15\u0c3f \u0c2e\u0c30\u0c3f\u0c2f\u0c41 \u0c2e\u0c41\u0c28\u0c41\u0c2a\u0c1f\u0c3f \u0c38\u0c02\u0c26\u0c30\u0c4d\u0c36\u0c28\u0c32 \u0c28\u0c41\u0c02\u0c21\u0c3f \u0c2e\u0c40 \u0c2a\u0c4d\u0c30\u0c3e\u0c27\u0c3e\u0c28\u0c4d\u0c2f\u0c24\u0c32\u0c28\u0c41 \u0c17\u0c41\u0c30\u0c4d\u0c24\u0c41\u0c02\u0c1a\u0c41\u0c15\u0c4b\u0c35\u0c21\u0c02 \u0c26\u0c4d\u0c35\u0c3e\u0c30\u0c3e \u0c2e\u0c40 \u0c35\u0c3f\u0c28\u0c3f\u0c2f\u0c4b\u0c17\u0c26\u0c3e\u0c30\u0c41 \u0c05\u0c28\u0c41\u0c2d\u0c35\u0c3e\u0c28\u0c4d\u0c28\u0c3f \u0c35\u0c4d\u0c2f\u0c15\u0c4d\u0c24\u0c3f\u0c17\u0c24\u0c40\u0c15\u0c30\u0c3f\u0c02\u0c1a\u0c21\u0c3e\u0c28\u0c3f\u0c15\u0c3f \u0c05\u0c28\u0c41\u0c2e\u0c24\u0c3f\u0c38\u0c4d\u0c24\u0c3e\u0c2f\u0c3f.<\/p><p><strong>2. \u0c15\u0c41\u0c15\u0c4d\u0c15\u0c40\u0c32 \u0c09\u0c2a\u0c2f\u0c4b\u0c17\u0c02 \u0c2f\u0c4a\u0c15\u0c4d\u0c15 \u0c09\u0c26\u0c4d\u0c26\u0c47\u0c36\u0c4d\u0c2f\u0c3e\u0c32\u0c41<\/strong><\/p><p>Hostragons \u0c15\u0c4d\u0c30\u0c3f\u0c02\u0c26\u0c3f \u0c2a\u0c4d\u0c30\u0c2f\u0c4b\u0c1c\u0c28\u0c3e\u0c32 \u0c15\u0c4b\u0c38\u0c02 \u0c15\u0c41\u0c15\u0c4d\u0c15\u0c40\u0c32\u0c28\u0c41 \u0c09\u0c2a\u0c2f\u0c4b\u0c17\u0c3f\u0c38\u0c4d\u0c24\u0c41\u0c02\u0c26\u0c3f:<\/p><ul><li class=\"translation-block\"><strong>\u0c24\u0c2a\u0c4d\u0c2a\u0c28\u0c3f\u0c38\u0c30\u0c3f \u0c15\u0c41\u0c15\u0c4d\u0c15\u0c40\u0c32\u0c41:<\/strong> \u0c38\u0c48\u0c1f\u0c4d \u0c26\u0c3e\u0c28\u0c3f \u0c2a\u0c4d\u0c30\u0c3e\u0c25\u0c2e\u0c3f\u0c15 \u0c35\u0c3f\u0c27\u0c41\u0c32\u0c28\u0c41 \u0c28\u0c3f\u0c30\u0c4d\u0c35\u0c39\u0c3f\u0c02\u0c1a\u0c21\u0c3e\u0c28\u0c3f\u0c15\u0c3f \u0c05\u0c35\u0c38\u0c30\u0c02.<\/li><li><strong>\u0c2a\u0c28\u0c3f\u0c24\u0c40\u0c30\u0c41 \u0c15\u0c41\u0c15\u0c4d\u0c15\u0c40\u0c32\u0c41:<\/strong> \u0c07\u0c26\u0c3f \u0c38\u0c48\u0c1f\u0c4d \u0c2a\u0c28\u0c3f\u0c24\u0c40\u0c30\u0c41\u0c28\u0c41 \u0c2a\u0c30\u0c4d\u0c2f\u0c35\u0c47\u0c15\u0c4d\u0c37\u0c3f\u0c02\u0c1a\u0c21\u0c3e\u0c28\u0c3f\u0c15\u0c3f \u0c2e\u0c30\u0c3f\u0c2f\u0c41 \u0c2e\u0c46\u0c30\u0c41\u0c17\u0c41\u0c2a\u0c30\u0c1a\u0c21\u0c3e\u0c28\u0c3f\u0c15\u0c3f \u0c09\u0c2a\u0c2f\u0c4b\u0c17\u0c3f\u0c02\u0c1a\u0c2c\u0c21\u0c41\u0c24\u0c41\u0c02\u0c26\u0c3f.<\/li><li class=\"translation-block\"><strong>\u0c2b\u0c02\u0c15\u0c4d\u0c37\u0c28\u0c32\u0c4d \u0c15\u0c41\u0c15\u0c4d\u0c15\u0c40\u0c32\u0c41:<\/strong> \u0c35\u0c3f\u0c28\u0c3f\u0c2f\u0c4b\u0c17\u0c26\u0c3e\u0c30\u0c41 \u0c2a\u0c4d\u0c30\u0c3e\u0c27\u0c3e\u0c28\u0c4d\u0c2f\u0c24\u0c32\u0c28\u0c41 \u0c17\u0c41\u0c30\u0c4d\u0c24\u0c41\u0c02\u0c1a\u0c41\u0c15\u0c4b\u0c35\u0c21\u0c02 \u0c26\u0c4d\u0c35\u0c3e\u0c30\u0c3e \u0c35\u0c4d\u0c2f\u0c15\u0c4d\u0c24\u0c3f\u0c17\u0c24\u0c40\u0c15\u0c30\u0c3f\u0c02\u0c1a\u0c3f\u0c28 \u0c05\u0c28\u0c41\u0c2d\u0c35\u0c3e\u0c28\u0c4d\u0c28\u0c3f \u0c05\u0c02\u0c26\u0c3f\u0c38\u0c4d\u0c24\u0c41\u0c02\u0c26\u0c3f.<\/li><li class=\"translation-block\"><strong>\u0c2a\u0c4d\u0c30\u0c15\u0c1f\u0c28\u0c32\u0c41 \u0c2e\u0c30\u0c3f\u0c2f\u0c41 \u0c2e\u0c3e\u0c30\u0c4d\u0c15\u0c46\u0c1f\u0c3f\u0c02\u0c17\u0c4d \u0c15\u0c41\u0c15\u0c40\u0c32\u0c41:<\/strong> \u0c2e\u0c40 \u0c06\u0c38\u0c15\u0c4d\u0c24\u0c41\u0c32\u0c15\u0c41 \u0c05\u0c28\u0c41\u0c17\u0c41\u0c23\u0c02\u0c17\u0c3e \u0c15\u0c02\u0c1f\u0c46\u0c02\u0c1f\u0c4d \u0c2e\u0c30\u0c3f\u0c2f\u0c41 \u0c2a\u0c4d\u0c30\u0c15\u0c1f\u0c28\u0c32\u0c28\u0c41 \u0c05\u0c02\u0c26\u0c3f\u0c02\u0c1a\u0c21\u0c3e\u0c28\u0c3f\u0c15\u0c3f \u0c09\u0c2a\u0c2f\u0c4b\u0c17\u0c3f\u0c02\u0c1a\u0c2c\u0c21\u0c41\u0c24\u0c41\u0c02\u0c26\u0c3f.<\/li><\/ul><p><strong>3. \u0c2e\u0c42\u0c21\u0c35 \u0c2a\u0c15\u0c4d\u0c37\u0c02 \u0c15\u0c41\u0c15\u0c4d\u0c15\u0c40\u0c32\u0c41<\/strong><\/p><p>\u0c2e\u0c3e \u0c38\u0c48\u0c1f\u0c4d\u200c\u0c32\u0c4b\u0c28\u0c3f \u0c15\u0c4a\u0c28\u0c4d\u0c28\u0c3f \u0c15\u0c41\u0c15\u0c4d\u0c15\u0c40\u0c32\u0c41 \u0c25\u0c30\u0c4d\u0c21\u0c4d-\u0c2a\u0c3e\u0c30\u0c4d\u0c1f\u0c40 \u0c38\u0c30\u0c4d\u0c35\u0c40\u0c38\u0c4d \u0c2a\u0c4d\u0c30\u0c4a\u0c35\u0c48\u0c21\u0c30\u0c4d\u0c32\u0c1a\u0c47 \u0c28\u0c3f\u0c30\u0c4d\u0c35\u0c39\u0c3f\u0c02\u0c1a\u0c2c\u0c21\u0c41\u0c24\u0c41\u0c28\u0c4d\u0c28\u0c3e\u0c2f\u0c3f. \u0c08 \u0c15\u0c41\u0c15\u0c4d\u0c15\u0c40\u0c32\u0c41 \u0c2a\u0c4d\u0c30\u0c15\u0c1f\u0c28\u0c32\u0c41 \u0c2e\u0c30\u0c3f\u0c2f\u0c41 \u0c35\u0c3f\u0c36\u0c4d\u0c32\u0c47\u0c37\u0c23\u0c32 \u0c38\u0c47\u0c35\u0c32 \u0c15\u0c4b\u0c38\u0c02 \u0c09\u0c2a\u0c2f\u0c4b\u0c17\u0c3f\u0c02\u0c1a\u0c2c\u0c21\u0c24\u0c3e\u0c2f\u0c3f \u0c2e\u0c30\u0c3f\u0c2f\u0c41 \u0c2e\u0c42\u0c21\u0c35 \u0c2a\u0c15\u0c4d\u0c37\u0c3e\u0c32 \u0c38\u0c4d\u0c35\u0c02\u0c24 \u0c17\u0c4b\u0c2a\u0c4d\u0c2f\u0c24\u0c3e \u0c35\u0c3f\u0c27\u0c3e\u0c28\u0c3e\u0c32\u0c15\u0c41 \u0c32\u0c4b\u0c2c\u0c21\u0c3f \u0c09\u0c02\u0c1f\u0c3e\u0c2f\u0c3f. \u0c08 \u0c38\u0c30\u0c4d\u0c35\u0c40\u0c38\u0c4d \u0c2a\u0c4d\u0c30\u0c4a\u0c35\u0c48\u0c21\u0c30\u0c4d\u0c32\u0c41 \u0c2e\u0c42\u0c21\u0c35 \u0c2a\u0c15\u0c4d\u0c37\u0c02 \u0c15\u0c41\u0c15\u0c4d\u0c15\u0c40\u0c32\u0c28\u0c41 \u0c09\u0c2a\u0c2f\u0c4b\u0c17\u0c3f\u0c02\u0c1a\u0c21\u0c02 \u0c17\u0c41\u0c30\u0c3f\u0c02\u0c1a\u0c3f \u0c2e\u0c30\u0c3f\u0c02\u0c24 \u0c38\u0c2e\u0c3e\u0c1a\u0c3e\u0c30\u0c02 \u0c15\u0c4b\u0c38\u0c02 \u0c2e\u0c40\u0c30\u0c41 \u0c35\u0c3e\u0c30\u0c3f \u0c17\u0c4b\u0c2a\u0c4d\u0c2f\u0c24\u0c3e \u0c35\u0c3f\u0c27\u0c3e\u0c28\u0c3e\u0c32\u0c28\u0c41 \u0c38\u0c2e\u0c40\u0c15\u0c4d\u0c37\u0c3f\u0c02\u0c1a\u0c3e\u0c32\u0c28\u0c3f \u0c2e\u0c47\u0c2e\u0c41 \u0c38\u0c3f\u0c2b\u0c3e\u0c30\u0c4d\u0c38\u0c41 \u0c1a\u0c47\u0c38\u0c4d\u0c24\u0c41\u0c28\u0c4d\u0c28\u0c3e\u0c2e\u0c41.<\/p><p><strong>4. \u0c15\u0c41\u0c15\u0c4d\u0c15\u0c40\u0c32\u0c28\u0c41 \u0c28\u0c3f\u0c2f\u0c02\u0c24\u0c4d\u0c30\u0c3f\u0c02\u0c1a\u0c21\u0c02 \u0c2e\u0c30\u0c3f\u0c2f\u0c41 \u0c24\u0c4a\u0c32\u0c17\u0c3f\u0c02\u0c1a\u0c21\u0c02<\/strong><\/p><p>\u0c2e\u0c40\u0c30\u0c41 \u0c2e\u0c40 \u0c2c\u0c4d\u0c30\u0c4c\u0c1c\u0c30\u0c4d \u0c38\u0c46\u0c1f\u0c4d\u0c1f\u0c3f\u0c02\u0c17\u0c4d\u200c\u0c32 \u0c26\u0c4d\u0c35\u0c3e\u0c30\u0c3e \u0c15\u0c41\u0c15\u0c4d\u0c15\u0c40\u0c32\u0c28\u0c41 \u0c28\u0c3f\u0c30\u0c4d\u0c35\u0c39\u0c3f\u0c02\u0c1a\u0c35\u0c1a\u0c4d\u0c1a\u0c41, \u0c05\u0c02\u0c17\u0c40\u0c15\u0c30\u0c3f\u0c02\u0c1a\u0c35\u0c1a\u0c4d\u0c1a\u0c41 \u0c32\u0c47\u0c26\u0c3e \u0c24\u0c3f\u0c30\u0c38\u0c4d\u0c15\u0c30\u0c3f\u0c02\u0c1a\u0c35\u0c1a\u0c4d\u0c1a\u0c41. \u0c2e\u0c40\u0c30\u0c41 \u0c2e\u0c40 \u0c2c\u0c4d\u0c30\u0c4c\u0c1c\u0c30\u0c4d\u200c\u0c32\u0c4b \u0c2e\u0c41\u0c28\u0c41\u0c2a\u0c41 \u0c38\u0c47\u0c35\u0c4d \u0c1a\u0c47\u0c38\u0c3f\u0c28 \u0c15\u0c41\u0c15\u0c4d\u0c15\u0c40\u0c32\u0c28\u0c41 \u0c15\u0c42\u0c21\u0c3e \u0c24\u0c4a\u0c32\u0c17\u0c3f\u0c02\u0c1a\u0c35\u0c1a\u0c4d\u0c1a\u0c41. \u0c15\u0c41\u0c15\u0c4d\u0c15\u0c40\u0c32\u0c28\u0c41 \u0c0e\u0c32\u0c3e \u0c28\u0c3f\u0c30\u0c4d\u0c35\u0c39\u0c3f\u0c02\u0c1a\u0c3e\u0c32\u0c28\u0c47 \u0c26\u0c3e\u0c28\u0c3f\u0c2a\u0c48 \u0c2e\u0c30\u0c3f\u0c02\u0c24 \u0c38\u0c2e\u0c3e\u0c1a\u0c3e\u0c30\u0c02 \u0c15\u0c4b\u0c38\u0c02, \u0c2e\u0c40\u0c30\u0c41 \u0c09\u0c2a\u0c2f\u0c4b\u0c17\u0c3f\u0c38\u0c4d\u0c24\u0c41\u0c28\u0c4d\u0c28 \u0c2c\u0c4d\u0c30\u0c4c\u0c1c\u0c30\u0c4d\u200c\u0c15\u0c41 \u0c38\u0c02\u0c2c\u0c02\u0c27\u0c3f\u0c02\u0c1a\u0c3f\u0c28 \u0c28\u0c3f\u0c30\u0c4d\u0c26\u0c3f\u0c37\u0c4d\u0c1f \u0c38\u0c42\u0c1a\u0c28\u0c32\u0c28\u0c41 \u0c2e\u0c40\u0c30\u0c41 \u0c1a\u0c42\u0c21\u0c35\u0c1a\u0c4d\u0c1a\u0c41:<\/p><ul><li><a target=\"_new\" rel=\"noreferrer\">Google Chrome<\/a><\/li><li><a href=\"https:\/\/support.mozilla.org\/tr\/kb\/cerezleri-silme\" target=\"_new\" rel=\"noreferrer noopener\">\u0c2e\u0c4a\u0c1c\u0c3f\u0c32\u0c4d\u0c32\u0c3e \u0c2b\u0c48\u0c30\u0c4d\u200c\u0c2b\u0c3e\u0c15\u0c4d\u0c38\u0c4d<\/a><\/li><li><a href=\"https:\/\/support.apple.com\/tr-tr\/guide\/safari\/sfri11471\/mac\" target=\"_new\" rel=\"noreferrer noopener\">\u0c38\u0c2b\u0c3e\u0c30\u0c3f<\/a><\/li><li><a href=\"https:\/\/support.microsoft.com\/tr-tr\/help\/4027947\/microsoft-edge-delete-cookies\" target=\"_new\" rel=\"noreferrer noopener\">\u0c2e\u0c48\u0c15\u0c4d\u0c30\u0c4b\u0c38\u0c3e\u0c2b\u0c4d\u0c1f\u0c4d \u0c0e\u0c21\u0c4d\u0c1c\u0c4d<\/a><\/li><\/ul><p class=\"translation-block\">5. \u0c15\u0c41\u0c15\u0c40 \u0c2a\u0c3e\u0c32\u0c38\u0c40 \u0c2e\u0c3e\u0c30\u0c4d\u0c2a\u0c41\u0c32\u0c41<\/p><p>Hostragons \u0c24\u0c28 \u0c15\u0c41\u0c15\u0c4d\u0c15\u0c40 \u0c35\u0c3f\u0c27\u0c3e\u0c28\u0c3e\u0c28\u0c4d\u0c28\u0c3f \u0c2e\u0c3e\u0c30\u0c4d\u0c1a\u0c41\u0c15\u0c41\u0c28\u0c47 \u0c39\u0c15\u0c4d\u0c15\u0c41\u0c28\u0c41 \u0c15\u0c32\u0c3f\u0c17\u0c3f \u0c09\u0c02\u0c26\u0c3f. \u0c2e\u0c3e \u0c35\u0c3f\u0c27\u0c3e\u0c28\u0c02\u0c32\u0c4b \u0c0f\u0c35\u0c48\u0c28\u0c3e \u0c2e\u0c3e\u0c30\u0c4d\u0c2a\u0c41\u0c32\u0c41 \u0c08 \u0c2a\u0c47\u0c1c\u0c40\u0c32\u0c4b \u0c28\u0c35\u0c40\u0c15\u0c30\u0c3f\u0c02\u0c1a\u0c2c\u0c21\u0c24\u0c3e\u0c2f\u0c3f \u0c2e\u0c30\u0c3f\u0c2f\u0c41 \u0c05\u0c2e\u0c32\u0c41\u0c32\u0c4b\u0c15\u0c3f \u0c35\u0c38\u0c4d\u0c24\u0c3e\u0c2f\u0c3f. \u0c35\u0c3f\u0c28\u0c3f\u0c2f\u0c4b\u0c17\u0c26\u0c3e\u0c30\u0c41\u0c32\u0c41 \u0c08 \u0c2a\u0c47\u0c1c\u0c40\u0c28\u0c3f \u0c15\u0c4d\u0c30\u0c2e\u0c02 \u0c24\u0c2a\u0c4d\u0c2a\u0c15\u0c41\u0c02\u0c21\u0c3e \u0c24\u0c28\u0c3f\u0c16\u0c40 \u0c1a\u0c47\u0c2f\u0c21\u0c02 \u0c26\u0c4d\u0c35\u0c3e\u0c30\u0c3e \u0c0f\u0c35\u0c48\u0c28\u0c3e \u0c2e\u0c3e\u0c30\u0c4d\u0c2a\u0c41\u0c32 \u0c17\u0c41\u0c30\u0c3f\u0c02\u0c1a\u0c3f \u0c24\u0c46\u0c32\u0c3f\u0c2f\u0c1c\u0c47\u0c2f\u0c3e\u0c32\u0c28\u0c3f \u0c2e\u0c47\u0c2e\u0c41 \u0c38\u0c3f\u0c2b\u0c3e\u0c30\u0c4d\u0c38\u0c41 \u0c1a\u0c47\u0c38\u0c4d\u0c24\u0c41\u0c28\u0c4d\u0c28\u0c3e\u0c2e\u0c41.<\/p><p><strong>6. \u0c15\u0c2e\u0c4d\u0c2f\u0c42\u0c28\u0c3f\u0c15\u0c47\u0c37\u0c28\u0c4d<\/strong><\/p><p>\u0c08 \u0c15\u0c41\u0c15\u0c4d\u0c15\u0c40 \u0c2a\u0c3e\u0c32\u0c38\u0c40 \u0c17\u0c41\u0c30\u0c3f\u0c02\u0c1a\u0c3f \u0c2a\u0c4d\u0c30\u0c36\u0c4d\u0c28\u0c32 \u0c15\u0c4b\u0c38\u0c02 <a rel=\"noreferrer\">hello@hostragons.com<\/a> \u0c2e\u0c40\u0c30\u0c41 \u0c2e\u0c2e\u0c4d\u0c2e\u0c32\u0c4d\u0c28\u0c3f \u0c38\u0c02\u0c2a\u0c4d\u0c30\u0c26\u0c3f\u0c02\u0c1a\u0c35\u0c1a\u0c4d\u0c1a\u0c41.<\/p>\t\t\t\t\t\t\t\t<\/div>\n\t\t\t\t<\/div>\n\t\t\t\t\t<\/div>\n\t\t<\/div>\n\t\t\t\t\t<\/div>\n\t\t<\/section>\n\t\t\t\t<\/div>","protected":false},"excerpt":{"rendered":"<p>Y\u00fcr\u00fcrl\u00fck\/G\u00fcncelleme Tarihi: 05.08.2024 1. \u00c7erez (Cookie) Nedir? \u00c7erezler, web siteleri taraf\u0131ndan taray\u0131c\u0131n\u0131za g\u00f6nderilen ve cihaz\u0131n\u0131zda depolanan k\u00fc\u00e7\u00fck veri dosyalar\u0131d\u0131r. Bu dosyalar, siteyi tekrar ziyaret etti\u011finizde taray\u0131c\u0131n\u0131z\u0131n web sitesini tan\u0131mas\u0131n\u0131 sa\u011flar ve \u00f6nceki ziyaretlerinizdeki tercihlerinizi hat\u0131rlayarak kullan\u0131c\u0131 deneyiminizi ki\u015fiselle\u015ftirir. 2. \u00c7erezlerin Kullan\u0131m Ama\u00e7lar\u0131 Hostragons, a\u015fa\u011f\u0131daki ama\u00e7lar do\u011frultusunda \u00e7erezleri kullan\u0131r: Zorunlu \u00c7erezler: Sitenin temel i\u015flevlerini yerine getirebilmesi [&hellip;]<\/p>\n","protected":false},"author":94,"featured_media":7852,"parent":0,"menu_order":0,"comment_status":"closed","ping_status":"closed","template":"","meta":{"googlesitekit_rrm_CAow5YvFDA:productID":"","footnotes":""},"class_list":["post-2358","page","type-page","status-publish","has-post-thumbnail","hentry"],"_links":{"self":[{"href":"https:\/\/www.hostragons.com\/te\/wp-json\/wp\/v2\/pages\/2358","targetHints":{"allow":["GET"]}}],"collection":[{"href":"https:\/\/www.hostragons.com\/te\/wp-json\/wp\/v2\/pages"}],"about":[{"href":"https:\/\/www.hostragons.com\/te\/wp-json\/wp\/v2\/types\/page"}],"author":[{"embeddable":true,"href":"https:\/\/www.hostragons.com\/te\/wp-json\/wp\/v2\/users\/94"}],"replies":[{"embeddable":true,"href":"https:\/\/www.hostragons.com\/te\/wp-json\/wp\/v2\/comments?post=2358"}],"version-history":[{"count":0,"href":"https:\/\/www.hostragons.com\/te\/wp-json\/wp\/v2\/pages\/2358\/revisions"}],"wp:featuredmedia":[{"embeddable":true,"href":"https:\/\/www.hostragons.com\/te\/wp-json\/wp\/v2\/media\/7852"}],"wp:attachment":[{"href":"https:\/\/www.hostragons.com\/te\/wp-json\/wp\/v2\/media?parent=2358"}],"curies":[{"name":"\u0c21\u0c2c\u0c4d\u0c32\u0c4d\u0c2f\u0c41\u0c2a\u0c3f","href":"https:\/\/api.w.org\/{rel}","templated":true}]}}