{"id":2031,"date":"2020-09-08T16:09:39","date_gmt":"2020-09-08T13:09:39","guid":{"rendered":"https:\/\/www.hostragons.com\/?page_id=2031"},"modified":"2024-09-26T17:52:04","modified_gmt":"2024-09-26T14:52:04","slug":"%e0%b0%97%e0%b1%8b%e0%b0%aa%e0%b1%8d%e0%b0%af%e0%b0%a4%e0%b0%be-%e0%b0%b5%e0%b0%bf%e0%b0%a7%e0%b0%be%e0%b0%a8%e0%b0%82","status":"publish","type":"page","link":"https:\/\/www.hostragons.com\/te\/%e0%b0%97%e0%b1%8b%e0%b0%aa%e0%b1%8d%e0%b0%af%e0%b0%a4%e0%b0%be-%e0%b0%b5%e0%b0%bf%e0%b0%a7%e0%b0%be%e0%b0%a8%e0%b0%82\/","title":{"rendered":"\u0c17\u0c4b\u0c2a\u0c4d\u0c2f\u0c24\u0c3e \u0c35\u0c3f\u0c27\u0c3e\u0c28\u0c02"},"content":{"rendered":"<div data-elementor-type=\"wp-page\" data-elementor-id=\"2031\" class=\"elementor elementor-2031\" data-elementor-post-type=\"page\">\n\t\t\t\t\t\t<section class=\"elementor-section elementor-top-section elementor-element elementor-element-91e4b54 elementor-section-boxed elementor-section-height-default elementor-section-height-default\" data-id=\"91e4b54\" data-element_type=\"section\" data-e-type=\"section\">\n\t\t\t\t\t\t<div class=\"elementor-container elementor-column-gap-default\">\n\t\t\t\t\t<div class=\"elementor-column elementor-col-100 elementor-top-column elementor-element elementor-element-0774a31\" data-id=\"0774a31\" data-element_type=\"column\" data-e-type=\"column\">\n\t\t\t<div class=\"elementor-widget-wrap elementor-element-populated\">\n\t\t\t\t\t\t<div class=\"elementor-element elementor-element-830efa2 elementor-widget elementor-widget-text-editor\" data-id=\"830efa2\" data-element_type=\"widget\" data-e-type=\"widget\" data-widget_type=\"text-editor.default\">\n\t\t\t\t<div class=\"elementor-widget-container\">\n\t\t\t\t\t\t\t\t\t<p><strong>\u0c2a\u0c4d\u0c30\u0c2d\u0c3e\u0c35\u0c02\/\u0c28\u0c35\u0c40\u0c15\u0c30\u0c23 \u0c24\u0c47\u0c26\u0c40: 05.08.2024<\/strong><\/p><p><strong>1. \u0c2a\u0c30\u0c3f\u0c1a\u0c2f\u0c02<\/strong><\/p><p>Hostragons Global Limited (\u201cHostragons\u201d) \u0c2e\u0c3e \u0c35\u0c3f\u0c28\u0c3f\u0c2f\u0c4b\u0c17\u0c26\u0c3e\u0c30\u0c41\u0c32 \u0c17\u0c4b\u0c2a\u0c4d\u0c2f\u0c24\u0c28\u0c41 \u0c2e\u0c30\u0c3f\u0c2f\u0c41 \u0c35\u0c3e\u0c30\u0c3f \u0c35\u0c4d\u0c2f\u0c15\u0c4d\u0c24\u0c3f\u0c17\u0c24 \u0c21\u0c47\u0c1f\u0c3e \u0c30\u0c15\u0c4d\u0c37\u0c23\u0c28\u0c41 \u0c24\u0c40\u0c35\u0c4d\u0c30\u0c02\u0c17\u0c3e \u0c2a\u0c30\u0c3f\u0c17\u0c23\u0c3f\u0c38\u0c4d\u0c24\u0c41\u0c02\u0c26\u0c3f. \u0c08 \u0c17\u0c4b\u0c2a\u0c4d\u0c2f\u0c24 \u0c2e\u0c30\u0c3f\u0c2f\u0c41 GDPR \u0c35\u0c30\u0c4d\u0c24\u0c3f\u0c02\u0c2a\u0c41 \u0c35\u0c3f\u0c27\u0c3e\u0c28\u0c02 GDPR \u0c15\u0c3f\u0c02\u0c26 \u0c35\u0c4d\u0c2f\u0c15\u0c4d\u0c24\u0c3f\u0c17\u0c24 \u0c21\u0c47\u0c1f\u0c3e \u0c0e\u0c32\u0c3e \u0c38\u0c47\u0c15\u0c30\u0c3f\u0c02\u0c1a\u0c2c\u0c21\u0c41\u0c24\u0c41\u0c02\u0c26\u0c4b, \u0c09\u0c2a\u0c2f\u0c4b\u0c17\u0c3f\u0c02\u0c1a\u0c2c\u0c21\u0c41\u0c24\u0c41\u0c02\u0c26\u0c4b, \u0c30\u0c15\u0c4d\u0c37\u0c3f\u0c02\u0c1a\u0c2c\u0c21\u0c41\u0c24\u0c41\u0c02\u0c26\u0c4b \u0c2e\u0c30\u0c3f\u0c2f\u0c41 \u0c28\u0c3f\u0c30\u0c4d\u0c35\u0c39\u0c3f\u0c02\u0c1a\u0c2c\u0c21\u0c41\u0c24\u0c41\u0c02\u0c26\u0c4b \u0c35\u0c3f\u0c35\u0c30\u0c3f\u0c38\u0c4d\u0c24\u0c41\u0c02\u0c26\u0c3f. \u0c2e\u0c3e \u0c35\u0c46\u0c2c\u0c4d\u200c\u0c38\u0c48\u0c1f\u0c4d \u0c2e\u0c30\u0c3f\u0c2f\u0c41 \u0c38\u0c47\u0c35\u0c32\u0c28\u0c41 \u0c09\u0c2a\u0c2f\u0c4b\u0c17\u0c3f\u0c02\u0c1a\u0c21\u0c02 \u0c26\u0c4d\u0c35\u0c3e\u0c30\u0c3e, \u0c2e\u0c40\u0c30\u0c41 \u0c08 \u0c35\u0c3f\u0c27\u0c3e\u0c28\u0c3e\u0c28\u0c4d\u0c28\u0c3f \u0c06\u0c2e\u0c4b\u0c26\u0c3f\u0c02\u0c1a\u0c3f\u0c28\u0c1f\u0c4d\u0c32\u0c41\u0c17\u0c3e \u0c2d\u0c3e\u0c35\u0c3f\u0c02\u0c1a\u0c2c\u0c21\u0c24\u0c3e\u0c30\u0c41.<\/p><p><strong>2. \u0c21\u0c47\u0c1f\u0c3e \u0c15\u0c02\u0c1f\u0c4d\u0c30\u0c4b\u0c32\u0c30\u0c4d \u0c2e\u0c30\u0c3f\u0c2f\u0c41 \u0c2a\u0c4d\u0c30\u0c24\u0c3f\u0c28\u0c3f\u0c27\u0c3f<\/strong><\/p><p>Hostragons \u0c05\u0c28\u0c47\u0c26\u0c3f \u0c2e\u0c40 \u0c35\u0c4d\u0c2f\u0c15\u0c4d\u0c24\u0c3f\u0c17\u0c24 \u0c21\u0c47\u0c1f\u0c3e\u0c28\u0c41 \u0c30\u0c15\u0c4d\u0c37\u0c3f\u0c02\u0c1a\u0c47 \u0c2c\u0c3e\u0c27\u0c4d\u0c2f\u0c24 \u0c15\u0c32\u0c3f\u0c17\u0c3f\u0c28 \u0c21\u0c47\u0c1f\u0c3e \u0c15\u0c02\u0c1f\u0c4d\u0c30\u0c4b\u0c32\u0c30\u0c4d. \u0c2f\u0c42\u0c30\u0c4b\u0c2a\u0c3f\u0c2f\u0c28\u0c4d \u0c2f\u0c42\u0c28\u0c3f\u0c2f\u0c28\u0c4d\u200c\u0c32\u0c4b \u0c2e\u0c3e \u0c2a\u0c4d\u0c30\u0c24\u0c3f\u0c28\u0c3f\u0c27\u0c3f:<\/p><ul><li><strong>\u0c21\u0c47\u0c1f\u0c3e \u0c30\u0c15\u0c4d\u0c37\u0c23 \u0c2a\u0c4d\u0c30\u0c24\u0c3f\u0c28\u0c3f\u0c27\u0c3f:<\/strong> \u0c15\u0c4d\u0c2f\u0c42\u0c2c\u0c46\u0c15\u0c4d \u0c17\u0c4b\u0c2a\u0c4d\u0c2f\u0c24\u0c3e \u0c1a\u0c1f\u0c4d\u0c1f\u0c02.<\/li><\/ul><p><strong>3. \u0c21\u0c47\u0c1f\u0c3e \u0c2a\u0c4d\u0c30\u0c3e\u0c38\u0c46\u0c38\u0c3f\u0c02\u0c17\u0c4d \u0c2f\u0c4a\u0c15\u0c4d\u0c15 \u0c2a\u0c4d\u0c30\u0c3e\u0c25\u0c2e\u0c3f\u0c15 \u0c38\u0c42\u0c24\u0c4d\u0c30\u0c3e\u0c32\u0c41<\/strong><\/p><p>Hostragons \u0c35\u0c26\u0c4d\u0c26, GDPR \u0c2f\u0c4a\u0c15\u0c4d\u0c15 \u0c05\u0c35\u0c38\u0c30\u0c3e\u0c32\u0c15\u0c41 \u0c05\u0c28\u0c41\u0c17\u0c41\u0c23\u0c02\u0c17\u0c3e \u0c2e\u0c47\u0c2e\u0c41 \u0c15\u0c4d\u0c30\u0c3f\u0c02\u0c26\u0c3f \u0c2a\u0c4d\u0c30\u0c3e\u0c25\u0c2e\u0c3f\u0c15 \u0c38\u0c42\u0c24\u0c4d\u0c30\u0c3e\u0c32\u0c28\u0c41 \u0c2a\u0c3e\u0c1f\u0c3f\u0c38\u0c4d\u0c24\u0c3e\u0c2e\u0c41:<\/p><ul><li class=\"translation-block\"><strong>\u0c2a\u0c3e\u0c30\u0c26\u0c30\u0c4d\u0c36\u0c15\u0c24:<\/strong> \u0c2e\u0c47\u0c2e\u0c41 \u0c2e\u0c40 \u0c35\u0c4d\u0c2f\u0c15\u0c4d\u0c24\u0c3f\u0c17\u0c24 \u0c21\u0c47\u0c1f\u0c3e\u0c28\u0c41 \u0c0e\u0c32\u0c3e \u0c38\u0c47\u0c15\u0c30\u0c3f\u0c38\u0c4d\u0c24\u0c3e\u0c2e\u0c41 \u0c2e\u0c30\u0c3f\u0c2f\u0c41 \u0c2a\u0c4d\u0c30\u0c3e\u0c38\u0c46\u0c38\u0c4d \u0c1a\u0c47\u0c38\u0c4d\u0c24\u0c3e\u0c2e\u0c41 \u0c05\u0c28\u0c3f \u0c2e\u0c47\u0c2e\u0c41 \u0c38\u0c4d\u0c2a\u0c37\u0c4d\u0c1f\u0c02\u0c17\u0c3e \u0c24\u0c46\u0c32\u0c3f\u0c2f\u0c1c\u0c47\u0c38\u0c4d\u0c24\u0c3e\u0c2e\u0c41.<\/li><li class=\"translation-block\"><strong>\u0c16\u0c1a\u0c4d\u0c1a\u0c3f\u0c24\u0c24\u0c4d\u0c35\u0c02:<\/strong> \u0c2e\u0c47\u0c2e\u0c41 \u0c2e\u0c40 \u0c21\u0c47\u0c1f\u0c3e\u0c28\u0c41 \u0c16\u0c1a\u0c4d\u0c1a\u0c3f\u0c24\u0c02\u0c17\u0c3e \u0c2e\u0c30\u0c3f\u0c2f\u0c41 \u0c24\u0c3e\u0c1c\u0c3e\u0c17\u0c3e \u0c09\u0c02\u0c1a\u0c41\u0c24\u0c3e\u0c2e\u0c41.<\/li><li class=\"translation-block\"><strong>\u0c15\u0c28\u0c3f\u0c37\u0c4d\u0c1f\u0c40\u0c15\u0c30\u0c23:<\/strong> \u0c2e\u0c47\u0c2e\u0c41 \u0c05\u0c35\u0c38\u0c30\u0c2e\u0c48\u0c28 \u0c21\u0c47\u0c1f\u0c3e\u0c28\u0c41 \u0c2e\u0c3e\u0c24\u0c4d\u0c30\u0c2e\u0c47 \u0c38\u0c47\u0c15\u0c30\u0c3f\u0c02\u0c1a\u0c3f \u0c2a\u0c4d\u0c30\u0c3e\u0c38\u0c46\u0c38\u0c4d \u0c1a\u0c47\u0c38\u0c4d\u0c24\u0c3e\u0c2e\u0c41.<\/li><li class=\"translation-block\"><strong>\u0c28\u0c3f\u0c32\u0c41\u0c2a\u0c41\u0c26\u0c32 \u0c2a\u0c30\u0c3f\u0c2e\u0c3f\u0c24\u0c3f:<\/strong> \u0c2e\u0c47\u0c2e\u0c41 \u0c2e\u0c40 \u0c21\u0c47\u0c1f\u0c3e\u0c28\u0c41 \u0c05\u0c35\u0c38\u0c30\u0c2e\u0c48\u0c28\u0c02\u0c24 \u0c15\u0c3e\u0c32\u0c02 \u0c2e\u0c3e\u0c24\u0c4d\u0c30\u0c2e\u0c47 \u0c09\u0c02\u0c1a\u0c41\u0c24\u0c3e\u0c2e\u0c41.<\/li><\/ul><p><strong>4. \u0c38\u0c2e\u0c3e\u0c1a\u0c3e\u0c30\u0c02 \u0c38\u0c47\u0c15\u0c30\u0c3f\u0c02\u0c1a\u0c2c\u0c21\u0c3f\u0c02\u0c26\u0c3f<\/strong><\/p><p>Hostragons \u0c15\u0c4d\u0c30\u0c3f\u0c02\u0c26\u0c3f \u0c35\u0c4d\u0c2f\u0c15\u0c4d\u0c24\u0c3f\u0c17\u0c24 \u0c38\u0c2e\u0c3e\u0c1a\u0c3e\u0c30\u0c3e\u0c28\u0c4d\u0c28\u0c3f \u0c38\u0c47\u0c15\u0c30\u0c3f\u0c38\u0c4d\u0c24\u0c41\u0c02\u0c26\u0c3f:<\/p><ul><li class=\"translation-block\"><strong>\u0c17\u0c41\u0c30\u0c4d\u0c24\u0c3f\u0c02\u0c2a\u0c41 \u0c38\u0c2e\u0c3e\u0c1a\u0c3e\u0c30\u0c02:<\/strong> \u0c2a\u0c47\u0c30\u0c41, \u0c07\u0c02\u0c1f\u0c3f\u0c2a\u0c47\u0c30\u0c41, \u0c1a\u0c3f\u0c30\u0c41\u0c28\u0c3e\u0c2e\u0c3e, \u0c1f\u0c46\u0c32\u0c3f\u0c2b\u0c4b\u0c28\u0c4d \u0c28\u0c02\u0c2c\u0c30\u0c4d, \u0c07-\u0c2e\u0c46\u0c2f\u0c3f\u0c32\u0c4d \u0c1a\u0c3f\u0c30\u0c41\u0c28\u0c3e\u0c2e\u0c3e.<\/li><li class=\"translation-block\"><strong>\u0c1a\u0c46\u0c32\u0c4d\u0c32\u0c3f\u0c02\u0c2a\u0c41 \u0c38\u0c2e\u0c3e\u0c1a\u0c3e\u0c30\u0c02:<\/strong> \u0c15\u0c4d\u0c30\u0c46\u0c21\u0c3f\u0c1f\u0c4d \u0c15\u0c3e\u0c30\u0c4d\u0c21\u0c4d \u0c38\u0c2e\u0c3e\u0c1a\u0c3e\u0c30\u0c02 \u0c2e\u0c30\u0c3f\u0c2f\u0c41 \u0c1a\u0c46\u0c32\u0c4d\u0c32\u0c3f\u0c02\u0c2a\u0c41 \u0c35\u0c3f\u0c35\u0c30\u0c3e\u0c32\u0c41.<\/li><li class=\"translation-block\"><strong>\u0c38\u0c3e\u0c02\u0c15\u0c47\u0c24\u0c3f\u0c15 \u0c21\u0c47\u0c1f\u0c3e:<\/strong> IP \u0c1a\u0c3f\u0c30\u0c41\u0c28\u0c3e\u0c2e\u0c3e, \u0c2c\u0c4d\u0c30\u0c4c\u0c1c\u0c30\u0c4d \u0c30\u0c15\u0c02, \u0c06\u0c2a\u0c30\u0c47\u0c1f\u0c3f\u0c02\u0c17\u0c4d \u0c38\u0c3f\u0c38\u0c4d\u0c1f\u0c2e\u0c4d.<\/li><li class=\"translation-block\"><strong>\u0c35\u0c3f\u0c28\u0c3f\u0c2f\u0c4b\u0c17\u0c26\u0c3e\u0c30\u0c41 \u0c2a\u0c4d\u0c30\u0c35\u0c30\u0c4d\u0c24\u0c28:<\/strong> \u0c35\u0c3f\u0c28\u0c3f\u0c2f\u0c4b\u0c17\u0c26\u0c3e\u0c30\u0c41 \u0c2a\u0c4d\u0c30\u0c3e\u0c27\u0c3e\u0c28\u0c4d\u0c2f\u0c24\u0c32\u0c41, \u0c38\u0c48\u0c1f\u0c4d\u200c\u0c32\u0c4b \u0c15\u0c26\u0c32\u0c3f\u0c15\u0c32\u0c41.<\/li><\/ul><p><strong>5. \u0c35\u0c4d\u0c2f\u0c15\u0c4d\u0c24\u0c3f\u0c17\u0c24 \u0c21\u0c47\u0c1f\u0c3e \u0c35\u0c3f\u0c28\u0c3f\u0c2f\u0c4b\u0c17\u0c02<\/strong><\/p><p>\u0c38\u0c47\u0c15\u0c30\u0c3f\u0c02\u0c1a\u0c3f\u0c28 \u0c35\u0c4d\u0c2f\u0c15\u0c4d\u0c24\u0c3f\u0c17\u0c24 \u0c38\u0c2e\u0c3e\u0c1a\u0c3e\u0c30\u0c02 \u0c15\u0c4d\u0c30\u0c3f\u0c02\u0c26\u0c3f \u0c2a\u0c4d\u0c30\u0c2f\u0c4b\u0c1c\u0c28\u0c3e\u0c32 \u0c15\u0c4b\u0c38\u0c02 \u0c09\u0c2a\u0c2f\u0c4b\u0c17\u0c3f\u0c02\u0c1a\u0c2c\u0c21\u0c41\u0c24\u0c41\u0c02\u0c26\u0c3f:<\/p><ul><li>\u0c38\u0c47\u0c35\u0c32\u0c28\u0c41 \u0c05\u0c02\u0c26\u0c3f\u0c02\u0c1a\u0c21\u0c02 \u0c2e\u0c30\u0c3f\u0c2f\u0c41 \u0c28\u0c3f\u0c30\u0c4d\u0c35\u0c39\u0c3f\u0c02\u0c1a\u0c21\u0c02.<\/li><li>\u0c15\u0c38\u0c4d\u0c1f\u0c2e\u0c30\u0c4d \u0c2e\u0c26\u0c4d\u0c26\u0c24\u0c41 \u0c38\u0c47\u0c35\u0c32\u0c41 \u0c2e\u0c30\u0c3f\u0c2f\u0c41 \u0c15\u0c2e\u0c4d\u0c2f\u0c42\u0c28\u0c3f\u0c15\u0c47\u0c37\u0c28\u0c4d.<\/li><li>\u0c07\u0c28\u0c4d\u0c35\u0c3e\u0c2f\u0c3f\u0c38\u0c4d \u0c32\u0c3e\u0c35\u0c3e\u0c26\u0c47\u0c35\u0c40\u0c32\u0c41 \u0c2e\u0c30\u0c3f\u0c2f\u0c41 \u0c1a\u0c1f\u0c4d\u0c1f\u0c2a\u0c30\u0c2e\u0c48\u0c28 \u0c2a\u0c24\u0c4d\u0c30\u0c3e\u0c32 \u0c24\u0c2f\u0c3e\u0c30\u0c40.<\/li><li>\u0c2e\u0c3e \u0c35\u0c46\u0c2c\u0c4d\u200c\u0c38\u0c48\u0c1f\u0c4d \u0c2a\u0c28\u0c3f\u0c24\u0c40\u0c30\u0c41 \u0c2e\u0c30\u0c3f\u0c2f\u0c41 \u0c35\u0c3f\u0c28\u0c3f\u0c2f\u0c4b\u0c17\u0c26\u0c3e\u0c30\u0c41 \u0c05\u0c28\u0c41\u0c2d\u0c35\u0c3e\u0c28\u0c4d\u0c28\u0c3f \u0c2e\u0c46\u0c30\u0c41\u0c17\u0c41\u0c2a\u0c30\u0c1a\u0c21\u0c02.<\/li><li>\u0c1a\u0c1f\u0c4d\u0c1f\u0c2a\u0c30\u0c2e\u0c48\u0c28 \u0c2c\u0c3e\u0c27\u0c4d\u0c2f\u0c24\u0c32\u0c41 \u0c2e\u0c30\u0c3f\u0c2f\u0c41 \u0c30\u0c15\u0c4d\u0c37\u0c23 \u0c39\u0c15\u0c4d\u0c15\u0c41\u0c32\u0c28\u0c41 \u0c2a\u0c3e\u0c1f\u0c3f\u0c02\u0c1a\u0c21\u0c02.<\/li><li>\u0c2e\u0c3e\u0c30\u0c4d\u0c15\u0c46\u0c1f\u0c3f\u0c02\u0c17\u0c4d \u0c2e\u0c30\u0c3f\u0c2f\u0c41 \u0c2a\u0c4d\u0c30\u0c1a\u0c3e\u0c30 \u0c15\u0c3e\u0c30\u0c4d\u0c2f\u0c15\u0c32\u0c3e\u0c2a\u0c3e\u0c32\u0c41.<\/li><\/ul><p><strong>6. \u0c35\u0c4d\u0c2f\u0c15\u0c4d\u0c24\u0c3f\u0c17\u0c24 \u0c21\u0c47\u0c1f\u0c3e \u0c2f\u0c4a\u0c15\u0c4d\u0c15 \u0c28\u0c3f\u0c32\u0c4d\u0c35 \u0c35\u0c4d\u0c2f\u0c35\u0c27\u0c3f<\/strong><\/p><p>\u0c2e\u0c47\u0c2e\u0c41 \u0c2e\u0c40 \u0c35\u0c4d\u0c2f\u0c15\u0c4d\u0c24\u0c3f\u0c17\u0c24 \u0c21\u0c47\u0c1f\u0c3e\u0c28\u0c41 \u0c2e\u0c3e \u0c2a\u0c4d\u0c30\u0c3e\u0c38\u0c46\u0c38\u0c3f\u0c02\u0c17\u0c4d \u0c2a\u0c4d\u0c30\u0c2f\u0c4b\u0c1c\u0c28\u0c3e\u0c32 \u0c15\u0c4b\u0c38\u0c02 \u0c05\u0c35\u0c38\u0c30\u0c2e\u0c48\u0c28\u0c02\u0c24 \u0c35\u0c30\u0c15\u0c41 \u0c2e\u0c3e\u0c24\u0c4d\u0c30\u0c2e\u0c47 \u0c09\u0c02\u0c1a\u0c41\u0c24\u0c3e\u0c2e\u0c41. \u0c2e\u0c47\u0c2e\u0c41 \u0c2e\u0c40 \u0c21\u0c47\u0c1f\u0c3e\u0c28\u0c41 \u0c0e\u0c02\u0c24\u0c15\u0c3e\u0c32\u0c02 \u0c09\u0c02\u0c1a\u0c41\u0c24\u0c3e\u0c2e\u0c41 \u0c2e\u0c30\u0c3f\u0c2f\u0c41 \u0c08 \u0c35\u0c4d\u0c2f\u0c35\u0c27\u0c3f \u0c0e\u0c32\u0c3e \u0c28\u0c3f\u0c30\u0c4d\u0c23\u0c2f\u0c3f\u0c02\u0c1a\u0c2c\u0c21\u0c41\u0c24\u0c41\u0c02\u0c26\u0c28\u0c47 \u0c26\u0c3e\u0c28\u0c3f \u0c17\u0c41\u0c30\u0c3f\u0c02\u0c1a\u0c3f \u0c38\u0c2e\u0c3e\u0c1a\u0c3e\u0c30\u0c3e\u0c28\u0c4d\u0c28\u0c3f \u0c2a\u0c4a\u0c02\u0c26\u0c21\u0c3e\u0c28\u0c3f\u0c15\u0c3f \u0c2e\u0c40\u0c30\u0c41 \u0c2e\u0c2e\u0c4d\u0c2e\u0c32\u0c4d\u0c28\u0c3f \u0c38\u0c02\u0c2a\u0c4d\u0c30\u0c26\u0c3f\u0c02\u0c1a\u0c35\u0c1a\u0c4d\u0c1a\u0c41.<\/p><p><strong>7. \u0c1a\u0c46\u0c32\u0c4d\u0c32\u0c3f\u0c02\u0c2a\u0c41 \u0c38\u0c2e\u0c3e\u0c1a\u0c3e\u0c30\u0c02 \u0c2e\u0c30\u0c3f\u0c2f\u0c41 \u0c2d\u0c26\u0c4d\u0c30\u0c24<\/strong><\/p><ul><li>\u0c2e\u0c40 \u0c15\u0c4d\u0c30\u0c46\u0c21\u0c3f\u0c1f\u0c4d \u0c15\u0c3e\u0c30\u0c4d\u0c21\u0c4d \u0c2e\u0c30\u0c3f\u0c2f\u0c41 \u0c1a\u0c46\u0c32\u0c4d\u0c32\u0c3f\u0c02\u0c2a\u0c41 \u0c38\u0c2e\u0c3e\u0c1a\u0c3e\u0c30\u0c02 256-\u0c2c\u0c3f\u0c1f\u0c4d SSL \u0c2a\u0c4d\u0c30\u0c2e\u0c3e\u0c23\u0c2a\u0c24\u0c4d\u0c30\u0c02 \u0c35\u0c02\u0c1f\u0c3f \u0c2d\u0c26\u0c4d\u0c30\u0c24\u0c3e \u0c1a\u0c30\u0c4d\u0c2f\u0c32 \u0c26\u0c4d\u0c35\u0c3e\u0c30\u0c3e \u0c30\u0c15\u0c4d\u0c37\u0c3f\u0c02\u0c1a\u0c2c\u0c21\u0c41\u0c24\u0c41\u0c02\u0c26\u0c3f.<\/li><li>\u0c2e\u0c40 \u0c15\u0c3e\u0c30\u0c4d\u0c21\u0c4d \u0c38\u0c2e\u0c3e\u0c1a\u0c3e\u0c30\u0c02 \u0c17\u0c41\u0c2a\u0c4d\u0c24\u0c40\u0c15\u0c30\u0c3f\u0c02\u0c1a\u0c2c\u0c21\u0c3f\u0c02\u0c26\u0c3f \u0c2e\u0c30\u0c3f\u0c2f\u0c41 Hostragons \u0c26\u0c4d\u0c35\u0c3e\u0c30\u0c3e \u0c28\u0c3f\u0c32\u0c4d\u0c35 \u0c1a\u0c47\u0c2f\u0c2c\u0c21\u0c26\u0c41.<\/li><li>\u0c05\u0c26\u0c28\u0c2a\u0c41 \u0c38\u0c46\u0c15\u0c4d\u0c2f\u0c42\u0c30\u0c3f\u0c1f\u0c40 \u0c1f\u0c42\u0c32\u0c4d\u0c38\u0c4d\u200c\u0c24\u0c4b \u0c38\u0c3e\u0c27\u0c4d\u0c2f\u0c2e\u0c2f\u0c4d\u0c2f\u0c47 \u0c2e\u0c3e\u0c32\u0c4d\u0c35\u0c47\u0c30\u0c4d\u200c\u0c32\u0c15\u0c41 \u0c35\u0c4d\u0c2f\u0c24\u0c3f\u0c30\u0c47\u0c15\u0c02\u0c17\u0c3e \u0c1c\u0c3e\u0c17\u0c4d\u0c30\u0c24\u0c4d\u0c24\u0c32\u0c41 \u0c24\u0c40\u0c38\u0c41\u0c15\u0c4b\u0c2c\u0c21\u0c4d\u0c21\u0c3e\u0c2f\u0c3f.<\/li><\/ul><p><strong>8. \u0c15\u0c41\u0c15\u0c40\u0c32\u0c41 \u0c2e\u0c30\u0c3f\u0c2f\u0c41 \u0c1f\u0c4d\u0c30\u0c3e\u0c15\u0c3f\u0c02\u0c17\u0c4d \u0c1f\u0c46\u0c15\u0c4d\u0c28\u0c3e\u0c32\u0c1c\u0c40\u0c32\u0c41<\/strong><\/p><p class=\"translation-block\">\u0c35\u0c3f\u0c28\u0c3f\u0c2f\u0c4b\u0c17\u0c26\u0c3e\u0c30\u0c41 \u0c05\u0c28\u0c41\u0c2d\u0c35\u0c3e\u0c28\u0c4d\u0c28\u0c3f \u0c2e\u0c46\u0c30\u0c41\u0c17\u0c41\u0c2a\u0c30\u0c1a\u0c21\u0c3e\u0c28\u0c3f\u0c15\u0c3f \u0c2e\u0c30\u0c3f\u0c2f\u0c41 \u0c2e\u0c3e \u0c35\u0c46\u0c2c\u0c4d\u200c\u0c38\u0c48\u0c1f\u0c4d \u0c0e\u0c32\u0c3e \u0c09\u0c2a\u0c2f\u0c4b\u0c17\u0c3f\u0c02\u0c1a\u0c2c\u0c21\u0c41\u0c24\u0c41\u0c02\u0c26\u0c4b \u0c05\u0c30\u0c4d\u0c25\u0c02 \u0c1a\u0c47\u0c38\u0c41\u0c15\u0c4b\u0c35\u0c21\u0c3e\u0c28\u0c3f\u0c15\u0c3f \u0c2e\u0c3e \u0c35\u0c46\u0c2c\u0c4d\u200c\u0c38\u0c48\u0c1f\u0c4d \u0c15\u0c41\u0c15\u0c4d\u0c15\u0c40\u0c32\u0c41 \u0c2e\u0c30\u0c3f\u0c2f\u0c41 \u0c1f\u0c4d\u0c30\u0c3e\u0c15\u0c3f\u0c02\u0c17\u0c4d \u0c1f\u0c46\u0c15\u0c4d\u0c28\u0c3e\u0c32\u0c1c\u0c40\u0c32\u0c28\u0c41 \u0c09\u0c2a\u0c2f\u0c4b\u0c17\u0c3f\u0c38\u0c4d\u0c24\u0c41\u0c02\u0c26\u0c3f. \u0c2e\u0c40\u0c30\u0c41 \u0c15\u0c41\u0c15\u0c4d\u0c15\u0c40\u0c32 \u0c17\u0c41\u0c30\u0c3f\u0c02\u0c1a\u0c3f \u0c2e\u0c30\u0c3f\u0c2f\u0c41 \u0c35\u0c3e\u0c1f\u0c3f\u0c28\u0c3f \u0c0e\u0c32\u0c3e \u0c28\u0c3f\u0c30\u0c4d\u0c35\u0c39\u0c3f\u0c02\u0c1a\u0c3e\u0c32\u0c3f \u0c05\u0c28\u0c47 \u0c26\u0c3e\u0c28\u0c3f \u0c17\u0c41\u0c30\u0c3f\u0c02\u0c1a\u0c3f \u0c2e\u0c30\u0c3f\u0c02\u0c24 \u0c38\u0c2e\u0c3e\u0c1a\u0c3e\u0c30\u0c3e\u0c28\u0c4d\u0c28\u0c3f <a href=\"https:\/\/www.hostragons.com\/te\/%e0%b0%95%e0%b1%81%e0%b0%95%e0%b1%80-%e0%b0%b5%e0%b0%bf%e0%b0%a7%e0%b0%be%e0%b0%a8%e0%b0%82\/\" target=\"_new\" rel=\"noreferrer\">\u0c2e\u0c3e \u0c15\u0c41\u0c15\u0c40 \u0c2a\u0c3e\u0c32\u0c38\u0c40<\/a> \u0c2a\u0c47\u0c1c\u0c40\u0c32\u0c4b \u0c15\u0c28\u0c41\u0c17\u0c4a\u0c28\u0c35\u0c1a\u0c4d\u0c1a\u0c41.<\/p><p><strong>9. \u0c35\u0c4d\u0c2f\u0c15\u0c4d\u0c24\u0c3f\u0c17\u0c24 \u0c21\u0c47\u0c1f\u0c3e \u0c2d\u0c3e\u0c17\u0c38\u0c4d\u0c35\u0c3e\u0c2e\u0c4d\u0c2f\u0c02<\/strong><\/p><ul><li>\u0c2e\u0c40 \u0c35\u0c4d\u0c2f\u0c15\u0c4d\u0c24\u0c3f\u0c17\u0c24 \u0c21\u0c47\u0c1f\u0c3e \u0c2e\u0c3e \u0c38\u0c47\u0c35\u0c32\u0c28\u0c41 \u0c05\u0c02\u0c26\u0c3f\u0c02\u0c1a\u0c21\u0c3e\u0c28\u0c3f\u0c15\u0c3f \u0c05\u0c35\u0c38\u0c30\u0c2e\u0c48\u0c28 \u0c2e\u0c42\u0c21\u0c35 \u0c2a\u0c15\u0c4d\u0c37\u0c3e\u0c32\u0c24\u0c4b \u0c2e\u0c3e\u0c24\u0c4d\u0c30\u0c2e\u0c47 \u0c2d\u0c3e\u0c17\u0c38\u0c4d\u0c35\u0c3e\u0c2e\u0c4d\u0c2f\u0c02 \u0c1a\u0c47\u0c2f\u0c2c\u0c21\u0c41\u0c24\u0c41\u0c02\u0c26\u0c3f.<\/li><li>\u0c2e\u0c47\u0c2e\u0c41 \u0c2e\u0c40 \u0c21\u0c47\u0c1f\u0c3e\u0c28\u0c41 \u0c1a\u0c1f\u0c4d\u0c1f\u0c2a\u0c30\u0c2e\u0c48\u0c28 \u0c2c\u0c3e\u0c27\u0c4d\u0c2f\u0c24\u0c32\u0c41 \u0c32\u0c47\u0c26\u0c3e \u0c15\u0c4b\u0c30\u0c4d\u0c1f\u0c41 \u0c06\u0c26\u0c47\u0c36\u0c3e\u0c32\u0c15\u0c41 \u0c05\u0c28\u0c41\u0c17\u0c41\u0c23\u0c02\u0c17\u0c3e \u0c2a\u0c02\u0c1a\u0c41\u0c15\u0c4b\u0c35\u0c1a\u0c4d\u0c1a\u0c41.<\/li><li>\u0c2e\u0c42\u0c21\u0c35 \u0c2a\u0c15\u0c4d\u0c37\u0c3e\u0c32\u0c24\u0c4b \u0c21\u0c47\u0c1f\u0c3e \u0c2d\u0c3e\u0c17\u0c38\u0c4d\u0c35\u0c3e\u0c2e\u0c4d\u0c2f\u0c02 \u0c2e\u0c40 \u0c38\u0c2e\u0c4d\u0c2e\u0c24\u0c3f\u0c24\u0c4b \u0c2e\u0c3e\u0c24\u0c4d\u0c30\u0c2e\u0c47 \u0c1c\u0c30\u0c41\u0c17\u0c41\u0c24\u0c41\u0c02\u0c26\u0c3f.<\/li><\/ul><p><strong>10. \u0c35\u0c3f\u0c28\u0c3f\u0c2f\u0c4b\u0c17\u0c26\u0c3e\u0c30\u0c41 \u0c39\u0c15\u0c4d\u0c15\u0c41\u0c32\u0c41<\/strong><\/p><p>GDPR \u0c15\u0c3f\u0c02\u0c26, \u0c35\u0c3f\u0c28\u0c3f\u0c2f\u0c4b\u0c17\u0c26\u0c3e\u0c30\u0c41\u0c32\u0c41 \u0c15\u0c4d\u0c30\u0c3f\u0c02\u0c26\u0c3f \u0c39\u0c15\u0c4d\u0c15\u0c41\u0c32\u0c28\u0c41 \u0c15\u0c32\u0c3f\u0c17\u0c3f \u0c09\u0c02\u0c1f\u0c3e\u0c30\u0c41:<\/p><ul><li>\u0c35\u0c4d\u0c2f\u0c15\u0c4d\u0c24\u0c3f\u0c17\u0c24 \u0c21\u0c47\u0c1f\u0c3e\u0c28\u0c41 \u0c2f\u0c3e\u0c15\u0c4d\u0c38\u0c46\u0c38\u0c4d \u0c1a\u0c47\u0c2f\u0c21\u0c3e\u0c28\u0c3f\u0c15\u0c3f, \u0c38\u0c30\u0c3f\u0c26\u0c3f\u0c26\u0c4d\u0c26\u0c21\u0c3e\u0c28\u0c3f\u0c15\u0c3f \u0c32\u0c47\u0c26\u0c3e \u0c24\u0c4a\u0c32\u0c17\u0c3f\u0c02\u0c1a\u0c21\u0c3e\u0c28\u0c3f\u0c15\u0c3f \u0c39\u0c15\u0c4d\u0c15\u0c41.<\/li><li>\u0c21\u0c47\u0c1f\u0c3e \u0c2a\u0c4d\u0c30\u0c3e\u0c38\u0c46\u0c38\u0c3f\u0c02\u0c17\u0c4d \u0c2e\u0c30\u0c3f\u0c2f\u0c41 \u0c21\u0c47\u0c1f\u0c3e \u0c2a\u0c4b\u0c30\u0c4d\u0c1f\u0c2c\u0c3f\u0c32\u0c3f\u0c1f\u0c40\u0c15\u0c3f \u0c05\u0c2d\u0c4d\u0c2f\u0c02\u0c24\u0c30\u0c02 \u0c1a\u0c46\u0c2a\u0c4d\u0c2a\u0c47 \u0c39\u0c15\u0c4d\u0c15\u0c41.<\/li><li>\u0c0f \u0c38\u0c2e\u0c2f\u0c02\u0c32\u0c4b\u0c28\u0c48\u0c28\u0c3e \u0c38\u0c2e\u0c4d\u0c2e\u0c24\u0c3f\u0c28\u0c3f \u0c09\u0c2a\u0c38\u0c02\u0c39\u0c30\u0c3f\u0c02\u0c1a\u0c41\u0c15\u0c41\u0c28\u0c47 \u0c39\u0c15\u0c4d\u0c15\u0c41.<\/li><\/ul><p><strong>11. \u0c21\u0c47\u0c1f\u0c3e \u0c2a\u0c4d\u0c30\u0c4a\u0c1f\u0c46\u0c15\u0c4d\u0c37\u0c28\u0c4d \u0c07\u0c02\u0c2a\u0c3e\u0c15\u0c4d\u0c1f\u0c4d \u0c05\u0c38\u0c46\u0c38\u0c4d\u200c\u0c2e\u0c46\u0c02\u0c1f\u0c4d (DPIA)<\/strong><\/p><p>\u0c05\u0c27\u0c3f\u0c15-\u0c30\u0c3f\u0c38\u0c4d\u0c15\u0c4d \u0c21\u0c47\u0c1f\u0c3e \u0c2a\u0c4d\u0c30\u0c3e\u0c38\u0c46\u0c38\u0c3f\u0c02\u0c17\u0c4d \u0c15\u0c3e\u0c30\u0c4d\u0c2f\u0c15\u0c32\u0c3e\u0c2a\u0c3e\u0c32 \u0c15\u0c4b\u0c38\u0c02 \u0c21\u0c47\u0c1f\u0c3e \u0c30\u0c15\u0c4d\u0c37\u0c23 \u0c2a\u0c4d\u0c30\u0c2d\u0c3e\u0c35 \u0c05\u0c02\u0c1a\u0c28\u0c3e \u0c28\u0c3f\u0c30\u0c4d\u0c35\u0c39\u0c3f\u0c02\u0c1a\u0c2c\u0c21\u0c41\u0c24\u0c41\u0c02\u0c26\u0c3f. DPIA \u0c2a\u0c4d\u0c30\u0c15\u0c4d\u0c30\u0c3f\u0c2f \u0c17\u0c41\u0c30\u0c3f\u0c02\u0c1a\u0c3f \u0c2e\u0c30\u0c3f\u0c02\u0c24 \u0c38\u0c2e\u0c3e\u0c1a\u0c3e\u0c30\u0c02 \u0c2a\u0c4a\u0c02\u0c26\u0c21\u0c3e\u0c28\u0c3f\u0c15\u0c3f \u0c2e\u0c40\u0c30\u0c41 \u0c2e\u0c2e\u0c4d\u0c2e\u0c32\u0c4d\u0c28\u0c3f \u0c38\u0c02\u0c2a\u0c4d\u0c30\u0c26\u0c3f\u0c02\u0c1a\u0c35\u0c1a\u0c4d\u0c1a\u0c41.<\/p><p><strong>12. \u0c05\u0c02\u0c24\u0c30\u0c4d\u0c1c\u0c3e\u0c24\u0c40\u0c2f \u0c21\u0c47\u0c1f\u0c3e \u0c2c\u0c26\u0c3f\u0c32\u0c40<\/strong><\/p><p>EU \u0c35\u0c46\u0c32\u0c41\u0c2a\u0c32 \u0c2e\u0c40 \u0c35\u0c4d\u0c2f\u0c15\u0c4d\u0c24\u0c3f\u0c17\u0c24 \u0c21\u0c47\u0c1f\u0c3e\u0c28\u0c41 \u0c2c\u0c26\u0c3f\u0c32\u0c40 \u0c1a\u0c47\u0c38\u0c47\u0c1f\u0c2a\u0c4d\u0c2a\u0c41\u0c21\u0c41 \u0c2e\u0c47\u0c2e\u0c41 \u0c05\u0c35\u0c38\u0c30\u0c2e\u0c48\u0c28 \u0c30\u0c15\u0c4d\u0c37\u0c23 \u0c1a\u0c30\u0c4d\u0c2f\u0c32\u0c28\u0c41 \u0c24\u0c40\u0c38\u0c41\u0c15\u0c41\u0c02\u0c1f\u0c3e\u0c2e\u0c41. \u0c05\u0c02\u0c24\u0c30\u0c4d\u0c1c\u0c3e\u0c24\u0c40\u0c2f \u0c21\u0c47\u0c1f\u0c3e \u0c2c\u0c26\u0c3f\u0c32\u0c40 \u0c17\u0c41\u0c30\u0c3f\u0c02\u0c1a\u0c3f \u0c2e\u0c30\u0c3f\u0c02\u0c24 \u0c38\u0c2e\u0c3e\u0c1a\u0c3e\u0c30\u0c02 \u0c15\u0c4b\u0c38\u0c02 \u0c2e\u0c40\u0c30\u0c41 \u0c2e\u0c2e\u0c4d\u0c2e\u0c32\u0c4d\u0c28\u0c3f \u0c38\u0c02\u0c2a\u0c4d\u0c30\u0c26\u0c3f\u0c02\u0c1a\u0c35\u0c1a\u0c4d\u0c1a\u0c41.<\/p><p><strong>13. \u0c21\u0c47\u0c1f\u0c3e \u0c09\u0c32\u0c4d\u0c32\u0c02\u0c18\u0c28 \u0c28\u0c4b\u0c1f\u0c3f\u0c2b\u0c3f\u0c15\u0c47\u0c37\u0c28\u0c4d<\/strong><\/p><p>\u0c21\u0c47\u0c1f\u0c3e \u0c09\u0c32\u0c4d\u0c32\u0c02\u0c18\u0c28 \u0c1c\u0c30\u0c3f\u0c17\u0c3f\u0c28\u0c2a\u0c4d\u0c2a\u0c41\u0c21\u0c41, \u0c2e\u0c47\u0c2e\u0c41 \u0c35\u0c46\u0c02\u0c1f\u0c28\u0c47 \u0c38\u0c2e\u0c30\u0c4d\u0c25 \u0c05\u0c27\u0c3f\u0c15\u0c3e\u0c30\u0c41\u0c32\u0c15\u0c41 \u0c2e\u0c30\u0c3f\u0c2f\u0c41 \u0c2a\u0c4d\u0c30\u0c2d\u0c3e\u0c35\u0c3f\u0c24 \u0c35\u0c4d\u0c2f\u0c15\u0c4d\u0c24\u0c41\u0c32\u0c15\u0c41 \u0c24\u0c46\u0c32\u0c3f\u0c2f\u0c1c\u0c47\u0c38\u0c4d\u0c24\u0c3e\u0c2e\u0c41. \u0c2e\u0c3e \u0c21\u0c47\u0c1f\u0c3e \u0c09\u0c32\u0c4d\u0c32\u0c02\u0c18\u0c28 \u0c35\u0c3f\u0c27\u0c3e\u0c28\u0c3e\u0c32 \u0c17\u0c41\u0c30\u0c3f\u0c02\u0c1a\u0c3f \u0c2e\u0c30\u0c3f\u0c02\u0c24 \u0c24\u0c46\u0c32\u0c41\u0c38\u0c41\u0c15\u0c4b\u0c35\u0c21\u0c3e\u0c28\u0c3f\u0c15\u0c3f \u0c2e\u0c40\u0c30\u0c41 \u0c2e\u0c2e\u0c4d\u0c2e\u0c32\u0c4d\u0c28\u0c3f \u0c38\u0c02\u0c2a\u0c4d\u0c30\u0c26\u0c3f\u0c02\u0c1a\u0c35\u0c1a\u0c4d\u0c1a\u0c41.<\/p><p><strong>14. \u0c12\u0c2a\u0c4d\u0c2a\u0c02\u0c26 \u0c2e\u0c3e\u0c30\u0c4d\u0c2a\u0c41\u0c32\u0c41<\/strong><\/p><p>\u0c08 \u0c35\u0c3f\u0c27\u0c3e\u0c28\u0c3e\u0c28\u0c4d\u0c28\u0c3f \u0c0e\u0c2a\u0c4d\u0c2a\u0c1f\u0c3f\u0c15\u0c2a\u0c4d\u0c2a\u0c41\u0c21\u0c41 \u0c05\u0c2a\u0c4d\u200c\u0c21\u0c47\u0c1f\u0c4d \u0c1a\u0c47\u0c2f\u0c35\u0c1a\u0c4d\u0c1a\u0c41. \u0c0f\u0c35\u0c48\u0c28\u0c3e \u0c2e\u0c3e\u0c30\u0c4d\u0c2a\u0c41\u0c32\u0c41 \u0c1a\u0c47\u0c2f\u0c3e\u0c32\u0c02\u0c1f\u0c47 \u0c08 \u0c2a\u0c47\u0c1c\u0c40\u0c32\u0c4b \u0c2a\u0c4d\u0c30\u0c1a\u0c41\u0c30\u0c3f\u0c02\u0c1a\u0c2c\u0c21\u0c41\u0c24\u0c41\u0c02\u0c26\u0c3f \u0c2e\u0c30\u0c3f\u0c2f\u0c41 \u0c2a\u0c4d\u0c30\u0c2d\u0c3e\u0c35\u0c35\u0c02\u0c24\u0c2e\u0c48\u0c28 \u0c24\u0c47\u0c26\u0c40\u0c24\u0c4b \u0c2a\u0c47\u0c30\u0c4d\u0c15\u0c4a\u0c28\u0c2c\u0c21\u0c41\u0c24\u0c41\u0c02\u0c26\u0c3f. \u0c0f\u0c35\u0c48\u0c28\u0c3e \u0c2e\u0c3e\u0c30\u0c4d\u0c2a\u0c41\u0c32 \u0c17\u0c41\u0c30\u0c3f\u0c02\u0c1a\u0c3f \u0c24\u0c46\u0c32\u0c3f\u0c2f\u0c1c\u0c47\u0c2f\u0c21\u0c3e\u0c28\u0c3f\u0c15\u0c3f \u0c35\u0c3f\u0c28\u0c3f\u0c2f\u0c4b\u0c17\u0c26\u0c3e\u0c30\u0c41\u0c32\u0c41 \u0c08 \u0c2a\u0c47\u0c1c\u0c40\u0c28\u0c3f \u0c15\u0c4d\u0c30\u0c2e\u0c02 \u0c24\u0c2a\u0c4d\u0c2a\u0c15\u0c41\u0c02\u0c21\u0c3e \u0c24\u0c28\u0c3f\u0c16\u0c40 \u0c1a\u0c47\u0c2f\u0c2e\u0c28\u0c3f \u0c2a\u0c4d\u0c30\u0c4b\u0c24\u0c4d\u0c38\u0c39\u0c3f\u0c38\u0c4d\u0c24\u0c3e\u0c30\u0c41.<\/p>\t\t\t\t\t\t\t\t<\/div>\n\t\t\t\t<\/div>\n\t\t\t\t\t<\/div>\n\t\t<\/div>\n\t\t\t\t\t<\/div>\n\t\t<\/section>\n\t\t\t\t<\/div>","protected":false},"excerpt":{"rendered":"<p>Y\u00fcr\u00fcrl\u00fck\/G\u00fcncelleme Tarihi: 05.08.2024 1. Giri\u015f Hostragons Global Limited (&#8220;Hostragons&#8221; olarak an\u0131lacakt\u0131r), kullan\u0131c\u0131lar\u0131m\u0131z\u0131n gizlili\u011fini ve ki\u015fisel verilerinin korunmas\u0131n\u0131 ciddiye al\u0131r. Bu Gizlilik ve GDPR Uyum Politikas\u0131, ki\u015fisel verilerin nas\u0131l topland\u0131\u011f\u0131n\u0131, kullan\u0131ld\u0131\u011f\u0131n\u0131, korundu\u011funu ve GDPR kapsam\u0131nda nas\u0131l y\u00f6netildi\u011fini a\u00e7\u0131klar. Web sitemizi ve hizmetlerimizi kullanarak, bu politikay\u0131 kabul etmi\u015f say\u0131l\u0131rs\u0131n\u0131z. 2. Veri Sorumlusu ve Temsilcisi Hostragons, ki\u015fisel verilerinizi [&hellip;]<\/p>\n","protected":false},"author":94,"featured_media":7854,"parent":0,"menu_order":0,"comment_status":"closed","ping_status":"closed","template":"","meta":{"googlesitekit_rrm_CAow5YvFDA:productID":"","footnotes":""},"class_list":["post-2031","page","type-page","status-publish","has-post-thumbnail","hentry"],"_links":{"self":[{"href":"https:\/\/www.hostragons.com\/te\/wp-json\/wp\/v2\/pages\/2031","targetHints":{"allow":["GET"]}}],"collection":[{"href":"https:\/\/www.hostragons.com\/te\/wp-json\/wp\/v2\/pages"}],"about":[{"href":"https:\/\/www.hostragons.com\/te\/wp-json\/wp\/v2\/types\/page"}],"author":[{"embeddable":true,"href":"https:\/\/www.hostragons.com\/te\/wp-json\/wp\/v2\/users\/94"}],"replies":[{"embeddable":true,"href":"https:\/\/www.hostragons.com\/te\/wp-json\/wp\/v2\/comments?post=2031"}],"version-history":[{"count":0,"href":"https:\/\/www.hostragons.com\/te\/wp-json\/wp\/v2\/pages\/2031\/revisions"}],"wp:featuredmedia":[{"embeddable":true,"href":"https:\/\/www.hostragons.com\/te\/wp-json\/wp\/v2\/media\/7854"}],"wp:attachment":[{"href":"https:\/\/www.hostragons.com\/te\/wp-json\/wp\/v2\/media?parent=2031"}],"curies":[{"name":"\u0c21\u0c2c\u0c4d\u0c32\u0c4d\u0c2f\u0c41\u0c2a\u0c3f","href":"https:\/\/api.w.org\/{rel}","templated":true}]}}