{"id":2358,"date":"2020-10-02T08:03:18","date_gmt":"2020-10-02T05:03:18","guid":{"rendered":"https:\/\/www.hostragons.com\/?page_id=2358"},"modified":"2025-03-25T09:07:38","modified_gmt":"2025-03-25T09:07:38","slug":"%e0%ae%95%e0%af%81%e0%ae%95%e0%af%8d%e0%ae%95%e0%af%80-%e0%ae%95%e0%af%8a%e0%ae%b3%e0%af%8d%e0%ae%95%e0%af%88","status":"publish","type":"page","link":"https:\/\/www.hostragons.com\/ta\/%e0%ae%95%e0%af%81%e0%ae%95%e0%af%8d%e0%ae%95%e0%af%80-%e0%ae%95%e0%af%8a%e0%ae%b3%e0%af%8d%e0%ae%95%e0%af%88\/","title":{"rendered":"\u0b95\u0bc1\u0b95\u0bcd\u0b95\u0bc0\u0b95\u0bcd \u0b95\u0bca\u0bb3\u0bcd\u0b95\u0bc8"},"content":{"rendered":"<div data-elementor-type=\"wp-page\" data-elementor-id=\"2358\" class=\"elementor elementor-2358\" data-elementor-post-type=\"page\">\n\t\t\t\t\t\t<section class=\"elementor-section elementor-top-section elementor-element elementor-element-9da5eda elementor-section-boxed elementor-section-height-default elementor-section-height-default\" data-id=\"9da5eda\" data-element_type=\"section\" data-e-type=\"section\">\n\t\t\t\t\t\t<div class=\"elementor-container elementor-column-gap-default\">\n\t\t\t\t\t<div class=\"elementor-column elementor-col-100 elementor-top-column elementor-element elementor-element-a7228de\" data-id=\"a7228de\" data-element_type=\"column\" data-e-type=\"column\">\n\t\t\t<div class=\"elementor-widget-wrap elementor-element-populated\">\n\t\t\t\t\t\t<div class=\"elementor-element elementor-element-8bde4d6 elementor-widget elementor-widget-text-editor\" data-id=\"8bde4d6\" data-element_type=\"widget\" data-e-type=\"widget\" data-widget_type=\"text-editor.default\">\n\t\t\t\t<div class=\"elementor-widget-container\">\n\t\t\t\t\t\t\t\t\t<p><strong>\u0b9a\u0bc6\u0baf\u0bb2\u0bcd\u0baa\u0bbe\u0b9f\u0bcd\u0b9f\u0bc1\/\u0baa\u0bc1\u0ba4\u0bc1\u0baa\u0bcd\u0baa\u0bbf\u0baa\u0bcd\u0baa\u0bc1 \u0ba4\u0bc7\u0ba4\u0bbf:<\/strong> 05.08.2024<\/p><p><strong>1. \u0b95\u0bc1\u0b95\u0bcd\u0b95\u0bc0 \u0b8e\u0ba9\u0bcd\u0baa\u0ba4\u0bc1 \u0b8e\u0ba9\u0bcd\u0ba9?<\/strong><\/p><p>\u0b95\u0bc1\u0b95\u0bcd\u0b95\u0bc0\u0b95\u0bcd\u0b95\u0bb3\u0bcd \u0b8e\u0ba9\u0bcd\u0baa\u0ba4\u0bc1 \u0bb5\u0bb2\u0bc8\u0ba4\u0bcd\u0ba4\u0bb3\u0b99\u0bcd\u0b95\u0bb3\u0bcd \u0b89\u0b99\u0bcd\u0b95\u0bb3\u0bcd \u0b89\u0bb2\u0bbe\u0bb5\u0bbf\u0baf\u0bbf\u0bb2\u0bcd \u0b85\u0ba9\u0bc1\u0baa\u0bcd\u0baa\u0bbf, \u0b89\u0b99\u0bcd\u0b95\u0bb3\u0bcd \u0b9a\u0bbe\u0ba4\u0ba9\u0ba4\u0bcd\u0ba4\u0bbf\u0bb2\u0bcd \u0b9a\u0bc7\u0bae\u0bbf\u0b95\u0bcd\u0b95\u0baa\u0bcd\u0baa\u0b9f\u0bc1\u0bae\u0bcd \u0b9a\u0bbf\u0bb1\u0bbf\u0baf \u0ba4\u0bb0\u0bb5\u0bc1 \u0b95\u0bcb\u0baa\u0bcd\u0baa\u0bc1\u0b95\u0bb3\u0bcd \u0b86\u0b95\u0bc1\u0bae\u0bcd. \u0b87\u0ba8\u0bcd\u0ba4 \u0b95\u0bcb\u0baa\u0bcd\u0baa\u0bc1\u0b95\u0bb3\u0bcd, \u0b89\u0b99\u0bcd\u0b95\u0bb3\u0bcd \u0b89\u0bb2\u0bbe\u0bb5\u0bbf\u0baf\u0bc8\u0b95\u0bcd \u0b95\u0bca\u0ba3\u0bcd\u0b9f\u0bc1 \u0bb5\u0bb2\u0bc8\u0ba4\u0bcd\u0ba4\u0bb3\u0ba4\u0bcd\u0ba4\u0bc8 \u0bae\u0bc0\u0ba3\u0bcd\u0b9f\u0bc1\u0bae\u0bcd \u0baa\u0bbe\u0bb0\u0bcd\u0bb5\u0bc8\u0baf\u0bbf\u0b9f\u0bc1\u0bae\u0bcd \u0baa\u0bcb\u0ba4\u0bc1, \u0bb5\u0bb2\u0bc8\u0ba4\u0bcd\u0ba4\u0bb3\u0ba4\u0bcd\u0ba4\u0bc8 \u0b95\u0ba3\u0bcd\u0b9f\u0bc1\u0baa\u0bbf\u0b9f\u0bbf\u0b95\u0bcd\u0b95 \u0b89\u0ba4\u0bb5\u0bc1\u0b95\u0bbf\u0bb1\u0ba4\u0bc1 \u0bae\u0bb1\u0bcd\u0bb1\u0bc1\u0bae\u0bcd \u0b95\u0b9f\u0ba8\u0bcd\u0ba4 \u0ba8\u0bc7\u0bb0\u0b99\u0bcd\u0b95\u0bb3\u0bbf\u0bb2\u0bcd \u0b89\u0b99\u0bcd\u0b95\u0bb3\u0bcd \u0bb5\u0bbf\u0bb0\u0bc1\u0baa\u0bcd\u0baa\u0b99\u0bcd\u0b95\u0bb3\u0bc8 \u0ba8\u0bbf\u0ba9\u0bc8\u0bb5\u0bbf\u0bb2\u0bcd \u0bb5\u0bc8\u0ba4\u0bcd\u0ba4\u0bc1 \u0b89\u0b99\u0bcd\u0b95\u0bb3\u0bcd \u0baa\u0baf\u0ba9\u0bb0\u0bcd \u0b85\u0ba9\u0bc1\u0baa\u0bb5\u0ba4\u0bcd\u0ba4\u0bc8 \u0ba4\u0ba9\u0bbf\u0baa\u0bcd\u0baa\u0baf\u0ba9\u0bbe\u0b95\u0bcd\u0b95\u0bc1\u0b95\u0bbf\u0bb1\u0ba4\u0bc1.<\/p><p><strong>\u0b95\u0bc1\u0b95\u0bcd\u0b95\u0bc0\u0b95\u0bcd\u0b95\u0bb3\u0bcd \u0baa\u0baf\u0ba9\u0bb0\u0bcd \u0b85\u0ba9\u0bc1\u0baa\u0bb5\u0ba4\u0bcd\u0ba4\u0bc8 \u0bae\u0bc7\u0bae\u0bcd\u0baa\u0b9f\u0bc1\u0ba4\u0bcd\u0ba4, \u0b89\u0b99\u0bcd\u0b95\u0bb3\u0bcd \u0bb5\u0bbf\u0bb0\u0bc1\u0baa\u0bcd\u0baa\u0b99\u0bcd\u0b95\u0bb3\u0bc8 \u0ba8\u0bbf\u0ba9\u0bc8\u0bb5\u0bbf\u0bb2\u0bcd \u0b95\u0bca\u0bb3\u0bcd\u0bb3 \u0bae\u0bb1\u0bcd\u0bb1\u0bc1\u0bae\u0bcd \u0ba4\u0bb3 \u0b9a\u0bc6\u0baf\u0bb2\u0bcd\u0ba4\u0bbf\u0bb1\u0ba9\u0bc8 \u0b95\u0ba3\u0bcd\u0b95\u0bbe\u0ba3\u0bbf\u0b95\u0bcd\u0b95 \u0baa\u0baf\u0ba9\u0bcd\u0baa\u0b9f\u0bc1\u0ba4\u0bcd\u0ba4\u0baa\u0bcd\u0baa\u0b9f\u0bc1\u0b95\u0bbf\u0ba9\u0bcd\u0bb1\u0ba9.<\/strong><\/p><p>Hostragons \u0baa\u0bbf\u0ba9\u0bcd\u0bb5\u0bb0\u0bc1\u0bae\u0bcd \u0ba8\u0bcb\u0b95\u0bcd\u0b95\u0b99\u0bcd\u0b95\u0bb3\u0bc1\u0b95\u0bcd\u0b95\u0bbe\u0b95 \u0b95\u0bc1\u0b95\u0bcd\u0b95\u0bc0\u0b95\u0bb3\u0bc8 \u0baa\u0baf\u0ba9\u0bcd\u0baa\u0b9f\u0bc1\u0ba4\u0bcd\u0ba4\u0bc1\u0b95\u0bbf\u0bb1\u0ba4\u0bc1:<\/p><ul><li class=\"translation-block\"><strong>\u0ba4\u0bc7\u0bb5\u0bc8\u0baf\u0bbe\u0ba9 \u0b95\u0bc1\u0b95\u0bcd\u0b95\u0bc0\u0b95\u0bb3\u0bcd:<\/strong> \u0b87\u0bb5\u0bc8 \u0ba4\u0bb3\u0ba4\u0bcd\u0ba4\u0bbf\u0ba9\u0bcd \u0b85\u0b9f\u0bbf\u0baa\u0bcd\u0baa\u0b9f\u0bc8 \u0b9a\u0bc6\u0baf\u0bb2\u0bcd\u0baa\u0bbe\u0b9f\u0bc1\u0b95\u0bb3\u0bc8 \u0b9a\u0bc6\u0baf\u0bb2\u0bcd\u0baa\u0b9f\u0bc1\u0ba4\u0bcd\u0ba4 \u0bae\u0bbf\u0b95\u0bb5\u0bc1\u0bae\u0bcd \u0b85\u0bb5\u0b9a\u0bbf\u0baf\u0bae\u0bbe\u0ba9\u0bb5\u0bc8.<\/li><li><strong>\u0b9a\u0bc6\u0baf\u0bb2\u0bcd\u0ba4\u0bbf\u0bb1\u0ba9\u0bcd \u0b95\u0bc1\u0b95\u0bcd\u0b95\u0bc0\u0b95\u0bb3\u0bcd:<\/strong> \u0ba4\u0bb3\u0ba4\u0bcd\u0ba4\u0bbf\u0ba9\u0bcd \u0b9a\u0bc6\u0baf\u0bb2\u0bcd\u0ba4\u0bbf\u0bb1\u0ba9\u0bc8\u0b95\u0bcd \u0b95\u0ba3\u0bcd\u0b95\u0bbe\u0ba3\u0bbf\u0b95\u0bcd\u0b95\u0bb5\u0bc1\u0bae\u0bcd \u0bae\u0bc7\u0bae\u0bcd\u0baa\u0b9f\u0bc1\u0ba4\u0bcd\u0ba4\u0bb5\u0bc1\u0bae\u0bcd \u0b87\u0ba4\u0bc1 \u0baa\u0baf\u0ba9\u0bcd\u0baa\u0b9f\u0bc1\u0b95\u0bbf\u0bb1\u0ba4\u0bc1.<\/li><li class=\"translation-block\"><strong>\u0b9a\u0bc6\u0baf\u0bb2\u0bcd\u0baa\u0bbe\u0b9f\u0bcd\u0b9f\u0bc1 \u0b95\u0bc1\u0b95\u0bcd\u0b95\u0bc0\u0b95\u0bb3\u0bcd:<\/strong> \u0b87\u0ba4\u0bc1 \u0baa\u0baf\u0ba9\u0bb0\u0bbf\u0ba9\u0bcd \u0bb5\u0bbf\u0bb0\u0bc1\u0baa\u0bcd\u0baa\u0b99\u0bcd\u0b95\u0bb3\u0bc8 \u0ba8\u0bbf\u0ba9\u0bc8\u0bb5\u0bbf\u0bb2\u0bcd \u0bb5\u0bc8\u0ba4\u0bcd\u0ba4\u0bbf\u0bb0\u0bc1\u0b95\u0bcd\u0b95\u0bc1\u0bae\u0bcd \u0bae\u0bb1\u0bcd\u0bb1\u0bc1\u0bae\u0bcd \u0ba4\u0ba9\u0bbf\u0baa\u0bcd\u0baa\u0baf\u0ba9\u0bbe\u0b95\u0bcd\u0b95\u0baa\u0bcd\u0baa\u0b9f\u0bcd\u0b9f \u0b85\u0ba9\u0bc1\u0baa\u0bb5\u0ba4\u0bcd\u0ba4\u0bc8 \u0bb5\u0bb4\u0b99\u0bcd\u0b95\u0bc1\u0bae\u0bcd.<\/li><li class=\"translation-block\"><strong>\u0bb5\u0bbf\u0bb3\u0bae\u0bcd\u0baa\u0bb0 \u0bae\u0bb1\u0bcd\u0bb1\u0bc1\u0bae\u0bcd \u0b9a\u0ba8\u0bcd\u0ba4\u0bc8\u0baa\u0bcd\u0baa\u0b9f\u0bc1\u0ba4\u0bcd\u0ba4\u0bb2\u0bcd \u0b95\u0bc1\u0b95\u0bcd\u0b95\u0bc0\u0bb8\u0bcd:<\/strong> \u0b89\u0b99\u0bcd\u0b95\u0bb3\u0bcd \u0b86\u0bb0\u0bcd\u0bb5\u0b99\u0bcd\u0b95\u0bb3\u0bc1\u0b95\u0bcd\u0b95\u0bc1 \u0baa\u0bca\u0bb0\u0bc1\u0ba4\u0bcd\u0ba4\u0bae\u0bbe\u0ba9 \u0b89\u0bb3\u0bcd\u0bb3\u0b9f\u0b95\u0bcd\u0b95\u0bae\u0bcd \u0bae\u0bb1\u0bcd\u0bb1\u0bc1\u0bae\u0bcd \u0bb5\u0bbf\u0bb3\u0bae\u0bcd\u0baa\u0bb0\u0b99\u0bcd\u0b95\u0bb3\u0bc8 \u0bb5\u0bb4\u0b99\u0bcd\u0b95 \u0baa\u0baf\u0ba9\u0bcd\u0baa\u0b9f\u0bc1\u0ba4\u0bcd\u0ba4\u0baa\u0bcd\u0baa\u0b9f\u0bc1\u0b95\u0bbf\u0bb1\u0ba4\u0bc1.<\/li><\/ul><p><strong>\u0b95\u0bc1\u0b95\u0bcd\u0b95\u0bc0\u0b95\u0bcd\u0b95\u0bb3\u0bcd \u0bb5\u0bb2\u0bc8\u0ba4\u0bcd\u0ba4\u0bb3\u0b99\u0bcd\u0b95\u0bb3\u0bc8 \u0b89\u0b99\u0bcd\u0b95\u0bb3\u0bcd \u0b9a\u0bbe\u0ba4\u0ba9\u0ba4\u0bcd\u0ba4\u0bbf\u0bb2\u0bcd \u0b9a\u0bbf\u0bb1\u0bbf\u0baf \u0ba4\u0bb0\u0bb5\u0bc1\u0b95\u0bcd \u0b95\u0bcb\u0baa\u0bcd\u0baa\u0bc1\u0b95\u0bb3\u0bc8\u0b9a\u0bcd \u0b9a\u0bc7\u0bae\u0bbf\u0b95\u0bcd\u0b95 \u0b85\u0ba9\u0bc1\u0bae\u0ba4\u0bbf\u0b95\u0bcd\u0b95\u0bbf\u0ba9\u0bcd\u0bb1\u0ba9.<\/strong><\/p><p>\u0b8e\u0b99\u0bcd\u0b95\u0bb3\u0bcd \u0bb5\u0bb2\u0bc8\u0ba4\u0bcd\u0ba4\u0bb3\u0ba4\u0bcd\u0ba4\u0bbf\u0bb2\u0bcd \u0b89\u0bb3\u0bcd\u0bb3 \u0b9a\u0bbf\u0bb2 \u0b95\u0bc1\u0b95\u0bcd\u0b95\u0bc0\u0b95\u0bb3\u0bc8 \u0bae\u0bc2\u0ba9\u0bcd\u0bb1\u0bbe\u0bae\u0bcd \u0ba4\u0bb0\u0baa\u0bcd\u0baa\u0bc1 \u0b9a\u0bc7\u0bb5\u0bc8 \u0bb5\u0bb4\u0b99\u0bcd\u0b95\u0bc1\u0ba8\u0bb0\u0bcd\u0b95\u0bb3\u0bcd \u0bae\u0bc7\u0bb2\u0bbe\u0ba3\u0bcd\u0bae\u0bc8 \u0b9a\u0bc6\u0baf\u0bcd\u0b95\u0bbf\u0ba9\u0bcd\u0bb1\u0ba9\u0bb0\u0bcd. \u0b87\u0ba8\u0bcd\u0ba4 \u0b95\u0bc1\u0b95\u0bcd\u0b95\u0bc0\u0b95\u0bb3\u0bcd \u0bb5\u0bbf\u0bb3\u0bae\u0bcd\u0baa\u0bb0 \u0bae\u0bb1\u0bcd\u0bb1\u0bc1\u0bae\u0bcd \u0baa\u0b95\u0bc1\u0baa\u0bcd\u0baa\u0bbe\u0baf\u0bcd\u0bb5\u0bc1 \u0b9a\u0bc7\u0bb5\u0bc8\u0b95\u0bb3\u0bc1\u0b95\u0bcd\u0b95\u0bbe\u0b95 \u0baa\u0baf\u0ba9\u0bcd\u0baa\u0b9f\u0bc1\u0ba4\u0bcd\u0ba4\u0baa\u0bcd\u0baa\u0b9f\u0bc1\u0b95\u0bbf\u0ba9\u0bcd\u0bb1\u0ba9 \u0bae\u0bb1\u0bcd\u0bb1\u0bc1\u0bae\u0bcd \u0b87\u0ba8\u0bcd\u0ba4 \u0bae\u0bc2\u0ba9\u0bcd\u0bb1\u0bbe\u0bae\u0bcd \u0ba4\u0bb0\u0baa\u0bcd\u0baa\u0bbf\u0ba9\u0bcd \u0ba4\u0ba9\u0bbf\u0baf\u0bc1\u0bb0\u0bbf\u0bae\u0bc8 \u0b95\u0bca\u0bb3\u0bcd\u0b95\u0bc8\u0b95\u0bb3\u0bc1\u0b95\u0bcd\u0b95\u0bc1 \u0b89\u0b9f\u0bcd\u0baa\u0b9f\u0bcd\u0b9f\u0bb5\u0bc8. \u0bae\u0bc2\u0ba9\u0bcd\u0bb1\u0bbe\u0bae\u0bcd \u0ba4\u0bb0\u0baa\u0bcd\u0baa\u0bc1 \u0b95\u0bc1\u0b95\u0bcd\u0b95\u0bc0\u0b95\u0bb3\u0bcd \u0baa\u0bb1\u0bcd\u0bb1\u0bbf\u0baf \u0b95\u0bc2\u0b9f\u0bc1\u0ba4\u0bb2\u0bcd \u0ba4\u0b95\u0bb5\u0bb2\u0bc1\u0b95\u0bcd\u0b95\u0bc1, \u0b87\u0ba8\u0bcd\u0ba4 \u0b9a\u0bc7\u0bb5\u0bc8 \u0bb5\u0bb4\u0b99\u0bcd\u0b95\u0bc1\u0ba8\u0bb0\u0bcd\u0b95\u0bb3\u0bbf\u0ba9\u0bcd \u0ba4\u0ba9\u0bbf\u0baf\u0bc1\u0bb0\u0bbf\u0bae\u0bc8 \u0b95\u0bca\u0bb3\u0bcd\u0b95\u0bc8\u0b95\u0bb3\u0bc8 \u0baa\u0bb0\u0bbf\u0b9a\u0bc0\u0bb2\u0bbf\u0b95\u0bcd\u0b95 \u0baa\u0bb0\u0bbf\u0ba8\u0bcd\u0ba4\u0bc1\u0bb0\u0bc8\u0b95\u0bcd\u0b95\u0bbf\u0bb1\u0bcb\u0bae\u0bcd.<\/p><p><strong>\u0ba8\u0bc0\u0b99\u0bcd\u0b95\u0bb3\u0bcd \u0b89\u0b99\u0bcd\u0b95\u0bb3\u0bbf\u0ba9\u0bcd \u0b95\u0bc1\u0b95\u0bcd\u0b95\u0bc0\u0b95\u0bcd\u0b95\u0bb3\u0bc8 \u0b89\u0bb2\u0bbe\u0bb5\u0bbf \u0b85\u0bae\u0bc8\u0baa\u0bcd\u0baa\u0bc1\u0b95\u0bb3\u0bbf\u0ba9\u0bcd \u0bae\u0bc2\u0bb2\u0bae\u0bcd \u0ba8\u0bbf\u0bb0\u0bcd\u0bb5\u0b95\u0bbf\u0b95\u0bcd\u0b95\u0bb2\u0bbe\u0bae\u0bcd \u0b85\u0bb2\u0bcd\u0bb2\u0ba4\u0bc1 \u0ba8\u0bc0\u0b95\u0bcd\u0b95\u0bb2\u0bbe\u0bae\u0bcd.<\/strong><\/p><p>\u0ba8\u0bc0\u0b99\u0bcd\u0b95\u0bb3\u0bcd \u0b89\u0b99\u0bcd\u0b95\u0bb3\u0bbf\u0ba9\u0bcd \u0b89\u0bb2\u0bbe\u0bb5\u0bbf\u0baf\u0bbf\u0bb2\u0bcd, \u0b95\u0bc1\u0b95\u0bcd\u0b95\u0bc0\u0b95\u0bb3\u0bc8 \u0ba8\u0bbf\u0bb0\u0bcd\u0bb5\u0b95\u0bbf\u0b95\u0bcd\u0b95, \u0b8f\u0bb1\u0bcd\u0b95 \u0b85\u0bb2\u0bcd\u0bb2\u0ba4\u0bc1 \u0bae\u0bb1\u0bc1\u0b95\u0bcd\u0b95 \u0bae\u0bc1\u0b9f\u0bbf\u0baf\u0bc1\u0bae\u0bcd. \u0b95\u0bc2\u0b9f\u0bc1\u0ba4\u0bb2\u0bbe\u0b95, \u0b89\u0bb2\u0bbe\u0bb5\u0bbf\u0baf\u0bbf\u0bb2\u0bcd \u0bae\u0bc1\u0ba8\u0bcd\u0ba4\u0bc8\u0baf\u0ba4\u0bbe\u0b95 \u0b9a\u0bc7\u0bae\u0bbf\u0b95\u0bcd\u0b95\u0baa\u0bcd\u0baa\u0b9f\u0bcd\u0b9f \u0b95\u0bc1\u0b95\u0bcd\u0b95\u0bc0\u0b95\u0bb3\u0bc8 \u0ba8\u0bc0\u0b95\u0bcd\u0b95\u0bb5\u0bc1\u0bae\u0bcd \u0bae\u0bc1\u0b9f\u0bbf\u0baf\u0bc1\u0bae\u0bcd. \u0b95\u0bc1\u0b95\u0bcd\u0b95\u0bc0\u0b95\u0bb3\u0bc8 \u0ba8\u0bbf\u0bb0\u0bcd\u0bb5\u0b95\u0bbf\u0baa\u0bcd\u0baa\u0ba4\u0bb1\u0bcd\u0b95\u0bbe\u0ba9 \u0b95\u0bc2\u0b9f\u0bc1\u0ba4\u0bb2\u0bcd \u0ba4\u0b95\u0bb5\u0bb2\u0bc1\u0b95\u0bcd\u0b95\u0bc1, \u0b89\u0bb2\u0bbe\u0bb5\u0bbf-\u0b9a\u0bbe\u0bb0\u0bcd\u0ba8\u0bcd\u0ba4 \u0b95\u0bc1\u0bb1\u0bbf\u0baa\u0bcd\u0baa\u0bc1\u0b95\u0bb3\u0bc8 \u0baa\u0bbe\u0bb0\u0bcd\u0bb5\u0bc8\u0baf\u0bbf\u0b9f\u0bb5\u0bc1\u0bae\u0bcd:<\/p><ul><li><a target=\"_new\" rel=\"noreferrer\">\u0b95\u0bc2\u0b95\u0bbf\u0bb3\u0bcd \u0b95\u0bcd\u0bb0\u0bcb\u0bae\u0bcd<\/a><\/li><li><a href=\"https:\/\/support.mozilla.org\/tr\/kb\/cerezleri-silme\" target=\"_new\" rel=\"noreferrer noopener\">\u0bae\u0bca\u0b9a\u0bbf\u0bb2\u0bcd\u0bb2\u0bbe \u0b83\u0baa\u0baf\u0bb0\u0bcd\u0b83\u0baa\u0bbe\u0b95\u0bcd\u0bb8\u0bcd<\/a><\/li><li><a href=\"https:\/\/support.apple.com\/tr-tr\/guide\/safari\/sfri11471\/mac\" target=\"_new\" rel=\"noreferrer noopener\">\u0b9a\u0baa\u0bbe\u0bb0\u0bbf<\/a><\/li><li><a href=\"https:\/\/support.microsoft.com\/tr-tr\/help\/4027947\/microsoft-edge-delete-cookies\" target=\"_new\" rel=\"noreferrer noopener\">\u0bae\u0bc8\u0b95\u0bcd\u0bb0\u0bcb\u0b9a\u0bbe\u0b83\u0baa\u0bcd\u0b9f\u0bcd \u0b8e\u0b9f\u0bcd\u0b9c\u0bcd<\/a><\/li><\/ul><p><strong>\u0b8e\u0b99\u0bcd\u0b95\u0bb3\u0bbf\u0ba9\u0bcd \u0b95\u0bc1\u0b95\u0bcd\u0b95\u0bc0 \u0b95\u0bca\u0bb3\u0bcd\u0b95\u0bc8\u0baf\u0bbf\u0bb2\u0bcd \u0bae\u0bbe\u0bb1\u0bcd\u0bb1\u0b99\u0bcd\u0b95\u0bb3\u0bcd \u0b87\u0ba8\u0bcd\u0ba4\u0baa\u0bcd \u0baa\u0b95\u0bcd\u0b95\u0ba4\u0bcd\u0ba4\u0bbf\u0bb2\u0bcd \u0b85\u0bb1\u0bbf\u0bb5\u0bbf\u0b95\u0bcd\u0b95\u0baa\u0bcd\u0baa\u0b9f\u0bc1\u0bae\u0bcd.<\/strong><\/p><p>Hostragons \u0ba4\u0ba9\u0ba4\u0bc1 \u0b95\u0bc1\u0b95\u0bcd\u0b95\u0bc0 \u0b95\u0bca\u0bb3\u0bcd\u0b95\u0bc8\u0baf\u0bbf\u0bb2\u0bcd \u0bae\u0bbe\u0bb1\u0bcd\u0bb1\u0b99\u0bcd\u0b95\u0bb3\u0bc8 \u0b9a\u0bc6\u0baf\u0bcd\u0baf\u0bc1\u0bae\u0bcd \u0b89\u0bb0\u0bbf\u0bae\u0bc8\u0baf\u0bc8 \u0b95\u0bca\u0ba3\u0bcd\u0b9f\u0bc1\u0bb3\u0bcd\u0bb3\u0ba4\u0bc1. \u0b8e\u0b99\u0bcd\u0b95\u0bb3\u0bcd \u0b95\u0bca\u0bb3\u0bcd\u0b95\u0bc8\u0baf\u0bbf\u0bb2\u0bcd \u0b89\u0bb3\u0bcd\u0bb3 \u0bae\u0bbe\u0bb1\u0bcd\u0bb1\u0b99\u0bcd\u0b95\u0bb3\u0bcd \u0b87\u0ba8\u0bcd\u0ba4\u0baa\u0bcd \u0baa\u0b95\u0bcd\u0b95\u0ba4\u0bcd\u0ba4\u0bbf\u0bb2\u0bcd \u0baa\u0bc1\u0ba4\u0bc1\u0baa\u0bcd\u0baa\u0bbf\u0b95\u0bcd\u0b95\u0baa\u0bcd\u0baa\u0b9f\u0bcd\u0b9f\u0bc1 \u0b9a\u0bc6\u0baf\u0bb2\u0bcd\u0baa\u0b9f\u0bc1\u0ba4\u0bcd\u0ba4\u0baa\u0bcd\u0baa\u0b9f\u0bc1\u0bae\u0bcd. \u0b8e\u0ba8\u0bcd\u0ba4 \u0baa\u0bc1\u0ba4\u0bc1\u0baa\u0bcd\u0baa\u0bbf\u0baa\u0bcd\u0baa\u0bc1\u0b95\u0bb3\u0bc8\u0baf\u0bc1\u0bae\u0bcd \u0b85\u0bb1\u0bbf\u0baf \u0baa\u0baf\u0ba9\u0bb0\u0bcd\u0b95\u0bb3\u0bc1\u0b95\u0bcd\u0b95\u0bc1 \u0b87\u0ba8\u0bcd\u0ba4\u0baa\u0bcd \u0baa\u0b95\u0bcd\u0b95\u0ba4\u0bcd\u0ba4\u0bc8 \u0bb5\u0bb4\u0b95\u0bcd\u0b95\u0bae\u0bbe\u0b95 \u0b9a\u0bb0\u0bbf\u0baa\u0bbe\u0bb0\u0bcd\u0b95\u0bcd\u0b95 \u0baa\u0bb0\u0bbf\u0ba8\u0bcd\u0ba4\u0bc1\u0bb0\u0bc8\u0b95\u0bcd\u0b95\u0bbf\u0bb1\u0bcb\u0bae\u0bcd.<\/p><p><strong>\u0ba4\u0bca\u0b9f\u0bb0\u0bcd\u0baa\u0bc1<\/strong><\/p><p>\u0b87\u0ba8\u0bcd\u0ba4 \u0b95\u0bc1\u0b95\u0bcd\u0b95\u0bc0 \u0b95\u0bca\u0bb3\u0bcd\u0b95\u0bc8 \u0b95\u0bc1\u0bb1\u0bbf\u0ba4\u0bcd\u0ba4\u0bc1 \u0b89\u0b99\u0bcd\u0b95\u0bb3\u0bc1\u0b95\u0bcd\u0b95\u0bc1\u0b95\u0bcd \u0b95\u0bc7\u0bb3\u0bcd\u0bb5\u0bbf\u0b95\u0bb3\u0bcd \u0b87\u0bb0\u0bc1\u0ba8\u0bcd\u0ba4\u0bbe\u0bb2\u0bcd, \u0b8e\u0b99\u0bcd\u0b95\u0bb3\u0bc8 \u0ba4\u0bca\u0b9f\u0bb0\u0bcd\u0baa\u0bc1 \u0b95\u0bca\u0bb3\u0bcd\u0bb3\u0bb2\u0bbe\u0bae\u0bcd. <a rel=\"noreferrer\">hello@hostragons.com<\/a> \u0ba8\u0bc0\u0b99\u0bcd\u0b95\u0bb3\u0bcd \u0b8e\u0b99\u0bcd\u0b95\u0bb3\u0bc8 \u0ba4\u0bca\u0b9f\u0bb0\u0bcd\u0baa\u0bc1 \u0b95\u0bca\u0bb3\u0bcd\u0bb3\u0bb2\u0bbe\u0bae\u0bcd.<\/p>\t\t\t\t\t\t\t\t<\/div>\n\t\t\t\t<\/div>\n\t\t\t\t\t<\/div>\n\t\t<\/div>\n\t\t\t\t\t<\/div>\n\t\t<\/section>\n\t\t\t\t<\/div>","protected":false},"excerpt":{"rendered":"<p>Y\u00fcr\u00fcrl\u00fck\/G\u00fcncelleme Tarihi: 05.08.2024 1. \u00c7erez (Cookie) Nedir? \u00c7erezler, web siteleri taraf\u0131ndan taray\u0131c\u0131n\u0131za g\u00f6nderilen ve cihaz\u0131n\u0131zda depolanan k\u00fc\u00e7\u00fck veri dosyalar\u0131d\u0131r. Bu dosyalar, siteyi tekrar ziyaret etti\u011finizde taray\u0131c\u0131n\u0131z\u0131n web sitesini tan\u0131mas\u0131n\u0131 sa\u011flar ve \u00f6nceki ziyaretlerinizdeki tercihlerinizi hat\u0131rlayarak kullan\u0131c\u0131 deneyiminizi ki\u015fiselle\u015ftirir. 2. \u00c7erezlerin Kullan\u0131m Ama\u00e7lar\u0131 Hostragons, a\u015fa\u011f\u0131daki ama\u00e7lar do\u011frultusunda \u00e7erezleri kullan\u0131r: Zorunlu \u00c7erezler: Sitenin temel i\u015flevlerini yerine getirebilmesi [&hellip;]<\/p>\n","protected":false},"author":94,"featured_media":7852,"parent":0,"menu_order":0,"comment_status":"closed","ping_status":"closed","template":"","meta":{"googlesitekit_rrm_CAow5YvFDA:productID":"","footnotes":""},"class_list":["post-2358","page","type-page","status-publish","has-post-thumbnail","hentry"],"_links":{"self":[{"href":"https:\/\/www.hostragons.com\/ta\/wp-json\/wp\/v2\/pages\/2358","targetHints":{"allow":["GET"]}}],"collection":[{"href":"https:\/\/www.hostragons.com\/ta\/wp-json\/wp\/v2\/pages"}],"about":[{"href":"https:\/\/www.hostragons.com\/ta\/wp-json\/wp\/v2\/types\/page"}],"author":[{"embeddable":true,"href":"https:\/\/www.hostragons.com\/ta\/wp-json\/wp\/v2\/users\/94"}],"replies":[{"embeddable":true,"href":"https:\/\/www.hostragons.com\/ta\/wp-json\/wp\/v2\/comments?post=2358"}],"version-history":[{"count":0,"href":"https:\/\/www.hostragons.com\/ta\/wp-json\/wp\/v2\/pages\/2358\/revisions"}],"wp:featuredmedia":[{"embeddable":true,"href":"https:\/\/www.hostragons.com\/ta\/wp-json\/wp\/v2\/media\/7852"}],"wp:attachment":[{"href":"https:\/\/www.hostragons.com\/ta\/wp-json\/wp\/v2\/media?parent=2358"}],"curies":[{"name":"wp (\u0b9f\u0baa\u0bbf\u0bb3\u0bcd\u0baf\u0bc2\u0baa\u0bbf)","href":"https:\/\/api.w.org\/{rel}","templated":true}]}}