{"id":2358,"date":"2020-10-02T08:03:18","date_gmt":"2020-10-02T05:03:18","guid":{"rendered":"https:\/\/www.hostragons.com\/?page_id=2358"},"modified":"2025-03-25T09:07:38","modified_gmt":"2025-03-25T09:07:38","slug":"pravidla-pouzivania-suborov-cookie","status":"publish","type":"page","link":"https:\/\/www.hostragons.com\/sk\/pravidla-pouzivania-suborov-cookie\/","title":{"rendered":"Z\u00e1sady pou\u017e\u00edvania s\u00faborov cookie"},"content":{"rendered":"<div data-elementor-type=\"wp-page\" data-elementor-id=\"2358\" class=\"elementor elementor-2358\" data-elementor-post-type=\"page\">\n\t\t\t\t\t\t<section class=\"elementor-section elementor-top-section elementor-element elementor-element-9da5eda elementor-section-boxed elementor-section-height-default elementor-section-height-default\" data-id=\"9da5eda\" data-element_type=\"section\" data-e-type=\"section\">\n\t\t\t\t\t\t<div class=\"elementor-container elementor-column-gap-default\">\n\t\t\t\t\t<div class=\"elementor-column elementor-col-100 elementor-top-column elementor-element elementor-element-a7228de\" data-id=\"a7228de\" data-element_type=\"column\" data-e-type=\"column\">\n\t\t\t<div class=\"elementor-widget-wrap elementor-element-populated\">\n\t\t\t\t\t\t<div class=\"elementor-element elementor-element-8bde4d6 elementor-widget elementor-widget-text-editor\" data-id=\"8bde4d6\" data-element_type=\"widget\" data-e-type=\"widget\" data-widget_type=\"text-editor.default\">\n\t\t\t\t<div class=\"elementor-widget-container\">\n\t\t\t\t\t\t\t\t\t<p><strong>D\u00e1tum \u00fa\u010dinnosti\/aktualiz\u00e1cie:<\/strong> 05.08.2024<\/p><p><strong>1. \u010co je s\u00fabor cookie?<\/strong><\/p><p>Cookies s\u00fa mal\u00e9 d\u00e1tov\u00e9 s\u00fabory odosielan\u00e9 webov\u00fdmi str\u00e1nkami do v\u00e1\u0161ho prehliada\u010da a ulo\u017een\u00e9 vo va\u0161om zariaden\u00ed. Tieto s\u00fabory umo\u017e\u0148uj\u00fa v\u00e1\u0161mu prehliada\u010du rozpozna\u0165 webov\u00fa str\u00e1nku, ke\u010f ju znova nav\u0161t\u00edvite, a prisp\u00f4sobi\u0165 va\u0161u pou\u017e\u00edvate\u013esk\u00fa sk\u00fasenos\u0165 t\u00fdm, \u017ee si zapam\u00e4t\u00e1 va\u0161e preferencie z predch\u00e1dzaj\u00facich n\u00e1v\u0161tev.<\/p><p><strong>2. \u00da\u010dely pou\u017e\u00edvania s\u00faborov cookie<\/strong><\/p><p>Hostragons pou\u017e\u00edva s\u00fabory cookie na nasleduj\u00face \u00fa\u010dely:<\/p><ul><li class=\"translation-block\"><strong>Povinn\u00e9 s\u00fabory cookie:<\/strong> Nevyhnutn\u00e9 na to, aby str\u00e1nka plnila svoje z\u00e1kladn\u00e9 funkcie.<\/li><li><strong>V\u00fdkonnostn\u00e9 s\u00fabory cookie:<\/strong> Pou\u017e\u00edva sa na sledovanie a zlep\u0161ovanie v\u00fdkonu str\u00e1nky.<\/li><li class=\"translation-block\"><strong>Funk\u010dn\u00e9 s\u00fabory cookie:<\/strong> Poskytuje prisp\u00f4soben\u00fd z\u00e1\u017eitok t\u00fdm, \u017ee si pam\u00e4t\u00e1 preferencie pou\u017e\u00edvate\u013ea.<\/li><li class=\"translation-block\"><strong>Reklamn\u00e9 a marketingov\u00e9 s\u00fabory cookie:<\/strong> Pou\u017e\u00edvaj\u00fa sa na poskytovanie obsahu a rekl\u00e1m prisp\u00f4soben\u00fdch va\u0161im z\u00e1ujmom.<\/li><\/ul><p><strong>3. S\u00fabory cookie tret\u00edch str\u00e1n<\/strong><\/p><p>Niektor\u00e9 s\u00fabory cookie na na\u0161ej str\u00e1nke spravuj\u00fa poskytovatelia slu\u017eieb tret\u00edch str\u00e1n. Tieto s\u00fabory cookie sa pou\u017e\u00edvaj\u00fa na reklamn\u00e9 a analytick\u00e9 slu\u017eby a podliehaj\u00fa vlastn\u00fdm z\u00e1sad\u00e1m ochrany osobn\u00fdch \u00fadajov tret\u00edch str\u00e1n. Odpor\u00fa\u010dame v\u00e1m, aby ste si pre\u010d\u00edtali z\u00e1sady ochrany osobn\u00fdch \u00fadajov t\u00fdchto poskytovate\u013eov slu\u017eieb, kde n\u00e1jdete \u010fal\u0161ie inform\u00e1cie o ich pou\u017e\u00edvan\u00ed s\u00faborov cookie tret\u00edch str\u00e1n.<\/p><p><strong>4. Kontrola a odstra\u0148ovanie s\u00faborov cookie<\/strong><\/p><p>S\u00fabory cookie m\u00f4\u017eete spravova\u0165, prij\u00edma\u0165 alebo odmieta\u0165 prostredn\u00edctvom nastaven\u00ed prehliada\u010da. M\u00f4\u017eete tie\u017e vymaza\u0165 s\u00fabory cookie predt\u00fdm ulo\u017een\u00e9 vo va\u0161om prehliada\u010di. \u010eal\u0161ie inform\u00e1cie o tom, ako spravova\u0165 s\u00fabory cookie, n\u00e1jdete v pokynoch \u0161pecifick\u00fdch pre prehliada\u010d, ktor\u00fd pou\u017e\u00edvate:<\/p><ul><li><a target=\"_new\" rel=\"noreferrer\">Google Chrome<\/a><\/li><li><a href=\"https:\/\/support.mozilla.org\/tr\/kb\/cerezleri-silme\" target=\"_new\" rel=\"noreferrer noopener\">Mozilla Firefox<\/a><\/li><li><a href=\"https:\/\/support.apple.com\/tr-tr\/guide\/safari\/sfri11471\/mac\" target=\"_new\" rel=\"noreferrer noopener\">Safari<\/a><\/li><li><a href=\"https:\/\/support.microsoft.com\/tr-tr\/help\/4027947\/microsoft-edge-delete-cookies\" target=\"_new\" rel=\"noreferrer noopener\">Microsoft Edge<\/a><\/li><\/ul><p class=\"translation-block\">5. Zmeny z\u00e1sad pou\u017e\u00edvania s\u00faborov cookie<\/p><p>Hostragons si vyhradzuje pr\u00e1vo zmeni\u0165 svoje z\u00e1sady pou\u017e\u00edvania s\u00faborov cookie. Ak\u00e9ko\u013evek zmeny na\u0161ich z\u00e1sad bud\u00fa aktualizovan\u00e9 na tejto str\u00e1nke a vst\u00fapia do platnosti. Odpor\u00fa\u010dame, aby boli pou\u017e\u00edvatelia informovan\u00ed o ak\u00fdchko\u013evek zmen\u00e1ch pravidelnou kontrolou tejto str\u00e1nky.<\/p><p><strong>6. Komunik\u00e1cia<\/strong><\/p><p>Pre ot\u00e1zky t\u00fdkaj\u00face sa t\u00fdchto z\u00e1sad pou\u017e\u00edvania s\u00faborov cookie <a rel=\"noreferrer\">hello@hostragons.com<\/a> M\u00f4\u017eete n\u00e1s kontaktova\u0165 na.<\/p>\t\t\t\t\t\t\t\t<\/div>\n\t\t\t\t<\/div>\n\t\t\t\t\t<\/div>\n\t\t<\/div>\n\t\t\t\t\t<\/div>\n\t\t<\/section>\n\t\t\t\t<\/div>","protected":false},"excerpt":{"rendered":"<p>Y\u00fcr\u00fcrl\u00fck\/G\u00fcncelleme Tarihi: 05.08.2024 1. \u00c7erez (Cookie) Nedir? \u00c7erezler, web siteleri taraf\u0131ndan taray\u0131c\u0131n\u0131za g\u00f6nderilen ve cihaz\u0131n\u0131zda depolanan k\u00fc\u00e7\u00fck veri dosyalar\u0131d\u0131r. Bu dosyalar, siteyi tekrar ziyaret etti\u011finizde taray\u0131c\u0131n\u0131z\u0131n web sitesini tan\u0131mas\u0131n\u0131 sa\u011flar ve \u00f6nceki ziyaretlerinizdeki tercihlerinizi hat\u0131rlayarak kullan\u0131c\u0131 deneyiminizi ki\u015fiselle\u015ftirir. 2. \u00c7erezlerin Kullan\u0131m Ama\u00e7lar\u0131 Hostragons, a\u015fa\u011f\u0131daki ama\u00e7lar do\u011frultusunda \u00e7erezleri kullan\u0131r: Zorunlu \u00c7erezler: Sitenin temel i\u015flevlerini yerine getirebilmesi [&hellip;]<\/p>\n","protected":false},"author":94,"featured_media":7852,"parent":0,"menu_order":0,"comment_status":"closed","ping_status":"closed","template":"","meta":{"googlesitekit_rrm_CAow5YvFDA:productID":"","footnotes":""},"class_list":["post-2358","page","type-page","status-publish","has-post-thumbnail","hentry"],"_links":{"self":[{"href":"https:\/\/www.hostragons.com\/sk\/wp-json\/wp\/v2\/pages\/2358","targetHints":{"allow":["GET"]}}],"collection":[{"href":"https:\/\/www.hostragons.com\/sk\/wp-json\/wp\/v2\/pages"}],"about":[{"href":"https:\/\/www.hostragons.com\/sk\/wp-json\/wp\/v2\/types\/page"}],"author":[{"embeddable":true,"href":"https:\/\/www.hostragons.com\/sk\/wp-json\/wp\/v2\/users\/94"}],"replies":[{"embeddable":true,"href":"https:\/\/www.hostragons.com\/sk\/wp-json\/wp\/v2\/comments?post=2358"}],"version-history":[{"count":0,"href":"https:\/\/www.hostragons.com\/sk\/wp-json\/wp\/v2\/pages\/2358\/revisions"}],"wp:featuredmedia":[{"embeddable":true,"href":"https:\/\/www.hostragons.com\/sk\/wp-json\/wp\/v2\/media\/7852"}],"wp:attachment":[{"href":"https:\/\/www.hostragons.com\/sk\/wp-json\/wp\/v2\/media?parent=2358"}],"curies":[{"name":"pracovn\u00fd list","href":"https:\/\/api.w.org\/{rel}","templated":true}]}}