{"id":2031,"date":"2020-09-08T16:09:39","date_gmt":"2020-09-08T13:09:39","guid":{"rendered":"https:\/\/www.hostragons.com\/?page_id=2031"},"modified":"2024-09-26T17:52:04","modified_gmt":"2024-09-26T14:52:04","slug":"zasady-ochrany-osobnych-udajov","status":"publish","type":"page","link":"https:\/\/www.hostragons.com\/sk\/zasady-ochrany-osobnych-udajov\/","title":{"rendered":"Z\u00e1sady ochrany osobn\u00fdch \u00fadajov"},"content":{"rendered":"<div data-elementor-type=\"wp-page\" data-elementor-id=\"2031\" class=\"elementor elementor-2031\" data-elementor-post-type=\"page\">\n\t\t\t\t\t\t<section class=\"elementor-section elementor-top-section elementor-element elementor-element-91e4b54 elementor-section-boxed elementor-section-height-default elementor-section-height-default\" data-id=\"91e4b54\" data-element_type=\"section\" data-e-type=\"section\">\n\t\t\t\t\t\t<div class=\"elementor-container elementor-column-gap-default\">\n\t\t\t\t\t<div class=\"elementor-column elementor-col-100 elementor-top-column elementor-element elementor-element-0774a31\" data-id=\"0774a31\" data-element_type=\"column\" data-e-type=\"column\">\n\t\t\t<div class=\"elementor-widget-wrap elementor-element-populated\">\n\t\t\t\t\t\t<div class=\"elementor-element elementor-element-830efa2 elementor-widget elementor-widget-text-editor\" data-id=\"830efa2\" data-element_type=\"widget\" data-e-type=\"widget\" data-widget_type=\"text-editor.default\">\n\t\t\t\t<div class=\"elementor-widget-container\">\n\t\t\t\t\t\t\t\t\t<p><strong>D\u00e1tum \u00fa\u010dinnosti\/aktualiz\u00e1cie: 05.08.2024<\/strong><\/p><p><strong>1. \u00davod<\/strong><\/p><p>Spolo\u010dnos\u0165 Hostragons Global Limited (\u201eHostragons\u201c) berie s\u00fakromie na\u0161ich pou\u017e\u00edvate\u013eov a ochranu ich osobn\u00fdch \u00fadajov v\u00e1\u017ene. Tieto z\u00e1sady ochrany osobn\u00fdch \u00fadajov a dodr\u017eiavania GDPR vysvet\u013euj\u00fa, ako sa osobn\u00e9 \u00fadaje zhroma\u017e\u010fuj\u00fa, pou\u017e\u00edvaj\u00fa, chr\u00e1nia a spravuj\u00fa pod\u013ea GDPR. Pou\u017e\u00edvan\u00edm na\u0161ej webovej str\u00e1nky a slu\u017eieb sa m\u00e1 za to, \u017ee akceptujete tieto z\u00e1sady.<\/p><p><strong>2. Prev\u00e1dzkovate\u013e a z\u00e1stupca \u00fadajov<\/strong><\/p><p>Hostragons je spr\u00e1vca \u00fadajov zodpovedn\u00fd za ochranu va\u0161ich osobn\u00fdch \u00fadajov. N\u00e1\u0161 z\u00e1stupca v Eur\u00f3pskej \u00fanii:<\/p><ul><li><strong>Z\u00e1stupca pre ochranu \u00fadajov:<\/strong> Quebeck\u00fd z\u00e1kon o ochrane osobn\u00fdch \u00fadajov.<\/li><\/ul><p><strong>3. Z\u00e1kladn\u00e9 princ\u00edpy spracovania \u00fadajov<\/strong><\/p><p>V spolo\u010dnosti Hostragons dodr\u017eiavame v s\u00falade s po\u017eiadavkami GDPR nasledovn\u00e9 z\u00e1kladn\u00e9 princ\u00edpy:<\/p><ul><li class=\"translation-block\"><strong>Transparentnos\u0165:<\/strong> Jasne uv\u00e1dzame, ako zhroma\u017e\u010fujeme a sprac\u00favame va\u0161e osobn\u00e9 \u00fadaje.<\/li><li class=\"translation-block\"><strong>Presnos\u0165:<\/strong> Va\u0161e \u00fadaje uchov\u00e1vame presn\u00e9 a aktu\u00e1lne.<\/li><li class=\"translation-block\"><strong>Minimaliz\u00e1cia:<\/strong> Zhroma\u017e\u010fujeme a spracov\u00e1vame len nevyhnutn\u00e9 \u00fadaje.<\/li><li class=\"translation-block\"><strong>Obmedzenie uchov\u00e1vania:<\/strong> Va\u0161e \u00fadaje uchov\u00e1vame len tak dlho, ako je to nevyhnutn\u00e9.<\/li><\/ul><p><strong>4. Zhroma\u017eden\u00e9 inform\u00e1cie<\/strong><\/p><p>Hostragons zhroma\u017e\u010fuje nasleduj\u00face osobn\u00e9 \u00fadaje:<\/p><ul><li class=\"translation-block\"><strong>Identifika\u010dn\u00e9 \u00fadaje:<\/strong> Meno, priezvisko, adresa, telef\u00f3nne \u010d\u00edslo, e-mailov\u00e1 adresa.<\/li><li class=\"translation-block\"><strong>Inform\u00e1cie o platbe:<\/strong> Inform\u00e1cie o kreditnej karte a podrobnosti o platbe.<\/li><li class=\"translation-block\"><strong>Technick\u00e9 \u00fadaje:<\/strong> IP adresa, typ prehliada\u010da, opera\u010dn\u00fd syst\u00e9m.<\/li><li class=\"translation-block\"><strong>Spr\u00e1vanie pou\u017e\u00edvate\u013ea:<\/strong> Predvo\u013eby pou\u017e\u00edvate\u013ea, pohyby na str\u00e1nke.<\/li><\/ul><p><strong>5. Pou\u017e\u00edvanie osobn\u00fdch \u00fadajov<\/strong><\/p><p>Zhroma\u017eden\u00e9 osobn\u00e9 \u00fadaje sa pou\u017e\u00edvaj\u00fa na nasleduj\u00face \u00fa\u010dely:<\/p><ul><li>Poskytovanie a spr\u00e1va slu\u017eieb.<\/li><li>Slu\u017eby z\u00e1kazn\u00edckej podpory a komunik\u00e1cia.<\/li><li>Faktura\u010dn\u00e9 transakcie a pr\u00edprava pr\u00e1vnych dokumentov.<\/li><li>Zlep\u0161enie v\u00fdkonu na\u0161ej webovej str\u00e1nky a pou\u017e\u00edvate\u013eskej sk\u00fasenosti.<\/li><li>Dodr\u017eiavanie z\u00e1konn\u00fdch povinnost\u00ed a ochrana pr\u00e1v.<\/li><li>Marketingov\u00e1 a propaga\u010dn\u00e1 \u010dinnos\u0165.<\/li><\/ul><p><strong>6. Doba uchov\u00e1vania osobn\u00fdch \u00fadajov<\/strong><\/p><p>Va\u0161e osobn\u00e9 \u00fadaje uchov\u00e1vame len tak dlho, ako je to potrebn\u00e9 na \u00fa\u010dely n\u00e1\u0161ho spracovania. M\u00f4\u017eete n\u00e1s kontaktova\u0165 a z\u00edska\u0165 inform\u00e1cie o tom, ako dlho uchov\u00e1vame va\u0161e \u00fadaje a ako sa toto obdobie ur\u010duje.<\/p><p><strong>7. Platobn\u00e9 inform\u00e1cie a bezpe\u010dnos\u0165<\/strong><\/p><ul><li>Inform\u00e1cie o va\u0161ej kreditnej karte a platbe s\u00fa chr\u00e1nen\u00e9 bezpe\u010dnostn\u00fdmi opatreniami, ako je napr\u00edklad 256-bitov\u00fd certifik\u00e1t SSL.<\/li><li>Inform\u00e1cie o va\u0161ej karte s\u00fa pren\u00e1\u0161an\u00e9 \u0161ifrovane a nie s\u00fa ukladan\u00e9 spolo\u010dnos\u0165ou Hostragons.<\/li><li>Prevent\u00edvne opatrenia proti mo\u017en\u00e9mu malv\u00e9ru sa prij\u00edmaj\u00fa pomocou dodato\u010dn\u00fdch bezpe\u010dnostn\u00fdch n\u00e1strojov.<\/li><\/ul><p><strong>8. S\u00fabory cookie a technol\u00f3gie sledovania<\/strong><\/p><p class=\"translation-block\">Na\u0161a webov\u00e1 str\u00e1nka pou\u017e\u00edva s\u00fabory cookie a sledovacie technol\u00f3gie na zlep\u0161enie pou\u017e\u00edvate\u013esk\u00e9ho z\u00e1\u017eitku a pochopenie toho, ako sa na\u0161a webov\u00e1 lokalita pou\u017e\u00edva. Viac inform\u00e1ci\u00ed o s\u00faboroch cookie a o tom, ako ich spravova\u0165, n\u00e1jdete na <a href=\"https:\/\/www.hostragons.com\/sk\/pravidla-pouzivania-suborov-cookie\/\" target=\"_new\" rel=\"noreferrer\">na\u0161ej str\u00e1nke Z\u00e1sady pou\u017e\u00edvania s\u00faborov cookie<\/a> .<\/p><p><strong>9. Zdie\u013eanie osobn\u00fdch \u00fadajov<\/strong><\/p><ul><li>Va\u0161e osobn\u00e9 \u00fadaje zdie\u013eame iba s tret\u00edmi stranami, ak je to nevyhnutn\u00e9 na poskytovanie na\u0161ich slu\u017eieb.<\/li><li>Va\u0161e \u00fadaje m\u00f4\u017eeme zdie\u013ea\u0165 v s\u00falade so z\u00e1konn\u00fdmi povinnos\u0165ami alebo s\u00fadnymi pr\u00edkazmi.<\/li><li>Zdie\u013eanie \u00fadajov s tret\u00edmi stranami sa uskuto\u010dn\u00ed iba s va\u0161\u00edm s\u00fahlasom.<\/li><\/ul><p><strong>10. U\u017e\u00edvate\u013esk\u00e9 pr\u00e1va<\/strong><\/p><p>Pod\u013ea GDPR maj\u00fa pou\u017e\u00edvatelia nasleduj\u00face pr\u00e1va:<\/p><ul><li>Pr\u00e1vo na pr\u00edstup k osobn\u00fdm \u00fadajom, ich opravu alebo vymazanie.<\/li><li>Pr\u00e1vo namieta\u0165 proti spracovaniu \u00fadajov a prenosnosti \u00fadajov.<\/li><li>Pr\u00e1vo kedyko\u013evek odvola\u0165 s\u00fahlas.<\/li><\/ul><p><strong>11. Pos\u00fadenie vplyvu na ochranu \u00fadajov (DPIA)<\/strong><\/p><p>Pre vysoko rizikov\u00e9 \u010dinnosti spracovania \u00fadajov sa vykon\u00e1va hodnotenie vplyvu na ochranu \u00fadajov. Ak chcete z\u00edska\u0165 viac inform\u00e1ci\u00ed o procese DPIA, m\u00f4\u017eete n\u00e1s kontaktova\u0165.<\/p><p><strong>12. Medzin\u00e1rodn\u00fd prenos \u00fadajov<\/strong><\/p><p>Pri prenose va\u0161ich osobn\u00fdch \u00fadajov mimo E\u00da prij\u00edmame potrebn\u00e9 ochrann\u00e9 opatrenia. Pre viac inform\u00e1ci\u00ed o medzin\u00e1rodnom prenose \u00fadajov n\u00e1s m\u00f4\u017eete kontaktova\u0165.<\/p><p><strong>13. Ozn\u00e1menie o poru\u0161en\u00ed \u00fadajov<\/strong><\/p><p>V pr\u00edpade poru\u0161enia ochrany \u00fadajov bezodkladne informujeme pr\u00edslu\u0161n\u00e9 org\u00e1ny a dotknut\u00e9 osoby. M\u00f4\u017eete n\u00e1s kontaktova\u0165, aby ste sa dozvedeli viac o na\u0161ich postupoch pri poru\u0161en\u00ed ochrany \u00fadajov.<\/p><p><strong>14. Zmeny zmluvy<\/strong><\/p><p>Tieto z\u00e1sady m\u00f4\u017eu by\u0165 z \u010dasu na \u010das aktualizovan\u00e9. Ak\u00e9ko\u013evek zmeny, ktor\u00e9 sa maj\u00fa vykona\u0165, bud\u00fa zverejnen\u00e9 na tejto str\u00e1nke a bud\u00fa uveden\u00e9 s d\u00e1tumom \u00fa\u010dinnosti. Pou\u017e\u00edvate\u013eom sa odpor\u00fa\u010da, aby t\u00fato str\u00e1nku pravidelne kontrolovali, aby boli informovan\u00ed o ak\u00fdchko\u013evek zmen\u00e1ch.<\/p>\t\t\t\t\t\t\t\t<\/div>\n\t\t\t\t<\/div>\n\t\t\t\t\t<\/div>\n\t\t<\/div>\n\t\t\t\t\t<\/div>\n\t\t<\/section>\n\t\t\t\t<\/div>","protected":false},"excerpt":{"rendered":"<p>Y\u00fcr\u00fcrl\u00fck\/G\u00fcncelleme Tarihi: 05.08.2024 1. Giri\u015f Hostragons Global Limited (&#8220;Hostragons&#8221; olarak an\u0131lacakt\u0131r), kullan\u0131c\u0131lar\u0131m\u0131z\u0131n gizlili\u011fini ve ki\u015fisel verilerinin korunmas\u0131n\u0131 ciddiye al\u0131r. Bu Gizlilik ve GDPR Uyum Politikas\u0131, ki\u015fisel verilerin nas\u0131l topland\u0131\u011f\u0131n\u0131, kullan\u0131ld\u0131\u011f\u0131n\u0131, korundu\u011funu ve GDPR kapsam\u0131nda nas\u0131l y\u00f6netildi\u011fini a\u00e7\u0131klar. Web sitemizi ve hizmetlerimizi kullanarak, bu politikay\u0131 kabul etmi\u015f say\u0131l\u0131rs\u0131n\u0131z. 2. Veri Sorumlusu ve Temsilcisi Hostragons, ki\u015fisel verilerinizi [&hellip;]<\/p>\n","protected":false},"author":94,"featured_media":7854,"parent":0,"menu_order":0,"comment_status":"closed","ping_status":"closed","template":"","meta":{"googlesitekit_rrm_CAow5YvFDA:productID":"","footnotes":""},"class_list":["post-2031","page","type-page","status-publish","has-post-thumbnail","hentry"],"_links":{"self":[{"href":"https:\/\/www.hostragons.com\/sk\/wp-json\/wp\/v2\/pages\/2031","targetHints":{"allow":["GET"]}}],"collection":[{"href":"https:\/\/www.hostragons.com\/sk\/wp-json\/wp\/v2\/pages"}],"about":[{"href":"https:\/\/www.hostragons.com\/sk\/wp-json\/wp\/v2\/types\/page"}],"author":[{"embeddable":true,"href":"https:\/\/www.hostragons.com\/sk\/wp-json\/wp\/v2\/users\/94"}],"replies":[{"embeddable":true,"href":"https:\/\/www.hostragons.com\/sk\/wp-json\/wp\/v2\/comments?post=2031"}],"version-history":[{"count":0,"href":"https:\/\/www.hostragons.com\/sk\/wp-json\/wp\/v2\/pages\/2031\/revisions"}],"wp:featuredmedia":[{"embeddable":true,"href":"https:\/\/www.hostragons.com\/sk\/wp-json\/wp\/v2\/media\/7854"}],"wp:attachment":[{"href":"https:\/\/www.hostragons.com\/sk\/wp-json\/wp\/v2\/media?parent=2031"}],"curies":[{"name":"pracovn\u00fd list","href":"https:\/\/api.w.org\/{rel}","templated":true}]}}