{"id":2358,"date":"2020-10-02T08:03:18","date_gmt":"2020-10-02T05:03:18","guid":{"rendered":"https:\/\/www.hostragons.com\/?page_id=2358"},"modified":"2025-03-25T09:07:38","modified_gmt":"2025-03-25T09:07:38","slug":"%da%aa%d9%88%da%aa%d9%8a%d8%b2-%d9%be%d8%a7%d9%84%d9%8a%d8%b3%d9%8a","status":"publish","type":"page","link":"https:\/\/www.hostragons.com\/sd\/%da%aa%d9%88%da%aa%d9%8a%d8%b2-%d9%be%d8%a7%d9%84%d9%8a%d8%b3%d9%8a\/","title":{"rendered":"\u06aa\u0648\u06aa\u064a\u0632 \u067e\u0627\u0644\u064a\u0633\u064a"},"content":{"rendered":"<div data-elementor-type=\"wp-page\" data-elementor-id=\"2358\" class=\"elementor elementor-2358\" data-elementor-post-type=\"page\">\n\t\t\t\t\t\t<section class=\"elementor-section elementor-top-section elementor-element elementor-element-9da5eda elementor-section-boxed elementor-section-height-default elementor-section-height-default\" data-id=\"9da5eda\" data-element_type=\"section\" data-e-type=\"section\">\n\t\t\t\t\t\t<div class=\"elementor-container elementor-column-gap-default\">\n\t\t\t\t\t<div class=\"elementor-column elementor-col-100 elementor-top-column elementor-element elementor-element-a7228de\" data-id=\"a7228de\" data-element_type=\"column\" data-e-type=\"column\">\n\t\t\t<div class=\"elementor-widget-wrap elementor-element-populated\">\n\t\t\t\t\t\t<div class=\"elementor-element elementor-element-8bde4d6 elementor-widget elementor-widget-text-editor\" data-id=\"8bde4d6\" data-element_type=\"widget\" data-e-type=\"widget\" data-widget_type=\"text-editor.default\">\n\t\t\t\t<div class=\"elementor-widget-container\">\n\t\t\t\t\t\t\t\t\t<p><strong>\u0645\u0624\u062b\u0631\/\u062a\u0627\u0631\u064a\u062e \u062c\u064a \u062a\u0627\u0631\u064a\u062e:<\/strong> 05.08.2024<\/p><p><strong>1. \u06aa\u0648\u06aa\u064a \u0687\u0627 \u0622\u0647\u064a\u061f<\/strong><\/p><p>\u06aa\u0648\u06aa\u064a\u0632 \u0646\u0646\u068d\u064a\u0648\u0646 \u068a\u064a\u067d\u0627 \u0641\u0627\u0626\u0644\u0648\u0646 \u0622\u0647\u0646 \u062c\u064a\u06aa\u064a \u062a\u0648\u0647\u0627\u0646 \u062c\u064a \u0628\u0631\u0627\u0626\u0648\u0632\u0631 \u068f\u0627\u0646\u0647\u0646 \u0648\u064a\u0628 \u0633\u0627\u0626\u064a\u067d\u0646 \u0637\u0631\u0641\u0627\u0646 \u0645\u0648\u06aa\u0644\u064a\u0644 \u0622\u0647\u0646 \u06fd \u062a\u0648\u0647\u0627\u0646 \u062c\u064a \u068a\u0648\u0627\u0626\u064a\u0633 \u062a\u064a \u0630\u062e\u064a\u0631\u0648 \u067f\u064a\u0644 \u0622\u0647\u0646. \u0627\u0647\u064a \u0641\u0627\u0626\u0644\u0648\u0646 \u062a\u0648\u0647\u0627\u0646 \u062c\u064a \u0628\u0631\u0627\u0626\u0648\u0632\u0631 \u06a9\u064a \u0648\u064a\u0628 \u0633\u0627\u0626\u064a\u067d \u06a9\u064a \u0633\u0683\u0627\u06bb\u06bb \u062c\u064a \u0627\u062c\u0627\u0632\u062a \u068f\u064a\u0646 \u067f\u064a\u0648\u0646 \u062c\u068f\u0647\u0646 \u062a\u0648\u0647\u0627\u0646 \u0627\u0646 \u06a9\u064a \u067b\u064a\u0647\u0631 \u062f\u0648\u0631\u0648 \u06aa\u0631\u064a\u0648 \u067f\u0627 \u06fd \u062a\u0648\u0647\u0627\u0646 \u062c\u064a \u0635\u0627\u0631\u0641 \u062c\u064a \u062a\u062c\u0631\u0628\u064a \u06a9\u064a \u0630\u0627\u062a\u064a \u06aa\u0631\u06bb \u062c\u064a \u0630\u0631\u064a\u0639\u064a \u062a\u0648\u0647\u0627\u0646 \u062c\u064a \u062a\u0631\u062c\u064a\u062d\u0646 \u06a9\u064a \u064a\u0627\u062f \u06aa\u0646\u062f\u064a \u06af\u0630\u0631\u064a\u0644 \u062f\u0648\u0631\u0646 \u06a9\u0627\u0646.<\/p><p><strong>2. \u06aa\u0648\u06aa\u064a\u0632 \u062c\u064a \u0627\u0633\u062a\u0639\u0645\u0627\u0644 \u062c\u0627 \u0645\u0642\u0635\u062f<\/strong><\/p><p>Hostragons \u0647\u064a\u067a\u064a\u0646 \u0645\u0642\u0635\u062f\u0646 \u0644\u0627\u0621 \u06aa\u0648\u06aa\u064a\u0632 \u0627\u0633\u062a\u0639\u0645\u0627\u0644 \u06aa\u0631\u064a \u067f\u0648:<\/p><ul><li class=\"translation-block\"><strong>\u0644\u0627\u0632\u0645\u064a \u06aa\u0648\u06aa\u064a\u0632:<\/strong> \u0636\u0631\u0648\u0631\u064a \u0622\u0647\u064a \u062a\u0647 \u0633\u0627\u0626\u064a\u067d \u0644\u0627\u0621\u0650 \u0627\u0646 \u062c\u0627 \u0628\u0646\u064a\u0627\u062f\u064a \u06aa\u0645 \u0627\u0646\u062c\u0627\u0645 \u068f\u064a\u06bb \u0644\u0627\u0621\u0650.<\/li><li><strong>\u06aa\u0627\u0631\u06aa\u0631\u062f\u06af\u064a \u06aa\u0648\u06aa\u064a\u0632:<\/strong> \u0627\u0647\u0648 \u0633\u0627\u0626\u064a\u067d \u062c\u064a \u06aa\u0627\u0631\u06aa\u0631\u062f\u06af\u064a \u062c\u064a \u0646\u06af\u0631\u0627\u0646\u064a \u06fd \u0628\u0647\u062a\u0631 \u06aa\u0631\u06bb \u0644\u0627\u0621 \u0627\u0633\u062a\u0639\u0645\u0627\u0644 \u06aa\u064a\u0648 \u0648\u064a\u0646\u062f\u0648 \u0622\u0647\u064a.<\/li><li class=\"translation-block\"><strong>\u0641\u0646\u06aa\u0634\u0646\u0644 \u06aa\u0648\u06aa\u064a\u0632:<\/strong> \u0635\u0627\u0631\u0641 \u062c\u064a \u062a\u0631\u062c\u064a\u062d\u0646 \u06a9\u064a \u064a\u0627\u062f \u06aa\u0646\u062f\u064a \u0647\u06aa \u0630\u0627\u062a\u064a \u062a\u062c\u0631\u0628\u0648 \u0645\u0647\u064a\u0627 \u06aa\u0631\u064a \u067f\u0648.<\/li><li class=\"translation-block\"><strong>\u0627\u0634\u062a\u0647\u0627\u0631\u0633\u0627\u0632\u064a \u06fd \u0645\u0627\u0631\u06aa\u064a\u067d\u0646\u06af \u06aa\u0648\u06aa\u064a\u0632:<\/strong> \u0645\u0648\u0627\u062f \u06fd \u0627\u0634\u062a\u0647\u0627\u0631 \u067e\u0647\u0686\u0627\u0626\u06bb \u0644\u0627\u0621\u0650 \u0627\u0633\u062a\u0639\u0645\u0627\u0644 \u06aa\u064a\u0627 \u0648\u064a\u0646\u062f\u0627 \u0622\u0647\u0646 \u062c\u064a\u06aa\u064a \u062a\u0648\u0647\u0627\u0646 \u062c\u064a \u0645\u0641\u0627\u062f\u0646 \u062c\u064a \u0645\u0637\u0627\u0628\u0642 \u067a\u0627\u0647\u064a\u0627 \u0648\u064a\u0627 \u0622\u0647\u0646.<\/li><\/ul><p><strong>3. \u067d\u0626\u064a\u0646 \u067e\u0627\u0631\u067d\u064a \u06aa\u0648\u06aa\u064a\u0632<\/strong><\/p><p>\u0627\u0633\u0627\u0646 \u062c\u064a \u0633\u0627\u0626\u064a\u067d \u062a\u064a \u06aa\u062c\u0647\u0647 \u06aa\u0648\u06aa\u064a\u0632 \u067d\u0626\u064a\u0646 \u067e\u0627\u0631\u067d\u064a \u062c\u064a \u062e\u062f\u0645\u062a \u0641\u0631\u0627\u0647\u0645 \u06aa\u0646\u062f\u0699 \u067e\u0627\u0631\u0627\u0646 \u0645\u0646\u0638\u0645 \u06aa\u064a\u0627 \u0648\u064a\u0627 \u0622\u0647\u0646. \u0627\u0647\u064a \u06aa\u0648\u06aa\u064a\u0632 \u0627\u0634\u062a\u0647\u0627\u0631\u0646 \u06fd \u062a\u062c\u0632\u064a\u0627\u062a\u064a \u062e\u062f\u0645\u062a\u0646 \u0644\u0627\u0621\u0650 \u0627\u0633\u062a\u0639\u0645\u0627\u0644 \u067f\u064a\u0646 \u067f\u064a\u0648\u0646 \u06fd \u067d\u0626\u064a\u0646 \u067e\u0627\u0631\u067d\u064a\u0646 \u062c\u064a \u0630\u0627\u062a\u064a \u0631\u0627\u0632\u062f\u0627\u0631\u064a \u067e\u0627\u0644\u064a\u0633\u064a\u0646 \u062c\u064a \u062a\u0627\u0628\u0639 \u0622\u0647\u0646. \u0627\u0633\u0627\u0646 \u0633\u0641\u0627\u0631\u0634 \u06aa\u0631\u064a\u0648\u0646 \u067f\u0627 \u062a\u0647 \u062a\u0648\u0647\u0627\u0646 \u0627\u0646\u0647\u0646 \u0633\u0631\u0648\u0633 \u0641\u0631\u0627\u0647\u0645 \u06aa\u0646\u062f\u0699\u0646 \u062c\u064a \u0631\u0627\u0632\u062f\u0627\u0631\u064a \u067e\u0627\u0644\u064a\u0633\u064a\u0646 \u062c\u0648 \u062c\u0627\u0626\u0632\u0648 \u0648\u067a\u0648 \u0627\u0646\u0647\u0646 \u062c\u064a \u067d\u0626\u064a\u0646 \u067e\u0627\u0631\u067d\u064a \u06aa\u0648\u06aa\u064a\u0632 \u062c\u064a \u0627\u0633\u062a\u0639\u0645\u0627\u0644 \u0628\u0627\u0628\u062a \u0648\u068c\u064a\u06aa \u0645\u0639\u0644\u0648\u0645\u0627\u062a \u0644\u0627\u0621\u0650.<\/p><p><strong>4. \u06aa\u0648\u06aa\u064a\u0632 \u06a9\u064a \u06aa\u0646\u067d\u0631\u0648\u0644 \u06aa\u0631\u06bb \u06fd \u062e\u062a\u0645 \u06aa\u0631\u06bb<\/strong><\/p><p>\u062a\u0648\u06be\u0627\u0646 \u067e\u0646\u06be\u0646\u062c\u064a \u0628\u0631\u0627\u0626\u0648\u0632\u0631 \u0633\u064a\u067d\u0646\u06af\u0646 \u0630\u0631\u064a\u0639\u064a \u06aa\u0648\u06aa\u064a\u0632 \u06a9\u064a \u0645\u0646\u0638\u0645\u060c \u0642\u0628\u0648\u0644 \u064a\u0627 \u0631\u062f \u06aa\u0631\u064a \u0633\u06af\u06be\u0648 \u067f\u0627. \u062a\u0648\u06be\u0627\u0646 \u067e\u06bb \u062d\u0630\u0641 \u06aa\u0631\u064a \u0633\u06af\u06be\u0648 \u067f\u0627 \u06aa\u0648\u06aa\u064a\u0632 \u062c\u064a\u06aa\u064a \u0627\u06b3 \u06fe \u062a\u0648\u06be\u0627\u0646 \u062c\u064a \u0628\u0631\u0627\u0626\u0648\u0632\u0631 \u06fe \u0645\u062d\u0641\u0648\u0638 \u067f\u064a\u0644 \u0622\u06be\u0646. \u06aa\u0648\u06aa\u064a\u0632 \u06a9\u064a \u06aa\u064a\u0626\u0646 \u0645\u0646\u0638\u0645 \u06aa\u0631\u06bb \u062c\u064a \u0628\u0627\u0631\u064a \u06fe \u0648\u068c\u064a\u06aa \u0645\u0639\u0644\u0648\u0645\u0627\u062a \u0644\u0627\u0621\u060c \u062a\u0648\u0647\u0627\u0646 \u0627\u0633\u062a\u0639\u0645\u0627\u0644 \u06aa\u0631\u064a \u0631\u0647\u064a\u0627 \u0622\u0647\u064a\u0648 \u0628\u0631\u0627\u0626\u0648\u0632\u0631 \u0644\u0627\u0621 \u0645\u062e\u0635\u0648\u0635 \u0647\u062f\u0627\u064a\u062a\u0648\u0646 \u068f\u0627\u0646\u0647\u0646 \u0627\u0634\u0627\u0631\u0648 \u06aa\u0631\u064a \u0633\u06af\u0647\u0648 \u067f\u0627:<\/p><ul><li><a target=\"_new\" rel=\"noreferrer\">\u06af\u0648\u06af\u0644 \u06aa\u0631\u0648\u0645<\/a><\/li><li><a href=\"https:\/\/support.mozilla.org\/tr\/kb\/cerezleri-silme\" target=\"_new\" rel=\"noreferrer noopener\">Mozilla Firefox<\/a><\/li><li><a href=\"https:\/\/support.apple.com\/tr-tr\/guide\/safari\/sfri11471\/mac\" target=\"_new\" rel=\"noreferrer noopener\">\u0633\u0641\u0627\u0631\u064a<\/a><\/li><li><a href=\"https:\/\/support.microsoft.com\/tr-tr\/help\/4027947\/microsoft-edge-delete-cookies\" target=\"_new\" rel=\"noreferrer noopener\">Microsoft Edge<\/a><\/li><\/ul><p class=\"translation-block\">5. \u06aa\u0648\u06aa\u064a \u067e\u0627\u0644\u064a\u0633\u064a \u062a\u0628\u062f\u064a\u0644\u064a\u0648\u0646<\/p><p>Hostragons \u0627\u0646 \u062c\u064a \u06aa\u0648\u06aa\u064a \u067e\u0627\u0644\u064a\u0633\u064a \u06a9\u064a \u062a\u0628\u062f\u064a\u0644 \u06aa\u0631\u06bb \u062c\u0648 \u062d\u0642 \u0645\u062d\u0641\u0648\u0638 \u0631\u06a9\u064a \u067f\u0648. \u0627\u0633\u0627\u0646 \u062c\u064a \u067e\u0627\u0644\u064a\u0633\u064a \u06fe \u06aa\u0627 \u0628\u0647 \u062a\u0628\u062f\u064a\u0644\u064a \u0647\u0646 \u0635\u0641\u062d\u064a \u062a\u064a \u0627\u067e\u068a\u064a\u067d \u06aa\u0626\u064a \u0648\u064a\u0646\u062f\u064a \u06fd \u0639\u0645\u0644 \u06fe \u0627\u064a\u0646\u062f\u064a. \u0627\u0633\u0627\u0646 \u0633\u0641\u0627\u0631\u0634 \u06aa\u0631\u064a\u0648\u0646 \u067f\u0627 \u062a\u0647 \u0635\u0627\u0631\u0641\u064a\u0646 \u06a9\u064a \u0628\u0627\u0642\u0627\u0639\u062f\u064a \u0637\u0648\u0631 \u062a\u064a \u0647\u0646 \u0635\u0641\u062d\u064a \u062c\u064a \u062c\u0627\u0646\u0686 \u06aa\u0646\u062f\u064a \u06aa\u0646\u0647\u0646 \u0628\u0647 \u062a\u0628\u062f\u064a\u0644\u064a\u0646 \u062c\u064a \u0684\u0627\u06bb \u0631\u06a9\u0648.<\/p><p><strong>6. \u06aa\u0645\u064a\u0648\u0646\u064a\u06aa\u064a\u0634\u0646<\/strong><\/p><p>\u0647\u0646 \u06aa\u0648\u06aa\u064a\u0632 \u067e\u0627\u0644\u064a\u0633\u064a \u0628\u0627\u0628\u062a \u0633\u0648\u0627\u0644\u0646 \u0644\u0627\u0621\u0650 <a rel=\"noreferrer\">hello@hostragons.com<\/a> \u062a\u0648\u0647\u0627\u0646 \u0627\u0633\u0627\u0646 \u0633\u0627\u0646 \u0631\u0627\u0628\u0637\u0648 \u06aa\u0631\u064a \u0633\u06af\u0647\u0648 \u067f\u0627 \u062a\u064a.<\/p>\t\t\t\t\t\t\t\t<\/div>\n\t\t\t\t<\/div>\n\t\t\t\t\t<\/div>\n\t\t<\/div>\n\t\t\t\t\t<\/div>\n\t\t<\/section>\n\t\t\t\t<\/div>","protected":false},"excerpt":{"rendered":"<p>Y\u00fcr\u00fcrl\u00fck\/G\u00fcncelleme Tarihi: 05.08.2024 1. \u00c7erez (Cookie) Nedir? \u00c7erezler, web siteleri taraf\u0131ndan taray\u0131c\u0131n\u0131za g\u00f6nderilen ve cihaz\u0131n\u0131zda depolanan k\u00fc\u00e7\u00fck veri dosyalar\u0131d\u0131r. Bu dosyalar, siteyi tekrar ziyaret etti\u011finizde taray\u0131c\u0131n\u0131z\u0131n web sitesini tan\u0131mas\u0131n\u0131 sa\u011flar ve \u00f6nceki ziyaretlerinizdeki tercihlerinizi hat\u0131rlayarak kullan\u0131c\u0131 deneyiminizi ki\u015fiselle\u015ftirir. 2. \u00c7erezlerin Kullan\u0131m Ama\u00e7lar\u0131 Hostragons, a\u015fa\u011f\u0131daki ama\u00e7lar do\u011frultusunda \u00e7erezleri kullan\u0131r: Zorunlu \u00c7erezler: Sitenin temel i\u015flevlerini yerine getirebilmesi [&hellip;]<\/p>\n","protected":false},"author":94,"featured_media":7852,"parent":0,"menu_order":0,"comment_status":"closed","ping_status":"closed","template":"","meta":{"googlesitekit_rrm_CAow5YvFDA:productID":"","footnotes":""},"class_list":["post-2358","page","type-page","status-publish","has-post-thumbnail","hentry"],"_links":{"self":[{"href":"https:\/\/www.hostragons.com\/sd\/wp-json\/wp\/v2\/pages\/2358","targetHints":{"allow":["GET"]}}],"collection":[{"href":"https:\/\/www.hostragons.com\/sd\/wp-json\/wp\/v2\/pages"}],"about":[{"href":"https:\/\/www.hostragons.com\/sd\/wp-json\/wp\/v2\/types\/page"}],"author":[{"embeddable":true,"href":"https:\/\/www.hostragons.com\/sd\/wp-json\/wp\/v2\/users\/94"}],"replies":[{"embeddable":true,"href":"https:\/\/www.hostragons.com\/sd\/wp-json\/wp\/v2\/comments?post=2358"}],"version-history":[{"count":0,"href":"https:\/\/www.hostragons.com\/sd\/wp-json\/wp\/v2\/pages\/2358\/revisions"}],"wp:featuredmedia":[{"embeddable":true,"href":"https:\/\/www.hostragons.com\/sd\/wp-json\/wp\/v2\/media\/7852"}],"wp:attachment":[{"href":"https:\/\/www.hostragons.com\/sd\/wp-json\/wp\/v2\/media?parent=2358"}],"curies":[{"name":"\u068a\u0628\u0644\u064a\u0648 \u067e\u064a","href":"https:\/\/api.w.org\/{rel}","templated":true}]}}