{"id":3066,"date":"2021-05-15T12:38:15","date_gmt":"2021-05-15T09:38:15","guid":{"rendered":"https:\/\/www.hostragons.com\/?page_id=3066"},"modified":"2025-01-20T18:59:20","modified_gmt":"2025-01-20T18:59:20","slug":"%d0%bf%d0%bb%d0%b0%d0%b3%d0%b8%d0%bd%d1%8b-%d1%83%d1%81%d0%bb%d1%83%d0%b3","status":"publish","type":"page","link":"https:\/\/www.hostragons.com\/ru\/%d0%bf%d0%bb%d0%b0%d0%b3%d0%b8%d0%bd%d1%8b-%d1%83%d1%81%d0%bb%d1%83%d0%b3\/","title":{"rendered":"\u0414\u043e\u043f\u043e\u043b\u043d\u0435\u043d\u0438\u044f \u043a \u0443\u0441\u043b\u0443\u0433\u0430\u043c"},"content":{"rendered":"<div data-elementor-type=\"wp-page\" data-elementor-id=\"3066\" class=\"elementor elementor-3066\" data-elementor-post-type=\"page\">\n\t\t\t\t\t\t<section class=\"elementor-section elementor-top-section elementor-element elementor-element-0b85687 elementor-section-boxed elementor-section-height-default elementor-section-height-default\" data-id=\"0b85687\" data-element_type=\"section\" data-e-type=\"section\">\n\t\t\t\t\t\t<div class=\"elementor-container elementor-column-gap-default\">\n\t\t\t\t\t<div class=\"elementor-column elementor-col-100 elementor-top-column elementor-element elementor-element-139c681\" data-id=\"139c681\" data-element_type=\"column\" data-e-type=\"column\">\n\t\t\t<div class=\"elementor-widget-wrap elementor-element-populated\">\n\t\t\t\t\t\t<div class=\"elementor-element elementor-element-d44e9b9 elementor-button-info elementor-align-center elementor-widget elementor-widget-button\" data-id=\"d44e9b9\" data-element_type=\"widget\" data-e-type=\"widget\" data-widget_type=\"button.default\">\n\t\t\t\t<div class=\"elementor-widget-container\">\n\t\t\t\t\t\t\t\t\t<div class=\"elementor-button-wrapper\">\n\t\t\t\t\t<a class=\"elementor-button elementor-button-link elementor-size-sm\" href=\"#\">\n\t\t\t\t\t\t<span class=\"elementor-button-content-wrapper\">\n\t\t\t\t\t\t\t\t\t<span class=\"elementor-button-text\">\u0415\u0441\u043b\u0438 \u0443 \u0432\u0430\u0441 \u043d\u0435\u0442 \u0438\u043d\u0444\u043e\u0440\u043c\u0430\u0446\u0438\u0438 \u043e \u0434\u043e\u043f\u043e\u043b\u043d\u0435\u043d\u0438\u044f\u0445, \u043f\u043e\u0436\u0430\u043b\u0443\u0439\u0441\u0442\u0430, \u0441\u0432\u044f\u0436\u0438\u0442\u0435\u0441\u044c \u0441 \u043d\u0430\u043c\u0438 \u043f\u0435\u0440\u0435\u0434 \u043f\u043e\u043a\u0443\u043f\u043a\u043e\u0439, \u0447\u0442\u043e\u0431\u044b \u0443\u0437\u043d\u0430\u0442\u044c, \u043a\u0430\u043a\u0438\u0435 \u0438\u0437 \u043d\u0438\u0445 \u0441\u043e\u0432\u043c\u0435\u0441\u0442\u0438\u043c\u044b \u0441 \u0432\u0430\u0448\u0435\u0439 \u0443\u0441\u043b\u0443\u0433\u043e\u0439.<\/span>\n\t\t\t\t\t<\/span>\n\t\t\t\t\t<\/a>\n\t\t\t\t<\/div>\n\t\t\t\t\t\t\t\t<\/div>\n\t\t\t\t<\/div>\n\t\t\t\t\t<\/div>\n\t\t<\/div>\n\t\t\t\t\t<\/div>\n\t\t<\/section>\n\t\t\t\t<section class=\"elementor-section elementor-top-section elementor-element elementor-element-9da7ed5 elementor-section-boxed elementor-section-height-default elementor-section-height-default\" data-id=\"9da7ed5\" data-element_type=\"section\" data-e-type=\"section\">\n\t\t\t\t\t\t<div class=\"elementor-container elementor-column-gap-default\">\n\t\t\t\t\t<div class=\"elementor-column elementor-col-100 elementor-top-column elementor-element elementor-element-82aa99e\" data-id=\"82aa99e\" data-element_type=\"column\" data-e-type=\"column\">\n\t\t\t<div class=\"elementor-widget-wrap elementor-element-populated\">\n\t\t\t\t\t\t<div class=\"elementor-element elementor-element-b50bcd5 elementor-widget elementor-widget-wdes_table\" data-id=\"b50bcd5\" data-element_type=\"widget\" data-e-type=\"widget\" data-widget_type=\"wdes_table.default\">\n\t\t\t\t<div class=\"elementor-widget-container\">\n\t\t\t\t\t<div class=\"elementor-wdes_table wdes-elements\"><div class=\"wdes-table-wrapper\"><table class=\"wdes-table\"><thead class=\"wdes-table-head\"><tr class=\"wdes-table-head-row\"><th class=\"wdes-table-cell elementor-repeater-item-f979779 wdes-table-head-cell\" scope=\"col\"><div class=\"wdes-table-cell-inner\"><div class=\"wdes-table-cell-content\"><div class=\"wdes-table-cell-text\">\u0423\u0441\u043b\u0443\u0433\u0430<\/div><\/div><\/div><\/th><th class=\"wdes-table-cell elementor-repeater-item-ca410f0 wdes-table-head-cell\" scope=\"col\"><div class=\"wdes-table-cell-inner\"><div class=\"wdes-table-cell-content\"><div class=\"wdes-table-cell-text\">\u0426\u0435\u043d\u043e\u043e\u0431\u0440\u0430\u0437\u043e\u0432\u0430\u043d\u0438\u0435<\/div><\/div><\/div><\/th><th class=\"wdes-table-cell elementor-repeater-item-2f15c50 wdes-table-head-cell\" scope=\"col\"><div class=\"wdes-table-cell-inner\"><div class=\"wdes-table-cell-content\"><div class=\"wdes-table-cell-text\">\u041a\u0443\u043f\u0438\u0442\u044c \u0441\u0435\u0439\u0447\u0430\u0441<\/div><\/div><\/div><\/th><\/tr><\/thead><tbody class=\"wdes-table-body\"><tr class=\"wdes-table-body-row elementor-repeater-item-b3ab3e8\"><th class=\"wdes-table-cell elementor-repeater-item-7ef589e wdes-table-head-cell\" scope=\"row\"><div class=\"wdes-table-cell-inner\"><div class=\"wdes-table-cell-content\"><div class=\"wdes-table-cell-text\">\u041f\u0430\u043a\u0435\u0442 \u043f\u043e\u0434\u0434\u0435\u0440\u0436\u043a\u0438 \u043e\u0434\u043d\u043e\u0439 \u043e\u043f\u0435\u0440\u0430\u0446\u0438\u0438<\/div><\/div><\/div><\/th><td class=\"wdes-table-cell elementor-repeater-item-9030ecb wdes-table-body-cell\"><div class=\"wdes-table-cell-inner\"><div class=\"wdes-table-cell-content\"><div class=\"wdes-table-cell-text\">1\u0422\u041f4\u04225<\/div><\/div><\/div><\/td><td class=\"wdes-table-cell elementor-repeater-item-001861d wdes-table-body-cell\"><a class=\"wdes-table-cell-inner wdes-table-cell-link\" href=\"https:\/\/my.hostragons.com\/store\/additional-services\/single-support-package\" rel=\"noopener\"><div class=\"wdes-table-cell-content\"><span class=\"wdes-elements-icon wdes-table-cell-icon wdes-table-cell-icon-before\"><i class=\"fas fa-shopping-cart\"><\/i><\/span><div class=\"wdes-table-cell-text\">\u041a\u0443\u043f\u0438\u0442\u044c \u0441\u0435\u0439\u0447\u0430\u0441<\/div><\/div><\/a><\/td><\/tr><tr class=\"wdes-table-body-row elementor-repeater-item-55526c2\"><th class=\"wdes-table-cell elementor-repeater-item-fcfcbb1 wdes-table-head-cell\" scope=\"row\"><div class=\"wdes-table-cell-inner\"><div class=\"wdes-table-cell-content\"><div class=\"wdes-table-cell-text\">\u041f\u0430\u043a\u0435\u0442 \u043f\u043e\u0434\u0434\u0435\u0440\u0436\u043a\u0438 \u0443\u0440\u043e\u0432\u043d\u044f 1<\/div><\/div><\/div><\/th><td class=\"wdes-table-cell elementor-repeater-item-92a49c0 wdes-table-body-cell\"><div class=\"wdes-table-cell-inner\"><div class=\"wdes-table-cell-content\"><div class=\"wdes-table-cell-text\">1\u0422\u041f4\u042210<\/div><\/div><\/div><\/td><td class=\"wdes-table-cell elementor-repeater-item-ba2abfa wdes-table-body-cell\"><a class=\"wdes-table-cell-inner wdes-table-cell-link\" href=\"https:\/\/my.hostragons.com\/store\/additional-services\/level-1-support-package\" rel=\"noopener\"><div class=\"wdes-table-cell-content\"><span class=\"wdes-elements-icon wdes-table-cell-icon wdes-table-cell-icon-before\"><i class=\"fas fa-shopping-cart\"><\/i><\/span><div class=\"wdes-table-cell-text\">\u041a\u0443\u043f\u0438\u0442\u044c \u0441\u0435\u0439\u0447\u0430\u0441<\/div><\/div><\/a><\/td><\/tr><tr class=\"wdes-table-body-row elementor-repeater-item-567b5bb\"><th class=\"wdes-table-cell elementor-repeater-item-1eba046 wdes-table-head-cell\" scope=\"row\"><div class=\"wdes-table-cell-inner\"><div class=\"wdes-table-cell-content\"><div class=\"wdes-table-cell-text\">\u041f\u0430\u043a\u0435\u0442 \u043f\u043e\u0434\u0434\u0435\u0440\u0436\u043a\u0438 \u0443\u0440\u043e\u0432\u043d\u044f 2<\/div><\/div><\/div><\/th><td class=\"wdes-table-cell elementor-repeater-item-e9aa228 wdes-table-body-cell\"><div class=\"wdes-table-cell-inner\"><div class=\"wdes-table-cell-content\"><div class=\"wdes-table-cell-text\">1\u0422\u041f4\u042215<\/div><\/div><\/div><\/td><td class=\"wdes-table-cell elementor-repeater-item-1374372 wdes-table-body-cell\"><a class=\"wdes-table-cell-inner wdes-table-cell-link\" href=\"https:\/\/my.hostragons.com\/store\/additional-services\/level-2-support-package\" rel=\"noopener\"><div class=\"wdes-table-cell-content\"><span class=\"wdes-elements-icon wdes-table-cell-icon wdes-table-cell-icon-before\"><i class=\"fas fa-shopping-cart\"><\/i><\/span><div class=\"wdes-table-cell-text\">\u041a\u0443\u043f\u0438\u0442\u044c \u0441\u0435\u0439\u0447\u0430\u0441<\/div><\/div><\/a><\/td><\/tr><tr class=\"wdes-table-body-row elementor-repeater-item-87608a8\"><th class=\"wdes-table-cell elementor-repeater-item-01df3dd wdes-table-head-cell\" scope=\"row\"><div class=\"wdes-table-cell-inner\"><div class=\"wdes-table-cell-content\"><div class=\"wdes-table-cell-text\">\u041f\u0430\u043a\u0435\u0442 \u043f\u043e\u0434\u0434\u0435\u0440\u0436\u043a\u0438 \u0443\u0440\u043e\u0432\u043d\u044f 3<\/div><\/div><\/div><\/th><td class=\"wdes-table-cell elementor-repeater-item-2533846 wdes-table-body-cell\"><div class=\"wdes-table-cell-inner\"><div class=\"wdes-table-cell-content\"><div class=\"wdes-table-cell-text\">1\u0422\u041f4\u042225<\/div><\/div><\/div><\/td><td class=\"wdes-table-cell elementor-repeater-item-4366b0a wdes-table-body-cell\"><a class=\"wdes-table-cell-inner wdes-table-cell-link\" href=\"https:\/\/my.hostragons.com\/store\/additional-services\/level-3-support-package\" rel=\"noopener\"><div class=\"wdes-table-cell-content\"><span class=\"wdes-elements-icon wdes-table-cell-icon wdes-table-cell-icon-before\"><i class=\"fas fa-shopping-cart\"><\/i><\/span><div class=\"wdes-table-cell-text\">\u041a\u0443\u043f\u0438\u0442\u044c \u0441\u0435\u0439\u0447\u0430\u0441<\/div><\/div><\/a><\/td><\/tr><tr class=\"wdes-table-body-row elementor-repeater-item-3b19652\"><th class=\"wdes-table-cell elementor-repeater-item-7fd6b66 wdes-table-head-cell\" scope=\"row\"><div class=\"wdes-table-cell-inner\"><div class=\"wdes-table-cell-content\"><div class=\"wdes-table-cell-text\">\u041f\u0430\u043a\u0435\u0442 \u043f\u043e\u0434\u0434\u0435\u0440\u0436\u043a\u0438 \u043f\u0440\u043e\u0434\u0432\u0438\u043d\u0443\u0442\u043e\u0433\u043e \u0443\u0440\u043e\u0432\u043d\u044f<\/div><\/div><\/div><\/th><td class=\"wdes-table-cell elementor-repeater-item-5758d22 wdes-table-body-cell\"><div class=\"wdes-table-cell-inner\"><div class=\"wdes-table-cell-content\"><div class=\"wdes-table-cell-text\">1\u0422\u041f4\u042250<\/div><\/div><\/div><\/td><td class=\"wdes-table-cell elementor-repeater-item-99d2f56 wdes-table-body-cell\"><a class=\"wdes-table-cell-inner wdes-table-cell-link\" href=\"https:\/\/my.hostragons.com\/store\/additional-services\/advanced-level-support\" rel=\"noopener\"><div class=\"wdes-table-cell-content\"><span class=\"wdes-elements-icon wdes-table-cell-icon wdes-table-cell-icon-before\"><i class=\"fas fa-shopping-cart\"><\/i><\/span><div class=\"wdes-table-cell-text\">\u041a\u0443\u043f\u0438\u0442\u044c \u0441\u0435\u0439\u0447\u0430\u0441<\/div><\/div><\/a><\/td><\/tr><tr class=\"wdes-table-body-row elementor-repeater-item-646b715\"><th class=\"wdes-table-cell elementor-repeater-item-c4829c7 wdes-table-head-cell\" scope=\"row\"><div class=\"wdes-table-cell-inner\"><div class=\"wdes-table-cell-content\"><div class=\"wdes-table-cell-text\">\u041f\u0430\u043a\u0435\u0442 \u043f\u0440\u043e\u0444\u0435\u0441\u0441\u0438\u043e\u043d\u0430\u043b\u044c\u043d\u043e\u0439 \u043f\u043e\u0434\u0434\u0435\u0440\u0436\u043a\u0438<\/div><\/div><\/div><\/th><td class=\"wdes-table-cell elementor-repeater-item-6649618 wdes-table-body-cell\"><div class=\"wdes-table-cell-inner\"><div class=\"wdes-table-cell-content\"><div class=\"wdes-table-cell-text\">1\u0422\u041f4\u0422100<\/div><\/div><\/div><\/td><td class=\"wdes-table-cell elementor-repeater-item-a23b1a0 wdes-table-body-cell\"><a class=\"wdes-table-cell-inner wdes-table-cell-link\" href=\"https:\/\/my.hostragons.com\/store\/additional-services\/professional-support\" rel=\"noopener\"><div class=\"wdes-table-cell-content\"><span class=\"wdes-elements-icon wdes-table-cell-icon wdes-table-cell-icon-before\"><i class=\"fas fa-shopping-cart\"><\/i><\/span><div class=\"wdes-table-cell-text\">\u041a\u0443\u043f\u0438\u0442\u044c \u0441\u0435\u0439\u0447\u0430\u0441<\/div><\/div><\/a><\/td><\/tr><\/tbody><\/table><\/div><\/div>\t\t\t\t<\/div>\n\t\t\t\t<\/div>\n\t\t\t\t\t<\/div>\n\t\t<\/div>\n\t\t\t\t\t<\/div>\n\t\t<\/section>\n\t\t\t\t<\/div>","protected":false},"excerpt":{"rendered":"<p>Eklentiler konusunda bilginiz yoksa l\u00fctfen sat\u0131n almadan \u00f6nce bizimle ileti\u015fime ge\u00e7erek hizmetinizle uyumlu eklentileri \u00f6\u011freniniz. Hizmet \u00dccretlendirme Sat\u0131n Al Tek \u0130\u015flem Destek Paketi $5 Sat\u0131n Al 1. Seviye Destek Paketi $10 Sat\u0131n Al 2. Seviye Destek Paketi $15 Sat\u0131n Al 3. Seviye Destek Paketi $25 Sat\u0131n Al \u0130leri Seviye Destek Paketi $50 Sat\u0131n Al Profesyonel [&hellip;]<\/p>\n","protected":false},"author":94,"featured_media":0,"parent":0,"menu_order":0,"comment_status":"closed","ping_status":"closed","template":"","meta":{"googlesitekit_rrm_CAow5YvFDA:productID":"","footnotes":""},"class_list":["post-3066","page","type-page","status-publish","hentry"],"_links":{"self":[{"href":"https:\/\/www.hostragons.com\/ru\/wp-json\/wp\/v2\/pages\/3066","targetHints":{"allow":["GET"]}}],"collection":[{"href":"https:\/\/www.hostragons.com\/ru\/wp-json\/wp\/v2\/pages"}],"about":[{"href":"https:\/\/www.hostragons.com\/ru\/wp-json\/wp\/v2\/types\/page"}],"author":[{"embeddable":true,"href":"https:\/\/www.hostragons.com\/ru\/wp-json\/wp\/v2\/users\/94"}],"replies":[{"embeddable":true,"href":"https:\/\/www.hostragons.com\/ru\/wp-json\/wp\/v2\/comments?post=3066"}],"version-history":[{"count":0,"href":"https:\/\/www.hostragons.com\/ru\/wp-json\/wp\/v2\/pages\/3066\/revisions"}],"wp:attachment":[{"href":"https:\/\/www.hostragons.com\/ru\/wp-json\/wp\/v2\/media?parent=3066"}],"curies":[{"name":"WP","href":"https:\/\/api.w.org\/{rel}","templated":true}]}}