{"id":2358,"date":"2020-10-02T08:03:18","date_gmt":"2020-10-02T05:03:18","guid":{"rendered":"https:\/\/www.hostragons.com\/?page_id=2358"},"modified":"2025-03-25T09:07:38","modified_gmt":"2025-03-25T09:07:38","slug":"politica-de-cookie-uri","status":"publish","type":"page","link":"https:\/\/www.hostragons.com\/ro\/politica-de-cookie-uri\/","title":{"rendered":"Politica cookie"},"content":{"rendered":"<div data-elementor-type=\"wp-page\" data-elementor-id=\"2358\" class=\"elementor elementor-2358\" data-elementor-post-type=\"page\">\n\t\t\t\t\t\t<section class=\"elementor-section elementor-top-section elementor-element elementor-element-9da5eda elementor-section-boxed elementor-section-height-default elementor-section-height-default\" data-id=\"9da5eda\" data-element_type=\"section\" data-e-type=\"section\">\n\t\t\t\t\t\t<div class=\"elementor-container elementor-column-gap-default\">\n\t\t\t\t\t<div class=\"elementor-column elementor-col-100 elementor-top-column elementor-element elementor-element-a7228de\" data-id=\"a7228de\" data-element_type=\"column\" data-e-type=\"column\">\n\t\t\t<div class=\"elementor-widget-wrap elementor-element-populated\">\n\t\t\t\t\t\t<div class=\"elementor-element elementor-element-8bde4d6 elementor-widget elementor-widget-text-editor\" data-id=\"8bde4d6\" data-element_type=\"widget\" data-e-type=\"widget\" data-widget_type=\"text-editor.default\">\n\t\t\t\t<div class=\"elementor-widget-container\">\n\t\t\t\t\t\t\t\t\t<p><strong>Data intr\u0103rii \u00een vigoare\/actualiz\u0103rii:<\/strong> 05.08.2024<\/p><p><strong>1. Ce este un cookie?<\/strong><\/p><p>Cookie-urile sunt fi\u0219iere mici de date trimise browserului dumneavoastr\u0103 de c\u0103tre site-uri web \u0219i stocate pe dispozitivul dumneavoastr\u0103. Aceste fi\u0219iere permit browserului dvs. s\u0103 recunoasc\u0103 site-ul web atunci c\u00e2nd \u00eel vizita\u021bi din nou \u0219i s\u0103 v\u0103 personalizeze experien\u021ba utilizatorului, amintindu-v\u0103 preferin\u021bele din vizitele anterioare.<\/p><p><strong>2. Scopurile utiliz\u0103rii cookie-urilor<\/strong><\/p><p>Hostragons folose\u0219te cookie-uri \u00een urm\u0103toarele scopuri:<\/p><ul><li class=\"translation-block\"><strong>Cookie-uri obligatorii:<\/strong> necesare pentru ca site-ul s\u0103 \u00ee\u0219i \u00eendeplineasc\u0103 func\u021biile de baz\u0103.<\/li><li><strong>Cookie-uri de performan\u021b\u0103:<\/strong> Este folosit pentru a monitoriza \u0219i \u00eembun\u0103t\u0103\u021bi performan\u021ba site-ului.<\/li><li class=\"translation-block\"><strong>Cookie-uri func\u021bionale:<\/strong> Ofer\u0103 o experien\u021b\u0103 personalizat\u0103 prin amintirea preferin\u021belor utilizatorului.<\/li><li class=\"translation-block\"><strong>Cookie-uri de publicitate \u0219i marketing:<\/strong> utilizate pentru a furniza con\u021binut \u0219i reclame adaptate intereselor dumneavoastr\u0103.<\/li><\/ul><p><strong>3. Cookie-uri ale ter\u021bilor<\/strong><\/p><p>Unele cookie-uri de pe site-ul nostru sunt gestionate de furnizori de servicii ter\u021bi. Aceste cookie-uri sunt utilizate pentru servicii de publicitate \u0219i analiz\u0103 \u0219i sunt supuse politicilor de confiden\u021bialitate ale ter\u021bilor. V\u0103 recomand\u0103m s\u0103 consulta\u021bi politicile de confiden\u021bialitate ale acestor furnizori de servicii pentru mai multe informa\u021bii despre utilizarea cookie-urilor de la ter\u021bi.<\/p><p><strong>4. Controlul \u0219i \u0219tergerea cookie-urilor<\/strong><\/p><p>Pute\u021bi gestiona, accepta sau respinge cookie-urile prin set\u0103rile browserului. De asemenea, pute\u021bi \u0219terge cookie-urile salvate anterior \u00een browser. Pentru mai multe informa\u021bii despre gestionarea cookie-urilor, pute\u021bi consulta instruc\u021biunile specifice browserului pe care \u00eel utiliza\u021bi:<\/p><ul><li><a target=\"_new\" rel=\"noreferrer\">Google Chrome<\/a><\/li><li><a href=\"https:\/\/support.mozilla.org\/tr\/kb\/cerezleri-silme\" target=\"_new\" rel=\"noreferrer noopener\">Mozilla Firefox<\/a><\/li><li><a href=\"https:\/\/support.apple.com\/tr-tr\/guide\/safari\/sfri11471\/mac\" target=\"_new\" rel=\"noreferrer noopener\">Safari<\/a><\/li><li><a href=\"https:\/\/support.microsoft.com\/tr-tr\/help\/4027947\/microsoft-edge-delete-cookies\" target=\"_new\" rel=\"noreferrer noopener\">Microsoft Edge<\/a><\/li><\/ul><p class=\"translation-block\">5. Modific\u0103ri ale politicii cookie<\/p><p>Hostragons \u00ee\u0219i rezerv\u0103 dreptul de a modifica politica privind cookie-urile. Orice modificare a politicii noastre va fi actualizat\u0103 pe aceast\u0103 pagin\u0103 \u0219i va intra \u00een vigoare. Recomand\u0103m utilizatorilor s\u0103 fie informa\u021bi cu privire la orice modific\u0103ri, verific\u00e2nd regulat aceast\u0103 pagin\u0103.<\/p><p><strong>6. Comunicare<\/strong><\/p><p>Pentru \u00eentreb\u0103ri despre aceast\u0103 politic\u0103 privind cookie-urile <a rel=\"noreferrer\">hello@hostragons.com<\/a> Ne puteti contacta la.<\/p>\t\t\t\t\t\t\t\t<\/div>\n\t\t\t\t<\/div>\n\t\t\t\t\t<\/div>\n\t\t<\/div>\n\t\t\t\t\t<\/div>\n\t\t<\/section>\n\t\t\t\t<\/div>","protected":false},"excerpt":{"rendered":"<p>Y\u00fcr\u00fcrl\u00fck\/G\u00fcncelleme Tarihi: 05.08.2024 1. \u00c7erez (Cookie) Nedir? \u00c7erezler, web siteleri taraf\u0131ndan taray\u0131c\u0131n\u0131za g\u00f6nderilen ve cihaz\u0131n\u0131zda depolanan k\u00fc\u00e7\u00fck veri dosyalar\u0131d\u0131r. Bu dosyalar, siteyi tekrar ziyaret etti\u011finizde taray\u0131c\u0131n\u0131z\u0131n web sitesini tan\u0131mas\u0131n\u0131 sa\u011flar ve \u00f6nceki ziyaretlerinizdeki tercihlerinizi hat\u0131rlayarak kullan\u0131c\u0131 deneyiminizi ki\u015fiselle\u015ftirir. 2. \u00c7erezlerin Kullan\u0131m Ama\u00e7lar\u0131 Hostragons, a\u015fa\u011f\u0131daki ama\u00e7lar do\u011frultusunda \u00e7erezleri kullan\u0131r: Zorunlu \u00c7erezler: Sitenin temel i\u015flevlerini yerine getirebilmesi [&hellip;]<\/p>\n","protected":false},"author":94,"featured_media":7852,"parent":0,"menu_order":0,"comment_status":"closed","ping_status":"closed","template":"","meta":{"googlesitekit_rrm_CAow5YvFDA:productID":"","footnotes":""},"class_list":["post-2358","page","type-page","status-publish","has-post-thumbnail","hentry"],"_links":{"self":[{"href":"https:\/\/www.hostragons.com\/ro\/wp-json\/wp\/v2\/pages\/2358","targetHints":{"allow":["GET"]}}],"collection":[{"href":"https:\/\/www.hostragons.com\/ro\/wp-json\/wp\/v2\/pages"}],"about":[{"href":"https:\/\/www.hostragons.com\/ro\/wp-json\/wp\/v2\/types\/page"}],"author":[{"embeddable":true,"href":"https:\/\/www.hostragons.com\/ro\/wp-json\/wp\/v2\/users\/94"}],"replies":[{"embeddable":true,"href":"https:\/\/www.hostragons.com\/ro\/wp-json\/wp\/v2\/comments?post=2358"}],"version-history":[{"count":0,"href":"https:\/\/www.hostragons.com\/ro\/wp-json\/wp\/v2\/pages\/2358\/revisions"}],"wp:featuredmedia":[{"embeddable":true,"href":"https:\/\/www.hostragons.com\/ro\/wp-json\/wp\/v2\/media\/7852"}],"wp:attachment":[{"href":"https:\/\/www.hostragons.com\/ro\/wp-json\/wp\/v2\/media?parent=2358"}],"curies":[{"name":"wp","href":"https:\/\/api.w.org\/{rel}","templated":true}]}}