{"id":2031,"date":"2020-09-08T16:09:39","date_gmt":"2020-09-08T13:09:39","guid":{"rendered":"https:\/\/www.hostragons.com\/?page_id=2031"},"modified":"2024-09-26T17:52:04","modified_gmt":"2024-09-26T14:52:04","slug":"politica-de-confidentialitate","status":"publish","type":"page","link":"https:\/\/www.hostragons.com\/ro\/politica-de-confidentialitate\/","title":{"rendered":"Politica de confiden\u021bialitate"},"content":{"rendered":"<div data-elementor-type=\"wp-page\" data-elementor-id=\"2031\" class=\"elementor elementor-2031\" data-elementor-post-type=\"page\">\n\t\t\t\t\t\t<section class=\"elementor-section elementor-top-section elementor-element elementor-element-91e4b54 elementor-section-boxed elementor-section-height-default elementor-section-height-default\" data-id=\"91e4b54\" data-element_type=\"section\" data-e-type=\"section\">\n\t\t\t\t\t\t<div class=\"elementor-container elementor-column-gap-default\">\n\t\t\t\t\t<div class=\"elementor-column elementor-col-100 elementor-top-column elementor-element elementor-element-0774a31\" data-id=\"0774a31\" data-element_type=\"column\" data-e-type=\"column\">\n\t\t\t<div class=\"elementor-widget-wrap elementor-element-populated\">\n\t\t\t\t\t\t<div class=\"elementor-element elementor-element-830efa2 elementor-widget elementor-widget-text-editor\" data-id=\"830efa2\" data-element_type=\"widget\" data-e-type=\"widget\" data-widget_type=\"text-editor.default\">\n\t\t\t\t<div class=\"elementor-widget-container\">\n\t\t\t\t\t\t\t\t\t<p><strong>Data intr\u0103rii \u00een vigoare\/actualiz\u0103rii: 05.08.2024<\/strong><\/p><p><strong>1. Introducere<\/strong><\/p><p>Hostragons Global Limited (\u201eHostragons\u201d) ia \u00een serios confiden\u021bialitatea utilizatorilor no\u0219tri \u0219i protec\u021bia datelor lor personale. Aceast\u0103 Politic\u0103 de confiden\u021bialitate \u0219i conformitate cu GDPR explic\u0103 modul \u00een care datele personale sunt colectate, utilizate, protejate \u0219i gestionate \u00een conformitate cu GDPR. Prin utilizarea site-ului \u0219i serviciilor noastre, se consider\u0103 c\u0103 a\u021bi acceptat aceast\u0103 politic\u0103.<\/p><p><strong>2. Operator de date \u0219i Reprezentant<\/strong><\/p><p>Hostragons este operatorul de date responsabil pentru protejarea datelor dumneavoastr\u0103 cu caracter personal. Reprezentantul nostru \u00een Uniunea European\u0103:<\/p><ul><li><strong>Reprezentant pentru protec\u021bia datelor:<\/strong> Legea privind confiden\u021bialitatea din Quebec.<\/li><\/ul><p><strong>3. Principii de baz\u0103 ale proces\u0103rii datelor<\/strong><\/p><p>La Hostragons, respect\u0103m urm\u0103toarele principii de baz\u0103 \u00een conformitate cu cerin\u021bele GDPR:<\/p><ul><li class=\"translation-block\"><strong>Transparen\u021b\u0103:<\/strong> men\u021bion\u0103m \u00een mod clar cum colect\u0103m \u0219i proces\u0103m datele dumneavoastr\u0103 cu caracter personal.<\/li><li class=\"translation-block\"><strong>Acurate\u021be:<\/strong> p\u0103str\u0103m datele dumneavoastr\u0103 exacte \u0219i actualizate.<\/li><li class=\"translation-block\"><strong>Minimizare:<\/strong> Colect\u0103m \u0219i proces\u0103m numai datele necesare.<\/li><li class=\"translation-block\"><strong>Limitare de p\u0103strare:<\/strong> V\u0103 p\u0103str\u0103m datele numai at\u00e2t timp c\u00e2t este necesar.<\/li><\/ul><p><strong>4. Informa\u021bii colectate<\/strong><\/p><p>Hostragons colecteaz\u0103 urm\u0103toarele informa\u021bii personale:<\/p><ul><li class=\"translation-block\"><strong>Informatii de identitate:<\/strong> Nume, prenume, adresa, numar de telefon, adresa de e-mail.<\/li><li class=\"translation-block\"><strong>Informa\u021bii de plat\u0103:<\/strong> informa\u021bii despre cardul de credit \u0219i detalii de plat\u0103.<\/li><li class=\"translation-block\"><strong>Date tehnice:<\/strong> adresa IP, tipul browserului, sistemul de operare.<\/li><li class=\"translation-block\"><strong>Comportamentul utilizatorului:<\/strong> Preferin\u021bele utilizatorului, mi\u0219c\u0103ri pe site.<\/li><\/ul><p><strong>5. Utilizarea datelor cu caracter personal<\/strong><\/p><p>Informa\u021biile personale colectate sunt utilizate \u00een urm\u0103toarele scopuri:<\/p><ul><li>Furnizarea \u0219i gestionarea serviciilor.<\/li><li>Servicii de asisten\u021b\u0103 pentru clien\u021bi \u0219i comunicare.<\/li><li>Tranzac\u021bii de facturare \u0219i \u00eentocmire documente legale.<\/li><li>\u00cembun\u0103t\u0103\u021birea performan\u021bei site-ului nostru web \u0219i a experien\u021bei utilizatorului.<\/li><li>Respectarea obliga\u021biilor legale \u0219i ap\u0103rarea drepturilor.<\/li><li>Activit\u0103\u021bi de marketing \u0219i promovare.<\/li><\/ul><p><strong>6. Perioada de stocare a datelor cu caracter personal<\/strong><\/p><p>P\u0103str\u0103m datele dumneavoastr\u0103 cu caracter personal numai at\u00e2t timp c\u00e2t este necesar pentru scopurile prelucr\u0103rii noastre. Ne pute\u021bi contacta pentru a ob\u021bine informa\u021bii despre c\u00e2t timp p\u0103str\u0103m datele dumneavoastr\u0103 \u0219i cum este determinat\u0103 aceast\u0103 perioad\u0103.<\/p><p><strong>7. Informa\u021bii de plat\u0103 \u0219i securitate<\/strong><\/p><ul><li>Cardul dvs. de credit \u0219i informa\u021biile de plat\u0103 sunt protejate de m\u0103suri de securitate, cum ar fi certificatul SSL de 256 de bi\u021bi.<\/li><li>Informa\u021biile cardului dvs. sunt transmise criptate \u0219i nu sunt stocate de Hostragons.<\/li><li>Sunt luate m\u0103suri de precau\u021bie \u00eempotriva posibilelor programe malware cu instrumente de securitate suplimentare.<\/li><\/ul><p><strong>8. Cookie-uri \u0219i tehnologii de urm\u0103rire<\/strong><\/p><p class=\"translation-block\">Site-ul nostru web folose\u0219te cookie-uri \u0219i tehnologii de urm\u0103rire pentru a \u00eembun\u0103t\u0103\u021bi experien\u021ba utilizatorului \u0219i pentru a \u00een\u021belege cum este utilizat site-ul nostru. Pute\u021bi g\u0103si mai multe informa\u021bii despre cookie-uri \u0219i despre cum s\u0103 le gestiona\u021bi pe pagina <a href=\"https:\/\/www.hostragons.com\/ro\/politica-de-cookie-uri\/\" target=\"_new\" rel=\"noreferrer\">noastr\u0103 cu Politica cookie<\/a> .<\/p><p><strong>9. Partajarea datelor cu caracter personal<\/strong><\/p><ul><li>Datele dumneavoastr\u0103 cu caracter personal sunt partajate numai cu ter\u021bi \u00een cazul \u00een care este necesar pentru furnizarea serviciilor noastre.<\/li><li>Putem partaja datele dumneavoastr\u0103 \u00een conformitate cu obliga\u021biile legale sau cu hot\u0103r\u00e2rile judec\u0103tore\u0219ti.<\/li><li>Partajarea datelor cu ter\u021be p\u0103r\u021bi va avea loc numai cu acordul dumneavoastr\u0103.<\/li><\/ul><p><strong>10. Drepturile utilizatorului<\/strong><\/p><p>Conform GDPR, utilizatorii au urm\u0103toarele drepturi:<\/p><ul><li>Dreptul de acces, rectificare sau \u0219tergere a datelor cu caracter personal.<\/li><li>Dreptul de a v\u0103 opune prelucr\u0103rii datelor \u0219i portabilit\u0103\u021bii datelor.<\/li><li>Dreptul de a retrage consim\u021b\u0103m\u00e2ntul \u00een orice moment.<\/li><\/ul><p><strong>11. Evaluarea impactului privind protec\u021bia datelor (DPIA)<\/strong><\/p><p>O evaluare a impactului privind protec\u021bia datelor este efectuat\u0103 pentru activit\u0103\u021bile de prelucrare a datelor cu risc ridicat. Ne pute\u021bi contacta pentru a ob\u021bine mai multe informa\u021bii despre procesul DPIA.<\/p><p><strong>12. Transfer interna\u021bional de date<\/strong><\/p><p>Lu\u0103m m\u0103surile de protec\u021bie necesare atunci c\u00e2nd transfer\u0103m datele dumneavoastr\u0103 cu caracter personal \u00een afara UE. Ne pute\u021bi contacta pentru mai multe informa\u021bii despre transferul interna\u021bional de date.<\/p><p><strong>13. Notificare privind \u00eenc\u0103lcarea datelor<\/strong><\/p><p>\u00cen cazul unei \u00eenc\u0103lc\u0103ri a datelor, inform\u0103m cu promptitudine autorit\u0103\u021bile competente \u0219i persoanele afectate. Ne pute\u021bi contacta pentru a afla mai multe despre procedurile noastre de \u00eenc\u0103lcare a datelor.<\/p><p><strong>14. Modific\u0103ri ale contractului<\/strong><\/p><p>Aceast\u0103 politic\u0103 poate fi actualizat\u0103 din c\u00e2nd \u00een c\u00e2nd. Orice modific\u0103ri care urmeaz\u0103 s\u0103 fie f\u0103cute vor fi publicate pe aceast\u0103 pagin\u0103 \u0219i vor fi men\u021bionate odat\u0103 cu data intr\u0103rii \u00een vigoare. Utilizatorii sunt \u00eencuraja\u021bi s\u0103 verifice aceast\u0103 pagin\u0103 \u00een mod regulat pentru a fi informa\u021bi cu privire la orice modific\u0103ri.<\/p>\t\t\t\t\t\t\t\t<\/div>\n\t\t\t\t<\/div>\n\t\t\t\t\t<\/div>\n\t\t<\/div>\n\t\t\t\t\t<\/div>\n\t\t<\/section>\n\t\t\t\t<\/div>","protected":false},"excerpt":{"rendered":"<p>Y\u00fcr\u00fcrl\u00fck\/G\u00fcncelleme Tarihi: 05.08.2024 1. Giri\u015f Hostragons Global Limited (&#8220;Hostragons&#8221; olarak an\u0131lacakt\u0131r), kullan\u0131c\u0131lar\u0131m\u0131z\u0131n gizlili\u011fini ve ki\u015fisel verilerinin korunmas\u0131n\u0131 ciddiye al\u0131r. Bu Gizlilik ve GDPR Uyum Politikas\u0131, ki\u015fisel verilerin nas\u0131l topland\u0131\u011f\u0131n\u0131, kullan\u0131ld\u0131\u011f\u0131n\u0131, korundu\u011funu ve GDPR kapsam\u0131nda nas\u0131l y\u00f6netildi\u011fini a\u00e7\u0131klar. Web sitemizi ve hizmetlerimizi kullanarak, bu politikay\u0131 kabul etmi\u015f say\u0131l\u0131rs\u0131n\u0131z. 2. Veri Sorumlusu ve Temsilcisi Hostragons, ki\u015fisel verilerinizi [&hellip;]<\/p>\n","protected":false},"author":94,"featured_media":7854,"parent":0,"menu_order":0,"comment_status":"closed","ping_status":"closed","template":"","meta":{"googlesitekit_rrm_CAow5YvFDA:productID":"","footnotes":""},"class_list":["post-2031","page","type-page","status-publish","has-post-thumbnail","hentry"],"_links":{"self":[{"href":"https:\/\/www.hostragons.com\/ro\/wp-json\/wp\/v2\/pages\/2031","targetHints":{"allow":["GET"]}}],"collection":[{"href":"https:\/\/www.hostragons.com\/ro\/wp-json\/wp\/v2\/pages"}],"about":[{"href":"https:\/\/www.hostragons.com\/ro\/wp-json\/wp\/v2\/types\/page"}],"author":[{"embeddable":true,"href":"https:\/\/www.hostragons.com\/ro\/wp-json\/wp\/v2\/users\/94"}],"replies":[{"embeddable":true,"href":"https:\/\/www.hostragons.com\/ro\/wp-json\/wp\/v2\/comments?post=2031"}],"version-history":[{"count":0,"href":"https:\/\/www.hostragons.com\/ro\/wp-json\/wp\/v2\/pages\/2031\/revisions"}],"wp:featuredmedia":[{"embeddable":true,"href":"https:\/\/www.hostragons.com\/ro\/wp-json\/wp\/v2\/media\/7854"}],"wp:attachment":[{"href":"https:\/\/www.hostragons.com\/ro\/wp-json\/wp\/v2\/media?parent=2031"}],"curies":[{"name":"wp","href":"https:\/\/api.w.org\/{rel}","templated":true}]}}