{"id":2358,"date":"2020-10-02T08:03:18","date_gmt":"2020-10-02T05:03:18","guid":{"rendered":"https:\/\/www.hostragons.com\/?page_id=2358"},"modified":"2025-03-25T09:07:38","modified_gmt":"2025-03-25T09:07:38","slug":"politica-de-cookies","status":"publish","type":"page","link":"https:\/\/www.hostragons.com\/pt\/politica-de-cookies\/","title":{"rendered":"Pol\u00edtica de Cookies"},"content":{"rendered":"<div data-elementor-type=\"wp-page\" data-elementor-id=\"2358\" class=\"elementor elementor-2358\" data-elementor-post-type=\"page\">\n\t\t\t\t\t\t<section class=\"elementor-section elementor-top-section elementor-element elementor-element-9da5eda elementor-section-boxed elementor-section-height-default elementor-section-height-default\" data-id=\"9da5eda\" data-element_type=\"section\" data-e-type=\"section\">\n\t\t\t\t\t\t<div class=\"elementor-container elementor-column-gap-default\">\n\t\t\t\t\t<div class=\"elementor-column elementor-col-100 elementor-top-column elementor-element elementor-element-a7228de\" data-id=\"a7228de\" data-element_type=\"column\" data-e-type=\"column\">\n\t\t\t<div class=\"elementor-widget-wrap elementor-element-populated\">\n\t\t\t\t\t\t<div class=\"elementor-element elementor-element-8bde4d6 elementor-widget elementor-widget-text-editor\" data-id=\"8bde4d6\" data-element_type=\"widget\" data-e-type=\"widget\" data-widget_type=\"text-editor.default\">\n\t\t\t\t<div class=\"elementor-widget-container\">\n\t\t\t\t\t\t\t\t\t<p><strong>Data de Entrada em Vigor\/Atualiza\u00e7\u00e3o:<\/strong> 05.08.2024<\/p><p><strong>1. O que \u00e9 um cookie?<\/strong><\/p><p>Os cookies s\u00e3o pequenos arquivos de dados enviados para o seu navegador pelos sites e armazenados no seu dispositivo. Esses arquivos permitem que seu navegador reconhe\u00e7a o site quando voc\u00ea o visita novamente e personalize sua experi\u00eancia de usu\u00e1rio, lembrando suas prefer\u00eancias de visitas anteriores.<\/p><p><strong>Os cookies s\u00e3o usados para melhorar a experi\u00eancia do usu\u00e1rio, lembrar suas prefer\u00eancias e monitorar o desempenho do site.<\/strong><\/p><p>A Hostragons usa cookies para os seguintes fins:<\/p><ul><li class=\"translation-block\"><strong>Cookies necess\u00e1rias:<\/strong> S\u00e3o essenciais para o funcionamento b\u00e1sico do site.<\/li><li><strong>Cookies de desempenho:<\/strong> \u00c9 usado para monitorar e melhorar o desempenho do site.<\/li><li class=\"translation-block\"><strong>Cookies funcionais:<\/strong> Lembram as prefer\u00eancias do usu\u00e1rio e oferecem uma experi\u00eancia personalizada.<\/li><li class=\"translation-block\"><strong>Cookies de Publicidade e Marketing:<\/strong> Usados para fornecer conte\u00fado e an\u00fancios relevantes aos seus interesses.<\/li><\/ul><p><strong>Os cookies permitem que os sites salvem pequenos arquivos de dados no seu dispositivo.<\/strong><\/p><p>Alguns cookies no nosso site s\u00e3o geridos por prestadores de servi\u00e7os terceiros. Estes cookies s\u00e3o utilizados para servi\u00e7os de publicidade e an\u00e1lise e est\u00e3o sujeitos \u00e0s pol\u00edticas de privacidade desses terceiros. Para obter mais informa\u00e7\u00f5es sobre a utiliza\u00e7\u00e3o de cookies de terceiros, recomendamos a revis\u00e3o das pol\u00edticas de privacidade desses fornecedores de servi\u00e7os.<\/p><p><strong>Voc\u00ea pode gerenciar ou excluir seus cookies atrav\u00e9s das configura\u00e7\u00f5es do navegador.<\/strong><\/p><p>Pode gerir, aceitar ou rejeitar cookies nas defini\u00e7\u00f5es do seu navegador. Al\u00e9m disso, pode eliminar os cookies que j\u00e1 tenham sido armazenados no seu navegador. Para mais informa\u00e7\u00f5es sobre como gerir cookies, consulte as instru\u00e7\u00f5es espec\u00edficas para o seu navegador:<\/p><ul><li><a target=\"_new\" rel=\"noreferrer\">Google Chrome<\/a><\/li><li><a href=\"https:\/\/support.mozilla.org\/tr\/kb\/cerezleri-silme\" target=\"_new\" rel=\"noreferrer noopener\">Mozilla Firefox<\/a><\/li><li><a href=\"https:\/\/support.apple.com\/tr-tr\/guide\/safari\/sfri11471\/mac\" target=\"_new\" rel=\"noreferrer noopener\">Safari<\/a><\/li><li><a href=\"https:\/\/support.microsoft.com\/tr-tr\/help\/4027947\/microsoft-edge-delete-cookies\" target=\"_new\" rel=\"noreferrer noopener\">Microsoft Edge<\/a><\/li><\/ul><p><strong>As altera\u00e7\u00f5es na nossa pol\u00edtica de cookies ser\u00e3o anunciadas nesta p\u00e1gina.<\/strong><\/p><p>A Hostragons reserva-se o direito de fazer altera\u00e7\u00f5es \u00e0 sua pol\u00edtica de cookies. As altera\u00e7\u00f5es \u00e0 nossa pol\u00edtica ser\u00e3o atualizadas e entrar\u00e3o em vigor nesta p\u00e1gina. Recomendamos que os utilizadores verifiquem esta p\u00e1gina regularmente para se manterem informados sobre quaisquer atualiza\u00e7\u00f5es.<\/p><p><strong>Contato<\/strong><\/p><p>Para quaisquer d\u00favidas sobre esta pol\u00edtica de cookies, pode entrar em contacto connosco. <a rel=\"noreferrer\">hello@hostragons.com<\/a> Voc\u00ea pode entrar em contato conosco em.<\/p>\t\t\t\t\t\t\t\t<\/div>\n\t\t\t\t<\/div>\n\t\t\t\t\t<\/div>\n\t\t<\/div>\n\t\t\t\t\t<\/div>\n\t\t<\/section>\n\t\t\t\t<\/div>","protected":false},"excerpt":{"rendered":"<p>Y\u00fcr\u00fcrl\u00fck\/G\u00fcncelleme Tarihi: 05.08.2024 1. \u00c7erez (Cookie) Nedir? \u00c7erezler, web siteleri taraf\u0131ndan taray\u0131c\u0131n\u0131za g\u00f6nderilen ve cihaz\u0131n\u0131zda depolanan k\u00fc\u00e7\u00fck veri dosyalar\u0131d\u0131r. Bu dosyalar, siteyi tekrar ziyaret etti\u011finizde taray\u0131c\u0131n\u0131z\u0131n web sitesini tan\u0131mas\u0131n\u0131 sa\u011flar ve \u00f6nceki ziyaretlerinizdeki tercihlerinizi hat\u0131rlayarak kullan\u0131c\u0131 deneyiminizi ki\u015fiselle\u015ftirir. 2. \u00c7erezlerin Kullan\u0131m Ama\u00e7lar\u0131 Hostragons, a\u015fa\u011f\u0131daki ama\u00e7lar do\u011frultusunda \u00e7erezleri kullan\u0131r: Zorunlu \u00c7erezler: Sitenin temel i\u015flevlerini yerine getirebilmesi [&hellip;]<\/p>\n","protected":false},"author":94,"featured_media":7852,"parent":0,"menu_order":0,"comment_status":"closed","ping_status":"closed","template":"","meta":{"googlesitekit_rrm_CAow5YvFDA:productID":"","footnotes":""},"class_list":["post-2358","page","type-page","status-publish","has-post-thumbnail","hentry"],"_links":{"self":[{"href":"https:\/\/www.hostragons.com\/pt\/wp-json\/wp\/v2\/pages\/2358","targetHints":{"allow":["GET"]}}],"collection":[{"href":"https:\/\/www.hostragons.com\/pt\/wp-json\/wp\/v2\/pages"}],"about":[{"href":"https:\/\/www.hostragons.com\/pt\/wp-json\/wp\/v2\/types\/page"}],"author":[{"embeddable":true,"href":"https:\/\/www.hostragons.com\/pt\/wp-json\/wp\/v2\/users\/94"}],"replies":[{"embeddable":true,"href":"https:\/\/www.hostragons.com\/pt\/wp-json\/wp\/v2\/comments?post=2358"}],"version-history":[{"count":0,"href":"https:\/\/www.hostragons.com\/pt\/wp-json\/wp\/v2\/pages\/2358\/revisions"}],"wp:featuredmedia":[{"embeddable":true,"href":"https:\/\/www.hostragons.com\/pt\/wp-json\/wp\/v2\/media\/7852"}],"wp:attachment":[{"href":"https:\/\/www.hostragons.com\/pt\/wp-json\/wp\/v2\/media?parent=2358"}],"curies":[{"name":"wp","href":"https:\/\/api.w.org\/{rel}","templated":true}]}}