{"id":2031,"date":"2020-09-08T16:09:39","date_gmt":"2020-09-08T13:09:39","guid":{"rendered":"https:\/\/www.hostragons.com\/?page_id=2031"},"modified":"2024-09-26T17:52:04","modified_gmt":"2024-09-26T14:52:04","slug":"politica-de-privacidade","status":"publish","type":"page","link":"https:\/\/www.hostragons.com\/pt\/politica-de-privacidade\/","title":{"rendered":"Pol\u00edtica de Privacidade"},"content":{"rendered":"<div data-elementor-type=\"wp-page\" data-elementor-id=\"2031\" class=\"elementor elementor-2031\" data-elementor-post-type=\"page\">\n\t\t\t\t\t\t<section class=\"elementor-section elementor-top-section elementor-element elementor-element-91e4b54 elementor-section-boxed elementor-section-height-default elementor-section-height-default\" data-id=\"91e4b54\" data-element_type=\"section\" data-e-type=\"section\">\n\t\t\t\t\t\t<div class=\"elementor-container elementor-column-gap-default\">\n\t\t\t\t\t<div class=\"elementor-column elementor-col-100 elementor-top-column elementor-element elementor-element-0774a31\" data-id=\"0774a31\" data-element_type=\"column\" data-e-type=\"column\">\n\t\t\t<div class=\"elementor-widget-wrap elementor-element-populated\">\n\t\t\t\t\t\t<div class=\"elementor-element elementor-element-830efa2 elementor-widget elementor-widget-text-editor\" data-id=\"830efa2\" data-element_type=\"widget\" data-e-type=\"widget\" data-widget_type=\"text-editor.default\">\n\t\t\t\t<div class=\"elementor-widget-container\">\n\t\t\t\t\t\t\t\t\t<p><strong>Data de Entrada em Vigor\/Atualiza\u00e7\u00e3o: 05.08.2024<\/strong><\/p><p><strong>1. Entrar<\/strong><\/p><p>A Hostragons Global Limited (\u201cHostragons\u201d) leva a s\u00e9rio a privacidade e a prote\u00e7\u00e3o dos dados pessoais dos nossos usu\u00e1rios. Esta Pol\u00edtica de Privacidade e Conformidade com o GDPR explica como os dados pessoais s\u00e3o coletados, usados, protegidos e gerenciados de acordo com o GDPR. Ao usar nosso site e servi\u00e7os, voc\u00ea \u00e9 considerado como tendo aceitado esta pol\u00edtica.<\/p><p><strong>2. Controlador de Dados e Representante<\/strong><\/p><p>A Hostragons \u00e9 a controladora de dados respons\u00e1vel por proteger seus dados pessoais. Nosso representante na Uni\u00e3o Europeia:<\/p><ul><li><strong>Respons\u00e1vel pela Prote\u00e7\u00e3o de Dados:<\/strong> Lei de Privacidade de Quebec.<\/li><\/ul><p><strong>3. Princ\u00edpios Fundamentais do Processamento de Dados<\/strong><\/p><p>Como Hostragons, cumprimos com os seguintes princ\u00edpios fundamentais de acordo com os requisitos do GDPR:<\/p><ul><li class=\"translation-block\"><strong>Transpar\u00eancia:<\/strong> Declaramos claramente como recolhemos e processamos os seus dados pessoais.<\/li><li class=\"translation-block\"><strong>Exatid\u00e3o:<\/strong> Mantemos os seus dados corretos e atualizados.<\/li><li class=\"translation-block\"><strong>Minimiza\u00e7\u00e3o:<\/strong> Recolhemos e processamos apenas os dados necess\u00e1rios.<\/li><li class=\"translation-block\"><strong>Limita\u00e7\u00e3o de Armazenamento:<\/strong> Retemos os seus dados apenas pelo tempo necess\u00e1rio.<\/li><\/ul><p><strong>4. Informa\u00e7\u00f5es Coletadas<\/strong><\/p><p>A Hostragons coleta as seguintes informa\u00e7\u00f5es pessoais:<\/p><ul><li class=\"translation-block\"><strong>Informa\u00e7\u00f5es de Identidade:<\/strong> Nome, sobrenome, endere\u00e7o, n\u00famero de telefone, endere\u00e7o de e-mail.<\/li><li class=\"translation-block\"><strong>Informa\u00e7\u00f5es de Pagamento:<\/strong> Detalhes do cart\u00e3o de cr\u00e9dito e informa\u00e7\u00f5es de pagamento.<\/li><li class=\"translation-block\"><strong>Dados T\u00e9cnicos:<\/strong> Endere\u00e7o IP, tipo de navegador, sistema operativo.<\/li><li class=\"translation-block\"><strong>Comportamentos do Usu\u00e1rio:<\/strong> Prefer\u00eancias do usu\u00e1rio, atividades no site.<\/li><\/ul><p><strong>5. Uso de Dados Pessoais<\/strong><\/p><p>As informa\u00e7\u00f5es pessoais coletadas s\u00e3o usadas para os seguintes prop\u00f3sitos:<\/p><ul><li>Presta\u00e7\u00e3o e gest\u00e3o de servi\u00e7os.<\/li><li>Servi\u00e7os de suporte ao cliente e comunica\u00e7\u00e3o.<\/li><li>Processos de fatura\u00e7\u00e3o e elabora\u00e7\u00e3o de documentos legais.<\/li><li>Melhorar o desempenho do nosso site e aprimorar a experi\u00eancia do usu\u00e1rio.<\/li><li>Garantir o cumprimento das obriga\u00e7\u00f5es legais e defender os direitos.<\/li><li>Atividades de marketing e promo\u00e7\u00e3o.<\/li><\/ul><p><strong>6. Per\u00edodo de Reten\u00e7\u00e3o de Dados Pessoais<\/strong><\/p><p>\u0986\u09ae\u09b0\u09be \u0986\u09aa\u09a8\u09be\u09b0 \u09ac\u09cd\u09af\u0995\u09cd\u09a4\u09bf\u0997\u09a4 \u09a1\u09c7\u099f\u09be \u09b6\u09c1\u09a7\u09c1\u09ae\u09be\u09a4\u09cd\u09b0 \u0986\u09ae\u09be\u09a6\u09c7\u09b0 \u09aa\u09cd\u09b0\u0995\u09cd\u09b0\u09bf\u09af\u09bc\u09be\u0995\u09b0\u09a3 \u0989\u09a6\u09cd\u09a6\u09c7\u09b6\u09cd\u09af\u09c7 \u09aa\u09cd\u09b0\u09af\u09bc\u09cb\u099c\u09a8\u09c0\u09af\u09bc \u09b8\u09ae\u09af\u09bc \u09aa\u09b0\u09cd\u09af\u09a8\u09cd\u09a4 \u09b8\u0982\u09b0\u0995\u09cd\u09b7\u09a3 \u0995\u09b0\u09bf\u0964 \u0986\u09aa\u09a8\u09be\u09b0 \u09a1\u09c7\u099f\u09be \u0995\u09a4\u0995\u09cd\u09b7\u09a3 \u09b8\u0982\u09b0\u0995\u09cd\u09b7\u09a3 \u0995\u09b0\u09be \u09b9\u09af\u09bc \u098f\u09ac\u0982 \u098f\u0987 \u09b8\u09ae\u09af\u09bc\u0995\u09be\u09b2 \u0995\u09bf\u09ad\u09be\u09ac\u09c7 \u09a8\u09bf\u09b0\u09cd\u09a7\u09be\u09b0\u09a3 \u0995\u09b0\u09be \u09b9\u09af\u09bc \u09b8\u09c7 \u09b8\u09ae\u09cd\u09aa\u09b0\u09cd\u0995\u09c7 \u0986\u09b0\u0993 \u099c\u09be\u09a8\u09a4\u09c7 \u0986\u09ae\u09be\u09a6\u09c7\u09b0 \u09b8\u09be\u09a5\u09c7 \u09af\u09cb\u0997\u09be\u09af\u09cb\u0997 \u0995\u09b0\u09a4\u09c7 \u09aa\u09be\u09b0\u09c7\u09a8\u0964<\/p><p><strong>7. Informa\u00e7\u00f5es de Pagamento e Seguran\u00e7a<\/strong><\/p><ul><li>As informa\u00e7\u00f5es do seu cart\u00e3o de cr\u00e9dito e pagamento s\u00e3o protegidas com medidas de seguran\u00e7a, como certifica\u00e7\u00e3o SSL de 256 bits.<\/li><li>As suas informa\u00e7\u00f5es de cart\u00e3o s\u00e3o transmitidas de forma encriptada e n\u00e3o s\u00e3o armazenadas pela Hostragons.<\/li><li>Ferramentas de seguran\u00e7a adicionais s\u00e3o usadas para tomar precau\u00e7\u00f5es contra malware potencial.<\/li><\/ul><p><strong>8. Cookies e Tecnologias de Rastreamento<\/strong><\/p><p class=\"translation-block\">Usamos cookies e tecnologias de rastreamento em nosso site para melhorar a experi\u00eancia do usu\u00e1rio e entender como nosso site \u00e9 usado. Para mais informa\u00e7\u00f5es sobre cookies e como gerenci\u00e1-los, voc\u00ea pode visitar nossa p\u00e1gina de <a href=\"https:\/\/www.hostragons.com\/pt\/politica-de-cookies\/\" target=\"_new\" rel=\"noreferrer\">Pol\u00edtica de Cookies<\/a>.<\/p><p><strong>9. Compartilhamento de Dados Pessoais<\/strong><\/p><ul><li>Os seus dados pessoais s\u00e3o partilhados apenas com terceiros necess\u00e1rios para fornecer os nossos servi\u00e7os.<\/li><li>Podemos partilhar os seus dados em conformidade com obriga\u00e7\u00f5es legais ou ordens judiciais.<\/li><li>O compartilhamento de dados com terceiros ser\u00e1 realizado apenas com o seu consentimento.<\/li><\/ul><p><strong>10. Direitos do Usu\u00e1rio<\/strong><\/p><p>Ao abrigo do RGPD, os utilizadores t\u00eam os seguintes direitos:<\/p><ul><li>O direito de acessar, retificar ou eliminar dados pessoais.<\/li><li>O direito de se opor ao processamento de dados e o direito \u00e0 portabilidade de dados.<\/li><li>O direito de retirar o consentimento a qualquer momento.<\/li><\/ul><p><strong>11. Avalia\u00e7\u00e3o de Impacto na Prote\u00e7\u00e3o de Dados (DPIA)<\/strong><\/p><p>Uma avalia\u00e7\u00e3o de impacto sobre a prote\u00e7\u00e3o de dados (DPIA) \u00e9 realizada para atividades de processamento de dados de alto risco. Pode contactar-nos para mais informa\u00e7\u00f5es sobre o processo de DPIA.<\/p><p><strong>12. Transfer\u00eancia Internacional de Dados<\/strong><\/p><p>Tomamos as salvaguardas necess\u00e1rias ao transferir os seus dados pessoais para fora da UE. Para obter mais informa\u00e7\u00f5es sobre transfer\u00eancias internacionais de dados, pode contactar-nos.<\/p><p><strong>13. Notifica\u00e7\u00e3o de Viola\u00e7\u00e3o de Dados<\/strong><\/p><p>Em caso de viola\u00e7\u00e3o de dados, notificamos prontamente as autoridades competentes e os indiv\u00edduos afetados. Pode contactar-nos para mais informa\u00e7\u00f5es sobre os nossos procedimentos de viola\u00e7\u00e3o de dados.<\/p><p><strong>14. Altera\u00e7\u00f5es ao Contrato<\/strong><\/p><p>Esta pol\u00edtica pode ser atualizada periodicamente. Quaisquer altera\u00e7\u00f5es ser\u00e3o publicadas nesta p\u00e1gina e indicadas com a data de entrada em vigor. Recomenda-se que os usu\u00e1rios revisem regularmente esta p\u00e1gina para se manterem informados sobre quaisquer altera\u00e7\u00f5es.<\/p>\t\t\t\t\t\t\t\t<\/div>\n\t\t\t\t<\/div>\n\t\t\t\t\t<\/div>\n\t\t<\/div>\n\t\t\t\t\t<\/div>\n\t\t<\/section>\n\t\t\t\t<\/div>","protected":false},"excerpt":{"rendered":"<p>Y\u00fcr\u00fcrl\u00fck\/G\u00fcncelleme Tarihi: 05.08.2024 1. Giri\u015f Hostragons Global Limited (&#8220;Hostragons&#8221; olarak an\u0131lacakt\u0131r), kullan\u0131c\u0131lar\u0131m\u0131z\u0131n gizlili\u011fini ve ki\u015fisel verilerinin korunmas\u0131n\u0131 ciddiye al\u0131r. Bu Gizlilik ve GDPR Uyum Politikas\u0131, ki\u015fisel verilerin nas\u0131l topland\u0131\u011f\u0131n\u0131, kullan\u0131ld\u0131\u011f\u0131n\u0131, korundu\u011funu ve GDPR kapsam\u0131nda nas\u0131l y\u00f6netildi\u011fini a\u00e7\u0131klar. Web sitemizi ve hizmetlerimizi kullanarak, bu politikay\u0131 kabul etmi\u015f say\u0131l\u0131rs\u0131n\u0131z. 2. Veri Sorumlusu ve Temsilcisi Hostragons, ki\u015fisel verilerinizi [&hellip;]<\/p>\n","protected":false},"author":94,"featured_media":7854,"parent":0,"menu_order":0,"comment_status":"closed","ping_status":"closed","template":"","meta":{"googlesitekit_rrm_CAow5YvFDA:productID":"","footnotes":""},"class_list":["post-2031","page","type-page","status-publish","has-post-thumbnail","hentry"],"_links":{"self":[{"href":"https:\/\/www.hostragons.com\/pt\/wp-json\/wp\/v2\/pages\/2031","targetHints":{"allow":["GET"]}}],"collection":[{"href":"https:\/\/www.hostragons.com\/pt\/wp-json\/wp\/v2\/pages"}],"about":[{"href":"https:\/\/www.hostragons.com\/pt\/wp-json\/wp\/v2\/types\/page"}],"author":[{"embeddable":true,"href":"https:\/\/www.hostragons.com\/pt\/wp-json\/wp\/v2\/users\/94"}],"replies":[{"embeddable":true,"href":"https:\/\/www.hostragons.com\/pt\/wp-json\/wp\/v2\/comments?post=2031"}],"version-history":[{"count":0,"href":"https:\/\/www.hostragons.com\/pt\/wp-json\/wp\/v2\/pages\/2031\/revisions"}],"wp:featuredmedia":[{"embeddable":true,"href":"https:\/\/www.hostragons.com\/pt\/wp-json\/wp\/v2\/media\/7854"}],"wp:attachment":[{"href":"https:\/\/www.hostragons.com\/pt\/wp-json\/wp\/v2\/media?parent=2031"}],"curies":[{"name":"wp","href":"https:\/\/api.w.org\/{rel}","templated":true}]}}