{"id":2031,"date":"2020-09-08T16:09:39","date_gmt":"2020-09-08T13:09:39","guid":{"rendered":"https:\/\/www.hostragons.com\/?page_id=2031"},"modified":"2024-09-26T17:52:04","modified_gmt":"2024-09-26T14:52:04","slug":"%d8%af-%d9%85%d8%ad%d8%b1%d9%85%db%8c%d8%aa-%d9%be%d8%a7%d9%84%db%8c%d8%b3%d9%8a","status":"publish","type":"page","link":"https:\/\/www.hostragons.com\/ps\/%d8%af-%d9%85%d8%ad%d8%b1%d9%85%db%8c%d8%aa-%d9%be%d8%a7%d9%84%db%8c%d8%b3%d9%8a\/","title":{"rendered":"\u062f \u0645\u062d\u0631\u0645\u06cc\u062a \u067e\u0627\u0644\u06cc\u0633\u064a"},"content":{"rendered":"<div data-elementor-type=\"wp-page\" data-elementor-id=\"2031\" class=\"elementor elementor-2031\" data-elementor-post-type=\"page\">\n\t\t\t\t\t\t<section class=\"elementor-section elementor-top-section elementor-element elementor-element-91e4b54 elementor-section-boxed elementor-section-height-default elementor-section-height-default\" data-id=\"91e4b54\" data-element_type=\"section\" data-e-type=\"section\">\n\t\t\t\t\t\t<div class=\"elementor-container elementor-column-gap-default\">\n\t\t\t\t\t<div class=\"elementor-column elementor-col-100 elementor-top-column elementor-element elementor-element-0774a31\" data-id=\"0774a31\" data-element_type=\"column\" data-e-type=\"column\">\n\t\t\t<div class=\"elementor-widget-wrap elementor-element-populated\">\n\t\t\t\t\t\t<div class=\"elementor-element elementor-element-830efa2 elementor-widget elementor-widget-text-editor\" data-id=\"830efa2\" data-element_type=\"widget\" data-e-type=\"widget\" data-widget_type=\"text-editor.default\">\n\t\t\t\t<div class=\"elementor-widget-container\">\n\t\t\t\t\t\t\t\t\t<p><strong>\u0627\u063a\u06d0\u0632\u0645\u0646\/\u062a\u0627\u0632\u0647 \u0646\u06d0\u067c\u0647: 05.08.2024<\/strong><\/p><p><strong>\u06f1. \u067e\u06d0\u0698\u0646\u062f\u0646\u0647<\/strong><\/p><p>Hostragons Global Limited (&quot;Hostragons&quot;) \u0632\u0645\u0648\u0696 \u062f \u06a9\u0627\u0631\u0648\u0648\u0646\u06a9\u0648 \u0645\u062d\u0631\u0645\u06cc\u062a \u0627\u0648 \u062f \u062f\u0648\u06cc \u062f \u0634\u062e\u0635\u064a \u0645\u0639\u0644\u0648\u0645\u0627\u062a\u0648 \u0633\u0627\u062a\u0646\u0647 \u062c\u062f\u064a \u0646\u06cc\u0633\u064a. \u062f\u0627 \u062f \u0645\u062d\u0631\u0645\u06cc\u062a \u0627\u0648 \u062f GDPR \u0627\u0637\u0627\u0639\u062a \u067e\u0627\u0644\u06cc\u0633\u064a \u062a\u0634\u0631\u06cc\u062d \u06a9\u0648\u064a \u0686\u06d0 \u0685\u0646\u06ab\u0647 \u0634\u062e\u0635\u064a \u0645\u0639\u0644\u0648\u0645\u0627\u062a \u062f GDPR \u0644\u0627\u0646\u062f\u06d0 \u0631\u0627\u067c\u0648\u0644 \u0634\u0648\u064a\u060c \u06a9\u0627\u0631\u0648\u0644 \u0634\u0648\u064a\u060c \u062e\u0648\u0646\u062f\u064a \u0634\u0648\u064a \u0627\u0648 \u0627\u062f\u0627\u0631\u0647 \u06a9\u06cc\u0696\u064a. \u0632\u0645\u0648\u0696 \u062f \u0648\u06cc\u0628 \u067e\u0627\u06bc\u06d0 \u0627\u0648 \u062e\u062f\u0645\u0627\u062a\u0648 \u067e\u0647 \u06a9\u0627\u0631\u0648\u0644\u0648 \u0633\u0631\u0647\u060c \u062a\u0627\u0633\u0648 \u0641\u06a9\u0631 \u06a9\u0648\u0626 \u0686\u06d0 \u062f\u0627 \u067e\u0627\u0644\u06cc\u0633\u064a \u0645\u0646\u0644\u06d0 \u062f\u0647.<\/p><p><strong>2. \u062f \u0645\u0639\u0644\u0648\u0645\u0627\u062a\u0648 \u06a9\u0646\u067c\u0631\u0648\u0644\u0631 \u0627\u0648 \u0627\u0633\u062a\u0627\u0632\u06cc<\/strong><\/p><p>Hostragons \u062f \u0645\u0639\u0644\u0648\u0645\u0627\u062a\u0648 \u06a9\u0646\u067c\u0631\u0648\u0644\u0631 \u062f\u06cc \u0686\u06d0 \u0633\u062a\u0627\u0633\u0648 \u062f \u0634\u062e\u0635\u064a \u0645\u0639\u0644\u0648\u0645\u0627\u062a\u0648 \u0633\u0627\u062a\u0646\u06d0 \u0644\u067e\u0627\u0631\u0647 \u0645\u0633\u0624\u0644 \u062f\u06cc. \u067e\u0647 \u0627\u0631\u0648\u067e\u0627\u064a\u064a \u067c\u0648\u0644\u0646\u0647 \u06a9\u06d0 \u0632\u0645\u0648\u0696 \u0627\u0633\u062a\u0627\u0632\u06cc:<\/p><ul><li><strong>\u062f \u0645\u0639\u0644\u0648\u0645\u0627\u062a\u0648 \u062f \u0633\u0627\u062a\u0646\u06d0 \u0627\u0633\u062a\u0627\u0632\u06cc:<\/strong> \u062f \u06a9\u06cc\u0648\u0628\u06cc\u06a9 \u062f \u0645\u062d\u0631\u0645\u06cc\u062a \u0642\u0627\u0646\u0648\u0646.<\/li><\/ul><p><strong>3. \u062f \u0645\u0639\u0644\u0648\u0645\u0627\u062a\u0648 \u067e\u0631\u0648\u0633\u0633 \u06a9\u0648\u0644\u0648 \u0628\u0646\u0633\u067c\u06cc\u0632 \u0627\u0635\u0648\u0644<\/strong><\/p><p>\u067e\u0647 Hostragons \u06a9\u06d0\u060c \u0645\u0648\u0696 \u062f GDPR \u0627\u0693\u062a\u06cc\u0627\u0648 \u0633\u0631\u0647 \u0633\u0645 \u062f \u0644\u0627\u0646\u062f\u06d0 \u0627\u0633\u0627\u0633\u064a \u0627\u0635\u0648\u0644\u0648 \u0633\u0631\u0647 \u0633\u0645 \u0639\u0645\u0644 \u06a9\u0648\u0648:<\/p><ul><li class=\"translation-block\"><strong>\u0631\u0648\u06bc\u062a\u06cc\u0627:<\/strong> \u0645\u0648\u0696 \u067e\u0647 \u0648\u0627\u0636\u062d \u0689\u0648\u0644 \u0628\u06cc\u0627\u0646 \u06a9\u0648\u0648 \u0686\u06d0 \u0645\u0648\u0696 \u0685\u0646\u06ab\u0647 \u0633\u062a\u0627\u0633\u0648 \u0634\u062e\u0635\u064a \u0645\u0639\u0644\u0648\u0645\u0627\u062a \u0631\u0627\u067c\u0648\u0644 \u0627\u0648 \u067e\u0631\u0648\u0633\u0633 \u06a9\u0648\u0648.<\/li><li class=\"translation-block\"><strong>\u062f\u0642\u062a:<\/strong> \u0645\u0648\u0696 \u0633\u062a\u0627\u0633\u0648 \u0645\u0639\u0644\u0648\u0645\u0627\u062a \u062f\u0642\u06cc\u0642 \u0627\u0648 \u062a\u0627\u0632\u0647 \u0633\u0627\u062a\u0648.<\/li><li class=\"translation-block\"><strong>\u06a9\u0645\u0648\u0644:<\/strong> \u0645\u0648\u0696 \u06cc\u0648\u0627\u0632\u06d0 \u0627\u0693\u06cc\u0646 \u0645\u0639\u0644\u0648\u0645\u0627\u062a \u0631\u0627\u067c\u0648\u0644 \u0627\u0648 \u067e\u0631\u0648\u0633\u0633 \u06a9\u0648\u0648.<\/li><li class=\"translation-block\"><strong>\u062f \u0633\u0627\u062a\u0644\u0648 \u0645\u062d\u062f\u0648\u062f\u06cc\u062a:<\/strong> \u0645\u0648\u0696 \u0633\u062a\u0627\u0633\u0648 \u0645\u0639\u0644\u0648\u0645\u0627\u062a \u06cc\u0648\u0627\u0632\u06d0 \u062f \u0627\u0693\u062a\u06cc\u0627 \u062a\u0631 \u0648\u062e\u062a\u0647 \u0633\u0627\u062a\u0648.<\/li><\/ul><p><strong>4. \u0631\u0627\u067c\u0648\u0644 \u0634\u0648\u064a \u0645\u0639\u0644\u0648\u0645\u0627\u062a<\/strong><\/p><p>Hostragons \u0644\u0627\u0646\u062f\u06d0 \u0634\u062e\u0635\u064a \u0645\u0639\u0644\u0648\u0645\u0627\u062a \u0631\u0627\u067c\u0648\u0644\u0648\u064a:<\/p><ul><li class=\"translation-block\"><strong>\u062f \u0647\u0648\u06cc\u062a \u0645\u0639\u0644\u0648\u0645\u0627\u062a:<\/strong> \u0646\u0648\u0645\u060c \u062a\u062e\u0644\u0635\u060c \u067e\u062a\u0647\u060c \u062f \u062a\u0644\u06cc\u0641\u0648\u0646 \u0634\u0645\u06cc\u0631\u0647\u060c \u0628\u0631\u06cc\u069a\u0646\u0627\u0644\u06cc\u06a9 \u0622\u062f\u0631\u0633.<\/li><li class=\"translation-block\"><strong>\u062f \u062a\u0627\u062f\u06cc\u06d0 \u0645\u0639\u0644\u0648\u0645\u0627\u062a:<\/strong> \u062f \u06a9\u0631\u06cc\u0689\u06cc\u067c \u06a9\u0627\u0631\u062a \u0645\u0639\u0644\u0648\u0645\u0627\u062a \u0627\u0648 \u062f \u062a\u0627\u062f\u06cc\u06d0 \u062a\u0648\u0636\u06cc\u062d\u0627\u062a.<\/li><li class=\"translation-block\"><strong>\u062a\u062e\u0646\u06cc\u06a9\u064a \u0645\u0639\u0644\u0648\u0645\u0627\u062a:<\/strong> IP \u067e\u062a\u0647\u060c \u062f \u0628\u0631\u0627\u0648\u0632\u0631 \u0689\u0648\u0644\u060c \u0639\u0645\u0644\u06cc\u0627\u062a\u064a \u0633\u06cc\u0633\u067c\u0645.<\/li><li class=\"translation-block\"><strong>\u062f \u06a9\u0627\u0631\u0648\u0646\u06a9\u064a \u0686\u0644\u0646\u062f:<\/strong> \u062f \u06a9\u0627\u0631\u0648\u0646\u06a9\u064a \u063a\u0648\u0631\u0647 \u062a\u0648\u0628\u0648\u0646\u0647\u060c \u067e\u0647 \u0633\u0627\u06cc\u067c \u06a9\u06d0 \u062d\u0631\u06a9\u062a\u0648\u0646\u0647.<\/li><\/ul><p><strong>5. \u062f \u0634\u062e\u0635\u064a \u0645\u0639\u0644\u0648\u0645\u0627\u062a\u0648 \u06a9\u0627\u0631\u0648\u0644<\/strong><\/p><p>\u0631\u0627\u067c\u0648\u0644 \u0634\u0648\u064a \u0634\u062e\u0635\u064a \u0645\u0639\u0644\u0648\u0645\u0627\u062a \u062f \u0644\u0627\u0646\u062f\u06d0 \u0645\u0648\u062e\u0648 \u0644\u067e\u0627\u0631\u0647 \u06a9\u0627\u0631\u0648\u0644 \u06a9\u06cc\u0696\u064a:<\/p><ul><li>\u062f \u062e\u062f\u0645\u0627\u062a\u0648 \u0686\u0645\u062a\u0648 \u06a9\u0648\u0644 \u0627\u0648 \u0627\u062f\u0627\u0631\u0647 \u06a9\u0648\u0644.<\/li><li>\u062f \u067e\u06cc\u0631\u0648\u062f\u0648\u0646\u06a9\u064a \u0645\u0644\u0627\u062a\u0693 \u062e\u062f\u0645\u062a\u0648\u0646\u0647 \u0627\u0648 \u0627\u0631\u062a\u0628\u0627\u0637.<\/li><li>\u062f \u0631\u0633\u06cc\u062f \u0644\u06cc\u0696\u062f \u0627\u0648 \u062f \u0642\u0627\u0646\u0648\u0646\u064a \u0627\u0633\u0646\u0627\u062f\u0648 \u0686\u0645\u062a\u0648 \u06a9\u0648\u0644.<\/li><li>\u0632\u0645\u0648\u0696 \u062f \u0648\u06cc\u0628 \u067e\u0627\u06bc\u06d0 \u0641\u0639\u0627\u0644\u06cc\u062a \u0627\u0648 \u062f \u06a9\u0627\u0631\u0648\u0648\u0646\u06a9\u064a \u062a\u062c\u0631\u0628\u0647 \u069a\u0647 \u06a9\u0648\u0644.<\/li><li>\u062f \u0642\u0627\u0646\u0648\u0646\u064a \u0645\u06a9\u0644\u0641\u06cc\u062a\u0648\u0646\u0648 \u0633\u0631\u0647 \u0645\u0637\u0627\u0628\u0642\u062a \u0627\u0648 \u062f \u062d\u0642\u0648\u0646\u0648 \u062f\u0641\u0627\u0639.<\/li><li>\u0628\u0627\u0632\u0627\u0631\u0645\u0648\u0646\u062f\u0646\u0647 \u0627\u0648 \u062a\u0631\u0648\u06cc\u062c \u0641\u0639\u0627\u0644\u06cc\u062a\u0648\u0646\u0647.<\/li><\/ul><p><strong>6. \u062f \u0634\u062e\u0635\u064a \u0645\u0639\u0644\u0648\u0645\u0627\u062a\u0648 \u062f \u0630\u062e\u06cc\u0631\u0647 \u06a9\u0648\u0644\u0648 \u0645\u0648\u062f\u0647<\/strong><\/p><p>\u0645\u0648\u0696 \u0633\u062a\u0627\u0633\u0648 \u0634\u062e\u0635\u064a \u0645\u0639\u0644\u0648\u0645\u0627\u062a \u06cc\u0648\u0627\u0632\u06d0 \u062a\u0631 \u0647\u063a\u0647 \u0648\u062e\u062a\u0647 \u067e\u0648\u0631\u06d0 \u0633\u0627\u062a\u0648 \u0686\u06d0 \u0632\u0645\u0648\u0696 \u062f \u067e\u0631\u0648\u0633\u0633 \u06a9\u0648\u0644\u0648 \u0645\u0648\u062e\u0648 \u0644\u067e\u0627\u0631\u0647 \u0627\u0693\u06cc\u0646 \u0648\u064a. \u062a\u0627\u0633\u0648 \u06a9\u0648\u0644\u06cc \u0634\u0626 \u0645\u0648\u0696 \u0633\u0631\u0647 \u0627\u0693\u06cc\u06a9\u0647 \u0648\u0646\u06cc\u0633\u0626 \u062a\u0631\u0685\u0648 \u0645\u0639\u0644\u0648\u0645\u0627\u062a \u062a\u0631\u0644\u0627\u0633\u0647 \u06a9\u0693\u0626 \u0686\u06d0 \u0645\u0648\u0696 \u0633\u062a\u0627\u0633\u0648 \u0645\u0639\u0644\u0648\u0645\u0627\u062a \u0685\u0648\u0645\u0631\u0647 \u0648\u062e\u062a \u0633\u0627\u062a\u0648 \u0627\u0648 \u062f\u0627 \u0645\u0648\u062f\u0647 \u0685\u0646\u06ab\u0647 \u067c\u0627\u06a9\u0644 \u06a9\u06cc\u0696\u064a.<\/p><p><strong>7. \u062f \u062a\u0627\u062f\u06cc\u0627\u062a\u0648 \u0645\u0639\u0644\u0648\u0645\u0627\u062a \u0627\u0648 \u0627\u0645\u0646\u06cc\u062a<\/strong><\/p><ul><li>\u0633\u062a\u0627\u0633\u0648 \u062f \u06a9\u0631\u06cc\u0689\u06cc\u067c \u06a9\u0627\u0631\u062a \u0627\u0648 \u062a\u0627\u062f\u06cc\u0627\u062a\u0648 \u0645\u0639\u0644\u0648\u0645\u0627\u062a \u062f \u0627\u0645\u0646\u06cc\u062a\u064a \u0627\u0642\u062f\u0627\u0645\u0627\u062a\u0648 \u0644\u06a9\u0647 256-bit SSL \u0633\u0646\u062f \u0644\u062e\u0648\u0627 \u062e\u0648\u0646\u062f\u064a \u0634\u0648\u064a.<\/li><li>\u0633\u062a\u0627\u0633\u0648 \u062f \u06a9\u0627\u0631\u062a \u0645\u0639\u0644\u0648\u0645\u0627\u062a \u067e\u0647 \u06a9\u0648\u0689 \u0634\u0648\u064a \u0644\u06cc\u0696\u062f\u0648\u0644 \u0634\u0648\u064a \u0627\u0648 \u062f Hostragons \u0644\u062e\u0648\u0627 \u0632\u06cc\u0631\u0645\u0647 \u0634\u0648\u064a \u0646\u062f\u064a.<\/li><li>\u062f \u0627\u0636\u0627\u0641\u064a \u0627\u0645\u0646\u06cc\u062a\u064a \u0648\u0633\u06cc\u0644\u0648 \u0633\u0631\u0647 \u062f \u0627\u062d\u062a\u0645\u0627\u0644\u064a \u0645\u0627\u0644\u0648\u06cc\u0631 \u067e\u0647 \u0648\u0693\u0627\u0646\u062f\u06d0 \u0627\u062d\u062a\u06cc\u0627\u0637\u064a \u062a\u062f\u0627\u0628\u06cc\u0631 \u0646\u06cc\u0648\u0644 \u0634\u0648\u064a.<\/li><\/ul><p><strong>8. \u06a9\u0648\u06a9\u06cc\u0632 \u0627\u0648 \u062f \u062a\u0639\u0642\u06cc\u0628 \u067c\u06cc\u06a9\u0646\u0627\u0644\u0648\u0698\u064a<\/strong><\/p><p class=\"translation-block\">\u0632\u0645\u0648\u0696 \u0648\u06cc\u0628 \u067e\u0627\u06bc\u0647 \u062f \u06a9\u0648\u06a9\u06cc\u0632 \u0627\u0648 \u062a\u0639\u0642\u06cc\u0628 \u067c\u06cc\u06a9\u0646\u0627\u0644\u0648\u0698\u06cd \u06a9\u0627\u0631\u0648\u064a \u062a\u0631\u0685\u0648 \u062f \u06a9\u0627\u0631\u0648\u0648\u0646\u06a9\u064a \u062a\u062c\u0631\u0628\u0647 \u069a\u0647 \u06a9\u0693\u064a \u0627\u0648 \u067e\u0648\u0647 \u0634\u064a \u0686\u06d0 \u0632\u0645\u0648\u0696 \u0648\u06cc\u0628 \u067e\u0627\u06bc\u0647 \u0685\u0646\u06ab\u0647 \u06a9\u0627\u0631\u0648\u0644 \u06a9\u06cc\u0696\u064a. \u062a\u0627\u0633\u0648 \u06a9\u0648\u0644\u06cc \u0634\u0626 \u062f \u06a9\u0648\u06a9\u06cc\u0632 \u067e\u0647 \u0627\u0693\u0647 \u0646\u0648\u0631 \u0645\u0639\u0644\u0648\u0645\u0627\u062a \u0648\u0645\u0648\u0645\u0626 \u0627\u0648 \u0685\u0646\u06ab\u0647 \u06cc\u06d0 \u0627\u062f\u0627\u0631\u0647 \u06a9\u0693\u0626 <a href=\"https:\/\/www.hostragons.com\/ps\/%d8%af-%da%a9%d9%88%da%a9%d9%8a-%d9%be%d8%a7%d9%84%db%8c%d8%b3%d9%8a\/\" target=\"_new\" rel=\"noreferrer\">\u0632\u0645\u0648\u0696 \u062f \u06a9\u0648\u06a9\u064a \u067e\u0627\u0644\u06cc\u0633\u064a<\/a> \u067e\u0627\u06bc\u0647 \u06a9\u06d0.<\/p><p><strong>9. \u062f \u0634\u062e\u0635\u064a \u0645\u0639\u0644\u0648\u0645\u0627\u062a\u0648 \u0634\u0631\u06cc\u06a9\u0648\u0644<\/strong><\/p><ul><li>\u0633\u062a\u0627\u0633\u0648 \u0634\u062e\u0635\u064a \u0645\u0639\u0644\u0648\u0645\u0627\u062a \u06cc\u0648\u0627\u0632\u06d0 \u062f \u062f\u0631\u06cc\u0645\u06d0 \u0689\u0644\u06d0 \u0633\u0631\u0647 \u0634\u0631\u06cc\u06a9 \u0634\u0648\u064a \u0686\u06cc\u0631\u06d0 \u0686\u06d0 \u0632\u0645\u0648\u0696 \u062f \u062e\u062f\u0645\u0627\u062a\u0648 \u0686\u0645\u062a\u0648 \u06a9\u0648\u0644\u0648 \u0644\u067e\u0627\u0631\u0647 \u0627\u0693\u06cc\u0646 \u0648\u064a.<\/li><li>\u0645\u0648\u0696 \u0645\u0645\u06a9\u0646 \u0633\u062a\u0627\u0633\u0648 \u0645\u0639\u0644\u0648\u0645\u0627\u062a \u062f \u0642\u0627\u0646\u0648\u0646\u064a \u0645\u06a9\u0644\u0641\u06cc\u062a\u0648\u0646\u0648 \u06cc\u0627 \u0645\u062d\u06a9\u0645\u06d0 \u0627\u0645\u0631\u0648\u0646\u0648 \u0633\u0631\u0647 \u0633\u0645 \u0634\u0631\u06cc\u06a9 \u06a9\u0693\u0648.<\/li><li>\u062f \u062f\u0631\u06cc\u0645\u06d0 \u0689\u0644\u06d0 \u0633\u0631\u0647 \u062f \u0645\u0639\u0644\u0648\u0645\u0627\u062a\u0648 \u0634\u0631\u06cc\u06a9\u0648\u0644 \u0628\u0647 \u06cc\u0648\u0627\u0632\u06d0 \u0633\u062a\u0627\u0633\u0648 \u067e\u0647 \u0631\u0636\u0627\u06cc\u062a \u0633\u0631\u0647 \u067e\u06cc\u069a \u0634\u064a.<\/li><\/ul><p><strong>10. \u062f \u06a9\u0627\u0631\u0648\u0646\u06a9\u064a \u062d\u0642\u0648\u0646\u0647<\/strong><\/p><p>\u062f GDPR \u0644\u0627\u0646\u062f\u06d0\u060c \u06a9\u0627\u0631\u0648\u0648\u0646\u06a9\u064a \u0644\u0627\u0646\u062f\u06d0 \u062d\u0642\u0648\u0646\u0647 \u0644\u0631\u064a:<\/p><ul><li>\u0634\u062e\u0635\u064a \u0645\u0639\u0644\u0648\u0645\u0627\u062a\u0648 \u062a\u0647 \u062f \u0644\u0627\u0633\u0631\u0633\u064a\u060c \u0633\u0645\u0648\u0644\u0648 \u06cc\u0627 \u062d\u0630\u0641 \u06a9\u0648\u0644\u0648 \u062d\u0642.<\/li><li>\u062f \u0689\u06cc\u067c\u0627 \u067e\u0631\u0648\u0633\u0633 \u06a9\u0648\u0644\u0648 \u0627\u0648 \u0689\u06cc\u067c\u0627 \u067e\u0648\u0631\u067c \u0648\u0693\u062a\u06cc\u0627 \u0628\u0627\u0646\u062f\u06d0 \u062f \u0627\u0639\u062a\u0631\u0627\u0636 \u062d\u0642.<\/li><li>\u067e\u0647 \u0647\u0631 \u0648\u062e\u062a \u06a9\u06d0 \u062f \u0631\u0636\u0627\u06cc\u062a \u0628\u06cc\u0631\u062a\u0647 \u0627\u062e\u06cc\u0633\u062a\u0644\u0648 \u062d\u0642.<\/li><\/ul><p><strong>11. \u062f \u0645\u0639\u0644\u0648\u0645\u0627\u062a\u0648 \u062f \u0633\u0627\u062a\u0646\u06d0 \u062f \u0627\u063a\u06cc\u0632\u0648 \u0627\u0631\u0632\u0648\u0646\u0647 (DPIA)<\/strong><\/p><p>\u062f \u0689\u06cc\u067c\u0627 \u0645\u062d\u0627\u0641\u0638\u062a \u0627\u063a\u06cc\u0632\u06d0 \u0627\u0631\u0632\u0648\u0646\u0647 \u062f \u0644\u0648\u0693 \u062e\u0637\u0631 \u0689\u06cc\u067c\u0627 \u067e\u0631\u0648\u0633\u0633 \u06a9\u0648\u0644\u0648 \u0641\u0639\u0627\u0644\u06cc\u062a\u0648\u0646\u0648 \u0644\u067e\u0627\u0631\u0647 \u062a\u0631\u0633\u0631\u0647 \u06a9\u06cc\u0696\u064a. \u062a\u0627\u0633\u0648 \u06a9\u0648\u0644\u06cc \u0634\u0626 \u062f DPIA \u067e\u0631\u0648\u0633\u06d0 \u067e\u0647 \u0627\u0693\u0647 \u062f \u0646\u0648\u0631\u0648 \u0645\u0639\u0644\u0648\u0645\u0627\u062a\u0648 \u062a\u0631\u0644\u0627\u0633\u0647 \u06a9\u0648\u0644\u0648 \u0644\u067e\u0627\u0631\u0647 \u0645\u0648\u0696 \u0633\u0631\u0647 \u0627\u0693\u06cc\u06a9\u0647 \u0648\u0646\u06cc\u0633\u0626.<\/p><p><strong>12. \u062f \u0646\u0693\u06cc\u0648\u0627\u0644\u0648 \u0645\u0639\u0644\u0648\u0645\u0627\u062a\u0648 \u0644\u06cc\u0696\u062f<\/strong><\/p><p>\u0645\u0648\u0696 \u062f EU \u0685\u062e\u0647 \u0628\u0647\u0631 \u0633\u062a\u0627\u0633\u0648 \u062f \u0634\u062e\u0635\u064a \u0645\u0639\u0644\u0648\u0645\u0627\u062a\u0648 \u0644\u06cc\u0696\u062f\u0648\u0644\u0648 \u067e\u0647 \u0648\u062e\u062a \u06a9\u06d0 \u0627\u0693\u06cc\u0646 \u0645\u062d\u0627\u0641\u0638\u062a \u0627\u0642\u062f\u0627\u0645\u0627\u062a \u06a9\u0648\u0648. \u062a\u0627\u0633\u0648 \u06a9\u0648\u0644\u06cc \u0634\u0626 \u062f \u0646\u0693\u06cc\u0648\u0627\u0644\u0648 \u0645\u0639\u0644\u0648\u0645\u0627\u062a\u0648 \u0644\u06cc\u0696\u062f \u067e\u0647 \u0627\u0693\u0647 \u062f \u0646\u0648\u0631\u0648 \u0645\u0639\u0644\u0648\u0645\u0627\u062a\u0648 \u0644\u067e\u0627\u0631\u0647 \u0645\u0648\u0696 \u0633\u0631\u0647 \u0627\u0693\u06cc\u06a9\u0647 \u0648\u0646\u06cc\u0633\u0626.<\/p><p><strong>13. \u062f \u0645\u0639\u0644\u0648\u0645\u0627\u062a\u0648 \u0633\u0631\u063a\u0693\u0648\u0646\u06d0 \u062e\u0628\u0631\u062a\u06cc\u0627<\/strong><\/p><p>\u062f \u0645\u0639\u0644\u0648\u0645\u0627\u062a\u0648 \u062f \u0633\u0631\u063a\u0693\u0648\u0646\u06d0 \u067e\u0647 \u0635\u0648\u0631\u062a \u06a9\u06d0\u060c \u0645\u0648\u0696 \u067e\u0647 \u0633\u0645\u062f\u0633\u062a\u064a \u062a\u0648\u06ab\u0647 \u0648\u0693 \u0686\u0627\u0631\u0648\u0627\u06a9\u0648 \u0627\u0648 \u0627\u063a\u06cc\u0632\u0645\u0646\u0648 \u0627\u0634\u062e\u0627\u0635\u0648 \u062a\u0647 \u062e\u0628\u0631 \u0648\u0631\u06a9\u0648\u0648. \u062a\u0627\u0633\u0648 \u06a9\u0648\u0644\u06cc \u0634\u0626 \u0632\u0645\u0648\u0696 \u0633\u0631\u0647 \u0627\u0693\u06cc\u06a9\u0647 \u0648\u0646\u06cc\u0633\u0626 \u062a\u0631\u0685\u0648 \u0632\u0645\u0648\u0696 \u062f \u0645\u0639\u0644\u0648\u0645\u0627\u062a\u0648 \u0633\u0631\u063a\u0693\u0648\u0646\u06d0 \u067e\u0631\u0648\u0633\u06cc\u062c\u0631\u0648\u0646\u0648 \u067e\u0647 \u0627\u0693\u0647 \u0646\u0648\u0631 \u0645\u0639\u0644\u0648\u0645\u0627\u062a \u0632\u062f\u0647 \u06a9\u0693\u0626.<\/p><p><strong>14. \u062f \u062a\u0693\u0648\u0646 \u0628\u062f\u0644\u0648\u0646\u0648\u0646\u0647<\/strong><\/p><p>\u062f\u0627 \u067e\u0627\u0644\u06cc\u0633\u064a \u0645\u0645\u06a9\u0646 \u0648\u062e\u062a \u067e\u0647 \u0648\u062e\u062a \u062a\u0627\u0632\u0647 \u0634\u064a. \u0647\u0631 \u0689\u0648\u0644 \u0628\u062f\u0644\u0648\u0646\u0648\u0646\u0647 \u0628\u0647 \u067e\u0647 \u062f\u06d0 \u067e\u0627\u06bc\u0647 \u06a9\u06d0 \u062e\u067e\u0627\u0631\u0647 \u0634\u064a \u0627\u0648 \u062f \u0627\u063a\u06cc\u0632\u0645\u0646\u06d0 \u0646\u06cc\u067c\u06d0 \u0633\u0631\u0647 \u0628\u0647 \u0628\u06cc\u0627\u0646 \u0634\u064a. \u06a9\u0627\u0631\u0648\u0648\u0646\u06a9\u064a \u0647\u0685\u0648\u0644 \u06a9\u06cc\u0696\u064a \u0686\u06d0 \u062f\u0627 \u067e\u0627\u06bc\u0647 \u067e\u0647 \u0645\u0646\u0638\u0645\u0647 \u062a\u0648\u06ab\u0647 \u0648\u06ab\u0648\u0631\u064a \u062a\u0631\u0685\u0648 \u062f \u0647\u0631 \u0689\u0648\u0644 \u0628\u062f\u0644\u0648\u0646\u0648\u0646\u0648 \u0685\u062e\u0647 \u062e\u0628\u0631 \u0648\u064a.<\/p>\t\t\t\t\t\t\t\t<\/div>\n\t\t\t\t<\/div>\n\t\t\t\t\t<\/div>\n\t\t<\/div>\n\t\t\t\t\t<\/div>\n\t\t<\/section>\n\t\t\t\t<\/div>","protected":false},"excerpt":{"rendered":"<p>Y\u00fcr\u00fcrl\u00fck\/G\u00fcncelleme Tarihi: 05.08.2024 1. Giri\u015f Hostragons Global Limited (&#8220;Hostragons&#8221; olarak an\u0131lacakt\u0131r), kullan\u0131c\u0131lar\u0131m\u0131z\u0131n gizlili\u011fini ve ki\u015fisel verilerinin korunmas\u0131n\u0131 ciddiye al\u0131r. Bu Gizlilik ve GDPR Uyum Politikas\u0131, ki\u015fisel verilerin nas\u0131l topland\u0131\u011f\u0131n\u0131, kullan\u0131ld\u0131\u011f\u0131n\u0131, korundu\u011funu ve GDPR kapsam\u0131nda nas\u0131l y\u00f6netildi\u011fini a\u00e7\u0131klar. Web sitemizi ve hizmetlerimizi kullanarak, bu politikay\u0131 kabul etmi\u015f say\u0131l\u0131rs\u0131n\u0131z. 2. Veri Sorumlusu ve Temsilcisi Hostragons, ki\u015fisel verilerinizi [&hellip;]<\/p>\n","protected":false},"author":94,"featured_media":7854,"parent":0,"menu_order":0,"comment_status":"closed","ping_status":"closed","template":"","meta":{"googlesitekit_rrm_CAow5YvFDA:productID":"","footnotes":""},"class_list":["post-2031","page","type-page","status-publish","has-post-thumbnail","hentry"],"_links":{"self":[{"href":"https:\/\/www.hostragons.com\/ps\/wp-json\/wp\/v2\/pages\/2031","targetHints":{"allow":["GET"]}}],"collection":[{"href":"https:\/\/www.hostragons.com\/ps\/wp-json\/wp\/v2\/pages"}],"about":[{"href":"https:\/\/www.hostragons.com\/ps\/wp-json\/wp\/v2\/types\/page"}],"author":[{"embeddable":true,"href":"https:\/\/www.hostragons.com\/ps\/wp-json\/wp\/v2\/users\/94"}],"replies":[{"embeddable":true,"href":"https:\/\/www.hostragons.com\/ps\/wp-json\/wp\/v2\/comments?post=2031"}],"version-history":[{"count":0,"href":"https:\/\/www.hostragons.com\/ps\/wp-json\/wp\/v2\/pages\/2031\/revisions"}],"wp:featuredmedia":[{"embeddable":true,"href":"https:\/\/www.hostragons.com\/ps\/wp-json\/wp\/v2\/media\/7854"}],"wp:attachment":[{"href":"https:\/\/www.hostragons.com\/ps\/wp-json\/wp\/v2\/media?parent=2031"}],"curies":[{"name":"\u0689\u0628\u0644\u06cc\u0648 \u067e\u064a","href":"https:\/\/api.w.org\/{rel}","templated":true}]}}