{"id":2358,"date":"2020-10-02T08:03:18","date_gmt":"2020-10-02T05:03:18","guid":{"rendered":"https:\/\/www.hostragons.com\/?page_id=2358"},"modified":"2025-03-25T09:07:38","modified_gmt":"2025-03-25T09:07:38","slug":"polityka-plikow-cookie","status":"publish","type":"page","link":"https:\/\/www.hostragons.com\/pl\/polityka-plikow-cookie\/","title":{"rendered":"Polityka plik\u00f3w cookie"},"content":{"rendered":"<div data-elementor-type=\"wp-page\" data-elementor-id=\"2358\" class=\"elementor elementor-2358\" data-elementor-post-type=\"page\">\n\t\t\t\t\t\t<section class=\"elementor-section elementor-top-section elementor-element elementor-element-9da5eda elementor-section-boxed elementor-section-height-default elementor-section-height-default\" data-id=\"9da5eda\" data-element_type=\"section\" data-e-type=\"section\">\n\t\t\t\t\t\t<div class=\"elementor-container elementor-column-gap-default\">\n\t\t\t\t\t<div class=\"elementor-column elementor-col-100 elementor-top-column elementor-element elementor-element-a7228de\" data-id=\"a7228de\" data-element_type=\"column\" data-e-type=\"column\">\n\t\t\t<div class=\"elementor-widget-wrap elementor-element-populated\">\n\t\t\t\t\t\t<div class=\"elementor-element elementor-element-8bde4d6 elementor-widget elementor-widget-text-editor\" data-id=\"8bde4d6\" data-element_type=\"widget\" data-e-type=\"widget\" data-widget_type=\"text-editor.default\">\n\t\t\t\t<div class=\"elementor-widget-container\">\n\t\t\t\t\t\t\t\t\t<p><strong>Data wej\u015bcia w \u017cycie\/aktualizacji:<\/strong> 05.08.2024<\/p><p><strong>1. Co to jest plik cookie?<\/strong><\/p><p>Pliki cookie to ma\u0142e pliki danych wysy\u0142ane do Twojej przegl\u0105darki przez strony internetowe i przechowywane na Twoim urz\u0105dzeniu. Pliki te pozwalaj\u0105 Twojej przegl\u0105darce rozpozna\u0107 witryn\u0119 przy ponownym wej\u015bciu na ni\u0105 i spersonalizowa\u0107 Twoje do\u015bwiadczenia u\u017cytkownika, zapami\u0119tuj\u0105c Twoje preferencje z poprzednich wizyt.<\/p><p><strong>2. Cele wykorzystania plik\u00f3w cookies<\/strong><\/p><p>Hostragons wykorzystuje pliki cookies w nast\u0119puj\u0105cych celach:<\/p><ul><li class=\"translation-block\"><strong>Obowi\u0105zkowe pliki cookie:<\/strong> Niezb\u0119dne, aby witryna mog\u0142a wykonywa\u0107 swoje podstawowe funkcje.<\/li><li><strong>Wydajne pliki cookie:<\/strong> S\u0142u\u017cy do monitorowania i poprawy wydajno\u015bci witryny.<\/li><li class=\"translation-block\"><strong>Funkcjonalne pliki cookie:<\/strong> zapewniaj\u0105 spersonalizowan\u0105 obs\u0142ug\u0119 poprzez zapami\u0119tywanie preferencji u\u017cytkownika.<\/li><li class=\"translation-block\"><strong>Reklamowe i marketingowe pliki cookie:<\/strong> wykorzystywane do dostarczania tre\u015bci i reklam dostosowanych do Twoich zainteresowa\u0144.<\/li><\/ul><p><strong>3. Pliki cookie stron trzecich<\/strong><\/p><p>Niekt\u00f3re pliki cookie w naszej witrynie s\u0105 zarz\u0105dzane przez zewn\u0119trznych dostawc\u00f3w us\u0142ug. Te pliki cookie s\u0105 wykorzystywane do us\u0142ug reklamowych i analitycznych i podlegaj\u0105 w\u0142asnym politykom prywatno\u015bci stron trzecich. Zalecamy zapoznanie si\u0119 z polityk\u0105 prywatno\u015bci tych dostawc\u00f3w us\u0142ug, aby uzyska\u0107 wi\u0119cej informacji na temat korzystania przez nich z plik\u00f3w cookie stron trzecich.<\/p><p><strong>4. Kontrola i usuwanie plik\u00f3w cookies<\/strong><\/p><p>Mo\u017cesz zarz\u0105dza\u0107, akceptowa\u0107 lub odrzuca\u0107 pliki cookie za pomoc\u0105 ustawie\u0144 przegl\u0105darki. Mo\u017cesz tak\u017ce usun\u0105\u0107 pliki cookies zapisane wcze\u015bniej w Twojej przegl\u0105darce. Wi\u0119cej informacji na temat zarz\u0105dzania plikami cookies znajdziesz w instrukcji w\u0142a\u015bciwej dla przegl\u0105darki, z kt\u00f3rej korzystasz:<\/p><ul><li><a target=\"_new\" rel=\"noreferrer\">GoogleChrome<\/a><\/li><li><a href=\"https:\/\/support.mozilla.org\/tr\/kb\/cerezleri-silme\" target=\"_new\" rel=\"noreferrer noopener\">Mozilla Firefox<\/a><\/li><li><a href=\"https:\/\/support.apple.com\/tr-tr\/guide\/safari\/sfri11471\/mac\" target=\"_new\" rel=\"noreferrer noopener\">Safari<\/a><\/li><li><a href=\"https:\/\/support.microsoft.com\/tr-tr\/help\/4027947\/microsoft-edge-delete-cookies\" target=\"_new\" rel=\"noreferrer noopener\">Microsoft Edge\u2019a<\/a><\/li><\/ul><p class=\"translation-block\">5. Zmiany w Polityce Cookies<\/p><p>Hostragons zastrzega sobie prawo do zmiany polityki dotycz\u0105cej plik\u00f3w cookies. Wszelkie zmiany w naszej polityce b\u0119d\u0105 aktualizowane na tej stronie i wejd\u0105 w \u017cycie. Zalecamy, aby u\u017cytkownicy byli na bie\u017c\u0105co informowani o wszelkich zmianach poprzez regularne sprawdzanie tej strony.<\/p><p><strong>6. Komunikacja<\/strong><\/p><p>W przypadku pyta\u0144 dotycz\u0105cych niniejszej polityki dotycz\u0105cej plik\u00f3w cookie <a rel=\"noreferrer\">hello@hostragons.com<\/a> Mo\u017cesz si\u0119 z nami skontaktowa\u0107 pod adresem.<\/p>\t\t\t\t\t\t\t\t<\/div>\n\t\t\t\t<\/div>\n\t\t\t\t\t<\/div>\n\t\t<\/div>\n\t\t\t\t\t<\/div>\n\t\t<\/section>\n\t\t\t\t<\/div>","protected":false},"excerpt":{"rendered":"<p>Y\u00fcr\u00fcrl\u00fck\/G\u00fcncelleme Tarihi: 05.08.2024 1. \u00c7erez (Cookie) Nedir? \u00c7erezler, web siteleri taraf\u0131ndan taray\u0131c\u0131n\u0131za g\u00f6nderilen ve cihaz\u0131n\u0131zda depolanan k\u00fc\u00e7\u00fck veri dosyalar\u0131d\u0131r. Bu dosyalar, siteyi tekrar ziyaret etti\u011finizde taray\u0131c\u0131n\u0131z\u0131n web sitesini tan\u0131mas\u0131n\u0131 sa\u011flar ve \u00f6nceki ziyaretlerinizdeki tercihlerinizi hat\u0131rlayarak kullan\u0131c\u0131 deneyiminizi ki\u015fiselle\u015ftirir. 2. \u00c7erezlerin Kullan\u0131m Ama\u00e7lar\u0131 Hostragons, a\u015fa\u011f\u0131daki ama\u00e7lar do\u011frultusunda \u00e7erezleri kullan\u0131r: Zorunlu \u00c7erezler: Sitenin temel i\u015flevlerini yerine getirebilmesi [&hellip;]<\/p>\n","protected":false},"author":94,"featured_media":7852,"parent":0,"menu_order":0,"comment_status":"closed","ping_status":"closed","template":"","meta":{"googlesitekit_rrm_CAow5YvFDA:productID":"","footnotes":""},"class_list":["post-2358","page","type-page","status-publish","has-post-thumbnail","hentry"],"_links":{"self":[{"href":"https:\/\/www.hostragons.com\/pl\/wp-json\/wp\/v2\/pages\/2358","targetHints":{"allow":["GET"]}}],"collection":[{"href":"https:\/\/www.hostragons.com\/pl\/wp-json\/wp\/v2\/pages"}],"about":[{"href":"https:\/\/www.hostragons.com\/pl\/wp-json\/wp\/v2\/types\/page"}],"author":[{"embeddable":true,"href":"https:\/\/www.hostragons.com\/pl\/wp-json\/wp\/v2\/users\/94"}],"replies":[{"embeddable":true,"href":"https:\/\/www.hostragons.com\/pl\/wp-json\/wp\/v2\/comments?post=2358"}],"version-history":[{"count":0,"href":"https:\/\/www.hostragons.com\/pl\/wp-json\/wp\/v2\/pages\/2358\/revisions"}],"wp:featuredmedia":[{"embeddable":true,"href":"https:\/\/www.hostragons.com\/pl\/wp-json\/wp\/v2\/media\/7852"}],"wp:attachment":[{"href":"https:\/\/www.hostragons.com\/pl\/wp-json\/wp\/v2\/media?parent=2358"}],"curies":[{"name":"wp","href":"https:\/\/api.w.org\/{rel}","templated":true}]}}