{"id":2031,"date":"2020-09-08T16:09:39","date_gmt":"2020-09-08T13:09:39","guid":{"rendered":"https:\/\/www.hostragons.com\/?page_id=2031"},"modified":"2024-09-26T17:52:04","modified_gmt":"2024-09-26T14:52:04","slug":"polityka-prywatnosci","status":"publish","type":"page","link":"https:\/\/www.hostragons.com\/pl\/polityka-prywatnosci\/","title":{"rendered":"Polityka prywatno\u015bci"},"content":{"rendered":"<div data-elementor-type=\"wp-page\" data-elementor-id=\"2031\" class=\"elementor elementor-2031\" data-elementor-post-type=\"page\">\n\t\t\t\t\t\t<section class=\"elementor-section elementor-top-section elementor-element elementor-element-91e4b54 elementor-section-boxed elementor-section-height-default elementor-section-height-default\" data-id=\"91e4b54\" data-element_type=\"section\" data-e-type=\"section\">\n\t\t\t\t\t\t<div class=\"elementor-container elementor-column-gap-default\">\n\t\t\t\t\t<div class=\"elementor-column elementor-col-100 elementor-top-column elementor-element elementor-element-0774a31\" data-id=\"0774a31\" data-element_type=\"column\" data-e-type=\"column\">\n\t\t\t<div class=\"elementor-widget-wrap elementor-element-populated\">\n\t\t\t\t\t\t<div class=\"elementor-element elementor-element-830efa2 elementor-widget elementor-widget-text-editor\" data-id=\"830efa2\" data-element_type=\"widget\" data-e-type=\"widget\" data-widget_type=\"text-editor.default\">\n\t\t\t\t<div class=\"elementor-widget-container\">\n\t\t\t\t\t\t\t\t\t<p><strong>Data wej\u015bcia w \u017cycie\/aktualizacji: 05.08.2024<\/strong><\/p><p><strong>1. Wprowadzenie<\/strong><\/p><p>Hostragons Global Limited (\u201eHostragons\u201d) powa\u017cnie podchodzi do prywatno\u015bci naszych u\u017cytkownik\u00f3w i ochrony ich danych osobowych. Niniejsza Polityka prywatno\u015bci i zgodno\u015bci z RODO wyja\u015bnia, w jaki spos\u00f3b dane osobowe s\u0105 gromadzone, wykorzystywane, chronione i zarz\u0105dzane w ramach RODO. Korzystanie z naszej witryny internetowej i us\u0142ug oznacza akceptacj\u0119 tej polityki.<\/p><p><strong>2. Administrator danych i przedstawiciel<\/strong><\/p><p>Hostragons jest administratorem danych odpowiedzialnym za ochron\u0119 Twoich danych osobowych. Nasz przedstawiciel w Unii Europejskiej:<\/p><ul><li><strong>Przedstawiciel ds. ochrony danych:<\/strong> Ustawa o ochronie prywatno\u015bci Quebecu.<\/li><\/ul><p><strong>3. Podstawowe zasady przetwarzania danych<\/strong><\/p><p>W Hostragons przestrzegamy nast\u0119puj\u0105cych podstawowych zasad, zgodnie z wymogami RODO:<\/p><ul><li class=\"translation-block\"><strong>Przejrzysto\u015b\u0107:<\/strong> Jasno okre\u015blamy, w jaki spos\u00f3b zbieramy i przetwarzamy Twoje dane osobowe.<\/li><li class=\"translation-block\"><strong>Dok\u0142adno\u015b\u0107:<\/strong> dbamy o to, aby Twoje dane by\u0142y dok\u0142adne i aktualne.<\/li><li class=\"translation-block\"><strong>Minimalizacja:<\/strong> Zbieramy i przetwarzamy tylko niezb\u0119dne dane.<\/li><li class=\"translation-block\"><strong>Ograniczenie przechowywania:<\/strong> Przechowujemy Twoje dane tylko tak d\u0142ugo, jak jest to konieczne.<\/li><\/ul><p><strong>4. Zebrane informacje<\/strong><\/p><p>Hostragons gromadzi nast\u0119puj\u0105ce dane osobowe:<\/p><ul><li class=\"translation-block\"><strong>Dane identyfikacyjne:<\/strong> Imi\u0119, nazwisko, adres, numer telefonu, adres e-mail.<\/li><li class=\"translation-block\"><strong>Informacje dotycz\u0105ce p\u0142atno\u015bci:<\/strong> Informacje o karcie kredytowej i szczeg\u00f3\u0142y p\u0142atno\u015bci.<\/li><li class=\"translation-block\"><strong>Dane techniczne:<\/strong> adres IP, typ przegl\u0105darki, system operacyjny.<\/li><li class=\"translation-block\"><strong>Zachowanie u\u017cytkownika:<\/strong> preferencje u\u017cytkownika, ruchy na stronie.<\/li><\/ul><p><strong>5. Wykorzystanie danych osobowych<\/strong><\/p><p>Zebrane dane osobowe wykorzystywane s\u0105 w nast\u0119puj\u0105cych celach:<\/p><ul><li>\u015awiadczenie i zarz\u0105dzanie us\u0142ugami.<\/li><li>Us\u0142ugi wsparcia klienta i komunikacja.<\/li><li>Fakturowanie transakcji i przygotowywanie dokument\u00f3w prawnych.<\/li><li>Poprawianie wydajno\u015bci naszej witryny internetowej i komfortu u\u017cytkowania.<\/li><li>Wype\u0142nianie obowi\u0105zk\u00f3w prawnych i obrona praw.<\/li><li>Dzia\u0142ania marketingowe i promocyjne.<\/li><\/ul><p><strong>6. Okres przechowywania danych osobowych<\/strong><\/p><p>Przechowujemy Twoje dane osobowe tylko tak d\u0142ugo, jak jest to konieczne do cel\u00f3w naszego przetwarzania. Mo\u017cesz si\u0119 z nami skontaktowa\u0107, aby uzyska\u0107 informacj\u0119 o tym, jak d\u0142ugo przechowujemy Twoje dane i jak ten okres jest ustalany.<\/p><p><strong>7. Informacje dotycz\u0105ce p\u0142atno\u015bci i bezpiecze\u0144stwo<\/strong><\/p><ul><li>Informacje o Twojej karcie kredytowej i p\u0142atno\u015bci s\u0105 chronione \u015brodkami bezpiecze\u0144stwa, takimi jak 256-bitowy certyfikat SSL.<\/li><li>Informacje o Twojej karcie s\u0105 przesy\u0142ane w postaci zaszyfrowanej i nie s\u0105 przechowywane przez Hostragons.<\/li><li>Podejmowane s\u0105 \u015brodki ostro\u017cno\u015bci przed mo\u017cliwym z\u0142o\u015bliwym oprogramowaniem za pomoc\u0105 dodatkowych narz\u0119dzi bezpiecze\u0144stwa.<\/li><\/ul><p><strong>8. Pliki cookie i technologie \u015bledz\u0105ce<\/strong><\/p><p class=\"translation-block\">Nasza witryna korzysta z plik\u00f3w cookie i technologii \u015bledzenia, aby poprawi\u0107 komfort u\u017cytkowania i zrozumie\u0107, w jaki spos\u00f3b u\u017cywana jest nasza witryna. Wi\u0119cej informacji na temat plik\u00f3w cookie i sposob\u00f3w zarz\u0105dzania nimi mo\u017cna znale\u017a\u0107 na stronie <a href=\"https:\/\/www.hostragons.com\/pl\/polityka-plikow-cookie\/\" target=\"_new\" rel=\"noreferrer\">Polityka plik\u00f3w cookie<\/a> .<\/p><p><strong>9. Udost\u0119pnianie danych osobowych<\/strong><\/p><ul><li>Twoje dane osobowe udost\u0119pniamy podmiotom trzecim jedynie tam, gdzie jest to niezb\u0119dne do \u015bwiadczenia naszych us\u0142ug.<\/li><li>Mo\u017cemy udost\u0119pnia\u0107 Twoje dane zgodnie z obowi\u0105zkami prawnymi lub nakazami s\u0105dowymi.<\/li><li>Udost\u0119pnianie danych podmiotom trzecim nast\u0105pi wy\u0142\u0105cznie za Twoj\u0105 zgod\u0105.<\/li><\/ul><p><strong>10. Prawa u\u017cytkownika<\/strong><\/p><p>Zgodnie z RODO u\u017cytkownikom przys\u0142uguj\u0105 nast\u0119puj\u0105ce prawa:<\/p><ul><li>Prawo dost\u0119pu do danych osobowych, ich poprawiania lub usuni\u0119cia.<\/li><li>Prawo do sprzeciwu wobec przetwarzania i przenoszenia danych.<\/li><li>Prawo do wycofania zgody w dowolnym momencie.<\/li><\/ul><p><strong>11. Ocena skutk\u00f3w dla ochrony danych (DPIA)<\/strong><\/p><p>Ocen\u0119 skutk\u00f3w dla ochrony danych przeprowadza si\u0119 w przypadku dzia\u0142a\u0144 zwi\u0105zanych z przetwarzaniem danych wysokiego ryzyka. Mo\u017cesz skontaktowa\u0107 si\u0119 z nami, aby uzyska\u0107 wi\u0119cej informacji na temat procesu DPIA.<\/p><p><strong>12. Mi\u0119dzynarodowe przesy\u0142anie danych<\/strong><\/p><p>Przy przekazywaniu Twoich danych osobowych poza UE podejmujemy niezb\u0119dne \u015brodki ochrony. Mo\u017cesz skontaktowa\u0107 si\u0119 z nami, aby uzyska\u0107 wi\u0119cej informacji na temat mi\u0119dzynarodowego przesy\u0142ania danych.<\/p><p><strong>13. Powiadomienie o naruszeniu danych<\/strong><\/p><p>W przypadku naruszenia danych niezw\u0142ocznie powiadamiamy w\u0142a\u015bciwe w\u0142adze i zainteresowane osoby. Mo\u017cesz si\u0119 z nami skontaktowa\u0107, aby dowiedzie\u0107 si\u0119 wi\u0119cej o naszych procedurach dotycz\u0105cych narusze\u0144 danych.<\/p><p><strong>14. Zmiany umowy<\/strong><\/p><p>Niniejsza polityka mo\u017ce by\u0107 okresowo aktualizowana. Wszelkie zmiany, kt\u00f3re maj\u0105 zosta\u0107 wprowadzone, zostan\u0105 opublikowane na tej stronie i b\u0119d\u0105 oznaczone dat\u0105 wej\u015bcia w \u017cycie. Zach\u0119camy u\u017cytkownik\u00f3w do regularnego sprawdzania tej strony, aby by\u0107 na bie\u017c\u0105co z wszelkimi zmianami.<\/p>\t\t\t\t\t\t\t\t<\/div>\n\t\t\t\t<\/div>\n\t\t\t\t\t<\/div>\n\t\t<\/div>\n\t\t\t\t\t<\/div>\n\t\t<\/section>\n\t\t\t\t<\/div>","protected":false},"excerpt":{"rendered":"<p>Y\u00fcr\u00fcrl\u00fck\/G\u00fcncelleme Tarihi: 05.08.2024 1. Giri\u015f Hostragons Global Limited (&#8220;Hostragons&#8221; olarak an\u0131lacakt\u0131r), kullan\u0131c\u0131lar\u0131m\u0131z\u0131n gizlili\u011fini ve ki\u015fisel verilerinin korunmas\u0131n\u0131 ciddiye al\u0131r. Bu Gizlilik ve GDPR Uyum Politikas\u0131, ki\u015fisel verilerin nas\u0131l topland\u0131\u011f\u0131n\u0131, kullan\u0131ld\u0131\u011f\u0131n\u0131, korundu\u011funu ve GDPR kapsam\u0131nda nas\u0131l y\u00f6netildi\u011fini a\u00e7\u0131klar. Web sitemizi ve hizmetlerimizi kullanarak, bu politikay\u0131 kabul etmi\u015f say\u0131l\u0131rs\u0131n\u0131z. 2. Veri Sorumlusu ve Temsilcisi Hostragons, ki\u015fisel verilerinizi [&hellip;]<\/p>\n","protected":false},"author":94,"featured_media":7854,"parent":0,"menu_order":0,"comment_status":"closed","ping_status":"closed","template":"","meta":{"googlesitekit_rrm_CAow5YvFDA:productID":"","footnotes":""},"class_list":["post-2031","page","type-page","status-publish","has-post-thumbnail","hentry"],"_links":{"self":[{"href":"https:\/\/www.hostragons.com\/pl\/wp-json\/wp\/v2\/pages\/2031","targetHints":{"allow":["GET"]}}],"collection":[{"href":"https:\/\/www.hostragons.com\/pl\/wp-json\/wp\/v2\/pages"}],"about":[{"href":"https:\/\/www.hostragons.com\/pl\/wp-json\/wp\/v2\/types\/page"}],"author":[{"embeddable":true,"href":"https:\/\/www.hostragons.com\/pl\/wp-json\/wp\/v2\/users\/94"}],"replies":[{"embeddable":true,"href":"https:\/\/www.hostragons.com\/pl\/wp-json\/wp\/v2\/comments?post=2031"}],"version-history":[{"count":0,"href":"https:\/\/www.hostragons.com\/pl\/wp-json\/wp\/v2\/pages\/2031\/revisions"}],"wp:featuredmedia":[{"embeddable":true,"href":"https:\/\/www.hostragons.com\/pl\/wp-json\/wp\/v2\/media\/7854"}],"wp:attachment":[{"href":"https:\/\/www.hostragons.com\/pl\/wp-json\/wp\/v2\/media?parent=2031"}],"curies":[{"name":"wp","href":"https:\/\/api.w.org\/{rel}","templated":true}]}}