{"id":2358,"date":"2020-10-02T08:03:18","date_gmt":"2020-10-02T05:03:18","guid":{"rendered":"https:\/\/www.hostragons.com\/?page_id=2358"},"modified":"2025-03-25T09:07:38","modified_gmt":"2025-03-25T09:07:38","slug":"%e0%a8%95%e0%a9%82%e0%a8%95%e0%a9%80-%e0%a8%a8%e0%a9%80%e0%a8%a4%e0%a9%80","status":"publish","type":"page","link":"https:\/\/www.hostragons.com\/pa\/%e0%a8%95%e0%a9%82%e0%a8%95%e0%a9%80-%e0%a8%a8%e0%a9%80%e0%a8%a4%e0%a9%80\/","title":{"rendered":"\u0a15\u0a42\u0a15\u0a40 \u0a28\u0a40\u0a24\u0a40"},"content":{"rendered":"<div data-elementor-type=\"wp-page\" data-elementor-id=\"2358\" class=\"elementor elementor-2358\" data-elementor-post-type=\"page\">\n\t\t\t\t\t\t<section class=\"elementor-section elementor-top-section elementor-element elementor-element-9da5eda elementor-section-boxed elementor-section-height-default elementor-section-height-default\" data-id=\"9da5eda\" data-element_type=\"section\" data-e-type=\"section\">\n\t\t\t\t\t\t<div class=\"elementor-container elementor-column-gap-default\">\n\t\t\t\t\t<div class=\"elementor-column elementor-col-100 elementor-top-column elementor-element elementor-element-a7228de\" data-id=\"a7228de\" data-element_type=\"column\" data-e-type=\"column\">\n\t\t\t<div class=\"elementor-widget-wrap elementor-element-populated\">\n\t\t\t\t\t\t<div class=\"elementor-element elementor-element-8bde4d6 elementor-widget elementor-widget-text-editor\" data-id=\"8bde4d6\" data-element_type=\"widget\" data-e-type=\"widget\" data-widget_type=\"text-editor.default\">\n\t\t\t\t<div class=\"elementor-widget-container\">\n\t\t\t\t\t\t\t\t\t<p><strong>\u0a2a\u0a4d\u0a30\u0a2d\u0a3e\u0a35\u0a40\/\u0a05\u0a71\u0a2a\u0a21\u0a47\u0a1f \u0a2e\u0a3f\u0a24\u0a40:<\/strong> 05.08.2024<\/p><p><strong>1. \u0a15\u0a42\u0a15\u0a40 \u0a15\u0a40 \u0a39\u0a48?<\/strong><\/p><p>\u0a15\u0a42\u0a15\u0a40\u0a1c\u0a3c \u0a1b\u0a4b\u0a1f\u0a40\u0a06\u0a02 \u0a21\u0a47\u0a1f\u0a3e \u0a2b\u0a3e\u0a08\u0a32\u0a3e\u0a02 \u0a39\u0a41\u0a70\u0a26\u0a40\u0a06\u0a02 \u0a39\u0a28 \u0a1c\u0a4b \u0a35\u0a48\u0a2c\u0a38\u0a3e\u0a08\u0a1f\u0a3e\u0a02 \u0a26\u0a41\u0a06\u0a30\u0a3e \u0a24\u0a41\u0a39\u0a3e\u0a21\u0a47 \u0a2c\u0a4d\u0a30\u0a3e\u0a09\u0a1c\u0a3c\u0a30 \u0a28\u0a42\u0a70 \u0a2d\u0a47\u0a1c\u0a40\u0a06\u0a02 \u0a1c\u0a3e\u0a02\u0a26\u0a40\u0a06\u0a02 \u0a39\u0a28 \u0a05\u0a24\u0a47 \u0a24\u0a41\u0a39\u0a3e\u0a21\u0a40 \u0a21\u0a3f\u0a35\u0a3e\u0a08\u0a38 \u0a24\u0a47 \u0a38\u0a1f\u0a4b\u0a30 \u0a15\u0a40\u0a24\u0a40\u0a06\u0a02 \u0a1c\u0a3e\u0a02\u0a26\u0a40\u0a06\u0a02 \u0a39\u0a28\u0964 \u0a07\u0a39 \u0a2b\u0a3c\u0a3e\u0a08\u0a32\u0a3e\u0a02 \u0a24\u0a41\u0a39\u0a3e\u0a21\u0a47 \u0a2c\u0a4d\u0a30\u0a3e\u0a0a\u0a1c\u0a3c\u0a30 \u0a28\u0a42\u0a70 \u0a35\u0a48\u0a71\u0a2c\u0a38\u0a3e\u0a08\u0a1f \u0a26\u0a40 \u0a2a\u0a1b\u0a3e\u0a23 \u0a15\u0a30\u0a28 \u0a26\u0a40 \u0a07\u0a1c\u0a3e\u0a1c\u0a3c\u0a24 \u0a26\u0a3f\u0a70\u0a26\u0a40\u0a06\u0a02 \u0a39\u0a28 \u0a1c\u0a26\u0a4b\u0a02 \u0a24\u0a41\u0a38\u0a40\u0a02 \u0a07\u0a38 &#039;\u0a24\u0a47 \u0a26\u0a41\u0a2c\u0a3e\u0a30\u0a3e \u0a1c\u0a3e\u0a02\u0a26\u0a47 \u0a39\u0a4b \u0a05\u0a24\u0a47 \u0a2a\u0a3f\u0a1b\u0a32\u0a40\u0a06\u0a02 \u0a2e\u0a41\u0a32\u0a3e\u0a15\u0a3e\u0a24\u0a3e\u0a02 \u0a24\u0a4b\u0a02 \u0a24\u0a41\u0a39\u0a3e\u0a21\u0a40\u0a06\u0a02 \u0a24\u0a30\u0a1c\u0a40\u0a39\u0a3e\u0a02 \u0a28\u0a42\u0a70 \u0a2f\u0a3e\u0a26 \u0a15\u0a30\u0a15\u0a47 \u0a24\u0a41\u0a39\u0a3e\u0a21\u0a47 \u0a09\u0a2a\u0a2d\u0a4b\u0a17\u0a24\u0a3e \u0a05\u0a28\u0a41\u0a2d\u0a35 \u0a28\u0a42\u0a70 \u0a28\u0a3f\u0a1c\u0a40 \u0a2c\u0a23\u0a3e\u0a13\u0964<\/p><p><strong>2. \u0a15\u0a42\u0a15\u0a40\u0a1c\u0a3c \u0a26\u0a40 \u0a35\u0a30\u0a24\u0a4b\u0a02 \u0a26\u0a47 \u0a09\u0a26\u0a47\u0a38\u0a3c<\/strong><\/p><p>\u0a39\u0a4b\u0a38\u0a1f\u0a30\u0a3e\u0a17\u0a28 \u0a39\u0a47\u0a20\u0a3e\u0a02 \u0a26\u0a3f\u0a71\u0a24\u0a47 \u0a09\u0a26\u0a47\u0a38\u0a3c\u0a3e\u0a02 \u0a32\u0a08 \u0a15\u0a42\u0a15\u0a40\u0a1c\u0a3c \u0a26\u0a40 \u0a35\u0a30\u0a24\u0a4b\u0a02 \u0a15\u0a30\u0a26\u0a3e \u0a39\u0a48:<\/p><ul><li class=\"translation-block\"><strong>\u0a32\u0a3e\u0a1c\u0a3c\u0a2e\u0a40 \u0a15\u0a42\u0a15\u0a40\u0a1c\u0a3c:<\/strong> \u0a38\u0a3e\u0a08\u0a1f \u0a28\u0a42\u0a70 \u0a07\u0a38\u0a26\u0a47 \u0a2c\u0a41\u0a28\u0a3f\u0a06\u0a26\u0a40 \u0a15\u0a3e\u0a30\u0a1c \u0a15\u0a30\u0a28 \u0a32\u0a08 \u0a1c\u0a3c\u0a30\u0a42\u0a30\u0a40 \u0a39\u0a48\u0964<\/li><li><strong>\u0a2a\u0a4d\u0a30\u0a26\u0a30\u0a38\u0a3c\u0a28 \u0a15\u0a42\u0a15\u0a40\u0a1c\u0a3c:<\/strong> \u0a07\u0a39 \u0a38\u0a3e\u0a08\u0a1f \u0a26\u0a40 \u0a15\u0a3e\u0a30\u0a17\u0a41\u0a1c\u0a3c\u0a3e\u0a30\u0a40 \u0a26\u0a40 \u0a28\u0a3f\u0a17\u0a30\u0a3e\u0a28\u0a40 \u0a05\u0a24\u0a47 \u0a38\u0a41\u0a27\u0a3e\u0a30 \u0a15\u0a30\u0a28 \u0a32\u0a08 \u0a35\u0a30\u0a24\u0a3f\u0a06 \u0a1c\u0a3e\u0a02\u0a26\u0a3e \u0a39\u0a48.<\/li><li class=\"translation-block\"><strong>\u0a2b\u0a70\u0a15\u0a38\u0a3c\u0a28\u0a32 \u0a15\u0a42\u0a15\u0a40\u0a1c\u0a3c:<\/strong> \u0a09\u0a2a\u0a2d\u0a4b\u0a17\u0a24\u0a3e \u0a24\u0a30\u0a1c\u0a40\u0a39\u0a3e\u0a02 \u0a28\u0a42\u0a70 \u0a2f\u0a3e\u0a26 \u0a15\u0a30\u0a15\u0a47 \u0a07\u0a71\u0a15 \u0a35\u0a3f\u0a05\u0a15\u0a24\u0a40\u0a17\u0a24 \u0a05\u0a28\u0a41\u0a2d\u0a35 \u0a2a\u0a4d\u0a30\u0a26\u0a3e\u0a28 \u0a15\u0a30\u0a26\u0a3e \u0a39\u0a48\u0964<\/li><li class=\"translation-block\"><strong>\u0a07\u0a38\u0a3c\u0a24\u0a3f\u0a39\u0a3e\u0a30\u0a2c\u0a3e\u0a1c\u0a3c\u0a40 \u0a05\u0a24\u0a47 \u0a2e\u0a3e\u0a30\u0a15\u0a40\u0a1f\u0a3f\u0a70\u0a17 \u0a15\u0a42\u0a15\u0a40\u0a1c\u0a3c:<\/strong> \u0a24\u0a41\u0a39\u0a3e\u0a21\u0a40\u0a06\u0a02 \u0a30\u0a41\u0a1a\u0a40\u0a06\u0a02 \u0a26\u0a47 \u0a05\u0a28\u0a41\u0a38\u0a3e\u0a30 \u0a38\u0a2e\u0a71\u0a17\u0a30\u0a40 \u0a05\u0a24\u0a47 \u0a07\u0a38\u0a3c\u0a24\u0a3f\u0a39\u0a3e\u0a30 \u0a2a\u0a4d\u0a30\u0a26\u0a3e\u0a28 \u0a15\u0a30\u0a28 \u0a32\u0a08 \u0a35\u0a30\u0a24\u0a3f\u0a06 \u0a1c\u0a3e\u0a02\u0a26\u0a3e \u0a39\u0a48\u0964<\/li><\/ul><p><strong>3. \u0a24\u0a40\u0a1c\u0a40 \u0a27\u0a3f\u0a30 \u0a15\u0a42\u0a15\u0a40\u0a1c\u0a3c<\/strong><\/p><p>\u0a38\u0a3e\u0a21\u0a40 \u0a38\u0a3e\u0a08\u0a1f &#039;\u0a24\u0a47 \u0a15\u0a41\u0a1d \u0a15\u0a41\u0a15\u0a40\u0a1c\u0a3c \u0a28\u0a42\u0a70 \u0a24\u0a40\u0a1c\u0a40-\u0a27\u0a3f\u0a30 \u0a26\u0a47 \u0a38\u0a47\u0a35\u0a3e \u0a2a\u0a4d\u0a30\u0a26\u0a3e\u0a24\u0a3e\u0a35\u0a3e\u0a02 \u0a26\u0a41\u0a06\u0a30\u0a3e \u0a2a\u0a4d\u0a30\u0a2c\u0a70\u0a27\u0a3f\u0a24 \u0a15\u0a40\u0a24\u0a3e \u0a1c\u0a3e\u0a02\u0a26\u0a3e \u0a39\u0a48\u0964 \u0a07\u0a39 \u0a15\u0a42\u0a15\u0a40\u0a1c\u0a3c \u0a07\u0a38\u0a3c\u0a24\u0a3f\u0a39\u0a3e\u0a30\u0a2c\u0a3e\u0a1c\u0a3c\u0a40 \u0a05\u0a24\u0a47 \u0a35\u0a3f\u0a38\u0a3c\u0a32\u0a47\u0a38\u0a3c\u0a23 \u0a38\u0a47\u0a35\u0a3e\u0a35\u0a3e\u0a02 \u0a32\u0a08 \u0a35\u0a30\u0a24\u0a40\u0a06\u0a02 \u0a1c\u0a3e\u0a02\u0a26\u0a40\u0a06\u0a02 \u0a39\u0a28 \u0a05\u0a24\u0a47 \u0a24\u0a40\u0a1c\u0a40 \u0a27\u0a3f\u0a30 \u0a26\u0a40\u0a06\u0a02 \u0a06\u0a2a\u0a23\u0a40\u0a06\u0a02 \u0a17\u0a4b\u0a2a\u0a28\u0a40\u0a2f\u0a24\u0a3e \u0a28\u0a40\u0a24\u0a40\u0a06\u0a02 \u0a26\u0a47 \u0a05\u0a27\u0a40\u0a28 \u0a39\u0a41\u0a70\u0a26\u0a40\u0a06\u0a02 \u0a39\u0a28\u0964 \u0a05\u0a38\u0a40\u0a02 \u0a38\u0a3f\u0a2b\u0a3c\u0a3e\u0a30\u0a3f\u0a38\u0a3c \u0a15\u0a30\u0a26\u0a47 \u0a39\u0a3e\u0a02 \u0a15\u0a3f \u0a24\u0a41\u0a38\u0a40\u0a02 \u0a07\u0a39\u0a28\u0a3e\u0a02 \u0a38\u0a47\u0a35\u0a3e \u0a2a\u0a4d\u0a30\u0a26\u0a3e\u0a24\u0a3e\u0a35\u0a3e\u0a02 \u0a26\u0a40\u0a06\u0a02 \u0a24\u0a40\u0a1c\u0a40-\u0a27\u0a3f\u0a30 \u0a15\u0a42\u0a15\u0a40\u0a1c\u0a3c \u0a26\u0a40 \u0a35\u0a30\u0a24\u0a4b\u0a02 \u0a2c\u0a3e\u0a30\u0a47 \u0a35\u0a27\u0a47\u0a30\u0a47 \u0a1c\u0a3e\u0a23\u0a15\u0a3e\u0a30\u0a40 \u0a32\u0a08 \u0a09\u0a39\u0a28\u0a3e\u0a02 \u0a26\u0a40\u0a06\u0a02 \u0a17\u0a4b\u0a2a\u0a28\u0a40\u0a2f\u0a24\u0a3e \u0a28\u0a40\u0a24\u0a40\u0a06\u0a02 \u0a26\u0a40 \u0a38\u0a2e\u0a40\u0a16\u0a3f\u0a06 \u0a15\u0a30\u0a4b\u0964<\/p><p><strong>4. \u0a15\u0a42\u0a15\u0a40\u0a1c\u0a3c \u0a28\u0a42\u0a70 \u0a15\u0a70\u0a1f\u0a30\u0a4b\u0a32 \u0a15\u0a30\u0a28\u0a3e \u0a05\u0a24\u0a47 \u0a2e\u0a3f\u0a1f\u0a3e\u0a09\u0a23\u0a3e<\/strong><\/p><p>\u0a24\u0a41\u0a38\u0a40\u0a02 \u0a06\u0a2a\u0a23\u0a40\u0a06\u0a02 \u0a2c\u0a4d\u0a30\u0a3e\u0a0a\u0a1c\u0a3c\u0a30 \u0a38\u0a48\u0a1f\u0a3f\u0a70\u0a17\u0a3e\u0a02 \u0a30\u0a3e\u0a39\u0a40\u0a02 \u0a15\u0a42\u0a15\u0a40\u0a1c\u0a3c \u0a26\u0a3e \u0a2a\u0a4d\u0a30\u0a2c\u0a70\u0a27\u0a28, \u0a38\u0a35\u0a40\u0a15\u0a3e\u0a30 \u0a1c\u0a3e\u0a02 \u0a05\u0a38\u0a35\u0a40\u0a15\u0a3e\u0a30 \u0a15\u0a30 \u0a38\u0a15\u0a26\u0a47 \u0a39\u0a4b\u0964 \u0a24\u0a41\u0a38\u0a40\u0a02 \u0a06\u0a2a\u0a23\u0a47 \u0a2c\u0a4d\u0a30\u0a3e\u0a0a\u0a1c\u0a3c\u0a30 \u0a35\u0a3f\u0a71\u0a1a \u0a2a\u0a39\u0a3f\u0a32\u0a3e\u0a02 \u0a38\u0a41\u0a30\u0a71\u0a16\u0a3f\u0a05\u0a24 \u0a15\u0a40\u0a24\u0a40\u0a06\u0a02 \u0a15\u0a42\u0a15\u0a40\u0a1c\u0a3c \u0a28\u0a42\u0a70 \u0a35\u0a40 \u0a2e\u0a3f\u0a1f\u0a3e \u0a38\u0a15\u0a26\u0a47 \u0a39\u0a4b\u0964 \u0a15\u0a42\u0a15\u0a40\u0a1c\u0a3c \u0a28\u0a42\u0a70 \u0a15\u0a3f\u0a35\u0a47\u0a02 \u0a2a\u0a4d\u0a30\u0a2c\u0a70\u0a27\u0a3f\u0a24 \u0a15\u0a30\u0a28\u0a3e \u0a39\u0a48 \u0a07\u0a38 \u0a2c\u0a3e\u0a30\u0a47 \u0a39\u0a4b\u0a30 \u0a1c\u0a3e\u0a23\u0a15\u0a3e\u0a30\u0a40 \u0a32\u0a08, \u0a24\u0a41\u0a38\u0a40\u0a02 \u0a09\u0a38 \u0a2c\u0a4d\u0a30\u0a3e\u0a0a\u0a1c\u0a3c\u0a30 \u0a32\u0a08 \u0a16\u0a3e\u0a38 \u0a39\u0a26\u0a3e\u0a07\u0a24\u0a3e\u0a02 \u0a26\u0a3e \u0a39\u0a35\u0a3e\u0a32\u0a3e \u0a26\u0a47 \u0a38\u0a15\u0a26\u0a47 \u0a39\u0a4b \u0a1c\u0a4b \u0a24\u0a41\u0a38\u0a40\u0a02 \u0a35\u0a30\u0a24 \u0a30\u0a39\u0a47 \u0a39\u0a4b:<\/p><ul><li><a target=\"_new\" rel=\"noreferrer\">\u0a17\u0a42\u0a17\u0a32 \u0a15\u0a30\u0a4b\u0a2e<\/a><\/li><li><a href=\"https:\/\/support.mozilla.org\/tr\/kb\/cerezleri-silme\" target=\"_new\" rel=\"noreferrer noopener\">\u0a2e\u0a4b\u0a1c\u0a3c\u0a40\u0a32\u0a3e \u0a2b\u0a3e\u0a07\u0a30\u0a2b\u0a3e\u0a15\u0a38<\/a><\/li><li><a href=\"https:\/\/support.apple.com\/tr-tr\/guide\/safari\/sfri11471\/mac\" target=\"_new\" rel=\"noreferrer noopener\">\u0a38\u0a2b\u0a3e\u0a30\u0a40<\/a><\/li><li><a href=\"https:\/\/support.microsoft.com\/tr-tr\/help\/4027947\/microsoft-edge-delete-cookies\" target=\"_new\" rel=\"noreferrer noopener\">\u0a2e\u0a3e\u0a08\u0a15\u0a4d\u0a30\u0a4b\u0a38\u0a3e\u0a71\u0a2b\u0a1f \u0a10\u0a1c<\/a><\/li><\/ul><p class=\"translation-block\">5. \u0a15\u0a42\u0a15\u0a40 \u0a28\u0a40\u0a24\u0a40 \u0a35\u0a3f\u0a71\u0a1a \u0a2c\u0a26\u0a32\u0a3e\u0a05<\/p><p>Hostragons \u0a06\u0a2a\u0a23\u0a40 \u0a15\u0a42\u0a15\u0a40 \u0a28\u0a40\u0a24\u0a40 \u0a28\u0a42\u0a70 \u0a2c\u0a26\u0a32\u0a23 \u0a26\u0a3e \u0a05\u0a27\u0a3f\u0a15\u0a3e\u0a30 \u0a30\u0a3e\u0a16\u0a35\u0a3e\u0a02 \u0a30\u0a71\u0a16\u0a26\u0a3e \u0a39\u0a48\u0964 \u0a38\u0a3e\u0a21\u0a40 \u0a28\u0a40\u0a24\u0a40 \u0a35\u0a3f\u0a71\u0a1a \u0a15\u0a4b\u0a08 \u0a35\u0a40 \u0a2c\u0a26\u0a32\u0a3e\u0a05 \u0a07\u0a38 \u0a2a\u0a70\u0a28\u0a47 &#039;\u0a24\u0a47 \u0a05\u0a71\u0a2a\u0a21\u0a47\u0a1f \u0a15\u0a40\u0a24\u0a47 \u0a1c\u0a3e\u0a23\u0a17\u0a47 \u0a05\u0a24\u0a47 \u0a32\u0a3e\u0a17\u0a42 \u0a39\u0a4b\u0a23\u0a17\u0a47\u0964 \u0a05\u0a38\u0a40\u0a02 \u0a38\u0a3f\u0a2b\u0a3e\u0a30\u0a38\u0a3c \u0a15\u0a30\u0a26\u0a47 \u0a39\u0a3e\u0a02 \u0a15\u0a3f \u0a09\u0a2a\u0a2d\u0a4b\u0a17\u0a24\u0a3e\u0a35\u0a3e\u0a02 \u0a28\u0a42\u0a70 \u0a07\u0a38 \u0a2a\u0a70\u0a28\u0a47 \u0a26\u0a40 \u0a28\u0a3f\u0a2f\u0a2e\u0a24 \u0a24\u0a4c\u0a30 &#039;\u0a24\u0a47 \u0a1c\u0a3e\u0a02\u0a1a \u0a15\u0a30\u0a15\u0a47 \u0a15\u0a3f\u0a38\u0a47 \u0a35\u0a40 \u0a24\u0a2c\u0a26\u0a40\u0a32\u0a40 \u0a2c\u0a3e\u0a30\u0a47 \u0a38\u0a42\u0a1a\u0a3f\u0a24 \u0a15\u0a40\u0a24\u0a3e \u0a1c\u0a3e\u0a35\u0a47\u0964<\/p><p><strong>6. \u0a38\u0a70\u0a1a\u0a3e\u0a30<\/strong><\/p><p>\u0a07\u0a38 \u0a15\u0a42\u0a15\u0a40 \u0a28\u0a40\u0a24\u0a40 \u0a2c\u0a3e\u0a30\u0a47 \u0a38\u0a35\u0a3e\u0a32\u0a3e\u0a02 \u0a32\u0a08 <a rel=\"noreferrer\">hello@hostragons.com<\/a> &#039;\u0a24\u0a47 \u0a38\u0a3e\u0a21\u0a47 \u0a28\u0a3e\u0a32 \u0a38\u0a70\u0a2a\u0a30\u0a15 \u0a15\u0a30 \u0a38\u0a15\u0a26\u0a47 \u0a39\u0a4b\u0964<\/p>\t\t\t\t\t\t\t\t<\/div>\n\t\t\t\t<\/div>\n\t\t\t\t\t<\/div>\n\t\t<\/div>\n\t\t\t\t\t<\/div>\n\t\t<\/section>\n\t\t\t\t<\/div>","protected":false},"excerpt":{"rendered":"<p>Y\u00fcr\u00fcrl\u00fck\/G\u00fcncelleme Tarihi: 05.08.2024 1. \u00c7erez (Cookie) Nedir? \u00c7erezler, web siteleri taraf\u0131ndan taray\u0131c\u0131n\u0131za g\u00f6nderilen ve cihaz\u0131n\u0131zda depolanan k\u00fc\u00e7\u00fck veri dosyalar\u0131d\u0131r. Bu dosyalar, siteyi tekrar ziyaret etti\u011finizde taray\u0131c\u0131n\u0131z\u0131n web sitesini tan\u0131mas\u0131n\u0131 sa\u011flar ve \u00f6nceki ziyaretlerinizdeki tercihlerinizi hat\u0131rlayarak kullan\u0131c\u0131 deneyiminizi ki\u015fiselle\u015ftirir. 2. \u00c7erezlerin Kullan\u0131m Ama\u00e7lar\u0131 Hostragons, a\u015fa\u011f\u0131daki ama\u00e7lar do\u011frultusunda \u00e7erezleri kullan\u0131r: Zorunlu \u00c7erezler: Sitenin temel i\u015flevlerini yerine getirebilmesi [&hellip;]<\/p>\n","protected":false},"author":94,"featured_media":7852,"parent":0,"menu_order":0,"comment_status":"closed","ping_status":"closed","template":"","meta":{"googlesitekit_rrm_CAow5YvFDA:productID":"","footnotes":""},"class_list":["post-2358","page","type-page","status-publish","has-post-thumbnail","hentry"],"_links":{"self":[{"href":"https:\/\/www.hostragons.com\/pa\/wp-json\/wp\/v2\/pages\/2358","targetHints":{"allow":["GET"]}}],"collection":[{"href":"https:\/\/www.hostragons.com\/pa\/wp-json\/wp\/v2\/pages"}],"about":[{"href":"https:\/\/www.hostragons.com\/pa\/wp-json\/wp\/v2\/types\/page"}],"author":[{"embeddable":true,"href":"https:\/\/www.hostragons.com\/pa\/wp-json\/wp\/v2\/users\/94"}],"replies":[{"embeddable":true,"href":"https:\/\/www.hostragons.com\/pa\/wp-json\/wp\/v2\/comments?post=2358"}],"version-history":[{"count":0,"href":"https:\/\/www.hostragons.com\/pa\/wp-json\/wp\/v2\/pages\/2358\/revisions"}],"wp:featuredmedia":[{"embeddable":true,"href":"https:\/\/www.hostragons.com\/pa\/wp-json\/wp\/v2\/media\/7852"}],"wp:attachment":[{"href":"https:\/\/www.hostragons.com\/pa\/wp-json\/wp\/v2\/media?parent=2358"}],"curies":[{"name":"\u0a21\u0a2c\u0a32\u0a2f\u0a42\u0a2a\u0a40","href":"https:\/\/api.w.org\/{rel}","templated":true}]}}