{"id":2031,"date":"2020-09-08T16:09:39","date_gmt":"2020-09-08T13:09:39","guid":{"rendered":"https:\/\/www.hostragons.com\/?page_id=2031"},"modified":"2024-09-26T17:52:04","modified_gmt":"2024-09-26T14:52:04","slug":"%e0%a8%aa%e0%a8%b0%e0%a8%be%e0%a8%88%e0%a8%b5%e0%a9%87%e0%a8%9f-%e0%a8%a8%e0%a9%80%e0%a8%a4%e0%a9%80","status":"publish","type":"page","link":"https:\/\/www.hostragons.com\/pa\/%e0%a8%aa%e0%a8%b0%e0%a8%be%e0%a8%88%e0%a8%b5%e0%a9%87%e0%a8%9f-%e0%a8%a8%e0%a9%80%e0%a8%a4%e0%a9%80\/","title":{"rendered":"\u0a2a\u0a30\u0a3e\u0a08\u0a35\u0a47\u0a1f \u0a28\u0a40\u0a24\u0a40"},"content":{"rendered":"<div data-elementor-type=\"wp-page\" data-elementor-id=\"2031\" class=\"elementor elementor-2031\" data-elementor-post-type=\"page\">\n\t\t\t\t\t\t<section class=\"elementor-section elementor-top-section elementor-element elementor-element-91e4b54 elementor-section-boxed elementor-section-height-default elementor-section-height-default\" data-id=\"91e4b54\" data-element_type=\"section\" data-e-type=\"section\">\n\t\t\t\t\t\t<div class=\"elementor-container elementor-column-gap-default\">\n\t\t\t\t\t<div class=\"elementor-column elementor-col-100 elementor-top-column elementor-element elementor-element-0774a31\" data-id=\"0774a31\" data-element_type=\"column\" data-e-type=\"column\">\n\t\t\t<div class=\"elementor-widget-wrap elementor-element-populated\">\n\t\t\t\t\t\t<div class=\"elementor-element elementor-element-830efa2 elementor-widget elementor-widget-text-editor\" data-id=\"830efa2\" data-element_type=\"widget\" data-e-type=\"widget\" data-widget_type=\"text-editor.default\">\n\t\t\t\t<div class=\"elementor-widget-container\">\n\t\t\t\t\t\t\t\t\t<p><strong>\u0a2a\u0a4d\u0a30\u0a2d\u0a3e\u0a35\u0a40\/\u0a05\u0a2a\u0a21\u0a47\u0a1f \u0a2e\u0a3f\u0a24\u0a40: 05.08.2024<\/strong><\/p><p><strong>1. \u0a1c\u0a3e\u0a23-\u0a2a\u0a1b\u0a3e\u0a23<\/strong><\/p><p>Hostragons Global Limited (\u201cHostragons\u201d) \u0a38\u0a3e\u0a21\u0a47 \u0a09\u0a2a\u0a2d\u0a4b\u0a17\u0a24\u0a3e\u0a35\u0a3e\u0a02 \u0a26\u0a40 \u0a17\u0a4b\u0a2a\u0a28\u0a40\u0a2f\u0a24\u0a3e \u0a05\u0a24\u0a47 \u0a09\u0a39\u0a28\u0a3e\u0a02 \u0a26\u0a47 \u0a28\u0a3f\u0a71\u0a1c\u0a40 \u0a21\u0a47\u0a1f\u0a3e \u0a26\u0a40 \u0a38\u0a41\u0a30\u0a71\u0a16\u0a3f\u0a06 \u0a28\u0a42\u0a70 \u0a17\u0a70\u0a2d\u0a40\u0a30\u0a24\u0a3e \u0a28\u0a3e\u0a32 \u0a32\u0a48\u0a02\u0a26\u0a3e \u0a39\u0a48\u0964 \u0a07\u0a39 \u0a17\u0a4b\u0a2a\u0a28\u0a40\u0a2f\u0a24\u0a3e \u0a05\u0a24\u0a47 GDPR \u0a2a\u0a3e\u0a32\u0a23\u0a3e \u0a28\u0a40\u0a24\u0a40 \u0a26\u0a71\u0a38\u0a26\u0a40 \u0a39\u0a48 \u0a15\u0a3f GDPR \u0a26\u0a47 \u0a24\u0a39\u0a3f\u0a24 \u0a28\u0a3f\u0a71\u0a1c\u0a40 \u0a21\u0a47\u0a1f\u0a3e \u0a28\u0a42\u0a70 \u0a15\u0a3f\u0a35\u0a47\u0a02 \u0a07\u0a15\u0a71\u0a20\u0a3e, \u0a35\u0a30\u0a24\u0a3f\u0a06, \u0a38\u0a41\u0a30\u0a71\u0a16\u0a3f\u0a05\u0a24 \u0a05\u0a24\u0a47 \u0a2a\u0a4d\u0a30\u0a2c\u0a70\u0a27\u0a3f\u0a24 \u0a15\u0a40\u0a24\u0a3e \u0a1c\u0a3e\u0a02\u0a26\u0a3e \u0a39\u0a48\u0964 \u0a38\u0a3e\u0a21\u0a40 \u0a35\u0a48\u0a71\u0a2c\u0a38\u0a3e\u0a08\u0a1f \u0a05\u0a24\u0a47 \u0a38\u0a47\u0a35\u0a3e\u0a35\u0a3e\u0a02 \u0a26\u0a40 \u0a35\u0a30\u0a24\u0a4b\u0a02 \u0a15\u0a30\u0a15\u0a47, \u0a24\u0a41\u0a38\u0a40\u0a02 \u0a07\u0a38 \u0a28\u0a40\u0a24\u0a40 \u0a28\u0a42\u0a70 \u0a38\u0a35\u0a40\u0a15\u0a3e\u0a30 \u0a15\u0a30 \u0a32\u0a3f\u0a06 \u0a39\u0a48\u0964<\/p><p><strong>2. \u0a21\u0a47\u0a1f\u0a3e \u0a15\u0a70\u0a1f\u0a30\u0a4b\u0a32\u0a30 \u0a05\u0a24\u0a47 \u0a2a\u0a4d\u0a30\u0a24\u0a40\u0a28\u0a3f\u0a27\u0a40<\/strong><\/p><p>Hostragons \u0a24\u0a41\u0a39\u0a3e\u0a21\u0a47 \u0a28\u0a3f\u0a71\u0a1c\u0a40 \u0a21\u0a47\u0a1f\u0a3e \u0a26\u0a40 \u0a38\u0a41\u0a30\u0a71\u0a16\u0a3f\u0a06 \u0a32\u0a08 \u0a1c\u0a3c\u0a3f\u0a70\u0a2e\u0a47\u0a35\u0a3e\u0a30 \u0a21\u0a47\u0a1f\u0a3e \u0a15\u0a70\u0a1f\u0a30\u0a4b\u0a32\u0a30 \u0a39\u0a48\u0964 \u0a2f\u0a42\u0a30\u0a2a\u0a40\u0a05\u0a28 \u0a2f\u0a42\u0a28\u0a40\u0a05\u0a28 \u0a35\u0a3f\u0a71\u0a1a \u0a38\u0a3e\u0a21\u0a3e \u0a2a\u0a4d\u0a30\u0a24\u0a40\u0a28\u0a3f\u0a27\u0a40:<\/p><ul><li><strong>\u0a21\u0a3e\u0a1f\u0a3e \u0a38\u0a41\u0a30\u0a71\u0a16\u0a3f\u0a06 \u0a2a\u0a4d\u0a30\u0a24\u0a40\u0a28\u0a3f\u0a27\u0a40:<\/strong> \u0a15\u0a3f\u0a0a\u0a2c\u0a3f\u0a15 \u0a2a\u0a4d\u0a30\u0a3e\u0a08\u0a35\u0a47\u0a38\u0a40 \u0a10\u0a15\u0a1f\u0964<\/li><\/ul><p><strong>3. \u0a21\u0a47\u0a1f\u0a3e \u0a2a\u0a4d\u0a30\u0a4b\u0a38\u0a48\u0a38\u0a3f\u0a70\u0a17 \u0a26\u0a47 \u0a2e\u0a42\u0a32 \u0a38\u0a3f\u0a27\u0a3e\u0a02\u0a24<\/strong><\/p><p>Hostragons \u0a35\u0a3f\u0a16\u0a47, \u0a05\u0a38\u0a40\u0a02 GDPR \u0a26\u0a40\u0a06\u0a02 \u0a32\u0a4b\u0a5c\u0a3e\u0a02 \u0a26\u0a47 \u0a05\u0a28\u0a41\u0a38\u0a3e\u0a30 \u0a39\u0a47\u0a20\u0a3e\u0a02 \u0a26\u0a3f\u0a71\u0a24\u0a47 \u0a2e\u0a42\u0a32 \u0a38\u0a3f\u0a27\u0a3e\u0a02\u0a24\u0a3e\u0a02 \u0a26\u0a40 \u0a2a\u0a3e\u0a32\u0a23\u0a3e \u0a15\u0a30\u0a26\u0a47 \u0a39\u0a3e\u0a02:<\/p><ul><li class=\"translation-block\"><strong>\u0a2a\u0a3e\u0a30\u0a26\u0a30\u0a38\u0a3c\u0a24\u0a3e:<\/strong> \u0a05\u0a38\u0a40\u0a02 \u0a38\u0a2a\u0a38\u0a3c\u0a1f \u0a24\u0a4c\u0a30 &#039;\u0a24\u0a47 \u0a26\u0a71\u0a38\u0a26\u0a47 \u0a39\u0a3e\u0a02 \u0a15\u0a3f \u0a05\u0a38\u0a40\u0a02 \u0a24\u0a41\u0a39\u0a3e\u0a21\u0a47 \u0a28\u0a3f\u0a71\u0a1c\u0a40 \u0a21\u0a47\u0a1f\u0a3e \u0a28\u0a42\u0a70 \u0a15\u0a3f\u0a35\u0a47\u0a02 \u0a07\u0a15\u0a71\u0a24\u0a30 \u0a15\u0a30\u0a26\u0a47 \u0a39\u0a3e\u0a02 \u0a05\u0a24\u0a47 \u0a2a\u0a4d\u0a30\u0a15\u0a3f\u0a30\u0a3f\u0a06 \u0a15\u0a30\u0a26\u0a47 \u0a39\u0a3e\u0a02\u0964<\/li><li class=\"translation-block\"><strong>\u0a38\u0a3c\u0a41\u0a71\u0a27\u0a24\u0a3e:<\/strong> \u0a05\u0a38\u0a40\u0a02 \u0a24\u0a41\u0a39\u0a3e\u0a21\u0a47 \u0a21\u0a47\u0a1f\u0a3e \u0a28\u0a42\u0a70 \u0a38\u0a39\u0a40 \u0a05\u0a24\u0a47 \u0a05\u0a2a \u0a1f\u0a42 \u0a21\u0a47\u0a1f \u0a30\u0a71\u0a16\u0a26\u0a47 \u0a39\u0a3e\u0a02\u0964<\/li><li class=\"translation-block\"><strong>\u0a18\u0a71\u0a1f\u0a4b-\u0a18\u0a71\u0a1f \u0a15\u0a30\u0a28\u0a3e:<\/strong> \u0a05\u0a38\u0a40\u0a02 \u0a38\u0a3f\u0a30\u0a2b\u0a3c \u0a32\u0a4b\u0a5c\u0a40\u0a02\u0a26\u0a47 \u0a21\u0a47\u0a1f\u0a3e \u0a28\u0a42\u0a70 \u0a07\u0a15\u0a71\u0a20\u0a3e \u0a15\u0a30\u0a26\u0a47 \u0a39\u0a3e\u0a02 \u0a05\u0a24\u0a47 \u0a2a\u0a4d\u0a30\u0a15\u0a3f\u0a30\u0a3f\u0a06 \u0a15\u0a30\u0a26\u0a47 \u0a39\u0a3e\u0a02\u0964<\/li><li class=\"translation-block\"><strong>\u0a27\u0a3e\u0a30\u0a28 \u0a26\u0a40 \u0a38\u0a40\u0a2e\u0a3e:<\/strong> \u0a05\u0a38\u0a40\u0a02 \u0a24\u0a41\u0a39\u0a3e\u0a21\u0a47 \u0a21\u0a47\u0a1f\u0a3e \u0a28\u0a42\u0a70 \u0a38\u0a3f\u0a30\u0a2b\u0a3c \u0a32\u0a4b\u0a5c \u0a05\u0a28\u0a41\u0a38\u0a3e\u0a30 \u0a39\u0a40 \u0a30\u0a71\u0a16\u0a26\u0a47 \u0a39\u0a3e\u0a02\u0964<\/li><\/ul><p><strong>4. \u0a07\u0a15\u0a71\u0a24\u0a30 \u0a15\u0a40\u0a24\u0a40 \u0a1c\u0a3e\u0a23\u0a15\u0a3e\u0a30\u0a40<\/strong><\/p><p>Hostragons \u0a39\u0a47\u0a20 \u0a26\u0a3f\u0a71\u0a24\u0a40 \u0a28\u0a3f\u0a71\u0a1c\u0a40 \u0a1c\u0a3e\u0a23\u0a15\u0a3e\u0a30\u0a40 \u0a07\u0a15\u0a71\u0a20\u0a40 \u0a15\u0a30\u0a26\u0a3e \u0a39\u0a48:<\/p><ul><li class=\"translation-block\"><strong>\u0a2a\u0a1b\u0a3e\u0a23 \u0a1c\u0a3e\u0a23\u0a15\u0a3e\u0a30\u0a40:<\/strong> \u0a28\u0a3e\u0a2e, \u0a09\u0a2a\u0a28\u0a3e\u0a2e, \u0a2a\u0a24\u0a3e, \u0a1f\u0a48\u0a32\u0a40\u0a2b\u0a4b\u0a28 \u0a28\u0a70\u0a2c\u0a30, \u0a08-\u0a2e\u0a47\u0a32 \u0a2a\u0a24\u0a3e\u0964<\/li><li class=\"translation-block\"><strong>\u0a2d\u0a41\u0a17\u0a24\u0a3e\u0a28 \u0a1c\u0a3e\u0a23\u0a15\u0a3e\u0a30\u0a40:<\/strong> \u0a15\u0a4d\u0a30\u0a48\u0a21\u0a3f\u0a1f \u0a15\u0a3e\u0a30\u0a21 \u0a1c\u0a3e\u0a23\u0a15\u0a3e\u0a30\u0a40 \u0a05\u0a24\u0a47 \u0a2d\u0a41\u0a17\u0a24\u0a3e\u0a28 \u0a35\u0a47\u0a30\u0a35\u0a47\u0964<\/li><li class=\"translation-block\"><strong>\u0a24\u0a15\u0a28\u0a40\u0a15\u0a40 \u0a21\u0a47\u0a1f\u0a3e:<\/strong> IP \u0a2a\u0a24\u0a3e, \u0a2c\u0a4d\u0a30\u0a3e\u0a0a\u0a1c\u0a3c\u0a30 \u0a26\u0a40 \u0a15\u0a3f\u0a38\u0a2e, \u0a13\u0a2a\u0a30\u0a47\u0a1f\u0a3f\u0a70\u0a17 \u0a38\u0a3f\u0a38\u0a1f\u0a2e\u0964<\/li><li class=\"translation-block\"><strong>\u0a09\u0a2a\u0a2d\u0a4b\u0a17\u0a24\u0a3e \u0a35\u0a3f\u0a35\u0a39\u0a3e\u0a30:<\/strong> \u0a09\u0a2a\u0a2d\u0a4b\u0a17\u0a24\u0a3e \u0a26\u0a40\u0a06\u0a02 \u0a24\u0a30\u0a1c\u0a40\u0a39\u0a3e\u0a02, \u0a38\u0a3e\u0a08\u0a1f &#039;\u0a24\u0a47 \u0a39\u0a30\u0a15\u0a24\u0a3e\u0a02\u0964<\/li><\/ul><p><strong>5. \u0a28\u0a3f\u0a71\u0a1c\u0a40 \u0a21\u0a47\u0a1f\u0a3e \u0a26\u0a40 \u0a35\u0a30\u0a24\u0a4b\u0a02<\/strong><\/p><p>\u0a07\u0a15\u0a71\u0a24\u0a30 \u0a15\u0a40\u0a24\u0a40 \u0a28\u0a3f\u0a71\u0a1c\u0a40 \u0a1c\u0a3e\u0a23\u0a15\u0a3e\u0a30\u0a40 \u0a26\u0a40 \u0a35\u0a30\u0a24\u0a4b\u0a02 \u0a39\u0a47\u0a20 \u0a32\u0a3f\u0a16\u0a47 \u0a09\u0a26\u0a47\u0a38\u0a3c\u0a3e\u0a02 \u0a32\u0a08 \u0a15\u0a40\u0a24\u0a40 \u0a1c\u0a3e\u0a02\u0a26\u0a40 \u0a39\u0a48:<\/p><ul><li>\u0a38\u0a47\u0a35\u0a3e\u0a35\u0a3e\u0a02 \u0a2a\u0a4d\u0a30\u0a26\u0a3e\u0a28 \u0a15\u0a30\u0a28\u0a3e \u0a05\u0a24\u0a47 \u0a2a\u0a4d\u0a30\u0a2c\u0a70\u0a27\u0a28 \u0a15\u0a30\u0a28\u0a3e\u0964<\/li><li>\u0a17\u0a3e\u0a39\u0a15 \u0a38\u0a39\u0a3e\u0a07\u0a24\u0a3e \u0a38\u0a47\u0a35\u0a3e\u0a35\u0a3e\u0a02 \u0a05\u0a24\u0a47 \u0a38\u0a70\u0a1a\u0a3e\u0a30\u0964<\/li><li>\u0a07\u0a28\u0a35\u0a4c\u0a07\u0a38 \u0a32\u0a48\u0a23-\u0a26\u0a47\u0a23 \u0a05\u0a24\u0a47 \u0a15\u0a3e\u0a28\u0a42\u0a70\u0a28\u0a40 \u0a26\u0a38\u0a24\u0a3e\u0a35\u0a47\u0a1c\u0a3c\u0a3e\u0a02 \u0a26\u0a40 \u0a24\u0a3f\u0a06\u0a30\u0a40\u0964<\/li><li>\u0a38\u0a3e\u0a21\u0a40 \u0a35\u0a48\u0a2c\u0a38\u0a3e\u0a08\u0a1f \u0a26\u0a40 \u0a15\u0a3e\u0a30\u0a17\u0a41\u0a1c\u0a3c\u0a3e\u0a30\u0a40 \u0a05\u0a24\u0a47 \u0a09\u0a2a\u0a2d\u0a4b\u0a17\u0a24\u0a3e \u0a05\u0a28\u0a41\u0a2d\u0a35 \u0a28\u0a42\u0a70 \u0a2c\u0a3f\u0a39\u0a24\u0a30 \u0a2c\u0a23\u0a3e\u0a09\u0a23\u0a3e\u0964<\/li><li>\u0a15\u0a3e\u0a28\u0a42\u0a70\u0a28\u0a40 \u0a1c\u0a3c\u0a3f\u0a70\u0a2e\u0a47\u0a35\u0a3e\u0a30\u0a40\u0a06\u0a02 \u0a26\u0a40 \u0a2a\u0a3e\u0a32\u0a23\u0a3e \u0a15\u0a30\u0a28\u0a3e \u0a05\u0a24\u0a47 \u0a05\u0a27\u0a3f\u0a15\u0a3e\u0a30\u0a3e\u0a02 \u0a26\u0a40 \u0a30\u0a71\u0a16\u0a3f\u0a06 \u0a15\u0a30\u0a28\u0a3e\u0964<\/li><li>\u0a2e\u0a3e\u0a30\u0a15\u0a40\u0a1f\u0a3f\u0a70\u0a17 \u0a05\u0a24\u0a47 \u0a2a\u0a4d\u0a30\u0a1a\u0a3e\u0a30 \u0a38\u0a70\u0a2c\u0a70\u0a27\u0a40 \u0a17\u0a24\u0a40\u0a35\u0a3f\u0a27\u0a40\u0a06\u0a02\u0964<\/li><\/ul><p><strong>6. \u0a28\u0a3f\u0a71\u0a1c\u0a40 \u0a21\u0a47\u0a1f\u0a3e \u0a26\u0a40 \u0a38\u0a1f\u0a4b\u0a30\u0a47\u0a1c \u0a2a\u0a40\u0a30\u0a40\u0a05\u0a21<\/strong><\/p><p>\u0a05\u0a38\u0a40\u0a02 \u0a24\u0a41\u0a39\u0a3e\u0a21\u0a40 \u0a2a\u0a4d\u0a30\u0a4b\u0a38\u0a48\u0a38\u0a3f\u0a70\u0a17 \u0a26\u0a47 \u0a09\u0a26\u0a47\u0a38\u0a3c\u0a3e\u0a02 \u0a32\u0a08 \u0a32\u0a4b\u0a5c\u0a40\u0a02\u0a26\u0a47 \u0a38\u0a2e\u0a47\u0a02 \u0a32\u0a08 \u0a39\u0a40 \u0a24\u0a41\u0a39\u0a3e\u0a21\u0a3e \u0a28\u0a3f\u0a71\u0a1c\u0a40 \u0a21\u0a47\u0a1f\u0a3e \u0a30\u0a71\u0a16\u0a26\u0a47 \u0a39\u0a3e\u0a02\u0964 \u0a05\u0a38\u0a40\u0a02 \u0a24\u0a41\u0a39\u0a3e\u0a21\u0a47 \u0a21\u0a47\u0a1f\u0a3e \u0a28\u0a42\u0a70 \u0a15\u0a3f\u0a70\u0a28\u0a40 \u0a26\u0a47\u0a30 \u0a24\u0a71\u0a15 \u0a30\u0a71\u0a16\u0a26\u0a47 \u0a39\u0a3e\u0a02 \u0a05\u0a24\u0a47 \u0a07\u0a39 \u0a2e\u0a3f\u0a06\u0a26 \u0a15\u0a3f\u0a35\u0a47\u0a02 \u0a28\u0a3f\u0a30\u0a27\u0a3e\u0a30\u0a24 \u0a15\u0a40\u0a24\u0a40 \u0a1c\u0a3e\u0a02\u0a26\u0a40 \u0a39\u0a48, \u0a07\u0a38 \u0a2c\u0a3e\u0a30\u0a47 \u0a1c\u0a3e\u0a23\u0a15\u0a3e\u0a30\u0a40 \u0a2a\u0a4d\u0a30\u0a3e\u0a2a\u0a24 \u0a15\u0a30\u0a28 \u0a32\u0a08 \u0a24\u0a41\u0a38\u0a40\u0a02 \u0a38\u0a3e\u0a21\u0a47 \u0a28\u0a3e\u0a32 \u0a38\u0a70\u0a2a\u0a30\u0a15 \u0a15\u0a30 \u0a38\u0a15\u0a26\u0a47 \u0a39\u0a4b\u0964<\/p><p><strong>7. \u0a2d\u0a41\u0a17\u0a24\u0a3e\u0a28 \u0a1c\u0a3e\u0a23\u0a15\u0a3e\u0a30\u0a40 \u0a05\u0a24\u0a47 \u0a38\u0a41\u0a30\u0a71\u0a16\u0a3f\u0a06<\/strong><\/p><ul><li>\u0a24\u0a41\u0a39\u0a3e\u0a21\u0a3e \u0a15\u0a4d\u0a30\u0a48\u0a21\u0a3f\u0a1f \u0a15\u0a3e\u0a30\u0a21 \u0a05\u0a24\u0a47 \u0a2d\u0a41\u0a17\u0a24\u0a3e\u0a28 \u0a1c\u0a3e\u0a23\u0a15\u0a3e\u0a30\u0a40 \u0a38\u0a41\u0a30\u0a71\u0a16\u0a3f\u0a06 \u0a09\u0a2a\u0a3e\u0a35\u0a3e\u0a02 \u0a1c\u0a3f\u0a35\u0a47\u0a02 \u0a15\u0a3f 256-\u0a2c\u0a3f\u0a71\u0a1f SSL \u0a38\u0a30\u0a1f\u0a40\u0a2b\u0a3f\u0a15\u0a47\u0a1f \u0a26\u0a41\u0a06\u0a30\u0a3e \u0a38\u0a41\u0a30\u0a71\u0a16\u0a3f\u0a05\u0a24 \u0a39\u0a48\u0964<\/li><li>\u0a24\u0a41\u0a39\u0a3e\u0a21\u0a40 \u0a15\u0a3e\u0a30\u0a21 \u0a1c\u0a3e\u0a23\u0a15\u0a3e\u0a30\u0a40 \u0a0f\u0a28\u0a15\u0a4d\u0a30\u0a3f\u0a2a\u0a1f\u0a21 \u0a1f\u0a4d\u0a30\u0a3e\u0a02\u0a38\u0a2e\u0a3f\u0a1f \u0a15\u0a40\u0a24\u0a40 \u0a1c\u0a3e\u0a02\u0a26\u0a40 \u0a39\u0a48 \u0a05\u0a24\u0a47 \u0a39\u0a4b\u0a38\u0a1f\u0a30\u0a3e\u0a17\u0a28 \u0a26\u0a41\u0a06\u0a30\u0a3e \u0a38\u0a1f\u0a4b\u0a30 \u0a28\u0a39\u0a40\u0a02 \u0a15\u0a40\u0a24\u0a40 \u0a1c\u0a3e\u0a02\u0a26\u0a40 \u0a39\u0a48\u0964<\/li><li>\u0a35\u0a3e\u0a27\u0a42 \u0a38\u0a41\u0a30\u0a71\u0a16\u0a3f\u0a06 \u0a38\u0a3e\u0a27\u0a28\u0a3e\u0a02 \u0a28\u0a3e\u0a32 \u0a38\u0a70\u0a2d\u0a3e\u0a35\u0a3f\u0a24 \u0a2e\u0a3e\u0a32\u0a35\u0a47\u0a05\u0a30 \u0a26\u0a47 \u0a35\u0a3f\u0a30\u0a41\u0a71\u0a27 \u0a38\u0a3e\u0a35\u0a27\u0a3e\u0a28\u0a40 \u0a35\u0a30\u0a24\u0a40 \u0a1c\u0a3e\u0a02\u0a26\u0a40 \u0a39\u0a48\u0964<\/li><\/ul><p><strong>8. \u0a15\u0a42\u0a15\u0a40\u0a1c\u0a3c \u0a05\u0a24\u0a47 \u0a1f\u0a30\u0a48\u0a15\u0a3f\u0a70\u0a17 \u0a24\u0a15\u0a28\u0a3e\u0a32\u0a4b\u0a1c\u0a40\u0a06\u0a02<\/strong><\/p><p class=\"translation-block\">\u0a38\u0a3e\u0a21\u0a40 \u0a35\u0a48\u0a2c\u0a38\u0a3e\u0a08\u0a1f \u0a09\u0a2a\u0a2d\u0a4b\u0a17\u0a24\u0a3e \u0a05\u0a28\u0a41\u0a2d\u0a35 \u0a28\u0a42\u0a70 \u0a2c\u0a3f\u0a39\u0a24\u0a30 \u0a2c\u0a23\u0a3e\u0a09\u0a23 \u0a05\u0a24\u0a47 \u0a38\u0a3e\u0a21\u0a40 \u0a35\u0a48\u0a2c\u0a38\u0a3e\u0a08\u0a1f \u0a26\u0a40 \u0a35\u0a30\u0a24\u0a4b\u0a02 \u0a15\u0a3f\u0a35\u0a47\u0a02 \u0a15\u0a40\u0a24\u0a40 \u0a1c\u0a3e\u0a02\u0a26\u0a40 \u0a39\u0a48 \u0a28\u0a42\u0a70 \u0a38\u0a2e\u0a1d\u0a23 \u0a32\u0a08 \u0a15\u0a42\u0a15\u0a40\u0a1c\u0a3c \u0a05\u0a24\u0a47 \u0a1f\u0a30\u0a48\u0a15\u0a3f\u0a70\u0a17 \u0a24\u0a15\u0a28\u0a3e\u0a32\u0a4b\u0a1c\u0a40\u0a06\u0a02 \u0a26\u0a40 \u0a35\u0a30\u0a24\u0a4b\u0a02 \u0a15\u0a30\u0a26\u0a40 \u0a39\u0a48\u0964 \u0a24\u0a41\u0a38\u0a40\u0a02 <a href=\"https:\/\/www.hostragons.com\/pa\/%e0%a8%95%e0%a9%82%e0%a8%95%e0%a9%80-%e0%a8%a8%e0%a9%80%e0%a8%a4%e0%a9%80\/\" target=\"_new\" rel=\"noreferrer\">\u0a38\u0a3e\u0a21\u0a47 \u0a15\u0a42\u0a15\u0a40\u0a1c\u0a3c \u0a28\u0a40\u0a24\u0a40<\/a> \u0a2a\u0a70\u0a28\u0a47 &#039;\u0a24\u0a47 \u0a15\u0a42\u0a15\u0a40\u0a1c\u0a3c \u0a05\u0a24\u0a47 \u0a09\u0a39\u0a28\u0a3e\u0a02 \u0a26\u0a3e \u0a2a\u0a4d\u0a30\u0a2c\u0a70\u0a27\u0a28 \u0a15\u0a30\u0a28 \u0a2c\u0a3e\u0a30\u0a47 \u0a39\u0a4b\u0a30 \u0a1c\u0a3e\u0a23\u0a15\u0a3e\u0a30\u0a40 \u0a2a\u0a4d\u0a30\u0a3e\u0a2a\u0a24 \u0a15\u0a30 \u0a38\u0a15\u0a26\u0a47 \u0a39\u0a4b\u0964<\/p><p><strong>9. \u0a28\u0a3f\u0a71\u0a1c\u0a40 \u0a21\u0a47\u0a1f\u0a3e \u0a26\u0a3e \u0a38\u0a3e\u0a02\u0a1d\u0a3e\u0a15\u0a30\u0a28<\/strong><\/p><ul><li>\u0a24\u0a41\u0a39\u0a3e\u0a21\u0a3e \u0a28\u0a3f\u0a71\u0a1c\u0a40 \u0a21\u0a47\u0a1f\u0a3e \u0a38\u0a3f\u0a30\u0a2b\u0a3c \u0a24\u0a40\u0a1c\u0a40 \u0a27\u0a3f\u0a30\u0a3e\u0a02 \u0a28\u0a3e\u0a32 \u0a38\u0a3e\u0a02\u0a1d\u0a3e \u0a15\u0a40\u0a24\u0a3e \u0a1c\u0a3e\u0a02\u0a26\u0a3e \u0a39\u0a48 \u0a1c\u0a3f\u0a71\u0a25\u0a47 \u0a38\u0a3e\u0a21\u0a40\u0a06\u0a02 \u0a38\u0a47\u0a35\u0a3e\u0a35\u0a3e\u0a02 \u0a2a\u0a4d\u0a30\u0a26\u0a3e\u0a28 \u0a15\u0a30\u0a28 \u0a26\u0a40 \u0a32\u0a4b\u0a5c \u0a39\u0a41\u0a70\u0a26\u0a40 \u0a39\u0a48\u0964<\/li><li>\u0a05\u0a38\u0a40\u0a02 \u0a24\u0a41\u0a39\u0a3e\u0a21\u0a47 \u0a21\u0a47\u0a1f\u0a3e \u0a28\u0a42\u0a70 \u0a15\u0a3e\u0a28\u0a42\u0a70\u0a28\u0a40 \u0a1c\u0a3c\u0a3f\u0a70\u0a2e\u0a47\u0a35\u0a3e\u0a30\u0a40\u0a06\u0a02 \u0a1c\u0a3e\u0a02 \u0a05\u0a26\u0a3e\u0a32\u0a24\u0a40 \u0a06\u0a26\u0a47\u0a38\u0a3c\u0a3e\u0a02 \u0a26\u0a47 \u0a05\u0a28\u0a41\u0a38\u0a3e\u0a30 \u0a38\u0a3e\u0a02\u0a1d\u0a3e \u0a15\u0a30 \u0a38\u0a15\u0a26\u0a47 \u0a39\u0a3e\u0a02\u0964<\/li><li>\u0a24\u0a40\u0a1c\u0a40 \u0a27\u0a3f\u0a30 \u0a28\u0a3e\u0a32 \u0a21\u0a47\u0a1f\u0a3e \u0a38\u0a3e\u0a02\u0a1d\u0a3e\u0a15\u0a30\u0a28 \u0a24\u0a41\u0a39\u0a3e\u0a21\u0a40 \u0a38\u0a39\u0a3f\u0a2e\u0a24\u0a40 \u0a28\u0a3e\u0a32 \u0a39\u0a40 \u0a39\u0a4b\u0a35\u0a47\u0a17\u0a3e\u0964<\/li><\/ul><p><strong>10. \u0a09\u0a2a\u0a2d\u0a4b\u0a17\u0a24\u0a3e \u0a05\u0a27\u0a3f\u0a15\u0a3e\u0a30<\/strong><\/p><p>GDPR \u0a26\u0a47 \u0a24\u0a39\u0a3f\u0a24, \u0a09\u0a2a\u0a2d\u0a4b\u0a17\u0a24\u0a3e\u0a35\u0a3e\u0a02 \u0a15\u0a4b\u0a32 \u0a39\u0a47\u0a20\u0a3e\u0a02 \u0a26\u0a3f\u0a71\u0a24\u0a47 \u0a05\u0a27\u0a3f\u0a15\u0a3e\u0a30 \u0a39\u0a28:<\/p><ul><li>\u0a28\u0a3f\u0a71\u0a1c\u0a40 \u0a21\u0a47\u0a1f\u0a3e \u0a24\u0a71\u0a15 \u0a2a\u0a39\u0a41\u0a70\u0a1a, \u0a38\u0a41\u0a27\u0a3e\u0a30 \u0a1c\u0a3e\u0a02 \u0a2e\u0a3f\u0a1f\u0a3e\u0a09\u0a23 \u0a26\u0a3e \u0a05\u0a27\u0a3f\u0a15\u0a3e\u0a30\u0964<\/li><li>\u0a21\u0a3e\u0a1f\u0a3e \u0a2a\u0a4d\u0a30\u0a4b\u0a38\u0a48\u0a38\u0a3f\u0a70\u0a17 \u0a05\u0a24\u0a47 \u0a21\u0a3e\u0a1f\u0a3e \u0a2a\u0a4b\u0a30\u0a1f\u0a47\u0a2c\u0a3f\u0a32\u0a1f\u0a40 &#039;\u0a24\u0a47 \u0a07\u0a24\u0a30\u0a3e\u0a1c\u0a3c \u0a15\u0a30\u0a28 \u0a26\u0a3e \u0a05\u0a27\u0a3f\u0a15\u0a3e\u0a30\u0964<\/li><li>\u0a15\u0a3f\u0a38\u0a47 \u0a35\u0a40 \u0a38\u0a2e\u0a47\u0a02 \u0a38\u0a39\u0a3f\u0a2e\u0a24\u0a40 \u0a35\u0a3e\u0a2a\u0a38 \u0a32\u0a48\u0a23 \u0a26\u0a3e \u0a05\u0a27\u0a3f\u0a15\u0a3e\u0a30\u0964<\/li><\/ul><p><strong>11. \u0a21\u0a47\u0a1f\u0a3e \u0a2a\u0a4d\u0a30\u0a4b\u0a1f\u0a48\u0a15\u0a38\u0a3c\u0a28 \u0a07\u0a2e\u0a2a\u0a48\u0a15\u0a1f \u0a05\u0a38\u0a48\u0a38\u0a2e\u0a48\u0a02\u0a1f (DPIA)<\/strong><\/p><p>\u0a07\u0a71\u0a15 \u0a21\u0a3e\u0a1f\u0a3e \u0a38\u0a41\u0a30\u0a71\u0a16\u0a3f\u0a06 \u0a2a\u0a4d\u0a30\u0a2d\u0a3e\u0a35 \u0a2e\u0a41\u0a32\u0a3e\u0a02\u0a15\u0a23 \u0a09\u0a71\u0a1a-\u0a1c\u0a4b\u0a16\u0a2e \u0a35\u0a3e\u0a32\u0a47 \u0a21\u0a47\u0a1f\u0a3e \u0a2a\u0a4d\u0a30\u0a4b\u0a38\u0a48\u0a38\u0a3f\u0a70\u0a17 \u0a17\u0a24\u0a40\u0a35\u0a3f\u0a27\u0a40\u0a06\u0a02 \u0a32\u0a08 \u0a15\u0a40\u0a24\u0a3e \u0a1c\u0a3e\u0a02\u0a26\u0a3e \u0a39\u0a48\u0964 \u0a24\u0a41\u0a38\u0a40\u0a02 DPIA \u0a2a\u0a4d\u0a30\u0a15\u0a3f\u0a30\u0a3f\u0a06 \u0a2c\u0a3e\u0a30\u0a47 \u0a39\u0a4b\u0a30 \u0a1c\u0a3e\u0a23\u0a15\u0a3e\u0a30\u0a40 \u0a32\u0a48\u0a23 \u0a32\u0a08 \u0a38\u0a3e\u0a21\u0a47 \u0a28\u0a3e\u0a32 \u0a38\u0a70\u0a2a\u0a30\u0a15 \u0a15\u0a30 \u0a38\u0a15\u0a26\u0a47 \u0a39\u0a4b\u0964<\/p><p><strong>12. \u0a05\u0a70\u0a24\u0a30\u0a30\u0a3e\u0a38\u0a3c\u0a1f\u0a30\u0a40 \u0a21\u0a47\u0a1f\u0a3e \u0a1f\u0a4d\u0a30\u0a3e\u0a02\u0a38\u0a2b\u0a30<\/strong><\/p><p>\u0a05\u0a38\u0a40\u0a02 \u0a24\u0a41\u0a39\u0a3e\u0a21\u0a47 \u0a28\u0a3f\u0a71\u0a1c\u0a40 \u0a21\u0a47\u0a1f\u0a3e \u0a28\u0a42\u0a70 EU \u0a24\u0a4b\u0a02 \u0a2c\u0a3e\u0a39\u0a30 \u0a1f\u0a4d\u0a30\u0a3e\u0a02\u0a38\u0a2b\u0a30 \u0a15\u0a30\u0a26\u0a47 \u0a38\u0a2e\u0a47\u0a02 \u0a32\u0a4b\u0a5c\u0a40\u0a02\u0a26\u0a47 \u0a38\u0a41\u0a30\u0a71\u0a16\u0a3f\u0a06 \u0a09\u0a2a\u0a3e\u0a05 \u0a15\u0a30\u0a26\u0a47 \u0a39\u0a3e\u0a02\u0964 \u0a24\u0a41\u0a38\u0a40\u0a02 \u0a05\u0a70\u0a24\u0a30\u0a30\u0a3e\u0a38\u0a3c\u0a1f\u0a30\u0a40 \u0a21\u0a47\u0a1f\u0a3e \u0a1f\u0a4d\u0a30\u0a3e\u0a02\u0a38\u0a2b\u0a30 \u0a2c\u0a3e\u0a30\u0a47 \u0a35\u0a27\u0a47\u0a30\u0a47 \u0a1c\u0a3e\u0a23\u0a15\u0a3e\u0a30\u0a40 \u0a32\u0a08 \u0a38\u0a3e\u0a21\u0a47 \u0a28\u0a3e\u0a32 \u0a38\u0a70\u0a2a\u0a30\u0a15 \u0a15\u0a30 \u0a38\u0a15\u0a26\u0a47 \u0a39\u0a4b\u0964<\/p><p><strong>13. \u0a21\u0a3e\u0a1f\u0a3e \u0a09\u0a32\u0a70\u0a18\u0a23\u0a3e \u0a38\u0a42\u0a1a\u0a28\u0a3e<\/strong><\/p><p>\u0a21\u0a47\u0a1f\u0a3e \u0a26\u0a40 \u0a09\u0a32\u0a70\u0a18\u0a23\u0a3e \u0a26\u0a40 \u0a38\u0a25\u0a3f\u0a24\u0a40 \u0a35\u0a3f\u0a71\u0a1a, \u0a05\u0a38\u0a40\u0a02 \u0a24\u0a41\u0a30\u0a70\u0a24 \u0a38\u0a2e\u0a30\u0a71\u0a25 \u0a05\u0a27\u0a3f\u0a15\u0a3e\u0a30\u0a40\u0a06\u0a02 \u0a05\u0a24\u0a47 \u0a2a\u0a4d\u0a30\u0a2d\u0a3e\u0a35\u0a3f\u0a24 \u0a35\u0a3f\u0a05\u0a15\u0a24\u0a40\u0a06\u0a02 \u0a28\u0a42\u0a70 \u0a38\u0a42\u0a1a\u0a3f\u0a24 \u0a15\u0a30\u0a26\u0a47 \u0a39\u0a3e\u0a02\u0964 \u0a24\u0a41\u0a38\u0a40\u0a02 \u0a38\u0a3e\u0a21\u0a40\u0a06\u0a02 \u0a21\u0a47\u0a1f\u0a3e \u0a09\u0a32\u0a70\u0a18\u0a23\u0a3e \u0a2a\u0a4d\u0a30\u0a15\u0a3f\u0a30\u0a3f\u0a06\u0a35\u0a3e\u0a02 \u0a2c\u0a3e\u0a30\u0a47 \u0a39\u0a4b\u0a30 \u0a1c\u0a3e\u0a23\u0a28 \u0a32\u0a08 \u0a38\u0a3e\u0a21\u0a47 \u0a28\u0a3e\u0a32 \u0a38\u0a70\u0a2a\u0a30\u0a15 \u0a15\u0a30 \u0a38\u0a15\u0a26\u0a47 \u0a39\u0a4b\u0964<\/p><p><strong>14. \u0a07\u0a15\u0a30\u0a3e\u0a30\u0a28\u0a3e\u0a2e\u0a47 \u0a35\u0a3f\u0a71\u0a1a \u0a24\u0a2c\u0a26\u0a40\u0a32\u0a40\u0a06\u0a02<\/strong><\/p><p>\u0a07\u0a39 \u0a28\u0a40\u0a24\u0a40 \u0a38\u0a2e\u0a47\u0a02-\u0a38\u0a2e\u0a47\u0a02 &#039;\u0a24\u0a47 \u0a05\u0a71\u0a2a\u0a21\u0a47\u0a1f \u0a15\u0a40\u0a24\u0a40 \u0a1c\u0a3e \u0a38\u0a15\u0a26\u0a40 \u0a39\u0a48\u0964 \u0a15\u0a40\u0a24\u0a47 \u0a1c\u0a3e\u0a23 \u0a35\u0a3e\u0a32\u0a47 \u0a15\u0a3f\u0a38\u0a47 \u0a35\u0a40 \u0a2c\u0a26\u0a32\u0a3e\u0a05 \u0a28\u0a42\u0a70 \u0a07\u0a38 \u0a2a\u0a70\u0a28\u0a47 &#039;\u0a24\u0a47 \u0a2a\u0a4d\u0a30\u0a15\u0a3e\u0a38\u0a3c\u0a3f\u0a24 \u0a15\u0a40\u0a24\u0a3e \u0a1c\u0a3e\u0a35\u0a47\u0a17\u0a3e \u0a05\u0a24\u0a47 \u0a2a\u0a4d\u0a30\u0a2d\u0a3e\u0a35\u0a40 \u0a2e\u0a3f\u0a24\u0a40 \u0a26\u0a47 \u0a28\u0a3e\u0a32 \u0a26\u0a71\u0a38\u0a3f\u0a06 \u0a1c\u0a3e\u0a35\u0a47\u0a17\u0a3e\u0964 \u0a09\u0a2a\u0a2d\u0a4b\u0a17\u0a24\u0a3e\u0a35\u0a3e\u0a02 \u0a28\u0a42\u0a70 \u0a15\u0a3f\u0a38\u0a47 \u0a35\u0a40 \u0a24\u0a2c\u0a26\u0a40\u0a32\u0a40 \u0a2c\u0a3e\u0a30\u0a47 \u0a38\u0a42\u0a1a\u0a3f\u0a24 \u0a30\u0a39\u0a3f\u0a23 \u0a32\u0a08 \u0a28\u0a3f\u0a2f\u0a2e\u0a3f\u0a24 \u0a24\u0a4c\u0a30 &#039;\u0a24\u0a47 \u0a07\u0a38 \u0a2a\u0a70\u0a28\u0a47 \u0a26\u0a40 \u0a1c\u0a3e\u0a02\u0a1a \u0a15\u0a30\u0a28 \u0a32\u0a08 \u0a09\u0a24\u0a38\u0a3c\u0a3e\u0a39\u0a3f\u0a24 \u0a15\u0a40\u0a24\u0a3e \u0a1c\u0a3e\u0a02\u0a26\u0a3e \u0a39\u0a48\u0964<\/p>\t\t\t\t\t\t\t\t<\/div>\n\t\t\t\t<\/div>\n\t\t\t\t\t<\/div>\n\t\t<\/div>\n\t\t\t\t\t<\/div>\n\t\t<\/section>\n\t\t\t\t<\/div>","protected":false},"excerpt":{"rendered":"<p>Y\u00fcr\u00fcrl\u00fck\/G\u00fcncelleme Tarihi: 05.08.2024 1. Giri\u015f Hostragons Global Limited (&#8220;Hostragons&#8221; olarak an\u0131lacakt\u0131r), kullan\u0131c\u0131lar\u0131m\u0131z\u0131n gizlili\u011fini ve ki\u015fisel verilerinin korunmas\u0131n\u0131 ciddiye al\u0131r. Bu Gizlilik ve GDPR Uyum Politikas\u0131, ki\u015fisel verilerin nas\u0131l topland\u0131\u011f\u0131n\u0131, kullan\u0131ld\u0131\u011f\u0131n\u0131, korundu\u011funu ve GDPR kapsam\u0131nda nas\u0131l y\u00f6netildi\u011fini a\u00e7\u0131klar. Web sitemizi ve hizmetlerimizi kullanarak, bu politikay\u0131 kabul etmi\u015f say\u0131l\u0131rs\u0131n\u0131z. 2. Veri Sorumlusu ve Temsilcisi Hostragons, ki\u015fisel verilerinizi [&hellip;]<\/p>\n","protected":false},"author":94,"featured_media":7854,"parent":0,"menu_order":0,"comment_status":"closed","ping_status":"closed","template":"","meta":{"googlesitekit_rrm_CAow5YvFDA:productID":"","footnotes":""},"class_list":["post-2031","page","type-page","status-publish","has-post-thumbnail","hentry"],"_links":{"self":[{"href":"https:\/\/www.hostragons.com\/pa\/wp-json\/wp\/v2\/pages\/2031","targetHints":{"allow":["GET"]}}],"collection":[{"href":"https:\/\/www.hostragons.com\/pa\/wp-json\/wp\/v2\/pages"}],"about":[{"href":"https:\/\/www.hostragons.com\/pa\/wp-json\/wp\/v2\/types\/page"}],"author":[{"embeddable":true,"href":"https:\/\/www.hostragons.com\/pa\/wp-json\/wp\/v2\/users\/94"}],"replies":[{"embeddable":true,"href":"https:\/\/www.hostragons.com\/pa\/wp-json\/wp\/v2\/comments?post=2031"}],"version-history":[{"count":0,"href":"https:\/\/www.hostragons.com\/pa\/wp-json\/wp\/v2\/pages\/2031\/revisions"}],"wp:featuredmedia":[{"embeddable":true,"href":"https:\/\/www.hostragons.com\/pa\/wp-json\/wp\/v2\/media\/7854"}],"wp:attachment":[{"href":"https:\/\/www.hostragons.com\/pa\/wp-json\/wp\/v2\/media?parent=2031"}],"curies":[{"name":"\u0a21\u0a2c\u0a32\u0a2f\u0a42\u0a2a\u0a40","href":"https:\/\/api.w.org\/{rel}","templated":true}]}}