{"id":2358,"date":"2020-10-02T08:03:18","date_gmt":"2020-10-02T05:03:18","guid":{"rendered":"https:\/\/www.hostragons.com\/?page_id=2358"},"modified":"2025-03-25T09:07:38","modified_gmt":"2025-03-25T09:07:38","slug":"cookiebeleid","status":"publish","type":"page","link":"https:\/\/www.hostragons.com\/nl\/cookiebeleid\/","title":{"rendered":"Cookiebeleid"},"content":{"rendered":"<div data-elementor-type=\"wp-page\" data-elementor-id=\"2358\" class=\"elementor elementor-2358\" data-elementor-post-type=\"page\">\n\t\t\t\t\t\t<section class=\"elementor-section elementor-top-section elementor-element elementor-element-9da5eda elementor-section-boxed elementor-section-height-default elementor-section-height-default\" data-id=\"9da5eda\" data-element_type=\"section\" data-e-type=\"section\">\n\t\t\t\t\t\t<div class=\"elementor-container elementor-column-gap-default\">\n\t\t\t\t\t<div class=\"elementor-column elementor-col-100 elementor-top-column elementor-element elementor-element-a7228de\" data-id=\"a7228de\" data-element_type=\"column\" data-e-type=\"column\">\n\t\t\t<div class=\"elementor-widget-wrap elementor-element-populated\">\n\t\t\t\t\t\t<div class=\"elementor-element elementor-element-8bde4d6 elementor-widget elementor-widget-text-editor\" data-id=\"8bde4d6\" data-element_type=\"widget\" data-e-type=\"widget\" data-widget_type=\"text-editor.default\">\n\t\t\t\t<div class=\"elementor-widget-container\">\n\t\t\t\t\t\t\t\t\t<p><strong>Ingangs-\/Bijwerkingsdatum:<\/strong> 05.08.2024<\/p><p><strong>1. Wat is een cookie?<\/strong><\/p><p>Cookies zijn kleine gegevensbestanden die door websites naar uw browser worden verzonden en op uw apparaat worden opgeslagen. Deze bestanden stellen uw browser in staat de website te herkennen wanneer u deze opnieuw bezoekt en uw gebruikerservaring te personaliseren door uw voorkeuren van eerdere bezoeken te onthouden.<\/p><p><strong>Cookies worden gebruikt om de gebruikerservaring te verbeteren, uw voorkeuren te onthouden en de prestaties van de site te monitoren.<\/strong><\/p><p>Hostragons gebruikt cookies voor de volgende doeleinden:<\/p><ul><li class=\"translation-block\"><strong>Essenti\u00eble cookies:<\/strong> Deze zijn noodzakelijk voor de basisfunctionaliteiten van de site.<\/li><li><strong>Prestatiecookies:<\/strong> Het wordt gebruikt om de prestaties van de site te monitoren en te verbeteren.<\/li><li class=\"translation-block\"><strong>Functionele Cookies:<\/strong> Deze onthouden de voorkeuren van de gebruiker en bieden een gepersonaliseerde ervaring.<\/li><li class=\"translation-block\"><strong>Advertentie- en Marketingcookies:<\/strong> Worden gebruikt om inhoud en advertenties aan te bieden die relevant zijn voor uw interesses.<\/li><\/ul><p><strong>Cookies stellen websites in staat om kleine databestanden op uw apparaat op te slaan.<\/strong><\/p><p>Sommige cookies op onze website worden beheerd door externe dienstverleners. Deze cookies worden gebruikt voor advertentie- en analysedoeleinden en zijn onderworpen aan de privacybeleid van deze derden. Voor meer informatie over het gebruik van cookies door derden raden wij aan om de privacybeleid van deze dienstverleners te raadplegen.<\/p><p><strong>U kunt uw cookies beheren of verwijderen via de browserinstellingen.<\/strong><\/p><p>U kunt cookies beheren, accepteren of weigeren via de instellingen van uw browser. Daarnaast kunt u cookies verwijderen die eerder in uw browser zijn opgeslagen. Voor meer informatie over het beheren van cookies kunt u de specifieke instructies voor uw browser raadplegen:<\/p><ul><li><a target=\"_new\" rel=\"noreferrer\">Google Chrome<\/a><\/li><li><a href=\"https:\/\/support.mozilla.org\/tr\/kb\/cerezleri-silme\" target=\"_new\" rel=\"noreferrer noopener\">Mozilla Firefox<\/a><\/li><li><a href=\"https:\/\/support.apple.com\/tr-tr\/guide\/safari\/sfri11471\/mac\" target=\"_new\" rel=\"noreferrer noopener\">Safari<\/a><\/li><li><a href=\"https:\/\/support.microsoft.com\/tr-tr\/help\/4027947\/microsoft-edge-delete-cookies\" target=\"_new\" rel=\"noreferrer noopener\">Microsoft Edge<\/a><\/li><\/ul><p><strong>Wijzigingen in ons cookiebeleid worden op deze pagina aangekondigd.<\/strong><\/p><p>Hostragons behoudt zich het recht voor om wijzigingen aan te brengen in zijn cookiebeleid. Wijzigingen in ons beleid worden bijgewerkt en van kracht op deze pagina. We raden gebruikers aan om deze pagina regelmatig te controleren om op de hoogte te blijven van eventuele updates.<\/p><p><strong>Contact<\/strong><\/p><p>Voor vragen over dit cookiebeleid kunt u contact met ons opnemen. <a rel=\"noreferrer\">hello@hostragons.com<\/a> U kunt contact met ons opnemen via.<\/p>\t\t\t\t\t\t\t\t<\/div>\n\t\t\t\t<\/div>\n\t\t\t\t\t<\/div>\n\t\t<\/div>\n\t\t\t\t\t<\/div>\n\t\t<\/section>\n\t\t\t\t<\/div>","protected":false},"excerpt":{"rendered":"<p>Y\u00fcr\u00fcrl\u00fck\/G\u00fcncelleme Tarihi: 05.08.2024 1. \u00c7erez (Cookie) Nedir? \u00c7erezler, web siteleri taraf\u0131ndan taray\u0131c\u0131n\u0131za g\u00f6nderilen ve cihaz\u0131n\u0131zda depolanan k\u00fc\u00e7\u00fck veri dosyalar\u0131d\u0131r. Bu dosyalar, siteyi tekrar ziyaret etti\u011finizde taray\u0131c\u0131n\u0131z\u0131n web sitesini tan\u0131mas\u0131n\u0131 sa\u011flar ve \u00f6nceki ziyaretlerinizdeki tercihlerinizi hat\u0131rlayarak kullan\u0131c\u0131 deneyiminizi ki\u015fiselle\u015ftirir. 2. \u00c7erezlerin Kullan\u0131m Ama\u00e7lar\u0131 Hostragons, a\u015fa\u011f\u0131daki ama\u00e7lar do\u011frultusunda \u00e7erezleri kullan\u0131r: Zorunlu \u00c7erezler: Sitenin temel i\u015flevlerini yerine getirebilmesi [&hellip;]<\/p>\n","protected":false},"author":94,"featured_media":7852,"parent":0,"menu_order":0,"comment_status":"closed","ping_status":"closed","template":"","meta":{"googlesitekit_rrm_CAow5YvFDA:productID":"","footnotes":""},"class_list":["post-2358","page","type-page","status-publish","has-post-thumbnail","hentry"],"_links":{"self":[{"href":"https:\/\/www.hostragons.com\/nl\/wp-json\/wp\/v2\/pages\/2358","targetHints":{"allow":["GET"]}}],"collection":[{"href":"https:\/\/www.hostragons.com\/nl\/wp-json\/wp\/v2\/pages"}],"about":[{"href":"https:\/\/www.hostragons.com\/nl\/wp-json\/wp\/v2\/types\/page"}],"author":[{"embeddable":true,"href":"https:\/\/www.hostragons.com\/nl\/wp-json\/wp\/v2\/users\/94"}],"replies":[{"embeddable":true,"href":"https:\/\/www.hostragons.com\/nl\/wp-json\/wp\/v2\/comments?post=2358"}],"version-history":[{"count":0,"href":"https:\/\/www.hostragons.com\/nl\/wp-json\/wp\/v2\/pages\/2358\/revisions"}],"wp:featuredmedia":[{"embeddable":true,"href":"https:\/\/www.hostragons.com\/nl\/wp-json\/wp\/v2\/media\/7852"}],"wp:attachment":[{"href":"https:\/\/www.hostragons.com\/nl\/wp-json\/wp\/v2\/media?parent=2358"}],"curies":[{"name":"wp","href":"https:\/\/api.w.org\/{rel}","templated":true}]}}