{"id":2358,"date":"2020-10-02T08:03:18","date_gmt":"2020-10-02T05:03:18","guid":{"rendered":"https:\/\/www.hostragons.com\/?page_id=2358"},"modified":"2025-03-25T09:07:38","modified_gmt":"2025-03-25T09:07:38","slug":"cookie-%e1%80%99%e1%80%b0%e1%80%9d%e1%80%ab%e1%80%92","status":"publish","type":"page","link":"https:\/\/www.hostragons.com\/my\/cookie-%e1%80%99%e1%80%b0%e1%80%9d%e1%80%ab%e1%80%92\/","title":{"rendered":"\u1000\u103d\u1010\u103a\u1000\u102e\u1038\u1019\u1030\u101d\u102b\u1012"},"content":{"rendered":"<div data-elementor-type=\"wp-page\" data-elementor-id=\"2358\" class=\"elementor elementor-2358\" data-elementor-post-type=\"page\">\n\t\t\t\t\t\t<section class=\"elementor-section elementor-top-section elementor-element elementor-element-9da5eda elementor-section-boxed elementor-section-height-default elementor-section-height-default\" data-id=\"9da5eda\" data-element_type=\"section\" data-e-type=\"section\">\n\t\t\t\t\t\t<div class=\"elementor-container elementor-column-gap-default\">\n\t\t\t\t\t<div class=\"elementor-column elementor-col-100 elementor-top-column elementor-element elementor-element-a7228de\" data-id=\"a7228de\" data-element_type=\"column\" data-e-type=\"column\">\n\t\t\t<div class=\"elementor-widget-wrap elementor-element-populated\">\n\t\t\t\t\t\t<div class=\"elementor-element elementor-element-8bde4d6 elementor-widget elementor-widget-text-editor\" data-id=\"8bde4d6\" data-element_type=\"widget\" data-e-type=\"widget\" data-widget_type=\"text-editor.default\">\n\t\t\t\t<div class=\"elementor-widget-container\">\n\t\t\t\t\t\t\t\t\t<p><strong>\u101e\u1000\u103a\u101b\u1031\u102c\u1000\u103a\u1019\u103e\u102f\/\u1021\u1015\u103a\u1012\u102d\u1010\u103a\u101b\u1000\u103a\u1005\u103d\u1032-<\/strong> \u1040\u1045.\u1040\u1048.\u1042\u1040\u1042\u1044<\/p><p><strong>1. Cookie \u1006\u102d\u102f\u1010\u102c \u1018\u102c\u101c\u1032\u104b<\/strong><\/p><p>\u1000\u103d\u1010\u103a\u1000\u102e\u1038\u1019\u103b\u102c\u1038\u101e\u100a\u103a \u101d\u1018\u103a\u1006\u102d\u102f\u1000\u103a\u1019\u103b\u102c\u1038\u1019\u103e \u101e\u1004\u1037\u103a\u1018\u101b\u1031\u102c\u1000\u103a\u1006\u102c\u101e\u102d\u102f\u1037 \u1015\u1031\u1038\u1015\u102d\u102f\u1037\u1015\u103c\u102e\u1038 \u101e\u1004\u1037\u103a\u1005\u1000\u103a\u1015\u1031\u102b\u103a\u1010\u103d\u1004\u103a \u101e\u102d\u1019\u103a\u1038\u1006\u100a\u103a\u1038\u1011\u102c\u1038\u101e\u100a\u1037\u103a \u101e\u1031\u1038\u1004\u101a\u103a\u101e\u1031\u102c\u1012\u1031\u1010\u102c\u1016\u102d\u102f\u1004\u103a\u1019\u103b\u102c\u1038\u1016\u103c\u1005\u103a\u101e\u100a\u103a\u104b \u1024\u1016\u102d\u102f\u1004\u103a\u1019\u103b\u102c\u1038\u101e\u100a\u103a \u104e\u1004\u103a\u1038\u1000\u102d\u102f \u1011\u1015\u103a\u1019\u1036\u101d\u1004\u103a\u101b\u1031\u102c\u1000\u103a\u101e\u100a\u1037\u103a\u1021\u1001\u102b \u101d\u1018\u103a\u1006\u102d\u102f\u1000\u103a\u1000\u102d\u102f \u101e\u1004\u1037\u103a\u1018\u101b\u1031\u102c\u1000\u103a\u1006\u102c\u1019\u103e \u1019\u103e\u1010\u103a\u1019\u102d\u1005\u1031\u1015\u103c\u102e\u1038 \u101a\u1001\u1004\u103a\u101c\u100a\u103a\u1015\u1010\u103a\u1019\u103e\u102f\u1019\u103b\u102c\u1038\u1019\u103e \u101e\u1004\u1037\u103a\u1005\u102d\u1010\u103a\u1000\u103c\u102d\u102f\u1000\u103a\u1019\u103b\u102c\u1038\u1000\u102d\u102f \u1019\u103e\u1010\u103a\u101e\u102c\u1038\u1001\u103c\u1004\u103a\u1038\u1016\u103c\u1004\u1037\u103a \u101e\u1004\u103a\u104f\u1021\u101e\u102f\u1036\u1038\u1015\u103c\u102f\u101e\u1030\u1021\u1010\u103d\u1031\u1037\u1021\u1000\u103c\u102f\u1036\u1000\u102d\u102f \u1005\u102d\u1010\u103a\u1000\u103c\u102d\u102f\u1000\u103a\u1015\u103c\u1004\u103a\u1006\u1004\u103a\u1014\u102d\u102f\u1004\u103a\u1005\u1031\u1015\u102b\u101e\u100a\u103a\u104b<\/p><p><strong>2. \u1000\u103d\u1010\u103a\u1000\u102e\u1038\u1021\u101e\u102f\u1036\u1038\u1015\u103c\u102f\u1019\u103e\u102f\u101b\u100a\u103a\u101b\u103d\u101a\u103a\u1001\u103b\u1000\u103a\u1019\u103b\u102c\u1038<\/strong><\/p><p>Hostragons \u101e\u100a\u103a \u1021\u1031\u102c\u1000\u103a\u1015\u102b\u101b\u100a\u103a\u101b\u103d\u101a\u103a\u1001\u103b\u1000\u103a\u1019\u103b\u102c\u1038\u1021\u1010\u103d\u1000\u103a cookies \u1000\u102d\u102f\u1021\u101e\u102f\u1036\u1038\u1015\u103c\u102f\u101e\u100a\u103a-<\/p><ul><li class=\"translation-block\"><strong>\u1019\u1016\u103c\u1005\u103a\u1019\u1014\u1031 \u1000\u103d\u1010\u103a\u1000\u102e\u1038\u1019\u103b\u102c\u1038-<\/strong> \u104e\u1004\u103a\u1038\u104f \u1021\u1001\u103c\u1031\u1001\u1036\u101c\u102f\u1015\u103a\u1006\u1031\u102c\u1004\u103a\u1001\u103b\u1000\u103a\u1019\u103b\u102c\u1038\u1000\u102d\u102f \u101c\u102f\u1015\u103a\u1006\u1031\u102c\u1004\u103a\u101b\u1014\u103a \u1006\u102d\u102f\u1000\u103a\u1021\u1010\u103d\u1000\u103a \u101c\u102d\u102f\u1021\u1015\u103a\u1015\u102b\u101e\u100a\u103a\u104b<\/li><li><strong>\u1005\u103d\u1019\u103a\u1038\u1006\u1031\u102c\u1004\u103a\u101b\u100a\u103a \u1000\u103d\u1010\u103a\u1000\u102e\u1038\u1019\u103b\u102c\u1038<\/strong> \u104e\u1004\u103a\u1038\u1000\u102d\u102f site \u104f\u1005\u103d\u1019\u103a\u1038\u1006\u1031\u102c\u1004\u103a\u101b\u100a\u103a\u1000\u102d\u102f\u1005\u1031\u102c\u1004\u1037\u103a\u1000\u103c\u100a\u1037\u103a\u101b\u1014\u103a\u1014\u103e\u1004\u1037\u103a\u1010\u102d\u102f\u1038\u1010\u1000\u103a\u1005\u1031\u101b\u1014\u103a\u1021\u1010\u103d\u1000\u103a\u1021\u101e\u102f\u1036\u1038\u1015\u103c\u102f\u101e\u100a\u103a\u104b<\/li><li class=\"translation-block\"><strong>\u101c\u102f\u1015\u103a\u1006\u1031\u102c\u1004\u103a\u1001\u103b\u1000\u103a\u101b\u103e\u102d\u101e\u1031\u102c \u1000\u103d\u1010\u103a\u1000\u102e\u1038\u1019\u103b\u102c\u1038-<\/strong> \u1021\u101e\u102f\u1036\u1038\u1015\u103c\u102f\u101e\u1030\u104f \u1005\u102d\u1010\u103a\u1000\u103c\u102d\u102f\u1000\u103a\u101b\u103d\u1031\u1038\u1001\u103b\u101a\u103a\u1019\u103e\u102f\u1019\u103b\u102c\u1038\u1000\u102d\u102f \u1019\u103e\u1010\u103a\u101e\u102c\u1038\u1001\u103c\u1004\u103a\u1038\u1016\u103c\u1004\u1037\u103a \u1015\u102f\u1002\u1039\u1002\u102d\u102f\u101c\u103a\u101b\u1031\u1038\u101e\u102e\u1038\u101e\u1014\u1037\u103a \u1021\u1010\u103d\u1031\u1037\u1021\u1000\u103c\u102f\u1036\u1000\u102d\u102f \u1015\u1031\u1038\u1006\u1031\u102c\u1004\u103a\u1015\u102b\u104b<\/li><li class=\"translation-block\"><strong>\u1000\u103c\u1031\u102c\u103a\u1004\u103c\u102c\u1014\u103e\u1004\u1037\u103a \u1005\u103b\u1031\u1038\u1000\u103d\u1000\u103a\u101b\u103e\u102c\u1016\u103d\u1031\u101b\u1031\u1038 \u1000\u103d\u1010\u103a\u1000\u102e\u1038\u1019\u103b\u102c\u1038-<\/strong> \u101e\u1004\u1037\u103a\u1005\u102d\u1010\u103a\u101d\u1004\u103a\u1005\u102c\u1038\u1019\u103e\u102f\u1019\u103b\u102c\u1038\u1014\u103e\u1004\u1037\u103a \u1021\u1036\u101d\u1004\u103a\u1001\u103d\u1004\u103a\u1000\u103b\u1016\u103c\u1005\u103a\u1005\u1031\u101e\u1031\u102c \u1021\u1000\u103c\u1031\u102c\u1004\u103a\u1038\u1021\u101b\u102c\u1014\u103e\u1004\u1037\u103a \u1000\u103c\u1031\u102c\u103a\u1004\u103c\u102c\u1019\u103b\u102c\u1038\u1000\u102d\u102f \u1015\u1031\u1038\u1015\u102d\u102f\u1037\u101b\u1014\u103a \u1021\u101e\u102f\u1036\u1038\u1015\u103c\u102f\u101e\u100a\u103a\u104b<\/li><\/ul><p><strong>3. Third Party Cookies<\/strong><\/p><p>\u1000\u103b\u103d\u1014\u103a\u102f\u1015\u103a\u1010\u102d\u102f\u1037\u104f site \u101b\u103e\u102d \u1021\u1001\u103b\u102d\u102f\u1037\u101e\u1031\u102c cookies \u1019\u103b\u102c\u1038\u1000\u102d\u102f \u1015\u103c\u1004\u103a\u1015\u101d\u1014\u103a\u1006\u1031\u102c\u1004\u103a\u1019\u103e\u102f\u1015\u1031\u1038\u101e\u1030\u1019\u103b\u102c\u1038\u1019\u103e \u1005\u102e\u1019\u1036\u1001\u1014\u1037\u103a\u1001\u103d\u1032\u1015\u102b\u101e\u100a\u103a\u104b \u1024\u1000\u103d\u1000\u103a\u1000\u102e\u1038\u1019\u103b\u102c\u1038\u1000\u102d\u102f \u1000\u103c\u1031\u102c\u103a\u1004\u103c\u102c\u1014\u103e\u1004\u1037\u103a \u1001\u103d\u1032\u1001\u103c\u1019\u103a\u1038\u1005\u102d\u1010\u103a\u1016\u103c\u102c\u1019\u103e\u102f\u1006\u102d\u102f\u1004\u103a\u101b\u102c \u101d\u1014\u103a\u1006\u1031\u102c\u1004\u103a\u1019\u103e\u102f\u1019\u103b\u102c\u1038\u1021\u1010\u103d\u1000\u103a \u1021\u101e\u102f\u1036\u1038\u1015\u103c\u102f\u1015\u103c\u102e\u1038 \u1015\u103c\u1004\u103a\u1015\u1021\u1016\u103d\u1032\u1037\u1021\u1005\u100a\u103a\u1038\u1019\u103b\u102c\u1038\u104f \u1000\u102d\u102f\u101a\u103a\u1015\u102d\u102f\u1004\u103a\u1000\u102d\u102f\u101a\u103a\u101b\u1031\u1038\u1000\u102d\u102f\u101a\u103a\u1010\u102c \u1019\u1030\u101d\u102b\u1012\u1019\u103b\u102c\u1038\u1014\u103e\u1004\u1037\u103a\u1021\u100a\u102e \u101c\u102f\u1015\u103a\u1006\u1031\u102c\u1004\u103a\u1015\u102b\u101e\u100a\u103a\u104b \u1015\u103c\u1004\u103a\u1015\u1000\u102f\u1019\u1039\u1015\u100f\u102e\u1000\u103d\u1010\u103a\u1000\u102e\u1038\u1019\u103b\u102c\u1038\u1021\u101e\u102f\u1036\u1038\u1015\u103c\u102f\u1019\u103e\u102f\u1014\u103e\u1004\u1037\u103a\u1015\u1010\u103a\u101e\u1000\u103a\u101e\u1031\u102c \u1014\u1031\u102c\u1000\u103a\u1011\u1015\u103a\u1021\u1001\u103b\u1000\u103a\u1021\u101c\u1000\u103a\u1019\u103b\u102c\u1038\u1021\u1010\u103d\u1000\u103a \u1024\u101d\u1014\u103a\u1006\u1031\u102c\u1004\u103a\u1019\u103e\u102f\u1015\u1031\u1038\u101e\u1030\u1019\u103b\u102c\u1038\u104f \u1000\u102d\u102f\u101a\u103a\u101b\u1031\u1038\u1000\u102d\u102f\u101a\u103a\u1010\u102c\u1019\u1030\u101d\u102b\u1012\u1019\u103b\u102c\u1038\u1000\u102d\u102f \u1015\u103c\u1014\u103a\u101c\u100a\u103a\u101e\u102f\u1036\u1038\u101e\u1015\u103a\u101b\u1014\u103a \u1000\u103b\u103d\u1014\u103a\u102f\u1015\u103a\u1010\u102d\u102f\u1037 \u1021\u1000\u103c\u1036\u1015\u103c\u102f\u1021\u1015\u103a\u1015\u102b\u101e\u100a\u103a\u104b<\/p><p><strong>4. \u1000\u103d\u1010\u103a\u1000\u102e\u1038\u1019\u103b\u102c\u1038\u1000\u102d\u102f \u1011\u102d\u1014\u103a\u1038\u1001\u103b\u102f\u1015\u103a\u1001\u103c\u1004\u103a\u1038\u1014\u103e\u1004\u1037\u103a \u1016\u103b\u1000\u103a\u1001\u103c\u1004\u103a\u1038<\/strong><\/p><p>\u101e\u1004\u1037\u103a\u1018\u101b\u1031\u102c\u1000\u103a\u1006\u102c\u1006\u1000\u103a\u1010\u1004\u103a\u1019\u103b\u102c\u1038\u1019\u103e\u1010\u1005\u103a\u1006\u1004\u1037\u103a \u1000\u103d\u1000\u103a\u1000\u102e\u1038\u1019\u103b\u102c\u1038\u1000\u102d\u102f \u1005\u102e\u1019\u1036\u1001\u1014\u1037\u103a\u1001\u103d\u1032\u1014\u102d\u102f\u1004\u103a\u104a \u101c\u1000\u103a\u1001\u1036\u1014\u102d\u102f\u1004\u103a \u101e\u102d\u102f\u1037\u1019\u101f\u102f\u1010\u103a \u1004\u103c\u1004\u103a\u1038\u1015\u101a\u103a\u1014\u102d\u102f\u1004\u103a\u1015\u102b\u101e\u100a\u103a\u104b \u101e\u1004\u1037\u103a\u1018\u101b\u1031\u102c\u1000\u103a\u1006\u102c\u1010\u103d\u1004\u103a \u101e\u102d\u1019\u103a\u1038\u1006\u100a\u103a\u1038\u1011\u102c\u1038\u101e\u100a\u1037\u103a \u1000\u103d\u1010\u103a\u1000\u102e\u1038\u1019\u103b\u102c\u1038\u1000\u102d\u102f\u101c\u100a\u103a\u1038 \u1016\u103b\u1000\u103a\u1014\u102d\u102f\u1004\u103a\u101e\u100a\u103a\u104b \u1000\u103d\u1000\u103a\u1000\u102e\u1038\u1019\u103b\u102c\u1038\u1000\u102d\u102f \u1005\u102e\u1019\u1036\u1001\u1014\u1037\u103a\u1001\u103d\u1032\u1014\u100a\u103a\u1038\u1006\u102d\u102f\u1004\u103a\u101b\u102c \u1014\u1031\u102c\u1000\u103a\u1011\u1015\u103a\u1021\u1001\u103b\u1000\u103a\u1021\u101c\u1000\u103a\u1019\u103b\u102c\u1038\u1021\u1010\u103d\u1000\u103a\u104a \u101e\u1004\u103a\u1021\u101e\u102f\u1036\u1038\u1015\u103c\u102f\u1014\u1031\u101e\u100a\u1037\u103a \u1018\u101b\u1031\u102c\u1000\u103a\u1006\u102c\u1021\u1010\u103d\u1000\u103a \u101e\u1010\u103a\u1019\u103e\u1010\u103a\u1011\u102c\u1038\u101e\u1031\u102c \u100a\u103d\u103e\u1014\u103a\u1000\u103c\u102c\u1038\u1001\u103b\u1000\u103a\u1019\u103b\u102c\u1038\u1000\u102d\u102f \u1000\u102d\u102f\u1038\u1000\u102c\u1038\u1014\u102d\u102f\u1004\u103a\u101e\u100a\u103a-<\/p><ul><li><a target=\"_new\" rel=\"noreferrer\">Google Chrome<\/a><\/li><li><a href=\"https:\/\/support.mozilla.org\/tr\/kb\/cerezleri-silme\" target=\"_new\" rel=\"noreferrer noopener\">Mozilla Firefox<\/a><\/li><li><a href=\"https:\/\/support.apple.com\/tr-tr\/guide\/safari\/sfri11471\/mac\" target=\"_new\" rel=\"noreferrer noopener\">\u1006\u102c\u1016\u102c\u101b\u102e<\/a><\/li><li><a href=\"https:\/\/support.microsoft.com\/tr-tr\/help\/4027947\/microsoft-edge-delete-cookies\" target=\"_new\" rel=\"noreferrer noopener\">Microsoft Edge<\/a><\/li><\/ul><p class=\"translation-block\">5. Cookie Policy \u1021\u1015\u103c\u1031\u102c\u1004\u103a\u1038\u1021\u101c\u1032\u1019\u103b\u102c\u1038<\/p><p>Hostragons \u101e\u100a\u103a \u104e\u1004\u103a\u1038\u104f cookie \u1019\u1030\u101d\u102b\u1012\u1000\u102d\u102f \u1015\u103c\u1031\u102c\u1004\u103a\u1038\u101c\u1032\u101b\u1014\u103a \u1021\u1001\u103d\u1004\u1037\u103a\u1021\u101b\u1031\u1038\u1000\u102d\u102f \u101c\u1000\u103a\u101d\u101a\u103a\u101b\u103e\u102d\u101e\u100a\u103a\u104b \u1000\u103b\u103d\u1014\u103a\u102f\u1015\u103a\u1010\u102d\u102f\u1037\u104f\u1019\u1030\u101d\u102b\u1012\u1006\u102d\u102f\u1004\u103a\u101b\u102c \u1015\u103c\u1031\u102c\u1004\u103a\u1038\u101c\u1032\u1019\u103e\u102f\u1019\u103e\u1014\u103a\u101e\u1019\u103b\u103e\u1000\u102d\u102f \u1024\u1005\u102c\u1019\u103b\u1000\u103a\u1014\u103e\u102c\u1010\u103d\u1004\u103a \u1021\u1015\u103a\u1012\u102d\u1010\u103a\u101c\u102f\u1015\u103a\u1019\u100a\u103a\u1016\u103c\u1005\u103a\u1015\u103c\u102e\u1038 \u1021\u101e\u1000\u103a\u101d\u1004\u103a\u1019\u100a\u103a\u1016\u103c\u1005\u103a\u101e\u100a\u103a\u104b \u1024\u1005\u102c\u1019\u103b\u1000\u103a\u1014\u103e\u102c\u1000\u102d\u102f \u1015\u102f\u1036\u1019\u103e\u1014\u103a\u1005\u1005\u103a\u1006\u1031\u1038\u1001\u103c\u1004\u103a\u1038\u1016\u103c\u1004\u1037\u103a \u1021\u101e\u102f\u1036\u1038\u1015\u103c\u102f\u101e\u1030\u1019\u103b\u102c\u1038\u104f \u1015\u103c\u1031\u102c\u1004\u103a\u1038\u101c\u1032\u1019\u103e\u102f\u1019\u103b\u102c\u1038\u1000\u102d\u102f \u1021\u101e\u102d\u1015\u1031\u1038\u101b\u1014\u103a \u1000\u103b\u103d\u1014\u103a\u102f\u1015\u103a\u1010\u102d\u102f\u1037 \u1021\u1000\u103c\u1036\u1015\u103c\u102f\u1021\u1015\u103a\u1015\u102b\u101e\u100a\u103a\u104b<\/p><p><strong>6. \u1006\u1000\u103a\u101e\u103d\u101a\u103a\u101b\u1031\u1038<\/strong><\/p><p>\u1024 cookie \u1019\u1030\u101d\u102b\u1012\u1014\u103e\u1004\u1037\u103a\u1015\u1010\u103a\u101e\u1000\u103a\u101e\u100a\u1037\u103a\u1019\u1031\u1038\u1001\u103d\u1014\u103a\u1038\u1019\u103b\u102c\u1038\u1021\u1010\u103d\u1000\u103a <a rel=\"noreferrer\">hello@hostragons.com<\/a> \u1010\u103d\u1004\u103a \u1000\u103b\u103d\u1014\u103a\u102f\u1015\u103a\u1010\u102d\u102f\u1037\u1011\u1036 \u1006\u1000\u103a\u101e\u103d\u101a\u103a\u1014\u102d\u102f\u1004\u103a\u1015\u102b\u101e\u100a\u103a\u104b<\/p>\t\t\t\t\t\t\t\t<\/div>\n\t\t\t\t<\/div>\n\t\t\t\t\t<\/div>\n\t\t<\/div>\n\t\t\t\t\t<\/div>\n\t\t<\/section>\n\t\t\t\t<\/div>","protected":false},"excerpt":{"rendered":"<p>Y\u00fcr\u00fcrl\u00fck\/G\u00fcncelleme Tarihi: 05.08.2024 1. \u00c7erez (Cookie) Nedir? \u00c7erezler, web siteleri taraf\u0131ndan taray\u0131c\u0131n\u0131za g\u00f6nderilen ve cihaz\u0131n\u0131zda depolanan k\u00fc\u00e7\u00fck veri dosyalar\u0131d\u0131r. Bu dosyalar, siteyi tekrar ziyaret etti\u011finizde taray\u0131c\u0131n\u0131z\u0131n web sitesini tan\u0131mas\u0131n\u0131 sa\u011flar ve \u00f6nceki ziyaretlerinizdeki tercihlerinizi hat\u0131rlayarak kullan\u0131c\u0131 deneyiminizi ki\u015fiselle\u015ftirir. 2. \u00c7erezlerin Kullan\u0131m Ama\u00e7lar\u0131 Hostragons, a\u015fa\u011f\u0131daki ama\u00e7lar do\u011frultusunda \u00e7erezleri kullan\u0131r: Zorunlu \u00c7erezler: Sitenin temel i\u015flevlerini yerine getirebilmesi [&hellip;]<\/p>\n","protected":false},"author":94,"featured_media":7852,"parent":0,"menu_order":0,"comment_status":"closed","ping_status":"closed","template":"","meta":{"googlesitekit_rrm_CAow5YvFDA:productID":"","footnotes":""},"class_list":["post-2358","page","type-page","status-publish","has-post-thumbnail","hentry"],"_links":{"self":[{"href":"https:\/\/www.hostragons.com\/my\/wp-json\/wp\/v2\/pages\/2358","targetHints":{"allow":["GET"]}}],"collection":[{"href":"https:\/\/www.hostragons.com\/my\/wp-json\/wp\/v2\/pages"}],"about":[{"href":"https:\/\/www.hostragons.com\/my\/wp-json\/wp\/v2\/types\/page"}],"author":[{"embeddable":true,"href":"https:\/\/www.hostragons.com\/my\/wp-json\/wp\/v2\/users\/94"}],"replies":[{"embeddable":true,"href":"https:\/\/www.hostragons.com\/my\/wp-json\/wp\/v2\/comments?post=2358"}],"version-history":[{"count":0,"href":"https:\/\/www.hostragons.com\/my\/wp-json\/wp\/v2\/pages\/2358\/revisions"}],"wp:featuredmedia":[{"embeddable":true,"href":"https:\/\/www.hostragons.com\/my\/wp-json\/wp\/v2\/media\/7852"}],"wp:attachment":[{"href":"https:\/\/www.hostragons.com\/my\/wp-json\/wp\/v2\/media?parent=2358"}],"curies":[{"name":"wp","href":"https:\/\/api.w.org\/{rel}","templated":true}]}}