{"id":2035,"date":"2020-09-08T16:16:56","date_gmt":"2020-09-08T13:16:56","guid":{"rendered":"https:\/\/www.hostragons.com\/?page_id=2035"},"modified":"2024-09-26T18:01:35","modified_gmt":"2024-09-26T15:01:35","slug":"%e1%80%95%e1%80%bc%e1%80%94%e1%80%ba%e1%80%9c%e1%80%8a%e1%80%ba%e1%80%95%e1%80%b1%e1%80%b8%e1%80%95%e1%80%ad%e1%80%af%e1%80%b7%e1%80%81%e1%80%bc%e1%80%84%e1%80%ba%e1%80%b8%e1%80%86%e1%80%ad%e1%80%af","status":"publish","type":"page","link":"https:\/\/www.hostragons.com\/my\/%e1%80%95%e1%80%bc%e1%80%94%e1%80%ba%e1%80%9c%e1%80%8a%e1%80%ba%e1%80%95%e1%80%b1%e1%80%b8%e1%80%95%e1%80%ad%e1%80%af%e1%80%b7%e1%80%81%e1%80%bc%e1%80%84%e1%80%ba%e1%80%b8%e1%80%86%e1%80%ad%e1%80%af\/","title":{"rendered":"\u1015\u103c\u1014\u103a\u101c\u100a\u103a\u1015\u1031\u1038\u1015\u102d\u102f\u1037\u1001\u103c\u1004\u103a\u1038\u1006\u102d\u102f\u1004\u103a\u101b\u102c\u1019\u1030\u101d\u102b\u1012"},"content":{"rendered":"\t\t<div data-elementor-type=\"wp-page\" data-elementor-id=\"2035\" class=\"elementor elementor-2035\" data-elementor-post-type=\"page\">\n\t\t\t\t\t\t<section class=\"elementor-section elementor-top-section elementor-element elementor-element-b06b2e6 elementor-section-boxed elementor-section-height-default elementor-section-height-default\" data-id=\"b06b2e6\" data-element_type=\"section\" data-e-type=\"section\">\n\t\t\t\t\t\t<div class=\"elementor-container elementor-column-gap-default\">\n\t\t\t\t\t<div class=\"elementor-column elementor-col-100 elementor-top-column elementor-element elementor-element-afba6d4\" data-id=\"afba6d4\" data-element_type=\"column\" data-e-type=\"column\">\n\t\t\t<div class=\"elementor-widget-wrap elementor-element-populated\">\n\t\t\t\t\t\t<div class=\"elementor-element elementor-element-856c8f3 elementor-drop-cap-yes elementor-drop-cap-view-default elementor-widget elementor-widget-text-editor\" data-id=\"856c8f3\" data-element_type=\"widget\" data-e-type=\"widget\" data-settings=\"{&quot;drop_cap&quot;:&quot;yes&quot;}\" data-widget_type=\"text-editor.default\">\n\t\t\t\t<div class=\"elementor-widget-container\">\n\t\t\t\t\t\t\t\t\t<p><strong>Y\u00fcr\u00fcrl\u00fck\/G\u00fcncelleme Tarihi:<\/strong> 05.08.2024<\/p><p><strong>1. Genel Bilgiler<\/strong><\/p><p>Hostragons Global Limited olarak, m\u00fc\u015fteri memnuniyetini \u00f6n planda tutuyoruz. Ancak sundu\u011fumuz hizmetlerin t\u00fcm kullan\u0131c\u0131lar i\u00e7in %100 memnuniyet sa\u011flayamayabilece\u011fini de kabul ediyoruz. Bu nedenle, belirli ko\u015fullar alt\u0131nda iade hakk\u0131 sunmaktay\u0131z. Bu politika, hizmet iptali ve iade talepleriyle ilgili s\u00fcre\u00e7leri a\u00e7\u0131klamaktad\u0131r.<\/p><p><strong>2. \u0130ade Ko\u015fullar\u0131<\/strong><\/p><ul><li><p><strong>14 G\u00fcnl\u00fck \u0130ptal Hakk\u0131:<\/strong> Yasal olarak belirlenen 14 g\u00fcnl\u00fck s\u00fcre i\u00e7inde, sat\u0131n ald\u0131\u011f\u0131n\u0131z hizmetten memnun kalmazsan\u0131z, m\u00fc\u015fteri panelinizden hizmetinizi iptal ederek geri \u00f6deme talebinde bulunabilirsiniz. Bu s\u00fcre zarf\u0131nda yap\u0131lan iptallerde, \u00f6denen tutar\u0131n iadesi m\u00fc\u015fteri panelinize kredi olarak eklenir. Talebiniz \u00fczerine bu kredi, ad\u0131n\u0131za kay\u0131tl\u0131 bir banka hesab\u0131na aktar\u0131labilir.<\/p><\/li><li><p><strong>Kullan\u0131lmam\u0131\u015f Hizmetler:<\/strong> \u0130ade garantisi, yaln\u0131zca hizmetin kullan\u0131lmam\u0131\u015f olmas\u0131 durumunda ge\u00e7erlidir. E\u011fer hizmeti kulland\u0131ysan\u0131z, iade talepleri yaln\u0131zca Hostragons Global Limited\u2019in hatal\u0131 veya sorunlu hizmet sunmas\u0131 ve bu sorunun \u00e7\u00f6z\u00fclememesi durumunda kabul edilecektir.<\/p><\/li><li><p><strong>Alan Ad\u0131 \u0130adesi:<\/strong> Alan ad\u0131 hizmetlerinde, iptal ve iade i\u015flemleri sipari\u015f sonras\u0131 otomatik olarak m\u00fc\u015fteriye teslim edilmesi ve an\u0131nda aktif hizmet olmas\u0131 sebebi ile iade kapsam\u0131na girmemektedir.<\/p><\/li><li><strong>Sunucu Hizmetleri \u0130adesi<\/strong> : T\u00fcm sunucu hizmetlerin de ki\u015fiye \u00f6zel yap\u0131land\u0131rma yap\u0131lmas\u0131 ve anl\u0131k olarak fayda sa\u011flad\u0131\u011f\u0131ndan iade kapsam\u0131na girmemektedir.<\/li><li><p><strong>Kesintiler:<\/strong> \u0130ade taleplerinde, toplam hizmet bedelinin %50&#8217;si, vergiler ve hizmetin kullan\u0131m s\u00fcresi (ka\u00e7 g\u00fcn kullan\u0131ld\u0131ysa) d\u00fc\u015f\u00fclerek geri \u00f6deme yap\u0131l\u0131r. Geri \u00f6deme, m\u00fc\u015fteri paneline kredi olarak eklenir veya talebiniz \u00fczerine banka hesab\u0131n\u0131za aktar\u0131l\u0131r. Online \u00f6deme ile yap\u0131lan \u00f6demeler ise ayn\u0131 \u00f6deme y\u00f6ntemi ile m\u00fc\u015fteriye iade edilir.<\/p><\/li><\/ul><p><strong>3. \u0130stisnalar<\/strong><\/p><ul><li><p><strong>Ask\u0131ya Al\u0131nan Hesaplar:<\/strong> Hizmet s\u00f6zle\u015fmesine uymad\u0131\u011f\u0131 i\u00e7in ask\u0131ya al\u0131nan veya durdurulan hesaplar, iade kapsam\u0131na girmez.<\/p><\/li><li><p><strong>\u0130lk Hizmet \u0130adesi:<\/strong> M\u00fc\u015fteri yaln\u0131zca Hostragons\u2019dan ilk kez ald\u0131\u011f\u0131 hizmet i\u00e7in iade talebinde bulunabilir. Daha \u00f6nce bir hizmet ald\u0131ysan\u0131z ve ikinci bir hizmet sat\u0131n ald\u0131ysan\u0131z, bu hizmet i\u00e7in iade garantisi ge\u00e7erli de\u011fildir.<\/p><\/li><li><p><strong>Kampanyal\u0131 ve \u0130ndirimli Hizmetler:<\/strong> Kampanyal\u0131, indirimli veya promosyon kodu kullan\u0131larak al\u0131nan hizmetler iade kapsam\u0131na dahil edilmemektedir. Kampanyalar s\u0131n\u0131rl\u0131 say\u0131da sunulmakta olup, bu t\u00fcr hizmetler iade kapsam\u0131 d\u0131\u015f\u0131nda tutulur.<\/p><\/li><\/ul><p><strong>4. Yasal Uyum ve Veri G\u00fcvenli\u011fi<\/strong><\/p><ul><li><p><strong>Ki\u015fisel Verilerin Korunmas\u0131:<\/strong> \u0130ptal edilen hizmetlerle ilgili ki\u015fisel verileriniz, yasal zorunluluklar \u00e7er\u00e7evesinde saklanacak veya talebiniz \u00fczerine imha edilecektir. Hostragons Global Limited, verilerinizin g\u00fcvenli\u011fini sa\u011flamak amac\u0131yla GDPR ve di\u011fer ilgili veri koruma d\u00fczenlemelerine uygun hareket etmektedir.<\/p><\/li><li><p><strong>Yasal Gereklilikler:<\/strong> Gerekli durumlarda, yasalar\u0131n \u00f6ng\u00f6rd\u00fc\u011f\u00fc \u015fekilde, m\u00fc\u015fteri bilgileri yetkili mercilere bildirilebilir. Bu t\u00fcr durumlar d\u0131\u015f\u0131nda, ki\u015fisel verileriniz \u00fc\u00e7\u00fcnc\u00fc ki\u015filerle payla\u015f\u0131lmayacakt\u0131r.<\/p><\/li><\/ul><p><strong>5. \u015eikayet ve Uyu\u015fmazl\u0131k \u00c7\u00f6z\u00fcm\u00fc<\/strong><\/p><p>M\u00fc\u015fteri \u015fikayetleri ve uyu\u015fmazl\u0131klar, Hostragons Global Limited\u2019in m\u00fc\u015fteri hizmetleri arac\u0131l\u0131\u011f\u0131yla ele al\u0131nacakt\u0131r. \u00c7\u00f6z\u00fclmemi\u015f uyu\u015fmazl\u0131klar, [\u00fclkenizin yasal mercileri] taraf\u0131ndan de\u011ferlendirilecektir. Hostragons, uyu\u015fmazl\u0131klar\u0131n \u00e7\u00f6z\u00fcm\u00fc i\u00e7in [\u00fclke ve \u015fehir belirterek] yetkili mahkemeleri kabul etmektedir.<\/p><p><strong>6. Geri \u00d6deme S\u00fcreci<\/strong><\/p><p>Geri \u00f6demeler, iade talebinizin onaylanmas\u0131ndan itibaren 90 i\u015f g\u00fcn\u00fc i\u00e7inde yap\u0131lacakt\u0131r. Geri \u00f6deme, m\u00fc\u015fteri panelinizde kredi olarak tan\u0131mlan\u0131r veya talebinize g\u00f6re ad\u0131n\u0131za kay\u0131tl\u0131 banka hesab\u0131n\u0131za aktar\u0131l\u0131r.<\/p><p><strong>7. \u0130leti\u015fim<\/strong><\/p><p>\u0130ade garantisiyle ilgili sorular\u0131n\u0131z veya daha fazla bilgi talepleriniz i\u00e7in <a rel=\"noreferrer\">hello@hostragons.com<\/a> adresine e-posta g\u00f6nderebilirsiniz.<\/p>\t\t\t\t\t\t\t\t<\/div>\n\t\t\t\t<\/div>\n\t\t\t\t\t<\/div>\n\t\t<\/div>\n\t\t\t\t\t<\/div>\n\t\t<\/section>\n\t\t\t\t<\/div>\n\t\t","protected":false},"excerpt":{"rendered":"<p>Y\u00fcr\u00fcrl\u00fck\/G\u00fcncelleme Tarihi: 05.08.2024 1. Genel Bilgiler Hostragons Global Limited olarak, m\u00fc\u015fteri memnuniyetini \u00f6n planda tutuyoruz. Ancak sundu\u011fumuz hizmetlerin t\u00fcm kullan\u0131c\u0131lar i\u00e7in %100 memnuniyet sa\u011flayamayabilece\u011fini de kabul ediyoruz. Bu nedenle, belirli ko\u015fullar alt\u0131nda iade hakk\u0131 sunmaktay\u0131z. Bu politika, hizmet iptali ve iade talepleriyle ilgili s\u00fcre\u00e7leri a\u00e7\u0131klamaktad\u0131r. 2. \u0130ade Ko\u015fullar\u0131 14 G\u00fcnl\u00fck \u0130ptal Hakk\u0131: Yasal olarak belirlenen [&hellip;]<\/p>\n","protected":false},"author":94,"featured_media":7860,"parent":0,"menu_order":0,"comment_status":"closed","ping_status":"closed","template":"","meta":{"googlesitekit_rrm_CAow5YvFDA:productID":"","footnotes":""},"class_list":["post-2035","page","type-page","status-publish","has-post-thumbnail","hentry"],"_links":{"self":[{"href":"https:\/\/www.hostragons.com\/my\/wp-json\/wp\/v2\/pages\/2035","targetHints":{"allow":["GET"]}}],"collection":[{"href":"https:\/\/www.hostragons.com\/my\/wp-json\/wp\/v2\/pages"}],"about":[{"href":"https:\/\/www.hostragons.com\/my\/wp-json\/wp\/v2\/types\/page"}],"author":[{"embeddable":true,"href":"https:\/\/www.hostragons.com\/my\/wp-json\/wp\/v2\/users\/94"}],"replies":[{"embeddable":true,"href":"https:\/\/www.hostragons.com\/my\/wp-json\/wp\/v2\/comments?post=2035"}],"version-history":[{"count":0,"href":"https:\/\/www.hostragons.com\/my\/wp-json\/wp\/v2\/pages\/2035\/revisions"}],"wp:featuredmedia":[{"embeddable":true,"href":"https:\/\/www.hostragons.com\/my\/wp-json\/wp\/v2\/media\/7860"}],"wp:attachment":[{"href":"https:\/\/www.hostragons.com\/my\/wp-json\/wp\/v2\/media?parent=2035"}],"curies":[{"name":"wp","href":"https:\/\/api.w.org\/{rel}","templated":true}]}}