{"id":2358,"date":"2020-10-02T08:03:18","date_gmt":"2020-10-02T05:03:18","guid":{"rendered":"https:\/\/www.hostragons.com\/?page_id=2358"},"modified":"2025-03-25T09:07:38","modified_gmt":"2025-03-25T09:07:38","slug":"dasar-kuki","status":"publish","type":"page","link":"https:\/\/www.hostragons.com\/ms\/dasar-kuki\/","title":{"rendered":"Dasar Kuki"},"content":{"rendered":"<div data-elementor-type=\"wp-page\" data-elementor-id=\"2358\" class=\"elementor elementor-2358\" data-elementor-post-type=\"page\">\n\t\t\t\t\t\t<section class=\"elementor-section elementor-top-section elementor-element elementor-element-9da5eda elementor-section-boxed elementor-section-height-default elementor-section-height-default\" data-id=\"9da5eda\" data-element_type=\"section\" data-e-type=\"section\">\n\t\t\t\t\t\t<div class=\"elementor-container elementor-column-gap-default\">\n\t\t\t\t\t<div class=\"elementor-column elementor-col-100 elementor-top-column elementor-element elementor-element-a7228de\" data-id=\"a7228de\" data-element_type=\"column\" data-e-type=\"column\">\n\t\t\t<div class=\"elementor-widget-wrap elementor-element-populated\">\n\t\t\t\t\t\t<div class=\"elementor-element elementor-element-8bde4d6 elementor-widget elementor-widget-text-editor\" data-id=\"8bde4d6\" data-element_type=\"widget\" data-e-type=\"widget\" data-widget_type=\"text-editor.default\">\n\t\t\t\t<div class=\"elementor-widget-container\">\n\t\t\t\t\t\t\t\t\t<p><strong>Tarikh Berkuatkuasa\/Kemas Kini:<\/strong> 05.08.2024<\/p><p><strong>1. Apakah itu Kuki?<\/strong><\/p><p>Kuki ialah fail data kecil yang dihantar ke penyemak imbas anda oleh tapak web dan disimpan pada peranti anda. Fail-fail ini membenarkan penyemak imbas anda mengenali tapak web apabila anda melawatinya semula dan memperibadikan pengalaman pengguna anda dengan mengingati pilihan anda daripada lawatan sebelumnya.<\/p><p><strong>2. Tujuan Penggunaan Kuki<\/strong><\/p><p>Hostragons menggunakan kuki untuk tujuan berikut:<\/p><ul><li class=\"translation-block\"><strong>Kuki Mandatori:<\/strong> Diperlukan untuk tapak melaksanakan fungsi asasnya.<\/li><li><strong>Kuki Prestasi:<\/strong> Ia digunakan untuk memantau dan meningkatkan prestasi tapak.<\/li><li class=\"translation-block\"><strong>Kuki Fungsian:<\/strong> Menyediakan pengalaman yang diperibadikan dengan mengingati pilihan pengguna.<\/li><li class=\"translation-block\"><strong>Kuki Pengiklanan dan Pemasaran:<\/strong> Digunakan untuk menyampaikan kandungan dan iklan yang disesuaikan dengan minat anda.<\/li><\/ul><p><strong>3. Kuki Pihak Ketiga<\/strong><\/p><p>Beberapa kuki di tapak kami diuruskan oleh pembekal perkhidmatan pihak ketiga. Kuki ini digunakan untuk perkhidmatan pengiklanan dan analitik dan tertakluk kepada dasar privasi pihak ketiga sendiri. Kami mengesyorkan agar anda menyemak dasar privasi penyedia perkhidmatan ini untuk mendapatkan maklumat lanjut tentang penggunaan kuki pihak ketiga oleh mereka.<\/p><p><strong>4. Mengawal dan Memadam Kuki<\/strong><\/p><p>Anda boleh mengurus, menerima atau menolak kuki melalui tetapan penyemak imbas anda. Anda juga boleh memadamkan kuki yang disimpan sebelum ini dalam penyemak imbas anda. Untuk mendapatkan maklumat lanjut tentang cara mengurus kuki, anda boleh merujuk kepada arahan khusus untuk penyemak imbas yang anda gunakan:<\/p><ul><li><a target=\"_new\" rel=\"noreferrer\">Google Chrome<\/a><\/li><li><a href=\"https:\/\/support.mozilla.org\/tr\/kb\/cerezleri-silme\" target=\"_new\" rel=\"noreferrer noopener\">Mozilla Firefox<\/a><\/li><li><a href=\"https:\/\/support.apple.com\/tr-tr\/guide\/safari\/sfri11471\/mac\" target=\"_new\" rel=\"noreferrer noopener\">Safari<\/a><\/li><li><a href=\"https:\/\/support.microsoft.com\/tr-tr\/help\/4027947\/microsoft-edge-delete-cookies\" target=\"_new\" rel=\"noreferrer noopener\">Microsoft Edge<\/a><\/li><\/ul><p class=\"translation-block\">5. Perubahan Dasar Kuki<\/p><p>Hostragons berhak untuk menukar dasar kukinya. Sebarang perubahan pada dasar kami akan dikemas kini pada halaman ini dan akan berkuat kuasa. Kami mengesyorkan agar pengguna sentiasa dimaklumkan tentang sebarang perubahan dengan menyemak halaman ini dengan kerap.<\/p><p><strong>6. Komunikasi<\/strong><\/p><p>Untuk soalan tentang dasar kuki ini <a rel=\"noreferrer\">hello@hostragons.com<\/a> Anda boleh menghubungi kami di.<\/p>\t\t\t\t\t\t\t\t<\/div>\n\t\t\t\t<\/div>\n\t\t\t\t\t<\/div>\n\t\t<\/div>\n\t\t\t\t\t<\/div>\n\t\t<\/section>\n\t\t\t\t<\/div>","protected":false},"excerpt":{"rendered":"<p>Y\u00fcr\u00fcrl\u00fck\/G\u00fcncelleme Tarihi: 05.08.2024 1. \u00c7erez (Cookie) Nedir? \u00c7erezler, web siteleri taraf\u0131ndan taray\u0131c\u0131n\u0131za g\u00f6nderilen ve cihaz\u0131n\u0131zda depolanan k\u00fc\u00e7\u00fck veri dosyalar\u0131d\u0131r. Bu dosyalar, siteyi tekrar ziyaret etti\u011finizde taray\u0131c\u0131n\u0131z\u0131n web sitesini tan\u0131mas\u0131n\u0131 sa\u011flar ve \u00f6nceki ziyaretlerinizdeki tercihlerinizi hat\u0131rlayarak kullan\u0131c\u0131 deneyiminizi ki\u015fiselle\u015ftirir. 2. \u00c7erezlerin Kullan\u0131m Ama\u00e7lar\u0131 Hostragons, a\u015fa\u011f\u0131daki ama\u00e7lar do\u011frultusunda \u00e7erezleri kullan\u0131r: Zorunlu \u00c7erezler: Sitenin temel i\u015flevlerini yerine getirebilmesi [&hellip;]<\/p>\n","protected":false},"author":94,"featured_media":7852,"parent":0,"menu_order":0,"comment_status":"closed","ping_status":"closed","template":"","meta":{"googlesitekit_rrm_CAow5YvFDA:productID":"","footnotes":""},"class_list":["post-2358","page","type-page","status-publish","has-post-thumbnail","hentry"],"_links":{"self":[{"href":"https:\/\/www.hostragons.com\/ms\/wp-json\/wp\/v2\/pages\/2358","targetHints":{"allow":["GET"]}}],"collection":[{"href":"https:\/\/www.hostragons.com\/ms\/wp-json\/wp\/v2\/pages"}],"about":[{"href":"https:\/\/www.hostragons.com\/ms\/wp-json\/wp\/v2\/types\/page"}],"author":[{"embeddable":true,"href":"https:\/\/www.hostragons.com\/ms\/wp-json\/wp\/v2\/users\/94"}],"replies":[{"embeddable":true,"href":"https:\/\/www.hostragons.com\/ms\/wp-json\/wp\/v2\/comments?post=2358"}],"version-history":[{"count":0,"href":"https:\/\/www.hostragons.com\/ms\/wp-json\/wp\/v2\/pages\/2358\/revisions"}],"wp:featuredmedia":[{"embeddable":true,"href":"https:\/\/www.hostragons.com\/ms\/wp-json\/wp\/v2\/media\/7852"}],"wp:attachment":[{"href":"https:\/\/www.hostragons.com\/ms\/wp-json\/wp\/v2\/media?parent=2358"}],"curies":[{"name":"wp","href":"https:\/\/api.w.org\/{rel}","templated":true}]}}