{"id":2031,"date":"2020-09-08T16:09:39","date_gmt":"2020-09-08T13:09:39","guid":{"rendered":"https:\/\/www.hostragons.com\/?page_id=2031"},"modified":"2024-09-26T17:52:04","modified_gmt":"2024-09-26T14:52:04","slug":"dasar-privasi","status":"publish","type":"page","link":"https:\/\/www.hostragons.com\/ms\/dasar-privasi\/","title":{"rendered":"Dasar Privasi"},"content":{"rendered":"<div data-elementor-type=\"wp-page\" data-elementor-id=\"2031\" class=\"elementor elementor-2031\" data-elementor-post-type=\"page\">\n\t\t\t\t\t\t<section class=\"elementor-section elementor-top-section elementor-element elementor-element-91e4b54 elementor-section-boxed elementor-section-height-default elementor-section-height-default\" data-id=\"91e4b54\" data-element_type=\"section\" data-e-type=\"section\">\n\t\t\t\t\t\t<div class=\"elementor-container elementor-column-gap-default\">\n\t\t\t\t\t<div class=\"elementor-column elementor-col-100 elementor-top-column elementor-element elementor-element-0774a31\" data-id=\"0774a31\" data-element_type=\"column\" data-e-type=\"column\">\n\t\t\t<div class=\"elementor-widget-wrap elementor-element-populated\">\n\t\t\t\t\t\t<div class=\"elementor-element elementor-element-830efa2 elementor-widget elementor-widget-text-editor\" data-id=\"830efa2\" data-element_type=\"widget\" data-e-type=\"widget\" data-widget_type=\"text-editor.default\">\n\t\t\t\t<div class=\"elementor-widget-container\">\n\t\t\t\t\t\t\t\t\t<p><strong>Berkuatkuasa\/Tarikh Kemas Kini: 05.08.2024<\/strong><\/p><p><strong>1. Pengenalan<\/strong><\/p><p>Hostragons Global Limited (\u201cHostragons\u201d) memandang serius privasi pengguna kami dan perlindungan data peribadi mereka. Dasar Privasi dan Pematuhan GDPR ini menerangkan cara data peribadi dikumpul, digunakan, dilindungi dan diuruskan di bawah GDPR. Dengan menggunakan laman web dan perkhidmatan kami, anda dianggap telah menerima dasar ini.<\/p><p><strong>2. Pengawal dan Wakil Data<\/strong><\/p><p>Hostragons ialah pengawal data yang bertanggungjawab untuk melindungi data peribadi anda. Wakil kami di Kesatuan Eropah:<\/p><ul><li><strong>Wakil Perlindungan Data:<\/strong> Akta Privasi Quebec.<\/li><\/ul><p><strong>3. Prinsip Asas Pemprosesan Data<\/strong><\/p><p>Di Hostragons, kami mematuhi prinsip asas berikut selaras dengan keperluan GDPR:<\/p><ul><li class=\"translation-block\"><strong>Ketelusan:<\/strong> Kami menyatakan dengan jelas cara kami mengumpul dan memproses data peribadi anda.<\/li><li class=\"translation-block\"><strong>Ketepatan:<\/strong> Kami memastikan data anda tepat dan terkini.<\/li><li class=\"translation-block\"><strong>Pengurangan:<\/strong> Kami mengumpul dan memproses hanya data yang diperlukan.<\/li><li class=\"translation-block\"><strong>Had Pengekalan:<\/strong> Kami mengekalkan data anda hanya selama yang diperlukan.<\/li><\/ul><p><strong>4. Maklumat Dikumpul<\/strong><\/p><p>Hostragons mengumpul maklumat peribadi berikut:<\/p><ul><li class=\"translation-block\"><strong>Maklumat Identiti:<\/strong> Nama, nama keluarga, alamat, nombor telefon, alamat e-mel.<\/li><li class=\"translation-block\"><strong>Maklumat Pembayaran:<\/strong> Maklumat kad kredit dan butiran pembayaran.<\/li><li class=\"translation-block\"><strong>Data Teknikal:<\/strong> Alamat IP, jenis penyemak imbas, sistem pengendalian.<\/li><li class=\"translation-block\"><strong>Kelakuan Pengguna:<\/strong> Pilihan pengguna, pergerakan di tapak.<\/li><\/ul><p><strong>5. Penggunaan Data Peribadi<\/strong><\/p><p>Maklumat peribadi yang dikumpul digunakan untuk tujuan berikut:<\/p><ul><li>Menyediakan dan mengurus perkhidmatan.<\/li><li>Perkhidmatan sokongan pelanggan dan komunikasi.<\/li><li>Urus niaga invois dan penyediaan dokumen undang-undang.<\/li><li>Meningkatkan prestasi tapak web dan pengalaman pengguna kami.<\/li><li>Mematuhi kewajipan undang-undang dan mempertahankan hak.<\/li><li>Aktiviti pemasaran dan promosi.<\/li><\/ul><p><strong>6. Tempoh Penyimpanan Data Peribadi<\/strong><\/p><p>Kami menyimpan data peribadi anda hanya selama yang diperlukan untuk tujuan pemprosesan kami. Anda boleh menghubungi kami untuk mendapatkan maklumat tentang tempoh kami menyimpan data anda dan cara tempoh ini ditentukan.<\/p><p><strong>7. Maklumat Pembayaran dan Keselamatan<\/strong><\/p><ul><li>Maklumat kad kredit dan pembayaran anda dilindungi oleh langkah keselamatan seperti sijil SSL 256-bit.<\/li><li>Maklumat kad anda dihantar secara disulitkan dan tidak disimpan oleh Hostragons.<\/li><li>Langkah berjaga-jaga diambil terhadap kemungkinan perisian hasad dengan alat keselamatan tambahan.<\/li><\/ul><p><strong>8. Kuki dan Teknologi Penjejakan<\/strong><\/p><p class=\"translation-block\">Laman web kami menggunakan kuki dan teknologi penjejakan untuk meningkatkan pengalaman pengguna dan memahami cara tapak web kami digunakan. Anda boleh mendapatkan maklumat lanjut tentang kuki dan cara mengurusnya di halaman <a href=\"https:\/\/www.hostragons.com\/ms\/dasar-kuki\/\" target=\"_new\" rel=\"noreferrer\">Dasar Kuki kami<\/a> .<\/p><p><strong>9. Perkongsian Data Peribadi<\/strong><\/p><ul><li>Data peribadi anda dikongsi hanya dengan pihak ketiga jika perlu untuk menyediakan perkhidmatan kami.<\/li><li>Kami mungkin berkongsi data anda selaras dengan kewajipan undang-undang atau perintah mahkamah.<\/li><li>Perkongsian data dengan pihak ketiga hanya akan berlaku dengan persetujuan anda.<\/li><\/ul><p><strong>10. Hak Pengguna<\/strong><\/p><p>Di bawah GDPR, pengguna mempunyai hak berikut:<\/p><ul><li>Hak untuk mengakses, membetulkan atau memadam data peribadi.<\/li><li>Hak untuk membantah pemprosesan data dan mudah alih data.<\/li><li>Hak untuk menarik balik persetujuan pada bila-bila masa.<\/li><\/ul><p><strong>11. Penilaian Kesan Perlindungan Data (DPIA)<\/strong><\/p><p>Penilaian kesan perlindungan data dijalankan untuk aktiviti pemprosesan data berisiko tinggi. Anda boleh menghubungi kami untuk mendapatkan maklumat lanjut tentang proses DPIA.<\/p><p><strong>12. Pemindahan Data Antarabangsa<\/strong><\/p><p>Kami mengambil langkah perlindungan yang diperlukan apabila memindahkan data peribadi anda ke luar EU. Anda boleh menghubungi kami untuk mendapatkan maklumat lanjut tentang pemindahan data antarabangsa.<\/p><p><strong>13. Pemberitahuan Pelanggaran Data<\/strong><\/p><p>Sekiranya berlaku pelanggaran data, kami segera memaklumkan pihak berkuasa yang berwibawa dan individu yang terjejas. Anda boleh menghubungi kami untuk mengetahui lebih lanjut tentang prosedur pelanggaran data kami.<\/p><p><strong>14. Perubahan Kontrak<\/strong><\/p><p>Dasar ini mungkin dikemas kini dari semasa ke semasa. Sebarang perubahan yang perlu dibuat akan disiarkan di halaman ini dan akan dinyatakan dengan tarikh kuat kuasa. Pengguna digalakkan untuk menyemak halaman ini dengan kerap untuk sentiasa dimaklumkan tentang sebarang perubahan.<\/p>\t\t\t\t\t\t\t\t<\/div>\n\t\t\t\t<\/div>\n\t\t\t\t\t<\/div>\n\t\t<\/div>\n\t\t\t\t\t<\/div>\n\t\t<\/section>\n\t\t\t\t<\/div>","protected":false},"excerpt":{"rendered":"<p>Y\u00fcr\u00fcrl\u00fck\/G\u00fcncelleme Tarihi: 05.08.2024 1. Giri\u015f Hostragons Global Limited (&#8220;Hostragons&#8221; olarak an\u0131lacakt\u0131r), kullan\u0131c\u0131lar\u0131m\u0131z\u0131n gizlili\u011fini ve ki\u015fisel verilerinin korunmas\u0131n\u0131 ciddiye al\u0131r. Bu Gizlilik ve GDPR Uyum Politikas\u0131, ki\u015fisel verilerin nas\u0131l topland\u0131\u011f\u0131n\u0131, kullan\u0131ld\u0131\u011f\u0131n\u0131, korundu\u011funu ve GDPR kapsam\u0131nda nas\u0131l y\u00f6netildi\u011fini a\u00e7\u0131klar. Web sitemizi ve hizmetlerimizi kullanarak, bu politikay\u0131 kabul etmi\u015f say\u0131l\u0131rs\u0131n\u0131z. 2. Veri Sorumlusu ve Temsilcisi Hostragons, ki\u015fisel verilerinizi [&hellip;]<\/p>\n","protected":false},"author":94,"featured_media":7854,"parent":0,"menu_order":0,"comment_status":"closed","ping_status":"closed","template":"","meta":{"googlesitekit_rrm_CAow5YvFDA:productID":"","footnotes":""},"class_list":["post-2031","page","type-page","status-publish","has-post-thumbnail","hentry"],"_links":{"self":[{"href":"https:\/\/www.hostragons.com\/ms\/wp-json\/wp\/v2\/pages\/2031","targetHints":{"allow":["GET"]}}],"collection":[{"href":"https:\/\/www.hostragons.com\/ms\/wp-json\/wp\/v2\/pages"}],"about":[{"href":"https:\/\/www.hostragons.com\/ms\/wp-json\/wp\/v2\/types\/page"}],"author":[{"embeddable":true,"href":"https:\/\/www.hostragons.com\/ms\/wp-json\/wp\/v2\/users\/94"}],"replies":[{"embeddable":true,"href":"https:\/\/www.hostragons.com\/ms\/wp-json\/wp\/v2\/comments?post=2031"}],"version-history":[{"count":0,"href":"https:\/\/www.hostragons.com\/ms\/wp-json\/wp\/v2\/pages\/2031\/revisions"}],"wp:featuredmedia":[{"embeddable":true,"href":"https:\/\/www.hostragons.com\/ms\/wp-json\/wp\/v2\/media\/7854"}],"wp:attachment":[{"href":"https:\/\/www.hostragons.com\/ms\/wp-json\/wp\/v2\/media?parent=2031"}],"curies":[{"name":"wp","href":"https:\/\/api.w.org\/{rel}","templated":true}]}}