{"id":2031,"date":"2020-09-08T16:09:39","date_gmt":"2020-09-08T13:09:39","guid":{"rendered":"https:\/\/www.hostragons.com\/?page_id=2031"},"modified":"2024-09-26T17:52:04","modified_gmt":"2024-09-26T14:52:04","slug":"%e0%a4%97%e0%a5%8b%e0%a4%aa%e0%a4%a8%e0%a5%80%e0%a4%af%e0%a4%a4%e0%a4%be-%e0%a4%a8%e0%a5%80%e0%a4%a4%e0%a5%80","status":"publish","type":"page","link":"https:\/\/www.hostragons.com\/mr\/%e0%a4%97%e0%a5%8b%e0%a4%aa%e0%a4%a8%e0%a5%80%e0%a4%af%e0%a4%a4%e0%a4%be-%e0%a4%a8%e0%a5%80%e0%a4%a4%e0%a5%80\/","title":{"rendered":"\u0917\u094b\u092a\u0928\u0940\u092f\u0924\u093e \u0927\u094b\u0930\u0923"},"content":{"rendered":"<div data-elementor-type=\"wp-page\" data-elementor-id=\"2031\" class=\"elementor elementor-2031\" data-elementor-post-type=\"page\">\n\t\t\t\t\t\t<section class=\"elementor-section elementor-top-section elementor-element elementor-element-91e4b54 elementor-section-boxed elementor-section-height-default elementor-section-height-default\" data-id=\"91e4b54\" data-element_type=\"section\" data-e-type=\"section\">\n\t\t\t\t\t\t<div class=\"elementor-container elementor-column-gap-default\">\n\t\t\t\t\t<div class=\"elementor-column elementor-col-100 elementor-top-column elementor-element elementor-element-0774a31\" data-id=\"0774a31\" data-element_type=\"column\" data-e-type=\"column\">\n\t\t\t<div class=\"elementor-widget-wrap elementor-element-populated\">\n\t\t\t\t\t\t<div class=\"elementor-element elementor-element-830efa2 elementor-widget elementor-widget-text-editor\" data-id=\"830efa2\" data-element_type=\"widget\" data-e-type=\"widget\" data-widget_type=\"text-editor.default\">\n\t\t\t\t<div class=\"elementor-widget-container\">\n\t\t\t\t\t\t\t\t\t<p><strong>\u092a\u094d\u0930\u092d\u093e\u0935\u0940\/\u0905\u092a\u0921\u0947\u091f \u0924\u093e\u0930\u0940\u0916\u0903 05.08.2024<\/strong><\/p><p><strong>1. \u092a\u094d\u0930\u0935\u0947\u0936<\/strong><\/p><p>Hostragons Global Limited (\"Hostragons\") \u0906\u092e\u091a\u094d\u092f\u093e \u0935\u093e\u092a\u0930\u0915\u0930\u094d\u0924\u094d\u092f\u093e\u0902\u091a\u094d\u092f\u093e \u0917\u094b\u092a\u0928\u0940\u092f\u0924\u0947\u0932\u093e \u0906\u0923\u093f \u0935\u0948\u092f\u0915\u094d\u0924\u093f\u0915 \u0921\u0947\u091f\u093e\u091a\u094d\u092f\u093e \u0938\u0902\u0930\u0915\u094d\u0937\u0923\u093e\u0932\u093e \u0917\u093e\u0902\u092d\u0940\u0930\u094d\u092f\u093e\u0928\u0947 \u0918\u0947\u0924\u094b. \u0939\u0940 \u0917\u094b\u092a\u0928\u0940\u092f\u0924\u093e \u0906\u0923\u093f GDPR \u0905\u0928\u0941\u092a\u093e\u0932\u0928 \u0927\u094b\u0930\u0923 \u0935\u0948\u092f\u0915\u094d\u0924\u093f\u0915 \u0921\u0947\u091f\u093e \u0915\u0938\u093e \u0917\u094b\u0933\u093e \u0915\u0947\u0932\u093e \u091c\u093e\u0924\u094b, \u0935\u093e\u092a\u0930\u0932\u093e \u091c\u093e\u0924\u094b \u0906\u0923\u093f \u0938\u0902\u0930\u0915\u094d\u0937\u093f\u0924 \u0915\u0947\u0932\u093e \u091c\u093e\u0924\u094b \u0939\u0947 \u0938\u094d\u092a\u0937\u094d\u091f \u0915\u0930\u0924\u0947 \u0906\u0923\u093f \u0906\u092e\u091a\u0940 \u0935\u0947\u092c\u0938\u093e\u0907\u091f \u0906\u0923\u093f \u0938\u0947\u0935\u093e \u0935\u093e\u092a\u0930\u0942\u0928 \u0924\u0941\u092e\u094d\u0939\u0940 \u0939\u0940 \u0927\u094b\u0930\u0923 \u0938\u094d\u0935\u0940\u0915\u093e\u0930\u0932\u0940 \u0906\u0939\u0947 \u0905\u0938\u0947 \u0917\u0943\u0939\u0940\u0924 \u0927\u0930\u0932\u0947 \u091c\u093e\u0908\u0932.<\/p><p><strong>2. \u0921\u0947\u091f\u093e \u0928\u093f\u092f\u0902\u0924\u094d\u0930\u0915 \u0906\u0923\u093f \u092a\u094d\u0930\u0924\u093f\u0928\u093f\u0927\u0940<\/strong><\/p><p>Hostragons \u0924\u0941\u092e\u091a\u094d\u092f\u093e \u0935\u0948\u092f\u0915\u094d\u0924\u093f\u0915 \u0921\u0947\u091f\u093e\u091a\u0947 \u0938\u0902\u0930\u0915\u094d\u0937\u0923 \u0915\u0930\u0923\u094d\u092f\u093e\u0938\u093e\u0920\u0940 \u091c\u092c\u093e\u092c\u0926\u093e\u0930 \u0921\u0947\u091f\u093e \u0928\u093f\u092f\u0902\u0924\u094d\u0930\u0915 \u0906\u0939\u0947. \u092f\u0941\u0930\u094b\u092a\u093f\u092f\u0928 \u092f\u0941\u0928\u093f\u092f\u0928\u092e\u0927\u0940\u0932 \u0906\u092e\u091a\u093e \u092a\u094d\u0930\u0924\u093f\u0928\u093f\u0927\u0940:<\/p><ul><li><strong>\u0921\u0947\u091f\u093e \u0938\u0902\u0930\u0915\u094d\u0937\u0923 \u0905\u0927\u093f\u0915\u093e\u0930\u0940:<\/strong> \u0915\u094d\u0935\u093f\u092c\u0947\u0915 \u0917\u094b\u092a\u0928\u0940\u092f\u0924\u093e \u0915\u093e\u092f\u0926\u093e.<\/li><\/ul><p><strong>\u0969. \u0921\u0947\u091f\u093e \u092a\u094d\u0930\u0915\u094d\u0930\u093f\u092f\u093e \u0915\u0930\u0923\u094d\u092f\u093e\u091a\u0940 \u092e\u0942\u0932\u092d\u0942\u0924 \u0924\u0924\u094d\u0924\u094d\u0935\u0947<\/strong><\/p><p>Hostragons \u092e\u094d\u0939\u0923\u0942\u0928, \u0906\u092e\u094d\u0939\u0940 GDPR \u0906\u0935\u0936\u094d\u092f\u0915\u0924\u093e\u0902\u0928\u0941\u0938\u093e\u0930 \u0916\u093e\u0932\u0940\u0932 \u092e\u0942\u0932\u092d\u0942\u0924 \u0924\u0924\u094d\u0924\u094d\u0935\u093e\u0902\u091a\u0947 \u092a\u093e\u0932\u0928 \u0915\u0930\u0924\u094b:<\/p><ul><li class=\"translation-block\"><strong>\u092a\u093e\u0930\u0926\u0930\u094d\u0936\u0915\u0924\u093e:<\/strong> \u0906\u092e\u094d\u0939\u0940 \u0924\u0941\u092e\u091a\u093e \u0935\u0948\u092f\u0915\u094d\u0924\u093f\u0915 \u0921\u0947\u091f\u093e \u0915\u0938\u093e \u0917\u094b\u0933\u093e \u0906\u0923\u093f \u092a\u094d\u0930\u0915\u094d\u0930\u093f\u092f\u093e \u0915\u0930\u0924\u094b \u0939\u0947 \u0938\u094d\u092a\u0937\u094d\u091f\u092a\u0923\u0947 \u0938\u093e\u0902\u0917\u0924\u094b.<\/li><li class=\"translation-block\"><strong>\u0924\u0902\u0924\u094b\u0924\u0902\u0924\u092a\u0923\u093e:<\/strong> \u0906\u092e\u094d\u0939\u0940 \u0924\u0941\u092e\u091a\u093e \u0921\u0947\u091f\u093e \u0905\u091a\u0942\u0915 \u0906\u0923\u093f \u0905\u0926\u094d\u092f\u092f\u093e\u0935\u0924 \u0920\u0947\u0935\u0924\u094b.<\/li><li class=\"translation-block\"><strong>\u0915\u092e\u0940\u0915\u0930\u0923:<\/strong> \u0906\u092e\u094d\u0939\u0940 \u092b\u0915\u094d\u0924 \u0906\u0935\u0936\u094d\u092f\u0915 \u0921\u0947\u091f\u093e \u0917\u094b\u0933\u093e \u0906\u0923\u093f \u092a\u094d\u0930\u0915\u094d\u0930\u093f\u092f\u093e \u0915\u0930\u0924\u094b.<\/li><li class=\"translation-block\"><strong>\u0938\u0902\u091a\u092f\u0928 \u092e\u0930\u094d\u092f\u093e\u0926\u093e:<\/strong> \u0906\u092e\u094d\u0939\u0940 \u0924\u0941\u092e\u091a\u093e \u0921\u0947\u091f\u093e \u0915\u0947\u0935\u0933 \u0906\u0935\u0936\u094d\u092f\u0915 \u0924\u0947\u0935\u0922\u094d\u092f\u093e \u0915\u093e\u0933\u093e\u0938\u093e\u0920\u0940\u091a \u0938\u0902\u0917\u094d\u0930\u0939\u093f\u0924 \u0915\u0930\u0924\u094b.<\/li><\/ul><p><strong>\u096a. \u0917\u094b\u0933\u093e \u0915\u0947\u0932\u0947\u0932\u0940 \u092e\u093e\u0939\u093f\u0924\u0940<\/strong><\/p><p>Hostragons \u0916\u093e\u0932\u0940\u0932 \u0935\u0948\u092f\u0915\u094d\u0924\u093f\u0915 \u092e\u093e\u0939\u093f\u0924\u0940 \u0917\u094b\u0933\u093e \u0915\u0930\u0924\u0947:<\/p><ul><li class=\"translation-block\"><strong>\u0913\u0933\u0916 \u092e\u093e\u0939\u093f\u0924\u0940:<\/strong> \u0928\u093e\u0935, \u0906\u0921\u0928\u093e\u0935, \u092a\u0924\u094d\u0924\u093e, \u092b\u094b\u0928 \u0928\u0902\u092c\u0930, \u0908\u092e\u0947\u0932 \u092a\u0924\u094d\u0924\u093e.<\/li><li class=\"translation-block\"><strong>\u0926\u0947\u092f\u0915 \u092e\u093e\u0939\u093f\u0924\u0940:<\/strong> \u0915\u094d\u0930\u0947\u0921\u093f\u091f \u0915\u093e\u0930\u094d\u0921 \u0924\u092a\u0936\u0940\u0932 \u0906\u0923\u093f \u092a\u0947\u092e\u0947\u0902\u091f \u0924\u092a\u0936\u0940\u0932.<\/li><li class=\"translation-block\"><strong>\u0924\u093e\u0902\u0924\u094d\u0930\u093f\u0915 \u0921\u0947\u091f\u093e:<\/strong> IP \u092a\u0924\u094d\u0924\u093e, \u092c\u094d\u0930\u093e\u0909\u091d\u0930 \u092a\u094d\u0930\u0915\u093e\u0930, \u0911\u092a\u0930\u0947\u091f\u093f\u0902\u0917 \u0938\u093f\u0938\u094d\u091f\u092e.<\/li><li class=\"translation-block\"><strong>\u0935\u093e\u092a\u0930\u0915\u0930\u094d\u0924\u093e \u0935\u0930\u094d\u0924\u0928:<\/strong> \u0935\u093e\u092a\u0930\u0915\u0930\u094d\u0924\u094d\u092f\u093e\u091a\u094d\u092f\u093e \u092a\u0938\u0902\u0924\u0940, \u0938\u093e\u0907\u091f\u0935\u0930\u091a\u094d\u092f\u093e \u0939\u093e\u0932\u091a\u093e\u0932\u0940.<\/li><\/ul><p><strong>\u096b. \u0935\u0948\u092f\u0915\u094d\u0924\u093f\u0915 \u0921\u0947\u091f\u093e\u091a\u093e \u0935\u093e\u092a\u0930<\/strong><\/p><p>\u0938\u0902\u0915\u0932\u093f\u0924 \u0935\u0948\u092f\u0915\u094d\u0924\u093f\u0915 \u092e\u093e\u0939\u093f\u0924\u0940 \u0916\u093e\u0932\u0940\u0932 \u0909\u0926\u094d\u0926\u093f\u0937\u094d\u091f\u093e\u0902\u0938\u093e\u0920\u0940 \u0935\u093e\u092a\u0930\u0932\u0940 \u091c\u093e\u0924\u0947:<\/p><ul><li>\u0938\u0947\u0935\u093e\u0902\u091a\u0940 \u0924\u0930\u0924\u0941\u0926 \u0906\u0923\u093f \u0935\u094d\u092f\u0935\u0938\u094d\u0925\u093e\u092a\u0928.<\/li><li>\u0917\u094d\u0930\u093e\u0939\u0915 \u0938\u092e\u0930\u094d\u0925\u0928 \u0938\u0947\u0935\u093e \u0906\u0923\u093f \u0938\u0902\u0935\u093e\u0926.<\/li><li>\u092c\u093f\u0932\u093f\u0902\u0917 \u092a\u094d\u0930\u0915\u094d\u0930\u093f\u092f\u093e \u0906\u0923\u093f \u0915\u093e\u092f\u0926\u0947\u0936\u0940\u0930 \u0915\u093e\u0917\u0926\u092a\u0924\u094d\u0930\u093e\u0902\u091a\u0940 \u0924\u092f\u093e\u0930\u0940.<\/li><li>\u0906\u092e\u091a\u094d\u092f\u093e \u0935\u0947\u092c\u0938\u093e\u0907\u091f\u091a\u0947 \u0915\u093e\u0930\u094d\u092f\u092a\u094d\u0930\u0926\u0930\u094d\u0936\u0928 \u0906\u0923\u093f \u0935\u093e\u092a\u0930\u0915\u0930\u094d\u0924\u093e \u0905\u0928\u0941\u092d\u0935 \u0938\u0941\u0927\u093e\u0930\u0923\u0947.<\/li><li>\u0915\u093e\u092f\u0926\u0947\u0936\u0940\u0930 \u091c\u092c\u093e\u092c\u0926\u093e\u0931\u094d\u092f\u093e\u0902\u091a\u0947 \u092a\u093e\u0932\u0928 \u0938\u0941\u0928\u093f\u0936\u094d\u091a\u093f\u0924 \u0915\u0930\u0923\u0947 \u0906\u0923\u093f \u0939\u0915\u094d\u0915\u093e\u0902\u091a\u0947 \u0938\u0902\u0930\u0915\u094d\u0937\u0923 \u0915\u0930\u0923\u0947.<\/li><li>\u092e\u093e\u0930\u094d\u0915\u0947\u091f\u093f\u0902\u0917 \u0906\u0923\u093f \u091c\u093e\u0939\u093f\u0930\u093e\u0924 \u0909\u092a\u0915\u094d\u0930\u092e.<\/li><\/ul><p><strong>\u096c. \u0935\u0948\u092f\u0915\u094d\u0924\u093f\u0915 \u0921\u0947\u091f\u093e\u091a\u0947 \u0938\u093e\u0920\u0935\u0923 \u0915\u093e\u0932\u093e\u0935\u0927\u0940<\/strong><\/p><p>\u0924\u0941\u092e\u091a\u093e \u0935\u0948\u092f\u0915\u094d\u0924\u093f\u0915 \u0921\u0947\u091f\u093e \u0906\u092e\u094d\u0939\u0940 \u0915\u0947\u0935\u0933 \u0906\u092e\u091a\u094d\u092f\u093e \u092a\u094d\u0930\u0915\u094d\u0930\u093f\u092f\u093e \u0909\u0926\u094d\u0926\u093f\u0937\u094d\u091f\u093e\u0902\u0938\u093e\u0920\u0940 \u0906\u0935\u0936\u094d\u092f\u0915 \u0905\u0938\u0932\u0947\u0932\u094d\u092f\u093e \u0915\u093e\u0932\u093e\u0935\u0927\u0940\u0938\u093e\u0920\u0940\u091a \u0938\u0902\u0917\u094d\u0930\u0939\u093f\u0924 \u0915\u0930\u0924\u094b. \u0924\u0941\u092e\u091a\u093e \u0921\u0947\u091f\u093e \u0915\u093f\u0924\u0940 \u0915\u093e\u0933 \u0938\u0902\u0917\u094d\u0930\u0939\u093f\u0924 \u0915\u0947\u0932\u093e \u091c\u093e\u0924\u094b \u0906\u0923\u093f \u0939\u093e \u0915\u093e\u0932\u093e\u0935\u0927\u0940 \u0915\u0938\u093e \u0920\u0930\u0935\u0932\u093e \u091c\u093e\u0924\u094b \u092f\u093e\u092c\u093e\u092c\u0924 \u0905\u0927\u093f\u0915 \u092e\u093e\u0939\u093f\u0924\u0940\u0938\u093e\u0920\u0940 \u0924\u0941\u092e\u094d\u0939\u0940 \u0906\u092e\u091a\u094d\u092f\u093e\u0936\u0940 \u0938\u0902\u092a\u0930\u094d\u0915 \u0938\u093e\u0927\u0942 \u0936\u0915\u0924\u093e.<\/p><p><strong>\u096d. \u092a\u0947\u092e\u0947\u0902\u091f \u092e\u093e\u0939\u093f\u0924\u0940 \u0906\u0923\u093f \u0938\u0941\u0930\u0915\u094d\u0937\u093e<\/strong><\/p><ul><li>\u0924\u0941\u092e\u091a\u0940 \u0915\u094d\u0930\u0947\u0921\u093f\u091f \u0915\u093e\u0930\u094d\u0921 \u0906\u0923\u093f \u092a\u0947\u092e\u0947\u0902\u091f\u091a\u0940 \u092e\u093e\u0939\u093f\u0924\u0940 256-\u092c\u093f\u091f SSL \u092a\u094d\u0930\u092e\u093e\u0923\u092a\u0924\u094d\u0930\u093e\u0938\u093e\u0930\u0916\u094d\u092f\u093e \u0938\u0941\u0930\u0915\u094d\u0937\u093e \u0909\u092a\u093e\u092f\u093e\u0902\u0928\u0940 \u0938\u0902\u0930\u0915\u094d\u0937\u093f\u0924 \u0906\u0939\u0947.<\/li><li>\u0924\u0941\u092e\u091a\u0940 \u0915\u093e\u0930\u094d\u0921 \u092e\u093e\u0939\u093f\u0924\u0940 \u090f\u0928\u094d\u0915\u094d\u0930\u093f\u092a\u094d\u091f\u0947\u0921 \u0938\u094d\u0935\u0930\u0942\u092a\u093e\u0924 \u092a\u093e\u0920\u0935\u0932\u0940 \u091c\u093e\u0924\u0947 \u0906\u0923\u093f Hostragons \u0926\u094d\u0935\u093e\u0930\u0947 \u0938\u0902\u0917\u094d\u0930\u0939\u093f\u0924 \u0915\u0947\u0932\u0940 \u091c\u093e\u0924 \u0928\u093e\u0939\u0940.<\/li><li>\u0938\u0902\u092d\u093e\u0935\u094d\u092f \u0939\u093e\u0928\u093f\u0915\u093e\u0930\u0915 \u0938\u0949\u092b\u094d\u091f\u0935\u0947\u0905\u0930\u0935\u093f\u0930\u0941\u0926\u094d\u0927 \u0916\u092c\u0930\u0926\u093e\u0930\u0940 \u0918\u0947\u0923\u094d\u092f\u093e\u0938\u093e\u0920\u0940 \u0905\u0924\u093f\u0930\u093f\u0915\u094d\u0924 \u0938\u0941\u0930\u0915\u094d\u0937\u093e \u0938\u093e\u0927\u0928\u0947 \u0935\u093e\u092a\u0930\u0932\u0940 \u091c\u093e\u0924\u093e\u0924.<\/li><\/ul><p><strong>\u096e. \u0915\u0941\u0915\u0940\u091c \u0906\u0923\u093f \u091f\u094d\u0930\u0945\u0915\u093f\u0902\u0917 \u0924\u0902\u0924\u094d\u0930\u091c\u094d\u091e\u093e\u0928<\/strong><\/p><p class=\"translation-block\">\u0906\u092e\u091a\u094d\u092f\u093e \u0935\u0947\u092c\u0938\u093e\u0907\u091f\u0935\u0930 \u0935\u093e\u092a\u0930\u0915\u0930\u094d\u0924\u094d\u092f\u093e\u091a\u093e \u0905\u0928\u0941\u092d\u0935 \u0938\u0941\u0927\u093e\u0930\u0923\u094d\u092f\u093e\u0938\u093e\u0920\u0940 \u0906\u0923\u093f \u0906\u092e\u091a\u0940 \u0935\u0947\u092c\u0938\u093e\u0907\u091f \u0915\u0936\u0940 \u0935\u093e\u092a\u0930\u0932\u0940 \u091c\u093e\u0924\u0947 \u0939\u0947 \u0938\u092e\u091c\u0942\u0928 \u0918\u0947\u0923\u094d\u092f\u093e\u0938\u093e\u0920\u0940 \u0906\u092e\u094d\u0939\u0940 \u0915\u0941\u0915\u0940\u091c \u0906\u0923\u093f \u091f\u094d\u0930\u0945\u0915\u093f\u0902\u0917 \u0924\u0902\u0924\u094d\u0930\u091c\u094d\u091e\u093e\u0928\u093e\u091a\u093e \u0935\u093e\u092a\u0930 \u0915\u0930\u0924\u094b. \u0915\u0941\u0915\u0940\u091c\u092c\u0926\u094d\u0926\u0932 \u0905\u0927\u093f\u0915 \u092e\u093e\u0939\u093f\u0924\u0940 \u0906\u0923\u093f \u0924\u094d\u092f\u093e\u0902\u091a\u0947 \u0935\u094d\u092f\u0935\u0938\u094d\u0925\u093e\u092a\u0928 \u0915\u0938\u0947 \u0915\u0930\u093e\u0935\u0947 \u092f\u093e\u092c\u0926\u094d\u0926\u0932 \u0905\u0927\u093f\u0915 \u0924\u092a\u0936\u0940\u0932\u093e\u0902\u0938\u093e\u0920\u0940, \u0924\u0941\u092e\u094d\u0939\u0940 \u0906\u092e\u091a\u094d\u092f\u093e <a href=\"https:\/\/www.hostragons.com\/mr\/%e0%a4%95%e0%a5%81%e0%a4%95%e0%a5%80-%e0%a4%a7%e0%a5%8b%e0%a4%b0%e0%a4%a3\/\" target=\"_new\" rel=\"noreferrer\">\u0915\u0941\u0915\u0940 \u0927\u094b\u0930\u0923<\/a> \u092a\u0943\u0937\u094d\u0920\u093e\u0935\u0930 \u092d\u0947\u091f \u0926\u0947\u090a \u0936\u0915\u0924\u093e.<\/p><p><strong>\u096f. \u0935\u0948\u092f\u0915\u094d\u0924\u093f\u0915 \u0921\u0947\u091f\u093e\u091a\u093e \u0938\u093e\u092e\u093e\u092f\u093f\u0915\u0930\u0923<\/strong><\/p><ul><li>\u0924\u0941\u092e\u091a\u093e \u0935\u0948\u092f\u0915\u094d\u0924\u093f\u0915 \u0921\u0947\u091f\u093e \u092b\u0915\u094d\u0924 \u0906\u092e\u091a\u094d\u092f\u093e \u0938\u0947\u0935\u093e \u092a\u094d\u0930\u0926\u093e\u0928 \u0915\u0930\u0923\u094d\u092f\u093e\u0938\u093e\u0920\u0940 \u0906\u0935\u0936\u094d\u092f\u0915 \u0905\u0938\u0932\u0947\u0932\u094d\u092f\u093e \u0924\u0943\u0924\u0940\u092f \u092a\u0915\u094d\u0937\u093e\u0902\u0938\u094b\u092c\u0924 \u0938\u093e\u092e\u093e\u092f\u093f\u0915 \u0915\u0947\u0932\u093e \u091c\u093e\u0924\u094b.<\/li><li>\u0906\u092e\u094d\u0939\u0940 \u0915\u093e\u092f\u0926\u0947\u0936\u0940\u0930 \u092c\u0902\u0927\u0928 \u0915\u093f\u0902\u0935\u093e \u0928\u094d\u092f\u093e\u092f\u093e\u0932\u092f\u093e\u091a\u094d\u092f\u093e \u0906\u0926\u0947\u0936\u093e\u0928\u0941\u0938\u093e\u0930 \u0924\u0941\u092e\u091a\u093e \u0921\u0947\u091f\u093e \u0938\u093e\u092e\u093e\u092f\u093f\u0915 \u0915\u0930\u0942 \u0936\u0915\u0924\u094b.<\/li><li>\u0924\u0943\u0924\u0940\u092f \u092a\u0915\u094d\u0937\u093e\u0902\u0938\u0939 \u0921\u0947\u091f\u093e \u0938\u093e\u092e\u093e\u092f\u093f\u0915\u0930\u0923 \u0915\u0947\u0935\u0933 \u0924\u0941\u092e\u091a\u094d\u092f\u093e \u0938\u0902\u092e\u0924\u0940\u0928\u0947\u091a \u0915\u0930\u0923\u094d\u092f\u093e\u0924 \u092f\u0947\u0908\u0932.<\/li><\/ul><p><strong>\u0967\u0966. \u0935\u093e\u092a\u0930\u0915\u0930\u094d\u0924\u093e \u0939\u0915\u094d\u0915<\/strong><\/p><p>GDPR \u0905\u0902\u0924\u0930\u094d\u0917\u0924, \u0935\u093e\u092a\u0930\u0915\u0930\u094d\u0924\u094d\u092f\u093e\u0902\u0928\u093e \u0916\u093e\u0932\u0940\u0932 \u0905\u0927\u093f\u0915\u093e\u0930 \u0906\u0939\u0947\u0924:<\/p><ul><li>\u0935\u0948\u092f\u0915\u094d\u0924\u093f\u0915 \u0921\u0947\u091f\u093e\u092e\u0927\u094d\u092f\u0947 \u092a\u094d\u0930\u0935\u0947\u0936, \u0926\u0941\u0930\u0941\u0938\u094d\u0924\u0940 \u0915\u093f\u0902\u0935\u093e \u0935\u093f\u0932\u094b\u092a\u0928 \u0915\u0930\u0923\u094d\u092f\u093e\u091a\u093e \u0939\u0915\u094d\u0915.<\/li><li>\u0921\u0947\u091f\u093e \u092a\u094d\u0930\u0915\u094d\u0930\u093f\u092f\u0947\u0932\u093e \u0939\u0930\u0915\u0924 \u0918\u0947\u0923\u094d\u092f\u093e\u091a\u093e \u0906\u0923\u093f \u0921\u0947\u091f\u093e \u092a\u094b\u0930\u094d\u091f\u0947\u092c\u093f\u0932\u093f\u091f\u0940\u091a\u093e \u0905\u0927\u093f\u0915\u093e\u0930.<\/li><li>\u0930\u091c\u093e \u0915\u0927\u0940\u0939\u0940 \u092e\u093e\u0917\u0947 \u0918\u0947\u0923\u094d\u092f\u093e\u091a\u093e \u0939\u0915\u094d\u0915.<\/li><\/ul><p><strong>\u0967\u0967. \u0921\u0947\u091f\u093e \u0938\u0902\u0930\u0915\u094d\u0937\u0923 \u092a\u094d\u0930\u092d\u093e\u0935 \u092e\u0942\u0932\u094d\u092f\u093e\u0902\u0915\u0928 (DPIA)<\/strong><\/p><p>\u0909\u091a\u094d\u091a \u091c\u094b\u0916\u092e\u0940\u091a\u094d\u092f\u093e \u0921\u0947\u091f\u093e \u092a\u094d\u0930\u0915\u094d\u0930\u093f\u092f\u0947\u0938\u093e\u0920\u0940 \u0921\u0947\u091f\u093e \u092a\u094d\u0930\u094b\u091f\u0947\u0915\u094d\u0936\u0928 \u0907\u092e\u094d\u092a\u0945\u0915\u094d\u091f \u0905\u0938\u0947\u0938\u092e\u0947\u0902\u091f (DPIA) \u0915\u0947\u0932\u0947 \u091c\u093e\u0924\u0947. DPIA \u092a\u094d\u0930\u0915\u094d\u0930\u093f\u092f\u0947\u0935\u093f\u0937\u092f\u0940 \u0905\u0927\u093f\u0915 \u092e\u093e\u0939\u093f\u0924\u0940\u0938\u093e\u0920\u0940 \u0924\u0941\u092e\u094d\u0939\u0940 \u0906\u092e\u091a\u094d\u092f\u093e\u0936\u0940 \u0938\u0902\u092a\u0930\u094d\u0915 \u0938\u093e\u0927\u0942 \u0936\u0915\u0924\u093e.<\/p><p><strong>\u0967\u0968. \u0906\u0902\u0924\u0930\u0930\u093e\u0937\u094d\u091f\u094d\u0930\u0940\u092f \u0921\u0947\u091f\u093e \u0939\u0938\u094d\u0924\u093e\u0902\u0924\u0930\u0923<\/strong><\/p><p>\u0924\u0941\u092e\u091a\u093e \u0935\u0948\u092f\u0915\u094d\u0924\u093f\u0915 \u0921\u0947\u091f\u093e \u0908\u092f\u0942\u092c\u093e\u0939\u0947\u0930 \u0939\u0938\u094d\u0924\u093e\u0902\u0924\u0930\u093f\u0924 \u0915\u0930\u0924\u093e\u0928\u093e \u0906\u092e\u094d\u0939\u0940 \u0906\u0935\u0936\u094d\u092f\u0915 \u0938\u0941\u0930\u0915\u094d\u0937\u093e\u0924\u094d\u092e\u0915 \u0909\u092a\u093e\u092f \u0915\u0930\u0924\u094b. \u0906\u0902\u0924\u0930\u0930\u093e\u0937\u094d\u091f\u094d\u0930\u0940\u092f \u0921\u0947\u091f\u093e \u0939\u0938\u094d\u0924\u093e\u0902\u0924\u0930\u0923\u093e\u092c\u0926\u094d\u0926\u0932 \u0905\u0927\u093f\u0915 \u092e\u093e\u0939\u093f\u0924\u0940\u0938\u093e\u0920\u0940 \u0924\u0941\u092e\u094d\u0939\u0940 \u0906\u092e\u091a\u094d\u092f\u093e\u0936\u0940 \u0938\u0902\u092a\u0930\u094d\u0915 \u0938\u093e\u0927\u0942 \u0936\u0915\u0924\u093e.<\/p><p><strong>\u0967\u0969. \u0921\u0947\u091f\u093e \u0909\u0932\u094d\u0932\u0902\u0918\u0928 \u0938\u0942\u091a\u0928\u093e<\/strong><\/p><p>\u0921\u0947\u091f\u093e \u0909\u0932\u094d\u0932\u0902\u0918\u0928\u093e\u091a\u094d\u092f\u093e \u092c\u093e\u092c\u0924\u0940\u0924, \u0906\u092e\u094d\u0939\u0940 \u0938\u0902\u092c\u0902\u0927\u093f\u0924 \u092a\u094d\u0930\u093e\u0927\u093f\u0915\u0930\u0923\u093e\u0902\u0928\u093e \u0906\u0923\u093f \u092a\u094d\u0930\u092d\u093e\u0935\u093f\u0924 \u0935\u094d\u092f\u0915\u094d\u0924\u0940\u0902\u0928\u093e \u0924\u094d\u0935\u0930\u093f\u0924 \u0915\u0933\u0935\u0924\u094b. \u0906\u092e\u091a\u094d\u092f\u093e \u0921\u0947\u091f\u093e \u0909\u0932\u094d\u0932\u0902\u0918\u0928 \u092a\u094d\u0930\u0915\u094d\u0930\u093f\u092f\u093e \u0935\u093f\u0937\u092f\u0940 \u0905\u0927\u093f\u0915 \u092e\u093e\u0939\u093f\u0924\u0940\u0938\u093e\u0920\u0940 \u0924\u0941\u092e\u094d\u0939\u0940 \u0906\u092e\u091a\u094d\u092f\u093e\u0936\u0940 \u0938\u0902\u092a\u0930\u094d\u0915 \u0938\u093e\u0927\u0942 \u0936\u0915\u0924\u093e.<\/p><p><strong>\u0967\u096a. \u0915\u0930\u093e\u0930\u093e\u0924\u0940\u0932 \u092c\u0926\u0932<\/strong><\/p><p>\u0939\u0940 \u0927\u094b\u0930\u0923 \u0935\u0947\u0933\u094b\u0935\u0947\u0933\u0940 \u0905\u0926\u094d\u092f\u0924\u0928\u093f\u0924 \u0915\u0947\u0932\u0940 \u091c\u093e\u090a \u0936\u0915\u0924\u0947. \u0915\u0947\u0932\u0947\u0932\u094d\u092f\u093e \u0915\u094b\u0923\u0924\u094d\u092f\u093e\u0939\u0940 \u092c\u0926\u0932\u093e\u0902\u091a\u0940 \u0928\u094b\u0902\u0926 \u092f\u093e \u092a\u093e\u0928\u093e\u0935\u0930 \u0918\u0947\u0924\u0932\u0940 \u091c\u093e\u0908\u0932 \u0906\u0923\u093f \u0924\u0940 \u0905\u092e\u0932\u093e\u0924 \u092f\u0947\u0923\u094d\u092f\u093e\u091a\u094d\u092f\u093e \u0924\u093e\u0930\u0916\u0947\u0938\u0939 \u0928\u092e\u0942\u0926 \u0915\u0947\u0932\u0940 \u091c\u093e\u0908\u0932. \u0915\u094b\u0923\u0924\u094d\u092f\u093e\u0939\u0940 \u092c\u0926\u0932\u093e\u0902\u091a\u0940 \u092e\u093e\u0939\u093f\u0924\u0940 \u092e\u093f\u0933\u0935\u0923\u094d\u092f\u093e\u0938\u093e\u0920\u0940 \u0935\u093e\u092a\u0930\u0915\u0930\u094d\u0924\u094d\u092f\u093e\u0902\u0928\u093e \u0939\u0947 \u092a\u0943\u0937\u094d\u0920 \u0928\u093f\u092f\u092e\u093f\u0924\u092a\u0923\u0947 \u0924\u092a\u093e\u0938\u0923\u094d\u092f\u093e\u091a\u093e \u0938\u0932\u094d\u0932\u093e \u0926\u093f\u0932\u093e \u091c\u093e\u0924\u094b.<\/p>\t\t\t\t\t\t\t\t<\/div>\n\t\t\t\t<\/div>\n\t\t\t\t\t<\/div>\n\t\t<\/div>\n\t\t\t\t\t<\/div>\n\t\t<\/section>\n\t\t\t\t<\/div>","protected":false},"excerpt":{"rendered":"<p>Y\u00fcr\u00fcrl\u00fck\/G\u00fcncelleme Tarihi: 05.08.2024 1. Giri\u015f Hostragons Global Limited (&#8220;Hostragons&#8221; olarak an\u0131lacakt\u0131r), kullan\u0131c\u0131lar\u0131m\u0131z\u0131n gizlili\u011fini ve ki\u015fisel verilerinin korunmas\u0131n\u0131 ciddiye al\u0131r. Bu Gizlilik ve GDPR Uyum Politikas\u0131, ki\u015fisel verilerin nas\u0131l topland\u0131\u011f\u0131n\u0131, kullan\u0131ld\u0131\u011f\u0131n\u0131, korundu\u011funu ve GDPR kapsam\u0131nda nas\u0131l y\u00f6netildi\u011fini a\u00e7\u0131klar. Web sitemizi ve hizmetlerimizi kullanarak, bu politikay\u0131 kabul etmi\u015f say\u0131l\u0131rs\u0131n\u0131z. 2. Veri Sorumlusu ve Temsilcisi Hostragons, ki\u015fisel verilerinizi [&hellip;]<\/p>\n","protected":false},"author":94,"featured_media":7854,"parent":0,"menu_order":0,"comment_status":"closed","ping_status":"closed","template":"","meta":{"googlesitekit_rrm_CAow5YvFDA:productID":"","footnotes":""},"class_list":["post-2031","page","type-page","status-publish","has-post-thumbnail","hentry"],"_links":{"self":[{"href":"https:\/\/www.hostragons.com\/mr\/wp-json\/wp\/v2\/pages\/2031","targetHints":{"allow":["GET"]}}],"collection":[{"href":"https:\/\/www.hostragons.com\/mr\/wp-json\/wp\/v2\/pages"}],"about":[{"href":"https:\/\/www.hostragons.com\/mr\/wp-json\/wp\/v2\/types\/page"}],"author":[{"embeddable":true,"href":"https:\/\/www.hostragons.com\/mr\/wp-json\/wp\/v2\/users\/94"}],"replies":[{"embeddable":true,"href":"https:\/\/www.hostragons.com\/mr\/wp-json\/wp\/v2\/comments?post=2031"}],"version-history":[{"count":0,"href":"https:\/\/www.hostragons.com\/mr\/wp-json\/wp\/v2\/pages\/2031\/revisions"}],"wp:featuredmedia":[{"embeddable":true,"href":"https:\/\/www.hostragons.com\/mr\/wp-json\/wp\/v2\/media\/7854"}],"wp:attachment":[{"href":"https:\/\/www.hostragons.com\/mr\/wp-json\/wp\/v2\/media?parent=2031"}],"curies":[{"name":"\u0921\u092c\u094d\u0932\u094d\u092f\u0942\u092a\u0940","href":"https:\/\/api.w.org\/{rel}","templated":true}]}}