{"id":2358,"date":"2020-10-02T08:03:18","date_gmt":"2020-10-02T05:03:18","guid":{"rendered":"https:\/\/www.hostragons.com\/?page_id=2358"},"modified":"2025-03-25T09:07:38","modified_gmt":"2025-03-25T09:07:38","slug":"%e0%b4%95%e0%b5%81%e0%b4%95%e0%b5%8d%e0%b4%95%e0%b4%bf-%e0%b4%a8%e0%b4%af%e0%b4%82","status":"publish","type":"page","link":"https:\/\/www.hostragons.com\/ml\/%e0%b4%95%e0%b5%81%e0%b4%95%e0%b5%8d%e0%b4%95%e0%b4%bf-%e0%b4%a8%e0%b4%af%e0%b4%82\/","title":{"rendered":"\u0d15\u0d41\u0d15\u0d4d\u0d15\u0d3f \u0d28\u0d2f\u0d02"},"content":{"rendered":"<div data-elementor-type=\"wp-page\" data-elementor-id=\"2358\" class=\"elementor elementor-2358\" data-elementor-post-type=\"page\">\n\t\t\t\t\t\t<section class=\"elementor-section elementor-top-section elementor-element elementor-element-9da5eda elementor-section-boxed elementor-section-height-default elementor-section-height-default\" data-id=\"9da5eda\" data-element_type=\"section\" data-e-type=\"section\">\n\t\t\t\t\t\t<div class=\"elementor-container elementor-column-gap-default\">\n\t\t\t\t\t<div class=\"elementor-column elementor-col-100 elementor-top-column elementor-element elementor-element-a7228de\" data-id=\"a7228de\" data-element_type=\"column\" data-e-type=\"column\">\n\t\t\t<div class=\"elementor-widget-wrap elementor-element-populated\">\n\t\t\t\t\t\t<div class=\"elementor-element elementor-element-8bde4d6 elementor-widget elementor-widget-text-editor\" data-id=\"8bde4d6\" data-element_type=\"widget\" data-e-type=\"widget\" data-widget_type=\"text-editor.default\">\n\t\t\t\t<div class=\"elementor-widget-container\">\n\t\t\t\t\t\t\t\t\t<p><strong>\u0d2a\u0d4d\u0d30\u0d3e\u0d2c\u0d32\u0d4d\u0d2f\u0d24\u0d4d\u0d24\u0d3f\u0d7d \u0d35\u0d30\u0d41\u0d28\u0d4d\u0d28\/\u0d05\u0d2a\u0d4d\u200c\u0d21\u0d47\u0d31\u0d4d\u0d31\u0d4d \u0d24\u0d40\u0d2f\u0d24\u0d3f:<\/strong> 05.08.2024<\/p><p><strong>1. \u0d0e\u0d28\u0d4d\u0d24\u0d3e\u0d23\u0d4d \u0d15\u0d41\u0d15\u0d4d\u0d15\u0d3f?<\/strong><\/p><p>\u0d35\u0d46\u0d2c\u0d4d\u200c\u0d38\u0d48\u0d31\u0d4d\u0d31\u0d41\u0d15\u0d7e \u0d28\u0d3f\u0d19\u0d4d\u0d19\u0d33\u0d41\u0d1f\u0d46 \u0d2c\u0d4d\u0d30\u0d57\u0d38\u0d31\u0d3f\u0d32\u0d47\u0d15\u0d4d\u0d15\u0d4d \u0d05\u0d2f\u0d1a\u0d4d\u0d1a\u0d4d \u0d28\u0d3f\u0d19\u0d4d\u0d19\u0d33\u0d41\u0d1f\u0d46 \u0d09\u0d2a\u0d15\u0d30\u0d23\u0d24\u0d4d\u0d24\u0d3f\u0d7d \u0d38\u0d02\u0d2d\u0d30\u0d3f\u0d1a\u0d4d\u0d1a\u0d3f\u0d30\u0d3f\u0d15\u0d4d\u0d15\u0d41\u0d28\u0d4d\u0d28 \u0d1a\u0d46\u0d31\u0d3f\u0d2f \u0d21\u0d3e\u0d31\u0d4d\u0d31 \u0d2b\u0d2f\u0d32\u0d41\u0d15\u0d33\u0d3e\u0d23\u0d4d \u0d15\u0d41\u0d15\u0d4d\u0d15\u0d3f\u0d15\u0d7e. \u0d28\u0d3f\u0d19\u0d4d\u0d19\u0d7e \u0d35\u0d46\u0d2c\u0d4d\u200c\u0d38\u0d48\u0d31\u0d4d\u0d31\u0d4d \u0d35\u0d40\u0d23\u0d4d\u0d1f\u0d41\u0d02 \u0d38\u0d28\u0d4d\u0d26\u0d7c\u0d36\u0d3f\u0d15\u0d4d\u0d15\u0d41\u0d2e\u0d4d\u0d2a\u0d4b\u0d7e \u0d05\u0d24\u0d4d \u0d24\u0d3f\u0d30\u0d3f\u0d1a\u0d4d\u0d1a\u0d31\u0d3f\u0d2f\u0d3e\u0d28\u0d41\u0d02 \u0d2e\u0d41\u0d2e\u0d4d\u0d2a\u0d24\u0d4d\u0d24\u0d46 \u0d38\u0d28\u0d4d\u0d26\u0d7c\u0d36\u0d28\u0d19\u0d4d\u0d19\u0d33\u0d3f\u0d7d \u0d28\u0d3f\u0d28\u0d4d\u0d28\u0d41\u0d33\u0d4d\u0d33 \u0d28\u0d3f\u0d19\u0d4d\u0d19\u0d33\u0d41\u0d1f\u0d46 \u0d2e\u0d41\u0d7b\u0d17\u0d23\u0d28\u0d15\u0d7e \u0d13\u0d7c\u0d24\u0d4d\u0d24\u0d41\u0d15\u0d4a\u0d23\u0d4d\u0d1f\u0d4d \u0d28\u0d3f\u0d19\u0d4d\u0d19\u0d33\u0d41\u0d1f\u0d46 \u0d09\u0d2a\u0d2f\u0d4b\u0d15\u0d4d\u0d24\u0d43 \u0d05\u0d28\u0d41\u0d2d\u0d35\u0d02 \u0d35\u0d4d\u0d2f\u0d15\u0d4d\u0d24\u0d3f\u0d17\u0d24\u0d2e\u0d3e\u0d15\u0d4d\u0d15\u0d3e\u0d28\u0d41\u0d02 \u0d08 \u0d2b\u0d2f\u0d32\u0d41\u0d15\u0d7e \u0d28\u0d3f\u0d19\u0d4d\u0d19\u0d33\u0d41\u0d1f\u0d46 \u0d2c\u0d4d\u0d30\u0d57\u0d38\u0d31\u0d3f\u0d28\u0d46 \u0d05\u0d28\u0d41\u0d35\u0d26\u0d3f\u0d15\u0d4d\u0d15\u0d41\u0d28\u0d4d\u0d28\u0d41.<\/p><p><strong>2. \u0d15\u0d41\u0d15\u0d4d\u0d15\u0d3f\u0d15\u0d33\u0d41\u0d1f\u0d46 \u0d09\u0d2a\u0d2f\u0d4b\u0d17\u0d24\u0d4d\u0d24\u0d3f\u0d7b\u0d4d\u0d31\u0d46 \u0d09\u0d26\u0d4d\u0d26\u0d47\u0d36\u0d4d\u0d2f\u0d19\u0d4d\u0d19\u0d7e<\/strong><\/p><p>\u0d07\u0d28\u0d3f\u0d2a\u0d4d\u0d2a\u0d31\u0d2f\u0d41\u0d28\u0d4d\u0d28 \u0d06\u0d35\u0d36\u0d4d\u0d2f\u0d19\u0d4d\u0d19\u0d7e\u0d15\u0d4d\u0d15\u0d3e\u0d2f\u0d3f Hostragons \u0d15\u0d41\u0d15\u0d4d\u0d15\u0d3f\u0d15\u0d7e \u0d09\u0d2a\u0d2f\u0d4b\u0d17\u0d3f\u0d15\u0d4d\u0d15\u0d41\u0d28\u0d4d\u0d28\u0d41:<\/p><ul><li class=\"translation-block\"><strong>\u0d28\u0d3f\u0d7c\u0d2c\u0d28\u0d4d\u0d27\u0d3f\u0d24 \u0d15\u0d41\u0d15\u0d4d\u0d15\u0d3f\u0d15\u0d7e:<\/strong> \u0d38\u0d48\u0d31\u0d4d\u0d31\u0d3f\u0d7b\u0d4d\u0d31\u0d46 \u0d05\u0d1f\u0d3f\u0d38\u0d4d\u0d25\u0d3e\u0d28 \u0d2a\u0d4d\u0d30\u0d35\u0d7c\u0d24\u0d4d\u0d24\u0d28\u0d19\u0d4d\u0d19\u0d7e \u0d28\u0d3f\u0d7c\u0d35\u0d39\u0d3f\u0d15\u0d4d\u0d15\u0d41\u0d28\u0d4d\u0d28\u0d24\u0d3f\u0d28\u0d4d \u0d05\u0d24\u0d4d \u0d06\u0d35\u0d36\u0d4d\u0d2f\u0d2e\u0d3e\u0d23\u0d4d.<\/li><li><strong>\u0d2a\u0d4d\u0d30\u0d15\u0d1f\u0d28 \u0d15\u0d41\u0d15\u0d4d\u0d15\u0d3f\u0d15\u0d7e:<\/strong> \u0d38\u0d48\u0d31\u0d4d\u0d31\u0d3f\u0d7b\u0d4d\u0d31\u0d46 \u0d2a\u0d4d\u0d30\u0d15\u0d1f\u0d28\u0d02 \u0d28\u0d3f\u0d30\u0d40\u0d15\u0d4d\u0d37\u0d3f\u0d15\u0d4d\u0d15\u0d3e\u0d28\u0d41\u0d02 \u0d2e\u0d46\u0d1a\u0d4d\u0d1a\u0d2a\u0d4d\u0d2a\u0d46\u0d1f\u0d41\u0d24\u0d4d\u0d24\u0d3e\u0d28\u0d41\u0d02 \u0d07\u0d24\u0d4d \u0d09\u0d2a\u0d2f\u0d4b\u0d17\u0d3f\u0d15\u0d4d\u0d15\u0d41\u0d28\u0d4d\u0d28\u0d41.<\/li><li class=\"translation-block\"><strong>\u0d2b\u0d19\u0d4d\u0d37\u0d23\u0d7d \u0d15\u0d41\u0d15\u0d4d\u0d15\u0d3f\u0d15\u0d7e:<\/strong> \u0d09\u0d2a\u0d2f\u0d4b\u0d15\u0d4d\u0d24\u0d43 \u0d2e\u0d41\u0d7b\u0d17\u0d23\u0d28\u0d15\u0d7e \u0d13\u0d7c\u0d24\u0d4d\u0d24\u0d41\u0d15\u0d4a\u0d23\u0d4d\u0d1f\u0d4d \u0d35\u0d4d\u0d2f\u0d15\u0d4d\u0d24\u0d3f\u0d17\u0d24\u0d2e\u0d3e\u0d15\u0d4d\u0d15\u0d3f\u0d2f \u0d05\u0d28\u0d41\u0d2d\u0d35\u0d02 \u0d28\u0d7d\u0d15\u0d41\u0d28\u0d4d\u0d28\u0d41.<\/li><li class=\"translation-block\"><strong>\u0d2a\u0d30\u0d38\u0d4d\u0d2f\u0d35\u0d41\u0d02 \u0d35\u0d3f\u0d2a\u0d23\u0d28 \u0d15\u0d41\u0d15\u0d4d\u0d15\u0d3f\u0d15\u0d33\u0d41\u0d02:<\/strong> \u0d28\u0d3f\u0d19\u0d4d\u0d19\u0d33\u0d41\u0d1f\u0d46 \u0d24\u0d3e\u0d7d\u0d2a\u0d4d\u0d2a\u0d30\u0d4d\u0d2f\u0d19\u0d4d\u0d19\u0d7e\u0d15\u0d4d\u0d15\u0d28\u0d41\u0d38\u0d43\u0d24\u0d2e\u0d3e\u0d2f\u0d3f \u0d09\u0d33\u0d4d\u0d33\u0d1f\u0d15\u0d4d\u0d15\u0d35\u0d41\u0d02 \u0d2a\u0d30\u0d38\u0d4d\u0d2f\u0d19\u0d4d\u0d19\u0d33\u0d41\u0d02 \u0d28\u0d7d\u0d15\u0d41\u0d28\u0d4d\u0d28\u0d24\u0d3f\u0d28\u0d4d \u0d09\u0d2a\u0d2f\u0d4b\u0d17\u0d3f\u0d15\u0d4d\u0d15\u0d41\u0d28\u0d4d\u0d28\u0d41.<\/li><\/ul><p><strong>3. \u0d2e\u0d42\u0d28\u0d4d\u0d28\u0d3e\u0d02 \u0d15\u0d15\u0d4d\u0d37\u0d3f \u0d15\u0d41\u0d15\u0d4d\u0d15\u0d3f\u0d15\u0d7e<\/strong><\/p><p>\u0d1e\u0d19\u0d4d\u0d19\u0d33\u0d41\u0d1f\u0d46 \u0d38\u0d48\u0d31\u0d4d\u0d31\u0d3f\u0d32\u0d46 \u0d1a\u0d3f\u0d32 \u0d15\u0d41\u0d15\u0d4d\u0d15\u0d3f\u0d15\u0d7e \u0d2e\u0d42\u0d28\u0d4d\u0d28\u0d3e\u0d02 \u0d15\u0d15\u0d4d\u0d37\u0d3f \u0d38\u0d47\u0d35\u0d28 \u0d26\u0d3e\u0d24\u0d3e\u0d15\u0d4d\u0d15\u0d33\u0d3e\u0d23\u0d4d \u0d28\u0d3f\u0d2f\u0d28\u0d4d\u0d24\u0d4d\u0d30\u0d3f\u0d15\u0d4d\u0d15\u0d41\u0d28\u0d4d\u0d28\u0d24\u0d4d. \u0d08 \u0d15\u0d41\u0d15\u0d4d\u0d15\u0d3f\u0d15\u0d7e \u0d2a\u0d30\u0d38\u0d4d\u0d2f\u0d24\u0d4d\u0d24\u0d3f\u0d28\u0d41\u0d02 \u0d05\u0d28\u0d32\u0d3f\u0d31\u0d4d\u0d31\u0d3f\u0d15\u0d4d\u200c\u0d38\u0d4d \u0d38\u0d47\u0d35\u0d28\u0d19\u0d4d\u0d19\u0d7e\u0d15\u0d4d\u0d15\u0d41\u0d02 \u0d09\u0d2a\u0d2f\u0d4b\u0d17\u0d3f\u0d15\u0d4d\u0d15\u0d41\u0d28\u0d4d\u0d28\u0d41, \u0d05\u0d35 \u0d2e\u0d42\u0d28\u0d4d\u0d28\u0d3e\u0d02 \u0d15\u0d15\u0d4d\u0d37\u0d3f\u0d15\u0d33\u0d41\u0d1f\u0d46 \u0d38\u0d4d\u0d35\u0d28\u0d4d\u0d24\u0d02 \u0d38\u0d4d\u0d35\u0d15\u0d3e\u0d30\u0d4d\u0d2f\u0d24\u0d3e \u0d28\u0d2f\u0d19\u0d4d\u0d19\u0d7e\u0d15\u0d4d\u0d15\u0d4d \u0d35\u0d3f\u0d27\u0d47\u0d2f\u0d35\u0d41\u0d2e\u0d3e\u0d23\u0d4d. \u0d08 \u0d38\u0d47\u0d35\u0d28 \u0d26\u0d3e\u0d24\u0d3e\u0d15\u0d4d\u0d15\u0d33\u0d41\u0d1f\u0d46 \u0d2e\u0d42\u0d28\u0d4d\u0d28\u0d3e\u0d02 \u0d15\u0d15\u0d4d\u0d37\u0d3f \u0d15\u0d41\u0d15\u0d4d\u0d15\u0d3f\u0d15\u0d33\u0d41\u0d1f\u0d46 \u0d09\u0d2a\u0d2f\u0d4b\u0d17\u0d24\u0d4d\u0d24\u0d46\u0d15\u0d4d\u0d15\u0d41\u0d31\u0d3f\u0d1a\u0d4d\u0d1a\u0d41\u0d33\u0d4d\u0d33 \u0d15\u0d42\u0d1f\u0d41\u0d24\u0d7d \u0d35\u0d3f\u0d35\u0d30\u0d19\u0d4d\u0d19\u0d7e\u0d15\u0d4d\u0d15\u0d4d \u0d05\u0d35\u0d30\u0d41\u0d1f\u0d46 \u0d38\u0d4d\u0d35\u0d15\u0d3e\u0d30\u0d4d\u0d2f\u0d24\u0d3e \u0d28\u0d2f\u0d19\u0d4d\u0d19\u0d7e \u0d05\u0d35\u0d32\u0d4b\u0d15\u0d28\u0d02 \u0d1a\u0d46\u0d2f\u0d4d\u0d2f\u0d3e\u0d7b \u0d1e\u0d19\u0d4d\u0d19\u0d7e \u0d36\u0d41\u0d2a\u0d3e\u0d7c\u0d36 \u0d1a\u0d46\u0d2f\u0d4d\u0d2f\u0d41\u0d28\u0d4d\u0d28\u0d41.<\/p><p><strong>4. \u0d15\u0d41\u0d15\u0d4d\u0d15\u0d3f\u0d15\u0d7e \u0d28\u0d3f\u0d2f\u0d28\u0d4d\u0d24\u0d4d\u0d30\u0d3f\u0d15\u0d4d\u0d15\u0d41\u0d28\u0d4d\u0d28\u0d24\u0d41\u0d02 \u0d07\u0d32\u0d4d\u0d32\u0d3e\u0d24\u0d3e\u0d15\u0d4d\u0d15\u0d41\u0d28\u0d4d\u0d28\u0d24\u0d41\u0d02<\/strong><\/p><p>\u0d28\u0d3f\u0d19\u0d4d\u0d19\u0d33\u0d41\u0d1f\u0d46 \u0d2c\u0d4d\u0d30\u0d57\u0d38\u0d7c \u0d15\u0d4d\u0d30\u0d2e\u0d40\u0d15\u0d30\u0d23\u0d19\u0d4d\u0d19\u0d7e \u0d35\u0d34\u0d3f \u0d28\u0d3f\u0d19\u0d4d\u0d19\u0d7e\u0d15\u0d4d\u0d15\u0d4d \u0d15\u0d41\u0d15\u0d4d\u0d15\u0d3f\u0d15\u0d7e \u0d28\u0d3f\u0d2f\u0d28\u0d4d\u0d24\u0d4d\u0d30\u0d3f\u0d15\u0d4d\u0d15\u0d3e\u0d28\u0d4b \u0d38\u0d4d\u0d35\u0d40\u0d15\u0d30\u0d3f\u0d15\u0d4d\u0d15\u0d3e\u0d28\u0d4b \u0d28\u0d3f\u0d30\u0d38\u0d3f\u0d15\u0d4d\u0d15\u0d3e\u0d28\u0d4b \u0d15\u0d34\u0d3f\u0d2f\u0d41\u0d02. \u0d28\u0d3f\u0d19\u0d4d\u0d19\u0d33\u0d41\u0d1f\u0d46 \u0d2c\u0d4d\u0d30\u0d57\u0d38\u0d31\u0d3f\u0d7d \u0d2e\u0d41\u0d2e\u0d4d\u0d2a\u0d4d \u0d38\u0d02\u0d30\u0d15\u0d4d\u0d37\u0d3f\u0d1a\u0d4d\u0d1a \u0d15\u0d41\u0d15\u0d4d\u0d15\u0d3f\u0d15\u0d7e \u0d07\u0d32\u0d4d\u0d32\u0d3e\u0d24\u0d3e\u0d15\u0d4d\u0d15\u0d3e\u0d28\u0d41\u0d02 \u0d28\u0d3f\u0d19\u0d4d\u0d19\u0d7e\u0d15\u0d4d\u0d15\u0d4d \u0d15\u0d34\u0d3f\u0d2f\u0d41\u0d02. \u0d15\u0d41\u0d15\u0d4d\u0d15\u0d3f\u0d15\u0d7e \u0d0e\u0d19\u0d4d\u0d19\u0d28\u0d46 \u0d15\u0d48\u0d15\u0d3e\u0d30\u0d4d\u0d2f\u0d02 \u0d1a\u0d46\u0d2f\u0d4d\u0d2f\u0d3e\u0d02 \u0d0e\u0d28\u0d4d\u0d28\u0d24\u0d3f\u0d28\u0d46\u0d15\u0d4d\u0d15\u0d41\u0d31\u0d3f\u0d1a\u0d4d\u0d1a\u0d41\u0d33\u0d4d\u0d33 \u0d15\u0d42\u0d1f\u0d41\u0d24\u0d7d \u0d35\u0d3f\u0d35\u0d30\u0d19\u0d4d\u0d19\u0d7e\u0d15\u0d4d\u0d15\u0d4d, \u0d28\u0d3f\u0d19\u0d4d\u0d19\u0d7e \u0d09\u0d2a\u0d2f\u0d4b\u0d17\u0d3f\u0d15\u0d4d\u0d15\u0d41\u0d28\u0d4d\u0d28 \u0d2c\u0d4d\u0d30\u0d57\u0d38\u0d31\u0d3f\u0d28\u0d4d \u0d2a\u0d4d\u0d30\u0d24\u0d4d\u0d2f\u0d47\u0d15 \u0d28\u0d3f\u0d7c\u0d26\u0d4d\u0d26\u0d47\u0d36\u0d19\u0d4d\u0d19\u0d7e \u0d28\u0d3f\u0d19\u0d4d\u0d19\u0d7e\u0d15\u0d4d\u0d15\u0d4d \u0d31\u0d2b\u0d7c \u0d1a\u0d46\u0d2f\u0d4d\u0d2f\u0d3e\u0d02:<\/p><ul><li><a target=\"_new\" rel=\"noreferrer\">Google Chrome<\/a><\/li><li><a href=\"https:\/\/support.mozilla.org\/tr\/kb\/cerezleri-silme\" target=\"_new\" rel=\"noreferrer noopener\">\u0d2e\u0d4b\u0d38\u0d3f\u0d32\u0d4d\u0d32 \u0d2b\u0d2f\u0d7c\u0d2b\u0d4b\u0d15\u0d4d\u0d38\u0d4d<\/a><\/li><li><a href=\"https:\/\/support.apple.com\/tr-tr\/guide\/safari\/sfri11471\/mac\" target=\"_new\" rel=\"noreferrer noopener\">\u0d38\u0d2b\u0d3e\u0d30\u0d3f<\/a><\/li><li><a href=\"https:\/\/support.microsoft.com\/tr-tr\/help\/4027947\/microsoft-edge-delete-cookies\" target=\"_new\" rel=\"noreferrer noopener\">\u0d2e\u0d48\u0d15\u0d4d\u0d30\u0d4b\u0d38\u0d4b\u0d2b\u0d4d\u0d31\u0d4d\u0d31\u0d4d \u0d0e\u0d21\u0d4d\u0d1c\u0d4d<\/a><\/li><\/ul><p class=\"translation-block\">5. \u0d15\u0d41\u0d15\u0d4d\u0d15\u0d3f \u0d28\u0d2f \u0d2e\u0d3e\u0d31\u0d4d\u0d31\u0d19\u0d4d\u0d19\u0d7e<\/p><p>Hostragons \u0d05\u0d24\u0d3f\u0d7b\u0d4d\u0d31\u0d46 \u0d15\u0d41\u0d15\u0d4d\u0d15\u0d3f \u0d28\u0d2f\u0d02 \u0d2e\u0d3e\u0d31\u0d4d\u0d31\u0d3e\u0d28\u0d41\u0d33\u0d4d\u0d33 \u0d05\u0d35\u0d15\u0d3e\u0d36\u0d02 \u0d28\u0d3f\u0d15\u0d4d\u0d37\u0d3f\u0d2a\u0d4d\u0d24\u0d2e\u0d3e\u0d23\u0d4d. \u0d1e\u0d19\u0d4d\u0d19\u0d33\u0d41\u0d1f\u0d46 \u0d28\u0d2f\u0d24\u0d4d\u0d24\u0d3f\u0d32\u0d46 \u0d0f\u0d24\u0d4d \u0d2e\u0d3e\u0d31\u0d4d\u0d31\u0d35\u0d41\u0d02 \u0d08 \u0d2a\u0d47\u0d1c\u0d3f\u0d7d \u0d05\u0d2a\u0d4d\u200c\u0d21\u0d47\u0d31\u0d4d\u0d31\u0d4d \u0d1a\u0d46\u0d2f\u0d4d\u0d2f\u0d41\u0d15\u0d2f\u0d41\u0d02 \u0d05\u0d24\u0d4d \u0d2a\u0d4d\u0d30\u0d3e\u0d2c\u0d32\u0d4d\u0d2f\u0d24\u0d4d\u0d24\u0d3f\u0d7d \u0d35\u0d30\u0d3f\u0d15\u0d2f\u0d41\u0d02 \u0d1a\u0d46\u0d2f\u0d4d\u0d2f\u0d41\u0d02. \u0d08 \u0d2a\u0d47\u0d1c\u0d4d \u0d2a\u0d24\u0d3f\u0d35\u0d3e\u0d2f\u0d3f \u0d2a\u0d30\u0d3f\u0d36\u0d4b\u0d27\u0d3f\u0d1a\u0d4d\u0d1a\u0d4d \u0d0e\u0d28\u0d4d\u0d24\u0d46\u0d19\u0d4d\u0d15\u0d3f\u0d32\u0d41\u0d02 \u0d2e\u0d3e\u0d31\u0d4d\u0d31\u0d19\u0d4d\u0d19\u0d33\u0d46 \u0d15\u0d41\u0d31\u0d3f\u0d1a\u0d4d\u0d1a\u0d4d \u0d09\u0d2a\u0d2f\u0d4b\u0d15\u0d4d\u0d24\u0d3e\u0d15\u0d4d\u0d15\u0d33\u0d46 \u0d05\u0d31\u0d3f\u0d2f\u0d3f\u0d15\u0d4d\u0d15\u0d3e\u0d7b \u0d1e\u0d19\u0d4d\u0d19\u0d7e \u0d36\u0d41\u0d2a\u0d3e\u0d7c\u0d36 \u0d1a\u0d46\u0d2f\u0d4d\u0d2f\u0d41\u0d28\u0d4d\u0d28\u0d41.<\/p><p><strong>6. \u0d06\u0d36\u0d2f\u0d35\u0d3f\u0d28\u0d3f\u0d2e\u0d2f\u0d02<\/strong><\/p><p>\u0d08 \u0d15\u0d41\u0d15\u0d4d\u0d15\u0d3f \u0d28\u0d2f\u0d24\u0d4d\u0d24\u0d46\u0d15\u0d4d\u0d15\u0d41\u0d31\u0d3f\u0d1a\u0d4d\u0d1a\u0d41\u0d33\u0d4d\u0d33 \u0d1a\u0d4b\u0d26\u0d4d\u0d2f\u0d19\u0d4d\u0d19\u0d7e\u0d15\u0d4d\u0d15\u0d4d <a rel=\"noreferrer\">hello@hostragons.com<\/a> \u0d0e\u0d28\u0d4d\u0d28 \u0d35\u0d3f\u0d32\u0d3e\u0d38\u0d24\u0d4d\u0d24\u0d3f\u0d7d \u0d28\u0d3f\u0d19\u0d4d\u0d19\u0d7e\u0d15\u0d4d\u0d15\u0d4d \u0d1e\u0d19\u0d4d\u0d19\u0d33\u0d46 \u0d2c\u0d28\u0d4d\u0d27\u0d2a\u0d4d\u0d2a\u0d46\u0d1f\u0d3e\u0d02.<\/p>\t\t\t\t\t\t\t\t<\/div>\n\t\t\t\t<\/div>\n\t\t\t\t\t<\/div>\n\t\t<\/div>\n\t\t\t\t\t<\/div>\n\t\t<\/section>\n\t\t\t\t<\/div>","protected":false},"excerpt":{"rendered":"<p>Y\u00fcr\u00fcrl\u00fck\/G\u00fcncelleme Tarihi: 05.08.2024 1. \u00c7erez (Cookie) Nedir? \u00c7erezler, web siteleri taraf\u0131ndan taray\u0131c\u0131n\u0131za g\u00f6nderilen ve cihaz\u0131n\u0131zda depolanan k\u00fc\u00e7\u00fck veri dosyalar\u0131d\u0131r. Bu dosyalar, siteyi tekrar ziyaret etti\u011finizde taray\u0131c\u0131n\u0131z\u0131n web sitesini tan\u0131mas\u0131n\u0131 sa\u011flar ve \u00f6nceki ziyaretlerinizdeki tercihlerinizi hat\u0131rlayarak kullan\u0131c\u0131 deneyiminizi ki\u015fiselle\u015ftirir. 2. \u00c7erezlerin Kullan\u0131m Ama\u00e7lar\u0131 Hostragons, a\u015fa\u011f\u0131daki ama\u00e7lar do\u011frultusunda \u00e7erezleri kullan\u0131r: Zorunlu \u00c7erezler: Sitenin temel i\u015flevlerini yerine getirebilmesi [&hellip;]<\/p>\n","protected":false},"author":94,"featured_media":7852,"parent":0,"menu_order":0,"comment_status":"closed","ping_status":"closed","template":"","meta":{"googlesitekit_rrm_CAow5YvFDA:productID":"","footnotes":""},"class_list":["post-2358","page","type-page","status-publish","has-post-thumbnail","hentry"],"_links":{"self":[{"href":"https:\/\/www.hostragons.com\/ml\/wp-json\/wp\/v2\/pages\/2358","targetHints":{"allow":["GET"]}}],"collection":[{"href":"https:\/\/www.hostragons.com\/ml\/wp-json\/wp\/v2\/pages"}],"about":[{"href":"https:\/\/www.hostragons.com\/ml\/wp-json\/wp\/v2\/types\/page"}],"author":[{"embeddable":true,"href":"https:\/\/www.hostragons.com\/ml\/wp-json\/wp\/v2\/users\/94"}],"replies":[{"embeddable":true,"href":"https:\/\/www.hostragons.com\/ml\/wp-json\/wp\/v2\/comments?post=2358"}],"version-history":[{"count":0,"href":"https:\/\/www.hostragons.com\/ml\/wp-json\/wp\/v2\/pages\/2358\/revisions"}],"wp:featuredmedia":[{"embeddable":true,"href":"https:\/\/www.hostragons.com\/ml\/wp-json\/wp\/v2\/media\/7852"}],"wp:attachment":[{"href":"https:\/\/www.hostragons.com\/ml\/wp-json\/wp\/v2\/media?parent=2358"}],"curies":[{"name":"\u0d21\u0d2c\u0d4d\u0d32\u0d3f\u0d2f\u0d41\u0d2a\u0d3f","href":"https:\/\/api.w.org\/{rel}","templated":true}]}}