{"id":2358,"date":"2020-10-02T08:03:18","date_gmt":"2020-10-02T05:03:18","guid":{"rendered":"https:\/\/www.hostragons.com\/?page_id=2358"},"modified":"2025-03-25T09:07:38","modified_gmt":"2025-03-25T09:07:38","slug":"%ec%bf%a0%ed%82%a4-%ec%a0%95%ec%b1%85","status":"publish","type":"page","link":"https:\/\/www.hostragons.com\/ko\/%ec%bf%a0%ed%82%a4-%ec%a0%95%ec%b1%85\/","title":{"rendered":"\ucfe0\ud0a4 \uc815\ucc45"},"content":{"rendered":"<div data-elementor-type=\"wp-page\" data-elementor-id=\"2358\" class=\"elementor elementor-2358\" data-elementor-post-type=\"page\">\n\t\t\t\t\t\t<section class=\"elementor-section elementor-top-section elementor-element elementor-element-9da5eda elementor-section-boxed elementor-section-height-default elementor-section-height-default\" data-id=\"9da5eda\" data-element_type=\"section\" data-e-type=\"section\">\n\t\t\t\t\t\t<div class=\"elementor-container elementor-column-gap-default\">\n\t\t\t\t\t<div class=\"elementor-column elementor-col-100 elementor-top-column elementor-element elementor-element-a7228de\" data-id=\"a7228de\" data-element_type=\"column\" data-e-type=\"column\">\n\t\t\t<div class=\"elementor-widget-wrap elementor-element-populated\">\n\t\t\t\t\t\t<div class=\"elementor-element elementor-element-8bde4d6 elementor-widget elementor-widget-text-editor\" data-id=\"8bde4d6\" data-element_type=\"widget\" data-e-type=\"widget\" data-widget_type=\"text-editor.default\">\n\t\t\t\t<div class=\"elementor-widget-container\">\n\t\t\t\t\t\t\t\t\t<p><strong>\ubc1c\ud6a8\/\uc5c5\ub370\uc774\ud2b8 \ub0a0\uc9dc:<\/strong> 2024\ub144 5\uc6d4 8\uc77c<\/p><p><strong>1. \ucfe0\ud0a4\ub780 \ubb34\uc5c7\uc785\ub2c8\uae4c?<\/strong><\/p><p>\ucfe0\ud0a4\ub294 \uc6f9\uc0ac\uc774\ud2b8\uc5d0\uc11c \uadc0\ud558\uc758 \ube0c\ub77c\uc6b0\uc800\ub85c \uc804\uc1a1\ub418\uc5b4 \uadc0\ud558\uc758 \uc7a5\uce58\uc5d0 \uc800\uc7a5\ub418\ub294 \uc791\uc740 \ub370\uc774\ud130 \ud30c\uc77c\uc785\ub2c8\ub2e4. \uc774\ub7ec\ud55c \ud30c\uc77c\uc744 \uc0ac\uc6a9\ud558\uba74 \uadc0\ud558\uac00 \uc6f9\uc0ac\uc774\ud2b8\ub97c \ub2e4\uc2dc \ubc29\ubb38\ud560 \ub54c \ube0c\ub77c\uc6b0\uc800\uac00 \ud574\ub2f9 \uc6f9\uc0ac\uc774\ud2b8\ub97c \uc778\uc2dd\ud558\uace0 \uc774\uc804 \ubc29\ubb38\uc758 \uae30\ubcf8 \uc124\uc815\uc744 \uae30\uc5b5\ud558\uc5ec \uc0ac\uc6a9\uc790 \uacbd\ud5d8\uc744 \uac1c\uc778\ud654\ud560 \uc218 \uc788\uc2b5\ub2c8\ub2e4.<\/p><p><strong>2. \ucfe0\ud0a4\uc758 \uc0ac\uc6a9 \ubaa9\uc801<\/strong><\/p><p>Hostragons\ub294 \ub2e4\uc74c\uacfc \uac19\uc740 \ubaa9\uc801\uc744 \uc704\ud574 \ucfe0\ud0a4\ub97c \uc0ac\uc6a9\ud569\ub2c8\ub2e4.<\/p><ul><li class=\"translation-block\"><strong>\ud544\uc218 \ucfe0\ud0a4:<\/strong> \uc0ac\uc774\ud2b8\uac00 \uae30\ubcf8 \uae30\ub2a5\uc744 \uc218\ud589\ud558\ub294 \ub370 \ud544\uc694\ud569\ub2c8\ub2e4.<\/li><li><strong>\uc131\ub2a5 \ucfe0\ud0a4:<\/strong> \uc0ac\uc774\ud2b8 \uc131\ub2a5\uc744 \ubaa8\ub2c8\ud130\ub9c1\ud558\uace0 \uac1c\uc120\ud558\ub294 \ub370 \uc0ac\uc6a9\ub429\ub2c8\ub2e4.<\/li><li class=\"translation-block\"><strong>\uae30\ub2a5 \ucfe0\ud0a4:<\/strong> \uc0ac\uc6a9\uc790 \uae30\ubcf8 \uc124\uc815\uc744 \uae30\uc5b5\ud558\uc5ec \uac1c\uc778\ud654\ub41c \uacbd\ud5d8\uc744 \uc81c\uacf5\ud569\ub2c8\ub2e4.<\/li><li class=\"translation-block\"><strong>\uad11\uace0 \ubc0f \ub9c8\ucf00\ud305 \ucfe0\ud0a4:<\/strong> \uadc0\ud558\uc758 \uad00\uc2ec\uc0ac\uc5d0 \ub9de\ub294 \ucf58\ud150\uce20\uc640 \uad11\uace0\ub97c \uc81c\uacf5\ud558\ub294 \ub370 \uc0ac\uc6a9\ub429\ub2c8\ub2e4.<\/li><\/ul><p><strong>3. \uc81c3\uc790 \ucfe0\ud0a4<\/strong><\/p><p>\ub2f9\uc0ac \uc0ac\uc774\ud2b8\uc758 \uc77c\ubd80 \ucfe0\ud0a4\ub294 \uc81c3\uc790 \uc11c\ube44\uc2a4 \uc81c\uacf5\uc5c5\uccb4\uc5d0 \uc758\ud574 \uad00\ub9ac\ub429\ub2c8\ub2e4. \uc774\ub7ec\ud55c \ucfe0\ud0a4\ub294 \uad11\uace0 \ubc0f \ubd84\uc11d \uc11c\ube44\uc2a4\uc5d0 \uc0ac\uc6a9\ub418\uba70 \uc81c3\uc790\uc758 \uc790\uccb4 \uac1c\uc778\uc815\ubcf4 \ubcf4\ud638\uc815\ucc45\uc774 \uc801\uc6a9\ub429\ub2c8\ub2e4. \uc81c3\uc790 \ucfe0\ud0a4 \uc0ac\uc6a9\uc5d0 \ub300\ud55c \uc790\uc138\ud55c \ub0b4\uc6a9\uc740 \ud574\ub2f9 \uc11c\ube44\uc2a4 \uc81c\uacf5\uc5c5\uccb4\uc758 \uac1c\uc778\uc815\ubcf4 \ubcf4\ud638\uc815\ucc45\uc744 \uac80\ud1a0\ud558\ub294 \uac83\uc774 \uc88b\uc2b5\ub2c8\ub2e4.<\/p><p><strong>4. \ucfe0\ud0a4 \uad00\ub9ac \ubc0f \uc0ad\uc81c<\/strong><\/p><p>\uadc0\ud558\ub294 \ube0c\ub77c\uc6b0\uc800 \uc124\uc815\uc744 \ud1b5\ud574 \ucfe0\ud0a4\ub97c \uad00\ub9ac, \uc218\ub77d \ub610\ub294 \uac70\ubd80\ud560 \uc218 \uc788\uc2b5\ub2c8\ub2e4. \ub610\ud55c, \uc774\uc804\uc5d0 \ube0c\ub77c\uc6b0\uc800\uc5d0 \uc800\uc7a5\ud55c \ucfe0\ud0a4\ub97c \uc0ad\uc81c\ud560 \uc218\ub3c4 \uc788\uc2b5\ub2c8\ub2e4. \ucfe0\ud0a4 \uad00\ub9ac \ubc29\ubc95\uc5d0 \ub300\ud55c \uc790\uc138\ud55c \ub0b4\uc6a9\uc740 \uadc0\ud558\uac00 \uc0ac\uc6a9\ud558\ub294 \ube0c\ub77c\uc6b0\uc800\uc5d0 \ud574\ub2f9\ud558\ub294 \uc9c0\uce68\uc744 \ucc38\uc870\ud558\uc138\uc694.<\/p><ul><li><a target=\"_new\" rel=\"noreferrer\">\uad6c\uae00 \ud06c\ub86c<\/a><\/li><li><a href=\"https:\/\/support.mozilla.org\/tr\/kb\/cerezleri-silme\" target=\"_new\" rel=\"noreferrer noopener\">\ubaa8\uc9c8\ub77c \ud30c\uc774\uc5b4\ud3ed\uc2a4<\/a><\/li><li><a href=\"https:\/\/support.apple.com\/tr-tr\/guide\/safari\/sfri11471\/mac\" target=\"_new\" rel=\"noreferrer noopener\">\uc6d0\uc815 \uc5ec\ud589<\/a><\/li><li><a href=\"https:\/\/support.microsoft.com\/tr-tr\/help\/4027947\/microsoft-edge-delete-cookies\" target=\"_new\" rel=\"noreferrer noopener\">\ub9c8\uc774\ud06c\ub85c\uc18c\ud504\ud2b8 \uc5e3\uc9c0<\/a><\/li><\/ul><p class=\"translation-block\">5. \ucfe0\ud0a4 \uc815\ucc45 \ubcc0\uacbd<\/p><p>Hostragons\ub294 \ucfe0\ud0a4 \uc815\ucc45\uc744 \ubcc0\uacbd\ud560 \uad8c\ub9ac\ub97c \ubcf4\uc720\ud569\ub2c8\ub2e4. \uc815\ucc45\uc5d0 \ub300\ud55c \ubaa8\ub4e0 \ubcc0\uacbd \uc0ac\ud56d\uc740 \uc774 \ud398\uc774\uc9c0\uc5d0 \uc5c5\ub370\uc774\ud2b8\ub418\uc5b4 \ubc1c\ud6a8\ub429\ub2c8\ub2e4. \uc0ac\uc6a9\uc790\ub294 \uc774 \ud398\uc774\uc9c0\ub97c \uc815\uae30\uc801\uc73c\ub85c \ud655\uc778\ud558\uc5ec \ubcc0\uacbd \uc0ac\ud56d\uc5d0 \ub300\ud55c \ucd5c\uc2e0 \uc815\ubcf4\ub97c \ubc1b\ub294 \uac83\uc774 \uc88b\uc2b5\ub2c8\ub2e4.<\/p><p><strong>6. \uc758\uc0ac\uc18c\ud1b5<\/strong><\/p><p>\ubcf8 \ucfe0\ud0a4 \uc815\ucc45\uc5d0 \ub300\ud55c \uc9c8\ubb38\uc774 \uc788\ub294 \uacbd\uc6b0 <a rel=\"noreferrer\">hello@hostragons.com<\/a> \ub2e4\uc74c \uc8fc\uc18c\ub85c \ubb38\uc758\ud558\uc2e4 \uc218 \uc788\uc2b5\ub2c8\ub2e4.<\/p>\t\t\t\t\t\t\t\t<\/div>\n\t\t\t\t<\/div>\n\t\t\t\t\t<\/div>\n\t\t<\/div>\n\t\t\t\t\t<\/div>\n\t\t<\/section>\n\t\t\t\t<\/div>","protected":false},"excerpt":{"rendered":"<p>Y\u00fcr\u00fcrl\u00fck\/G\u00fcncelleme Tarihi: 05.08.2024 1. \u00c7erez (Cookie) Nedir? \u00c7erezler, web siteleri taraf\u0131ndan taray\u0131c\u0131n\u0131za g\u00f6nderilen ve cihaz\u0131n\u0131zda depolanan k\u00fc\u00e7\u00fck veri dosyalar\u0131d\u0131r. Bu dosyalar, siteyi tekrar ziyaret etti\u011finizde taray\u0131c\u0131n\u0131z\u0131n web sitesini tan\u0131mas\u0131n\u0131 sa\u011flar ve \u00f6nceki ziyaretlerinizdeki tercihlerinizi hat\u0131rlayarak kullan\u0131c\u0131 deneyiminizi ki\u015fiselle\u015ftirir. 2. \u00c7erezlerin Kullan\u0131m Ama\u00e7lar\u0131 Hostragons, a\u015fa\u011f\u0131daki ama\u00e7lar do\u011frultusunda \u00e7erezleri kullan\u0131r: Zorunlu \u00c7erezler: Sitenin temel i\u015flevlerini yerine getirebilmesi [&hellip;]<\/p>\n","protected":false},"author":94,"featured_media":7852,"parent":0,"menu_order":0,"comment_status":"closed","ping_status":"closed","template":"","meta":{"googlesitekit_rrm_CAow5YvFDA:productID":"","footnotes":""},"class_list":["post-2358","page","type-page","status-publish","has-post-thumbnail","hentry"],"_links":{"self":[{"href":"https:\/\/www.hostragons.com\/ko\/wp-json\/wp\/v2\/pages\/2358","targetHints":{"allow":["GET"]}}],"collection":[{"href":"https:\/\/www.hostragons.com\/ko\/wp-json\/wp\/v2\/pages"}],"about":[{"href":"https:\/\/www.hostragons.com\/ko\/wp-json\/wp\/v2\/types\/page"}],"author":[{"embeddable":true,"href":"https:\/\/www.hostragons.com\/ko\/wp-json\/wp\/v2\/users\/94"}],"replies":[{"embeddable":true,"href":"https:\/\/www.hostragons.com\/ko\/wp-json\/wp\/v2\/comments?post=2358"}],"version-history":[{"count":0,"href":"https:\/\/www.hostragons.com\/ko\/wp-json\/wp\/v2\/pages\/2358\/revisions"}],"wp:featuredmedia":[{"embeddable":true,"href":"https:\/\/www.hostragons.com\/ko\/wp-json\/wp\/v2\/media\/7852"}],"wp:attachment":[{"href":"https:\/\/www.hostragons.com\/ko\/wp-json\/wp\/v2\/media?parent=2358"}],"curies":[{"name":"\uc6cc\ub4dc\ud504\ub808\uc2a4","href":"https:\/\/api.w.org\/{rel}","templated":true}]}}