{"id":2031,"date":"2020-09-08T16:09:39","date_gmt":"2020-09-08T13:09:39","guid":{"rendered":"https:\/\/www.hostragons.com\/?page_id=2031"},"modified":"2024-09-26T17:52:04","modified_gmt":"2024-09-26T14:52:04","slug":"%ea%b0%9c%ec%9d%b8-%ec%a0%95%eb%b3%b4-%eb%b3%b4%ed%98%b8-%ec%a0%95%ec%b1%85","status":"publish","type":"page","link":"https:\/\/www.hostragons.com\/ko\/%ea%b0%9c%ec%9d%b8-%ec%a0%95%eb%b3%b4-%eb%b3%b4%ed%98%b8-%ec%a0%95%ec%b1%85\/","title":{"rendered":"\uac1c\uc778 \uc815\ubcf4 \ubcf4\ud638 \uc815\ucc45"},"content":{"rendered":"<div data-elementor-type=\"wp-page\" data-elementor-id=\"2031\" class=\"elementor elementor-2031\" data-elementor-post-type=\"page\">\n\t\t\t\t\t\t<section class=\"elementor-section elementor-top-section elementor-element elementor-element-91e4b54 elementor-section-boxed elementor-section-height-default elementor-section-height-default\" data-id=\"91e4b54\" data-element_type=\"section\" data-e-type=\"section\">\n\t\t\t\t\t\t<div class=\"elementor-container elementor-column-gap-default\">\n\t\t\t\t\t<div class=\"elementor-column elementor-col-100 elementor-top-column elementor-element elementor-element-0774a31\" data-id=\"0774a31\" data-element_type=\"column\" data-e-type=\"column\">\n\t\t\t<div class=\"elementor-widget-wrap elementor-element-populated\">\n\t\t\t\t\t\t<div class=\"elementor-element elementor-element-830efa2 elementor-widget elementor-widget-text-editor\" data-id=\"830efa2\" data-element_type=\"widget\" data-e-type=\"widget\" data-widget_type=\"text-editor.default\">\n\t\t\t\t<div class=\"elementor-widget-container\">\n\t\t\t\t\t\t\t\t\t<p><strong>\ubc1c\ud6a8\/\uc5c5\ub370\uc774\ud2b8 \ub0a0\uc9dc: 2024\ub144 8\uc6d4 5\uc77c<\/strong><\/p><p><strong>1. \uc18c\uac1c<\/strong><\/p><p>Hostragons Global Limited(\u201cHostragons\u201d)\ub294 \uc0ac\uc6a9\uc790\uc758 \uac1c\uc778\uc815\ubcf4 \ubcf4\ud638\uc640 \uac1c\uc778 \ub370\uc774\ud130 \ubcf4\ud638\ub97c \uc911\uc694\ud558\uac8c \uc0dd\uac01\ud569\ub2c8\ub2e4. \ubcf8 \uac1c\uc778\uc815\ubcf4 \ubcf4\ud638 \ubc0f GDPR \uaddc\uc815 \uc900\uc218 \uc815\ucc45\uc740 GDPR\uc5d0 \ub530\ub77c \uac1c\uc778 \ub370\uc774\ud130\ub97c \uc218\uc9d1, \uc0ac\uc6a9, \ubcf4\ud638 \ubc0f \uad00\ub9ac\ud558\ub294 \ubc29\ubc95\uc744 \uc124\uba85\ud569\ub2c8\ub2e4. \ub2f9\uc0ac \uc6f9\uc0ac\uc774\ud2b8\uc640 \uc11c\ube44\uc2a4\ub97c \uc774\uc6a9\ud568\uc73c\ub85c\uc368 \uadc0\ud558\ub294 \ubcf8 \uc815\ucc45\uc5d0 \ub3d9\uc758\ud55c \uac83\uc73c\ub85c \uac04\uc8fc\ub429\ub2c8\ub2e4.<\/p><p><strong>2. \ub370\uc774\ud130 \uad00\ub9ac\uc790 \ubc0f \ub300\ub9ac\uc778<\/strong><\/p><p>Hostragons\ub294 \uadc0\ud558\uc758 \uac1c\uc778\uc815\ubcf4 \ubcf4\ud638\ub97c \ub2f4\ub2f9\ud558\ub294 \ub370\uc774\ud130 \ucee8\ud2b8\ub864\ub7ec\uc785\ub2c8\ub2e4. \uc720\ub7fd\uc5f0\ud569 \ub0b4 \ub2f9\uc0ac \ub300\ud45c:<\/p><ul><li><strong>\ub370\uc774\ud130 \ubcf4\ud638 \ub2f4\ub2f9\uc790:<\/strong> \ud018\ubca1 \uac1c\uc778\uc815\ubcf4 \ubcf4\ud638\ubc95.<\/li><\/ul><p><strong>3. \ub370\uc774\ud130 \ucc98\ub9ac\uc758 \uae30\ubcf8 \uc6d0\uce59<\/strong><\/p><p>Hostragons\uc5d0\uc11c\ub294 GDPR\uc758 \uc694\uad6c \uc0ac\ud56d\uc5d0 \ub530\ub77c \ub2e4\uc74c \uae30\ubcf8 \uc6d0\uce59\uc744 \uc900\uc218\ud569\ub2c8\ub2e4.<\/p><ul><li class=\"translation-block\"><strong>\ud22c\uba85\uc131:<\/strong> \ub2f9\uc0ac\ub294 \uadc0\ud558\uc758 \uac1c\uc778 \ub370\uc774\ud130\ub97c \uc218\uc9d1\ud558\uace0 \ucc98\ub9ac\ud558\ub294 \ubc29\ubc95\uc744 \uba85\ud655\ud558\uac8c \uba85\uc2dc\ud569\ub2c8\ub2e4.<\/li><li class=\"translation-block\"><strong>\uc815\ud655\uc131:<\/strong> \uc6b0\ub9ac\ub294 \uadc0\ud558\uc758 \ub370\uc774\ud130\ub97c \uc815\ud655\ud558\uace0 \ucd5c\uc2e0 \uc0c1\ud0dc\ub85c \uc720\uc9c0\ud569\ub2c8\ub2e4.<\/li><li class=\"translation-block\"><strong>\ucd5c\uc18c\ud654:<\/strong> \uaf2d \ud544\uc694\ud55c \ub370\uc774\ud130\ub9cc \uc218\uc9d1\ud558\uace0 \ucc98\ub9ac\ud569\ub2c8\ub2e4.<\/li><li class=\"translation-block\"><strong>\ubcf4\uad00 \uc81c\ud55c:<\/strong> \ub2f9\uc0ac\ub294 \ud544\uc694\ud55c \uae30\uac04 \ub3d9\uc548\ub9cc \uadc0\ud558\uc758 \ub370\uc774\ud130\ub97c \ubcf4\uad00\ud569\ub2c8\ub2e4.<\/li><\/ul><p><strong>4. \uc218\uc9d1\ud558\ub294 \uc815\ubcf4<\/strong><\/p><p>Hostragons\ub294 \ub2e4\uc74c\uacfc \uac19\uc740 \uac1c\uc778\uc815\ubcf4\ub97c \uc218\uc9d1\ud569\ub2c8\ub2e4.<\/p><ul><li class=\"translation-block\"><strong>\uc2e0\uc6d0 \uc815\ubcf4:<\/strong> \uc774\ub984, \uc131, \uc8fc\uc18c, \uc804\ud654\ubc88\ud638, \uc774\uba54\uc77c \uc8fc\uc18c.<\/li><li class=\"translation-block\"><strong>\uacb0\uc81c \uc815\ubcf4:<\/strong> \uc2e0\uc6a9\uce74\ub4dc \uc815\ubcf4 \ubc0f \uacb0\uc81c \uc138\ubd80\uc815\ubcf4\uc785\ub2c8\ub2e4.<\/li><li class=\"translation-block\"><strong>\uae30\uc220 \ub370\uc774\ud130:<\/strong> IP \uc8fc\uc18c, \ube0c\ub77c\uc6b0\uc800 \uc720\ud615, \uc6b4\uc601 \uccb4\uc81c.<\/li><li class=\"translation-block\"><strong>\uc0ac\uc6a9\uc790 \ud589\ub3d9:<\/strong> \uc0ac\uc6a9\uc790 \uc120\ud638\ub3c4, \uc0ac\uc774\ud2b8\uc5d0\uc11c\uc758 \uc6c0\uc9c1\uc784.<\/li><\/ul><p><strong>5. \uac1c\uc778\uc815\ubcf4\uc758 \uc774\uc6a9<\/strong><\/p><p>\uc218\uc9d1\ub41c \uac1c\uc778\uc815\ubcf4\ub294 \ub2e4\uc74c\uc758 \ubaa9\uc801\uc744 \uc704\ud574 \uc0ac\uc6a9\ub429\ub2c8\ub2e4.<\/p><ul><li>\uc11c\ube44\uc2a4\ub97c \uc81c\uacf5\ud558\uace0 \uad00\ub9ac\ud569\ub2c8\ub2e4.<\/li><li>\uace0\uac1d \uc9c0\uc6d0 \uc11c\ube44\uc2a4 \ubc0f \ucee4\ubba4\ub2c8\ucf00\uc774\uc158.<\/li><li>\uc1a1\uc7a5 \uac70\ub798 \ubc0f \ubc95\ub960 \ubb38\uc11c \uc900\ube44.<\/li><li>\uc6f9\uc0ac\uc774\ud2b8 \uc131\ub2a5 \ubc0f \uc0ac\uc6a9\uc790 \uacbd\ud5d8\uc744 \uac1c\uc120\ud569\ub2c8\ub2e4.<\/li><li>\ubc95\uc801 \uc758\ubb34\ub97c \uc900\uc218\ud558\uace0 \uad8c\ub9ac\ub97c \ubcf4\ud638\ud569\ub2c8\ub2e4.<\/li><li>\ub9c8\ucf00\ud305 \ubc0f \ud310\ucd09 \ud65c\ub3d9.<\/li><\/ul><p><strong>6. \uac1c\uc778\uc815\ubcf4\uc758 \ubcf4\uad00\uae30\uac04<\/strong><\/p><p>\ub2f9\uc0ac\ub294 \uadc0\ud558\uc758 \uac1c\uc778\uc815\ubcf4\ub97c \ucc98\ub9ac \ubaa9\uc801\uc5d0 \ud544\uc694\ud55c \uae30\uac04 \ub3d9\uc548\ub9cc \ubcf4\uad00\ud569\ub2c8\ub2e4. \uadc0\ud558\ub294 \ub2f9\uc0ac\uc5d0 \uc5f0\ub77d\ud558\uc5ec \ub2f9\uc0ac\uac00 \uadc0\ud558\uc758 \ub370\uc774\ud130\ub97c \ubcf4\uad00\ud558\ub294 \uae30\uac04\uacfc \uc774 \uae30\uac04\uc774 \uc5b4\ub5bb\uac8c \uacb0\uc815\ub418\ub294\uc9c0\uc5d0 \ub300\ud55c \uc815\ubcf4\ub97c \uc5bb\uc744 \uc218 \uc788\uc2b5\ub2c8\ub2e4.<\/p><p><strong>7. \uacb0\uc81c\uc815\ubcf4 \ubc0f \ubcf4\uc548<\/strong><\/p><ul><li>\uadc0\ud558\uc758 \uc2e0\uc6a9 \uce74\ub4dc \ubc0f \uacb0\uc81c \uc815\ubcf4\ub294 256\ube44\ud2b8 SSL \uc778\uc99d\uc11c\uc640 \uac19\uc740 \ubcf4\uc548 \uc218\ub2e8\uc73c\ub85c \ubcf4\ud638\ub429\ub2c8\ub2e4.<\/li><li>\uadc0\ud558\uc758 \uce74\ub4dc \uc815\ubcf4\ub294 \uc554\ud638\ud654\ub418\uc5b4 \uc804\uc1a1\ub418\uba70 Hostragons\uc5d0 \uc800\uc7a5\ub418\uc9c0 \uc54a\uc2b5\ub2c8\ub2e4.<\/li><li>\ucd94\uac00 \ubcf4\uc548 \ub3c4\uad6c\ub97c \uc0ac\uc6a9\ud558\uc5ec \uc545\uc131 \ucf54\ub4dc\uc5d0 \ub300\ud55c \uc608\ubc29 \uc870\uce58\ub97c \ucde8\ud569\ub2c8\ub2e4.<\/li><\/ul><p><strong>8. \ucfe0\ud0a4 \ubc0f \ucd94\uc801 \uae30\uc220<\/strong><\/p><p class=\"translation-block\">\ub2f9\uc0ac \uc6f9\uc0ac\uc774\ud2b8\ub294 \uc0ac\uc6a9\uc790 \uacbd\ud5d8\uc744 \uac1c\uc120\ud558\uace0 \ub2f9\uc0ac \uc6f9\uc0ac\uc774\ud2b8\uac00 \uc5b4\ub5bb\uac8c \uc0ac\uc6a9\ub418\ub294\uc9c0 \uc774\ud574\ud558\uae30 \uc704\ud574 \ucfe0\ud0a4 \ubc0f \ucd94\uc801 \uae30\uc220\uc744 \uc0ac\uc6a9\ud569\ub2c8\ub2e4. \ucfe0\ud0a4\uc5d0 \ub300\ud55c \uc790\uc138\ud55c \ub0b4\uc6a9\uacfc \ucfe0\ud0a4 \uad00\ub9ac \ubc29\ubc95\uc740 <a href=\"https:\/\/www.hostragons.com\/ko\/%ec%bf%a0%ed%82%a4-%ec%a0%95%ec%b1%85\/\" target=\"_new\" rel=\"noreferrer\">\ub2f9\uc0ac\uc758 \ucfe0\ud0a4 \uc815\ucc45<\/a> \ud398\uc774\uc9c0\uc5d0\uc11c \ud655\uc778\ud560 \uc218 \uc788\uc2b5\ub2c8\ub2e4.<\/p><p><strong>9. \uac1c\uc778\uc815\ubcf4\uc758 \uacf5\uc720<\/strong><\/p><ul><li>\uadc0\ud558\uc758 \uac1c\uc778 \ub370\uc774\ud130\ub294 \ub2f9\uc0ac\uc758 \uc11c\ube44\uc2a4 \uc81c\uacf5\uc744 \uc704\ud574 \ud544\uc694\ud55c \uacbd\uc6b0\uc5d0\ub9cc \uc81c3\uc790\uc640 \uacf5\uc720\ub429\ub2c8\ub2e4.<\/li><li>\ub2f9\uc0ac\ub294 \ubc95\uc801 \uc758\ubb34 \ub610\ub294 \ubc95\uc6d0 \uba85\ub839\uc5d0 \ub530\ub77c \uadc0\ud558\uc758 \ub370\uc774\ud130\ub97c \uacf5\uc720\ud560 \uc218 \uc788\uc2b5\ub2c8\ub2e4.<\/li><li>\uc81c3\uc790\uc640\uc758 \ub370\uc774\ud130 \uacf5\uc720\ub294 \uadc0\ud558\uc758 \ub3d9\uc758\uac00 \uc788\ub294 \uacbd\uc6b0\uc5d0\ub9cc \uc774\ub8e8\uc5b4\uc9d1\ub2c8\ub2e4.<\/li><\/ul><p><strong>10. \uc0ac\uc6a9\uc790 \uad8c\ub9ac<\/strong><\/p><p>GDPR\uc5d0 \ub530\ub77c \uc0ac\uc6a9\uc790\ub294 \ub2e4\uc74c\uacfc \uac19\uc740 \uad8c\ub9ac\ub97c \uac16\uc2b5\ub2c8\ub2e4.<\/p><ul><li>\uac1c\uc778 \ub370\uc774\ud130\uc5d0 \uc811\uadfc, \uc218\uc815 \ub610\ub294 \uc0ad\uc81c\ud560 \uad8c\ub9ac.<\/li><li>\ub370\uc774\ud130 \ucc98\ub9ac \ubc0f \ub370\uc774\ud130 \uc774\ub3d9\uc131\uc5d0 \ubc18\ub300\ud560 \uad8c\ub9ac.<\/li><li>\uc5b8\uc81c\ub4e0\uc9c0 \ub3d9\uc758\ub97c \ucca0\ud68c\ud560 \uad8c\ub9ac.<\/li><\/ul><p><strong>11. \ub370\uc774\ud130 \ubcf4\ud638 \uc601\ud5a5 \ud3c9\uac00(DPIA)<\/strong><\/p><p>\uace0\uc704\ud5d8 \ub370\uc774\ud130 \ucc98\ub9ac \ud65c\ub3d9\uc5d0 \ub300\ud574 \ub370\uc774\ud130 \ubcf4\ud638 \uc601\ud5a5 \ud3c9\uac00\uac00 \uc218\ud589\ub429\ub2c8\ub2e4. DPIA \ud504\ub85c\uc138\uc2a4\uc5d0 \ub300\ud55c \uc790\uc138\ud55c \ub0b4\uc6a9\uc744 \uc54c\uc544\ubcf4\ub824\uba74 \ub2f9\uc0ac\uc5d0 \ubb38\uc758\ud558\uc138\uc694.<\/p><p><strong>12. \uad6d\uc81c \ub370\uc774\ud130 \uc804\uc1a1<\/strong><\/p><p>\ub2f9\uc0ac\ub294 \uadc0\ud558\uc758 \uac1c\uc778 \ub370\uc774\ud130\ub97c EU \uc678\ubd80\ub85c \uc804\uc1a1\ud560 \ub54c \ud544\uc694\ud55c \ubcf4\ud638 \uc870\uce58\ub97c \ucde8\ud569\ub2c8\ub2e4. \uad6d\uc81c \ub370\uc774\ud130 \uc804\uc1a1\uc5d0 \ub300\ud55c \uc790\uc138\ud55c \ub0b4\uc6a9\uc740 \ub2f9\uc0ac\uc5d0 \ubb38\uc758\ud558\uc138\uc694.<\/p><p><strong>13. \ub370\uc774\ud130 \uc720\ucd9c \uc54c\ub9bc<\/strong><\/p><p>\ub370\uc774\ud130 \uce68\ud574\uac00 \ubc1c\uc0dd\ud55c \uacbd\uc6b0, \ub2f9\uc0ac\ub294 \uad00\ud560 \ub2f9\uad6d\uacfc \uc601\ud5a5\uc744 \ubc1b\uc740 \uac1c\uc778\uc5d0\uac8c \uc989\uc2dc \ud1b5\ubcf4\ud569\ub2c8\ub2e4. \ub370\uc774\ud130 \uc720\ucd9c \uc808\ucc28\uc5d0 \ub300\ud574 \uc790\uc138\ud788 \uc54c\uc544\ubcf4\ub824\uba74 \ub2f9\uc0ac\uc5d0 \ubb38\uc758\ud558\uc138\uc694.<\/p><p><strong>14. \uacc4\uc57d \ubcc0\uacbd<\/strong><\/p><p>\ubcf8 \uc815\ucc45\uc740 \uc218\uc2dc\ub85c \uc5c5\ub370\uc774\ud2b8\ub420 \uc218 \uc788\uc2b5\ub2c8\ub2e4. \ubaa8\ub4e0 \ubcc0\uacbd \uc0ac\ud56d\uc740 \uc774 \ud398\uc774\uc9c0\uc5d0 \uac8c\uc2dc\ub418\uba70 \ubc1c\ud6a8\uc77c\uacfc \ud568\uaed8 \uba85\uc2dc\ub429\ub2c8\ub2e4. \uc0ac\uc6a9\uc790\ub294 \uc774 \ud398\uc774\uc9c0\ub97c \uc815\uae30\uc801\uc73c\ub85c \ud655\uc778\ud558\uc5ec \ubcc0\uacbd \uc0ac\ud56d\uc5d0 \ub300\ud55c \ucd5c\uc2e0 \uc815\ubcf4\ub97c \ud655\uc778\ud558\ub294 \uac83\uc774 \uc88b\uc2b5\ub2c8\ub2e4.<\/p>\t\t\t\t\t\t\t\t<\/div>\n\t\t\t\t<\/div>\n\t\t\t\t\t<\/div>\n\t\t<\/div>\n\t\t\t\t\t<\/div>\n\t\t<\/section>\n\t\t\t\t<\/div>","protected":false},"excerpt":{"rendered":"<p>Y\u00fcr\u00fcrl\u00fck\/G\u00fcncelleme Tarihi: 05.08.2024 1. Giri\u015f Hostragons Global Limited (&#8220;Hostragons&#8221; olarak an\u0131lacakt\u0131r), kullan\u0131c\u0131lar\u0131m\u0131z\u0131n gizlili\u011fini ve ki\u015fisel verilerinin korunmas\u0131n\u0131 ciddiye al\u0131r. Bu Gizlilik ve GDPR Uyum Politikas\u0131, ki\u015fisel verilerin nas\u0131l topland\u0131\u011f\u0131n\u0131, kullan\u0131ld\u0131\u011f\u0131n\u0131, korundu\u011funu ve GDPR kapsam\u0131nda nas\u0131l y\u00f6netildi\u011fini a\u00e7\u0131klar. Web sitemizi ve hizmetlerimizi kullanarak, bu politikay\u0131 kabul etmi\u015f say\u0131l\u0131rs\u0131n\u0131z. 2. Veri Sorumlusu ve Temsilcisi Hostragons, ki\u015fisel verilerinizi [&hellip;]<\/p>\n","protected":false},"author":94,"featured_media":7854,"parent":0,"menu_order":0,"comment_status":"closed","ping_status":"closed","template":"","meta":{"googlesitekit_rrm_CAow5YvFDA:productID":"","footnotes":""},"class_list":["post-2031","page","type-page","status-publish","has-post-thumbnail","hentry"],"_links":{"self":[{"href":"https:\/\/www.hostragons.com\/ko\/wp-json\/wp\/v2\/pages\/2031","targetHints":{"allow":["GET"]}}],"collection":[{"href":"https:\/\/www.hostragons.com\/ko\/wp-json\/wp\/v2\/pages"}],"about":[{"href":"https:\/\/www.hostragons.com\/ko\/wp-json\/wp\/v2\/types\/page"}],"author":[{"embeddable":true,"href":"https:\/\/www.hostragons.com\/ko\/wp-json\/wp\/v2\/users\/94"}],"replies":[{"embeddable":true,"href":"https:\/\/www.hostragons.com\/ko\/wp-json\/wp\/v2\/comments?post=2031"}],"version-history":[{"count":0,"href":"https:\/\/www.hostragons.com\/ko\/wp-json\/wp\/v2\/pages\/2031\/revisions"}],"wp:featuredmedia":[{"embeddable":true,"href":"https:\/\/www.hostragons.com\/ko\/wp-json\/wp\/v2\/media\/7854"}],"wp:attachment":[{"href":"https:\/\/www.hostragons.com\/ko\/wp-json\/wp\/v2\/media?parent=2031"}],"curies":[{"name":"\uc6cc\ub4dc\ud504\ub808\uc2a4","href":"https:\/\/api.w.org\/{rel}","templated":true}]}}