{"id":2016,"date":"2020-09-08T15:47:31","date_gmt":"2020-09-08T12:47:31","guid":{"rendered":"https:\/\/www.hostragons.com\/?page_id=2016"},"modified":"2025-08-28T13:27:26","modified_gmt":"2025-08-28T12:27:26","slug":"%e0%b2%b8%e0%b2%82%e0%b2%b5%e0%b2%b9%e0%b2%a8","status":"publish","type":"page","link":"https:\/\/www.hostragons.com\/kn\/%e0%b2%b8%e0%b2%82%e0%b2%b5%e0%b2%b9%e0%b2%a8\/","title":{"rendered":"\u0cb8\u0c82\u0cb5\u0cb9\u0ca8"},"content":{"rendered":"\t\t<div data-elementor-type=\"wp-page\" data-elementor-id=\"2016\" class=\"elementor elementor-2016\" data-elementor-post-type=\"page\">\n\t\t\t\t\t\t<section class=\"elementor-section elementor-top-section elementor-element elementor-element-5297b48b elementor-section-height-min-height elementor-section-items-stretch elementor-section-boxed elementor-section-height-default\" data-id=\"5297b48b\" data-element_type=\"section\" data-e-type=\"section\" data-settings=\"{&quot;background_background&quot;:&quot;classic&quot;}\">\n\t\t\t\t\t\t<div class=\"elementor-container elementor-column-gap-default\">\n\t\t\t\t\t<div class=\"elementor-column elementor-col-50 elementor-top-column elementor-element elementor-element-1aced888\" data-id=\"1aced888\" data-element_type=\"column\" data-e-type=\"column\">\n\t\t\t<div class=\"elementor-widget-wrap elementor-element-populated\">\n\t\t\t\t\t\t<div class=\"elementor-element elementor-element-511095d3 elementor-widget elementor-widget-heading\" data-id=\"511095d3\" data-element_type=\"widget\" data-e-type=\"widget\" data-widget_type=\"heading.default\">\n\t\t\t\t<div class=\"elementor-widget-container\">\n\t\t\t\t\t<h3 class=\"elementor-heading-title elementor-size-default\">\u015euan \u00e7ok daha yak\u0131n hissediyorum, San\u0131r\u0131m kar\u015f\u0131mdas\u0131n...<\/h3>\t\t\t\t<\/div>\n\t\t\t\t<\/div>\n\t\t\t\t<div class=\"elementor-element elementor-element-7a8684c elementor-widget elementor-widget-heading\" data-id=\"7a8684c\" data-element_type=\"widget\" data-e-type=\"widget\" data-widget_type=\"heading.default\">\n\t\t\t\t<div class=\"elementor-widget-container\">\n\t\t\t\t\t<h1 class=\"elementor-heading-title elementor-size-default\">DAHA FAZLASI \u0130\u00c7\u0130N<br>B\u0130ZE ULA\u015eIN<\/h1>\t\t\t\t<\/div>\n\t\t\t\t<\/div>\n\t\t\t\t\t<\/div>\n\t\t<\/div>\n\t\t\t\t<div class=\"elementor-column elementor-col-50 elementor-top-column elementor-element elementor-element-6957d86b\" data-id=\"6957d86b\" data-element_type=\"column\" data-e-type=\"column\">\n\t\t\t<div class=\"elementor-widget-wrap elementor-element-populated\">\n\t\t\t\t\t\t<div class=\"elementor-element elementor-element-532ef3a5 elementor-widget elementor-widget-text-editor\" data-id=\"532ef3a5\" data-element_type=\"widget\" data-e-type=\"widget\" data-widget_type=\"text-editor.default\">\n\t\t\t\t<div class=\"elementor-widget-container\">\n\t\t\t\t\t\t\t\t\t<p>Merhaba! \u0130leti\u015fim sayfam\u0131za ho\u015f geldiniz. Sorular\u0131n\u0131z, geri bildirimleriniz veya i\u015f birli\u011fi talepleriniz i\u00e7in bizimle ileti\u015fime ge\u00e7mekten \u00e7ekinmeyin. Size yard\u0131mc\u0131 olmaktan mutluluk duyar\u0131z!<\/p>\t\t\t\t\t\t\t\t<\/div>\n\t\t\t\t<\/div>\n\t\t\t\t\t<\/div>\n\t\t<\/div>\n\t\t\t\t\t<\/div>\n\t\t<\/section>\n\t\t\t\t<section class=\"elementor-section elementor-top-section elementor-element elementor-element-2ab0bad4 elementor-section-boxed elementor-section-height-default elementor-section-height-default\" data-id=\"2ab0bad4\" data-element_type=\"section\" data-e-type=\"section\">\n\t\t\t\t\t\t<div class=\"elementor-container elementor-column-gap-default\">\n\t\t\t\t\t<div class=\"elementor-column elementor-col-100 elementor-top-column elementor-element elementor-element-558f5464\" data-id=\"558f5464\" data-element_type=\"column\" data-e-type=\"column\">\n\t\t\t<div class=\"elementor-widget-wrap elementor-element-populated\">\n\t\t\t\t\t\t<section class=\"elementor-section elementor-inner-section elementor-element elementor-element-18afa4d0 elementor-section-boxed elementor-section-height-default elementor-section-height-default\" data-id=\"18afa4d0\" data-element_type=\"section\" data-e-type=\"section\">\n\t\t\t\t\t\t<div class=\"elementor-container elementor-column-gap-default\">\n\t\t\t\t\t<div class=\"elementor-column elementor-col-100 elementor-inner-column elementor-element elementor-element-9f1e5f3\" data-id=\"9f1e5f3\" data-element_type=\"column\" data-e-type=\"column\">\n\t\t\t<div class=\"elementor-widget-wrap elementor-element-populated\">\n\t\t\t\t\t\t<div class=\"elementor-element elementor-element-1deb8d30 elementor-widget elementor-widget-heading\" data-id=\"1deb8d30\" data-element_type=\"widget\" data-e-type=\"widget\" data-widget_type=\"heading.default\">\n\t\t\t\t<div class=\"elementor-widget-container\">\n\t\t\t\t\t<h3 class=\"elementor-heading-title elementor-size-default\">akl\u0131n\u0131za tak\u0131lan her \u015fey i\u00e7in bizimle ileti\u015fime ge\u00e7mekten \u00e7ekinmeyin<\/h3>\t\t\t\t<\/div>\n\t\t\t\t<\/div>\n\t\t\t\t<div class=\"elementor-element elementor-element-1f1281f8 elementor-widget elementor-widget-heading\" data-id=\"1f1281f8\" data-element_type=\"widget\" data-e-type=\"widget\" data-widget_type=\"heading.default\">\n\t\t\t\t<div class=\"elementor-widget-container\">\n\t\t\t\t\t<h2 class=\"elementor-heading-title elementor-size-default\">Daha Fazla Bilgi \u0130\u00e7in Do\u011frudan Bizimle \u0130leti\u015fime Ge\u00e7in veya A\u015fa\u011f\u0131ya Bir Mesaj B\u0131rak\u0131n, En K\u0131sa S\u00fcrede Size Geri D\u00f6nelim<\/h2>\t\t\t\t<\/div>\n\t\t\t\t<\/div>\n\t\t\t\t\t<\/div>\n\t\t<\/div>\n\t\t\t\t\t<\/div>\n\t\t<\/section>\n\t\t\t\t<section class=\"elementor-section elementor-inner-section elementor-element elementor-element-5d81db0e elementor-section-boxed elementor-section-height-default elementor-section-height-default\" data-id=\"5d81db0e\" data-element_type=\"section\" data-e-type=\"section\">\n\t\t\t\t\t\t<div class=\"elementor-container elementor-column-gap-default\">\n\t\t\t\t\t<div class=\"elementor-column elementor-col-25 elementor-inner-column elementor-element elementor-element-43297ba3\" data-id=\"43297ba3\" data-element_type=\"column\" data-e-type=\"column\">\n\t\t\t<div class=\"elementor-widget-wrap elementor-element-populated\">\n\t\t\t\t\t\t<div class=\"elementor-element elementor-element-6a685ab elementor-widget elementor-widget-heading\" data-id=\"6a685ab\" data-element_type=\"widget\" data-e-type=\"widget\" data-widget_type=\"heading.default\">\n\t\t\t\t<div class=\"elementor-widget-container\">\n\t\t\t\t\t<h3 class=\"elementor-heading-title elementor-size-default\">\u0130leti\u015fim Bilgileri<\/h3>\t\t\t\t<\/div>\n\t\t\t\t<\/div>\n\t\t\t\t<div class=\"elementor-element elementor-element-129319bc elementor-widget elementor-widget-text-editor\" data-id=\"129319bc\" data-element_type=\"widget\" data-e-type=\"widget\" data-widget_type=\"text-editor.default\">\n\t\t\t\t<div class=\"elementor-widget-container\">\n\t\t\t\t\t\t\t\t\t<p><img loading=\"lazy\" decoding=\"async\" class=\"alignnone wp-image-7220\" src=\"https:\/\/www.hostragons.com\/wp-content\/uploads\/2024\/08\/telephone-60.png\" alt=\"\" width=\"24\" height=\"24\" title=\"\" srcset=\"https:\/\/www.hostragons.com\/wp-content\/uploads\/2024\/08\/telephone-60.png 512w, https:\/\/www.hostragons.com\/wp-content\/uploads\/2024\/08\/telephone-60-150x150.png 150w\" sizes=\"auto, (max-width: 24px) 100vw, 24px\" \/><br \/>+44 7367 063425<\/p><p><a href=\"https:\/\/discord.gg\/69nHTu6w\" rel=\"noopener\"><img loading=\"lazy\" decoding=\"async\" class=\"alignnone wp-image-7216\" src=\"https:\/\/www.hostragons.com\/wp-content\/uploads\/2024\/08\/icons8-discord.svg\" alt=\"\" width=\"22\" height=\"22\" title=\"\"><\/a> <a href=\"https:\/\/t.me\/hostragons\"><img loading=\"lazy\" decoding=\"async\" class=\"alignnone wp-image-7217\" src=\"https:\/\/www.hostragons.com\/wp-content\/uploads\/2024\/08\/icons8-telegram.svg\" alt=\"\" width=\"22\" height=\"22\" title=\"\"><\/a>  <a href=\"https:\/\/wa.me\/447367063425\" rel=\"noopener\"><img loading=\"lazy\" decoding=\"async\" class=\"alignnone wp-image-7218\" src=\"https:\/\/www.hostragons.com\/wp-content\/uploads\/2024\/08\/icons8-whatsapp.svg\" alt=\"\" width=\"22\" height=\"22\" title=\"\"><\/a><a href=\"skype:administrator@hostragons.com\"><img loading=\"lazy\" decoding=\"async\" class=\"alignnone wp-image-7219\" src=\"https:\/\/www.hostragons.com\/wp-content\/uploads\/2024\/08\/icons8-skype.svg\" alt=\"\" width=\"22\" height=\"22\" title=\"\"><\/a>\u00a0<img loading=\"lazy\" decoding=\"async\" class=\"alignnone wp-image-7900\" src=\"https:\/\/www.hostragons.com\/wp-content\/uploads\/2024\/09\/microsoft-teams.webp\" alt=\"\" width=\"22\" height=\"20\" title=\"\"><\/p>\t\t\t\t\t\t\t\t<\/div>\n\t\t\t\t<\/div>\n\t\t\t\t\t<\/div>\n\t\t<\/div>\n\t\t\t\t<div class=\"elementor-column elementor-col-25 elementor-inner-column elementor-element elementor-element-44c6a20c\" data-id=\"44c6a20c\" data-element_type=\"column\" data-e-type=\"column\">\n\t\t\t<div class=\"elementor-widget-wrap elementor-element-populated\">\n\t\t\t\t\t\t<div class=\"elementor-element elementor-element-301f89bc elementor-widget elementor-widget-heading\" data-id=\"301f89bc\" data-element_type=\"widget\" data-e-type=\"widget\" data-widget_type=\"heading.default\">\n\t\t\t\t<div class=\"elementor-widget-container\">\n\t\t\t\t\t<h3 class=\"elementor-heading-title elementor-size-default\">E-Mail Adresleri<\/h3>\t\t\t\t<\/div>\n\t\t\t\t<\/div>\n\t\t\t\t<div class=\"elementor-element elementor-element-1f6b0b9c elementor-widget elementor-widget-text-editor\" data-id=\"1f6b0b9c\" data-element_type=\"widget\" data-e-type=\"widget\" data-widget_type=\"text-editor.default\">\n\t\t\t\t<div class=\"elementor-widget-container\">\n\t\t\t\t\t\t\t\t\t<p style=\"font-family: Montserrat, sans-serif; font-size: 16px; color: #848484; font-weight: 300;\">general@hostragons.com<\/p>\n<p style=\"font-family: Montserrat, sans-serif; font-size: 16px; color: #848484; font-weight: 300;\">abuse-contact@hostragons.com<\/p>\t\t\t\t\t\t\t\t<\/div>\n\t\t\t\t<\/div>\n\t\t\t\t\t<\/div>\n\t\t<\/div>\n\t\t\t\t<div class=\"elementor-column elementor-col-25 elementor-inner-column elementor-element elementor-element-6886314a\" data-id=\"6886314a\" data-element_type=\"column\" data-e-type=\"column\">\n\t\t\t<div class=\"elementor-widget-wrap elementor-element-populated\">\n\t\t\t\t\t\t<div class=\"elementor-element elementor-element-763b0832 elementor-widget elementor-widget-heading\" data-id=\"763b0832\" data-element_type=\"widget\" data-e-type=\"widget\" data-widget_type=\"heading.default\">\n\t\t\t\t<div class=\"elementor-widget-container\">\n\t\t\t\t\t<h3 class=\"elementor-heading-title elementor-size-default\">Adres<\/h3>\t\t\t\t<\/div>\n\t\t\t\t<\/div>\n\t\t\t\t<div class=\"elementor-element elementor-element-77991d7a elementor-widget elementor-widget-text-editor\" data-id=\"77991d7a\" data-element_type=\"widget\" data-e-type=\"widget\" data-widget_type=\"text-editor.default\">\n\t\t\t\t<div class=\"elementor-widget-container\">\n\t\t\t\t\t\t\t\t\t<p class=\"p1\"><span class=\"s1\">71-75 Shelton Street, Covent Garden\n<\/br>\n<\/span><span class=\"s1\">London, United Kingdom, WC2H 9JQ <\/span><\/p>\t\t\t\t\t\t\t\t<\/div>\n\t\t\t\t<\/div>\n\t\t\t\t\t<\/div>\n\t\t<\/div>\n\t\t\t\t<div class=\"elementor-column elementor-col-25 elementor-inner-column elementor-element elementor-element-58e0b210\" data-id=\"58e0b210\" data-element_type=\"column\" data-e-type=\"column\">\n\t\t\t<div class=\"elementor-widget-wrap elementor-element-populated\">\n\t\t\t\t\t\t<div class=\"elementor-element elementor-element-28bc8000 elementor-widget elementor-widget-heading\" data-id=\"28bc8000\" data-element_type=\"widget\" data-e-type=\"widget\" data-widget_type=\"heading.default\">\n\t\t\t\t<div class=\"elementor-widget-container\">\n\t\t\t\t\t<h3 class=\"elementor-heading-title elementor-size-default\">\u015eirket Bilgileri<\/h3>\t\t\t\t<\/div>\n\t\t\t\t<\/div>\n\t\t\t\t<div class=\"elementor-element elementor-element-6afcd3f2 elementor-widget elementor-widget-text-editor\" data-id=\"6afcd3f2\" data-element_type=\"widget\" data-e-type=\"widget\" data-widget_type=\"text-editor.default\">\n\t\t\t\t<div class=\"elementor-widget-container\">\n\t\t\t\t\t\t\t\t\t<p>Hostragons Global Limited<\/p><p class=\"p1\">\u015eirket Numaras\u0131 : 14320956<\/p><p>Kurulu\u015f Sertifikas\u0131 : <a href=\"https:\/\/cloud.hostragons.com\/s\/zo8MAfss6PYkzZk\" rel=\"noopener\"><img loading=\"lazy\" decoding=\"async\" class=\"alignnone wp-image-7224\" src=\"https:\/\/www.hostragons.com\/wp-content\/uploads\/2024\/08\/pdf-svgrepo-com.svg\" alt=\"\" width=\"18\" height=\"18\" title=\"\"><\/a><br \/>\u015eirket S\u00f6zle\u015fmesi :\u00a0 <a href=\"https:\/\/cloud.hostragons.com\/s\/549K98WsJZ9AKN8\" rel=\"noopener\"><img loading=\"lazy\" decoding=\"async\" class=\"alignnone wp-image-7224\" src=\"https:\/\/www.hostragons.com\/wp-content\/uploads\/2024\/08\/pdf-svgrepo-com.svg\" alt=\"\" width=\"18\" height=\"18\" title=\"\"><\/a><br \/>Veri Koruma (ICO) : <a href=\"https:\/\/cloud.hostragons.com\/s\/zyAHM8AkiYPo5Sc\" rel=\"noopener\"><img loading=\"lazy\" decoding=\"async\" class=\"alignnone wp-image-7224\" src=\"https:\/\/www.hostragons.com\/wp-content\/uploads\/2024\/08\/pdf-svgrepo-com.svg\" alt=\"\" width=\"18\" height=\"18\" title=\"\"><\/a><\/p>\t\t\t\t\t\t\t\t<\/div>\n\t\t\t\t<\/div>\n\t\t\t\t\t<\/div>\n\t\t<\/div>\n\t\t\t\t\t<\/div>\n\t\t<\/section>\n\t\t\t\t<div class=\"elementor-element elementor-element-5662d792 elementor-widget__width-auto elementor-absolute elementor-view-default elementor-widget elementor-widget-icon\" data-id=\"5662d792\" data-element_type=\"widget\" data-e-type=\"widget\" data-settings=\"{&quot;_position&quot;:&quot;absolute&quot;}\" data-widget_type=\"icon.default\">\n\t\t\t\t<div class=\"elementor-widget-container\">\n\t\t\t\t\t\t\t<div class=\"elementor-icon-wrapper\">\n\t\t\t<div class=\"elementor-icon\">\n\t\t\t<svg xmlns=\"http:\/\/www.w3.org\/2000\/svg\" id=\"a72f1db4-4b9f-4cbc-ac4c-a54efeaf8336\" data-name=\"Layer 1\" width=\"100\" height=\"100\" viewBox=\"0 0 100 100\"><title>Shape<\/title><path id=\"aecdc5f9-a79f-465f-8b06-186d589ccd57\" data-name=\"Shape\" d=\"M0,100V0H50V50h50v50Z\" style=\"fill-rule:evenodd\"><\/path><\/svg>\t\t\t<\/div>\n\t\t<\/div>\n\t\t\t\t\t\t<\/div>\n\t\t\t\t<\/div>\n\t\t\t\t\t<\/div>\n\t\t<\/div>\n\t\t\t\t\t<\/div>\n\t\t<\/section>\n\t\t\t\t<section class=\"elementor-section elementor-top-section elementor-element elementor-element-4e5d4af3 elementor-section-boxed elementor-section-height-default elementor-section-height-default\" data-id=\"4e5d4af3\" data-element_type=\"section\" data-e-type=\"section\">\n\t\t\t\t\t\t<div class=\"elementor-container elementor-column-gap-default\">\n\t\t\t\t\t<div class=\"elementor-column elementor-col-66 elementor-top-column elementor-element elementor-element-54cdc51f\" data-id=\"54cdc51f\" data-element_type=\"column\" data-e-type=\"column\">\n\t\t\t<div class=\"elementor-widget-wrap elementor-element-populated\">\n\t\t\t\t\t\t<section class=\"elementor-section elementor-inner-section elementor-element elementor-element-4a9273fc elementor-section-height-min-height elementor-section-boxed elementor-section-height-default\" data-id=\"4a9273fc\" data-element_type=\"section\" data-e-type=\"section\">\n\t\t\t\t\t\t<div class=\"elementor-container elementor-column-gap-default\">\n\t\t\t\t\t<div class=\"elementor-column elementor-col-100 elementor-inner-column elementor-element elementor-element-e5ef38d\" data-id=\"e5ef38d\" data-element_type=\"column\" data-e-type=\"column\">\n\t\t\t<div class=\"elementor-widget-wrap elementor-element-populated\">\n\t\t\t\t\t\t<div class=\"elementor-element elementor-element-5a0c87f elementor-widget elementor-widget-wpforms\" data-id=\"5a0c87f\" data-element_type=\"widget\" data-e-type=\"widget\" data-widget_type=\"wpforms.default\">\n\t\t\t\t<div class=\"elementor-widget-container\">\n\t\t\t\t\t<div class=\"wpforms-container wpforms-container-full wpforms-render-modern\" id=\"wpforms-7179\"><form id=\"wpforms-form-7179\" class=\"wpforms-validate wpforms-form wpforms-ajax-form\" data-formid=\"7179\" method=\"post\" enctype=\"multipart\/form-data\" action=\"\/kn\/wp-json\/wp\/v2\/pages\/2016\" data-token=\"03e23f2d7fd11050650f99d744f554ef\" data-token-time=\"1778056765\"><noscript class=\"wpforms-error-noscript\">Please enable JavaScript in your browser to complete this form.<\/noscript><div id=\"wpforms-error-noscript\" style=\"display: none;\">Please enable JavaScript in your browser to complete this form.<\/div><div class=\"wpforms-field-container\"><div id=\"wpforms-7179-field_1-container\" class=\"wpforms-field wpforms-field-name\" data-field-id=\"1\"><fieldset><legend class=\"wpforms-field-label\">\u0130sminiz <span class=\"wpforms-required-label\" aria-hidden=\"true\">*<\/span><\/legend><div class=\"wpforms-field-row wpforms-field-medium\"><div class=\"wpforms-field-row-block wpforms-first wpforms-one-half\"><input type=\"text\" id=\"wpforms-7179-field_1\" class=\"wpforms-field-name-first wpforms-field-required\" name=\"wpforms[fields][1][first]\" aria-errormessage=\"wpforms-7179-field_1-error\" required><label for=\"wpforms-7179-field_1\" class=\"wpforms-field-sublabel after\">First<\/label><\/div><div class=\"wpforms-field-row-block wpforms-one-half\"><input type=\"text\" id=\"wpforms-7179-field_1-last\" class=\"wpforms-field-name-last wpforms-field-required\" name=\"wpforms[fields][1][last]\" aria-errormessage=\"wpforms-7179-field_1-last-error\" required><label for=\"wpforms-7179-field_1-last\" class=\"wpforms-field-sublabel after\">Last<\/label><\/div><\/div><\/fieldset><\/div><div id=\"wpforms-7179-field_2-container\" class=\"wpforms-field wpforms-field-email\" data-field-id=\"2\"><label class=\"wpforms-field-label\" for=\"wpforms-7179-field_2\">E-Posta <span class=\"wpforms-required-label\" aria-hidden=\"true\">*<\/span><\/label><input type=\"email\" id=\"wpforms-7179-field_2\" class=\"wpforms-field-medium wpforms-field-required\" name=\"wpforms[fields][2]\" spellcheck=\"false\" aria-errormessage=\"wpforms-7179-field_2-error\" aria-describedby=\"wpforms-7179-field_2-description\" required><div id=\"wpforms-7179-field_2-description\" class=\"wpforms-field-description\">Sizinle ileti\u015fime ge\u00e7ecemiz mail adresinizi iletiniz.<\/div><\/div><div id=\"wpforms-7179-field_4-container\" class=\"wpforms-field wpforms-field-select wpforms-field-select-style-classic\" data-field-id=\"4\"><label class=\"wpforms-field-label\" for=\"wpforms-7179-field_4\">Konu Se\u00e7iniz <span class=\"wpforms-required-label\" aria-hidden=\"true\">*<\/span><\/label><select id=\"wpforms-7179-field_4\" class=\"wpforms-field-small wpforms-field-required\" name=\"wpforms[fields][4]\" required=\"required\"><option value=\"Genel\"  class=\"choice-1 depth-1\"  >Genel<\/option><option value=\"Veri Merkezi\"  class=\"choice-2 depth-1\"  >Veri Merkezi<\/option><option value=\"Bilgi\"  class=\"choice-3 depth-1\"  >Bilgi<\/option><option value=\"\u015eikayet\"  class=\"choice-4 depth-1\"  >\u015eikayet<\/option><option value=\"\u0130stek \/ \u00d6neri\"  class=\"choice-5 depth-1\"  >\u0130stek \/ \u00d6neri<\/option><option value=\"Di\u011fer\"  class=\"choice-6 depth-1\"  >Di\u011fer<\/option><\/select><\/div><div id=\"wpforms-7179-field_3-container\" class=\"wpforms-field wpforms-field-textarea\" data-field-id=\"3\"><label class=\"wpforms-field-label\" for=\"wpforms-7179-field_3\">Mesaj\u0131n\u0131z\u0131 Bize \u0130letiniz <span class=\"wpforms-required-label\" aria-hidden=\"true\">*<\/span><\/label><textarea id=\"wpforms-7179-field_3\" class=\"wpforms-field-medium wpforms-field-required\" name=\"wpforms[fields][3]\" aria-errormessage=\"wpforms-7179-field_3-error\" required><\/textarea><\/div><\/div><!-- .wpforms-field-container --><div class=\"wpforms-recaptcha-container wpforms-is-recaptcha wpforms-is-recaptcha-type-v3\" ><input type=\"hidden\" name=\"wpforms[recaptcha]\" value=\"\"><\/div><div class=\"wpforms-submit-container\" ><input type=\"hidden\" name=\"wpforms[id]\" value=\"7179\"><input type=\"hidden\" name=\"page_title\" value=\"\"><input type=\"hidden\" name=\"page_url\" value=\"https:\/\/www.hostragons.com\/kn\/wp-json\/wp\/v2\/pages\/2016\"><input type=\"hidden\" name=\"url_referer\" value=\"\"><button type=\"submit\" name=\"wpforms[submit]\" id=\"wpforms-submit-7179\" class=\"wpforms-submit\" data-alt-text=\"G\u00f6nderiliyor...\" data-submit-text=\"G\u00f6nder.\" aria-live=\"assertive\" value=\"wpforms-submit\">G\u00f6nder.<\/button><img loading=\"lazy\" decoding=\"async\" src=\"https:\/\/www.hostragons.com\/wp-content\/plugins\/wpforms-lite\/assets\/images\/submit-spin.svg\" class=\"wpforms-submit-spinner\" style=\"display: none;\" width=\"26\" height=\"26\" alt=\"Loading\" title=\"\"><\/div><\/form><\/div>  <!-- .wpforms-container -->\t\t\t\t<\/div>\n\t\t\t\t<\/div>\n\t\t\t\t\t<\/div>\n\t\t<\/div>\n\t\t\t\t\t<\/div>\n\t\t<\/section>\n\t\t\t\t\t<\/div>\n\t\t<\/div>\n\t\t\t\t<div class=\"elementor-column elementor-col-33 elementor-top-column elementor-element elementor-element-91d6e2a\" data-id=\"91d6e2a\" data-element_type=\"column\" data-e-type=\"column\">\n\t\t\t<div class=\"elementor-widget-wrap elementor-element-populated\">\n\t\t\t\t\t\t<div class=\"elementor-element elementor-element-6da93bcc elementor-widget__width-auto elementor-view-default elementor-widget elementor-widget-icon\" data-id=\"6da93bcc\" data-element_type=\"widget\" data-e-type=\"widget\" data-widget_type=\"icon.default\">\n\t\t\t\t<div class=\"elementor-widget-container\">\n\t\t\t\t\t\t\t<div class=\"elementor-icon-wrapper\">\n\t\t\t<div class=\"elementor-icon\">\n\t\t\t<i aria-hidden=\"true\" class=\"fas fa-square-full\"><\/i>\t\t\t<\/div>\n\t\t<\/div>\n\t\t\t\t\t\t<\/div>\n\t\t\t\t<\/div>\n\t\t\t\t<div class=\"elementor-element elementor-element-65402987 elementor-widget elementor-widget-google_maps\" data-id=\"65402987\" data-element_type=\"widget\" data-e-type=\"widget\" data-widget_type=\"google_maps.default\">\n\t\t\t\t<div class=\"elementor-widget-container\">\n\t\t\t\t\t\t\t<div class=\"elementor-custom-embed\">\n\t\t\t<iframe loading=\"lazy\"\n\t\t\t\t\tsrc=\"https:\/\/www.google.com\/maps\/embed\/v1\/place?key=AIzaSyAqkFecmcURcYhUCSqg81eLV2DxjSLXCoU&#038;q=Hostragons%20Global%20Limited&#038;zoom=10\"\n\t\t\t\t\ttitle=\"Hostragons Global Limited\"\n\t\t\t\t\taria-label=\"Hostragons Global Limited\"\n\t\t\t><\/iframe>\n\t\t<\/div>\n\t\t\t\t\t\t<\/div>\n\t\t\t\t<\/div>\n\t\t\t\t<div class=\"elementor-element elementor-element-e073200 elementor-widget__width-auto elementor-view-default elementor-widget elementor-widget-icon\" data-id=\"e073200\" data-element_type=\"widget\" data-e-type=\"widget\" data-widget_type=\"icon.default\">\n\t\t\t\t<div class=\"elementor-widget-container\">\n\t\t\t\t\t\t\t<div class=\"elementor-icon-wrapper\">\n\t\t\t<div class=\"elementor-icon\">\n\t\t\t<i aria-hidden=\"true\" class=\"fas fa-square-full\"><\/i>\t\t\t<\/div>\n\t\t<\/div>\n\t\t\t\t\t\t<\/div>\n\t\t\t\t<\/div>\n\t\t\t\t\t<\/div>\n\t\t<\/div>\n\t\t\t\t\t<\/div>\n\t\t<\/section>\n\t\t\t\t<\/div>\n\t\t","protected":false},"excerpt":{"rendered":"<p> [&hellip;]<\/p>\n","protected":false},"author":94,"featured_media":7898,"parent":0,"menu_order":0,"comment_status":"closed","ping_status":"closed","template":"","meta":{"googlesitekit_rrm_CAow5YvFDA:productID":"","footnotes":""},"class_list":["post-2016","page","type-page","status-publish","has-post-thumbnail","hentry"],"_links":{"self":[{"href":"https:\/\/www.hostragons.com\/kn\/wp-json\/wp\/v2\/pages\/2016","targetHints":{"allow":["GET"]}}],"collection":[{"href":"https:\/\/www.hostragons.com\/kn\/wp-json\/wp\/v2\/pages"}],"about":[{"href":"https:\/\/www.hostragons.com\/kn\/wp-json\/wp\/v2\/types\/page"}],"author":[{"embeddable":true,"href":"https:\/\/www.hostragons.com\/kn\/wp-json\/wp\/v2\/users\/94"}],"replies":[{"embeddable":true,"href":"https:\/\/www.hostragons.com\/kn\/wp-json\/wp\/v2\/comments?post=2016"}],"version-history":[{"count":0,"href":"https:\/\/www.hostragons.com\/kn\/wp-json\/wp\/v2\/pages\/2016\/revisions"}],"wp:featuredmedia":[{"embeddable":true,"href":"https:\/\/www.hostragons.com\/kn\/wp-json\/wp\/v2\/media\/7898"}],"wp:attachment":[{"href":"https:\/\/www.hostragons.com\/kn\/wp-json\/wp\/v2\/media?parent=2016"}],"curies":[{"name":"\u0ca1\u0cac\u0ccd\u0cb2\u0ccd\u0caf\u0cc2\u0caa\u0cbf","href":"https:\/\/api.w.org\/{rel}","templated":true}]}}