{"id":2358,"date":"2020-10-02T08:03:18","date_gmt":"2020-10-02T05:03:18","guid":{"rendered":"https:\/\/www.hostragons.com\/?page_id=2358"},"modified":"2025-03-25T09:07:38","modified_gmt":"2025-03-25T09:07:38","slug":"%e3%82%af%e3%83%83%e3%82%ad%e3%83%bc%e3%83%9d%e3%83%aa%e3%82%b7%e3%83%bc","status":"publish","type":"page","link":"https:\/\/www.hostragons.com\/ja\/%e3%82%af%e3%83%83%e3%82%ad%e3%83%bc%e3%83%9d%e3%83%aa%e3%82%b7%e3%83%bc\/","title":{"rendered":"\u30af\u30c3\u30ad\u30fc\u30dd\u30ea\u30b7\u30fc"},"content":{"rendered":"<div data-elementor-type=\"wp-page\" data-elementor-id=\"2358\" class=\"elementor elementor-2358\" data-elementor-post-type=\"page\">\n\t\t\t\t\t\t<section class=\"elementor-section elementor-top-section elementor-element elementor-element-9da5eda elementor-section-boxed elementor-section-height-default elementor-section-height-default\" data-id=\"9da5eda\" data-element_type=\"section\" data-e-type=\"section\">\n\t\t\t\t\t\t<div class=\"elementor-container elementor-column-gap-default\">\n\t\t\t\t\t<div class=\"elementor-column elementor-col-100 elementor-top-column elementor-element elementor-element-a7228de\" data-id=\"a7228de\" data-element_type=\"column\" data-e-type=\"column\">\n\t\t\t<div class=\"elementor-widget-wrap elementor-element-populated\">\n\t\t\t\t\t\t<div class=\"elementor-element elementor-element-8bde4d6 elementor-widget elementor-widget-text-editor\" data-id=\"8bde4d6\" data-element_type=\"widget\" data-e-type=\"widget\" data-widget_type=\"text-editor.default\">\n\t\t\t\t<div class=\"elementor-widget-container\">\n\t\t\t\t\t\t\t\t\t<p><strong>\u767a\u52b9\u65e5\/\u66f4\u65b0\u65e5\uff1a<\/strong> 2024 \u5e74 5 \u6708 8 \u65e5<\/p><p><strong>1. \u30af\u30c3\u30ad\u30fc\u3068\u306f\u4f55\u3067\u3059\u304b\uff1f<\/strong><\/p><p>\u30af\u30c3\u30ad\u30fc\u306f\u3001\u30a6\u30a7\u30d6\u30b5\u30a4\u30c8\u304c\u30d6\u30e9\u30a6\u30b6\u306b\u9001\u4fe1\u3057\u3001\u30c7\u30d0\u30a4\u30b9\u306b\u4fdd\u5b58\u3059\u308b\u5c0f\u3055\u306a\u30c7\u30fc\u30bf\u30d5\u30a1\u30a4\u30eb\u3067\u3059\u3002\u3053\u308c\u3089\u306e\u30d5\u30a1\u30a4\u30eb\u306f\u3001\u518d\u5ea6\u30b5\u30a4\u30c8\u3092\u8a2a\u554f\u3057\u305f\u969b\u306b\u30d6\u30e9\u30a6\u30b6\u304c\u30a6\u30a7\u30d6\u30b5\u30a4\u30c8\u3092\u8a8d\u8b58\u3067\u304d\u308b\u3088\u3046\u306b\u3057\u3001\u4ee5\u524d\u306e\u8a2a\u554f\u6642\u306e\u8a2d\u5b9a\u3092\u8a18\u61b6\u3057\u3066\u30e6\u30fc\u30b6\u30fc\u4f53\u9a13\u3092\u30d1\u30fc\u30bd\u30ca\u30e9\u30a4\u30ba\u3057\u307e\u3059\u3002<\/p><p><strong>\u30af\u30c3\u30ad\u30fc\u306f\u3001\u30e6\u30fc\u30b6\u30fc\u4f53\u9a13\u306e\u5411\u4e0a\u3001\u8a2d\u5b9a\u306e\u8a18\u61b6\u3001\u30b5\u30a4\u30c8\u30d1\u30d5\u30a9\u30fc\u30de\u30f3\u30b9\u306e\u76e3\u8996\u306b\u4f7f\u7528\u3055\u308c\u307e\u3059\u3002<\/strong><\/p><p>Hostragons\u306f\u4ee5\u4e0b\u306e\u76ee\u7684\u3067\u30af\u30c3\u30ad\u30fc\u3092\u4f7f\u7528\u3057\u307e\u3059\uff1a<\/p><ul><li class=\"translation-block\"><strong>\u5fc5\u8981\u306a\u30af\u30c3\u30ad\u30fc\uff1a<\/strong> \u30b5\u30a4\u30c8\u306e\u57fa\u672c\u6a5f\u80fd\u304c\u6b63\u5e38\u306b\u52d5\u4f5c\u3059\u308b\u305f\u3081\u306b\u5fc5\u8981\u3067\u3059\u3002<\/li><li><strong>\u30d1\u30d5\u30a9\u30fc\u30de\u30f3\u30b9\u30af\u30c3\u30ad\u30fc:<\/strong> \u30b5\u30a4\u30c8\u306e\u30d1\u30d5\u30a9\u30fc\u30de\u30f3\u30b9\u3092\u76e3\u8996\u3057\u3001\u6539\u5584\u3059\u308b\u305f\u3081\u306b\u4f7f\u7528\u3055\u308c\u307e\u3059\u3002<\/li><li class=\"translation-block\"><strong>\u6a5f\u80fd\u7684\u30af\u30c3\u30ad\u30fc\uff1a<\/strong> \u3053\u308c\u3089\u306f\u30e6\u30fc\u30b6\u30fc\u306e\u597d\u307f\u3092\u8a18\u61b6\u3057\u3001\u30d1\u30fc\u30bd\u30ca\u30e9\u30a4\u30ba\u3055\u308c\u305f\u4f53\u9a13\u3092\u63d0\u4f9b\u3057\u307e\u3059\u3002<\/li><li class=\"translation-block\"><strong>\u5e83\u544a\u304a\u3088\u3073\u30de\u30fc\u30b1\u30c6\u30a3\u30f3\u30b0\u306e\u30af\u30c3\u30ad\u30fc\uff1a<\/strong> \u3042\u306a\u305f\u306e\u95a2\u5fc3\u306b\u95a2\u9023\u3059\u308b\u30b3\u30f3\u30c6\u30f3\u30c4\u3084\u5e83\u544a\u3092\u63d0\u4f9b\u3059\u308b\u305f\u3081\u306b\u4f7f\u7528\u3055\u308c\u307e\u3059\u3002<\/li><\/ul><p><strong>\u30af\u30c3\u30ad\u30fc\u306f\u3001\u30a6\u30a7\u30d6\u30b5\u30a4\u30c8\u304c\u30c7\u30d0\u30a4\u30b9\u306b\u5c0f\u3055\u306a\u30c7\u30fc\u30bf\u30d5\u30a1\u30a4\u30eb\u3092\u4fdd\u5b58\u3059\u308b\u3053\u3068\u3092\u53ef\u80fd\u306b\u3057\u307e\u3059\u3002<\/strong><\/p><p>\u5f53\u30b5\u30a4\u30c8\u306e\u4e00\u90e8\u306e\u30af\u30c3\u30ad\u30fc\u306f\u3001\u30b5\u30fc\u30c9\u30d1\u30fc\u30c6\u30a3\u306e\u30b5\u30fc\u30d3\u30b9\u30d7\u30ed\u30d0\u30a4\u30c0\u30fc\u306b\u3088\u3063\u3066\u7ba1\u7406\u3055\u308c\u3066\u3044\u307e\u3059\u3002\u3053\u308c\u3089\u306e\u30af\u30c3\u30ad\u30fc\u306f\u5e83\u544a\u304a\u3088\u3073\u5206\u6790\u30b5\u30fc\u30d3\u30b9\u306b\u4f7f\u7528\u3055\u308c\u3001\u305d\u308c\u305e\u308c\u306e\u30b5\u30fc\u30c9\u30d1\u30fc\u30c6\u30a3\u306e\u30d7\u30e9\u30a4\u30d0\u30b7\u30fc\u30dd\u30ea\u30b7\u30fc\u306b\u5f93\u3044\u307e\u3059\u3002\u30b5\u30fc\u30c9\u30d1\u30fc\u30c6\u30a3\u30af\u30c3\u30ad\u30fc\u306e\u5229\u7528\u306b\u3064\u3044\u3066\u8a73\u3057\u304f\u77e5\u308b\u306b\u306f\u3001\u3053\u308c\u3089\u306e\u30b5\u30fc\u30d3\u30b9\u30d7\u30ed\u30d0\u30a4\u30c0\u30fc\u306e\u30d7\u30e9\u30a4\u30d0\u30b7\u30fc\u30dd\u30ea\u30b7\u30fc\u3092\u3054\u78ba\u8a8d\u304f\u3060\u3055\u3044\u3002<\/p><p><strong>\u30af\u30c3\u30ad\u30fc\u306f\u30d6\u30e9\u30a6\u30b6\u306e\u8a2d\u5b9a\u3067\u7ba1\u7406\u307e\u305f\u306f\u524a\u9664\u3067\u304d\u307e\u3059\u3002<\/strong><\/p><p>\u30d6\u30e9\u30a6\u30b6\u306e\u8a2d\u5b9a\u304b\u3089\u3001\u30af\u30c3\u30ad\u30fc\u3092\u7ba1\u7406\u3001\u8a31\u53ef\u3001\u307e\u305f\u306f\u62d2\u5426\u3059\u308b\u3053\u3068\u304c\u3067\u304d\u307e\u3059\u3002\u307e\u305f\u3001\u30d6\u30e9\u30a6\u30b6\u306b\u4ee5\u524d\u4fdd\u5b58\u3055\u308c\u305f\u30af\u30c3\u30ad\u30fc\u3092\u524a\u9664\u3059\u308b\u3053\u3068\u3082\u3067\u304d\u307e\u3059\u3002\u30af\u30c3\u30ad\u30fc\u306e\u7ba1\u7406\u65b9\u6cd5\u306b\u3064\u3044\u3066\u306e\u8a73\u7d30\u306f\u3001\u3054\u4f7f\u7528\u306e\u30d6\u30e9\u30a6\u30b6\u56fa\u6709\u306e\u6307\u793a\u3092\u3054\u53c2\u7167\u304f\u3060\u3055\u3044:<\/p><ul><li><a target=\"_new\" rel=\"noreferrer\">Google Chrome<\/a><\/li><li><a href=\"https:\/\/support.mozilla.org\/tr\/kb\/cerezleri-silme\" target=\"_new\" rel=\"noreferrer noopener\">Mozilla Firefox<\/a><\/li><li><a href=\"https:\/\/support.apple.com\/tr-tr\/guide\/safari\/sfri11471\/mac\" target=\"_new\" rel=\"noreferrer noopener\">Safari<\/a><\/li><li><a href=\"https:\/\/support.microsoft.com\/tr-tr\/help\/4027947\/microsoft-edge-delete-cookies\" target=\"_new\" rel=\"noreferrer noopener\">Microsoft Edge<\/a><\/li><\/ul><p><strong>\u30af\u30c3\u30ad\u30fc\u30dd\u30ea\u30b7\u30fc\u306e\u5909\u66f4\u306f\u3001\u3053\u306e\u30da\u30fc\u30b8\u3067\u304a\u77e5\u3089\u305b\u3057\u307e\u3059\u3002<\/strong><\/p><p>Hostragons \u306f\u3001\u30af\u30c3\u30ad\u30fc\u30dd\u30ea\u30b7\u30fc\u3092\u5909\u66f4\u3059\u308b\u6a29\u5229\u3092\u6709\u3057\u307e\u3059\u3002\u30dd\u30ea\u30b7\u30fc\u306e\u5909\u66f4\u306f\u3053\u306e\u30da\u30fc\u30b8\u3067\u66f4\u65b0\u3055\u308c\u3001\u6709\u52b9\u306b\u306a\u308a\u307e\u3059\u3002\u30e6\u30fc\u30b6\u30fc\u306b\u306f\u3001\u5909\u66f4\u3092\u628a\u63e1\u3059\u308b\u305f\u3081\u306b\u3053\u306e\u30da\u30fc\u30b8\u3092\u5b9a\u671f\u7684\u306b\u78ba\u8a8d\u3059\u308b\u3053\u3068\u3092\u304a\u52e7\u3081\u3057\u307e\u3059\u3002<\/p><p><strong>\u304a\u554f\u3044\u5408\u308f\u305b<\/strong><\/p><p>\u3053\u306e\u30af\u30c3\u30ad\u30fc\u30dd\u30ea\u30b7\u30fc\u306b\u95a2\u3059\u308b\u3054\u8cea\u554f\u304c\u3042\u308b\u5834\u5408\u306f\u3001\u304a\u554f\u3044\u5408\u308f\u305b\u304f\u3060\u3055\u3044\u3002 <a rel=\"noreferrer\">hello@hostragons.com<\/a> \u307e\u3067\u304a\u554f\u3044\u5408\u308f\u305b\u304f\u3060\u3055\u3044\u3002<\/p>\t\t\t\t\t\t\t\t<\/div>\n\t\t\t\t<\/div>\n\t\t\t\t\t<\/div>\n\t\t<\/div>\n\t\t\t\t\t<\/div>\n\t\t<\/section>\n\t\t\t\t<\/div>","protected":false},"excerpt":{"rendered":"<p>Y\u00fcr\u00fcrl\u00fck\/G\u00fcncelleme Tarihi: 05.08.2024 1. \u00c7erez (Cookie) Nedir? \u00c7erezler, web siteleri taraf\u0131ndan taray\u0131c\u0131n\u0131za g\u00f6nderilen ve cihaz\u0131n\u0131zda depolanan k\u00fc\u00e7\u00fck veri dosyalar\u0131d\u0131r. Bu dosyalar, siteyi tekrar ziyaret etti\u011finizde taray\u0131c\u0131n\u0131z\u0131n web sitesini tan\u0131mas\u0131n\u0131 sa\u011flar ve \u00f6nceki ziyaretlerinizdeki tercihlerinizi hat\u0131rlayarak kullan\u0131c\u0131 deneyiminizi ki\u015fiselle\u015ftirir. 2. \u00c7erezlerin Kullan\u0131m Ama\u00e7lar\u0131 Hostragons, a\u015fa\u011f\u0131daki ama\u00e7lar do\u011frultusunda \u00e7erezleri kullan\u0131r: Zorunlu \u00c7erezler: Sitenin temel i\u015flevlerini yerine getirebilmesi i\u00e7in gereklidir. Performans \u00c7erezleri: Sitenin performans\u0131n\u0131 izlemek ve iyile\u015ftirmek i\u00e7in kullan\u0131l\u0131r. Fonksiyonel \u00c7erezler: Kullan\u0131c\u0131 tercihlerini hat\u0131rlayarak ki\u015fiselle\u015ftirilmi\u015f bir deneyim sunar. Reklam ve Pazarlama \u00c7erezleri: \u0130lgi alanlar\u0131n\u0131za y\u00f6nelik i\u00e7erik ve reklamlar sunmak i\u00e7in kullan\u0131l\u0131r. 3. \u00dc\u00e7\u00fcnc\u00fc Taraf \u00c7erezleri Sitemizdeki baz\u0131 \u00e7erezler, \u00fc\u00e7\u00fcnc\u00fc taraf hizmet sa\u011flay\u0131c\u0131lar taraf\u0131ndan y\u00f6netilir. Bu \u00e7erezler, reklam ve analitik hizmetleri i\u00e7in kullan\u0131l\u0131r ve [&hellip;]<\/p>\n","protected":false},"author":94,"featured_media":7852,"parent":0,"menu_order":0,"comment_status":"closed","ping_status":"closed","template":"","meta":{"googlesitekit_rrm_CAow5YvFDA:productID":"","footnotes":""},"class_list":["post-2358","page","type-page","status-publish","has-post-thumbnail","hentry"],"_links":{"self":[{"href":"https:\/\/www.hostragons.com\/ja\/wp-json\/wp\/v2\/pages\/2358","targetHints":{"allow":["GET"]}}],"collection":[{"href":"https:\/\/www.hostragons.com\/ja\/wp-json\/wp\/v2\/pages"}],"about":[{"href":"https:\/\/www.hostragons.com\/ja\/wp-json\/wp\/v2\/types\/page"}],"author":[{"embeddable":true,"href":"https:\/\/www.hostragons.com\/ja\/wp-json\/wp\/v2\/users\/94"}],"replies":[{"embeddable":true,"href":"https:\/\/www.hostragons.com\/ja\/wp-json\/wp\/v2\/comments?post=2358"}],"version-history":[{"count":0,"href":"https:\/\/www.hostragons.com\/ja\/wp-json\/wp\/v2\/pages\/2358\/revisions"}],"wp:featuredmedia":[{"embeddable":true,"href":"https:\/\/www.hostragons.com\/ja\/wp-json\/wp\/v2\/media\/7852"}],"wp:attachment":[{"href":"https:\/\/www.hostragons.com\/ja\/wp-json\/wp\/v2\/media?parent=2358"}],"curies":[{"name":"wp","href":"https:\/\/api.w.org\/{rel}","templated":true}]}}