{"id":2358,"date":"2020-10-02T08:03:18","date_gmt":"2020-10-02T05:03:18","guid":{"rendered":"https:\/\/www.hostragons.com\/?page_id=2358"},"modified":"2025-03-25T09:07:38","modified_gmt":"2025-03-25T09:07:38","slug":"politica-sui-cookie","status":"publish","type":"page","link":"https:\/\/www.hostragons.com\/it\/politica-sui-cookie\/","title":{"rendered":"Politica sui cookie"},"content":{"rendered":"<div data-elementor-type=\"wp-page\" data-elementor-id=\"2358\" class=\"elementor elementor-2358\" data-elementor-post-type=\"page\">\n\t\t\t\t\t\t<section class=\"elementor-section elementor-top-section elementor-element elementor-element-9da5eda elementor-section-boxed elementor-section-height-default elementor-section-height-default\" data-id=\"9da5eda\" data-element_type=\"section\" data-e-type=\"section\">\n\t\t\t\t\t\t<div class=\"elementor-container elementor-column-gap-default\">\n\t\t\t\t\t<div class=\"elementor-column elementor-col-100 elementor-top-column elementor-element elementor-element-a7228de\" data-id=\"a7228de\" data-element_type=\"column\" data-e-type=\"column\">\n\t\t\t<div class=\"elementor-widget-wrap elementor-element-populated\">\n\t\t\t\t\t\t<div class=\"elementor-element elementor-element-8bde4d6 elementor-widget elementor-widget-text-editor\" data-id=\"8bde4d6\" data-element_type=\"widget\" data-e-type=\"widget\" data-widget_type=\"text-editor.default\">\n\t\t\t\t<div class=\"elementor-widget-container\">\n\t\t\t\t\t\t\t\t\t<p><strong>Data di Entrata in Vigore\/Aggiornamento:<\/strong> 05.08.2024<\/p><p><strong>1. Cos'\u00e8 un cookie?<\/strong><\/p><p>I cookie sono piccoli file di dati inviati al tuo browser dai siti web e memorizzati sul tuo dispositivo. Questi file consentono al tuo browser di riconoscere il sito quando lo visiti nuovamente e personalizzare la tua esperienza utente ricordando le tue preferenze dalle visite precedenti.<\/p><p><strong>I cookie vengono utilizzati per migliorare l'esperienza dell'utente, ricordare le tue preferenze e monitorare le prestazioni del sito.<\/strong><\/p><p>Hostragons utilizza i cookie per i seguenti scopi:<\/p><ul><li class=\"translation-block\"><strong>Cookie necessari:<\/strong> Sono essenziali per il funzionamento di base del sito.<\/li><li><strong>Cookie di prestazione:<\/strong> Viene utilizzato per monitorare e migliorare le prestazioni del sito.<\/li><li class=\"translation-block\"><strong>Cookie funzionali:<\/strong> Ricordano le preferenze dell'utente e offrono un'esperienza personalizzata.<\/li><li class=\"translation-block\"><strong>Cookie di Pubblicit\u00e0 e Marketing:<\/strong> Utilizzati per fornire contenuti e annunci pertinenti ai tuoi interessi.<\/li><\/ul><p><strong>I cookie consentono ai siti web di salvare piccoli file di dati sul tuo dispositivo.<\/strong><\/p><p>Alcuni cookie sul nostro sito sono gestiti da fornitori di servizi di terze parti. Questi cookie vengono utilizzati per servizi pubblicitari e analitici e sono soggetti alle politiche sulla privacy di queste terze parti. Per ulteriori informazioni sull'uso dei cookie di terze parti, si consiglia di consultare le politiche sulla privacy di questi fornitori di servizi.<\/p><p><strong>Puoi gestire o eliminare i tuoi cookie tramite le impostazioni del browser.<\/strong><\/p><p>Puoi gestire, accettare o rifiutare i cookie dalle impostazioni del tuo browser. Inoltre, puoi eliminare i cookie precedentemente memorizzati nel tuo browser. Per ulteriori informazioni sulla gestione dei cookie, consulta le istruzioni specifiche per il tuo browser:<\/p><ul><li><a target=\"_new\" rel=\"noreferrer\">Google Chrome<\/a><\/li><li><a href=\"https:\/\/support.mozilla.org\/tr\/kb\/cerezleri-silme\" target=\"_new\" rel=\"noreferrer noopener\">Mozilla Firefox<\/a><\/li><li><a href=\"https:\/\/support.apple.com\/tr-tr\/guide\/safari\/sfri11471\/mac\" target=\"_new\" rel=\"noreferrer noopener\">Safari<\/a><\/li><li><a href=\"https:\/\/support.microsoft.com\/tr-tr\/help\/4027947\/microsoft-edge-delete-cookies\" target=\"_new\" rel=\"noreferrer noopener\">Microsoft Edge<\/a><\/li><\/ul><p><strong>Le modifiche alla nostra politica sui cookie saranno annunciate su questa pagina.<\/strong><\/p><p>Hostragons si riserva il diritto di apportare modifiche alla propria politica sui cookie. Le modifiche alla nostra politica saranno aggiornate e avranno effetto su questa pagina. Raccomandiamo agli utenti di controllare regolarmente questa pagina per rimanere informati su eventuali aggiornamenti.<\/p><p><strong>Contatto<\/strong><\/p><p>Per qualsiasi domanda su questa politica sui cookie, puoi contattarci. <a rel=\"noreferrer\">hello@hostragons.com<\/a> Puoi contattarci a.<\/p>\t\t\t\t\t\t\t\t<\/div>\n\t\t\t\t<\/div>\n\t\t\t\t\t<\/div>\n\t\t<\/div>\n\t\t\t\t\t<\/div>\n\t\t<\/section>\n\t\t\t\t<\/div>","protected":false},"excerpt":{"rendered":"<p>Y\u00fcr\u00fcrl\u00fck\/G\u00fcncelleme Tarihi: 05.08.2024 1. \u00c7erez (Cookie) Nedir? \u00c7erezler, web siteleri taraf\u0131ndan taray\u0131c\u0131n\u0131za g\u00f6nderilen ve cihaz\u0131n\u0131zda depolanan k\u00fc\u00e7\u00fck veri dosyalar\u0131d\u0131r. Bu dosyalar, siteyi tekrar ziyaret etti\u011finizde taray\u0131c\u0131n\u0131z\u0131n web sitesini tan\u0131mas\u0131n\u0131 sa\u011flar ve \u00f6nceki ziyaretlerinizdeki tercihlerinizi hat\u0131rlayarak kullan\u0131c\u0131 deneyiminizi ki\u015fiselle\u015ftirir. 2. \u00c7erezlerin Kullan\u0131m Ama\u00e7lar\u0131 Hostragons, a\u015fa\u011f\u0131daki ama\u00e7lar do\u011frultusunda \u00e7erezleri kullan\u0131r: Zorunlu \u00c7erezler: Sitenin temel i\u015flevlerini yerine getirebilmesi [&hellip;]<\/p>\n","protected":false},"author":94,"featured_media":7852,"parent":0,"menu_order":0,"comment_status":"closed","ping_status":"closed","template":"","meta":{"googlesitekit_rrm_CAow5YvFDA:productID":"","footnotes":""},"class_list":["post-2358","page","type-page","status-publish","has-post-thumbnail","hentry"],"_links":{"self":[{"href":"https:\/\/www.hostragons.com\/it\/wp-json\/wp\/v2\/pages\/2358","targetHints":{"allow":["GET"]}}],"collection":[{"href":"https:\/\/www.hostragons.com\/it\/wp-json\/wp\/v2\/pages"}],"about":[{"href":"https:\/\/www.hostragons.com\/it\/wp-json\/wp\/v2\/types\/page"}],"author":[{"embeddable":true,"href":"https:\/\/www.hostragons.com\/it\/wp-json\/wp\/v2\/users\/94"}],"replies":[{"embeddable":true,"href":"https:\/\/www.hostragons.com\/it\/wp-json\/wp\/v2\/comments?post=2358"}],"version-history":[{"count":0,"href":"https:\/\/www.hostragons.com\/it\/wp-json\/wp\/v2\/pages\/2358\/revisions"}],"wp:featuredmedia":[{"embeddable":true,"href":"https:\/\/www.hostragons.com\/it\/wp-json\/wp\/v2\/media\/7852"}],"wp:attachment":[{"href":"https:\/\/www.hostragons.com\/it\/wp-json\/wp\/v2\/media?parent=2358"}],"curies":[{"name":"parola chiave","href":"https:\/\/api.w.org\/{rel}","templated":true}]}}