{"id":2031,"date":"2020-09-08T16:09:39","date_gmt":"2020-09-08T13:09:39","guid":{"rendered":"https:\/\/www.hostragons.com\/?page_id=2031"},"modified":"2024-09-26T17:52:04","modified_gmt":"2024-09-26T14:52:04","slug":"politica-sulla-privacy","status":"publish","type":"page","link":"https:\/\/www.hostragons.com\/it\/politica-sulla-privacy\/","title":{"rendered":"Politica sulla privacy"},"content":{"rendered":"<div data-elementor-type=\"wp-page\" data-elementor-id=\"2031\" class=\"elementor elementor-2031\" data-elementor-post-type=\"page\">\n\t\t\t\t\t\t<section class=\"elementor-section elementor-top-section elementor-element elementor-element-91e4b54 elementor-section-boxed elementor-section-height-default elementor-section-height-default\" data-id=\"91e4b54\" data-element_type=\"section\" data-e-type=\"section\">\n\t\t\t\t\t\t<div class=\"elementor-container elementor-column-gap-default\">\n\t\t\t\t\t<div class=\"elementor-column elementor-col-100 elementor-top-column elementor-element elementor-element-0774a31\" data-id=\"0774a31\" data-element_type=\"column\" data-e-type=\"column\">\n\t\t\t<div class=\"elementor-widget-wrap elementor-element-populated\">\n\t\t\t\t\t\t<div class=\"elementor-element elementor-element-830efa2 elementor-widget elementor-widget-text-editor\" data-id=\"830efa2\" data-element_type=\"widget\" data-e-type=\"widget\" data-widget_type=\"text-editor.default\">\n\t\t\t\t<div class=\"elementor-widget-container\">\n\t\t\t\t\t\t\t\t\t<p><strong>Data di Entrata in Vigore\/Aggiornamento: 05.08.2024<\/strong><\/p><p><strong>1. Accesso<\/strong><\/p><p>Hostragons Global Limited (\u201cHostragons\u201d) prende seriamente la privacy e la protezione dei dati personali dei nostri utenti. Questa Politica sulla Privacy e Conformit\u00e0 al GDPR spiega come i dati personali vengono raccolti, utilizzati, protetti e gestiti ai sensi del GDPR. Utilizzando il nostro sito web e i nostri servizi, si ritiene che tu abbia accettato questa politica.<\/p><p><strong>2. Titolare del Trattamento e Rappresentante<\/strong><\/p><p>Hostragons \u00e8 il titolare del trattamento responsabile della protezione dei tuoi dati personali. Il nostro rappresentante nell'Unione Europea:<\/p><ul><li><strong>Responsabile della Protezione dei Dati:<\/strong> Legge sulla privacy del Quebec.<\/li><\/ul><p><strong>3. Principi Fondamentali del Trattamento dei Dati<\/strong><\/p><p>Come Hostragons, rispettiamo i seguenti principi fondamentali in conformit\u00e0 con i requisiti del GDPR:<\/p><ul><li class=\"translation-block\"><strong>Trasparenza:<\/strong> Indichiamo chiaramente come raccogliamo e trattiamo i tuoi dati personali.<\/li><li class=\"translation-block\"><strong>Precisione:<\/strong> Manteniamo i tuoi dati accurati e aggiornati.<\/li><li class=\"translation-block\"><strong>Minimizzazione:<\/strong> Raccogliamo e trattiamo solo i dati necessari.<\/li><li class=\"translation-block\"><strong>Limitazione della Conservazione:<\/strong> Conserviamo i tuoi dati solo per il tempo necessario.<\/li><\/ul><p><strong>4. Informazioni Raccolte<\/strong><\/p><p>Hostragons raccoglie le seguenti informazioni personali:<\/p><ul><li class=\"translation-block\"><strong>Informazioni di Identit\u00e0:<\/strong> Nome, cognome, indirizzo, numero di telefono, indirizzo email.<\/li><li class=\"translation-block\"><strong>Informazioni di Pagamento:<\/strong> Dettagli della carta di credito e dettagli di pagamento.<\/li><li class=\"translation-block\"><strong>Dati Tecnici:<\/strong> Indirizzo IP, tipo di browser, sistema operativo.<\/li><li class=\"translation-block\"><strong>Comportamenti degli Utenti:<\/strong> Preferenze degli utenti, attivit\u00e0 sul sito.<\/li><\/ul><p><strong>5. Utilizzo dei Dati Personali<\/strong><\/p><p>Le informazioni personali raccolte vengono utilizzate per i seguenti scopi:<\/p><ul><li>Fornitura e gestione dei servizi.<\/li><li>Servizi di supporto clienti e comunicazione.<\/li><li>Processi di fatturazione e preparazione di documenti legali.<\/li><li>Migliorare le prestazioni del nostro sito web e l'esperienza utente.<\/li><li>Garantire il rispetto degli obblighi legali e difendere i diritti.<\/li><li>Attivit\u00e0 di marketing e promozione.<\/li><\/ul><p><strong>6. Periodo di Conservazione dei Dati Personali<\/strong><\/p><p>Conserviamo i tuoi dati personali solo per il tempo necessario alle nostre finalit\u00e0 di trattamento. Puoi contattarci per saperne di pi\u00f9 sulla durata di conservazione dei tuoi dati e su come viene determinato questo periodo.<\/p><p><strong>7. Informazioni di Pagamento e Sicurezza<\/strong><\/p><ul><li>Le informazioni della tua carta di credito e di pagamento sono protette con misure di sicurezza come la certificazione SSL a 256 bit.<\/li><li>Le informazioni della tua carta vengono trasmesse in forma crittografata e non vengono salvate da Hostragons.<\/li><li>Strumenti di sicurezza aggiuntivi vengono utilizzati per prendere precauzioni contro potenziali malware.<\/li><\/ul><p><strong>8. Cookie e Tecnologie di Tracciamento<\/strong><\/p><p class=\"translation-block\">Utilizziamo cookie e tecnologie di tracciamento sul nostro sito web per migliorare l'esperienza utente e capire come viene utilizzato il nostro sito. Per ulteriori informazioni sui cookie e su come gestirli, puoi visitare la nostra pagina <a href=\"https:\/\/www.hostragons.com\/it\/politica-sui-cookie\/\" target=\"_new\" rel=\"noreferrer\">Politica sui Cookie<\/a>.<\/p><p><strong>9. Condivisione dei Dati Personali<\/strong><\/p><ul><li>I tuoi dati personali vengono condivisi solo con terze parti necessarie per fornire i nostri servizi.<\/li><li>Potremmo condividere i tuoi dati in conformit\u00e0 con obblighi legali o ordini del tribunale.<\/li><li>La condivisione dei dati con terze parti sar\u00e0 effettuata solo con il tuo consenso.<\/li><\/ul><p><strong>10. Diritti dell'Utente<\/strong><\/p><p>Ai sensi del GDPR, gli utenti hanno i seguenti diritti:<\/p><ul><li>Il diritto di accedere, rettificare o eliminare i dati personali.<\/li><li>Il diritto di opporsi al trattamento dei dati e il diritto alla portabilit\u00e0 dei dati.<\/li><li>Il diritto di revocare il consenso in qualsiasi momento.<\/li><\/ul><p><strong>11. Valutazione d'Impatto sulla Protezione dei Dati (DPIA)<\/strong><\/p><p>Una valutazione d'impatto sulla protezione dei dati (DPIA) viene effettuata per le attivit\u00e0 di trattamento dei dati ad alto rischio. Puoi contattarci per maggiori informazioni sul processo DPIA.<\/p><p><strong>12. Trasferimento Internazionale di Dati<\/strong><\/p><p>Adottiamo le necessarie misure di protezione quando trasferiamo i tuoi dati personali al di fuori dell'UE. Per ulteriori informazioni sui trasferimenti internazionali di dati, puoi contattarci.<\/p><p><strong>13. Notifica di Violazione dei Dati<\/strong><\/p><p>In caso di violazione dei dati, notifichiamo prontamente le autorit\u00e0 competenti e gli individui interessati. Puoi contattarci per maggiori informazioni sulle nostre procedure in caso di violazione dei dati.<\/p><p><strong>14. Modifiche al Contratto<\/strong><\/p><p>Cette politique peut \u00eatre mise \u00e0 jour de temps en temps. Toute modification sera publi\u00e9e sur cette page et indiqu\u00e9e avec la date d'entr\u00e9e en vigueur. Il est conseill\u00e9 aux utilisateurs de consulter r\u00e9guli\u00e8rement cette page pour \u00eatre inform\u00e9s des \u00e9ventuels changements.<\/p>\t\t\t\t\t\t\t\t<\/div>\n\t\t\t\t<\/div>\n\t\t\t\t\t<\/div>\n\t\t<\/div>\n\t\t\t\t\t<\/div>\n\t\t<\/section>\n\t\t\t\t<\/div>","protected":false},"excerpt":{"rendered":"<p>Y\u00fcr\u00fcrl\u00fck\/G\u00fcncelleme Tarihi: 05.08.2024 1. Giri\u015f Hostragons Global Limited (&#8220;Hostragons&#8221; olarak an\u0131lacakt\u0131r), kullan\u0131c\u0131lar\u0131m\u0131z\u0131n gizlili\u011fini ve ki\u015fisel verilerinin korunmas\u0131n\u0131 ciddiye al\u0131r. Bu Gizlilik ve GDPR Uyum Politikas\u0131, ki\u015fisel verilerin nas\u0131l topland\u0131\u011f\u0131n\u0131, kullan\u0131ld\u0131\u011f\u0131n\u0131, korundu\u011funu ve GDPR kapsam\u0131nda nas\u0131l y\u00f6netildi\u011fini a\u00e7\u0131klar. Web sitemizi ve hizmetlerimizi kullanarak, bu politikay\u0131 kabul etmi\u015f say\u0131l\u0131rs\u0131n\u0131z. 2. Veri Sorumlusu ve Temsilcisi Hostragons, ki\u015fisel verilerinizi [&hellip;]<\/p>\n","protected":false},"author":94,"featured_media":7854,"parent":0,"menu_order":0,"comment_status":"closed","ping_status":"closed","template":"","meta":{"googlesitekit_rrm_CAow5YvFDA:productID":"","footnotes":""},"class_list":["post-2031","page","type-page","status-publish","has-post-thumbnail","hentry"],"_links":{"self":[{"href":"https:\/\/www.hostragons.com\/it\/wp-json\/wp\/v2\/pages\/2031","targetHints":{"allow":["GET"]}}],"collection":[{"href":"https:\/\/www.hostragons.com\/it\/wp-json\/wp\/v2\/pages"}],"about":[{"href":"https:\/\/www.hostragons.com\/it\/wp-json\/wp\/v2\/types\/page"}],"author":[{"embeddable":true,"href":"https:\/\/www.hostragons.com\/it\/wp-json\/wp\/v2\/users\/94"}],"replies":[{"embeddable":true,"href":"https:\/\/www.hostragons.com\/it\/wp-json\/wp\/v2\/comments?post=2031"}],"version-history":[{"count":0,"href":"https:\/\/www.hostragons.com\/it\/wp-json\/wp\/v2\/pages\/2031\/revisions"}],"wp:featuredmedia":[{"embeddable":true,"href":"https:\/\/www.hostragons.com\/it\/wp-json\/wp\/v2\/media\/7854"}],"wp:attachment":[{"href":"https:\/\/www.hostragons.com\/it\/wp-json\/wp\/v2\/media?parent=2031"}],"curies":[{"name":"parola chiave","href":"https:\/\/api.w.org\/{rel}","templated":true}]}}