{"id":2358,"date":"2020-10-02T08:03:18","date_gmt":"2020-10-02T05:03:18","guid":{"rendered":"https:\/\/www.hostragons.com\/?page_id=2358"},"modified":"2025-03-25T09:07:38","modified_gmt":"2025-03-25T09:07:38","slug":"kebijakan-kue","status":"publish","type":"page","link":"https:\/\/www.hostragons.com\/id\/kebijakan-kue\/","title":{"rendered":"Kebijakan Cookie"},"content":{"rendered":"<div data-elementor-type=\"wp-page\" data-elementor-id=\"2358\" class=\"elementor elementor-2358\" data-elementor-post-type=\"page\">\n\t\t\t\t\t\t<section class=\"elementor-section elementor-top-section elementor-element elementor-element-9da5eda elementor-section-boxed elementor-section-height-default elementor-section-height-default\" data-id=\"9da5eda\" data-element_type=\"section\" data-e-type=\"section\">\n\t\t\t\t\t\t<div class=\"elementor-container elementor-column-gap-default\">\n\t\t\t\t\t<div class=\"elementor-column elementor-col-100 elementor-top-column elementor-element elementor-element-a7228de\" data-id=\"a7228de\" data-element_type=\"column\" data-e-type=\"column\">\n\t\t\t<div class=\"elementor-widget-wrap elementor-element-populated\">\n\t\t\t\t\t\t<div class=\"elementor-element elementor-element-8bde4d6 elementor-widget elementor-widget-text-editor\" data-id=\"8bde4d6\" data-element_type=\"widget\" data-e-type=\"widget\" data-widget_type=\"text-editor.default\">\n\t\t\t\t<div class=\"elementor-widget-container\">\n\t\t\t\t\t\t\t\t\t<p><strong>Tanggal Efektif\/Pembaruan:<\/strong> 05.08.2024<\/p><p><strong>1. Apa itu Kue?<\/strong><\/p><p>Cookie adalah file data kecil yang dikirim ke browser Anda oleh situs web dan disimpan di perangkat Anda. File-file ini memungkinkan browser Anda mengenali situs web ketika Anda mengunjunginya lagi dan mempersonalisasi pengalaman pengguna Anda dengan mengingat preferensi Anda dari kunjungan sebelumnya.<\/p><p><strong>2. Tujuan Penggunaan Cookies<\/strong><\/p><p>Hostragons menggunakan cookie untuk tujuan berikut:<\/p><ul><li class=\"translation-block\"><strong>Cookie Wajib:<\/strong> Diperlukan agar situs dapat menjalankan fungsi dasarnya.<\/li><li><strong>Cookie Kinerja:<\/strong> Ini digunakan untuk memantau dan meningkatkan kinerja situs.<\/li><li class=\"translation-block\"><strong>Cookie Fungsional:<\/strong> Memberikan pengalaman yang dipersonalisasi dengan mengingat preferensi pengguna.<\/li><li class=\"translation-block\"><strong>Cookie Periklanan dan Pemasaran:<\/strong> Digunakan untuk mengirimkan konten dan iklan yang disesuaikan dengan minat Anda.<\/li><\/ul><p><strong>3. Cookie Pihak Ketiga<\/strong><\/p><p>Beberapa cookie di situs kami dikelola oleh penyedia layanan pihak ketiga. Cookies ini digunakan untuk layanan periklanan dan analisis dan tunduk pada kebijakan privasi pihak ketiga. Kami menyarankan Anda meninjau kebijakan privasi penyedia layanan ini untuk informasi lebih lanjut tentang penggunaan cookie pihak ketiga.<\/p><p><strong>4. Mengontrol dan Menghapus Cookie<\/strong><\/p><p>Anda dapat mengelola, menerima atau menolak cookie melalui pengaturan browser Anda. Anda juga dapat menghapus cookie yang sebelumnya disimpan di browser Anda. Untuk informasi lebih lanjut tentang cara mengelola cookie, Anda dapat merujuk ke petunjuk khusus untuk browser yang Anda gunakan:<\/p><ul><li><a target=\"_new\" rel=\"noreferrer\">Google Chrome<\/a><\/li><li><a href=\"https:\/\/support.mozilla.org\/tr\/kb\/cerezleri-silme\" target=\"_new\" rel=\"noreferrer noopener\">Mozilla Firefox<\/a><\/li><li><a href=\"https:\/\/support.apple.com\/tr-tr\/guide\/safari\/sfri11471\/mac\" target=\"_new\" rel=\"noreferrer noopener\">Safari<\/a><\/li><li><a href=\"https:\/\/support.microsoft.com\/tr-tr\/help\/4027947\/microsoft-edge-delete-cookies\" target=\"_new\" rel=\"noreferrer noopener\">Microsoft Tepi<\/a><\/li><\/ul><p class=\"translation-block\">5. Perubahan Kebijakan Cookie<\/p><p>Hostragons berhak mengubah kebijakan cookie-nya. Setiap perubahan pada kebijakan kami akan diperbarui di halaman ini dan mulai berlaku. Kami menyarankan agar pengguna tetap mendapat informasi tentang perubahan apa pun dengan memeriksa halaman ini secara rutin.<\/p><p><strong>6. Komunikasi<\/strong><\/p><p>Untuk pertanyaan tentang kebijakan cookie ini <a rel=\"noreferrer\">hello@hostragons.com<\/a> Anda dapat menghubungi kami di.<\/p>\t\t\t\t\t\t\t\t<\/div>\n\t\t\t\t<\/div>\n\t\t\t\t\t<\/div>\n\t\t<\/div>\n\t\t\t\t\t<\/div>\n\t\t<\/section>\n\t\t\t\t<\/div>","protected":false},"excerpt":{"rendered":"<p>Y\u00fcr\u00fcrl\u00fck\/G\u00fcncelleme Tarihi: 05.08.2024 1. \u00c7erez (Cookie) Nedir? \u00c7erezler, web siteleri taraf\u0131ndan taray\u0131c\u0131n\u0131za g\u00f6nderilen ve cihaz\u0131n\u0131zda depolanan k\u00fc\u00e7\u00fck veri dosyalar\u0131d\u0131r. Bu dosyalar, siteyi tekrar ziyaret etti\u011finizde taray\u0131c\u0131n\u0131z\u0131n web sitesini tan\u0131mas\u0131n\u0131 sa\u011flar ve \u00f6nceki ziyaretlerinizdeki tercihlerinizi hat\u0131rlayarak kullan\u0131c\u0131 deneyiminizi ki\u015fiselle\u015ftirir. 2. \u00c7erezlerin Kullan\u0131m Ama\u00e7lar\u0131 Hostragons, a\u015fa\u011f\u0131daki ama\u00e7lar do\u011frultusunda \u00e7erezleri kullan\u0131r: Zorunlu \u00c7erezler: Sitenin temel i\u015flevlerini yerine getirebilmesi [&hellip;]<\/p>\n","protected":false},"author":94,"featured_media":7852,"parent":0,"menu_order":0,"comment_status":"closed","ping_status":"closed","template":"","meta":{"googlesitekit_rrm_CAow5YvFDA:productID":"","footnotes":""},"class_list":["post-2358","page","type-page","status-publish","has-post-thumbnail","hentry"],"_links":{"self":[{"href":"https:\/\/www.hostragons.com\/id\/wp-json\/wp\/v2\/pages\/2358","targetHints":{"allow":["GET"]}}],"collection":[{"href":"https:\/\/www.hostragons.com\/id\/wp-json\/wp\/v2\/pages"}],"about":[{"href":"https:\/\/www.hostragons.com\/id\/wp-json\/wp\/v2\/types\/page"}],"author":[{"embeddable":true,"href":"https:\/\/www.hostragons.com\/id\/wp-json\/wp\/v2\/users\/94"}],"replies":[{"embeddable":true,"href":"https:\/\/www.hostragons.com\/id\/wp-json\/wp\/v2\/comments?post=2358"}],"version-history":[{"count":0,"href":"https:\/\/www.hostragons.com\/id\/wp-json\/wp\/v2\/pages\/2358\/revisions"}],"wp:featuredmedia":[{"embeddable":true,"href":"https:\/\/www.hostragons.com\/id\/wp-json\/wp\/v2\/media\/7852"}],"wp:attachment":[{"href":"https:\/\/www.hostragons.com\/id\/wp-json\/wp\/v2\/media?parent=2358"}],"curies":[{"name":"wp","href":"https:\/\/api.w.org\/{rel}","templated":true}]}}