{"id":2031,"date":"2020-09-08T16:09:39","date_gmt":"2020-09-08T13:09:39","guid":{"rendered":"https:\/\/www.hostragons.com\/?page_id=2031"},"modified":"2024-09-26T17:52:04","modified_gmt":"2024-09-26T14:52:04","slug":"kebijakan-privasi","status":"publish","type":"page","link":"https:\/\/www.hostragons.com\/id\/kebijakan-privasi\/","title":{"rendered":"Kebijakan Privasi"},"content":{"rendered":"<div data-elementor-type=\"wp-page\" data-elementor-id=\"2031\" class=\"elementor elementor-2031\" data-elementor-post-type=\"page\">\n\t\t\t\t\t\t<section class=\"elementor-section elementor-top-section elementor-element elementor-element-91e4b54 elementor-section-boxed elementor-section-height-default elementor-section-height-default\" data-id=\"91e4b54\" data-element_type=\"section\" data-e-type=\"section\">\n\t\t\t\t\t\t<div class=\"elementor-container elementor-column-gap-default\">\n\t\t\t\t\t<div class=\"elementor-column elementor-col-100 elementor-top-column elementor-element elementor-element-0774a31\" data-id=\"0774a31\" data-element_type=\"column\" data-e-type=\"column\">\n\t\t\t<div class=\"elementor-widget-wrap elementor-element-populated\">\n\t\t\t\t\t\t<div class=\"elementor-element elementor-element-830efa2 elementor-widget elementor-widget-text-editor\" data-id=\"830efa2\" data-element_type=\"widget\" data-e-type=\"widget\" data-widget_type=\"text-editor.default\">\n\t\t\t\t<div class=\"elementor-widget-container\">\n\t\t\t\t\t\t\t\t\t<p><strong>Tanggal Efektif\/Pembaruan: 05.08.2024<\/strong><\/p><p><strong>1. Pendahuluan<\/strong><\/p><p>Hostragons Global Limited (\u201cHostragons\u201d) memperhatikan privasi pengguna kami dan perlindungan data pribadi mereka dengan serius. Kebijakan Privasi dan Kepatuhan GDPR ini menjelaskan bagaimana data pribadi dikumpulkan, digunakan, dilindungi, dan dikelola berdasarkan GDPR. Dengan menggunakan website dan layanan kami, Anda dianggap telah menerima kebijakan ini.<\/p><p><strong>2. Pengendali dan Perwakilan Data<\/strong><\/p><p>Hostragons adalah pengontrol data yang bertanggung jawab untuk melindungi data pribadi Anda. Perwakilan kami di Uni Eropa:<\/p><ul><li><strong>Perwakilan Perlindungan Data:<\/strong> Undang-Undang Privasi Quebec.<\/li><\/ul><p><strong>3. Prinsip Dasar Pengolahan Data<\/strong><\/p><p>Di Hostragons, kami mematuhi prinsip dasar berikut sesuai dengan persyaratan GDPR:<\/p><ul><li class=\"translation-block\"><strong>Transparansi:<\/strong> Kami dengan jelas menyatakan cara kami mengumpulkan dan memproses data pribadi Anda.<\/li><li class=\"translation-block\"><strong>Akurasi:<\/strong> Kami menjaga data Anda tetap akurat dan terkini.<\/li><li class=\"translation-block\"><strong>Minimalisasi:<\/strong> Kami hanya mengumpulkan dan memproses data yang diperlukan.<\/li><li class=\"translation-block\"><strong>Batasan Penyimpanan:<\/strong> Kami menyimpan data Anda hanya selama diperlukan.<\/li><\/ul><p><strong>4. Informasi yang Dikumpulkan<\/strong><\/p><p>Hostragons mengumpulkan informasi pribadi berikut:<\/p><ul><li class=\"translation-block\"><strong>Informasi Identitas:<\/strong> Nama, nama keluarga, alamat, nomor telepon, alamat email.<\/li><li class=\"translation-block\"><strong>Informasi Pembayaran:<\/strong> Informasi kartu kredit dan rincian pembayaran.<\/li><li class=\"translation-block\"><strong>Data Teknis:<\/strong> Alamat IP, jenis browser, sistem operasi.<\/li><li class=\"translation-block\"><strong>Perilaku Pengguna:<\/strong> Preferensi pengguna, pergerakan di situs.<\/li><\/ul><p><strong>5. Penggunaan Data Pribadi<\/strong><\/p><p>Informasi pribadi yang dikumpulkan digunakan untuk tujuan berikut:<\/p><ul><li>Menyediakan dan mengelola layanan.<\/li><li>Layanan dan komunikasi dukungan pelanggan.<\/li><li>Transaksi faktur dan persiapan dokumen hukum.<\/li><li>Meningkatkan kinerja situs web dan pengalaman pengguna kami.<\/li><li>Mematuhi kewajiban hukum dan membela hak.<\/li><li>Kegiatan pemasaran dan promosi.<\/li><\/ul><p><strong>6. Jangka Waktu Penyimpanan Data Pribadi<\/strong><\/p><p>Kami menyimpan data pribadi Anda hanya selama diperlukan untuk keperluan pemrosesan kami. Anda dapat menghubungi kami untuk mendapatkan informasi mengenai berapa lama kami menyimpan data Anda dan bagaimana jangka waktu tersebut ditentukan.<\/p><p><strong>7. Informasi dan Keamanan Pembayaran<\/strong><\/p><ul><li>Informasi kartu kredit dan pembayaran Anda dilindungi oleh langkah-langkah keamanan seperti sertifikat SSL 256-bit.<\/li><li>Informasi kartu Anda dikirimkan terenkripsi dan tidak disimpan oleh Hostragons.<\/li><li>Tindakan pencegahan diambil terhadap kemungkinan malware dengan alat keamanan tambahan.<\/li><\/ul><p><strong>8. Cookie dan Teknologi Pelacakan<\/strong><\/p><p class=\"translation-block\">Situs web kami menggunakan cookie dan teknologi pelacakan untuk meningkatkan pengalaman pengguna dan memahami bagaimana situs web kami digunakan. Anda dapat menemukan informasi lebih lanjut tentang cookie dan cara mengelolanya di halaman <a href=\"https:\/\/www.hostragons.com\/id\/kebijakan-kue\/\" target=\"_new\" rel=\"noreferrer\">Kebijakan Cookie kami<\/a> .<\/p><p><strong>9. Pembagian Data Pribadi<\/strong><\/p><ul><li>Data pribadi Anda hanya dibagikan kepada pihak ketiga jika diperlukan untuk menyediakan layanan kami.<\/li><li>Kami dapat membagikan data Anda sesuai dengan kewajiban hukum atau perintah pengadilan.<\/li><li>Berbagi data dengan pihak ketiga hanya akan terjadi dengan persetujuan Anda.<\/li><\/ul><p><strong>10. Hak Pengguna<\/strong><\/p><p>Berdasarkan GDPR, pengguna memiliki hak berikut:<\/p><ul><li>Hak untuk mengakses, memperbaiki atau menghapus data pribadi.<\/li><li>Hak untuk menolak pemrosesan data dan portabilitas data.<\/li><li>Hak untuk menarik persetujuan kapan saja.<\/li><\/ul><p><strong>11. Penilaian Dampak Perlindungan Data (DPIA)<\/strong><\/p><p>Penilaian dampak perlindungan data dilakukan untuk aktivitas pemrosesan data yang berisiko tinggi. Anda dapat menghubungi kami untuk mendapatkan informasi lebih lanjut mengenai proses DPIA.<\/p><p><strong>12. Transfer Data Internasional<\/strong><\/p><p>Kami mengambil tindakan perlindungan yang diperlukan saat mentransfer data pribadi Anda ke luar UE. Anda dapat menghubungi kami untuk informasi lebih lanjut tentang transfer data internasional.<\/p><p><strong>13. Pemberitahuan Pelanggaran Data<\/strong><\/p><p>Jika terjadi pelanggaran data, kami segera memberi tahu pihak berwenang yang berwenang dan individu yang terkena dampak. Anda dapat menghubungi kami untuk mempelajari lebih lanjut tentang prosedur pelanggaran data kami.<\/p><p><strong>14. Perubahan Kontrak<\/strong><\/p><p>Kebijakan ini dapat diperbarui dari waktu ke waktu. Setiap perubahan yang dilakukan akan dipublikasikan di halaman ini dan akan dicantumkan dengan tanggal efektif. Pengguna dianjurkan untuk memeriksa halaman ini secara teratur untuk tetap mendapat informasi tentang perubahan apa pun.<\/p>\t\t\t\t\t\t\t\t<\/div>\n\t\t\t\t<\/div>\n\t\t\t\t\t<\/div>\n\t\t<\/div>\n\t\t\t\t\t<\/div>\n\t\t<\/section>\n\t\t\t\t<\/div>","protected":false},"excerpt":{"rendered":"<p>Y\u00fcr\u00fcrl\u00fck\/G\u00fcncelleme Tarihi: 05.08.2024 1. Giri\u015f Hostragons Global Limited (&#8220;Hostragons&#8221; olarak an\u0131lacakt\u0131r), kullan\u0131c\u0131lar\u0131m\u0131z\u0131n gizlili\u011fini ve ki\u015fisel verilerinin korunmas\u0131n\u0131 ciddiye al\u0131r. Bu Gizlilik ve GDPR Uyum Politikas\u0131, ki\u015fisel verilerin nas\u0131l topland\u0131\u011f\u0131n\u0131, kullan\u0131ld\u0131\u011f\u0131n\u0131, korundu\u011funu ve GDPR kapsam\u0131nda nas\u0131l y\u00f6netildi\u011fini a\u00e7\u0131klar. Web sitemizi ve hizmetlerimizi kullanarak, bu politikay\u0131 kabul etmi\u015f say\u0131l\u0131rs\u0131n\u0131z. 2. Veri Sorumlusu ve Temsilcisi Hostragons, ki\u015fisel verilerinizi [&hellip;]<\/p>\n","protected":false},"author":94,"featured_media":7854,"parent":0,"menu_order":0,"comment_status":"closed","ping_status":"closed","template":"","meta":{"googlesitekit_rrm_CAow5YvFDA:productID":"","footnotes":""},"class_list":["post-2031","page","type-page","status-publish","has-post-thumbnail","hentry"],"_links":{"self":[{"href":"https:\/\/www.hostragons.com\/id\/wp-json\/wp\/v2\/pages\/2031","targetHints":{"allow":["GET"]}}],"collection":[{"href":"https:\/\/www.hostragons.com\/id\/wp-json\/wp\/v2\/pages"}],"about":[{"href":"https:\/\/www.hostragons.com\/id\/wp-json\/wp\/v2\/types\/page"}],"author":[{"embeddable":true,"href":"https:\/\/www.hostragons.com\/id\/wp-json\/wp\/v2\/users\/94"}],"replies":[{"embeddable":true,"href":"https:\/\/www.hostragons.com\/id\/wp-json\/wp\/v2\/comments?post=2031"}],"version-history":[{"count":0,"href":"https:\/\/www.hostragons.com\/id\/wp-json\/wp\/v2\/pages\/2031\/revisions"}],"wp:featuredmedia":[{"embeddable":true,"href":"https:\/\/www.hostragons.com\/id\/wp-json\/wp\/v2\/media\/7854"}],"wp:attachment":[{"href":"https:\/\/www.hostragons.com\/id\/wp-json\/wp\/v2\/media?parent=2031"}],"curies":[{"name":"wp","href":"https:\/\/api.w.org\/{rel}","templated":true}]}}