{"id":2358,"date":"2020-10-02T08:03:18","date_gmt":"2020-10-02T05:03:18","guid":{"rendered":"https:\/\/www.hostragons.com\/?page_id=2358"},"modified":"2025-03-25T09:07:38","modified_gmt":"2025-03-25T09:07:38","slug":"cookie-szabalyzat","status":"publish","type":"page","link":"https:\/\/www.hostragons.com\/hu\/cookie-szabalyzat\/","title":{"rendered":"Cookie-szab\u00e1lyzat"},"content":{"rendered":"<div data-elementor-type=\"wp-page\" data-elementor-id=\"2358\" class=\"elementor elementor-2358\" data-elementor-post-type=\"page\">\n\t\t\t\t\t\t<section class=\"elementor-section elementor-top-section elementor-element elementor-element-9da5eda elementor-section-boxed elementor-section-height-default elementor-section-height-default\" data-id=\"9da5eda\" data-element_type=\"section\" data-e-type=\"section\">\n\t\t\t\t\t\t<div class=\"elementor-container elementor-column-gap-default\">\n\t\t\t\t\t<div class=\"elementor-column elementor-col-100 elementor-top-column elementor-element elementor-element-a7228de\" data-id=\"a7228de\" data-element_type=\"column\" data-e-type=\"column\">\n\t\t\t<div class=\"elementor-widget-wrap elementor-element-populated\">\n\t\t\t\t\t\t<div class=\"elementor-element elementor-element-8bde4d6 elementor-widget elementor-widget-text-editor\" data-id=\"8bde4d6\" data-element_type=\"widget\" data-e-type=\"widget\" data-widget_type=\"text-editor.default\">\n\t\t\t\t<div class=\"elementor-widget-container\">\n\t\t\t\t\t\t\t\t\t<p><strong>Hat\u00e1lybal\u00e9p\u00e9s\/Friss\u00edt\u00e9s d\u00e1tuma:<\/strong> 2024.08.05<\/p><p><strong>1. Mi az a Cookie?<\/strong><\/p><p>A cookie-k kis adatf\u00e1jlok, amelyeket a webhelyek k\u00fcldenek a b\u00f6ng\u00e9sz\u0151j\u00e9be, \u00e9s amelyeket az \u00d6n eszk\u00f6z\u00e9n t\u00e1rolnak. Ezek a f\u00e1jlok lehet\u0151v\u00e9 teszik b\u00f6ng\u00e9sz\u0151je sz\u00e1m\u00e1ra, hogy felismerje a webhelyet, amikor \u00fajra megl\u00e1togatja, \u00e9s szem\u00e9lyre szabhatja felhaszn\u00e1l\u00f3i \u00e9lm\u00e9ny\u00e9t az\u00e1ltal, hogy megjegyzi a kor\u00e1bbi l\u00e1togat\u00e1sok be\u00e1ll\u00edt\u00e1sait.<\/p><p><strong>2. A cookie-k haszn\u00e1lat\u00e1nak c\u00e9ljai<\/strong><\/p><p>A Hostragons s\u00fctiket haszn\u00e1l a k\u00f6vetkez\u0151 c\u00e9lokra:<\/p><ul><li class=\"translation-block\"><strong>K\u00f6telez\u0151 s\u00fctik:<\/strong> Az oldal alapvet\u0151 funkci\u00f3inak ell\u00e1t\u00e1s\u00e1hoz sz\u00fcks\u00e9ges.<\/li><li><strong>Teljes\u00edtm\u00e9nyt biztos\u00edt\u00f3 s\u00fctik:<\/strong> A webhely teljes\u00edtm\u00e9ny\u00e9nek nyomon k\u00f6vet\u00e9s\u00e9re \u00e9s jav\u00edt\u00e1s\u00e1ra szolg\u00e1l.<\/li><li class=\"translation-block\"><strong>Funkcion\u00e1lis cookie-k:<\/strong> Szem\u00e9lyre szabott \u00e9lm\u00e9nyt biztos\u00edt az\u00e1ltal, hogy megjegyzi a felhaszn\u00e1l\u00f3i be\u00e1ll\u00edt\u00e1sokat.<\/li><li class=\"translation-block\"><strong>Rekl\u00e1m- \u00e9s marketings\u00fctik:<\/strong> az \u00d6n \u00e9rdekl\u0151d\u00e9si k\u00f6r\u00e9nek megfelel\u0151 tartalmak \u00e9s hirdet\u00e9sek megjelen\u00edt\u00e9s\u00e9re szolg\u00e1l.<\/li><\/ul><p><strong>3. Harmadik f\u00e9lt\u0151l sz\u00e1rmaz\u00f3 cookie-k<\/strong><\/p><p>Oldalunkon n\u00e9h\u00e1ny cookie-t k\u00fcls\u0151 szolg\u00e1ltat\u00f3k kezelnek. Ezeket a s\u00fctiket rekl\u00e1moz\u00e1si \u00e9s elemz\u00e9si szolg\u00e1ltat\u00e1sokhoz haszn\u00e1lj\u00e1k, \u00e9s a harmadik felek saj\u00e1t adatv\u00e9delmi szab\u00e1lyzata hat\u00e1lya al\u00e1 tartoznak. Javasoljuk, hogy tekintse \u00e1t ezen szolg\u00e1ltat\u00f3k adatv\u00e9delmi szab\u00e1lyzat\u00e1t, hogy tov\u00e1bbi inform\u00e1ci\u00f3t kapjon a harmadik f\u00e9lt\u0151l sz\u00e1rmaz\u00f3 cookie-k haszn\u00e1lat\u00e1r\u00f3l.<\/p><p><strong>4. Cookie-k ellen\u0151rz\u00e9se \u00e9s t\u00f6rl\u00e9se<\/strong><\/p><p>A cookie-kat a b\u00f6ng\u00e9sz\u0151 be\u00e1ll\u00edt\u00e1saiban kezelheti, elfogadhatja vagy elutas\u00edthatja. A b\u00f6ng\u00e9sz\u0151j\u00e9ben kor\u00e1bban elmentett s\u00fctiket is t\u00f6r\u00f6lheti. A cookie-k kezel\u00e9s\u00e9vel kapcsolatos tov\u00e1bbi inform\u00e1ci\u00f3k\u00e9rt tekintse meg az \u00d6n \u00e1ltal haszn\u00e1lt b\u00f6ng\u00e9sz\u0151re vonatkoz\u00f3 utas\u00edt\u00e1sokat:<\/p><ul><li><a target=\"_new\" rel=\"noreferrer\">Google Chrome<\/a><\/li><li><a href=\"https:\/\/support.mozilla.org\/tr\/kb\/cerezleri-silme\" target=\"_new\" rel=\"noreferrer noopener\">Mozilla Firefox<\/a><\/li><li><a href=\"https:\/\/support.apple.com\/tr-tr\/guide\/safari\/sfri11471\/mac\" target=\"_new\" rel=\"noreferrer noopener\">Szafari<\/a><\/li><li><a href=\"https:\/\/support.microsoft.com\/tr-tr\/help\/4027947\/microsoft-edge-delete-cookies\" target=\"_new\" rel=\"noreferrer noopener\">Microsoft Edge<\/a><\/li><\/ul><p class=\"translation-block\">5. Cookie-szab\u00e1lyzat v\u00e1ltoz\u00e1sai<\/p><p>A Hostragons fenntartja a jogot a s\u00fctiszab\u00e1lyzat megv\u00e1ltoztat\u00e1s\u00e1ra. Szab\u00e1lyzatunk b\u00e1rmilyen v\u00e1ltoz\u00e1sa ezen az oldalon ker\u00fcl friss\u00edt\u00e9sre, \u00e9s hat\u00e1lyba l\u00e9p. Javasoljuk, hogy a felhaszn\u00e1l\u00f3k t\u00e1j\u00e9koz\u00f3djanak minden v\u00e1ltoz\u00e1sr\u00f3l az oldal rendszeres ellen\u0151rz\u00e9s\u00e9vel.<\/p><p><strong>6. Kommunik\u00e1ci\u00f3<\/strong><\/p><p>A cookie szab\u00e1lyzattal kapcsolatos k\u00e9rd\u00e9sek eset\u00e9n <a rel=\"noreferrer\">hello@hostragons.com<\/a> Kapcsolatba l\u00e9phet vel\u00fcnk a.<\/p>\t\t\t\t\t\t\t\t<\/div>\n\t\t\t\t<\/div>\n\t\t\t\t\t<\/div>\n\t\t<\/div>\n\t\t\t\t\t<\/div>\n\t\t<\/section>\n\t\t\t\t<\/div>","protected":false},"excerpt":{"rendered":"<p>Y\u00fcr\u00fcrl\u00fck\/G\u00fcncelleme Tarihi: 05.08.2024 1. \u00c7erez (Cookie) Nedir? \u00c7erezler, web siteleri taraf\u0131ndan taray\u0131c\u0131n\u0131za g\u00f6nderilen ve cihaz\u0131n\u0131zda depolanan k\u00fc\u00e7\u00fck veri dosyalar\u0131d\u0131r. Bu dosyalar, siteyi tekrar ziyaret etti\u011finizde taray\u0131c\u0131n\u0131z\u0131n web sitesini tan\u0131mas\u0131n\u0131 sa\u011flar ve \u00f6nceki ziyaretlerinizdeki tercihlerinizi hat\u0131rlayarak kullan\u0131c\u0131 deneyiminizi ki\u015fiselle\u015ftirir. 2. \u00c7erezlerin Kullan\u0131m Ama\u00e7lar\u0131 Hostragons, a\u015fa\u011f\u0131daki ama\u00e7lar do\u011frultusunda \u00e7erezleri kullan\u0131r: Zorunlu \u00c7erezler: Sitenin temel i\u015flevlerini yerine getirebilmesi [&hellip;]<\/p>\n","protected":false},"author":94,"featured_media":7852,"parent":0,"menu_order":0,"comment_status":"closed","ping_status":"closed","template":"","meta":{"googlesitekit_rrm_CAow5YvFDA:productID":"","footnotes":""},"class_list":["post-2358","page","type-page","status-publish","has-post-thumbnail","hentry"],"_links":{"self":[{"href":"https:\/\/www.hostragons.com\/hu\/wp-json\/wp\/v2\/pages\/2358","targetHints":{"allow":["GET"]}}],"collection":[{"href":"https:\/\/www.hostragons.com\/hu\/wp-json\/wp\/v2\/pages"}],"about":[{"href":"https:\/\/www.hostragons.com\/hu\/wp-json\/wp\/v2\/types\/page"}],"author":[{"embeddable":true,"href":"https:\/\/www.hostragons.com\/hu\/wp-json\/wp\/v2\/users\/94"}],"replies":[{"embeddable":true,"href":"https:\/\/www.hostragons.com\/hu\/wp-json\/wp\/v2\/comments?post=2358"}],"version-history":[{"count":0,"href":"https:\/\/www.hostragons.com\/hu\/wp-json\/wp\/v2\/pages\/2358\/revisions"}],"wp:featuredmedia":[{"embeddable":true,"href":"https:\/\/www.hostragons.com\/hu\/wp-json\/wp\/v2\/media\/7852"}],"wp:attachment":[{"href":"https:\/\/www.hostragons.com\/hu\/wp-json\/wp\/v2\/media?parent=2358"}],"curies":[{"name":"munkaf\u00fczet","href":"https:\/\/api.w.org\/{rel}","templated":true}]}}