{"id":2031,"date":"2020-09-08T16:09:39","date_gmt":"2020-09-08T13:09:39","guid":{"rendered":"https:\/\/www.hostragons.com\/?page_id=2031"},"modified":"2024-09-26T17:52:04","modified_gmt":"2024-09-26T14:52:04","slug":"adatvedelmi-szabalyzat","status":"publish","type":"page","link":"https:\/\/www.hostragons.com\/hu\/adatvedelmi-szabalyzat\/","title":{"rendered":"Adatv\u00e9delmi szab\u00e1lyzat"},"content":{"rendered":"<div data-elementor-type=\"wp-page\" data-elementor-id=\"2031\" class=\"elementor elementor-2031\" data-elementor-post-type=\"page\">\n\t\t\t\t\t\t<section class=\"elementor-section elementor-top-section elementor-element elementor-element-91e4b54 elementor-section-boxed elementor-section-height-default elementor-section-height-default\" data-id=\"91e4b54\" data-element_type=\"section\" data-e-type=\"section\">\n\t\t\t\t\t\t<div class=\"elementor-container elementor-column-gap-default\">\n\t\t\t\t\t<div class=\"elementor-column elementor-col-100 elementor-top-column elementor-element elementor-element-0774a31\" data-id=\"0774a31\" data-element_type=\"column\" data-e-type=\"column\">\n\t\t\t<div class=\"elementor-widget-wrap elementor-element-populated\">\n\t\t\t\t\t\t<div class=\"elementor-element elementor-element-830efa2 elementor-widget elementor-widget-text-editor\" data-id=\"830efa2\" data-element_type=\"widget\" data-e-type=\"widget\" data-widget_type=\"text-editor.default\">\n\t\t\t\t<div class=\"elementor-widget-container\">\n\t\t\t\t\t\t\t\t\t<p><strong>Hat\u00e1lybal\u00e9p\u00e9s\/Friss\u00edt\u00e9s d\u00e1tuma: 2024.08.05<\/strong><\/p><p><strong>1. Bevezet\u00e9s<\/strong><\/p><p>A Hostragons Global Limited (\u201eHostragons\u201d) komolyan veszi felhaszn\u00e1l\u00f3ink mag\u00e1n\u00e9let\u00e9t \u00e9s szem\u00e9lyes adataik v\u00e9delm\u00e9t. Ez az adatv\u00e9delmi \u00e9s GDPR-megfelel\u0151s\u00e9gi szab\u00e1lyzat elmagyar\u00e1zza, hogyan t\u00f6rt\u00e9nik a szem\u00e9lyes adatok gy\u0171jt\u00e9se, felhaszn\u00e1l\u00e1sa, v\u00e9delme \u00e9s kezel\u00e9se a GDPR \u00e9rtelm\u00e9ben. Weboldalunk \u00e9s szolg\u00e1ltat\u00e1saink haszn\u00e1lat\u00e1val \u00fagy tekintj\u00fck, hogy elfogadta ezt a szab\u00e1lyzatot.<\/p><p><strong>2. Adatkezel\u0151 \u00e9s k\u00e9pvisel\u0151<\/strong><\/p><p>A Hostragons az \u00d6n szem\u00e9lyes adatainak v\u00e9delm\u00e9\u00e9rt felel\u0151s adatkezel\u0151. K\u00e9pvisel\u0151nk az Eur\u00f3pai Uni\u00f3ban:<\/p><ul><li><strong>Adatv\u00e9delmi k\u00e9pvisel\u0151:<\/strong> Quebec adatv\u00e9delmi t\u00f6rv\u00e9ny.<\/li><\/ul><p><strong>3. Az adatfeldolgoz\u00e1s alapelvei<\/strong><\/p><p>A Hostragonsn\u00e1l a k\u00f6vetkez\u0151 alapelveknek felel\u00fcnk meg a GDPR k\u00f6vetelm\u00e9nyeivel \u00f6sszhangban:<\/p><ul><li class=\"translation-block\"><strong>\u00c1tl\u00e1that\u00f3s\u00e1g:<\/strong> Vil\u00e1gosan r\u00f6gz\u00edtj\u00fck, hogyan gy\u0171jtj\u00fck \u00e9s kezelj\u00fck az \u00d6n szem\u00e9lyes adatait.<\/li><li class=\"translation-block\"><strong>Pontoss\u00e1g:<\/strong> Az adatokat pontosak \u00e9s naprak\u00e9szek tartjuk.<\/li><li class=\"translation-block\"><strong>Minimaliz\u00e1l\u00e1s:<\/strong> Csak a sz\u00fcks\u00e9ges adatokat gy\u0171jtj\u00fck \u00e9s dolgozzuk fel.<\/li><li class=\"translation-block\"><strong>Adatmeg\u0151rz\u00e9si korl\u00e1toz\u00e1s:<\/strong> Adatait csak addig \u0151rizz\u00fck meg, ameddig sz\u00fcks\u00e9ges.<\/li><\/ul><p><strong>4. \u00d6sszegy\u0171jt\u00f6tt inform\u00e1ci\u00f3k<\/strong><\/p><p>A Hostragons a k\u00f6vetkez\u0151 szem\u00e9lyes adatokat gy\u0171jti:<\/p><ul><li class=\"translation-block\"><strong>Szem\u00e9lyazonoss\u00e1gi adatok:<\/strong> N\u00e9v, vezet\u00e9kn\u00e9v, c\u00edm, telefonsz\u00e1m, e-mail c\u00edm.<\/li><li class=\"translation-block\"><strong>Fizet\u00e9si adatok:<\/strong> Hitelk\u00e1rtya adatok \u00e9s fizet\u00e9si adatok.<\/li><li class=\"translation-block\"><strong>M\u0171szaki adatok:<\/strong> IP c\u00edm, b\u00f6ng\u00e9sz\u0151 t\u00edpusa, oper\u00e1ci\u00f3s rendszer.<\/li><li class=\"translation-block\"><strong>Felhaszn\u00e1l\u00f3i viselked\u00e9s:<\/strong> Felhaszn\u00e1l\u00f3i preferenci\u00e1k, mozg\u00e1sok az oldalon.<\/li><\/ul><p><strong>5. Szem\u00e9lyes adatok felhaszn\u00e1l\u00e1sa<\/strong><\/p><p>Az \u00f6sszegy\u0171jt\u00f6tt szem\u00e9lyes adatokat a k\u00f6vetkez\u0151 c\u00e9lokra haszn\u00e1ljuk fel:<\/p><ul><li>Szolg\u00e1ltat\u00e1sok ny\u00fajt\u00e1sa \u00e9s ir\u00e1ny\u00edt\u00e1sa.<\/li><li>\u00dcgyf\u00e9lszolg\u00e1lati szolg\u00e1ltat\u00e1sok \u00e9s kommunik\u00e1ci\u00f3.<\/li><li>Sz\u00e1ml\u00e1z\u00e1si tranzakci\u00f3k \u00e9s jogi dokumentumok elk\u00e9sz\u00edt\u00e9se.<\/li><li>Weboldalunk teljes\u00edtm\u00e9ny\u00e9nek \u00e9s felhaszn\u00e1l\u00f3i \u00e9lm\u00e9ny\u00e9nek jav\u00edt\u00e1sa.<\/li><li>A t\u00f6rv\u00e9nyi k\u00f6telezetts\u00e9gek betart\u00e1sa \u00e9s a jogok v\u00e9delme.<\/li><li>Marketing \u00e9s prom\u00f3ci\u00f3s tev\u00e9kenys\u00e9gek.<\/li><\/ul><p><strong>6. A szem\u00e9lyes adatok t\u00e1rol\u00e1si id\u0151szaka<\/strong><\/p><p>Szem\u00e9lyes adatait csak addig \u0151rizz\u00fck meg, ameddig az adatkezel\u00e9s\u00fcnk c\u00e9ljaihoz sz\u00fcks\u00e9ges. Felveheti vel\u00fcnk a kapcsolatot, hogy t\u00e1j\u00e9koztat\u00e1st kapjon arr\u00f3l, hogy mennyi ideig \u0151rizz\u00fck meg adatait, \u00e9s hogyan hat\u00e1rozzuk meg ezt az id\u0151tartamot.<\/p><p><strong>7. Fizet\u00e9si inform\u00e1ci\u00f3k \u00e9s biztons\u00e1g<\/strong><\/p><ul><li>Hitelk\u00e1rtya- \u00e9s fizet\u00e9si adatait olyan biztons\u00e1gi int\u00e9zked\u00e9sek v\u00e9dik, mint a 256 bites SSL-tan\u00fas\u00edtv\u00e1ny.<\/li><li>A k\u00e1rtyaadatait titkos\u00edtva tov\u00e1bb\u00edtjuk, \u00e9s a Hostragons nem t\u00e1rolja azokat.<\/li><li>Tov\u00e1bbi biztons\u00e1gi eszk\u00f6z\u00f6kkel \u00f3vint\u00e9zked\u00e9seket tesznek az esetleges rosszindulat\u00fa programok ellen.<\/li><\/ul><p><strong>8. Cookie-k \u00e9s nyomk\u00f6vet\u00e9si technol\u00f3gi\u00e1k<\/strong><\/p><p class=\"translation-block\">Weboldalunk cookie-kat \u00e9s nyomk\u00f6vet\u0151 technol\u00f3gi\u00e1kat haszn\u00e1l a felhaszn\u00e1l\u00f3i \u00e9lm\u00e9ny jav\u00edt\u00e1sa \u00e9s a weboldalunk haszn\u00e1lat\u00e1nak meg\u00e9rt\u00e9se \u00e9rdek\u00e9ben. A cookie-kr\u00f3l \u00e9s azok kezel\u00e9s\u00e9r\u0151l <a href=\"https:\/\/www.hostragons.com\/hu\/cookie-szabalyzat\/\" target=\"_new\" rel=\"noreferrer\">a Cookie-szab\u00e1lyzat<\/a> oldalunkon tal\u00e1l tov\u00e1bbi inform\u00e1ci\u00f3t.<\/p><p><strong>9. Szem\u00e9lyes adatok megoszt\u00e1sa<\/strong><\/p><ul><li>Szem\u00e9lyes adatait csak akkor osztjuk meg harmadik felekkel, ha ez szolg\u00e1ltat\u00e1saink biztos\u00edt\u00e1s\u00e1hoz sz\u00fcks\u00e9ges.<\/li><li>Adatait jogi k\u00f6telezetts\u00e9geknek vagy b\u00edr\u00f3s\u00e1gi v\u00e9gz\u00e9seknek megfelel\u0151en megoszthatjuk.<\/li><li>Harmadik f\u00e9llel val\u00f3 adatmegoszt\u00e1s csak az \u00d6n hozz\u00e1j\u00e1rul\u00e1s\u00e1val t\u00f6rt\u00e9nik.<\/li><\/ul><p><strong>10. Felhaszn\u00e1l\u00f3i jogok<\/strong><\/p><p>A GDPR \u00e9rtelm\u00e9ben a felhaszn\u00e1l\u00f3k a k\u00f6vetkez\u0151 jogokkal rendelkeznek:<\/p><ul><li>A szem\u00e9lyes adatokhoz val\u00f3 hozz\u00e1f\u00e9r\u00e9s, helyesb\u00edt\u00e9s vagy t\u00f6rl\u00e9s joga.<\/li><li>Az adatkezel\u00e9s \u00e9s az adathordozhat\u00f3s\u00e1g elleni tiltakoz\u00e1s joga.<\/li><li>A hozz\u00e1j\u00e1rul\u00e1s b\u00e1rmikor visszavon\u00e1s\u00e1nak joga.<\/li><\/ul><p><strong>11. Adatv\u00e9delmi hat\u00e1svizsg\u00e1lat (DPIA)<\/strong><\/p><p>A magas kock\u00e1zat\u00fa adatkezel\u00e9si tev\u00e9kenys\u00e9gek eset\u00e9ben adatv\u00e9delmi hat\u00e1svizsg\u00e1lat k\u00e9sz\u00fcl. Ha tov\u00e1bbi inform\u00e1ci\u00f3ra van sz\u00fcks\u00e9ge a DPIA folyamattal kapcsolatban, l\u00e9pjen kapcsolatba vel\u00fcnk.<\/p><p><strong>12. Nemzetk\u00f6zi adat\u00e1tvitel<\/strong><\/p><p>Megtessz\u00fck a sz\u00fcks\u00e9ges v\u00e9delmi int\u00e9zked\u00e9seket, amikor szem\u00e9lyes adatait az EU-n k\u00edv\u00fclre tov\u00e1bb\u00edtjuk. A nemzetk\u00f6zi adattov\u00e1bb\u00edt\u00e1ssal kapcsolatos tov\u00e1bbi inform\u00e1ci\u00f3k\u00e9rt forduljon hozz\u00e1nk.<\/p><p><strong>13. \u00c9rtes\u00edt\u00e9s adats\u00e9rt\u00e9sr\u0151l<\/strong><\/p><p>Adatv\u00e9delmi incidens eset\u00e9n halad\u00e9ktalanul \u00e9rtes\u00edtj\u00fck az illet\u00e9kes hat\u00f3s\u00e1gokat \u00e9s az \u00e9rintett szem\u00e9lyeket. Felveheti vel\u00fcnk a kapcsolatot, ha t\u00f6bbet szeretne megtudni adatv\u00e9delmi incidens elj\u00e1r\u00e1sainkr\u00f3l.<\/p><p><strong>14. Szerz\u0151d\u00e9sm\u00f3dos\u00edt\u00e1sok<\/strong><\/p><p>Ez a szab\u00e1lyzat id\u0151r\u0151l id\u0151re friss\u00fclhet. Az esetleges v\u00e1ltoztat\u00e1sokat ezen az oldalon tessz\u00fck k\u00f6zz\u00e9, \u00e9s a hat\u00e1lybal\u00e9p\u00e9s d\u00e1tum\u00e1val egy\u00fctt k\u00f6z\u00f6lj\u00fck. Javasoljuk, hogy a felhaszn\u00e1l\u00f3k rendszeresen ellen\u0151rizze ezt az oldalt, hogy t\u00e1j\u00e9koz\u00f3djon az esetleges v\u00e1ltoz\u00e1sokr\u00f3l.<\/p>\t\t\t\t\t\t\t\t<\/div>\n\t\t\t\t<\/div>\n\t\t\t\t\t<\/div>\n\t\t<\/div>\n\t\t\t\t\t<\/div>\n\t\t<\/section>\n\t\t\t\t<\/div>","protected":false},"excerpt":{"rendered":"<p>Y\u00fcr\u00fcrl\u00fck\/G\u00fcncelleme Tarihi: 05.08.2024 1. Giri\u015f Hostragons Global Limited (&#8220;Hostragons&#8221; olarak an\u0131lacakt\u0131r), kullan\u0131c\u0131lar\u0131m\u0131z\u0131n gizlili\u011fini ve ki\u015fisel verilerinin korunmas\u0131n\u0131 ciddiye al\u0131r. Bu Gizlilik ve GDPR Uyum Politikas\u0131, ki\u015fisel verilerin nas\u0131l topland\u0131\u011f\u0131n\u0131, kullan\u0131ld\u0131\u011f\u0131n\u0131, korundu\u011funu ve GDPR kapsam\u0131nda nas\u0131l y\u00f6netildi\u011fini a\u00e7\u0131klar. Web sitemizi ve hizmetlerimizi kullanarak, bu politikay\u0131 kabul etmi\u015f say\u0131l\u0131rs\u0131n\u0131z. 2. Veri Sorumlusu ve Temsilcisi Hostragons, ki\u015fisel verilerinizi [&hellip;]<\/p>\n","protected":false},"author":94,"featured_media":7854,"parent":0,"menu_order":0,"comment_status":"closed","ping_status":"closed","template":"","meta":{"googlesitekit_rrm_CAow5YvFDA:productID":"","footnotes":""},"class_list":["post-2031","page","type-page","status-publish","has-post-thumbnail","hentry"],"_links":{"self":[{"href":"https:\/\/www.hostragons.com\/hu\/wp-json\/wp\/v2\/pages\/2031","targetHints":{"allow":["GET"]}}],"collection":[{"href":"https:\/\/www.hostragons.com\/hu\/wp-json\/wp\/v2\/pages"}],"about":[{"href":"https:\/\/www.hostragons.com\/hu\/wp-json\/wp\/v2\/types\/page"}],"author":[{"embeddable":true,"href":"https:\/\/www.hostragons.com\/hu\/wp-json\/wp\/v2\/users\/94"}],"replies":[{"embeddable":true,"href":"https:\/\/www.hostragons.com\/hu\/wp-json\/wp\/v2\/comments?post=2031"}],"version-history":[{"count":0,"href":"https:\/\/www.hostragons.com\/hu\/wp-json\/wp\/v2\/pages\/2031\/revisions"}],"wp:featuredmedia":[{"embeddable":true,"href":"https:\/\/www.hostragons.com\/hu\/wp-json\/wp\/v2\/media\/7854"}],"wp:attachment":[{"href":"https:\/\/www.hostragons.com\/hu\/wp-json\/wp\/v2\/media?parent=2031"}],"curies":[{"name":"munkaf\u00fczet","href":"https:\/\/api.w.org\/{rel}","templated":true}]}}