{"id":2358,"date":"2020-10-02T08:03:18","date_gmt":"2020-10-02T05:03:18","guid":{"rendered":"https:\/\/www.hostragons.com\/?page_id=2358"},"modified":"2025-03-25T09:07:38","modified_gmt":"2025-03-25T09:07:38","slug":"%e0%a4%95%e0%a5%81%e0%a4%95%e0%a5%80-%e0%a4%a8%e0%a5%80%e0%a4%a4%e0%a4%bf","status":"publish","type":"page","link":"https:\/\/www.hostragons.com\/hi\/%e0%a4%95%e0%a5%81%e0%a4%95%e0%a5%80-%e0%a4%a8%e0%a5%80%e0%a4%a4%e0%a4%bf\/","title":{"rendered":"\u0915\u0941\u0915\u0940 \u0928\u0940\u0924\u093f"},"content":{"rendered":"<div data-elementor-type=\"wp-page\" data-elementor-id=\"2358\" class=\"elementor elementor-2358\" data-elementor-post-type=\"page\">\n\t\t\t\t\t\t<section class=\"elementor-section elementor-top-section elementor-element elementor-element-9da5eda elementor-section-boxed elementor-section-height-default elementor-section-height-default\" data-id=\"9da5eda\" data-element_type=\"section\" data-e-type=\"section\">\n\t\t\t\t\t\t<div class=\"elementor-container elementor-column-gap-default\">\n\t\t\t\t\t<div class=\"elementor-column elementor-col-100 elementor-top-column elementor-element elementor-element-a7228de\" data-id=\"a7228de\" data-element_type=\"column\" data-e-type=\"column\">\n\t\t\t<div class=\"elementor-widget-wrap elementor-element-populated\">\n\t\t\t\t\t\t<div class=\"elementor-element elementor-element-8bde4d6 elementor-widget elementor-widget-text-editor\" data-id=\"8bde4d6\" data-element_type=\"widget\" data-e-type=\"widget\" data-widget_type=\"text-editor.default\">\n\t\t\t\t<div class=\"elementor-widget-container\">\n\t\t\t\t\t\t\t\t\t<p><strong>\u092a\u094d\u0930\u092d\u093e\u0935\u0940\/\u0905\u092a\u0921\u0947\u091f \u0924\u093f\u0925\u093f:<\/strong> 05.08.2024<\/p><p><strong>1. \u0915\u0941\u0915\u0940 \u0915\u094d\u092f\u093e \u0939\u0948?<\/strong><\/p><p>\u0915\u0941\u0915\u0940\u091c\u093c \u0935\u0947\u092c \u0938\u093e\u0907\u091f\u094b\u0902 \u0926\u094d\u0935\u093e\u0930\u093e \u0906\u092a\u0915\u0947 \u092c\u094d\u0930\u093e\u0909\u091c\u093c\u0930 \u0915\u094b \u092d\u0947\u091c\u0940 \u091c\u093e\u0928\u0947 \u0935\u093e\u0932\u0940 \u0914\u0930 \u0906\u092a\u0915\u0947 \u0921\u093f\u0935\u093e\u0907\u0938 \u092a\u0930 \u0938\u0902\u0917\u094d\u0930\u0939\u0940\u0924 \u091b\u094b\u091f\u0940 \u0921\u0947\u091f\u093e \u092b\u093c\u093e\u0907\u0932\u0947\u0902 \u0939\u0948\u0902\u0964 \u092f\u0947 \u092b\u093c\u093e\u0907\u0932\u0947\u0902 \u091c\u092c \u0906\u092a \u0938\u093e\u0907\u091f \u0915\u094b \u092b\u093f\u0930 \u0938\u0947 \u0935\u093f\u091c\u093f\u091f \u0915\u0930\u0924\u0947 \u0939\u0948\u0902 \u0924\u094b \u0906\u092a\u0915\u0947 \u092c\u094d\u0930\u093e\u0909\u091c\u093c\u0930 \u0915\u094b \u0935\u0947\u092c\u0938\u093e\u0907\u091f \u0915\u094b \u092a\u0939\u091a\u093e\u0928\u0928\u0947 \u0926\u0947\u0924\u0940 \u0939\u0948\u0902 \u0914\u0930 \u0906\u092a\u0915\u0940 \u092a\u093f\u091b\u0932\u0947 \u0935\u093f\u091c\u093c\u093f\u091f\u094d\u0938 \u092e\u0947\u0902 \u0906\u092a\u0915\u0940 \u092a\u094d\u0930\u093e\u0925\u092e\u093f\u0915\u0924\u093e\u0913\u0902 \u0915\u094b \u092f\u093e\u0926 \u0930\u0916\u0924\u0947 \u0939\u0941\u090f \u0906\u092a\u0915\u0940 \u0909\u092a\u092f\u094b\u0917\u0915\u0930\u094d\u0924\u093e \u0905\u0928\u0941\u092d\u0935 \u0915\u094b \u0935\u094d\u092f\u0915\u094d\u0924\u093f\u0917\u0924 \u092c\u0928\u093e\u0924\u0940 \u0939\u0948\u0902\u0964<\/p><p><strong>\u0915\u0941\u0915\u0940\u091c\u093c \u0915\u093e \u0909\u092a\u092f\u094b\u0917 \u0909\u092a\u092f\u094b\u0917\u0915\u0930\u094d\u0924\u093e \u0905\u0928\u0941\u092d\u0935 \u0915\u094b \u092c\u0947\u0939\u0924\u0930 \u092c\u0928\u093e\u0928\u0947, \u0906\u092a\u0915\u0940 \u092a\u094d\u0930\u093e\u0925\u092e\u093f\u0915\u0924\u093e\u0913\u0902 \u0915\u094b \u092f\u093e\u0926 \u0930\u0916\u0928\u0947 \u0914\u0930 \u0938\u093e\u0907\u091f \u092a\u094d\u0930\u0926\u0930\u094d\u0936\u0928 \u0915\u0940 \u0928\u093f\u0917\u0930\u093e\u0928\u0940 \u0915\u0947 \u0932\u093f\u090f \u0915\u093f\u092f\u093e \u091c\u093e\u0924\u093e \u0939\u0948\u0964<\/strong><\/p><p>Hostragons \u0928\u093f\u092e\u094d\u0928\u0932\u093f\u0916\u093f\u0924 \u0909\u0926\u094d\u0926\u0947\u0936\u094d\u092f\u094b\u0902 \u0915\u0947 \u0932\u093f\u090f \u0915\u0941\u0915\u0940\u091c\u093c \u0915\u093e \u0909\u092a\u092f\u094b\u0917 \u0915\u0930\u0924\u093e \u0939\u0948:<\/p><ul><li class=\"translation-block\"><strong>\u0906\u0935\u0936\u094d\u092f\u0915 \u0915\u0941\u0915\u0940\u091c\u093c:<\/strong> \u092f\u0947 \u0938\u093e\u0907\u091f \u0915\u0947 \u092e\u0942\u0932 \u0915\u093e\u0930\u094d\u092f\u094b\u0902 \u0915\u094b \u0938\u0939\u0940 \u0924\u0930\u0940\u0915\u0947 \u0938\u0947 \u0915\u093e\u092e \u0915\u0930\u0928\u0947 \u0915\u0947 \u0932\u093f\u090f \u0906\u0935\u0936\u094d\u092f\u0915 \u0939\u0948\u0902\u0964<\/li><li><strong>\u092a\u094d\u0930\u0926\u0930\u094d\u0936\u0928 \u0915\u0941\u0915\u0940\u091c\u093c:<\/strong> \u0907\u0938\u0915\u093e \u0909\u092a\u092f\u094b\u0917 \u0938\u093e\u0907\u091f \u0915\u0947 \u092a\u094d\u0930\u0926\u0930\u094d\u0936\u0928 \u0915\u0940 \u0928\u093f\u0917\u0930\u093e\u0928\u0940 \u0914\u0930 \u0938\u0941\u0927\u093e\u0930 \u0915\u0947 \u0932\u093f\u090f \u0915\u093f\u092f\u093e \u091c\u093e\u0924\u093e \u0939\u0948\u0964<\/li><li class=\"translation-block\"><strong>\u0915\u093e\u0930\u094d\u092f\u093e\u0924\u094d\u092e\u0915 \u0915\u0941\u0915\u0940\u091c\u093c:<\/strong> \u092f\u0947 \u0909\u092a\u092f\u094b\u0917\u0915\u0930\u094d\u0924\u093e \u0915\u0940 \u092a\u094d\u0930\u093e\u0925\u092e\u093f\u0915\u0924\u093e\u0913\u0902 \u0915\u094b \u092f\u093e\u0926 \u0930\u0916\u0924\u0947 \u0939\u0948\u0902 \u0914\u0930 \u090f\u0915 \u0935\u094d\u092f\u0915\u094d\u0924\u093f\u0917\u0924 \u0905\u0928\u0941\u092d\u0935 \u092a\u094d\u0930\u0926\u093e\u0928 \u0915\u0930\u0924\u0947 \u0939\u0948\u0902\u0964<\/li><li class=\"translation-block\"><strong>\u0935\u093f\u091c\u094d\u091e\u093e\u092a\u0928 \u0914\u0930 \u0935\u093f\u092a\u0923\u0928 \u0915\u0941\u0915\u0940\u091c\u093c:<\/strong> \u0906\u092a\u0915\u0940 \u0930\u0941\u091a\u093f\u092f\u094b\u0902 \u0915\u0947 \u0906\u0927\u093e\u0930 \u092a\u0930 \u0938\u093e\u092e\u0917\u094d\u0930\u0940 \u0914\u0930 \u0935\u093f\u091c\u094d\u091e\u093e\u092a\u0928 \u092a\u094d\u0930\u0938\u094d\u0924\u0941\u0924 \u0915\u0930\u0928\u0947 \u0915\u0947 \u0932\u093f\u090f \u0909\u092a\u092f\u094b\u0917 \u0915\u0940 \u091c\u093e\u0924\u0940 \u0939\u0948\u0902\u0964<\/li><\/ul><p><strong>\u0915\u0941\u0915\u0940\u091c\u093c \u0935\u0947\u092c\u0938\u093e\u0907\u091f\u094b\u0902 \u0915\u094b \u0906\u092a\u0915\u0947 \u0921\u093f\u0935\u093e\u0907\u0938 \u092a\u0930 \u091b\u094b\u091f\u0947 \u0921\u0947\u091f\u093e \u092b\u093c\u093e\u0907\u0932\u0947\u0902 \u0938\u0939\u0947\u091c\u0928\u0947 \u0915\u0940 \u0905\u0928\u0941\u092e\u0924\u093f \u0926\u0947\u0924\u0940 \u0939\u0948\u0902\u0964<\/strong><\/p><p>\u0939\u092e\u093e\u0930\u0940 \u0935\u0947\u092c\u0938\u093e\u0907\u091f \u092a\u0930 \u0915\u0941\u091b \u0915\u0941\u0915\u0940\u091c\u093c \u0924\u0940\u0938\u0930\u0947 \u092a\u0915\u094d\u0937 \u0915\u0947 \u0938\u0947\u0935\u093e \u092a\u094d\u0930\u0926\u093e\u0924\u093e\u0913\u0902 \u0926\u094d\u0935\u093e\u0930\u093e \u092a\u094d\u0930\u092c\u0902\u0927\u093f\u0924 \u0915\u0940 \u091c\u093e\u0924\u0940 \u0939\u0948\u0902\u0964 \u0907\u0928 \u0915\u0941\u0915\u0940\u091c\u093c \u0915\u093e \u0909\u092a\u092f\u094b\u0917 \u0935\u093f\u091c\u094d\u091e\u093e\u092a\u0928 \u0914\u0930 \u090f\u0928\u093e\u0932\u093f\u091f\u093f\u0915\u094d\u0938 \u0938\u0947\u0935\u093e\u0913\u0902 \u0915\u0947 \u0932\u093f\u090f \u0915\u093f\u092f\u093e \u091c\u093e\u0924\u093e \u0939\u0948 \u0914\u0930 \u092f\u0939 \u0907\u0928 \u0924\u0940\u0938\u0930\u0947 \u092a\u0915\u094d\u0937\u094b\u0902 \u0915\u0940 \u0917\u094b\u092a\u0928\u0940\u092f\u0924\u093e \u0928\u0940\u0924\u093f\u092f\u094b\u0902 \u0915\u0947 \u0905\u0927\u0940\u0928 \u0939\u0948\u0902\u0964 \u0924\u0940\u0938\u0930\u0947 \u092a\u0915\u094d\u0937 \u0915\u0940 \u0915\u0941\u0915\u0940\u091c\u093c \u0915\u0947 \u0909\u092a\u092f\u094b\u0917 \u0915\u0947 \u092c\u093e\u0930\u0947 \u092e\u0947\u0902 \u0905\u0927\u093f\u0915 \u091c\u093e\u0928\u0915\u093e\u0930\u0940 \u0915\u0947 \u0932\u093f\u090f, \u0939\u092e \u0907\u0928 \u0938\u0947\u0935\u093e \u092a\u094d\u0930\u0926\u093e\u0924\u093e\u0913\u0902 \u0915\u0940 \u0917\u094b\u092a\u0928\u0940\u092f\u0924\u093e \u0928\u0940\u0924\u093f\u092f\u094b\u0902 \u0915\u0940 \u0938\u092e\u0940\u0915\u094d\u0937\u093e \u0915\u0930\u0928\u0947 \u0915\u0940 \u0938\u0932\u093e\u0939 \u0926\u0947\u0924\u0947 \u0939\u0948\u0902\u0964<\/p><p><strong>\u0906\u092a \u0905\u092a\u0928\u0947 \u0915\u0941\u0915\u0940\u091c\u093c \u0915\u094b \u092c\u094d\u0930\u093e\u0909\u091c\u093c\u0930 \u0938\u0947\u091f\u093f\u0902\u0917\u094d\u0938 \u0915\u0947 \u092e\u093e\u0927\u094d\u092f\u092e \u0938\u0947 \u092a\u094d\u0930\u092c\u0902\u0927\u093f\u0924 \u092f\u093e \u0939\u091f\u093e \u0938\u0915\u0924\u0947 \u0939\u0948\u0902\u0964<\/strong><\/p><p>\u0906\u092a \u0905\u092a\u0928\u0947 \u092c\u094d\u0930\u093e\u0909\u091c\u093c\u0930 \u0938\u0947\u091f\u093f\u0902\u0917\u094d\u0938 \u0938\u0947 \u0915\u0941\u0915\u0940\u091c\u093c \u0915\u093e \u092a\u094d\u0930\u092c\u0902\u0927\u0928 \u0915\u0930 \u0938\u0915\u0924\u0947 \u0939\u0948\u0902, \u0938\u094d\u0935\u0940\u0915\u093e\u0930 \u092f\u093e \u0905\u0938\u094d\u0935\u0940\u0915\u093e\u0930 \u0915\u0930 \u0938\u0915\u0924\u0947 \u0939\u0948\u0902\u0964 \u0907\u0938\u0915\u0947 \u0905\u0932\u093e\u0935\u093e, \u0906\u092a \u0905\u092a\u0928\u0947 \u092c\u094d\u0930\u093e\u0909\u091c\u093c\u0930 \u092e\u0947\u0902 \u092a\u0939\u0932\u0947 \u0938\u0947 \u0938\u0902\u0917\u094d\u0930\u0939\u0940\u0924 \u0915\u0941\u0915\u0940\u091c\u093c \u0915\u094b \u092d\u0940 \u0939\u091f\u093e \u0938\u0915\u0924\u0947 \u0939\u0948\u0902\u0964 \u0915\u0941\u0915\u0940\u091c\u093c \u0915\u094b \u092a\u094d\u0930\u092c\u0902\u0927\u093f\u0924 \u0915\u0930\u0928\u0947 \u0915\u0947 \u092c\u093e\u0930\u0947 \u092e\u0947\u0902 \u0905\u0927\u093f\u0915 \u091c\u093e\u0928\u0915\u093e\u0930\u0940 \u0915\u0947 \u0932\u093f\u090f \u0915\u0943\u092a\u092f\u093e \u0905\u092a\u0928\u0947 \u092c\u094d\u0930\u093e\u0909\u091c\u093c\u0930-\u0935\u093f\u0936\u093f\u0937\u094d\u091f \u0928\u093f\u0930\u094d\u0926\u0947\u0936 \u0926\u0947\u0916\u0947\u0902:<\/p><ul><li><a target=\"_new\" rel=\"noreferrer\">\u0917\u0942\u0917\u0932 \u0915\u094d\u0930\u094b\u092e<\/a><\/li><li><a href=\"https:\/\/support.mozilla.org\/tr\/kb\/cerezleri-silme\" target=\"_new\" rel=\"noreferrer noopener\">\u092e\u094b\u091c\u093c\u093f\u0932\u093e \u092b\u093c\u093e\u092f\u0930\u092b\u093c\u0949\u0915\u094d\u0938<\/a><\/li><li><a href=\"https:\/\/support.apple.com\/tr-tr\/guide\/safari\/sfri11471\/mac\" target=\"_new\" rel=\"noreferrer noopener\">\u0938\u092b\u093e\u0930\u0940<\/a><\/li><li><a href=\"https:\/\/support.microsoft.com\/tr-tr\/help\/4027947\/microsoft-edge-delete-cookies\" target=\"_new\" rel=\"noreferrer noopener\">\u092e\u093e\u0907\u0915\u094d\u0930\u094b\u0938\u0949\u092b\u094d\u091f \u090f\u091c<\/a><\/li><\/ul><p><strong>\u0939\u092e\u093e\u0930\u0940 \u0915\u0941\u0915\u0940 \u0928\u0940\u0924\u093f \u092e\u0947\u0902 \u0915\u093f\u090f \u0917\u090f \u092c\u0926\u0932\u093e\u0935 \u0907\u0938 \u092a\u0943\u0937\u094d\u0920 \u092a\u0930 \u0918\u094b\u0937\u093f\u0924 \u0915\u093f\u090f \u091c\u093e\u090f\u0902\u0917\u0947\u0964<\/strong><\/p><p>Hostragons \u0905\u092a\u0928\u0940 \u0915\u0941\u0915\u0940 \u0928\u0940\u0924\u093f \u092e\u0947\u0902 \u092c\u0926\u0932\u093e\u0935 \u0915\u0930\u0928\u0947 \u0915\u093e \u0905\u0927\u093f\u0915\u093e\u0930 \u0938\u0941\u0930\u0915\u094d\u0937\u093f\u0924 \u0930\u0916\u0924\u093e \u0939\u0948\u0964 \u0939\u092e\u093e\u0930\u0940 \u0928\u0940\u0924\u093f \u092e\u0947\u0902 \u0915\u093f\u090f \u0917\u090f \u092c\u0926\u0932\u093e\u0935 \u0907\u0938 \u092a\u0943\u0937\u094d\u0920 \u092a\u0930 \u0905\u092a\u0921\u0947\u091f \u0915\u093f\u090f \u091c\u093e\u090f\u0902\u0917\u0947 \u0914\u0930 \u092a\u094d\u0930\u092d\u093e\u0935\u0940 \u0939\u094b\u0902\u0917\u0947\u0964 \u0939\u092e \u0909\u092a\u092f\u094b\u0917\u0915\u0930\u094d\u0924\u093e\u0913\u0902 \u0915\u094b \u0938\u0932\u093e\u0939 \u0926\u0947\u0924\u0947 \u0939\u0948\u0902 \u0915\u093f \u0935\u0947 \u0907\u0938 \u092a\u0943\u0937\u094d\u0920 \u0915\u094b \u0928\u093f\u092f\u092e\u093f\u0924 \u0930\u0942\u092a \u0938\u0947 \u091c\u093e\u0902\u091a\u0924\u0947 \u0930\u0939\u0947\u0902 \u0924\u093e\u0915\u093f \u0915\u093f\u0938\u0940 \u092d\u0940 \u0905\u092a\u0921\u0947\u091f \u0938\u0947 \u0905\u0935\u0917\u0924 \u0930\u0939\u0947\u0902\u0964<\/p><p><strong>\u0938\u0902\u092a\u0930\u094d\u0915<\/strong><\/p><p>\u0907\u0938 \u0915\u0941\u0915\u0940 \u0928\u0940\u0924\u093f \u0915\u0947 \u092c\u093e\u0930\u0947 \u092e\u0947\u0902 \u0915\u093f\u0938\u0940 \u092d\u0940 \u092a\u094d\u0930\u0936\u094d\u0928 \u0915\u0947 \u0932\u093f\u090f, \u0906\u092a \u0939\u092e\u0938\u0947 \u0938\u0902\u092a\u0930\u094d\u0915 \u0915\u0930 \u0938\u0915\u0924\u0947 \u0939\u0948\u0902\u0964 <a rel=\"noreferrer\">hello@hostragons.com<\/a> \u0906\u092a \u0939\u092e\u0938\u0947 \u092f\u0939\u093e\u0902 \u0938\u0902\u092a\u0930\u094d\u0915 \u0915\u0930 \u0938\u0915\u0924\u0947 \u0939\u0948\u0902.<\/p>\t\t\t\t\t\t\t\t<\/div>\n\t\t\t\t<\/div>\n\t\t\t\t\t<\/div>\n\t\t<\/div>\n\t\t\t\t\t<\/div>\n\t\t<\/section>\n\t\t\t\t<\/div>","protected":false},"excerpt":{"rendered":"<p>Y\u00fcr\u00fcrl\u00fck\/G\u00fcncelleme Tarihi: 05.08.2024 1. \u00c7erez (Cookie) Nedir? \u00c7erezler, web siteleri taraf\u0131ndan taray\u0131c\u0131n\u0131za g\u00f6nderilen ve cihaz\u0131n\u0131zda depolanan k\u00fc\u00e7\u00fck veri dosyalar\u0131d\u0131r. Bu dosyalar, siteyi tekrar ziyaret etti\u011finizde taray\u0131c\u0131n\u0131z\u0131n web sitesini tan\u0131mas\u0131n\u0131 sa\u011flar ve \u00f6nceki ziyaretlerinizdeki tercihlerinizi hat\u0131rlayarak kullan\u0131c\u0131 deneyiminizi ki\u015fiselle\u015ftirir. 2. \u00c7erezlerin Kullan\u0131m Ama\u00e7lar\u0131 Hostragons, a\u015fa\u011f\u0131daki ama\u00e7lar do\u011frultusunda \u00e7erezleri kullan\u0131r: Zorunlu \u00c7erezler: Sitenin temel i\u015flevlerini yerine getirebilmesi [&hellip;]<\/p>\n","protected":false},"author":94,"featured_media":7852,"parent":0,"menu_order":0,"comment_status":"closed","ping_status":"closed","template":"","meta":{"googlesitekit_rrm_CAow5YvFDA:productID":"","footnotes":""},"class_list":["post-2358","page","type-page","status-publish","has-post-thumbnail","hentry"],"_links":{"self":[{"href":"https:\/\/www.hostragons.com\/hi\/wp-json\/wp\/v2\/pages\/2358","targetHints":{"allow":["GET"]}}],"collection":[{"href":"https:\/\/www.hostragons.com\/hi\/wp-json\/wp\/v2\/pages"}],"about":[{"href":"https:\/\/www.hostragons.com\/hi\/wp-json\/wp\/v2\/types\/page"}],"author":[{"embeddable":true,"href":"https:\/\/www.hostragons.com\/hi\/wp-json\/wp\/v2\/users\/94"}],"replies":[{"embeddable":true,"href":"https:\/\/www.hostragons.com\/hi\/wp-json\/wp\/v2\/comments?post=2358"}],"version-history":[{"count":0,"href":"https:\/\/www.hostragons.com\/hi\/wp-json\/wp\/v2\/pages\/2358\/revisions"}],"wp:featuredmedia":[{"embeddable":true,"href":"https:\/\/www.hostragons.com\/hi\/wp-json\/wp\/v2\/media\/7852"}],"wp:attachment":[{"href":"https:\/\/www.hostragons.com\/hi\/wp-json\/wp\/v2\/media?parent=2358"}],"curies":[{"name":"\u0921\u092c\u094d\u0932\u094d\u092f\u0942\u092a\u0940","href":"https:\/\/api.w.org\/{rel}","templated":true}]}}