{"id":2358,"date":"2020-10-02T08:03:18","date_gmt":"2020-10-02T05:03:18","guid":{"rendered":"https:\/\/www.hostragons.com\/?page_id=2358"},"modified":"2025-03-25T09:07:38","modified_gmt":"2025-03-25T09:07:38","slug":"%e0%aa%95%e0%ab%82%e0%aa%95%e0%ab%80-%e0%aa%a8%e0%ab%80%e0%aa%a4%e0%aa%bf","status":"publish","type":"page","link":"https:\/\/www.hostragons.com\/gu\/%e0%aa%95%e0%ab%82%e0%aa%95%e0%ab%80-%e0%aa%a8%e0%ab%80%e0%aa%a4%e0%aa%bf\/","title":{"rendered":"\u0a95\u0ac2\u0a95\u0ac0 \u0aa8\u0ac0\u0aa4\u0abf"},"content":{"rendered":"<div data-elementor-type=\"wp-page\" data-elementor-id=\"2358\" class=\"elementor elementor-2358\" data-elementor-post-type=\"page\">\n\t\t\t\t\t\t<section class=\"elementor-section elementor-top-section elementor-element elementor-element-9da5eda elementor-section-boxed elementor-section-height-default elementor-section-height-default\" data-id=\"9da5eda\" data-element_type=\"section\" data-e-type=\"section\">\n\t\t\t\t\t\t<div class=\"elementor-container elementor-column-gap-default\">\n\t\t\t\t\t<div class=\"elementor-column elementor-col-100 elementor-top-column elementor-element elementor-element-a7228de\" data-id=\"a7228de\" data-element_type=\"column\" data-e-type=\"column\">\n\t\t\t<div class=\"elementor-widget-wrap elementor-element-populated\">\n\t\t\t\t\t\t<div class=\"elementor-element elementor-element-8bde4d6 elementor-widget elementor-widget-text-editor\" data-id=\"8bde4d6\" data-element_type=\"widget\" data-e-type=\"widget\" data-widget_type=\"text-editor.default\">\n\t\t\t\t<div class=\"elementor-widget-container\">\n\t\t\t\t\t\t\t\t\t<p><strong>\u0a85\u0ab8\u0ab0\u0a95\u0abe\u0ab0\u0a95\/\u0a85\u0aaa\u0aa1\u0ac7\u0a9f \u0aa4\u0abe\u0ab0\u0ac0\u0a96:<\/strong> 05.08.2024<\/p><p><strong>1. \u0a95\u0ac2\u0a95\u0ac0 \u0ab6\u0ac1\u0a82 \u0a9b\u0ac7?<\/strong><\/p><p>\u0a95\u0ac2\u0a95\u0ac0\u0a9d \u0a8f \u0ab5\u0ac7\u0aac\u0ab8\u0abe\u0a87\u0a9f\u0acd\u0ab8 \u0aa6\u0acd\u0ab5\u0abe\u0ab0\u0abe \u0aa4\u0aae\u0abe\u0ab0\u0abe \u0aac\u0acd\u0ab0\u0abe\u0a89\u0a9d\u0ab0 \u0aaa\u0ab0 \u0aae\u0acb\u0a95\u0ab2\u0ab5\u0abe\u0aae\u0abe\u0a82 \u0a86\u0ab5\u0aa4\u0ac0 \u0a85\u0aa8\u0ac7 \u0aa4\u0aae\u0abe\u0ab0\u0abe \u0a89\u0aaa\u0a95\u0ab0\u0aa3 \u0aaa\u0ab0 \u0ab8\u0a82\u0a97\u0acd\u0ab0\u0ab9\u0abf\u0aa4 \u0aa8\u0abe\u0aa8\u0ac0 \u0aa1\u0ac7\u0a9f\u0abe \u0aab\u0abe\u0a87\u0ab2\u0acb \u0a9b\u0ac7. \u0a86 \u0aab\u0abe\u0a87\u0ab2\u0acb \u0aa4\u0aae\u0abe\u0ab0\u0abe \u0aac\u0acd\u0ab0\u0abe\u0a89\u0a9d\u0ab0\u0aa8\u0ac7 \u0a9c\u0acd\u0aaf\u0abe\u0ab0\u0ac7 \u0aa4\u0aae\u0ac7 \u0ab5\u0ac7\u0aac\u0ab8\u0abe\u0a87\u0a9f\u0aa8\u0ac0 \u0aab\u0ab0\u0ac0 \u0aae\u0ac1\u0ab2\u0abe\u0a95\u0abe\u0aa4 \u0ab2\u0acb \u0a9b\u0acb \u0aa4\u0acd\u0aaf\u0abe\u0ab0\u0ac7 \u0aa4\u0ac7\u0aa8\u0ac7 \u0a93\u0ab3\u0a96\u0ab5\u0abe \u0aa6\u0ac7 \u0a9b\u0ac7 \u0a85\u0aa8\u0ac7 \u0a85\u0a97\u0abe\u0a89\u0aa8\u0ac0 \u0aae\u0ac1\u0ab2\u0abe\u0a95\u0abe\u0aa4\u0acb\u0aae\u0abe\u0a82\u0aa5\u0ac0 \u0aa4\u0aae\u0abe\u0ab0\u0ac0 \u0aaa\u0ab8\u0a82\u0aa6\u0a97\u0ac0\u0a93\u0aa8\u0ac7 \u0aaf\u0abe\u0aa6 \u0a95\u0ab0\u0ac0\u0aa8\u0ac7 \u0aa4\u0aae\u0abe\u0ab0\u0abe \u0ab5\u0aaa\u0ab0\u0abe\u0ab6\u0a95\u0ab0\u0acd\u0aa4\u0abe \u0a85\u0aa8\u0ac1\u0aad\u0ab5\u0aa8\u0ac7 \u0ab5\u0acd\u0aaf\u0a95\u0acd\u0aa4\u0abf\u0a97\u0aa4 \u0a95\u0ab0\u0ac7 \u0a9b\u0ac7.<\/p><p><strong>2. \u0a95\u0ac2\u0a95\u0ac0\u0a9d\u0aa8\u0abe \u0a89\u0aaa\u0aaf\u0acb\u0a97\u0aa8\u0abe \u0ab9\u0ac7\u0aa4\u0ac1\u0a93<\/strong><\/p><p>Hostragons \u0aa8\u0ac0\u0a9a\u0ac7\u0aa8\u0abe \u0ab9\u0ac7\u0aa4\u0ac1\u0a93 \u0aae\u0abe\u0a9f\u0ac7 \u0a95\u0ac2\u0a95\u0ac0\u0a9d\u0aa8\u0acb \u0a89\u0aaa\u0aaf\u0acb\u0a97 \u0a95\u0ab0\u0ac7 \u0a9b\u0ac7:<\/p><ul><li class=\"translation-block\"><strong>\u0aab\u0ab0\u0a9c\u0abf\u0aaf\u0abe\u0aa4 \u0a95\u0ac2\u0a95\u0ac0\u0a9d:<\/strong> \u0ab8\u0abe\u0a87\u0a9f \u0aa4\u0ac7\u0aa8\u0abe \u0aae\u0ac2\u0ab3\u0aad\u0ac2\u0aa4 \u0a95\u0abe\u0ab0\u0acd\u0aaf\u0acb \u0a95\u0ab0\u0ab5\u0abe \u0aae\u0abe\u0a9f\u0ac7 \u0a9c\u0ab0\u0ac2\u0ab0\u0ac0 \u0a9b\u0ac7.<\/li><li><strong>\u0aaa\u0acd\u0ab0\u0aa6\u0ab0\u0acd\u0ab6\u0aa8 \u0a95\u0ac2\u0a95\u0ac0\u0a9d:<\/strong> \u0aa4\u0ac7\u0aa8\u0acb \u0a89\u0aaa\u0aaf\u0acb\u0a97 \u0ab8\u0abe\u0a87\u0a9f\u0aa8\u0abe \u0aaa\u0acd\u0ab0\u0aa6\u0ab0\u0acd\u0ab6\u0aa8\u0aa8\u0ac7 \u0aae\u0acb\u0aa8\u0abf\u0a9f\u0ab0 \u0a95\u0ab0\u0ab5\u0abe \u0a85\u0aa8\u0ac7 \u0ab8\u0ac1\u0aa7\u0abe\u0ab0\u0ab5\u0abe \u0aae\u0abe\u0a9f\u0ac7 \u0aa5\u0abe\u0aaf \u0a9b\u0ac7.<\/li><li class=\"translation-block\"><strong>\u0a95\u0abe\u0ab0\u0acd\u0aaf\u0abe\u0aa4\u0acd\u0aae\u0a95 \u0a95\u0ac2\u0a95\u0ac0\u0a9d:<\/strong> \u0ab5\u0aaa\u0ab0\u0abe\u0ab6\u0a95\u0ab0\u0acd\u0aa4\u0abe\u0aa8\u0ac0 \u0aaa\u0ab8\u0a82\u0aa6\u0a97\u0ac0\u0a93\u0aa8\u0ac7 \u0aaf\u0abe\u0aa6 \u0ab0\u0abe\u0a96\u0ac0\u0aa8\u0ac7 \u0ab5\u0acd\u0aaf\u0a95\u0acd\u0aa4\u0abf\u0a97\u0aa4 \u0a85\u0aa8\u0ac1\u0aad\u0ab5 \u0aaa\u0acd\u0ab0\u0aa6\u0abe\u0aa8 \u0a95\u0ab0\u0ac7 \u0a9b\u0ac7.<\/li><li class=\"translation-block\"><strong>\u0a9c\u0abe\u0ab9\u0ac7\u0ab0\u0abe\u0aa4 \u0a85\u0aa8\u0ac7 \u0aae\u0abe\u0ab0\u0acd\u0a95\u0ac7\u0a9f\u0abf\u0a82\u0a97 \u0a95\u0ac2\u0a95\u0ac0\u0a9d:<\/strong> \u0aa4\u0aae\u0abe\u0ab0\u0ac0 \u0ab0\u0ac1\u0a9a\u0abf\u0a93\u0aa8\u0ac7 \u0a85\u0aa8\u0ac1\u0ab0\u0ac2\u0aaa \u0ab8\u0abe\u0aae\u0a97\u0acd\u0ab0\u0ac0 \u0a85\u0aa8\u0ac7 \u0a9c\u0abe\u0ab9\u0ac7\u0ab0\u0abe\u0aa4\u0acb \u0aaa\u0ab9\u0acb\u0a82\u0a9a\u0abe\u0aa1\u0ab5\u0abe \u0aae\u0abe\u0a9f\u0ac7 \u0ab5\u0aaa\u0ab0\u0abe\u0aaf \u0a9b\u0ac7.<\/li><\/ul><p><strong>3. \u0aa4\u0ac3\u0aa4\u0ac0\u0aaf \u0aaa\u0a95\u0acd\u0ab7 \u0a95\u0ac2\u0a95\u0ac0\u0a9d<\/strong><\/p><p>\u0a85\u0aae\u0abe\u0ab0\u0ac0 \u0ab8\u0abe\u0a87\u0a9f \u0aaa\u0ab0\u0aa8\u0ac0 \u0a95\u0ac7\u0a9f\u0ab2\u0ac0\u0a95 \u0a95\u0ac2\u0a95\u0ac0\u0a9d \u0aa4\u0ac3\u0aa4\u0ac0\u0aaf-\u0aaa\u0a95\u0acd\u0ab7 \u0ab8\u0ac7\u0ab5\u0abe \u0aaa\u0acd\u0ab0\u0aa6\u0abe\u0aa4\u0abe\u0a93 \u0aa6\u0acd\u0ab5\u0abe\u0ab0\u0abe \u0ab8\u0a82\u0a9a\u0abe\u0ab2\u0abf\u0aa4 \u0aa5\u0abe\u0aaf \u0a9b\u0ac7. \u0a86 \u0a95\u0ac2\u0a95\u0ac0\u0a9d\u0aa8\u0acb \u0a89\u0aaa\u0aaf\u0acb\u0a97 \u0a9c\u0abe\u0ab9\u0ac7\u0ab0\u0abe\u0aa4 \u0a85\u0aa8\u0ac7 \u0ab5\u0abf\u0ab6\u0acd\u0ab2\u0ac7\u0ab7\u0aa3 \u0ab8\u0ac7\u0ab5\u0abe\u0a93 \u0aae\u0abe\u0a9f\u0ac7 \u0aa5\u0abe\u0aaf \u0a9b\u0ac7 \u0a85\u0aa8\u0ac7 \u0aa4\u0ac7 \u0aa4\u0ac3\u0aa4\u0ac0\u0aaf \u0aaa\u0a95\u0acd\u0ab7\u0acb\u0aa8\u0ac0 \u0aaa\u0acb\u0aa4\u0abe\u0aa8\u0ac0 \u0a97\u0acb\u0aaa\u0aa8\u0ac0\u0aaf\u0aa4\u0abe \u0aa8\u0ac0\u0aa4\u0abf\u0a93\u0aa8\u0ac7 \u0a86\u0aa7\u0ac0\u0aa8 \u0a9b\u0ac7. \u0a85\u0aae\u0ac7 \u0aad\u0ab2\u0abe\u0aae\u0aa3 \u0a95\u0ab0\u0ac0\u0a8f \u0a9b\u0ac0\u0a8f \u0a95\u0ac7 \u0aa4\u0aae\u0ac7 \u0a86 \u0ab8\u0ac7\u0ab5\u0abe \u0aaa\u0acd\u0ab0\u0aa6\u0abe\u0aa4\u0abe\u0a93\u0aa8\u0ac0 \u0aa4\u0ac3\u0aa4\u0ac0\u0aaf-\u0aaa\u0a95\u0acd\u0ab7 \u0a95\u0ac2\u0a95\u0ac0\u0a9d\u0aa8\u0abe \u0a89\u0aaa\u0aaf\u0acb\u0a97 \u0ab5\u0abf\u0ab6\u0ac7 \u0ab5\u0aa7\u0ac1 \u0aae\u0abe\u0ab9\u0abf\u0aa4\u0ac0 \u0aae\u0abe\u0a9f\u0ac7 \u0aa4\u0ac7\u0aae\u0aa8\u0ac0 \u0a97\u0acb\u0aaa\u0aa8\u0ac0\u0aaf\u0aa4\u0abe \u0aa8\u0ac0\u0aa4\u0abf\u0a93\u0aa8\u0ac0 \u0ab8\u0aae\u0ac0\u0a95\u0acd\u0ab7\u0abe \u0a95\u0ab0\u0acb.<\/p><p><strong>4. \u0a95\u0ac2\u0a95\u0ac0\u0a9d\u0aa8\u0ac1\u0a82 \u0aa8\u0abf\u0aaf\u0a82\u0aa4\u0acd\u0ab0\u0aa3 \u0a85\u0aa8\u0ac7 \u0a95\u0abe\u0aa2\u0ac0 \u0aa8\u0abe\u0a96\u0ab5\u0ac1\u0a82<\/strong><\/p><p>\u0aa4\u0aae\u0ac7 \u0aa4\u0aae\u0abe\u0ab0\u0abe \u0aac\u0acd\u0ab0\u0abe\u0a89\u0a9d\u0ab0 \u0ab8\u0ac7\u0a9f\u0abf\u0a82\u0a97\u0acd\u0ab8 \u0aa6\u0acd\u0ab5\u0abe\u0ab0\u0abe \u0a95\u0ac2\u0a95\u0ac0\u0a9d\u0aa8\u0ac7 \u0aae\u0ac7\u0aa8\u0ac7\u0a9c \u0a95\u0ab0\u0ac0 \u0ab6\u0a95\u0acb \u0a9b\u0acb, \u0ab8\u0acd\u0ab5\u0ac0\u0a95\u0abe\u0ab0\u0ac0 \u0ab6\u0a95\u0acb \u0a9b\u0acb \u0a85\u0aa5\u0ab5\u0abe \u0aa8\u0a95\u0abe\u0ab0\u0ac0 \u0ab6\u0a95\u0acb \u0a9b\u0acb. \u0aa4\u0aae\u0ac7 \u0aa4\u0aae\u0abe\u0ab0\u0abe \u0aac\u0acd\u0ab0\u0abe\u0a89\u0a9d\u0ab0\u0aae\u0abe\u0a82 \u0a85\u0a97\u0abe\u0a89 \u0ab8\u0abe\u0a9a\u0ab5\u0ac7\u0ab2\u0ac0 \u0a95\u0ac2\u0a95\u0ac0\u0a9d \u0aaa\u0aa3 \u0a95\u0abe\u0aa2\u0ac0 \u0ab6\u0a95\u0acb \u0a9b\u0acb. \u0a95\u0ac2\u0a95\u0ac0\u0a9d\u0aa8\u0ac1\u0a82 \u0ab8\u0a82\u0a9a\u0abe\u0ab2\u0aa8 \u0a95\u0ac7\u0ab5\u0ac0 \u0ab0\u0ac0\u0aa4\u0ac7 \u0a95\u0ab0\u0ab5\u0ac1\u0a82 \u0aa4\u0ac7 \u0ab5\u0abf\u0ab6\u0ac7 \u0ab5\u0aa7\u0ac1 \u0aae\u0abe\u0ab9\u0abf\u0aa4\u0ac0 \u0aae\u0abe\u0a9f\u0ac7, \u0aa4\u0aae\u0ac7 \u0a9c\u0ac7 \u0aac\u0acd\u0ab0\u0abe\u0a89\u0a9d\u0ab0\u0aa8\u0acb \u0a89\u0aaa\u0aaf\u0acb\u0a97 \u0a95\u0ab0\u0ac0 \u0ab0\u0ab9\u0acd\u0aaf\u0abe\u0a82 \u0a9b\u0acb \u0aa4\u0ac7\u0aa8\u0abe \u0aae\u0abe\u0a9f\u0ac7 \u0ab5\u0abf\u0ab6\u0abf\u0ab7\u0acd\u0a9f \u0ab8\u0ac2\u0a9a\u0aa8\u0abe\u0a93\u0aa8\u0acb \u0ab8\u0a82\u0aa6\u0ab0\u0acd\u0aad \u0ab2\u0a88 \u0ab6\u0a95\u0acb \u0a9b\u0acb:<\/p><ul><li><a target=\"_new\" rel=\"noreferrer\">Google Chrome<\/a><\/li><li><a href=\"https:\/\/support.mozilla.org\/tr\/kb\/cerezleri-silme\" target=\"_new\" rel=\"noreferrer noopener\">\u0aae\u0acb\u0a9d\u0abf\u0ab2\u0abe \u0aab\u0abe\u0aaf\u0ab0\u0aab\u0acb\u0a95\u0acd\u0ab8<\/a><\/li><li><a href=\"https:\/\/support.apple.com\/tr-tr\/guide\/safari\/sfri11471\/mac\" target=\"_new\" rel=\"noreferrer noopener\">\u0ab8\u0aab\u0abe\u0ab0\u0ac0<\/a><\/li><li><a href=\"https:\/\/support.microsoft.com\/tr-tr\/help\/4027947\/microsoft-edge-delete-cookies\" target=\"_new\" rel=\"noreferrer noopener\">\u0aae\u0abe\u0a88\u0a95\u0acd\u0ab0\u0acb\u0ab8\u0acb\u0aab\u0acd\u0a9f \u0a8f\u0a9c<\/a><\/li><\/ul><p class=\"translation-block\">5. \u0a95\u0ac2\u0a95\u0ac0 \u0aa8\u0ac0\u0aa4\u0abf \u0aab\u0ac7\u0ab0\u0aab\u0abe\u0ab0\u0acb<\/p><p>Hostragons \u0aa4\u0ac7\u0aa8\u0ac0 \u0a95\u0ac2\u0a95\u0ac0 \u0aa8\u0ac0\u0aa4\u0abf \u0aac\u0aa6\u0ab2\u0ab5\u0abe\u0aa8\u0acb \u0a85\u0aa7\u0abf\u0a95\u0abe\u0ab0 \u0a85\u0aa8\u0abe\u0aae\u0aa4 \u0ab0\u0abe\u0a96\u0ac7 \u0a9b\u0ac7. \u0a85\u0aae\u0abe\u0ab0\u0ac0 \u0aa8\u0ac0\u0aa4\u0abf\u0aae\u0abe\u0a82 \u0a95\u0acb\u0a88\u0aaa\u0aa3 \u0aab\u0ac7\u0ab0\u0aab\u0abe\u0ab0\u0acb \u0a86 \u0aaa\u0ac3\u0ab7\u0acd\u0aa0 \u0aaa\u0ab0 \u0a85\u0aaa\u0aa1\u0ac7\u0a9f \u0a95\u0ab0\u0ab5\u0abe\u0aae\u0abe\u0a82 \u0a86\u0ab5\u0ab6\u0ac7 \u0a85\u0aa8\u0ac7 \u0a85\u0aae\u0ab2\u0aae\u0abe\u0a82 \u0a86\u0ab5\u0ab6\u0ac7. \u0a85\u0aae\u0ac7 \u0aad\u0ab2\u0abe\u0aae\u0aa3 \u0a95\u0ab0\u0ac0\u0a8f \u0a9b\u0ac0\u0a8f \u0a95\u0ac7 \u0ab5\u0aaa\u0ab0\u0abe\u0ab6\u0a95\u0ab0\u0acd\u0aa4\u0abe\u0a93 \u0a86 \u0aaa\u0ac3\u0ab7\u0acd\u0aa0\u0aa8\u0ac7 \u0aa8\u0abf\u0aaf\u0aae\u0abf\u0aa4\u0aaa\u0aa3\u0ac7 \u0aa4\u0aaa\u0abe\u0ab8\u0ac0\u0aa8\u0ac7 \u0a95\u0acb\u0a88\u0aaa\u0aa3 \u0aab\u0ac7\u0ab0\u0aab\u0abe\u0ab0\u0acb \u0ab5\u0abf\u0ab6\u0ac7 \u0aae\u0abe\u0ab9\u0abf\u0aa4\u0a97\u0abe\u0ab0 \u0ab0\u0ab9\u0ac7.<\/p><p><strong>6. \u0ab8\u0a82\u0a9a\u0abe\u0ab0<\/strong><\/p><p>\u0a86 \u0a95\u0ac2\u0a95\u0ac0 \u0aa8\u0ac0\u0aa4\u0abf \u0ab5\u0abf\u0ab6\u0ac7\u0aa8\u0abe \u0aaa\u0acd\u0ab0\u0ab6\u0acd\u0aa8\u0acb \u0aae\u0abe\u0a9f\u0ac7 <a rel=\"noreferrer\">hello@hostragons.com<\/a> \u0aa4\u0aae\u0ac7 \u0a85\u0aae\u0abe\u0ab0\u0acb \u0ab8\u0a82\u0aaa\u0ab0\u0acd\u0a95 \u0a95\u0ab0\u0ac0 \u0ab6\u0a95\u0acb \u0a9b\u0acb.<\/p>\t\t\t\t\t\t\t\t<\/div>\n\t\t\t\t<\/div>\n\t\t\t\t\t<\/div>\n\t\t<\/div>\n\t\t\t\t\t<\/div>\n\t\t<\/section>\n\t\t\t\t<\/div>","protected":false},"excerpt":{"rendered":"<p>Y\u00fcr\u00fcrl\u00fck\/G\u00fcncelleme Tarihi: 05.08.2024 1. \u00c7erez (Cookie) Nedir? \u00c7erezler, web siteleri taraf\u0131ndan taray\u0131c\u0131n\u0131za g\u00f6nderilen ve cihaz\u0131n\u0131zda depolanan k\u00fc\u00e7\u00fck veri dosyalar\u0131d\u0131r. Bu dosyalar, siteyi tekrar ziyaret etti\u011finizde taray\u0131c\u0131n\u0131z\u0131n web sitesini tan\u0131mas\u0131n\u0131 sa\u011flar ve \u00f6nceki ziyaretlerinizdeki tercihlerinizi hat\u0131rlayarak kullan\u0131c\u0131 deneyiminizi ki\u015fiselle\u015ftirir. 2. \u00c7erezlerin Kullan\u0131m Ama\u00e7lar\u0131 Hostragons, a\u015fa\u011f\u0131daki ama\u00e7lar do\u011frultusunda \u00e7erezleri kullan\u0131r: Zorunlu \u00c7erezler: Sitenin temel i\u015flevlerini yerine getirebilmesi [&hellip;]<\/p>\n","protected":false},"author":94,"featured_media":7852,"parent":0,"menu_order":0,"comment_status":"closed","ping_status":"closed","template":"","meta":{"googlesitekit_rrm_CAow5YvFDA:productID":"","footnotes":""},"class_list":["post-2358","page","type-page","status-publish","has-post-thumbnail","hentry"],"_links":{"self":[{"href":"https:\/\/www.hostragons.com\/gu\/wp-json\/wp\/v2\/pages\/2358","targetHints":{"allow":["GET"]}}],"collection":[{"href":"https:\/\/www.hostragons.com\/gu\/wp-json\/wp\/v2\/pages"}],"about":[{"href":"https:\/\/www.hostragons.com\/gu\/wp-json\/wp\/v2\/types\/page"}],"author":[{"embeddable":true,"href":"https:\/\/www.hostragons.com\/gu\/wp-json\/wp\/v2\/users\/94"}],"replies":[{"embeddable":true,"href":"https:\/\/www.hostragons.com\/gu\/wp-json\/wp\/v2\/comments?post=2358"}],"version-history":[{"count":0,"href":"https:\/\/www.hostragons.com\/gu\/wp-json\/wp\/v2\/pages\/2358\/revisions"}],"wp:featuredmedia":[{"embeddable":true,"href":"https:\/\/www.hostragons.com\/gu\/wp-json\/wp\/v2\/media\/7852"}],"wp:attachment":[{"href":"https:\/\/www.hostragons.com\/gu\/wp-json\/wp\/v2\/media?parent=2358"}],"curies":[{"name":"\u0aa1\u0aac\u0ab2\u0acd\u0aaf\u0ac1\u0aaa\u0ac0","href":"https:\/\/api.w.org\/{rel}","templated":true}]}}