{"id":2031,"date":"2020-09-08T16:09:39","date_gmt":"2020-09-08T13:09:39","guid":{"rendered":"https:\/\/www.hostragons.com\/?page_id=2031"},"modified":"2024-09-26T17:52:04","modified_gmt":"2024-09-26T14:52:04","slug":"%e0%aa%97%e0%ab%8b%e0%aa%aa%e0%aa%a8%e0%ab%80%e0%aa%af%e0%aa%a4%e0%aa%be-%e0%aa%a8%e0%ab%80%e0%aa%a4%e0%aa%bf","status":"publish","type":"page","link":"https:\/\/www.hostragons.com\/gu\/%e0%aa%97%e0%ab%8b%e0%aa%aa%e0%aa%a8%e0%ab%80%e0%aa%af%e0%aa%a4%e0%aa%be-%e0%aa%a8%e0%ab%80%e0%aa%a4%e0%aa%bf\/","title":{"rendered":"\u0a97\u0acb\u0aaa\u0aa8\u0ac0\u0aaf\u0aa4\u0abe \u0aa8\u0ac0\u0aa4\u0abf"},"content":{"rendered":"<div data-elementor-type=\"wp-page\" data-elementor-id=\"2031\" class=\"elementor elementor-2031\" data-elementor-post-type=\"page\">\n\t\t\t\t\t\t<section class=\"elementor-section elementor-top-section elementor-element elementor-element-91e4b54 elementor-section-boxed elementor-section-height-default elementor-section-height-default\" data-id=\"91e4b54\" data-element_type=\"section\" data-e-type=\"section\">\n\t\t\t\t\t\t<div class=\"elementor-container elementor-column-gap-default\">\n\t\t\t\t\t<div class=\"elementor-column elementor-col-100 elementor-top-column elementor-element elementor-element-0774a31\" data-id=\"0774a31\" data-element_type=\"column\" data-e-type=\"column\">\n\t\t\t<div class=\"elementor-widget-wrap elementor-element-populated\">\n\t\t\t\t\t\t<div class=\"elementor-element elementor-element-830efa2 elementor-widget elementor-widget-text-editor\" data-id=\"830efa2\" data-element_type=\"widget\" data-e-type=\"widget\" data-widget_type=\"text-editor.default\">\n\t\t\t\t<div class=\"elementor-widget-container\">\n\t\t\t\t\t\t\t\t\t<p><strong>\u0a85\u0ab8\u0ab0\u0a95\u0abe\u0ab0\u0a95\/\u0a85\u0aaa\u0aa1\u0ac7\u0a9f \u0aa4\u0abe\u0ab0\u0ac0\u0a96: 05.08.2024<\/strong><\/p><p><strong>1. \u0aaa\u0ab0\u0abf\u0a9a\u0aaf<\/strong><\/p><p>Hostragons Global Limited (\u201cHostragons\u201d) \u0a85\u0aae\u0abe\u0ab0\u0abe \u0ab5\u0aaa\u0ab0\u0abe\u0ab6\u0a95\u0ab0\u0acd\u0aa4\u0abe\u0a93\u0aa8\u0ac0 \u0a97\u0acb\u0aaa\u0aa8\u0ac0\u0aaf\u0aa4\u0abe \u0a85\u0aa8\u0ac7 \u0aa4\u0ac7\u0aae\u0aa8\u0abe \u0a85\u0a82\u0a97\u0aa4 \u0aa1\u0ac7\u0a9f\u0abe\u0aa8\u0abe \u0ab0\u0a95\u0acd\u0ab7\u0aa3\u0aa8\u0ac7 \u0a97\u0a82\u0aad\u0ac0\u0ab0\u0aa4\u0abe\u0aa5\u0ac0 \u0ab2\u0ac7 \u0a9b\u0ac7. \u0a86 \u0a97\u0acb\u0aaa\u0aa8\u0ac0\u0aaf\u0aa4\u0abe \u0a85\u0aa8\u0ac7 \u0a9c\u0ac0\u0aa1\u0ac0\u0aaa\u0ac0\u0a86\u0ab0 \u0a85\u0aa8\u0ac1\u0aaa\u0abe\u0ab2\u0aa8 \u0aa8\u0ac0\u0aa4\u0abf \u0ab8\u0aae\u0a9c\u0abe\u0ab5\u0ac7 \u0a9b\u0ac7 \u0a95\u0ac7 \u0a9c\u0ac0\u0aa1\u0ac0\u0aaa\u0ac0\u0a86\u0ab0 \u0ab9\u0ac7\u0aa0\u0ab3 \u0ab5\u0acd\u0aaf\u0a95\u0acd\u0aa4\u0abf\u0a97\u0aa4 \u0aa1\u0ac7\u0a9f\u0abe \u0a95\u0ac7\u0ab5\u0ac0 \u0ab0\u0ac0\u0aa4\u0ac7 \u0a8f\u0a95\u0aa4\u0acd\u0ab0\u0abf\u0aa4, \u0a89\u0aaa\u0aaf\u0acb\u0a97, \u0ab8\u0ac1\u0ab0\u0a95\u0acd\u0ab7\u0abf\u0aa4 \u0a85\u0aa8\u0ac7 \u0ab8\u0a82\u0a9a\u0abe\u0ab2\u0abf\u0aa4 \u0aa5\u0abe\u0aaf \u0a9b\u0ac7. \u0a85\u0aae\u0abe\u0ab0\u0ac0 \u0ab5\u0ac7\u0aac\u0ab8\u0abe\u0a87\u0a9f \u0a85\u0aa8\u0ac7 \u0ab8\u0ac7\u0ab5\u0abe\u0a93\u0aa8\u0acb \u0a89\u0aaa\u0aaf\u0acb\u0a97 \u0a95\u0ab0\u0ac0\u0aa8\u0ac7, \u0aa4\u0aae\u0ac7 \u0a86 \u0aa8\u0ac0\u0aa4\u0abf \u0ab8\u0acd\u0ab5\u0ac0\u0a95\u0abe\u0ab0\u0ac0 \u0ab9\u0acb\u0ab5\u0abe\u0aa8\u0ac1\u0a82 \u0aae\u0abe\u0aa8\u0ab5\u0abe\u0aae\u0abe\u0a82 \u0a86\u0ab5\u0ac7 \u0a9b\u0ac7.<\/p><p><strong>2. \u0aa1\u0ac7\u0a9f\u0abe \u0a95\u0a82\u0a9f\u0acd\u0ab0\u0acb\u0ab2\u0ab0 \u0a85\u0aa8\u0ac7 \u0aaa\u0acd\u0ab0\u0aa4\u0abf\u0aa8\u0abf\u0aa7\u0abf<\/strong><\/p><p>Hostragons \u0a8f \u0aa4\u0aae\u0abe\u0ab0\u0abe \u0ab5\u0acd\u0aaf\u0a95\u0acd\u0aa4\u0abf\u0a97\u0aa4 \u0aa1\u0ac7\u0a9f\u0abe\u0aa8\u0ac7 \u0ab8\u0ac1\u0ab0\u0a95\u0acd\u0ab7\u0abf\u0aa4 \u0ab0\u0abe\u0a96\u0ab5\u0abe \u0aae\u0abe\u0a9f\u0ac7 \u0a9c\u0ab5\u0abe\u0aac\u0aa6\u0abe\u0ab0 \u0aa1\u0ac7\u0a9f\u0abe \u0aa8\u0abf\u0aaf\u0a82\u0aa4\u0acd\u0ab0\u0a95 \u0a9b\u0ac7. \u0aaf\u0ac1\u0ab0\u0acb\u0aaa\u0abf\u0aaf\u0aa8 \u0aaf\u0ac1\u0aa8\u0abf\u0aaf\u0aa8\u0aae\u0abe\u0a82 \u0a85\u0aae\u0abe\u0ab0\u0abe \u0aaa\u0acd\u0ab0\u0aa4\u0abf\u0aa8\u0abf\u0aa7\u0abf:<\/p><ul><li><strong>\u0aa1\u0ac7\u0a9f\u0abe \u0aaa\u0acd\u0ab0\u0acb\u0a9f\u0ac7\u0a95\u0acd\u0ab6\u0aa8 \u0aaa\u0acd\u0ab0\u0aa4\u0abf\u0aa8\u0abf\u0aa7\u0abf:<\/strong> \u0a95\u0acd\u0ab5\u0abf\u0aac\u0ac7\u0a95 \u0a97\u0acb\u0aaa\u0aa8\u0ac0\u0aaf\u0aa4\u0abe \u0a85\u0aa7\u0abf\u0aa8\u0abf\u0aaf\u0aae.<\/li><\/ul><p><strong>3. \u0aa1\u0ac7\u0a9f\u0abe \u0aaa\u0acd\u0ab0\u0acb\u0ab8\u0ac7\u0ab8\u0abf\u0a82\u0a97\u0aa8\u0abe \u0aae\u0ac2\u0ab3\u0aad\u0ac2\u0aa4 \u0ab8\u0abf\u0aa6\u0acd\u0aa7\u0abe\u0a82\u0aa4\u0acb<\/strong><\/p><p>Hostragons \u0a96\u0abe\u0aa4\u0ac7, \u0a85\u0aae\u0ac7 GDPR \u0aa8\u0ac0 \u0a9c\u0ab0\u0ac2\u0ab0\u0abf\u0aaf\u0abe\u0aa4\u0acb \u0a85\u0aa8\u0ac1\u0ab8\u0abe\u0ab0 \u0aa8\u0ac0\u0a9a\u0ac7\u0aa8\u0abe \u0aae\u0ac2\u0ab3\u0aad\u0ac2\u0aa4 \u0ab8\u0abf\u0aa6\u0acd\u0aa7\u0abe\u0a82\u0aa4\u0acb\u0aa8\u0ac1\u0a82 \u0aaa\u0abe\u0ab2\u0aa8 \u0a95\u0ab0\u0ac0\u0a8f \u0a9b\u0ac0\u0a8f:<\/p><ul><li class=\"translation-block\"><strong>\u0aaa\u0abe\u0ab0\u0aa6\u0ab0\u0acd\u0ab6\u0abf\u0aa4\u0abe:<\/strong> \u0a85\u0aae\u0ac7 \u0ab8\u0acd\u0aaa\u0ab7\u0acd\u0a9f\u0aaa\u0aa3\u0ac7 \u0a9c\u0aa3\u0abe\u0ab5\u0ac0\u0a8f \u0a9b\u0ac0\u0a8f \u0a95\u0ac7 \u0a85\u0aae\u0ac7 \u0aa4\u0aae\u0abe\u0ab0\u0acb \u0ab5\u0acd\u0aaf\u0a95\u0acd\u0aa4\u0abf\u0a97\u0aa4 \u0aa1\u0ac7\u0a9f\u0abe \u0a95\u0ac7\u0ab5\u0ac0 \u0ab0\u0ac0\u0aa4\u0ac7 \u0a8f\u0a95\u0aa4\u0acd\u0ab0\u0abf\u0aa4 \u0a85\u0aa8\u0ac7 \u0aaa\u0acd\u0ab0\u0a95\u0acd\u0ab0\u0abf\u0aaf\u0abe \u0a95\u0ab0\u0ac0\u0a8f \u0a9b\u0ac0\u0a8f.<\/li><li class=\"translation-block\"><strong>\u0a9a\u0acb\u0a95\u0ab8\u0abe\u0a88:<\/strong> \u0a85\u0aae\u0ac7 \u0aa4\u0aae\u0abe\u0ab0\u0acb \u0aa1\u0ac7\u0a9f\u0abe \u0ab8\u0a9a\u0acb\u0a9f \u0a85\u0aa8\u0ac7 \u0a85\u0aa6\u0acd\u0aaf\u0aa4\u0aa8 \u0ab0\u0abe\u0a96\u0ac0\u0a8f \u0a9b\u0ac0\u0a8f.<\/li><li class=\"translation-block\"><strong>\u0aa8\u0acd\u0aaf\u0ac2\u0aa8\u0aa4\u0aae\u0ac0\u0a95\u0ab0\u0aa3:<\/strong> \u0a85\u0aae\u0ac7 \u0aab\u0a95\u0acd\u0aa4 \u0a9c\u0ab0\u0ac2\u0ab0\u0ac0 \u0aa1\u0ac7\u0a9f\u0abe \u0a8f\u0a95\u0aa4\u0acd\u0ab0\u0abf\u0aa4 \u0a85\u0aa8\u0ac7 \u0aaa\u0acd\u0ab0\u0a95\u0acd\u0ab0\u0abf\u0aaf\u0abe \u0a95\u0ab0\u0ac0\u0a8f \u0a9b\u0ac0\u0a8f.<\/li><li class=\"translation-block\"><strong>\u0a9c\u0abe\u0ab3\u0ab5\u0ac0 \u0ab0\u0abe\u0a96\u0ab5\u0abe\u0aa8\u0ac0 \u0aae\u0ab0\u0acd\u0aaf\u0abe\u0aa6\u0abe:<\/strong> \u0a85\u0aae\u0ac7 \u0aa4\u0aae\u0abe\u0ab0\u0acb \u0aa1\u0ac7\u0a9f\u0abe \u0aab\u0a95\u0acd\u0aa4 \u0a9c\u0ab0\u0ac2\u0ab0\u0ac0 \u0ab9\u0acb\u0aaf \u0aa4\u0acd\u0aaf\u0abe\u0a82 \u0ab8\u0ac1\u0aa7\u0ac0 \u0a9c\u0abe\u0ab3\u0ab5\u0ac0 \u0ab0\u0abe\u0a96\u0ac0\u0a8f \u0a9b\u0ac0\u0a8f.<\/li><\/ul><p><strong>4. \u0aae\u0abe\u0ab9\u0abf\u0aa4\u0ac0 \u0a8f\u0a95\u0aa4\u0acd\u0ab0\u0abf\u0aa4<\/strong><\/p><p>Hostragons \u0aa8\u0ac0\u0a9a\u0ac7\u0aa8\u0ac0 \u0ab5\u0acd\u0aaf\u0a95\u0acd\u0aa4\u0abf\u0a97\u0aa4 \u0aae\u0abe\u0ab9\u0abf\u0aa4\u0ac0 \u0a8f\u0a95\u0aa4\u0acd\u0ab0\u0abf\u0aa4 \u0a95\u0ab0\u0ac7 \u0a9b\u0ac7:<\/p><ul><li class=\"translation-block\"><strong>\u0a93\u0ab3\u0a96 \u0aae\u0abe\u0ab9\u0abf\u0aa4\u0ac0:<\/strong> \u0aa8\u0abe\u0aae, \u0a85\u0a9f\u0a95, \u0ab8\u0ab0\u0aa8\u0abe\u0aae\u0ac1\u0a82, \u0a9f\u0ac7\u0ab2\u0abf\u0aab\u0acb\u0aa8 \u0aa8\u0a82\u0aac\u0ab0, \u0a88-\u0aae\u0ac7\u0ab2 \u0ab8\u0ab0\u0aa8\u0abe\u0aae\u0ac1\u0a82.<\/li><li class=\"translation-block\"><strong>\u0a9a\u0ac1\u0a95\u0ab5\u0aa3\u0ac0 \u0aae\u0abe\u0ab9\u0abf\u0aa4\u0ac0:<\/strong> \u0a95\u0acd\u0ab0\u0ac7\u0aa1\u0abf\u0a9f \u0a95\u0abe\u0ab0\u0acd\u0aa1 \u0aae\u0abe\u0ab9\u0abf\u0aa4\u0ac0 \u0a85\u0aa8\u0ac7 \u0a9a\u0ac1\u0a95\u0ab5\u0aa3\u0ac0 \u0ab5\u0abf\u0a97\u0aa4\u0acb.<\/li><li class=\"translation-block\"><strong>\u0a9f\u0ac7\u0a95\u0aa8\u0abf\u0a95\u0ab2 \u0aa1\u0ac7\u0a9f\u0abe:<\/strong> IP \u0ab8\u0ab0\u0aa8\u0abe\u0aae\u0ac1\u0a82, \u0aac\u0acd\u0ab0\u0abe\u0a89\u0a9d\u0ab0 \u0aaa\u0acd\u0ab0\u0a95\u0abe\u0ab0, \u0a93\u0aaa\u0ab0\u0ac7\u0a9f\u0abf\u0a82\u0a97 \u0ab8\u0abf\u0ab8\u0acd\u0a9f\u0aae.<\/li><li class=\"translation-block\"><strong>\u0ab5\u0aaa\u0ab0\u0abe\u0ab6\u0a95\u0ab0\u0acd\u0aa4\u0abe \u0ab5\u0ab0\u0acd\u0aa4\u0aa8:<\/strong> \u0ab5\u0aaa\u0ab0\u0abe\u0ab6\u0a95\u0ab0\u0acd\u0aa4\u0abe\u0aa8\u0ac0 \u0aaa\u0ab8\u0a82\u0aa6\u0a97\u0ac0\u0a93, \u0ab8\u0abe\u0a87\u0a9f \u0aaa\u0ab0\u0aa8\u0ac0 \u0ab9\u0abf\u0ab2\u0a9a\u0abe\u0ab2.<\/li><\/ul><p><strong>5. \u0ab5\u0acd\u0aaf\u0a95\u0acd\u0aa4\u0abf\u0a97\u0aa4 \u0aa1\u0ac7\u0a9f\u0abe\u0aa8\u0acb \u0a89\u0aaa\u0aaf\u0acb\u0a97<\/strong><\/p><p>\u0a8f\u0a95\u0aa4\u0acd\u0ab0\u0abf\u0aa4 \u0a95\u0ab0\u0ac7\u0ab2\u0ac0 \u0ab5\u0acd\u0aaf\u0a95\u0acd\u0aa4\u0abf\u0a97\u0aa4 \u0aae\u0abe\u0ab9\u0abf\u0aa4\u0ac0\u0aa8\u0acb \u0a89\u0aaa\u0aaf\u0acb\u0a97 \u0aa8\u0ac0\u0a9a\u0ac7\u0aa8\u0abe \u0ab9\u0ac7\u0aa4\u0ac1\u0a93 \u0aae\u0abe\u0a9f\u0ac7 \u0aa5\u0abe\u0aaf \u0a9b\u0ac7:<\/p><ul><li>\u0ab8\u0ac7\u0ab5\u0abe\u0a93 \u0aaa\u0acd\u0ab0\u0aa6\u0abe\u0aa8 \u0a95\u0ab0\u0ab5\u0ac0 \u0a85\u0aa8\u0ac7 \u0aa4\u0ac7\u0aa8\u0ac1\u0a82 \u0ab8\u0a82\u0a9a\u0abe\u0ab2\u0aa8 \u0a95\u0ab0\u0ab5\u0ac1\u0a82.<\/li><li>\u0a97\u0acd\u0ab0\u0abe\u0ab9\u0a95 \u0ab8\u0aaa\u0acb\u0ab0\u0acd\u0a9f \u0ab8\u0ac7\u0ab5\u0abe\u0a93 \u0a85\u0aa8\u0ac7 \u0ab8\u0a82\u0a9a\u0abe\u0ab0.<\/li><li>\u0a87\u0aa8\u0acd\u0ab5\u0acb\u0a87\u0ab8 \u0ab5\u0acd\u0aaf\u0ab5\u0ab9\u0abe\u0ab0\u0acb \u0a85\u0aa8\u0ac7 \u0a95\u0abe\u0aa8\u0ac2\u0aa8\u0ac0 \u0aa6\u0ab8\u0acd\u0aa4\u0abe\u0ab5\u0ac7\u0a9c\u0acb\u0aa8\u0ac0 \u0aa4\u0ac8\u0aaf\u0abe\u0ab0\u0ac0.<\/li><li>\u0a85\u0aae\u0abe\u0ab0\u0ac0 \u0ab5\u0ac7\u0aac\u0ab8\u0abe\u0a87\u0a9f \u0aaa\u0acd\u0ab0\u0aa6\u0ab0\u0acd\u0ab6\u0aa8 \u0a85\u0aa8\u0ac7 \u0ab5\u0aaa\u0ab0\u0abe\u0ab6\u0a95\u0ab0\u0acd\u0aa4\u0abe \u0a85\u0aa8\u0ac1\u0aad\u0ab5\u0aae\u0abe\u0a82 \u0ab8\u0ac1\u0aa7\u0abe\u0ab0\u0acb.<\/li><li>\u0a95\u0abe\u0aa8\u0ac2\u0aa8\u0ac0 \u0a9c\u0ab5\u0abe\u0aac\u0aa6\u0abe\u0ab0\u0ac0\u0a93\u0aa8\u0ac1\u0a82 \u0aaa\u0abe\u0ab2\u0aa8 \u0a95\u0ab0\u0ab5\u0ac1\u0a82 \u0a85\u0aa8\u0ac7 \u0a85\u0aa7\u0abf\u0a95\u0abe\u0ab0\u0acb\u0aa8\u0acb \u0aac\u0a9a\u0abe\u0ab5 \u0a95\u0ab0\u0ab5\u0acb.<\/li><li>\u0aae\u0abe\u0ab0\u0acd\u0a95\u0ac7\u0a9f\u0abf\u0a82\u0a97 \u0a85\u0aa8\u0ac7 \u0aaa\u0acd\u0ab0\u0aae\u0acb\u0ab6\u0aa8\u0ab2 \u0aaa\u0acd\u0ab0\u0ab5\u0ac3\u0aa4\u0acd\u0aa4\u0abf\u0a93.<\/li><\/ul><p><strong>6. \u0ab5\u0acd\u0aaf\u0a95\u0acd\u0aa4\u0abf\u0a97\u0aa4 \u0aa1\u0ac7\u0a9f\u0abe\u0aa8\u0acb \u0ab8\u0a82\u0a97\u0acd\u0ab0\u0ab9 \u0ab8\u0aae\u0aaf\u0a97\u0abe\u0ab3\u0acb<\/strong><\/p><p>\u0a85\u0aae\u0ac7 \u0aa4\u0aae\u0abe\u0ab0\u0abe \u0ab5\u0acd\u0aaf\u0a95\u0acd\u0aa4\u0abf\u0a97\u0aa4 \u0aa1\u0ac7\u0a9f\u0abe\u0aa8\u0ac7 \u0a85\u0aae\u0abe\u0ab0\u0ac0 \u0aaa\u0acd\u0ab0\u0a95\u0acd\u0ab0\u0abf\u0aaf\u0abe\u0aa8\u0abe \u0ab9\u0ac7\u0aa4\u0ac1\u0a93 \u0aae\u0abe\u0a9f\u0ac7 \u0a9c\u0ab0\u0ac2\u0ab0\u0ac0 \u0ab9\u0acb\u0aaf \u0aa4\u0acd\u0aaf\u0abe\u0a82 \u0ab8\u0ac1\u0aa7\u0ac0 \u0a9c \u0ab0\u0abe\u0a96\u0ac0\u0a8f \u0a9b\u0ac0\u0a8f. \u0a85\u0aae\u0ac7 \u0aa4\u0aae\u0abe\u0ab0\u0acb \u0aa1\u0ac7\u0a9f\u0abe \u0a95\u0ac7\u0a9f\u0ab2\u0acb \u0ab8\u0aae\u0aaf \u0ab0\u0abe\u0a96\u0ac0\u0a8f \u0a9b\u0ac0\u0a8f \u0a85\u0aa8\u0ac7 \u0a86 \u0ab8\u0aae\u0aaf\u0a97\u0abe\u0ab3\u0acb \u0a95\u0ac7\u0ab5\u0ac0 \u0ab0\u0ac0\u0aa4\u0ac7 \u0aa8\u0abf\u0ab0\u0acd\u0aa7\u0abe\u0ab0\u0abf\u0aa4 \u0a95\u0ab0\u0ab5\u0abe\u0aae\u0abe\u0a82 \u0a86\u0ab5\u0ac7 \u0a9b\u0ac7 \u0aa4\u0ac7 \u0ab5\u0abf\u0ab6\u0ac7\u0aa8\u0ac0 \u0aae\u0abe\u0ab9\u0abf\u0aa4\u0ac0 \u0aae\u0ac7\u0ab3\u0ab5\u0ab5\u0abe \u0aae\u0abe\u0a9f\u0ac7 \u0aa4\u0aae\u0ac7 \u0a85\u0aae\u0abe\u0ab0\u0acb \u0ab8\u0a82\u0aaa\u0ab0\u0acd\u0a95 \u0a95\u0ab0\u0ac0 \u0ab6\u0a95\u0acb \u0a9b\u0acb.<\/p><p><strong>7. \u0a9a\u0ac1\u0a95\u0ab5\u0aa3\u0ac0 \u0aae\u0abe\u0ab9\u0abf\u0aa4\u0ac0 \u0a85\u0aa8\u0ac7 \u0ab8\u0ac1\u0ab0\u0a95\u0acd\u0ab7\u0abe<\/strong><\/p><ul><li>\u0aa4\u0aae\u0abe\u0ab0\u0ac1\u0a82 \u0a95\u0acd\u0ab0\u0ac7\u0aa1\u0abf\u0a9f \u0a95\u0abe\u0ab0\u0acd\u0aa1 \u0a85\u0aa8\u0ac7 \u0a9a\u0ac1\u0a95\u0ab5\u0aa3\u0ac0 \u0aae\u0abe\u0ab9\u0abf\u0aa4\u0ac0 256-\u0aac\u0ac0\u0a9f SSL \u0aaa\u0acd\u0ab0\u0aae\u0abe\u0aa3\u0aaa\u0aa4\u0acd\u0ab0 \u0a9c\u0ac7\u0ab5\u0abe \u0ab8\u0ac1\u0ab0\u0a95\u0acd\u0ab7\u0abe \u0aaa\u0a97\u0ab2\u0abe\u0a82 \u0aa6\u0acd\u0ab5\u0abe\u0ab0\u0abe \u0ab8\u0ac1\u0ab0\u0a95\u0acd\u0ab7\u0abf\u0aa4 \u0a9b\u0ac7.<\/li><li>\u0aa4\u0aae\u0abe\u0ab0\u0ac0 \u0a95\u0abe\u0ab0\u0acd\u0aa1 \u0aae\u0abe\u0ab9\u0abf\u0aa4\u0ac0 \u0a8f\u0aa8\u0acd\u0a95\u0acd\u0ab0\u0abf\u0aaa\u0acd\u0a9f\u0ac7\u0aa1 \u0a9f\u0acd\u0ab0\u0abe\u0aa8\u0acd\u0ab8\u0aae\u0abf\u0a9f \u0a95\u0ab0\u0ab5\u0abe\u0aae\u0abe\u0a82 \u0a86\u0ab5\u0ac7 \u0a9b\u0ac7 \u0a85\u0aa8\u0ac7 \u0ab9\u0acb\u0ab8\u0acd\u0a9f\u0acd\u0ab0\u0abe\u0a97\u0acb\u0aa8\u0acd\u0ab8 \u0aa6\u0acd\u0ab5\u0abe\u0ab0\u0abe \u0ab8\u0a82\u0a97\u0acd\u0ab0\u0ab9\u0abf\u0aa4 \u0a95\u0ab0\u0ab5\u0abe\u0aae\u0abe\u0a82 \u0a86\u0ab5\u0aa4\u0ac0 \u0aa8\u0aa5\u0ac0.<\/li><li>\u0ab5\u0aa7\u0abe\u0ab0\u0abe\u0aa8\u0abe \u0ab8\u0ac1\u0ab0\u0a95\u0acd\u0ab7\u0abe \u0ab8\u0abe\u0aa7\u0aa8\u0acb \u0ab8\u0abe\u0aa5\u0ac7 \u0ab8\u0a82\u0aad\u0ab5\u0abf\u0aa4 \u0aae\u0abe\u0ab2\u0ab5\u0ac7\u0ab0 \u0ab8\u0abe\u0aae\u0ac7 \u0ab8\u0abe\u0ab5\u0a9a\u0ac7\u0aa4\u0ac0 \u0ab0\u0abe\u0a96\u0ab5\u0abe\u0aae\u0abe\u0a82 \u0a86\u0ab5\u0ac7 \u0a9b\u0ac7.<\/li><\/ul><p><strong>8. \u0a95\u0ac2\u0a95\u0ac0\u0a9d \u0a85\u0aa8\u0ac7 \u0a9f\u0acd\u0ab0\u0ac7\u0a95\u0abf\u0a82\u0a97 \u0a9f\u0ac7\u0a95\u0acd\u0aa8\u0acb\u0ab2\u0acb\u0a9c\u0ac0<\/strong><\/p><p class=\"translation-block\">\u0a85\u0aae\u0abe\u0ab0\u0ac0 \u0ab5\u0ac7\u0aac\u0ab8\u0abe\u0a87\u0a9f \u0ab5\u0aaa\u0ab0\u0abe\u0ab6\u0a95\u0ab0\u0acd\u0aa4\u0abe \u0a85\u0aa8\u0ac1\u0aad\u0ab5\u0aa8\u0ac7 \u0ab8\u0ac1\u0aa7\u0abe\u0ab0\u0ab5\u0abe \u0a85\u0aa8\u0ac7 \u0a85\u0aae\u0abe\u0ab0\u0ac0 \u0ab5\u0ac7\u0aac\u0ab8\u0abe\u0a87\u0a9f\u0aa8\u0acb \u0a89\u0aaa\u0aaf\u0acb\u0a97 \u0a95\u0ac7\u0ab5\u0ac0 \u0ab0\u0ac0\u0aa4\u0ac7 \u0aa5\u0abe\u0aaf \u0a9b\u0ac7 \u0aa4\u0ac7 \u0ab8\u0aae\u0a9c\u0ab5\u0abe \u0aae\u0abe\u0a9f\u0ac7 \u0a95\u0ac2\u0a95\u0ac0\u0a9d \u0a85\u0aa8\u0ac7 \u0a9f\u0acd\u0ab0\u0ac7\u0a95\u0abf\u0a82\u0a97 \u0aa4\u0a95\u0aa8\u0ac0\u0a95\u0acb\u0aa8\u0acb \u0a89\u0aaa\u0aaf\u0acb\u0a97 \u0a95\u0ab0\u0ac7 \u0a9b\u0ac7. \u0aa4\u0aae\u0ac7 <a href=\"https:\/\/www.hostragons.com\/gu\/%e0%aa%95%e0%ab%82%e0%aa%95%e0%ab%80-%e0%aa%a8%e0%ab%80%e0%aa%a4%e0%aa%bf\/\" target=\"_new\" rel=\"noreferrer\">\u0a85\u0aae\u0abe\u0ab0\u0abe \u0a95\u0ac2\u0a95\u0ac0 \u0aa8\u0ac0\u0aa4\u0abf<\/a> \u0aaa\u0ac3\u0ab7\u0acd\u0aa0 \u0aaa\u0ab0 \u0a95\u0ac2\u0a95\u0ac0\u0a9d \u0a85\u0aa8\u0ac7 \u0aa4\u0ac7\u0aa8\u0ac1\u0a82 \u0ab8\u0a82\u0a9a\u0abe\u0ab2\u0aa8 \u0a95\u0ac7\u0ab5\u0ac0 \u0ab0\u0ac0\u0aa4\u0ac7 \u0a95\u0ab0\u0ab5\u0ac1\u0a82 \u0aa4\u0ac7 \u0ab5\u0abf\u0ab6\u0ac7 \u0ab5\u0aa7\u0ac1 \u0aae\u0abe\u0ab9\u0abf\u0aa4\u0ac0 \u0aae\u0ac7\u0ab3\u0ab5\u0ac0 \u0ab6\u0a95\u0acb \u0a9b\u0acb.<\/p><p><strong>9. \u0ab5\u0acd\u0aaf\u0a95\u0acd\u0aa4\u0abf\u0a97\u0aa4 \u0aa1\u0ac7\u0a9f\u0abe \u0ab6\u0ac7\u0ab0\u0abf\u0a82\u0a97<\/strong><\/p><ul><li>\u0aa4\u0aae\u0abe\u0ab0\u0acb \u0ab5\u0acd\u0aaf\u0a95\u0acd\u0aa4\u0abf\u0a97\u0aa4 \u0aa1\u0ac7\u0a9f\u0abe \u0aab\u0a95\u0acd\u0aa4 \u0aa4\u0ac3\u0aa4\u0ac0\u0aaf \u0aaa\u0a95\u0acd\u0ab7\u0acb \u0ab8\u0abe\u0aa5\u0ac7 \u0ab6\u0ac7\u0ab0 \u0a95\u0ab0\u0ab5\u0abe\u0aae\u0abe\u0a82 \u0a86\u0ab5\u0ac7 \u0a9b\u0ac7 \u0a9c\u0acd\u0aaf\u0abe\u0a82 \u0a85\u0aae\u0abe\u0ab0\u0ac0 \u0ab8\u0ac7\u0ab5\u0abe\u0a93 \u0aaa\u0acd\u0ab0\u0aa6\u0abe\u0aa8 \u0a95\u0ab0\u0ab5\u0ac0 \u0a9c\u0ab0\u0ac2\u0ab0\u0ac0 \u0a9b\u0ac7.<\/li><li>\u0a85\u0aae\u0ac7 \u0a95\u0abe\u0aa8\u0ac2\u0aa8\u0ac0 \u0a9c\u0ab5\u0abe\u0aac\u0aa6\u0abe\u0ab0\u0ac0\u0a93 \u0a85\u0aa5\u0ab5\u0abe \u0a95\u0acb\u0ab0\u0acd\u0a9f\u0aa8\u0abe \u0a86\u0aa6\u0ac7\u0ab6\u0acb \u0a85\u0aa8\u0ac1\u0ab8\u0abe\u0ab0 \u0aa4\u0aae\u0abe\u0ab0\u0acb \u0aa1\u0ac7\u0a9f\u0abe \u0ab6\u0ac7\u0ab0 \u0a95\u0ab0\u0ac0 \u0ab6\u0a95\u0ac0\u0a8f \u0a9b\u0ac0\u0a8f.<\/li><li>\u0aa4\u0ac3\u0aa4\u0ac0\u0aaf \u0aaa\u0a95\u0acd\u0ab7\u0acb \u0ab8\u0abe\u0aa5\u0ac7 \u0aa1\u0ac7\u0a9f\u0abe \u0ab6\u0ac7\u0ab0\u0abf\u0a82\u0a97 \u0aab\u0a95\u0acd\u0aa4 \u0aa4\u0aae\u0abe\u0ab0\u0ac0 \u0ab8\u0a82\u0aae\u0aa4\u0abf\u0aa5\u0ac0 \u0a9c \u0aa5\u0ab6\u0ac7.<\/li><\/ul><p><strong>10. \u0ab5\u0aaa\u0ab0\u0abe\u0ab6\u0a95\u0ab0\u0acd\u0aa4\u0abe \u0a85\u0aa7\u0abf\u0a95\u0abe\u0ab0\u0acb<\/strong><\/p><p>GDPR \u0ab9\u0ac7\u0aa0\u0ab3, \u0ab5\u0aaa\u0ab0\u0abe\u0ab6\u0a95\u0ab0\u0acd\u0aa4\u0abe\u0a93 \u0aaa\u0abe\u0ab8\u0ac7 \u0aa8\u0ac0\u0a9a\u0ac7\u0aa8\u0abe \u0a85\u0aa7\u0abf\u0a95\u0abe\u0ab0\u0acb \u0a9b\u0ac7:<\/p><ul><li>\u0ab5\u0acd\u0aaf\u0a95\u0acd\u0aa4\u0abf\u0a97\u0aa4 \u0aa1\u0ac7\u0a9f\u0abe\u0aa8\u0ac7 \u0a8d\u0a95\u0acd\u0ab8\u0ac7\u0ab8 \u0a95\u0ab0\u0ab5\u0abe\u0aa8\u0acb, \u0ab8\u0ac1\u0aa7\u0abe\u0ab0\u0ab5\u0abe\u0aa8\u0acb \u0a85\u0aa5\u0ab5\u0abe \u0a95\u0abe\u0aa2\u0ac0 \u0aa8\u0abe\u0a96\u0ab5\u0abe\u0aa8\u0acb \u0a85\u0aa7\u0abf\u0a95\u0abe\u0ab0.<\/li><li>\u0aa1\u0ac7\u0a9f\u0abe \u0aaa\u0acd\u0ab0\u0acb\u0ab8\u0ac7\u0ab8\u0abf\u0a82\u0a97 \u0a85\u0aa8\u0ac7 \u0aa1\u0ac7\u0a9f\u0abe \u0aaa\u0acb\u0ab0\u0acd\u0a9f\u0ac7\u0aac\u0abf\u0ab2\u0abf\u0a9f\u0ac0 \u0ab8\u0abe\u0aae\u0ac7 \u0ab5\u0abe\u0a82\u0aa7\u0acb \u0a89\u0aa0\u0abe\u0ab5\u0ab5\u0abe\u0aa8\u0acb \u0a85\u0aa7\u0abf\u0a95\u0abe\u0ab0.<\/li><li>\u0a95\u0acb\u0a88\u0aaa\u0aa3 \u0ab8\u0aae\u0aaf\u0ac7 \u0ab8\u0a82\u0aae\u0aa4\u0abf \u0aaa\u0abe\u0a9b\u0ac0 \u0a96\u0ac7\u0a82\u0a9a\u0ab5\u0abe\u0aa8\u0acb \u0a85\u0aa7\u0abf\u0a95\u0abe\u0ab0.<\/li><\/ul><p><strong>11. \u0aa1\u0ac7\u0a9f\u0abe \u0aaa\u0acd\u0ab0\u0acb\u0a9f\u0ac7\u0a95\u0acd\u0ab6\u0aa8 \u0a88\u0aae\u0acd\u0aaa\u0ac7\u0a95\u0acd\u0a9f \u0a8f\u0ab8\u0ac7\u0ab8\u0aae\u0ac7\u0aa8\u0acd\u0a9f (DPIA)<\/strong><\/p><p>\u0aa1\u0ac7\u0a9f\u0abe \u0aaa\u0acd\u0ab0\u0acb\u0a9f\u0ac7\u0a95\u0acd\u0ab6\u0aa8 \u0a87\u0aae\u0acd\u0aaa\u0ac7\u0a95\u0acd\u0a9f \u0a8f\u0ab8\u0ac7\u0ab8\u0aae\u0ac7\u0aa8\u0acd\u0a9f \u0ab9\u0abe\u0a87-\u0ab0\u0abf\u0ab8\u0acd\u0a95 \u0aa1\u0ac7\u0a9f\u0abe \u0aaa\u0acd\u0ab0\u0acb\u0ab8\u0ac7\u0ab8\u0abf\u0a82\u0a97 \u0aaa\u0acd\u0ab0\u0ab5\u0ac3\u0aa4\u0acd\u0aa4\u0abf\u0a93 \u0aae\u0abe\u0a9f\u0ac7 \u0ab9\u0abe\u0aa5 \u0aa7\u0ab0\u0ab5\u0abe\u0aae\u0abe\u0a82 \u0a86\u0ab5\u0ac7 \u0a9b\u0ac7. DPIA \u0aaa\u0acd\u0ab0\u0a95\u0acd\u0ab0\u0abf\u0aaf\u0abe \u0ab5\u0abf\u0ab6\u0ac7 \u0ab5\u0aa7\u0ac1 \u0aae\u0abe\u0ab9\u0abf\u0aa4\u0ac0 \u0aae\u0ac7\u0ab3\u0ab5\u0ab5\u0abe \u0aae\u0abe\u0a9f\u0ac7 \u0aa4\u0aae\u0ac7 \u0a85\u0aae\u0abe\u0ab0\u0acb \u0ab8\u0a82\u0aaa\u0ab0\u0acd\u0a95 \u0a95\u0ab0\u0ac0 \u0ab6\u0a95\u0acb \u0a9b\u0acb.<\/p><p><strong>12. \u0a86\u0a82\u0aa4\u0ab0\u0ab0\u0abe\u0ab7\u0acd\u0a9f\u0acd\u0ab0\u0ac0\u0aaf \u0aa1\u0ac7\u0a9f\u0abe \u0a9f\u0acd\u0ab0\u0abe\u0aa8\u0acd\u0ab8\u0aab\u0ab0<\/strong><\/p><p>EU \u0aa8\u0ac0 \u0aac\u0ab9\u0abe\u0ab0 \u0aa4\u0aae\u0abe\u0ab0\u0acb \u0ab5\u0acd\u0aaf\u0a95\u0acd\u0aa4\u0abf\u0a97\u0aa4 \u0aa1\u0ac7\u0a9f\u0abe \u0ab8\u0acd\u0aa5\u0abe\u0aa8\u0abe\u0a82\u0aa4\u0ab0\u0abf\u0aa4 \u0a95\u0ab0\u0aa4\u0ac0 \u0ab5\u0a96\u0aa4\u0ac7 \u0a85\u0aae\u0ac7 \u0a9c\u0ab0\u0ac2\u0ab0\u0ac0 \u0ab8\u0ac1\u0ab0\u0a95\u0acd\u0ab7\u0abe \u0aaa\u0a97\u0ab2\u0abe\u0a82 \u0ab2\u0a88\u0a8f \u0a9b\u0ac0\u0a8f. \u0aa4\u0aae\u0ac7 \u0a86\u0a82\u0aa4\u0ab0\u0ab0\u0abe\u0ab7\u0acd\u0a9f\u0acd\u0ab0\u0ac0\u0aaf \u0aa1\u0ac7\u0a9f\u0abe \u0a9f\u0acd\u0ab0\u0abe\u0aa8\u0acd\u0ab8\u0aab\u0ab0 \u0ab5\u0abf\u0ab6\u0ac7 \u0ab5\u0aa7\u0ac1 \u0aae\u0abe\u0ab9\u0abf\u0aa4\u0ac0 \u0aae\u0abe\u0a9f\u0ac7 \u0a85\u0aae\u0abe\u0ab0\u0acb \u0ab8\u0a82\u0aaa\u0ab0\u0acd\u0a95 \u0a95\u0ab0\u0ac0 \u0ab6\u0a95\u0acb \u0a9b\u0acb.<\/p><p><strong>13. \u0aa1\u0ac7\u0a9f\u0abe \u0aad\u0a82\u0a97 \u0ab8\u0ac2\u0a9a\u0aa8\u0abe<\/strong><\/p><p>\u0aa1\u0ac7\u0a9f\u0abe \u0aad\u0a82\u0a97\u0aa8\u0ac0 \u0a98\u0a9f\u0aa8\u0abe\u0aae\u0abe\u0a82, \u0a85\u0aae\u0ac7 \u0ab8\u0a95\u0acd\u0ab7\u0aae \u0a85\u0aa7\u0abf\u0a95\u0abe\u0ab0\u0ac0\u0a93 \u0a85\u0aa8\u0ac7 \u0a85\u0ab8\u0ab0\u0a97\u0acd\u0ab0\u0ab8\u0acd\u0aa4 \u0ab5\u0acd\u0aaf\u0a95\u0acd\u0aa4\u0abf\u0a93\u0aa8\u0ac7 \u0aa4\u0abe\u0aa4\u0acd\u0a95\u0abe\u0ab2\u0abf\u0a95 \u0ab8\u0ac2\u0a9a\u0abf\u0aa4 \u0a95\u0ab0\u0ac0\u0a8f \u0a9b\u0ac0\u0a8f. \u0aa4\u0aae\u0ac7 \u0a85\u0aae\u0abe\u0ab0\u0ac0 \u0aa1\u0ac7\u0a9f\u0abe \u0aad\u0a82\u0a97 \u0aaa\u0acd\u0ab0\u0a95\u0acd\u0ab0\u0abf\u0aaf\u0abe\u0a93 \u0ab5\u0abf\u0ab6\u0ac7 \u0ab5\u0aa7\u0ac1 \u0a9c\u0abe\u0aa3\u0ab5\u0abe \u0aae\u0abe\u0a9f\u0ac7 \u0a85\u0aae\u0abe\u0ab0\u0acb \u0ab8\u0a82\u0aaa\u0ab0\u0acd\u0a95 \u0a95\u0ab0\u0ac0 \u0ab6\u0a95\u0acb \u0a9b\u0acb.<\/p><p><strong>14. \u0a95\u0ab0\u0abe\u0ab0 \u0aab\u0ac7\u0ab0\u0aab\u0abe\u0ab0\u0acb<\/strong><\/p><p>\u0a86 \u0aa8\u0ac0\u0aa4\u0abf \u0ab8\u0aae\u0aaf \u0ab8\u0aae\u0aaf \u0aaa\u0ab0 \u0a85\u0aaa\u0aa1\u0ac7\u0a9f \u0aa5\u0a88 \u0ab6\u0a95\u0ac7 \u0a9b\u0ac7. \u0a95\u0ab0\u0ab5\u0abe\u0aae\u0abe\u0a82 \u0a86\u0ab5\u0aa8\u0abe\u0ab0 \u0a95\u0acb\u0a88\u0aaa\u0aa3 \u0aab\u0ac7\u0ab0\u0aab\u0abe\u0ab0\u0acb \u0a86 \u0aaa\u0ac3\u0ab7\u0acd\u0aa0 \u0aaa\u0ab0 \u0aaa\u0acd\u0ab0\u0a95\u0abe\u0ab6\u0abf\u0aa4 \u0a95\u0ab0\u0ab5\u0abe\u0aae\u0abe\u0a82 \u0a86\u0ab5\u0ab6\u0ac7 \u0a85\u0aa8\u0ac7 \u0a85\u0ab8\u0ab0\u0a95\u0abe\u0ab0\u0a95 \u0aa4\u0abe\u0ab0\u0ac0\u0a96 \u0ab8\u0abe\u0aa5\u0ac7 \u0a9c\u0aa3\u0abe\u0ab5\u0ab5\u0abe\u0aae\u0abe\u0a82 \u0a86\u0ab5\u0ab6\u0ac7. \u0ab5\u0aaa\u0ab0\u0abe\u0ab6\u0a95\u0ab0\u0acd\u0aa4\u0abe\u0a93\u0aa8\u0ac7 \u0a95\u0acb\u0a88\u0aaa\u0aa3 \u0aab\u0ac7\u0ab0\u0aab\u0abe\u0ab0\u0acb \u0ab5\u0abf\u0ab6\u0ac7 \u0aae\u0abe\u0ab9\u0abf\u0aa4\u0a97\u0abe\u0ab0 \u0ab0\u0ab9\u0ac7\u0ab5\u0abe \u0aae\u0abe\u0a9f\u0ac7 \u0aa8\u0abf\u0aaf\u0aae\u0abf\u0aa4\u0aaa\u0aa3\u0ac7 \u0a86 \u0aaa\u0ac3\u0ab7\u0acd\u0aa0\u0aa8\u0ac7 \u0aa4\u0aaa\u0abe\u0ab8\u0ab5\u0abe \u0aae\u0abe\u0a9f\u0ac7 \u0aaa\u0acd\u0ab0\u0acb\u0aa4\u0acd\u0ab8\u0abe\u0ab9\u0abf\u0aa4 \u0a95\u0ab0\u0ab5\u0abe\u0aae\u0abe\u0a82 \u0a86\u0ab5\u0ac7 \u0a9b\u0ac7.<\/p>\t\t\t\t\t\t\t\t<\/div>\n\t\t\t\t<\/div>\n\t\t\t\t\t<\/div>\n\t\t<\/div>\n\t\t\t\t\t<\/div>\n\t\t<\/section>\n\t\t\t\t<\/div>","protected":false},"excerpt":{"rendered":"<p>Y\u00fcr\u00fcrl\u00fck\/G\u00fcncelleme Tarihi: 05.08.2024 1. Giri\u015f Hostragons Global Limited (&#8220;Hostragons&#8221; olarak an\u0131lacakt\u0131r), kullan\u0131c\u0131lar\u0131m\u0131z\u0131n gizlili\u011fini ve ki\u015fisel verilerinin korunmas\u0131n\u0131 ciddiye al\u0131r. Bu Gizlilik ve GDPR Uyum Politikas\u0131, ki\u015fisel verilerin nas\u0131l topland\u0131\u011f\u0131n\u0131, kullan\u0131ld\u0131\u011f\u0131n\u0131, korundu\u011funu ve GDPR kapsam\u0131nda nas\u0131l y\u00f6netildi\u011fini a\u00e7\u0131klar. Web sitemizi ve hizmetlerimizi kullanarak, bu politikay\u0131 kabul etmi\u015f say\u0131l\u0131rs\u0131n\u0131z. 2. Veri Sorumlusu ve Temsilcisi Hostragons, ki\u015fisel verilerinizi [&hellip;]<\/p>\n","protected":false},"author":94,"featured_media":7854,"parent":0,"menu_order":0,"comment_status":"closed","ping_status":"closed","template":"","meta":{"googlesitekit_rrm_CAow5YvFDA:productID":"","footnotes":""},"class_list":["post-2031","page","type-page","status-publish","has-post-thumbnail","hentry"],"_links":{"self":[{"href":"https:\/\/www.hostragons.com\/gu\/wp-json\/wp\/v2\/pages\/2031","targetHints":{"allow":["GET"]}}],"collection":[{"href":"https:\/\/www.hostragons.com\/gu\/wp-json\/wp\/v2\/pages"}],"about":[{"href":"https:\/\/www.hostragons.com\/gu\/wp-json\/wp\/v2\/types\/page"}],"author":[{"embeddable":true,"href":"https:\/\/www.hostragons.com\/gu\/wp-json\/wp\/v2\/users\/94"}],"replies":[{"embeddable":true,"href":"https:\/\/www.hostragons.com\/gu\/wp-json\/wp\/v2\/comments?post=2031"}],"version-history":[{"count":0,"href":"https:\/\/www.hostragons.com\/gu\/wp-json\/wp\/v2\/pages\/2031\/revisions"}],"wp:featuredmedia":[{"embeddable":true,"href":"https:\/\/www.hostragons.com\/gu\/wp-json\/wp\/v2\/media\/7854"}],"wp:attachment":[{"href":"https:\/\/www.hostragons.com\/gu\/wp-json\/wp\/v2\/media?parent=2031"}],"curies":[{"name":"\u0aa1\u0aac\u0ab2\u0acd\u0aaf\u0ac1\u0aaa\u0ac0","href":"https:\/\/api.w.org\/{rel}","templated":true}]}}