{"id":2358,"date":"2020-10-02T08:03:18","date_gmt":"2020-10-02T05:03:18","guid":{"rendered":"https:\/\/www.hostragons.com\/?page_id=2358"},"modified":"2025-03-25T09:07:38","modified_gmt":"2025-03-25T09:07:38","slug":"politique-des-cookies","status":"publish","type":"page","link":"https:\/\/www.hostragons.com\/fr\/politique-des-cookies\/","title":{"rendered":"Politique de cookies"},"content":{"rendered":"<div data-elementor-type=\"wp-page\" data-elementor-id=\"2358\" class=\"elementor elementor-2358\" data-elementor-post-type=\"page\">\n\t\t\t\t\t\t<section class=\"elementor-section elementor-top-section elementor-element elementor-element-9da5eda elementor-section-boxed elementor-section-height-default elementor-section-height-default\" data-id=\"9da5eda\" data-element_type=\"section\" data-e-type=\"section\">\n\t\t\t\t\t\t<div class=\"elementor-container elementor-column-gap-default\">\n\t\t\t\t\t<div class=\"elementor-column elementor-col-100 elementor-top-column elementor-element elementor-element-a7228de\" data-id=\"a7228de\" data-element_type=\"column\" data-e-type=\"column\">\n\t\t\t<div class=\"elementor-widget-wrap elementor-element-populated\">\n\t\t\t\t\t\t<div class=\"elementor-element elementor-element-8bde4d6 elementor-widget elementor-widget-text-editor\" data-id=\"8bde4d6\" data-element_type=\"widget\" data-e-type=\"widget\" data-widget_type=\"text-editor.default\">\n\t\t\t\t<div class=\"elementor-widget-container\">\n\t\t\t\t\t\t\t\t\t<p><strong>Date d'entr\u00e9e en vigueur\/mise \u00e0 jour :<\/strong> 05.08.2024<\/p><p><strong>1. Qu'est-ce qu'un cookie?<\/strong><\/p><p>Les cookies sont de petits fichiers de donn\u00e9es envoy\u00e9s \u00e0 votre navigateur par les sites web et stock\u00e9s sur votre appareil. Ces fichiers permettent \u00e0 votre navigateur de reconna\u00eetre le site lors de votre prochaine visite et de personnaliser votre exp\u00e9rience utilisateur en m\u00e9morisant vos pr\u00e9f\u00e9rences lors des visites pr\u00e9c\u00e9dentes.<\/p><p><strong>Les cookies sont utilis\u00e9s pour am\u00e9liorer l'exp\u00e9rience utilisateur, m\u00e9moriser vos pr\u00e9f\u00e9rences et surveiller les performances du site.<\/strong><\/p><p>Hostragons utilise des cookies pour les fins suivantes :<\/p><ul><li class=\"translation-block\"><strong>Cookies n\u00e9cessaires :<\/strong> Elles sont essentielles au bon fonctionnement de base du site.<\/li><li><strong>Cookies de performances\u00a0:<\/strong> Il est utilis\u00e9 pour surveiller et am\u00e9liorer les performances du site.<\/li><li class=\"translation-block\"><strong>Cookies fonctionnels :<\/strong> Ils se souviennent des pr\u00e9f\u00e9rences de l'utilisateur et offrent une exp\u00e9rience personnalis\u00e9e.<\/li><li class=\"translation-block\"><strong>Cookies de Publicit\u00e9 et Marketing :<\/strong> Utilis\u00e9s pour fournir du contenu et des publicit\u00e9s pertinents pour vos centres d'int\u00e9r\u00eat.<\/li><\/ul><p><strong>Les cookies permettent aux sites web de sauvegarder de petits fichiers de donn\u00e9es sur votre appareil.<\/strong><\/p><p>Certaines cookies sur notre site sont g\u00e9r\u00e9es par des prestataires de services tiers. Ces cookies sont utilis\u00e9s pour des services publicitaires et analytiques et sont soumises aux politiques de confidentialit\u00e9 de ces tiers. Pour plus d'informations sur l'utilisation des cookies tiers, nous vous recommandons de consulter les politiques de confidentialit\u00e9 de ces prestataires de services.<\/p><p><strong>Vous pouvez g\u00e9rer ou supprimer vos cookies via les param\u00e8tres du navigateur.<\/strong><\/p><p>Vous pouvez g\u00e9rer, accepter ou refuser les cookies depuis les param\u00e8tres de votre navigateur. De plus, vous pouvez supprimer les cookies pr\u00e9c\u00e9demment enregistr\u00e9s dans votre navigateur. Pour plus d'informations sur la gestion des cookies, veuillez vous r\u00e9f\u00e9rer aux instructions sp\u00e9cifiques \u00e0 votre navigateur :<\/p><ul><li><a target=\"_new\" rel=\"noreferrer\">Google Chrome<\/a><\/li><li><a href=\"https:\/\/support.mozilla.org\/tr\/kb\/cerezleri-silme\" target=\"_new\" rel=\"noreferrer noopener\">Mozilla Firefox<\/a><\/li><li><a href=\"https:\/\/support.apple.com\/tr-tr\/guide\/safari\/sfri11471\/mac\" target=\"_new\" rel=\"noreferrer noopener\">Safari<\/a><\/li><li><a href=\"https:\/\/support.microsoft.com\/tr-tr\/help\/4027947\/microsoft-edge-delete-cookies\" target=\"_new\" rel=\"noreferrer noopener\">Microsoft Edge<\/a><\/li><\/ul><p><strong>Les modifications de notre politique relative aux cookies seront annonc\u00e9es sur cette page.<\/strong><\/p><p>Hostragons se r\u00e9serve le droit de modifier sa politique en mati\u00e8re de cookies. Les modifications apport\u00e9es \u00e0 notre politique seront mises \u00e0 jour et prendront effet sur cette page. Nous recommandons aux utilisateurs de consulter r\u00e9guli\u00e8rement cette page pour rester inform\u00e9s des mises \u00e0 jour.<\/p><p><strong>Contact<\/strong><\/p><p>Pour toute question concernant cette politique relative aux cookies, vous pouvez nous contacter. <a rel=\"noreferrer\">hello@hostragons.com<\/a> Vous pouvez nous contacter \u00e0.<\/p>\t\t\t\t\t\t\t\t<\/div>\n\t\t\t\t<\/div>\n\t\t\t\t\t<\/div>\n\t\t<\/div>\n\t\t\t\t\t<\/div>\n\t\t<\/section>\n\t\t\t\t<\/div>","protected":false},"excerpt":{"rendered":"<p>Y\u00fcr\u00fcrl\u00fck\/G\u00fcncelleme Tarihi: 05.08.2024 1. \u00c7erez (Cookie) Nedir? \u00c7erezler, web siteleri taraf\u0131ndan taray\u0131c\u0131n\u0131za g\u00f6nderilen ve cihaz\u0131n\u0131zda depolanan k\u00fc\u00e7\u00fck veri dosyalar\u0131d\u0131r. Bu dosyalar, siteyi tekrar ziyaret etti\u011finizde taray\u0131c\u0131n\u0131z\u0131n web sitesini tan\u0131mas\u0131n\u0131 sa\u011flar ve \u00f6nceki ziyaretlerinizdeki tercihlerinizi hat\u0131rlayarak kullan\u0131c\u0131 deneyiminizi ki\u015fiselle\u015ftirir. 2. \u00c7erezlerin Kullan\u0131m Ama\u00e7lar\u0131 Hostragons, a\u015fa\u011f\u0131daki ama\u00e7lar do\u011frultusunda \u00e7erezleri kullan\u0131r: Zorunlu \u00c7erezler: Sitenin temel i\u015flevlerini yerine getirebilmesi [&hellip;]<\/p>\n","protected":false},"author":94,"featured_media":7852,"parent":0,"menu_order":0,"comment_status":"closed","ping_status":"closed","template":"","meta":{"googlesitekit_rrm_CAow5YvFDA:productID":"","footnotes":""},"class_list":["post-2358","page","type-page","status-publish","has-post-thumbnail","hentry"],"_links":{"self":[{"href":"https:\/\/www.hostragons.com\/fr\/wp-json\/wp\/v2\/pages\/2358","targetHints":{"allow":["GET"]}}],"collection":[{"href":"https:\/\/www.hostragons.com\/fr\/wp-json\/wp\/v2\/pages"}],"about":[{"href":"https:\/\/www.hostragons.com\/fr\/wp-json\/wp\/v2\/types\/page"}],"author":[{"embeddable":true,"href":"https:\/\/www.hostragons.com\/fr\/wp-json\/wp\/v2\/users\/94"}],"replies":[{"embeddable":true,"href":"https:\/\/www.hostragons.com\/fr\/wp-json\/wp\/v2\/comments?post=2358"}],"version-history":[{"count":0,"href":"https:\/\/www.hostragons.com\/fr\/wp-json\/wp\/v2\/pages\/2358\/revisions"}],"wp:featuredmedia":[{"embeddable":true,"href":"https:\/\/www.hostragons.com\/fr\/wp-json\/wp\/v2\/media\/7852"}],"wp:attachment":[{"href":"https:\/\/www.hostragons.com\/fr\/wp-json\/wp\/v2\/media?parent=2358"}],"curies":[{"name":"wp","href":"https:\/\/api.w.org\/{rel}","templated":true}]}}