{"id":2358,"date":"2020-10-02T08:03:18","date_gmt":"2020-10-02T05:03:18","guid":{"rendered":"https:\/\/www.hostragons.com\/?page_id=2358"},"modified":"2025-03-25T09:07:38","modified_gmt":"2025-03-25T09:07:38","slug":"evastekaytanto","status":"publish","type":"page","link":"https:\/\/www.hostragons.com\/fi\/evastekaytanto\/","title":{"rendered":"Ev\u00e4stek\u00e4yt\u00e4nt\u00f6"},"content":{"rendered":"<div data-elementor-type=\"wp-page\" data-elementor-id=\"2358\" class=\"elementor elementor-2358\" data-elementor-post-type=\"page\">\n\t\t\t\t\t\t<section class=\"elementor-section elementor-top-section elementor-element elementor-element-9da5eda elementor-section-boxed elementor-section-height-default elementor-section-height-default\" data-id=\"9da5eda\" data-element_type=\"section\" data-e-type=\"section\">\n\t\t\t\t\t\t<div class=\"elementor-container elementor-column-gap-default\">\n\t\t\t\t\t<div class=\"elementor-column elementor-col-100 elementor-top-column elementor-element elementor-element-a7228de\" data-id=\"a7228de\" data-element_type=\"column\" data-e-type=\"column\">\n\t\t\t<div class=\"elementor-widget-wrap elementor-element-populated\">\n\t\t\t\t\t\t<div class=\"elementor-element elementor-element-8bde4d6 elementor-widget elementor-widget-text-editor\" data-id=\"8bde4d6\" data-element_type=\"widget\" data-e-type=\"widget\" data-widget_type=\"text-editor.default\">\n\t\t\t\t<div class=\"elementor-widget-container\">\n\t\t\t\t\t\t\t\t\t<p><strong>Voimaantulo\/p\u00e4ivitysp\u00e4iv\u00e4:<\/strong> 05.08.2024<\/p><p><strong>1. Mik\u00e4 on ev\u00e4ste?<\/strong><\/p><p>Ev\u00e4steet ovat pieni\u00e4 datatiedostoja, jotka verkkosivustot l\u00e4hett\u00e4v\u00e4t selaimeesi ja jotka tallennetaan laitteellesi. N\u00e4iden tiedostojen avulla selaimesi tunnistaa verkkosivuston, kun vierailet sill\u00e4 uudelleen, ja mukauttaa k\u00e4ytt\u00f6kokemustasi muistamalla aiempien k\u00e4yntien valintasi.<\/p><p><strong>2. Ev\u00e4steiden k\u00e4ytt\u00f6tarkoitukset<\/strong><\/p><p>Hostragons k\u00e4ytt\u00e4\u00e4 ev\u00e4steit\u00e4 seuraaviin tarkoituksiin:<\/p><ul><li class=\"translation-block\"><strong>Pakolliset ev\u00e4steet:<\/strong> V\u00e4ltt\u00e4m\u00e4tt\u00f6mi\u00e4 sivuston perustoimintojen suorittamiseksi.<\/li><li><strong>Suorituskykyev\u00e4steet:<\/strong> Sit\u00e4 k\u00e4ytet\u00e4\u00e4n sivuston toiminnan seurantaan ja parantamiseen.<\/li><li class=\"translation-block\"><strong>Toiminnalliset ev\u00e4steet:<\/strong> Tarjoaa henkil\u00f6kohtaisen kokemuksen muistamalla k\u00e4ytt\u00e4j\u00e4n mieltymykset.<\/li><li class=\"translation-block\"><strong>Mainos- ja markkinointiev\u00e4steet:<\/strong> K\u00e4ytet\u00e4\u00e4n kiinnostuksen kohteidesi mukaisen sis\u00e4ll\u00f6n ja mainosten toimittamiseen.<\/li><\/ul><p><strong>3. Kolmannen osapuolen ev\u00e4steet<\/strong><\/p><p>Joitakin sivustomme ev\u00e4steit\u00e4 hallinnoivat kolmannen osapuolen palveluntarjoajat. N\u00e4it\u00e4 ev\u00e4steit\u00e4 k\u00e4ytet\u00e4\u00e4n mainontaan ja analytiikkapalveluihin, ja niihin sovelletaan kolmansien osapuolien omia tietosuojak\u00e4yt\u00e4nt\u00f6j\u00e4. Suosittelemme, ett\u00e4 tutustut n\u00e4iden palveluntarjoajien tietosuojak\u00e4yt\u00e4nt\u00f6ihin saadaksesi lis\u00e4tietoja heid\u00e4n kolmannen osapuolen ev\u00e4steiden k\u00e4yt\u00f6st\u00e4.<\/p><p><strong>4. Ev\u00e4steiden hallinta ja poistaminen<\/strong><\/p><p>Voit hallita, hyv\u00e4ksy\u00e4 tai hyl\u00e4t\u00e4 ev\u00e4steit\u00e4 selaimesi asetuksista. Voit my\u00f6s poistaa selaimeesi aiemmin tallennetut ev\u00e4steet. Lis\u00e4tietoja ev\u00e4steiden hallinnasta saat k\u00e4ytt\u00e4m\u00e4\u00e4si selainta koskevista ohjeista:<\/p><ul><li><a target=\"_new\" rel=\"noreferrer\">Google Chrome<\/a><\/li><li><a href=\"https:\/\/support.mozilla.org\/tr\/kb\/cerezleri-silme\" target=\"_new\" rel=\"noreferrer noopener\">Mozilla Firefox<\/a><\/li><li><a href=\"https:\/\/support.apple.com\/tr-tr\/guide\/safari\/sfri11471\/mac\" target=\"_new\" rel=\"noreferrer noopener\">Safari<\/a><\/li><li><a href=\"https:\/\/support.microsoft.com\/tr-tr\/help\/4027947\/microsoft-edge-delete-cookies\" target=\"_new\" rel=\"noreferrer noopener\">Microsoft Edge<\/a><\/li><\/ul><p class=\"translation-block\">5. Ev\u00e4stek\u00e4yt\u00e4nn\u00f6n muutokset<\/p><p>Hostragons pid\u00e4tt\u00e4\u00e4 oikeuden muuttaa ev\u00e4stek\u00e4yt\u00e4nt\u00f6\u00e4\u00e4n. Kaikki k\u00e4yt\u00e4nt\u00f6\u00f6mme tehdyt muutokset p\u00e4ivitet\u00e4\u00e4n t\u00e4lle sivulle ja ne tulevat voimaan. Suosittelemme k\u00e4ytt\u00e4ji\u00e4 pysym\u00e4\u00e4n ajan tasalla kaikista muutoksista tarkistamalla t\u00e4m\u00e4n sivun s\u00e4\u00e4nn\u00f6llisesti.<\/p><p><strong>6. Viestint\u00e4<\/strong><\/p><p>Jos sinulla on kysytt\u00e4v\u00e4\u00e4 t\u00e4st\u00e4 ev\u00e4stek\u00e4yt\u00e4nn\u00f6st\u00e4 <a rel=\"noreferrer\">hello@hostragons.com<\/a> Voit ottaa meihin yhteytt\u00e4 osoitteessa.<\/p>\t\t\t\t\t\t\t\t<\/div>\n\t\t\t\t<\/div>\n\t\t\t\t\t<\/div>\n\t\t<\/div>\n\t\t\t\t\t<\/div>\n\t\t<\/section>\n\t\t\t\t<\/div>","protected":false},"excerpt":{"rendered":"<p>Y\u00fcr\u00fcrl\u00fck\/G\u00fcncelleme Tarihi: 05.08.2024 1. \u00c7erez (Cookie) Nedir? \u00c7erezler, web siteleri taraf\u0131ndan taray\u0131c\u0131n\u0131za g\u00f6nderilen ve cihaz\u0131n\u0131zda depolanan k\u00fc\u00e7\u00fck veri dosyalar\u0131d\u0131r. Bu dosyalar, siteyi tekrar ziyaret etti\u011finizde taray\u0131c\u0131n\u0131z\u0131n web sitesini tan\u0131mas\u0131n\u0131 sa\u011flar ve \u00f6nceki ziyaretlerinizdeki tercihlerinizi hat\u0131rlayarak kullan\u0131c\u0131 deneyiminizi ki\u015fiselle\u015ftirir. 2. \u00c7erezlerin Kullan\u0131m Ama\u00e7lar\u0131 Hostragons, a\u015fa\u011f\u0131daki ama\u00e7lar do\u011frultusunda \u00e7erezleri kullan\u0131r: Zorunlu \u00c7erezler: Sitenin temel i\u015flevlerini yerine getirebilmesi [&hellip;]<\/p>\n","protected":false},"author":94,"featured_media":7852,"parent":0,"menu_order":0,"comment_status":"closed","ping_status":"closed","template":"","meta":{"googlesitekit_rrm_CAow5YvFDA:productID":"","footnotes":""},"class_list":["post-2358","page","type-page","status-publish","has-post-thumbnail","hentry"],"_links":{"self":[{"href":"https:\/\/www.hostragons.com\/fi\/wp-json\/wp\/v2\/pages\/2358","targetHints":{"allow":["GET"]}}],"collection":[{"href":"https:\/\/www.hostragons.com\/fi\/wp-json\/wp\/v2\/pages"}],"about":[{"href":"https:\/\/www.hostragons.com\/fi\/wp-json\/wp\/v2\/types\/page"}],"author":[{"embeddable":true,"href":"https:\/\/www.hostragons.com\/fi\/wp-json\/wp\/v2\/users\/94"}],"replies":[{"embeddable":true,"href":"https:\/\/www.hostragons.com\/fi\/wp-json\/wp\/v2\/comments?post=2358"}],"version-history":[{"count":0,"href":"https:\/\/www.hostragons.com\/fi\/wp-json\/wp\/v2\/pages\/2358\/revisions"}],"wp:featuredmedia":[{"embeddable":true,"href":"https:\/\/www.hostragons.com\/fi\/wp-json\/wp\/v2\/media\/7852"}],"wp:attachment":[{"href":"https:\/\/www.hostragons.com\/fi\/wp-json\/wp\/v2\/media?parent=2358"}],"curies":[{"name":"wp","href":"https:\/\/api.w.org\/{rel}","templated":true}]}}