{"id":2358,"date":"2020-10-02T08:03:18","date_gmt":"2020-10-02T05:03:18","guid":{"rendered":"https:\/\/www.hostragons.com\/?page_id=2358"},"modified":"2025-03-25T09:07:38","modified_gmt":"2025-03-25T09:07:38","slug":"%d8%b3%db%8c%d8%a7%d8%b3%d8%aa-%da%a9%d9%88%da%a9%db%8c","status":"publish","type":"page","link":"https:\/\/www.hostragons.com\/fa\/%d8%b3%db%8c%d8%a7%d8%b3%d8%aa-%da%a9%d9%88%da%a9%db%8c\/","title":{"rendered":"\u062e\u0637 \u0645\u0634\u06cc \u06a9\u0648\u06a9\u06cc"},"content":{"rendered":"<div data-elementor-type=\"wp-page\" data-elementor-id=\"2358\" class=\"elementor elementor-2358\" data-elementor-post-type=\"page\">\n\t\t\t\t\t\t<section class=\"elementor-section elementor-top-section elementor-element elementor-element-9da5eda elementor-section-boxed elementor-section-height-default elementor-section-height-default\" data-id=\"9da5eda\" data-element_type=\"section\" data-e-type=\"section\">\n\t\t\t\t\t\t<div class=\"elementor-container elementor-column-gap-default\">\n\t\t\t\t\t<div class=\"elementor-column elementor-col-100 elementor-top-column elementor-element elementor-element-a7228de\" data-id=\"a7228de\" data-element_type=\"column\" data-e-type=\"column\">\n\t\t\t<div class=\"elementor-widget-wrap elementor-element-populated\">\n\t\t\t\t\t\t<div class=\"elementor-element elementor-element-8bde4d6 elementor-widget elementor-widget-text-editor\" data-id=\"8bde4d6\" data-element_type=\"widget\" data-e-type=\"widget\" data-widget_type=\"text-editor.default\">\n\t\t\t\t<div class=\"elementor-widget-container\">\n\t\t\t\t\t\t\t\t\t<p><strong>\u062a\u0627\u0631\u06cc\u062e \u0627\u062c\u0631\u0627\u06cc\u06cc\/\u0628\u0647\u200c\u0631\u0648\u0632\u0631\u0633\u0627\u0646\u06cc:<\/strong> 05.08.2024<\/p><p><strong>1. \u06a9\u0648\u06a9\u06cc \u0686\u06cc\u0633\u062a\u061f<\/strong><\/p><p>\u06a9\u0648\u06a9\u06cc \u0647\u0627 \u0641\u0627\u06cc\u0644 \u0647\u0627\u06cc \u062f\u0627\u062f\u0647 \u06a9\u0648\u0686\u06a9\u06cc \u0647\u0633\u062a\u0646\u062f \u06a9\u0647 \u062a\u0648\u0633\u0637 \u0648\u0628 \u0633\u0627\u06cc\u062a \u0647\u0627 \u0628\u0647 \u0645\u0631\u0648\u0631\u06af\u0631 \u0634\u0645\u0627 \u0627\u0631\u0633\u0627\u0644 \u0645\u06cc \u0634\u0648\u0646\u062f \u0648 \u062f\u0631 \u062f\u0633\u062a\u06af\u0627\u0647 \u0634\u0645\u0627 \u0630\u062e\u06cc\u0631\u0647 \u0645\u06cc \u0634\u0648\u0646\u062f. \u0627\u06cc\u0646 \u0641\u0627\u06cc\u0644\u200c\u0647\u0627 \u0628\u0647 \u0645\u0631\u0648\u0631\u06af\u0631 \u0634\u0645\u0627 \u0627\u062c\u0627\u0632\u0647 \u0645\u06cc\u200c\u062f\u0647\u0646\u062f \u062a\u0627 \u0648\u0642\u062a\u06cc \u062f\u0648\u0628\u0627\u0631\u0647 \u0627\u0632 \u0648\u0628\u200c\u0633\u0627\u06cc\u062a \u0628\u0627\u0632\u062f\u06cc\u062f \u0645\u06cc\u200c\u06a9\u0646\u06cc\u062f\u060c \u0622\u0646 \u0631\u0627 \u062a\u0634\u062e\u06cc\u0635 \u062f\u0647\u062f \u0648 \u0628\u0627 \u0628\u0647 \u062e\u0627\u0637\u0631 \u0633\u067e\u0631\u062f\u0646 \u062a\u0646\u0638\u06cc\u0645\u0627\u062a \u0628\u0631\u06af\u0632\u06cc\u062f\u0647 \u0634\u0645\u0627 \u0627\u0632 \u0628\u0627\u0632\u062f\u06cc\u062f\u0647\u0627\u06cc \u0642\u0628\u0644\u06cc\u060c \u062a\u062c\u0631\u0628\u0647 \u06a9\u0627\u0631\u0628\u0631\u06cc \u0634\u0645\u0627 \u0631\u0627 \u0634\u062e\u0635\u06cc\u200c\u0633\u0627\u0632\u06cc \u06a9\u0646\u062f.<\/p><p><strong>2. \u0627\u0647\u062f\u0627\u0641 \u0627\u0633\u062a\u0641\u0627\u062f\u0647 \u0627\u0632 \u06a9\u0648\u06a9\u06cc \u0647\u0627<\/strong><\/p><p>Hostragons \u0627\u0632 \u06a9\u0648\u06a9\u06cc \u0647\u0627 \u0628\u0631\u0627\u06cc \u0627\u0647\u062f\u0627\u0641 \u0632\u06cc\u0631 \u0627\u0633\u062a\u0641\u0627\u062f\u0647 \u0645\u06cc \u06a9\u0646\u062f:<\/p><ul><li class=\"translation-block\"><strong>\u06a9\u0648\u06a9\u06cc \u0647\u0627\u06cc \u0627\u062c\u0628\u0627\u0631\u06cc:<\/strong> \u0628\u0631\u0627\u06cc \u0627\u0646\u062c\u0627\u0645 \u0639\u0645\u0644\u06a9\u0631\u062f\u0647\u0627\u06cc \u0627\u0648\u0644\u06cc\u0647 \u0633\u0627\u06cc\u062a \u0644\u0627\u0632\u0645 \u0627\u0633\u062a.<\/li><li><strong>\u06a9\u0648\u06a9\u06cc \u0647\u0627\u06cc \u0639\u0645\u0644\u06a9\u0631\u062f:<\/strong> \u0628\u0631\u0627\u06cc \u0646\u0638\u0627\u0631\u062a \u0648 \u0628\u0647\u0628\u0648\u062f \u0639\u0645\u0644\u06a9\u0631\u062f \u0633\u0627\u06cc\u062a \u0627\u0633\u062a\u0641\u0627\u062f\u0647 \u0645\u06cc \u0634\u0648\u062f.<\/li><li class=\"translation-block\"><strong>\u06a9\u0648\u06a9\u06cc \u0647\u0627\u06cc \u06a9\u0627\u0631\u0628\u0631\u062f\u06cc:<\/strong> \u0628\u0627 \u0628\u0647 \u062e\u0627\u0637\u0631 \u0633\u067e\u0631\u062f\u0646 \u062a\u0646\u0638\u06cc\u0645\u0627\u062a \u0628\u0631\u06af\u0632\u06cc\u062f\u0647 \u06a9\u0627\u0631\u0628\u0631\u060c \u062a\u062c\u0631\u0628\u0647 \u0627\u06cc \u0634\u062e\u0635\u06cc \u0633\u0627\u0632\u06cc \u0634\u062f\u0647 \u0631\u0627 \u0627\u0631\u0627\u0626\u0647 \u0645\u06cc \u062f\u0647\u062f.<\/li><li class=\"translation-block\"><strong>\u06a9\u0648\u06a9\u06cc \u0647\u0627\u06cc \u062a\u0628\u0644\u06cc\u063a\u0627\u062a\u06cc \u0648 \u0628\u0627\u0632\u0627\u0631\u06cc\u0627\u0628\u06cc:<\/strong> \u0628\u0631\u0627\u06cc \u0627\u0631\u0627\u0626\u0647 \u0645\u062d\u062a\u0648\u0627 \u0648 \u062a\u0628\u0644\u06cc\u063a\u0627\u062a \u0645\u062a\u0646\u0627\u0633\u0628 \u0628\u0627 \u0639\u0644\u0627\u06cc\u0642 \u0634\u0645\u0627 \u0627\u0633\u062a\u0641\u0627\u062f\u0647 \u0645\u06cc \u0634\u0648\u062f.<\/li><\/ul><p><strong>3. \u06a9\u0648\u06a9\u06cc \u0647\u0627\u06cc \u0634\u062e\u0635 \u062b\u0627\u0644\u062b<\/strong><\/p><p>\u0628\u0631\u062e\u06cc \u0627\u0632 \u06a9\u0648\u06a9\u06cc \u0647\u0627 \u062f\u0631 \u0633\u0627\u06cc\u062a \u0645\u0627 \u062a\u0648\u0633\u0637 \u0627\u0631\u0627\u0626\u0647 \u062f\u0647\u0646\u062f\u06af\u0627\u0646 \u062e\u062f\u0645\u0627\u062a \u0634\u062e\u0635 \u062b\u0627\u0644\u062b \u0645\u062f\u06cc\u0631\u06cc\u062a \u0645\u06cc \u0634\u0648\u0646\u062f. \u0627\u06cc\u0646 \u06a9\u0648\u06a9\u06cc\u200c\u0647\u0627 \u0628\u0631\u0627\u06cc \u062e\u062f\u0645\u0627\u062a \u062a\u0628\u0644\u06cc\u063a\u0627\u062a\u06cc \u0648 \u062a\u062d\u0644\u06cc\u0644\u06cc \u0627\u0633\u062a\u0641\u0627\u062f\u0647 \u0645\u06cc\u200c\u0634\u0648\u0646\u062f \u0648 \u0645\u0634\u0645\u0648\u0644 \u0633\u06cc\u0627\u0633\u062a\u200c\u0647\u0627\u06cc \u062d\u0641\u0638 \u062d\u0631\u06cc\u0645 \u062e\u0635\u0648\u0635\u06cc \u0634\u062e\u0635 \u062b\u0627\u0644\u062b \u0647\u0633\u062a\u0646\u062f. \u062a\u0648\u0635\u06cc\u0647 \u0645\u06cc \u06a9\u0646\u06cc\u0645 \u0628\u0631\u0627\u06cc \u0627\u0637\u0644\u0627\u0639\u0627\u062a \u0628\u06cc\u0634\u062a\u0631 \u062f\u0631 \u0645\u0648\u0631\u062f \u0627\u0633\u062a\u0641\u0627\u062f\u0647 \u0622\u0646\u0647\u0627 \u0627\u0632 \u06a9\u0648\u06a9\u06cc \u0647\u0627\u06cc \u0634\u062e\u0635 \u062b\u0627\u0644\u062b\u060c \u0633\u06cc\u0627\u0633\u062a \u0647\u0627\u06cc \u062d\u0641\u0638 \u062d\u0631\u06cc\u0645 \u062e\u0635\u0648\u0635\u06cc \u0627\u06cc\u0646 \u0627\u0631\u0627\u0626\u0647 \u062f\u0647\u0646\u062f\u06af\u0627\u0646 \u062e\u062f\u0645\u0627\u062a \u0631\u0627 \u0645\u0631\u0648\u0631 \u06a9\u0646\u06cc\u062f.<\/p><p><strong>4. \u06a9\u0646\u062a\u0631\u0644 \u0648 \u062d\u0630\u0641 \u06a9\u0648\u06a9\u06cc \u0647\u0627<\/strong><\/p><p>\u0634\u0645\u0627 \u0645\u06cc \u062a\u0648\u0627\u0646\u06cc\u062f \u06a9\u0648\u06a9\u06cc \u0647\u0627 \u0631\u0627 \u0627\u0632 \u0637\u0631\u06cc\u0642 \u062a\u0646\u0638\u06cc\u0645\u0627\u062a \u0645\u0631\u0648\u0631\u06af\u0631 \u062e\u0648\u062f \u0645\u062f\u06cc\u0631\u06cc\u062a\u060c \u0642\u0628\u0648\u0644 \u06cc\u0627 \u0631\u062f \u06a9\u0646\u06cc\u062f. \u0647\u0645\u0686\u0646\u06cc\u0646 \u0645\u06cc\u200c\u062a\u0648\u0627\u0646\u06cc\u062f \u06a9\u0648\u06a9\u06cc\u200c\u0647\u0627\u06cc\u06cc \u0631\u0627 \u06a9\u0647 \u0642\u0628\u0644\u0627\u064b \u062f\u0631 \u0645\u0631\u0648\u0631\u06af\u0631 \u062e\u0648\u062f \u0630\u062e\u06cc\u0631\u0647 \u06a9\u0631\u062f\u0647\u200c\u0627\u0646\u062f \u062d\u0630\u0641 \u06a9\u0646\u06cc\u062f. \u0628\u0631\u0627\u06cc \u0627\u0637\u0644\u0627\u0639\u0627\u062a \u0628\u06cc\u0634\u062a\u0631 \u062f\u0631 \u0645\u0648\u0631\u062f \u0646\u062d\u0648\u0647 \u0645\u062f\u06cc\u0631\u06cc\u062a \u06a9\u0648\u06a9\u06cc \u0647\u0627\u060c \u0645\u06cc \u062a\u0648\u0627\u0646\u06cc\u062f \u0628\u0647 \u062f\u0633\u062a\u0648\u0631\u0627\u0644\u0639\u0645\u0644 \u0647\u0627\u06cc \u062e\u0627\u0635 \u0645\u0631\u0648\u0631\u06af\u0631\u06cc \u06a9\u0647 \u0627\u0633\u062a\u0641\u0627\u062f\u0647 \u0645\u06cc \u06a9\u0646\u06cc\u062f \u0645\u0631\u0627\u062c\u0639\u0647 \u06a9\u0646\u06cc\u062f:<\/p><ul><li><a target=\"_new\" rel=\"noreferrer\">\u06af\u0648\u06af\u0644 \u06a9\u0631\u0648\u0645<\/a><\/li><li><a href=\"https:\/\/support.mozilla.org\/tr\/kb\/cerezleri-silme\" target=\"_new\" rel=\"noreferrer noopener\">\u0645\u0648\u0632\u06cc\u0644\u0627 \u0641\u0627\u06cc\u0631\u0641\u0627\u06a9\u0633<\/a><\/li><li><a href=\"https:\/\/support.apple.com\/tr-tr\/guide\/safari\/sfri11471\/mac\" target=\"_new\" rel=\"noreferrer noopener\">\u0633\u0627\u0641\u0627\u0631\u06cc<\/a><\/li><li><a href=\"https:\/\/support.microsoft.com\/tr-tr\/help\/4027947\/microsoft-edge-delete-cookies\" target=\"_new\" rel=\"noreferrer noopener\">\u0645\u0627\u06cc\u06a9\u0631\u0648\u0633\u0627\u0641\u062a \u0627\u062c<\/a><\/li><\/ul><p class=\"translation-block\">5. \u062a\u063a\u06cc\u06cc\u0631\u0627\u062a \u0633\u06cc\u0627\u0633\u062a \u06a9\u0648\u06a9\u06cc<\/p><p>Hostragons \u0627\u06cc\u0646 \u062d\u0642 \u0631\u0627 \u0628\u0631\u0627\u06cc \u062e\u0648\u062f \u0645\u062d\u0641\u0648\u0638 \u0645\u06cc \u062f\u0627\u0631\u062f \u06a9\u0647 \u062e\u0637 \u0645\u0634\u06cc \u06a9\u0648\u06a9\u06cc \u062e\u0648\u062f \u0631\u0627 \u062a\u063a\u06cc\u06cc\u0631 \u062f\u0647\u062f. \u0647\u0631 \u06af\u0648\u0646\u0647 \u062a\u063a\u06cc\u06cc\u0631 \u062f\u0631 \u062e\u0637 \u0645\u0634\u06cc \u0645\u0627 \u062f\u0631 \u0627\u06cc\u0646 \u0635\u0641\u062d\u0647 \u0628\u0647 \u0631\u0648\u0632 \u0645\u06cc \u0634\u0648\u062f \u0648 \u0644\u0627\u0632\u0645 \u0627\u0644\u0627\u062c\u0631\u0627 \u0645\u06cc \u0634\u0648\u062f. \u062a\u0648\u0635\u06cc\u0647 \u0645\u06cc \u06a9\u0646\u06cc\u0645 \u06a9\u0647 \u06a9\u0627\u0631\u0628\u0631\u0627\u0646 \u0628\u0627 \u0628\u0631\u0631\u0633\u06cc \u0645\u0646\u0638\u0645 \u0627\u06cc\u0646 \u0635\u0641\u062d\u0647 \u0627\u0632 \u0647\u0631\u06af\u0648\u0646\u0647 \u062a\u063a\u06cc\u06cc\u0631 \u0645\u0637\u0644\u0639 \u0634\u0648\u0646\u062f.<\/p><p><strong>6. \u0627\u0631\u062a\u0628\u0627\u0637\u0627\u062a<\/strong><\/p><p>\u0628\u0631\u0627\u06cc \u0633\u0648\u0627\u0644\u0627\u062a\u06cc \u062f\u0631 \u0645\u0648\u0631\u062f \u0627\u06cc\u0646 \u062e\u0637 \u0645\u0634\u06cc \u06a9\u0648\u06a9\u06cc <a rel=\"noreferrer\">hello@hostragons.com<\/a> \u0645\u06cc \u062a\u0648\u0627\u0646\u06cc\u062f \u0628\u0627 \u0645\u0627 \u062f\u0631 \u062a\u0645\u0627\u0633 \u0628\u0627\u0634\u06cc\u062f.<\/p>\t\t\t\t\t\t\t\t<\/div>\n\t\t\t\t<\/div>\n\t\t\t\t\t<\/div>\n\t\t<\/div>\n\t\t\t\t\t<\/div>\n\t\t<\/section>\n\t\t\t\t<\/div>","protected":false},"excerpt":{"rendered":"<p>Y\u00fcr\u00fcrl\u00fck\/G\u00fcncelleme Tarihi: 05.08.2024 1. \u00c7erez (Cookie) Nedir? \u00c7erezler, web siteleri taraf\u0131ndan taray\u0131c\u0131n\u0131za g\u00f6nderilen ve cihaz\u0131n\u0131zda depolanan k\u00fc\u00e7\u00fck veri dosyalar\u0131d\u0131r. Bu dosyalar, siteyi tekrar ziyaret etti\u011finizde taray\u0131c\u0131n\u0131z\u0131n web sitesini tan\u0131mas\u0131n\u0131 sa\u011flar ve \u00f6nceki ziyaretlerinizdeki tercihlerinizi hat\u0131rlayarak kullan\u0131c\u0131 deneyiminizi ki\u015fiselle\u015ftirir. 2. \u00c7erezlerin Kullan\u0131m Ama\u00e7lar\u0131 Hostragons, a\u015fa\u011f\u0131daki ama\u00e7lar do\u011frultusunda \u00e7erezleri kullan\u0131r: Zorunlu \u00c7erezler: Sitenin temel i\u015flevlerini yerine getirebilmesi [&hellip;]<\/p>\n","protected":false},"author":94,"featured_media":7852,"parent":0,"menu_order":0,"comment_status":"closed","ping_status":"closed","template":"","meta":{"googlesitekit_rrm_CAow5YvFDA:productID":"","footnotes":""},"class_list":["post-2358","page","type-page","status-publish","has-post-thumbnail","hentry"],"_links":{"self":[{"href":"https:\/\/www.hostragons.com\/fa\/wp-json\/wp\/v2\/pages\/2358","targetHints":{"allow":["GET"]}}],"collection":[{"href":"https:\/\/www.hostragons.com\/fa\/wp-json\/wp\/v2\/pages"}],"about":[{"href":"https:\/\/www.hostragons.com\/fa\/wp-json\/wp\/v2\/types\/page"}],"author":[{"embeddable":true,"href":"https:\/\/www.hostragons.com\/fa\/wp-json\/wp\/v2\/users\/94"}],"replies":[{"embeddable":true,"href":"https:\/\/www.hostragons.com\/fa\/wp-json\/wp\/v2\/comments?post=2358"}],"version-history":[{"count":0,"href":"https:\/\/www.hostragons.com\/fa\/wp-json\/wp\/v2\/pages\/2358\/revisions"}],"wp:featuredmedia":[{"embeddable":true,"href":"https:\/\/www.hostragons.com\/fa\/wp-json\/wp\/v2\/media\/7852"}],"wp:attachment":[{"href":"https:\/\/www.hostragons.com\/fa\/wp-json\/wp\/v2\/media?parent=2358"}],"curies":[{"name":"\u0648\u0631\u062f\u067e\u0631\u0633","href":"https:\/\/api.w.org\/{rel}","templated":true}]}}