{"id":2358,"date":"2020-10-02T08:03:18","date_gmt":"2020-10-02T05:03:18","guid":{"rendered":"https:\/\/www.hostragons.com\/?page_id=2358"},"modified":"2025-03-25T09:07:38","modified_gmt":"2025-03-25T09:07:38","slug":"politica-de-cookies","status":"publish","type":"page","link":"https:\/\/www.hostragons.com\/es\/politica-de-cookies\/","title":{"rendered":"Pol\u00edtica de Cookies"},"content":{"rendered":"<div data-elementor-type=\"wp-page\" data-elementor-id=\"2358\" class=\"elementor elementor-2358\" data-elementor-post-type=\"page\">\n\t\t\t\t\t\t<section class=\"elementor-section elementor-top-section elementor-element elementor-element-9da5eda elementor-section-boxed elementor-section-height-default elementor-section-height-default\" data-id=\"9da5eda\" data-element_type=\"section\" data-e-type=\"section\">\n\t\t\t\t\t\t<div class=\"elementor-container elementor-column-gap-default\">\n\t\t\t\t\t<div class=\"elementor-column elementor-col-100 elementor-top-column elementor-element elementor-element-a7228de\" data-id=\"a7228de\" data-element_type=\"column\" data-e-type=\"column\">\n\t\t\t<div class=\"elementor-widget-wrap elementor-element-populated\">\n\t\t\t\t\t\t<div class=\"elementor-element elementor-element-8bde4d6 elementor-widget elementor-widget-text-editor\" data-id=\"8bde4d6\" data-element_type=\"widget\" data-e-type=\"widget\" data-widget_type=\"text-editor.default\">\n\t\t\t\t<div class=\"elementor-widget-container\">\n\t\t\t\t\t\t\t\t\t<p><strong>Fecha de entrada en vigor\/actualizaci\u00f3n:<\/strong> 05.08.2024<\/p><p><strong>1. \u00bfQu\u00e9 es una cookie?<\/strong><\/p><p>Las cookies son peque\u00f1os archivos de datos enviados a su navegador por los sitios web y almacenados en su dispositivo. Estos archivos permiten que su navegador reconozca el sitio web cuando lo visita nuevamente y personalice su experiencia de usuario recordando sus preferencias de visitas anteriores.<\/p><p><strong>Las cookies se utilizan para mejorar la experiencia del usuario, recordar tus preferencias y supervisar el rendimiento del sitio.<\/strong><\/p><p>Hostragons utiliza cookies para los siguientes fines:<\/p><ul><li class=\"translation-block\"><strong>Cookies necesarias:<\/strong> Son esenciales para que el sitio web funcione correctamente.<\/li><li><strong>Cookies de rendimiento:<\/strong> Se utiliza para monitorear y mejorar el rendimiento del sitio.<\/li><li class=\"translation-block\"><strong>Cookies funcionales:<\/strong> Recuerdan las preferencias del usuario y ofrecen una experiencia personalizada.<\/li><li class=\"translation-block\"><strong>Cookies de Publicidad y Marketing:<\/strong> Se utilizan para ofrecer contenido y anuncios relevantes para sus intereses.<\/li><\/ul><p><strong>Las cookies permiten a los sitios web guardar peque\u00f1os archivos de datos en tu dispositivo.<\/strong><\/p><p>Algunas cookies en nuestro sitio web son gestionadas por proveedores de servicios de terceros. Estas cookies se utilizan para servicios de publicidad y an\u00e1lisis y est\u00e1n sujetas a las pol\u00edticas de privacidad de dichos terceros. Para obtener m\u00e1s informaci\u00f3n sobre el uso de cookies de terceros, le recomendamos que revise las pol\u00edticas de privacidad de estos proveedores de servicios.<\/p><p><strong>Puedes gestionar o eliminar tus cookies a trav\u00e9s de la configuraci\u00f3n del navegador.<\/strong><\/p><p>Puedes gestionar, aceptar o rechazar las cookies desde la configuraci\u00f3n de tu navegador. Adem\u00e1s, puedes eliminar las cookies que se hayan almacenado previamente en tu navegador. Para obtener m\u00e1s informaci\u00f3n sobre c\u00f3mo gestionar las cookies, consulta las instrucciones espec\u00edficas de tu navegador:<\/p><ul><li><a target=\"_new\" rel=\"noreferrer\">Google Chrome<\/a><\/li><li><a href=\"https:\/\/support.mozilla.org\/tr\/kb\/cerezleri-silme\" target=\"_new\" rel=\"noreferrer noopener\">Mozilla Firefox<\/a><\/li><li><a href=\"https:\/\/support.apple.com\/tr-tr\/guide\/safari\/sfri11471\/mac\" target=\"_new\" rel=\"noreferrer noopener\">Safari<\/a><\/li><li><a href=\"https:\/\/support.microsoft.com\/tr-tr\/help\/4027947\/microsoft-edge-delete-cookies\" target=\"_new\" rel=\"noreferrer noopener\">Microsoft Edge<\/a><\/li><\/ul><p><strong>Los cambios en nuestra pol\u00edtica de cookies se anunciar\u00e1n en esta p\u00e1gina.<\/strong><\/p><p>Hostragons se reserva el derecho de realizar cambios en su pol\u00edtica de cookies. Los cambios en nuestra pol\u00edtica se actualizar\u00e1n y entrar\u00e1n en vigor en esta p\u00e1gina. Recomendamos a los usuarios que revisen esta p\u00e1gina regularmente para mantenerse informados sobre las actualizaciones.<\/p><p><strong>Contacto<\/strong><\/p><p>Para cualquier pregunta sobre esta pol\u00edtica de cookies, puede ponerse en contacto con nosotros. <a rel=\"noreferrer\">hello@hostragons.com<\/a> Puedes contactarnos en.<\/p>\t\t\t\t\t\t\t\t<\/div>\n\t\t\t\t<\/div>\n\t\t\t\t\t<\/div>\n\t\t<\/div>\n\t\t\t\t\t<\/div>\n\t\t<\/section>\n\t\t\t\t<\/div>","protected":false},"excerpt":{"rendered":"<p>Y\u00fcr\u00fcrl\u00fck\/G\u00fcncelleme Tarihi: 05.08.2024 1. \u00c7erez (Cookie) Nedir? \u00c7erezler, web siteleri taraf\u0131ndan taray\u0131c\u0131n\u0131za g\u00f6nderilen ve cihaz\u0131n\u0131zda depolanan k\u00fc\u00e7\u00fck veri dosyalar\u0131d\u0131r. Bu dosyalar, siteyi tekrar ziyaret etti\u011finizde taray\u0131c\u0131n\u0131z\u0131n web sitesini tan\u0131mas\u0131n\u0131 sa\u011flar ve \u00f6nceki ziyaretlerinizdeki tercihlerinizi hat\u0131rlayarak kullan\u0131c\u0131 deneyiminizi ki\u015fiselle\u015ftirir. 2. \u00c7erezlerin Kullan\u0131m Ama\u00e7lar\u0131 Hostragons, a\u015fa\u011f\u0131daki ama\u00e7lar do\u011frultusunda \u00e7erezleri kullan\u0131r: Zorunlu \u00c7erezler: Sitenin temel i\u015flevlerini yerine getirebilmesi [&hellip;]<\/p>\n","protected":false},"author":94,"featured_media":7852,"parent":0,"menu_order":0,"comment_status":"closed","ping_status":"closed","template":"","meta":{"googlesitekit_rrm_CAow5YvFDA:productID":"","footnotes":""},"class_list":["post-2358","page","type-page","status-publish","has-post-thumbnail","hentry"],"_links":{"self":[{"href":"https:\/\/www.hostragons.com\/es\/wp-json\/wp\/v2\/pages\/2358","targetHints":{"allow":["GET"]}}],"collection":[{"href":"https:\/\/www.hostragons.com\/es\/wp-json\/wp\/v2\/pages"}],"about":[{"href":"https:\/\/www.hostragons.com\/es\/wp-json\/wp\/v2\/types\/page"}],"author":[{"embeddable":true,"href":"https:\/\/www.hostragons.com\/es\/wp-json\/wp\/v2\/users\/94"}],"replies":[{"embeddable":true,"href":"https:\/\/www.hostragons.com\/es\/wp-json\/wp\/v2\/comments?post=2358"}],"version-history":[{"count":0,"href":"https:\/\/www.hostragons.com\/es\/wp-json\/wp\/v2\/pages\/2358\/revisions"}],"wp:featuredmedia":[{"embeddable":true,"href":"https:\/\/www.hostragons.com\/es\/wp-json\/wp\/v2\/media\/7852"}],"wp:attachment":[{"href":"https:\/\/www.hostragons.com\/es\/wp-json\/wp\/v2\/media?parent=2358"}],"curies":[{"name":"gracias","href":"https:\/\/api.w.org\/{rel}","templated":true}]}}